{"id":97926,"date":"2022-10-13T13:49:33","date_gmt":"2022-10-13T11:49:33","guid":{"rendered":"https:\/\/dev1.jogapiekna.com?post_type=product&#038;p=97926"},"modified":"2026-02-17T15:46:35","modified_gmt":"2026-02-17T14:46:35","slug":"olej-do-wlosow-amla-500ml","status":"publish","type":"product","link":"https:\/\/dev1.jogapiekna.com\/en\/product\/olej-do-wlosow-amla-500ml\/","title":{"rendered":"Amla Hair Oil \u2022 dry and brittle hair * 500 ml"},"content":{"rendered":"<p>Amla hair Oil is light and light <strong>not sticky<\/strong> The oil is made from extracts of amla, almond, jasmine and Japa. Amla is rich <strong>vitamin C<\/strong> and provides nutrition to the hair. Amla (Indian gooseberry) and Jape (Chinese rose) are famous <strong>control of gray hair<\/strong>, giving the hair a darker color and preserving the <strong>natural color<\/strong> hair. Almond oil provides a beautiful fragrance and makes your hair stronger. <strong>smooth<\/strong> and easy to master all day long. Peanut and jasmine oils nourish the hair. Jasmine oil and olive oil <strong>they reduce heat from the head area<\/strong>This is a common cause of premature graying and hair loss. It is ideal for people whose hair tends to become greasy. <strong>Strengthens the hair roots<\/strong> and nourishes the scalp. Makes hair <strong>silky and strong<\/strong>.<\/p>\n<p><strong>Application<\/strong><br \/>\n* Excellent nutrition for hair<br \/>\n* Rich source of vitamin C<br \/>\n* Proper hair hydration<br \/>\n* Matte hair<br \/>\n* Against hair loss<br \/>\n* Restores natural hair color<br \/>\n* Prevents premature graying<br \/>\n* Thinning of the hair<br \/>\n* Anti-dandruff<\/p>\n<p><strong>Key Ingredients<\/strong><br \/>\nPeanut butter \/ Arachis Hypogaea Oil (Groundnut Oil)<br \/>\n\u2022 Ekstrakt z Bhringraj \/ Eclipta Alba Extract<br \/>\nCoconut oil \/ Cocos Nucifera (Coconut) Oil<br \/>\n* Amla Fruit Extract \/ Emblica Officinalis Fruit Extract<br \/>\n\u2022 Migda\u0142ecznik Bellrica \/ Terminalia Bellirica Fruit Extract<br \/>\n\u2022 Hibiscus Rosa-Sinensis Flower Extract<br \/>\n\u2022 Sarsaparilla indyjska \/Hemidesmus Indicus Root Extract<br \/>\nAmygdala Chebula \/ Terminalia Chebula Fruit Extract<br \/>\nJasmine Oil \/ Jasminum Odoratissimum Oil<br \/>\n* Small-leaved Bacopa Oil \/ Bacopa Monniera Extract<br \/>\n\u2022 Kwiat Callicarpa Macrophylla \/ Callicarpa Macrophylla Flower Extract<br \/>\nAlmond oil \/ Prunus Amygdalus Dulcis Oil<br \/>\nOlive oil \/ Olea Europaea Fruit Oil<\/p>\n<p><strong>Full team<\/strong><br \/>\nParaffinum Liquidum, Arachis Hypogaea Oil, Cyclotetrasiloxane, Caprylic\/Capric Triglyceride, Eclipta Alba Extract, Cocos Nucifera (Coconut) Oil, Emblica Officinalis Fruit Extract, Terminalia Bellirica Fruit Extract, Hibiscus Rosa-Sinensis Flower Extract, Hemidesmus Indicus Root Extract, Terminalia Chebula Fruit Extract, Jasminum Odoratissimum Oil, Bacopa Monniera Extract, Callicarpa Macrophylla Flower Extract, Prunus Amygdalus Dulcis Oil, Olea Europaea Fruit Oil, Benzophenone-3, Styrax Benzoin, Tocopheryl Acetate, Propylparaben, BHT.<\/p>\n<p><strong>Dosage<\/strong><br \/>\n* It is recommended to use the oil 2-3 times a week. When we wash our hair. Apply the oil before washing your hair. \ud83d\ude0a<br \/>\n* We recommend applying the oil to the entire length of the hair and, above all, to the scalp. Spread the oil evenly with your fingers and gently massage the scalp. Leave on for at least 30 minutes (as long as possible, up to 2-3 hours) and wash off the oil without using strong shampoos. A thin protective layer of oil can remain on the scalp and hair. \ud83c\udf3f<br \/>\n* In small amounts, the oil can be applied in the morning to the hair and scalp and left on for the whole day as a protection against drying out of the hair. Wash it off in the evening.\ud83c\udf3f<\/p>\n<p><strong>Contraindications<\/strong><br \/>\nHypersensitivity to any of the product components.<\/p>\n<p><strong>100% vegetarian product \ud83c\udf31<\/strong><\/p>\n<p><strong>Container:<\/strong> 500 ml<\/p>","protected":false},"excerpt":{"rendered":"<p><strong>Non-sticky oil for silky and strong hair<\/strong><\/p>\n<ul>\n<li>Excellent nutrition and hydration of the hair<\/li>\n<li>Restores natural hair color<\/li>\n<li>Rich source of Vitamin C<\/li>\n<li>Adds shine to dull hair<\/li>\n<li>Anti-dandruff treatment<\/li>\n<\/ul>\n<p><strong>100% vegetarian product \ud83c\udf31<\/strong><\/p>","protected":false},"featured_media":97924,"comment_status":"closed","ping_status":"closed","template":"","meta":{"_acf_changed":false,"site-sidebar-layout":"default","site-content-layout":"","ast-site-content-layout":"default","site-content-style":"default","site-sidebar-style":"default","ast-global-header-display":"","ast-banner-title-visibility":"","ast-main-header-display":"","ast-hfb-above-header-display":"","ast-hfb-below-header-display":"","ast-hfb-mobile-header-display":"","site-post-title":"","ast-breadcrumbs-content":"","ast-featured-img":"","footer-sml-layout":"","ast-disable-related-posts":"","theme-transparent-header-meta":"","adv-header-id-meta":"","stick-header-meta":"","header-above-stick-meta":"","header-main-stick-meta":"","header-below-stick-meta":"","astra-migrate-meta-layouts":"default","ast-page-background-enabled":"default","ast-page-background-meta":{"desktop":{"background-color":"var(--ast-global-color-5)","background-image":"","background-repeat":"repeat","background-position":"center center","background-size":"auto","background-attachment":"scroll","background-type":"","background-media":"","overlay-type":"","overlay-color":"","overlay-opacity":"","overlay-gradient":""},"tablet":{"background-color":"","background-image":"","background-repeat":"repeat","background-position":"center center","background-size":"auto","background-attachment":"scroll","background-type":"","background-media":"","overlay-type":"","overlay-color":"","overlay-opacity":"","overlay-gradient":""},"mobile":{"background-color":"","background-image":"","background-repeat":"repeat","background-position":"center center","background-size":"auto","background-attachment":"scroll","background-type":"","background-media":"","overlay-type":"","overlay-color":"","overlay-opacity":"","overlay-gradient":""}},"ast-content-background-meta":{"desktop":{"background-color":"var(--ast-global-color-4)","background-image":"","background-repeat":"repeat","background-position":"center center","background-size":"auto","background-attachment":"scroll","background-type":"","background-media":"","overlay-type":"","overlay-color":"","overlay-opacity":"","overlay-gradient":""},"tablet":{"background-color":"var(--ast-global-color-4)","background-image":"","background-repeat":"repeat","background-position":"center center","background-size":"auto","background-attachment":"scroll","background-type":"","background-media":"","overlay-type":"","overlay-color":"","overlay-opacity":"","overlay-gradient":""},"mobile":{"background-color":"var(--ast-global-color-4)","background-image":"","background-repeat":"repeat","background-position":"center center","background-size":"auto","background-attachment":"scroll","background-type":"","background-media":"","overlay-type":"","overlay-color":"","overlay-opacity":"","overlay-gradient":""}}},"product_brand":[],"product_cat":[331],"product_tag":[337],"class_list":{"0":"post-97926","1":"product","2":"type-product","3":"status-publish","4":"has-post-thumbnail","6":"product_cat-kosmetyki","7":"product_tag-pielegnacja-wlosow","8":"desktop-align-left","9":"tablet-align-left","10":"mobile-align-left","12":"first","13":"instock","14":"taxable","15":"shipping-taxable","16":"purchasable","17":"product-type-simple"},"acf":[],"yoast_head":"<!-- This site is optimized with the Yoast SEO plugin v27.1.1 - https:\/\/yoast.com\/product\/yoast-seo-wordpress\/ -->\n<title>Olej do w\u0142os\u00f3w Amla \u2022 w\u0142osy suche i \u0142amliwe \u2022 500 ml | Joga Pi\u0119kna<\/title>\n<meta name=\"description\" content=\"Nieklej\u0105cy si\u0119 olejek dla jedwabistych i mocnych w\u0142os\u00f3w.\" \/>\n<meta name=\"robots\" content=\"index, follow, max-snippet:-1, max-image-preview:large, max-video-preview:-1\" \/>\n<link rel=\"canonical\" href=\"https:\/\/dev1.jogapiekna.com\/en\/product\/olej-do-wlosow-amla-500ml\/\" \/>\n<meta property=\"og:locale\" content=\"en_GB\" \/>\n<meta property=\"og:type\" content=\"article\" \/>\n<meta property=\"og:title\" content=\"Olej do w\u0142os\u00f3w Amla \u2022 w\u0142osy suche i \u0142amliwe \u2022 500 ml | Joga Pi\u0119kna\" \/>\n<meta property=\"og:description\" content=\"Nieklej\u0105cy si\u0119 olejek dla jedwabistych i mocnych w\u0142os\u00f3w.\" \/>\n<meta property=\"og:url\" content=\"https:\/\/dev1.jogapiekna.com\/en\/product\/olej-do-wlosow-amla-500ml\/\" \/>\n<meta property=\"og:site_name\" content=\"JOGA PI\u0118KNA | Joga Twarzy\" \/>\n<meta property=\"article:publisher\" content=\"https:\/\/www.facebook.com\/JogaPieknaCom\/\" \/>\n<meta property=\"article:modified_time\" content=\"2026-02-17T14:46:35+00:00\" \/>\n<meta property=\"og:image\" content=\"https:\/\/dev1.jogapiekna.com\/wp-content\/uploads\/2022\/10\/olej-do-wlosow-amla-500ml.jpg\" \/>\n\t<meta property=\"og:image:width\" content=\"1000\" \/>\n\t<meta property=\"og:image:height\" content=\"1000\" \/>\n\t<meta property=\"og:image:type\" content=\"image\/jpeg\" \/>\n<meta name=\"twitter:card\" content=\"summary_large_image\" \/>\n<meta name=\"twitter:label1\" content=\"Estimated reading time\" \/>\n\t<meta name=\"twitter:data1\" content=\"3 minutes\" \/>\n<script type=\"application\/ld+json\" class=\"yoast-schema-graph\">{\"@context\":\"https:\/\/schema.org\",\"@graph\":[{\"@type\":\"WebPage\",\"@id\":\"https:\/\/dev1.jogapiekna.com\/produkt\/olej-do-wlosow-amla-500ml\/\",\"url\":\"https:\/\/dev1.jogapiekna.com\/produkt\/olej-do-wlosow-amla-500ml\/\",\"name\":\"Olej do w\u0142os\u00f3w Amla \u2022 w\u0142osy suche i \u0142amliwe \u2022 500 ml | Joga Pi\u0119kna\",\"isPartOf\":{\"@id\":\"https:\/\/dev1.jogapiekna.com\/#website\"},\"primaryImageOfPage\":{\"@id\":\"https:\/\/dev1.jogapiekna.com\/produkt\/olej-do-wlosow-amla-500ml\/#primaryimage\"},\"image\":{\"@id\":\"https:\/\/dev1.jogapiekna.com\/produkt\/olej-do-wlosow-amla-500ml\/#primaryimage\"},\"thumbnailUrl\":\"https:\/\/dev1.jogapiekna.com\/wp-content\/uploads\/2022\/10\/olej-do-wlosow-amla-500ml.jpg\",\"datePublished\":\"2022-10-13T11:49:33+00:00\",\"dateModified\":\"2026-02-17T14:46:35+00:00\",\"description\":\"Nieklej\u0105cy si\u0119 olejek dla jedwabistych i mocnych w\u0142os\u00f3w.\",\"breadcrumb\":{\"@id\":\"https:\/\/dev1.jogapiekna.com\/produkt\/olej-do-wlosow-amla-500ml\/#breadcrumb\"},\"inLanguage\":\"en-GB\",\"potentialAction\":[{\"@type\":\"ReadAction\",\"target\":[\"https:\/\/dev1.jogapiekna.com\/produkt\/olej-do-wlosow-amla-500ml\/\"]}]},{\"@type\":\"ImageObject\",\"inLanguage\":\"en-GB\",\"@id\":\"https:\/\/dev1.jogapiekna.com\/produkt\/olej-do-wlosow-amla-500ml\/#primaryimage\",\"url\":\"https:\/\/dev1.jogapiekna.com\/wp-content\/uploads\/2022\/10\/olej-do-wlosow-amla-500ml.jpg\",\"contentUrl\":\"https:\/\/dev1.jogapiekna.com\/wp-content\/uploads\/2022\/10\/olej-do-wlosow-amla-500ml.jpg\",\"width\":1000,\"height\":1000,\"caption\":\"Olej do w\u0142os\u00f3w Amla \u2013 w\u0142osy suche i \u0142amliwe \u2013 500ml\"},{\"@type\":\"BreadcrumbList\",\"@id\":\"https:\/\/dev1.jogapiekna.com\/produkt\/olej-do-wlosow-amla-500ml\/#breadcrumb\",\"itemListElement\":[{\"@type\":\"ListItem\",\"position\":1,\"name\":\"Strona g\u0142\u00f3wna\",\"item\":\"https:\/\/dev1.jogapiekna.com\/\"},{\"@type\":\"ListItem\",\"position\":2,\"name\":\"Sklep\",\"item\":\"https:\/\/dev1.jogapiekna.com\/sklep\/\"},{\"@type\":\"ListItem\",\"position\":3,\"name\":\"Olej do w\u0142os\u00f3w Amla \u2022 w\u0142osy suche i \u0142amliwe \u2022 500 ml\"}]},{\"@type\":\"WebSite\",\"@id\":\"https:\/\/dev1.jogapiekna.com\/#website\",\"url\":\"https:\/\/dev1.jogapiekna.com\/\",\"name\":\"Joga Pi\u0119kna Marta Kuci\u0144ska\",\"description\":\"Joga Pi\u0119kna pomaga kobietom zachowa\u0107 urod\u0119, cofn\u0105\u0107 oznaki up\u0142ywaj\u0105cego czasu i zm\u0119czenia, odzyska\u0107 promienny wygl\u0105d, naturalny u\u015bmiech i popraw\u0119 w\u0142asnej samooceny.\",\"publisher\":{\"@id\":\"https:\/\/dev1.jogapiekna.com\/#organization\"},\"potentialAction\":[{\"@type\":\"SearchAction\",\"target\":{\"@type\":\"EntryPoint\",\"urlTemplate\":\"https:\/\/dev1.jogapiekna.com\/?s={search_term_string}\"},\"query-input\":{\"@type\":\"PropertyValueSpecification\",\"valueRequired\":true,\"valueName\":\"search_term_string\"}}],\"inLanguage\":\"en-GB\"},{\"@type\":\"Organization\",\"@id\":\"https:\/\/dev1.jogapiekna.com\/#organization\",\"name\":\"Joga Pi\u0119kna Marta Kuci\u0144ska\",\"url\":\"https:\/\/dev1.jogapiekna.com\/\",\"logo\":{\"@type\":\"ImageObject\",\"inLanguage\":\"en-GB\",\"@id\":\"https:\/\/dev1.jogapiekna.com\/#\/schema\/logo\/image\/\",\"url\":\"https:\/\/dev1.jogapiekna.com\/wp-content\/uploads\/2022\/09\/joga-piekna-logo_Rka.png\",\"contentUrl\":\"https:\/\/dev1.jogapiekna.com\/wp-content\/uploads\/2022\/09\/joga-piekna-logo_Rka.png\",\"width\":231,\"height\":124,\"caption\":\"Joga Pi\u0119kna Marta Kuci\u0144ska\"},\"image\":{\"@id\":\"https:\/\/dev1.jogapiekna.com\/#\/schema\/logo\/image\/\"},\"sameAs\":[\"https:\/\/www.facebook.com\/JogaPieknaCom\/\",\"https:\/\/www.instagram.com\/jogapieknacom\/\"]}]}<\/script>\n<!-- \/ Yoast SEO plugin. -->","yoast_head_json":{"title":"Olej do w\u0142os\u00f3w Amla \u2022 w\u0142osy suche i \u0142amliwe \u2022 500 ml | Joga Pi\u0119kna","description":"Nieklej\u0105cy si\u0119 olejek dla jedwabistych i mocnych w\u0142os\u00f3w.","robots":{"index":"index","follow":"follow","max-snippet":"max-snippet:-1","max-image-preview":"max-image-preview:large","max-video-preview":"max-video-preview:-1"},"canonical":"https:\/\/dev1.jogapiekna.com\/en\/product\/olej-do-wlosow-amla-500ml\/","og_locale":"en_GB","og_type":"article","og_title":"Olej do w\u0142os\u00f3w Amla \u2022 w\u0142osy suche i \u0142amliwe \u2022 500 ml | Joga Pi\u0119kna","og_description":"Nieklej\u0105cy si\u0119 olejek dla jedwabistych i mocnych w\u0142os\u00f3w.","og_url":"https:\/\/dev1.jogapiekna.com\/en\/product\/olej-do-wlosow-amla-500ml\/","og_site_name":"JOGA PI\u0118KNA | Joga Twarzy","article_publisher":"https:\/\/www.facebook.com\/JogaPieknaCom\/","article_modified_time":"2026-02-17T14:46:35+00:00","og_image":[{"width":1000,"height":1000,"url":"https:\/\/dev1.jogapiekna.com\/wp-content\/uploads\/2022\/10\/olej-do-wlosow-amla-500ml.jpg","type":"image\/jpeg"}],"twitter_card":"summary_large_image","twitter_misc":{"Estimated reading time":"3 minutes"},"schema":{"@context":"https:\/\/schema.org","@graph":[{"@type":"WebPage","@id":"https:\/\/dev1.jogapiekna.com\/produkt\/olej-do-wlosow-amla-500ml\/","url":"https:\/\/dev1.jogapiekna.com\/produkt\/olej-do-wlosow-amla-500ml\/","name":"Olej do w\u0142os\u00f3w Amla \u2022 w\u0142osy suche i \u0142amliwe \u2022 500 ml | Joga Pi\u0119kna","isPartOf":{"@id":"https:\/\/dev1.jogapiekna.com\/#website"},"primaryImageOfPage":{"@id":"https:\/\/dev1.jogapiekna.com\/produkt\/olej-do-wlosow-amla-500ml\/#primaryimage"},"image":{"@id":"https:\/\/dev1.jogapiekna.com\/produkt\/olej-do-wlosow-amla-500ml\/#primaryimage"},"thumbnailUrl":"https:\/\/dev1.jogapiekna.com\/wp-content\/uploads\/2022\/10\/olej-do-wlosow-amla-500ml.jpg","datePublished":"2022-10-13T11:49:33+00:00","dateModified":"2026-02-17T14:46:35+00:00","description":"Nieklej\u0105cy si\u0119 olejek dla jedwabistych i mocnych w\u0142os\u00f3w.","breadcrumb":{"@id":"https:\/\/dev1.jogapiekna.com\/produkt\/olej-do-wlosow-amla-500ml\/#breadcrumb"},"inLanguage":"en-GB","potentialAction":[{"@type":"ReadAction","target":["https:\/\/dev1.jogapiekna.com\/produkt\/olej-do-wlosow-amla-500ml\/"]}]},{"@type":"ImageObject","inLanguage":"en-GB","@id":"https:\/\/dev1.jogapiekna.com\/produkt\/olej-do-wlosow-amla-500ml\/#primaryimage","url":"https:\/\/dev1.jogapiekna.com\/wp-content\/uploads\/2022\/10\/olej-do-wlosow-amla-500ml.jpg","contentUrl":"https:\/\/dev1.jogapiekna.com\/wp-content\/uploads\/2022\/10\/olej-do-wlosow-amla-500ml.jpg","width":1000,"height":1000,"caption":"Olej do w\u0142os\u00f3w Amla \u2013 w\u0142osy suche i \u0142amliwe \u2013 500ml"},{"@type":"BreadcrumbList","@id":"https:\/\/dev1.jogapiekna.com\/produkt\/olej-do-wlosow-amla-500ml\/#breadcrumb","itemListElement":[{"@type":"ListItem","position":1,"name":"Strona g\u0142\u00f3wna","item":"https:\/\/dev1.jogapiekna.com\/"},{"@type":"ListItem","position":2,"name":"Sklep","item":"https:\/\/dev1.jogapiekna.com\/sklep\/"},{"@type":"ListItem","position":3,"name":"Olej do w\u0142os\u00f3w Amla \u2022 w\u0142osy suche i \u0142amliwe \u2022 500 ml"}]},{"@type":"WebSite","@id":"https:\/\/dev1.jogapiekna.com\/#website","url":"https:\/\/dev1.jogapiekna.com\/","name":"Yoga Beauty Marta Kuci\u0144ska","description":"Beauty Yoga helps women to maintain their beauty, reverse the signs of passing time and fatigue, regain a radiant appearance, natural smile and improve their self-esteem.","publisher":{"@id":"https:\/\/dev1.jogapiekna.com\/#organization"},"potentialAction":[{"@type":"SearchAction","target":{"@type":"EntryPoint","urlTemplate":"https:\/\/dev1.jogapiekna.com\/?s={search_term_string}"},"query-input":{"@type":"PropertyValueSpecification","valueRequired":true,"valueName":"search_term_string"}}],"inLanguage":"en-GB"},{"@type":"Organization","@id":"https:\/\/dev1.jogapiekna.com\/#organization","name":"Yoga Beauty Marta Kuci\u0144ska","url":"https:\/\/dev1.jogapiekna.com\/","logo":{"@type":"ImageObject","inLanguage":"en-GB","@id":"https:\/\/dev1.jogapiekna.com\/#\/schema\/logo\/image\/","url":"https:\/\/dev1.jogapiekna.com\/wp-content\/uploads\/2022\/09\/joga-piekna-logo_Rka.png","contentUrl":"https:\/\/dev1.jogapiekna.com\/wp-content\/uploads\/2022\/09\/joga-piekna-logo_Rka.png","width":231,"height":124,"caption":"Joga Pi\u0119kna Marta Kuci\u0144ska"},"image":{"@id":"https:\/\/dev1.jogapiekna.com\/#\/schema\/logo\/image\/"},"sameAs":["https:\/\/www.facebook.com\/JogaPieknaCom\/","https:\/\/www.instagram.com\/jogapieknacom\/"]}]}},"_links":{"self":[{"href":"https:\/\/dev1.jogapiekna.com\/en\/wp-json\/wp\/v2\/product\/97926","targetHints":{"allow":["GET"]}}],"collection":[{"href":"https:\/\/dev1.jogapiekna.com\/en\/wp-json\/wp\/v2\/product"}],"about":[{"href":"https:\/\/dev1.jogapiekna.com\/en\/wp-json\/wp\/v2\/types\/product"}],"replies":[{"embeddable":true,"href":"https:\/\/dev1.jogapiekna.com\/en\/wp-json\/wp\/v2\/comments?post=97926"}],"version-history":[{"count":1,"href":"https:\/\/dev1.jogapiekna.com\/en\/wp-json\/wp\/v2\/product\/97926\/revisions"}],"predecessor-version":[{"id":217250,"href":"https:\/\/dev1.jogapiekna.com\/en\/wp-json\/wp\/v2\/product\/97926\/revisions\/217250"}],"wp:featuredmedia":[{"embeddable":true,"href":"https:\/\/dev1.jogapiekna.com\/en\/wp-json\/wp\/v2\/media\/97924"}],"wp:attachment":[{"href":"https:\/\/dev1.jogapiekna.com\/en\/wp-json\/wp\/v2\/media?parent=97926"}],"wp:term":[{"taxonomy":"product_brand","embeddable":true,"href":"https:\/\/dev1.jogapiekna.com\/en\/wp-json\/wp\/v2\/product_brand?post=97926"},{"taxonomy":"product_cat","embeddable":true,"href":"https:\/\/dev1.jogapiekna.com\/en\/wp-json\/wp\/v2\/product_cat?post=97926"},{"taxonomy":"product_tag","embeddable":true,"href":"https:\/\/dev1.jogapiekna.com\/en\/wp-json\/wp\/v2\/product_tag?post=97926"}],"curies":[{"name":"wp","href":"https:\/\/api.w.org\/{rel}","templated":true}]}}