{"id":82866,"date":"2022-05-11T14:31:27","date_gmt":"2022-05-11T12:31:27","guid":{"rendered":"https:\/\/dev1.jogapiekna.com?post_type=product&#038;p=82866"},"modified":"2026-03-04T00:09:09","modified_gmt":"2026-03-03T23:09:09","slug":"jedwabna-gumka-do-wlosow-mini","status":"publish","type":"product","link":"https:\/\/dev1.jogapiekna.com\/en\/product\/jedwabna-gumka-do-wlosow-mini\/","title":{"rendered":"100% silk elastic hair band * mini"},"content":{"rendered":"<p>Take care of the condition of your hair! The mulberry silk elastic band does not pluck them, eliminates the problem of curling and electrifying. This is perfect if you like to sleep with your hair tied up. Despite its velvety-soft structure, it is extremely durable, holds the hair well throughout the day, while maintaining its healthy appearance. \u2028Yoga Beauty hair bands are made from 100% natural, extremely noble silk. They are available in two sizes: normal and mini, as well as in four colors: beige, pink, graphite and black.<\/p>\n<p>Looking for a hair band to sleep in? Do you want to improve the condition of your hair? Want to eliminate frizzy hair and electrification?<\/p>\n<p><strong>Mulberry silk yoga beauty<\/strong> eliminates the problem of breaking tips and plucking hair at night. It is suitable if you want to strengthen your hair, maintain its healthy appearance and improve its condition. It is great for people who use coloring or other frequent hairdressing and styling treatments. This will help you grow your hair, taking care of its density and radiance.<\/p>\n<p><strong>Mulberry silk is 100% natural fabric<\/strong>which is obtained from the silkworm cocoon. The threads are very strong on one side, and velvety-soft to the touch on the other. This is the perfect combination that allows the Elastic to stretch freely.<\/p>\n<p>If you properly care for the product, you can successfully use it for several, or even several months. <strong>Silk elastic bands are very strong<\/strong> and they have a number of positive properties that support daily hair care.<\/p>\n<p>&nbsp;<\/p>\n<h2>Mulberry silk elastic band-advantages<\/h2>\n<ul>\n<li>It doesn&#039;t pluck your hair or make it break.<\/li>\n<li>Eliminates the problem of frizzy and electrifying hair.<\/li>\n<li>This will be good if you have long hair or use coloring.<\/li>\n<li>The elastic band does not cause chipping on the hair.<\/li>\n<li>This is 100% natural.<\/li>\n<li>Mulberry silk is considered a luxury material.<\/li>\n<li>The eraser does not damage the hair, you can also use it at night.<\/li>\n<li>It is aesthetically pleasing, resistant to stretching and damage.<\/li>\n<li>Does not deform.<\/li>\n<li>It holds your hair well, so you don&#039;t need to fix it from time to time.<\/li>\n<\/ul>\n<p>&nbsp;<\/p>\n<h2>Characteristics of silk elastic bands yoga beauty<\/h2>\n<ul>\n<li>The elastic bands are made of 100% natural mulberry silk.<\/li>\n<li>They come in two sizes: natural and mini.<\/li>\n<li>The mini size silk elastic band has a diameter of approx. 6 cm, width: 2.5 cm.<\/li>\n<li>The material is certified by OEKO-TEX.<\/li>\n<li>They are made by hand, with attention to the smallest details.<\/li>\n<li>For their coloring, natural dyes are used.<\/li>\n<\/ul>\n<p>&nbsp;<\/p>\n<h2>How to care for silk hair bands?<\/h2>\n<p><strong>Silk elastic bands for hair<\/strong> it is best to wash by hand in warm water, using mild detergents. Silk fabrics should never be soaked for too long, nor should they be wrung out and rubbed during washing.<\/p>\n<p>For natural silk fabrics <strong>emollient fluids should not be used<\/strong>because they cause tarnishing of the fabric. After washing, it is best to blot the elastic band with a towel. This ensures that the fabric does not stretch. Silk should not be exposed to sunlight during drying.<\/p>","protected":false},"excerpt":{"rendered":"<p>Take care of the condition of your hair! <b>Mulberry Silk Elastic Band <\/b>it does not pluck them, eliminates the problem of curling and electrifying. This is perfect if you like to sleep with your hair tied up. Despite its velvety-soft structure, it is extremely durable, holds the hair well throughout the day, while maintaining its healthy appearance.<\/p>\n<p>Yoga Beauty hair bands are made from 100% natural, extremely noble silk.<\/p>\n<p><strong>diameter:<\/strong> Good. 6 cm<br \/>\n<strong>width:<\/strong> Good. 2.5 cm<\/p>","protected":false},"featured_media":94316,"comment_status":"closed","ping_status":"closed","template":"","meta":{"_acf_changed":false,"site-sidebar-layout":"default","site-content-layout":"","ast-site-content-layout":"default","site-content-style":"default","site-sidebar-style":"default","ast-global-header-display":"","ast-banner-title-visibility":"","ast-main-header-display":"","ast-hfb-above-header-display":"","ast-hfb-below-header-display":"","ast-hfb-mobile-header-display":"","site-post-title":"","ast-breadcrumbs-content":"","ast-featured-img":"","footer-sml-layout":"","ast-disable-related-posts":"","theme-transparent-header-meta":"","adv-header-id-meta":"","stick-header-meta":"","header-above-stick-meta":"","header-main-stick-meta":"","header-below-stick-meta":"","astra-migrate-meta-layouts":"default","ast-page-background-enabled":"default","ast-page-background-meta":{"desktop":{"background-color":"var(--ast-global-color-5)","background-image":"","background-repeat":"repeat","background-position":"center center","background-size":"auto","background-attachment":"scroll","background-type":"","background-media":"","overlay-type":"","overlay-color":"","overlay-opacity":"","overlay-gradient":""},"tablet":{"background-color":"","background-image":"","background-repeat":"repeat","background-position":"center center","background-size":"auto","background-attachment":"scroll","background-type":"","background-media":"","overlay-type":"","overlay-color":"","overlay-opacity":"","overlay-gradient":""},"mobile":{"background-color":"","background-image":"","background-repeat":"repeat","background-position":"center center","background-size":"auto","background-attachment":"scroll","background-type":"","background-media":"","overlay-type":"","overlay-color":"","overlay-opacity":"","overlay-gradient":""}},"ast-content-background-meta":{"desktop":{"background-color":"var(--ast-global-color-4)","background-image":"","background-repeat":"repeat","background-position":"center center","background-size":"auto","background-attachment":"scroll","background-type":"","background-media":"","overlay-type":"","overlay-color":"","overlay-opacity":"","overlay-gradient":""},"tablet":{"background-color":"var(--ast-global-color-4)","background-image":"","background-repeat":"repeat","background-position":"center center","background-size":"auto","background-attachment":"scroll","background-type":"","background-media":"","overlay-type":"","overlay-color":"","overlay-opacity":"","overlay-gradient":""},"mobile":{"background-color":"var(--ast-global-color-4)","background-image":"","background-repeat":"repeat","background-position":"center center","background-size":"auto","background-attachment":"scroll","background-type":"","background-media":"","overlay-type":"","overlay-color":"","overlay-opacity":"","overlay-gradient":""}}},"product_brand":[],"product_cat":[21,618,610],"product_tag":[250,553,554,41,337],"class_list":{"0":"post-82866","1":"product","2":"type-product","3":"status-publish","4":"has-post-thumbnail","6":"product_cat-akcesoria","7":"product_cat-inne","8":"product_cat-masaz-twarzy-i-szyi","9":"product_tag-akcesoria","10":"product_tag-gumka","11":"product_tag-jedwab","12":"product_tag-joga-twarzy","13":"product_tag-pielegnacja-wlosow","14":"desktop-align-left","15":"tablet-align-left","16":"mobile-align-left","18":"first","19":"instock","20":"taxable","21":"shipping-taxable","22":"purchasable","23":"product-type-variable"},"acf":[],"yoast_head":"<!-- This site is optimized with the Yoast SEO plugin v27.1.1 - https:\/\/yoast.com\/product\/yoast-seo-wordpress\/ -->\n<title>Jedwabna gumka do w\u0142os\u00f3w Joga Pi\u0119kna | mini<\/title>\n<meta name=\"description\" content=\"Zadbaj o kondycj\u0119 swoich w\u0142os\u00f3w! Gumka z jedwabiu morwowego nie wyrywa ich, eliminuje problem puszenia i elektryzowania.\" \/>\n<meta name=\"robots\" content=\"index, follow, max-snippet:-1, max-image-preview:large, max-video-preview:-1\" \/>\n<link rel=\"canonical\" href=\"https:\/\/dev1.jogapiekna.com\/en\/product\/jedwabna-gumka-do-wlosow-mini\/\" \/>\n<meta property=\"og:locale\" content=\"en_GB\" \/>\n<meta property=\"og:type\" content=\"article\" \/>\n<meta property=\"og:title\" content=\"Jedwabna gumka do w\u0142os\u00f3w Joga Pi\u0119kna | mini\" \/>\n<meta property=\"og:description\" content=\"Zadbaj o kondycj\u0119 swoich w\u0142os\u00f3w! Gumka z jedwabiu morwowego nie wyrywa ich, eliminuje problem puszenia i elektryzowania.\" \/>\n<meta property=\"og:url\" content=\"https:\/\/dev1.jogapiekna.com\/en\/product\/jedwabna-gumka-do-wlosow-mini\/\" \/>\n<meta property=\"og:site_name\" content=\"JOGA PI\u0118KNA | Joga Twarzy\" \/>\n<meta property=\"article:publisher\" content=\"https:\/\/www.facebook.com\/JogaPieknaCom\/\" \/>\n<meta property=\"article:modified_time\" content=\"2026-03-03T23:09:09+00:00\" \/>\n<meta property=\"og:image\" content=\"https:\/\/dev1.jogapiekna.com\/wp-content\/uploads\/2022\/05\/Jedwabna-gumka-100-do-wlosow-mini_joga-piekna.jpg\" \/>\n\t<meta property=\"og:image:width\" content=\"1000\" \/>\n\t<meta property=\"og:image:height\" content=\"999\" \/>\n\t<meta property=\"og:image:type\" content=\"image\/jpeg\" \/>\n<meta name=\"twitter:card\" content=\"summary_large_image\" \/>\n<meta name=\"twitter:label1\" content=\"Estimated reading time\" \/>\n\t<meta name=\"twitter:data1\" content=\"3 minutes\" \/>\n<script type=\"application\/ld+json\" class=\"yoast-schema-graph\">{\"@context\":\"https:\/\/schema.org\",\"@graph\":[{\"@type\":\"WebPage\",\"@id\":\"https:\/\/dev1.jogapiekna.com\/produkt\/jedwabna-gumka-do-wlosow-mini\/\",\"url\":\"https:\/\/dev1.jogapiekna.com\/produkt\/jedwabna-gumka-do-wlosow-mini\/\",\"name\":\"Jedwabna gumka do w\u0142os\u00f3w Joga Pi\u0119kna | mini\",\"isPartOf\":{\"@id\":\"https:\/\/dev1.jogapiekna.com\/#website\"},\"primaryImageOfPage\":{\"@id\":\"https:\/\/dev1.jogapiekna.com\/produkt\/jedwabna-gumka-do-wlosow-mini\/#primaryimage\"},\"image\":{\"@id\":\"https:\/\/dev1.jogapiekna.com\/produkt\/jedwabna-gumka-do-wlosow-mini\/#primaryimage\"},\"thumbnailUrl\":\"https:\/\/dev1.jogapiekna.com\/wp-content\/uploads\/2022\/05\/Jedwabna-gumka-100-do-wlosow-mini_joga-piekna.jpg\",\"datePublished\":\"2022-05-11T12:31:27+00:00\",\"dateModified\":\"2026-03-03T23:09:09+00:00\",\"description\":\"Zadbaj o kondycj\u0119 swoich w\u0142os\u00f3w! Gumka z jedwabiu morwowego nie wyrywa ich, eliminuje problem puszenia i elektryzowania.\",\"breadcrumb\":{\"@id\":\"https:\/\/dev1.jogapiekna.com\/produkt\/jedwabna-gumka-do-wlosow-mini\/#breadcrumb\"},\"inLanguage\":\"en-GB\",\"potentialAction\":[{\"@type\":\"ReadAction\",\"target\":[\"https:\/\/dev1.jogapiekna.com\/produkt\/jedwabna-gumka-do-wlosow-mini\/\"]}]},{\"@type\":\"ImageObject\",\"inLanguage\":\"en-GB\",\"@id\":\"https:\/\/dev1.jogapiekna.com\/produkt\/jedwabna-gumka-do-wlosow-mini\/#primaryimage\",\"url\":\"https:\/\/dev1.jogapiekna.com\/wp-content\/uploads\/2022\/05\/Jedwabna-gumka-100-do-wlosow-mini_joga-piekna.jpg\",\"contentUrl\":\"https:\/\/dev1.jogapiekna.com\/wp-content\/uploads\/2022\/05\/Jedwabna-gumka-100-do-wlosow-mini_joga-piekna.jpg\",\"width\":1000,\"height\":999,\"caption\":\"Jedwabna gumka 100% do w\u0142os\u00f3w | mini\"},{\"@type\":\"BreadcrumbList\",\"@id\":\"https:\/\/dev1.jogapiekna.com\/produkt\/jedwabna-gumka-do-wlosow-mini\/#breadcrumb\",\"itemListElement\":[{\"@type\":\"ListItem\",\"position\":1,\"name\":\"Strona g\u0142\u00f3wna\",\"item\":\"https:\/\/dev1.jogapiekna.com\/\"},{\"@type\":\"ListItem\",\"position\":2,\"name\":\"Sklep\",\"item\":\"https:\/\/dev1.jogapiekna.com\/sklep\/\"},{\"@type\":\"ListItem\",\"position\":3,\"name\":\"Jedwabna gumka 100% do w\u0142os\u00f3w \u2022 mini\"}]},{\"@type\":\"WebSite\",\"@id\":\"https:\/\/dev1.jogapiekna.com\/#website\",\"url\":\"https:\/\/dev1.jogapiekna.com\/\",\"name\":\"Joga Pi\u0119kna Marta Kuci\u0144ska\",\"description\":\"Joga Pi\u0119kna pomaga kobietom zachowa\u0107 urod\u0119, cofn\u0105\u0107 oznaki up\u0142ywaj\u0105cego czasu i zm\u0119czenia, odzyska\u0107 promienny wygl\u0105d, naturalny u\u015bmiech i popraw\u0119 w\u0142asnej samooceny.\",\"publisher\":{\"@id\":\"https:\/\/dev1.jogapiekna.com\/#organization\"},\"potentialAction\":[{\"@type\":\"SearchAction\",\"target\":{\"@type\":\"EntryPoint\",\"urlTemplate\":\"https:\/\/dev1.jogapiekna.com\/?s={search_term_string}\"},\"query-input\":{\"@type\":\"PropertyValueSpecification\",\"valueRequired\":true,\"valueName\":\"search_term_string\"}}],\"inLanguage\":\"en-GB\"},{\"@type\":\"Organization\",\"@id\":\"https:\/\/dev1.jogapiekna.com\/#organization\",\"name\":\"Joga Pi\u0119kna Marta Kuci\u0144ska\",\"url\":\"https:\/\/dev1.jogapiekna.com\/\",\"logo\":{\"@type\":\"ImageObject\",\"inLanguage\":\"en-GB\",\"@id\":\"https:\/\/dev1.jogapiekna.com\/#\/schema\/logo\/image\/\",\"url\":\"https:\/\/dev1.jogapiekna.com\/wp-content\/uploads\/2022\/09\/joga-piekna-logo_Rka.png\",\"contentUrl\":\"https:\/\/dev1.jogapiekna.com\/wp-content\/uploads\/2022\/09\/joga-piekna-logo_Rka.png\",\"width\":231,\"height\":124,\"caption\":\"Joga Pi\u0119kna Marta Kuci\u0144ska\"},\"image\":{\"@id\":\"https:\/\/dev1.jogapiekna.com\/#\/schema\/logo\/image\/\"},\"sameAs\":[\"https:\/\/www.facebook.com\/JogaPieknaCom\/\",\"https:\/\/www.instagram.com\/jogapieknacom\/\"]}]}<\/script>\n<!-- \/ Yoast SEO plugin. -->","yoast_head_json":{"title":"Jedwabna gumka do w\u0142os\u00f3w Joga Pi\u0119kna | mini","description":"Zadbaj o kondycj\u0119 swoich w\u0142os\u00f3w! Gumka z jedwabiu morwowego nie wyrywa ich, eliminuje problem puszenia i elektryzowania.","robots":{"index":"index","follow":"follow","max-snippet":"max-snippet:-1","max-image-preview":"max-image-preview:large","max-video-preview":"max-video-preview:-1"},"canonical":"https:\/\/dev1.jogapiekna.com\/en\/product\/jedwabna-gumka-do-wlosow-mini\/","og_locale":"en_GB","og_type":"article","og_title":"Jedwabna gumka do w\u0142os\u00f3w Joga Pi\u0119kna | mini","og_description":"Zadbaj o kondycj\u0119 swoich w\u0142os\u00f3w! Gumka z jedwabiu morwowego nie wyrywa ich, eliminuje problem puszenia i elektryzowania.","og_url":"https:\/\/dev1.jogapiekna.com\/en\/product\/jedwabna-gumka-do-wlosow-mini\/","og_site_name":"JOGA PI\u0118KNA | Joga Twarzy","article_publisher":"https:\/\/www.facebook.com\/JogaPieknaCom\/","article_modified_time":"2026-03-03T23:09:09+00:00","og_image":[{"width":1000,"height":999,"url":"https:\/\/dev1.jogapiekna.com\/wp-content\/uploads\/2022\/05\/Jedwabna-gumka-100-do-wlosow-mini_joga-piekna.jpg","type":"image\/jpeg"}],"twitter_card":"summary_large_image","twitter_misc":{"Estimated reading time":"3 minutes"},"schema":{"@context":"https:\/\/schema.org","@graph":[{"@type":"WebPage","@id":"https:\/\/dev1.jogapiekna.com\/produkt\/jedwabna-gumka-do-wlosow-mini\/","url":"https:\/\/dev1.jogapiekna.com\/produkt\/jedwabna-gumka-do-wlosow-mini\/","name":"Jedwabna gumka do w\u0142os\u00f3w Joga Pi\u0119kna | mini","isPartOf":{"@id":"https:\/\/dev1.jogapiekna.com\/#website"},"primaryImageOfPage":{"@id":"https:\/\/dev1.jogapiekna.com\/produkt\/jedwabna-gumka-do-wlosow-mini\/#primaryimage"},"image":{"@id":"https:\/\/dev1.jogapiekna.com\/produkt\/jedwabna-gumka-do-wlosow-mini\/#primaryimage"},"thumbnailUrl":"https:\/\/dev1.jogapiekna.com\/wp-content\/uploads\/2022\/05\/Jedwabna-gumka-100-do-wlosow-mini_joga-piekna.jpg","datePublished":"2022-05-11T12:31:27+00:00","dateModified":"2026-03-03T23:09:09+00:00","description":"Zadbaj o kondycj\u0119 swoich w\u0142os\u00f3w! Gumka z jedwabiu morwowego nie wyrywa ich, eliminuje problem puszenia i elektryzowania.","breadcrumb":{"@id":"https:\/\/dev1.jogapiekna.com\/produkt\/jedwabna-gumka-do-wlosow-mini\/#breadcrumb"},"inLanguage":"en-GB","potentialAction":[{"@type":"ReadAction","target":["https:\/\/dev1.jogapiekna.com\/produkt\/jedwabna-gumka-do-wlosow-mini\/"]}]},{"@type":"ImageObject","inLanguage":"en-GB","@id":"https:\/\/dev1.jogapiekna.com\/produkt\/jedwabna-gumka-do-wlosow-mini\/#primaryimage","url":"https:\/\/dev1.jogapiekna.com\/wp-content\/uploads\/2022\/05\/Jedwabna-gumka-100-do-wlosow-mini_joga-piekna.jpg","contentUrl":"https:\/\/dev1.jogapiekna.com\/wp-content\/uploads\/2022\/05\/Jedwabna-gumka-100-do-wlosow-mini_joga-piekna.jpg","width":1000,"height":999,"caption":"Jedwabna gumka 100% do w\u0142os\u00f3w | mini"},{"@type":"BreadcrumbList","@id":"https:\/\/dev1.jogapiekna.com\/produkt\/jedwabna-gumka-do-wlosow-mini\/#breadcrumb","itemListElement":[{"@type":"ListItem","position":1,"name":"Strona g\u0142\u00f3wna","item":"https:\/\/dev1.jogapiekna.com\/"},{"@type":"ListItem","position":2,"name":"Sklep","item":"https:\/\/dev1.jogapiekna.com\/sklep\/"},{"@type":"ListItem","position":3,"name":"Jedwabna gumka 100% do w\u0142os\u00f3w \u2022 mini"}]},{"@type":"WebSite","@id":"https:\/\/dev1.jogapiekna.com\/#website","url":"https:\/\/dev1.jogapiekna.com\/","name":"Yoga Beauty Marta Kuci\u0144ska","description":"Beauty Yoga helps women to maintain their beauty, reverse the signs of passing time and fatigue, regain a radiant appearance, natural smile and improve their self-esteem.","publisher":{"@id":"https:\/\/dev1.jogapiekna.com\/#organization"},"potentialAction":[{"@type":"SearchAction","target":{"@type":"EntryPoint","urlTemplate":"https:\/\/dev1.jogapiekna.com\/?s={search_term_string}"},"query-input":{"@type":"PropertyValueSpecification","valueRequired":true,"valueName":"search_term_string"}}],"inLanguage":"en-GB"},{"@type":"Organization","@id":"https:\/\/dev1.jogapiekna.com\/#organization","name":"Yoga Beauty Marta Kuci\u0144ska","url":"https:\/\/dev1.jogapiekna.com\/","logo":{"@type":"ImageObject","inLanguage":"en-GB","@id":"https:\/\/dev1.jogapiekna.com\/#\/schema\/logo\/image\/","url":"https:\/\/dev1.jogapiekna.com\/wp-content\/uploads\/2022\/09\/joga-piekna-logo_Rka.png","contentUrl":"https:\/\/dev1.jogapiekna.com\/wp-content\/uploads\/2022\/09\/joga-piekna-logo_Rka.png","width":231,"height":124,"caption":"Joga Pi\u0119kna Marta Kuci\u0144ska"},"image":{"@id":"https:\/\/dev1.jogapiekna.com\/#\/schema\/logo\/image\/"},"sameAs":["https:\/\/www.facebook.com\/JogaPieknaCom\/","https:\/\/www.instagram.com\/jogapieknacom\/"]}]}},"_links":{"self":[{"href":"https:\/\/dev1.jogapiekna.com\/en\/wp-json\/wp\/v2\/product\/82866","targetHints":{"allow":["GET"]}}],"collection":[{"href":"https:\/\/dev1.jogapiekna.com\/en\/wp-json\/wp\/v2\/product"}],"about":[{"href":"https:\/\/dev1.jogapiekna.com\/en\/wp-json\/wp\/v2\/types\/product"}],"replies":[{"embeddable":true,"href":"https:\/\/dev1.jogapiekna.com\/en\/wp-json\/wp\/v2\/comments?post=82866"}],"version-history":[{"count":3,"href":"https:\/\/dev1.jogapiekna.com\/en\/wp-json\/wp\/v2\/product\/82866\/revisions"}],"predecessor-version":[{"id":216197,"href":"https:\/\/dev1.jogapiekna.com\/en\/wp-json\/wp\/v2\/product\/82866\/revisions\/216197"}],"wp:featuredmedia":[{"embeddable":true,"href":"https:\/\/dev1.jogapiekna.com\/en\/wp-json\/wp\/v2\/media\/94316"}],"wp:attachment":[{"href":"https:\/\/dev1.jogapiekna.com\/en\/wp-json\/wp\/v2\/media?parent=82866"}],"wp:term":[{"taxonomy":"product_brand","embeddable":true,"href":"https:\/\/dev1.jogapiekna.com\/en\/wp-json\/wp\/v2\/product_brand?post=82866"},{"taxonomy":"product_cat","embeddable":true,"href":"https:\/\/dev1.jogapiekna.com\/en\/wp-json\/wp\/v2\/product_cat?post=82866"},{"taxonomy":"product_tag","embeddable":true,"href":"https:\/\/dev1.jogapiekna.com\/en\/wp-json\/wp\/v2\/product_tag?post=82866"}],"curies":[{"name":"wp","href":"https:\/\/api.w.org\/{rel}","templated":true}]}}