{"id":82298,"date":"2022-05-05T01:22:34","date_gmt":"2022-05-04T23:22:34","guid":{"rendered":"https:\/\/dev1.jogapiekna.com?post_type=product&#038;p=82298"},"modified":"2026-03-09T09:29:56","modified_gmt":"2026-03-09T08:29:56","slug":"poszewka-lniana-do-poduszki-bye-bye-wrinkles-joga-piekna","status":"publish","type":"product","link":"https:\/\/dev1.jogapiekna.com\/en\/product\/poszewka-lniana-do-poduszki-bye-bye-wrinkles-joga-piekna\/","title":{"rendered":"Linen Pillow Case Bye Bye Wrinkles"},"content":{"rendered":"<h2>Linen pillowcase - natural, breathable and soft on the skin<\/h2>\n<p>It is said that linen is the only right fabric to surround ourselves with in summer. Thanks to its hygroscopic properties, it absorbs moisture wonderfully. It creates an ideal microclimate for the skin. And despite appearances - it is easy to care for, ultra-durable and pleasant to the touch. It allows the skin to breathe and cools it gently. It is not electrifying.<\/p>\n<p>It also has a positive effect on our health. The linen covering of the pillow suppresses the growth of bacteria and fungi. It has an anti-allergic effect. At the same time, it is, of course, completely natural fiber, which is grown without GMOs and artificial irrigation.<\/p>\n<p>The linen pillowcase you order here is shaped like a butterfly. It has been designed with Bye Bye Wrinkles anti-wrinkle pillows in mind, which take care of the condition of your skin while you sleep.<\/p>\n<p>&nbsp;<\/p>\n<h3>Linen pillowcase - who is it ideal for?<\/h3>\n<ul>\n<li>for people with sensitive skin<\/li>\n<li>for allergy sufferers<\/li>\n<li>for those who appreciate natural materials<\/li>\n<li>for people who suffer from excessive sweating<\/li>\n<li>for those looking for aesthetics and elegance<\/li>\n<li>for lovers of durable and resistant materials<\/li>\n<\/ul>\n<p>&nbsp;<\/p>\n<h2>Bye Bye Wrinkles pillow - what is it?<\/h2>\n<p><a href=\"https:\/\/dev1.jogapiekna.comkategoria-produktu\/poduszki-antyzmarszczkowe\/\">Pillow <em>Bye Bye Wrinkles<\/em><\/a> this <strong>guarantee a wrinkle-free sleep experience<\/strong>. A unique product that minimises the folds of skin on the face during sleep, thus reducing wrinkles that develop during the night, including under the eyes, on the temples, between the eyebrows, on the chin and on the cheeks. The winged cut-outs help to reduce contact between delicate facial tissues and the pillow, and provide comfortable support for the forehead and jaw.<\/p>\n<p>Pillow <em>Bye Bye Wrinkles<\/em> people will enjoy sleeping on their side and on their back-the comfortable ergonomic shape allows you to properly support the cervical region, while maintaining the correct position of this part of the spine. At the same time, the optimal size ensures that the face does not move to another place during sleep, and when turning the head to the side, the face is constantly protected from creases.<\/p>\n<p>&nbsp;<\/p>\n<h2>Linen pillowcase - fabric properties<\/h2>\n<ul>\n<li>Flax is a natural plant fibre that is biodegradable and environmentally friendly. Its cultivation requires less water and pesticides compared to other textile plants.<\/li>\n<li>Linen pillowcases are ideal for people with sensitive skin or a tendency to allergies. Linen is naturally resistant to bacteria and dust mites, which helps maintain hygiene and reduces the risk of allergic reactions.<\/li>\n<li>Linen has excellent breathability, allowing the skin to breathe and preventing overheating. This makes linen pillowcases comfortable in both summer and winter.<\/li>\n<li>Linen is hygroscopic, meaning that it effectively absorbs moisture from its surroundings and at the same time evaporates it quickly. This helps to keep the sleeping surface dry and pleasant.<\/li>\n<li>Linen pillowcases are extremely hardwearing and resistant to abrasion, making them long-lasting. They become softer and more comfortable over time without losing their durability.<\/li>\n<li>Linen has a natural, rustic charm that adds elegance to any bedroom. Our linen pillowcase comes in muted, natural colours that bring calm and harmony to your interior.<\/li>\n<\/ul>\n<p>&nbsp;<\/p>\n<h2>Care of a linen pillowcase<\/h2>\n<p>Caring for linen pillowcases is simple, but requires following a few basic rules. First of all, the pillowcase should be washed on a gentle cycle at a low temperature, preferably in cold or lukewarm water to avoid shrinking the fabric.<\/p>\n<p>Use mild detergents that do not contain bleach or strong chemicals to protect the natural bamboo fibres. It is a good idea to wash the pillowcase with similar colours to avoid discolouration.<\/p>\n<p>Air-drying the pillowcase is most recommended, but if you use a dryer, set it on a low temperature so as not to damage the fabric.<\/p>\n<p>Linen naturally has a slightly crumpled appearance, which adds to its charm, but if you prefer a smooth surface, iron the slightly damp pillowcases on a medium heat.<\/p>\n<p>Please refer to the care instructions included with the pillowcase for details.<\/p>\n<p>&nbsp;<\/p>\n<h3>Additional information<\/h3>\n<ul>\n<li>The pillowcase is a hygienic product and is not returnable.<\/li>\n<li>A patented and legally protected design (Article 26027).<\/li>\n<\/ul>","protected":false},"excerpt":{"rendered":"<p>Linen sheets have excellent breathability, effectively absorbing moisture from their surroundings while evaporating it quickly. This makes them one of the best choices when it comes to the summer season. Furthermore, they will work well for people who are prone to allergies or whose skin is sensitive to irritation. In addition, they impress with their aesthetically pleasing, natural appearance - especially if you value environmentally friendly products.<\/p>\n<ul>\n<li>Composition: <strong>100% linen<\/strong><\/li>\n<li>The pillowcase is fitted with a zip<\/li>\n<\/ul>","protected":false},"featured_media":202169,"comment_status":"closed","ping_status":"closed","template":"","meta":{"_acf_changed":false,"site-sidebar-layout":"default","site-content-layout":"","ast-site-content-layout":"default","site-content-style":"default","site-sidebar-style":"default","ast-global-header-display":"","ast-banner-title-visibility":"","ast-main-header-display":"","ast-hfb-above-header-display":"","ast-hfb-below-header-display":"","ast-hfb-mobile-header-display":"","site-post-title":"","ast-breadcrumbs-content":"","ast-featured-img":"","footer-sml-layout":"","ast-disable-related-posts":"","theme-transparent-header-meta":"default","adv-header-id-meta":"","stick-header-meta":"","header-above-stick-meta":"","header-main-stick-meta":"","header-below-stick-meta":"","astra-migrate-meta-layouts":"set","ast-page-background-enabled":"default","ast-page-background-meta":{"desktop":{"background-color":"var(--ast-global-color-5)","background-image":"","background-repeat":"repeat","background-position":"center center","background-size":"auto","background-attachment":"scroll","background-type":"","background-media":"","overlay-type":"","overlay-color":"","overlay-opacity":"","overlay-gradient":""},"tablet":{"background-color":"","background-image":"","background-repeat":"repeat","background-position":"center center","background-size":"auto","background-attachment":"scroll","background-type":"","background-media":"","overlay-type":"","overlay-color":"","overlay-opacity":"","overlay-gradient":""},"mobile":{"background-color":"","background-image":"","background-repeat":"repeat","background-position":"center center","background-size":"auto","background-attachment":"scroll","background-type":"","background-media":"","overlay-type":"","overlay-color":"","overlay-opacity":"","overlay-gradient":""}},"ast-content-background-meta":{"desktop":{"background-color":"var(--ast-global-color-4)","background-image":"","background-repeat":"repeat","background-position":"center center","background-size":"auto","background-attachment":"scroll","background-type":"","background-media":"","overlay-type":"","overlay-color":"","overlay-opacity":"","overlay-gradient":""},"tablet":{"background-color":"var(--ast-global-color-4)","background-image":"","background-repeat":"repeat","background-position":"center center","background-size":"auto","background-attachment":"scroll","background-type":"","background-media":"","overlay-type":"","overlay-color":"","overlay-opacity":"","overlay-gradient":""},"mobile":{"background-color":"var(--ast-global-color-4)","background-image":"","background-repeat":"repeat","background-position":"center center","background-size":"auto","background-attachment":"scroll","background-type":"","background-media":"","overlay-type":"","overlay-color":"","overlay-opacity":"","overlay-gradient":""}}},"product_brand":[],"product_cat":[695,117],"product_tag":[174,262,256,255,173,264,263],"class_list":{"0":"post-82298","1":"product","2":"type-product","3":"status-publish","4":"has-post-thumbnail","6":"product_cat-do-poduszek-classic-natural-travel","7":"product_cat-poszewki-do-poduszek","8":"product_tag-byebyewrinkles","9":"product_tag-likwidowanie-zmarszczek","10":"product_tag-pielegnacja-skory","11":"product_tag-pielegnacja-twarzy","12":"product_tag-poduszka-antyzmarszczkowa","13":"product_tag-zapobieganie-zmarszczkom","14":"product_tag-zdrowy-sen","15":"desktop-align-left","16":"tablet-align-left","17":"mobile-align-left","19":"first","20":"instock","21":"taxable","22":"shipping-taxable","23":"purchasable","24":"product-type-variable"},"acf":[],"yoast_head":"<!-- This site is optimized with the Yoast SEO plugin v27.1.1 - https:\/\/yoast.com\/product\/yoast-seo-wordpress\/ -->\n<title>Poszewka lniana na poduszk\u0119 Bye Bye Wrinkles<\/title>\n<meta name=\"description\" content=\"Lniane poszewki s\u0105 oddychaj\u0105ce, hipoalergiczne i estetyczne. Idealne na lato, delikatne dla sk\u00f3ry, wch\u0142aniaj\u0105 wilgo\u0107. Zam\u00f3w teraz w naszym sklepie!\" \/>\n<meta name=\"robots\" content=\"index, follow, max-snippet:-1, max-image-preview:large, max-video-preview:-1\" \/>\n<link rel=\"canonical\" href=\"https:\/\/dev1.jogapiekna.com\/en\/product\/poszewka-lniana-do-poduszki-bye-bye-wrinkles-joga-piekna\/\" \/>\n<meta property=\"og:locale\" content=\"en_GB\" \/>\n<meta property=\"og:type\" content=\"article\" \/>\n<meta property=\"og:title\" content=\"Poszewka lniana na poduszk\u0119 Bye Bye Wrinkles\" \/>\n<meta property=\"og:description\" content=\"Lniane poszewki s\u0105 oddychaj\u0105ce, hipoalergiczne i estetyczne. Idealne na lato, delikatne dla sk\u00f3ry, wch\u0142aniaj\u0105 wilgo\u0107. Zam\u00f3w teraz w naszym sklepie!\" \/>\n<meta property=\"og:url\" content=\"https:\/\/dev1.jogapiekna.com\/en\/product\/poszewka-lniana-do-poduszki-bye-bye-wrinkles-joga-piekna\/\" \/>\n<meta property=\"og:site_name\" content=\"JOGA PI\u0118KNA | Joga Twarzy\" \/>\n<meta property=\"article:publisher\" content=\"https:\/\/www.facebook.com\/JogaPieknaCom\/\" \/>\n<meta property=\"article:modified_time\" content=\"2026-03-09T08:29:56+00:00\" \/>\n<meta property=\"og:image\" content=\"https:\/\/dev1.jogapiekna.com\/wp-content\/uploads\/2022\/05\/Poszewka-lniana-na-poduszke-antyzmarszczkowa-ByeByeWrinkles-kolory_2025.jpg\" \/>\n\t<meta property=\"og:image:width\" content=\"1000\" \/>\n\t<meta property=\"og:image:height\" content=\"1000\" \/>\n\t<meta property=\"og:image:type\" content=\"image\/jpeg\" \/>\n<meta name=\"twitter:card\" content=\"summary_large_image\" \/>\n<meta name=\"twitter:label1\" content=\"Estimated reading time\" \/>\n\t<meta name=\"twitter:data1\" content=\"4 minutes\" \/>\n<script type=\"application\/ld+json\" class=\"yoast-schema-graph\">{\"@context\":\"https:\/\/schema.org\",\"@graph\":[{\"@type\":\"WebPage\",\"@id\":\"https:\/\/dev1.jogapiekna.com\/en\/product\/poszewka-lniana-do-poduszki-bye-bye-wrinkles-joga-piekna\/\",\"url\":\"https:\/\/dev1.jogapiekna.com\/en\/product\/poszewka-lniana-do-poduszki-bye-bye-wrinkles-joga-piekna\/\",\"name\":\"Poszewka lniana na poduszk\u0119 Bye Bye Wrinkles\",\"isPartOf\":{\"@id\":\"https:\/\/dev1.jogapiekna.com\/#website\"},\"primaryImageOfPage\":{\"@id\":\"https:\/\/dev1.jogapiekna.com\/en\/product\/poszewka-lniana-do-poduszki-bye-bye-wrinkles-joga-piekna\/#primaryimage\"},\"image\":{\"@id\":\"https:\/\/dev1.jogapiekna.com\/en\/product\/poszewka-lniana-do-poduszki-bye-bye-wrinkles-joga-piekna\/#primaryimage\"},\"thumbnailUrl\":\"https:\/\/dev1.jogapiekna.com\/wp-content\/uploads\/2022\/05\/Poszewka-lniana-na-poduszke-antyzmarszczkowa-ByeByeWrinkles-kolory_2025.jpg\",\"datePublished\":\"2022-05-04T23:22:34+00:00\",\"dateModified\":\"2026-03-09T08:29:56+00:00\",\"description\":\"Lniane poszewki s\u0105 oddychaj\u0105ce, hipoalergiczne i estetyczne. Idealne na lato, delikatne dla sk\u00f3ry, wch\u0142aniaj\u0105 wilgo\u0107. Zam\u00f3w teraz w naszym sklepie!\",\"breadcrumb\":{\"@id\":\"https:\/\/dev1.jogapiekna.com\/en\/product\/poszewka-lniana-do-poduszki-bye-bye-wrinkles-joga-piekna\/#breadcrumb\"},\"inLanguage\":\"en-GB\",\"potentialAction\":[{\"@type\":\"ReadAction\",\"target\":[\"https:\/\/dev1.jogapiekna.com\/en\/product\/poszewka-lniana-do-poduszki-bye-bye-wrinkles-joga-piekna\/\"]}]},{\"@type\":\"ImageObject\",\"inLanguage\":\"en-GB\",\"@id\":\"https:\/\/dev1.jogapiekna.com\/en\/product\/poszewka-lniana-do-poduszki-bye-bye-wrinkles-joga-piekna\/#primaryimage\",\"url\":\"https:\/\/dev1.jogapiekna.com\/wp-content\/uploads\/2022\/05\/Poszewka-lniana-na-poduszke-antyzmarszczkowa-ByeByeWrinkles-kolory_2025.jpg\",\"contentUrl\":\"https:\/\/dev1.jogapiekna.com\/wp-content\/uploads\/2022\/05\/Poszewka-lniana-na-poduszke-antyzmarszczkowa-ByeByeWrinkles-kolory_2025.jpg\",\"width\":1000,\"height\":1000,\"caption\":\"Poszewka lniana na poduszk\u0119 Bye Bye Wrinkles\"},{\"@type\":\"BreadcrumbList\",\"@id\":\"https:\/\/dev1.jogapiekna.com\/en\/product\/poszewka-lniana-do-poduszki-bye-bye-wrinkles-joga-piekna\/#breadcrumb\",\"itemListElement\":[{\"@type\":\"ListItem\",\"position\":1,\"name\":\"Strona g\u0142\u00f3wna\",\"item\":\"https:\/\/dev1.jogapiekna.com\/\"},{\"@type\":\"ListItem\",\"position\":2,\"name\":\"Sklep\",\"item\":\"https:\/\/dev1.jogapiekna.com\/sklep\/\"},{\"@type\":\"ListItem\",\"position\":3,\"name\":\"Poszewka lniana na poduszk\u0119 Bye Bye Wrinkles\"}]},{\"@type\":\"WebSite\",\"@id\":\"https:\/\/dev1.jogapiekna.com\/#website\",\"url\":\"https:\/\/dev1.jogapiekna.com\/\",\"name\":\"Joga Pi\u0119kna Marta Kuci\u0144ska\",\"description\":\"Joga Pi\u0119kna pomaga kobietom zachowa\u0107 urod\u0119, cofn\u0105\u0107 oznaki up\u0142ywaj\u0105cego czasu i zm\u0119czenia, odzyska\u0107 promienny wygl\u0105d, naturalny u\u015bmiech i popraw\u0119 w\u0142asnej samooceny.\",\"publisher\":{\"@id\":\"https:\/\/dev1.jogapiekna.com\/#organization\"},\"potentialAction\":[{\"@type\":\"SearchAction\",\"target\":{\"@type\":\"EntryPoint\",\"urlTemplate\":\"https:\/\/dev1.jogapiekna.com\/?s={search_term_string}\"},\"query-input\":{\"@type\":\"PropertyValueSpecification\",\"valueRequired\":true,\"valueName\":\"search_term_string\"}}],\"inLanguage\":\"en-GB\"},{\"@type\":\"Organization\",\"@id\":\"https:\/\/dev1.jogapiekna.com\/#organization\",\"name\":\"Joga Pi\u0119kna Marta Kuci\u0144ska\",\"url\":\"https:\/\/dev1.jogapiekna.com\/\",\"logo\":{\"@type\":\"ImageObject\",\"inLanguage\":\"en-GB\",\"@id\":\"https:\/\/dev1.jogapiekna.com\/#\/schema\/logo\/image\/\",\"url\":\"https:\/\/dev1.jogapiekna.com\/wp-content\/uploads\/2022\/09\/joga-piekna-logo_Rka.png\",\"contentUrl\":\"https:\/\/dev1.jogapiekna.com\/wp-content\/uploads\/2022\/09\/joga-piekna-logo_Rka.png\",\"width\":231,\"height\":124,\"caption\":\"Joga Pi\u0119kna Marta Kuci\u0144ska\"},\"image\":{\"@id\":\"https:\/\/dev1.jogapiekna.com\/#\/schema\/logo\/image\/\"},\"sameAs\":[\"https:\/\/www.facebook.com\/JogaPieknaCom\/\",\"https:\/\/www.instagram.com\/jogapieknacom\/\"]}]}<\/script>\n<!-- \/ Yoast SEO plugin. -->","yoast_head_json":{"title":"Linen Pillow Case Bye Bye Wrinkles","description":"Lniane poszewki s\u0105 oddychaj\u0105ce, hipoalergiczne i estetyczne. Idealne na lato, delikatne dla sk\u00f3ry, wch\u0142aniaj\u0105 wilgo\u0107. Zam\u00f3w teraz w naszym sklepie!","robots":{"index":"index","follow":"follow","max-snippet":"max-snippet:-1","max-image-preview":"max-image-preview:large","max-video-preview":"max-video-preview:-1"},"canonical":"https:\/\/dev1.jogapiekna.com\/en\/product\/poszewka-lniana-do-poduszki-bye-bye-wrinkles-joga-piekna\/","og_locale":"en_GB","og_type":"article","og_title":"Poszewka lniana na poduszk\u0119 Bye Bye Wrinkles","og_description":"Lniane poszewki s\u0105 oddychaj\u0105ce, hipoalergiczne i estetyczne. Idealne na lato, delikatne dla sk\u00f3ry, wch\u0142aniaj\u0105 wilgo\u0107. Zam\u00f3w teraz w naszym sklepie!","og_url":"https:\/\/dev1.jogapiekna.com\/en\/product\/poszewka-lniana-do-poduszki-bye-bye-wrinkles-joga-piekna\/","og_site_name":"JOGA PI\u0118KNA | Joga Twarzy","article_publisher":"https:\/\/www.facebook.com\/JogaPieknaCom\/","article_modified_time":"2026-03-09T08:29:56+00:00","og_image":[{"width":1000,"height":1000,"url":"https:\/\/dev1.jogapiekna.com\/wp-content\/uploads\/2022\/05\/Poszewka-lniana-na-poduszke-antyzmarszczkowa-ByeByeWrinkles-kolory_2025.jpg","type":"image\/jpeg"}],"twitter_card":"summary_large_image","twitter_misc":{"Estimated reading time":"4 minutes"},"schema":{"@context":"https:\/\/schema.org","@graph":[{"@type":"WebPage","@id":"https:\/\/dev1.jogapiekna.com\/en\/product\/poszewka-lniana-do-poduszki-bye-bye-wrinkles-joga-piekna\/","url":"https:\/\/dev1.jogapiekna.com\/en\/product\/poszewka-lniana-do-poduszki-bye-bye-wrinkles-joga-piekna\/","name":"Linen Pillow Case Bye Bye Wrinkles","isPartOf":{"@id":"https:\/\/dev1.jogapiekna.com\/#website"},"primaryImageOfPage":{"@id":"https:\/\/dev1.jogapiekna.com\/en\/product\/poszewka-lniana-do-poduszki-bye-bye-wrinkles-joga-piekna\/#primaryimage"},"image":{"@id":"https:\/\/dev1.jogapiekna.com\/en\/product\/poszewka-lniana-do-poduszki-bye-bye-wrinkles-joga-piekna\/#primaryimage"},"thumbnailUrl":"https:\/\/dev1.jogapiekna.com\/wp-content\/uploads\/2022\/05\/Poszewka-lniana-na-poduszke-antyzmarszczkowa-ByeByeWrinkles-kolory_2025.jpg","datePublished":"2022-05-04T23:22:34+00:00","dateModified":"2026-03-09T08:29:56+00:00","description":"Lniane poszewki s\u0105 oddychaj\u0105ce, hipoalergiczne i estetyczne. Idealne na lato, delikatne dla sk\u00f3ry, wch\u0142aniaj\u0105 wilgo\u0107. Zam\u00f3w teraz w naszym sklepie!","breadcrumb":{"@id":"https:\/\/dev1.jogapiekna.com\/en\/product\/poszewka-lniana-do-poduszki-bye-bye-wrinkles-joga-piekna\/#breadcrumb"},"inLanguage":"en-GB","potentialAction":[{"@type":"ReadAction","target":["https:\/\/dev1.jogapiekna.com\/en\/product\/poszewka-lniana-do-poduszki-bye-bye-wrinkles-joga-piekna\/"]}]},{"@type":"ImageObject","inLanguage":"en-GB","@id":"https:\/\/dev1.jogapiekna.com\/en\/product\/poszewka-lniana-do-poduszki-bye-bye-wrinkles-joga-piekna\/#primaryimage","url":"https:\/\/dev1.jogapiekna.com\/wp-content\/uploads\/2022\/05\/Poszewka-lniana-na-poduszke-antyzmarszczkowa-ByeByeWrinkles-kolory_2025.jpg","contentUrl":"https:\/\/dev1.jogapiekna.com\/wp-content\/uploads\/2022\/05\/Poszewka-lniana-na-poduszke-antyzmarszczkowa-ByeByeWrinkles-kolory_2025.jpg","width":1000,"height":1000,"caption":"Poszewka lniana na poduszk\u0119 Bye Bye Wrinkles"},{"@type":"BreadcrumbList","@id":"https:\/\/dev1.jogapiekna.com\/en\/product\/poszewka-lniana-do-poduszki-bye-bye-wrinkles-joga-piekna\/#breadcrumb","itemListElement":[{"@type":"ListItem","position":1,"name":"Strona g\u0142\u00f3wna","item":"https:\/\/dev1.jogapiekna.com\/"},{"@type":"ListItem","position":2,"name":"Sklep","item":"https:\/\/dev1.jogapiekna.com\/sklep\/"},{"@type":"ListItem","position":3,"name":"Poszewka lniana na poduszk\u0119 Bye Bye Wrinkles"}]},{"@type":"WebSite","@id":"https:\/\/dev1.jogapiekna.com\/#website","url":"https:\/\/dev1.jogapiekna.com\/","name":"Yoga Beauty Marta Kuci\u0144ska","description":"Beauty Yoga helps women to maintain their beauty, reverse the signs of passing time and fatigue, regain a radiant appearance, natural smile and improve their self-esteem.","publisher":{"@id":"https:\/\/dev1.jogapiekna.com\/#organization"},"potentialAction":[{"@type":"SearchAction","target":{"@type":"EntryPoint","urlTemplate":"https:\/\/dev1.jogapiekna.com\/?s={search_term_string}"},"query-input":{"@type":"PropertyValueSpecification","valueRequired":true,"valueName":"search_term_string"}}],"inLanguage":"en-GB"},{"@type":"Organization","@id":"https:\/\/dev1.jogapiekna.com\/#organization","name":"Yoga Beauty Marta Kuci\u0144ska","url":"https:\/\/dev1.jogapiekna.com\/","logo":{"@type":"ImageObject","inLanguage":"en-GB","@id":"https:\/\/dev1.jogapiekna.com\/#\/schema\/logo\/image\/","url":"https:\/\/dev1.jogapiekna.com\/wp-content\/uploads\/2022\/09\/joga-piekna-logo_Rka.png","contentUrl":"https:\/\/dev1.jogapiekna.com\/wp-content\/uploads\/2022\/09\/joga-piekna-logo_Rka.png","width":231,"height":124,"caption":"Joga Pi\u0119kna Marta Kuci\u0144ska"},"image":{"@id":"https:\/\/dev1.jogapiekna.com\/#\/schema\/logo\/image\/"},"sameAs":["https:\/\/www.facebook.com\/JogaPieknaCom\/","https:\/\/www.instagram.com\/jogapieknacom\/"]}]}},"_links":{"self":[{"href":"https:\/\/dev1.jogapiekna.com\/en\/wp-json\/wp\/v2\/product\/82298","targetHints":{"allow":["GET"]}}],"collection":[{"href":"https:\/\/dev1.jogapiekna.com\/en\/wp-json\/wp\/v2\/product"}],"about":[{"href":"https:\/\/dev1.jogapiekna.com\/en\/wp-json\/wp\/v2\/types\/product"}],"replies":[{"embeddable":true,"href":"https:\/\/dev1.jogapiekna.com\/en\/wp-json\/wp\/v2\/comments?post=82298"}],"version-history":[{"count":3,"href":"https:\/\/dev1.jogapiekna.com\/en\/wp-json\/wp\/v2\/product\/82298\/revisions"}],"predecessor-version":[{"id":214401,"href":"https:\/\/dev1.jogapiekna.com\/en\/wp-json\/wp\/v2\/product\/82298\/revisions\/214401"}],"wp:featuredmedia":[{"embeddable":true,"href":"https:\/\/dev1.jogapiekna.com\/en\/wp-json\/wp\/v2\/media\/202169"}],"wp:attachment":[{"href":"https:\/\/dev1.jogapiekna.com\/en\/wp-json\/wp\/v2\/media?parent=82298"}],"wp:term":[{"taxonomy":"product_brand","embeddable":true,"href":"https:\/\/dev1.jogapiekna.com\/en\/wp-json\/wp\/v2\/product_brand?post=82298"},{"taxonomy":"product_cat","embeddable":true,"href":"https:\/\/dev1.jogapiekna.com\/en\/wp-json\/wp\/v2\/product_cat?post=82298"},{"taxonomy":"product_tag","embeddable":true,"href":"https:\/\/dev1.jogapiekna.com\/en\/wp-json\/wp\/v2\/product_tag?post=82298"}],"curies":[{"name":"wp","href":"https:\/\/api.w.org\/{rel}","templated":true}]}}