{"id":80754,"date":"2022-04-20T22:05:35","date_gmt":"2022-04-20T20:05:35","guid":{"rendered":"https:\/\/dev1.jogapiekna.com?post_type=product&#038;p=80754"},"modified":"2026-03-12T22:15:35","modified_gmt":"2026-03-12T21:15:35","slug":"tasma-do-kinesiotapingu-twarzy-waska","status":"publish","type":"product","link":"https:\/\/dev1.jogapiekna.com\/en\/product\/tasma-do-kinesiotapingu-twarzy-waska\/","title":{"rendered":"Facial kinesiotaping tape narrow 2.5 cm - Classic"},"content":{"rendered":"<p><strong>Narrow aesthetic kinesiotaping tapes<\/strong>, The skin is covered with a layer of gel, which is applied in accordance with the knowledge of anatomy, increasing the space in the subcutaneous tissue where mechanical receptors, blood vessels and lymphatic vessels are located. In this way, you can naturally stimulate circulation, eliminate lymphatic stasis, swelling, furrows and wrinkles (including mimic wrinkles, which are difficult to smooth out with classic home care).<\/p>\n<p><strong>How to apply facial kinesiotaping tape?<\/strong> There are at least a few techniques and these should be tailored to individual aesthetic needs. To learn how to apply facial taping plasters, take our online course <strong><a href=\"https:\/\/dev1.jogapiekna.comprodukt\/kinesiotaping-estetyczny-z-joga-piekna-kurs-online\/\" target=\"_blank\" rel=\"noopener\">Aesthetic Kinesiotaping with Yoga Beauty<\/a><\/strong>.<\/p>\n<p>&nbsp;<\/p>\n<h2><strong>Characteristics of Cure Tape Classic 2.5 cm x 5 m facial kinesiotaping plasters<\/strong><\/h2>\n<ul>\n<li>The Cure Tape Classic Facial Taping Patch is a flesh-coloured beige.<\/li>\n<li><strong>The distinguishing feature of the product is the width of the tape, which is 2.5 cm. This size of patch is ideal for aesthetic kinesiotaping.<\/strong><\/li>\n<li>The roll has <strong>length 5 metres<\/strong>, which allows for many applications. To apply the patches to the face, they need to be cut properly.<\/li>\n<li>Narrow kinesiology tape is latex-free and made of <strong>made of soft, natural, high-quality cotton<\/strong>.<\/li>\n<li>Hypoallergenic acrylic adhesive makes aesthetic kinesiotaping tape, friendly <strong>even for very sensitive skin<\/strong>.<\/li>\n<li>The patch is <strong>waterproof<\/strong>, You can shower or play sports in them.<\/li>\n<\/ul>\n<p>&nbsp;<\/p>\n<h3>Why Cure Tape?<\/h3>\n<ul>\n<li>Cure Tape is an internationally renowned and respected Korean company that specialises in the production of skin-friendly, anti-allergenic tapes for taping.<\/li>\n<li>Cure Tape Punch kinesiotaping tape has <strong>T\u00dcV quality mark<\/strong>. It is manufactured in an ISO-13485\/9001 certified factory.<\/li>\n<li>Product <strong>registered in 1 medical class<\/strong>. It meets all European and international requirements for medical quality.<\/li>\n<\/ul>\n<p>&nbsp;<\/p>\n<h2><strong>Effects of regular use of narrow aesthetic kinesiotaping patches<\/strong><\/h2>\n<ul>\n<li>Aesthetic kinesiotaping removes swelling and lymphatic stasis,<\/li>\n<li>Taping stimulates circulation, which has a positive effect on skin tone and a healthy appearance,<\/li>\n<li>regular application of the patch in selected areas of the face will smooth out wrinkles (the technique is worth using on, for example, the <a href=\"https:\/\/dev1.jogapiekna.comkinesiotaping\/czym-jest-kinesiotaping-estetyczny-aplikacja-na-lwia-zmarszczke\/\" target=\"_blank\" rel=\"noopener\">lion's wrinkle<\/a>, transverse wrinkles on the forehead, wrinkles on the neck or nasolabial furrows),<\/li>\n<li>stimulation and skin tightening improves skin firmness,<\/li>\n<li>is an excellent way to naturally reduce facial hamsters,<\/li>\n<li>without invasive procedures, you can sculpt the oval of your face, restoring a youthful appearance.<\/li>\n<\/ul>\n<p><strong>The flesh-coloured, narrow 2.5 cm wide kinesiotaping tape will allow you to comfortably apply the patch to your face, forehead and cheeks. <\/strong><\/p>\n<p>Watch the video to find out which tape to choose for aesthetic kinesiotaping of the face.<\/p>\n<p><iframe title=\"YouTube video player\" src=\"https:\/\/www.youtube.com\/embed\/7ixJzLuXMGE\" width=\"800\" height=\"450\" frameborder=\"0\" allowfullscreen=\"allowfullscreen\"><\/iframe><\/p>\n<p>&nbsp;<\/p>\n<h2><strong> Online course of aesthetic Kinesiotaping with beauty yoga <\/strong><\/h2>\n<p>Do you want to use kinesioptaping at home? My name is Marta Kuci\u0144ska and I specialise in natural rejuvenation. I am a biologist by training, a third degree ayurveda consultant and a certified facial yoga teacher.<\/p>\n<p>Join the online course: <a href=\"https:\/\/dev1.jogapiekna.comprodukt\/kinesiotaping-estetyczny-z-joga-piekna-kurs-online\/\" target=\"_blank\" rel=\"noopener\">Aesthetic kinesiotaping with beauty yoga<\/a>to learn how to apply taping correctly and safely. You will learn about the 16 applications of taping to the face, neck and d\u00e9collet\u00e9.<\/p>","protected":false},"excerpt":{"rendered":"<p><strong>Narrow kinesiology tape 2.5 cm<\/strong> naturally firms the skin and smoothes wrinkles. Skilful taping will improve blood and lymph circulation, which will directly affect the condition of your skin. Tape <em>Cure Tape Classic 2.5 cm<\/em> <strong>is narrower than standard<\/strong>, which makes it easier for you to apply to selected areas of the face. It has the necessary certifications, making it a premium product among other kinesiology tapes.<\/p>","protected":false},"featured_media":94037,"comment_status":"closed","ping_status":"closed","template":"","meta":{"_acf_changed":false,"site-sidebar-layout":"default","site-content-layout":"","ast-site-content-layout":"default","site-content-style":"default","site-sidebar-style":"default","ast-global-header-display":"","ast-banner-title-visibility":"","ast-main-header-display":"","ast-hfb-above-header-display":"","ast-hfb-below-header-display":"","ast-hfb-mobile-header-display":"","site-post-title":"","ast-breadcrumbs-content":"","ast-featured-img":"","footer-sml-layout":"","ast-disable-related-posts":"","theme-transparent-header-meta":"default","adv-header-id-meta":"","stick-header-meta":"","header-above-stick-meta":"","header-main-stick-meta":"","header-below-stick-meta":"","astra-migrate-meta-layouts":"set","ast-page-background-enabled":"default","ast-page-background-meta":{"desktop":{"background-color":"var(--ast-global-color-5)","background-image":"","background-repeat":"repeat","background-position":"center center","background-size":"auto","background-attachment":"scroll","background-type":"","background-media":"","overlay-type":"","overlay-color":"","overlay-opacity":"","overlay-gradient":""},"tablet":{"background-color":"","background-image":"","background-repeat":"repeat","background-position":"center center","background-size":"auto","background-attachment":"scroll","background-type":"","background-media":"","overlay-type":"","overlay-color":"","overlay-opacity":"","overlay-gradient":""},"mobile":{"background-color":"","background-image":"","background-repeat":"repeat","background-position":"center center","background-size":"auto","background-attachment":"scroll","background-type":"","background-media":"","overlay-type":"","overlay-color":"","overlay-opacity":"","overlay-gradient":""}},"ast-content-background-meta":{"desktop":{"background-color":"var(--ast-global-color-4)","background-image":"","background-repeat":"repeat","background-position":"center center","background-size":"auto","background-attachment":"scroll","background-type":"","background-media":"","overlay-type":"","overlay-color":"","overlay-opacity":"","overlay-gradient":""},"tablet":{"background-color":"var(--ast-global-color-4)","background-image":"","background-repeat":"repeat","background-position":"center center","background-size":"auto","background-attachment":"scroll","background-type":"","background-media":"","overlay-type":"","overlay-color":"","overlay-opacity":"","overlay-gradient":""},"mobile":{"background-color":"var(--ast-global-color-4)","background-image":"","background-repeat":"repeat","background-position":"center center","background-size":"auto","background-attachment":"scroll","background-type":"","background-media":"","overlay-type":"","overlay-color":"","overlay-opacity":"","overlay-gradient":""}}},"product_brand":[],"product_cat":[21,621],"product_tag":[235,543,234,542,540,541],"class_list":{"0":"post-80754","1":"product","2":"type-product","3":"status-publish","4":"has-post-thumbnail","6":"product_cat-akcesoria","7":"product_cat-kinesiotaping-estetyczny","8":"product_tag-kinesiotaping","9":"product_tag-plaster-do-tapingu","10":"product_tag-tasma","11":"product_tag-tasma-do-kinesiotapingu-estetycznego","12":"product_tag-tasmy-liftingujace","13":"product_tag-waska-tasma-kinezjologiczna","14":"desktop-align-left","15":"tablet-align-left","16":"mobile-align-left","18":"first","19":"instock","20":"featured","21":"taxable","22":"shipping-taxable","23":"purchasable","24":"product-type-simple"},"acf":[],"yoast_head":"<!-- This site is optimized with the Yoast SEO plugin v27.1.1 - https:\/\/yoast.com\/product\/yoast-seo-wordpress\/ -->\n<title>Ta\u015bma do kinesiotapingu twarzy w\u0105ska 2.5 cm \u2022 Classic |<\/title>\n<meta name=\"description\" content=\"W\u0105ska ta\u015bma kinezjologiczna 2,5 cm w naturalny spos\u00f3b uj\u0119drnia sk\u00f3r\u0119 i wyg\u0142adza zmarszczki. Umiej\u0119tne przyklejanie tejp\u00f3w poprawi kr\u0105\u017cenie krwi i limfy, co bezpo\u015brednio wp\u0142ynie na kondycj\u0119 Twojej sk\u00f3ry. Ta\u015bma Cure Tape Classic 2,5 cm jest w\u0119\u017csza od standardowych, co u\u0142atwi Ci aplikacj\u0119 w wybranych obszarach twarzy. Posiada niezb\u0119dne certyfikaty, co czyni j\u0105 produktem premium, w\u015br\u00f3d innych ta\u015bm kinezjologicznych.\" \/>\n<meta name=\"robots\" content=\"index, follow, max-snippet:-1, max-image-preview:large, max-video-preview:-1\" \/>\n<link rel=\"canonical\" href=\"https:\/\/dev1.jogapiekna.com\/en\/product\/tasma-do-kinesiotapingu-twarzy-waska\/\" \/>\n<meta property=\"og:locale\" content=\"en_GB\" \/>\n<meta property=\"og:type\" content=\"article\" \/>\n<meta property=\"og:title\" content=\"Ta\u015bma do kinesiotapingu twarzy w\u0105ska 2.5 cm \u2022 Classic |\" \/>\n<meta property=\"og:description\" content=\"W\u0105ska ta\u015bma kinezjologiczna 2,5 cm w naturalny spos\u00f3b uj\u0119drnia sk\u00f3r\u0119 i wyg\u0142adza zmarszczki. Umiej\u0119tne przyklejanie tejp\u00f3w poprawi kr\u0105\u017cenie krwi i limfy, co bezpo\u015brednio wp\u0142ynie na kondycj\u0119 Twojej sk\u00f3ry. Ta\u015bma Cure Tape Classic 2,5 cm jest w\u0119\u017csza od standardowych, co u\u0142atwi Ci aplikacj\u0119 w wybranych obszarach twarzy. Posiada niezb\u0119dne certyfikaty, co czyni j\u0105 produktem premium, w\u015br\u00f3d innych ta\u015bm kinezjologicznych.\" \/>\n<meta property=\"og:url\" content=\"https:\/\/dev1.jogapiekna.com\/en\/product\/tasma-do-kinesiotapingu-twarzy-waska\/\" \/>\n<meta property=\"og:site_name\" content=\"JOGA PI\u0118KNA | Joga Twarzy\" \/>\n<meta property=\"article:publisher\" content=\"https:\/\/www.facebook.com\/JogaPieknaCom\/\" \/>\n<meta property=\"article:modified_time\" content=\"2026-03-12T21:15:35+00:00\" \/>\n<meta property=\"og:image\" content=\"https:\/\/dev1.jogapiekna.com\/wp-content\/uploads\/2022\/04\/Tasma-do-kinesiotapingu-waska-2-5-cm-Classic_bezowa.jpg\" \/>\n\t<meta property=\"og:image:width\" content=\"1000\" \/>\n\t<meta property=\"og:image:height\" content=\"1000\" \/>\n\t<meta property=\"og:image:type\" content=\"image\/jpeg\" \/>\n<meta name=\"twitter:card\" content=\"summary_large_image\" \/>\n<meta name=\"twitter:label1\" content=\"Estimated reading time\" \/>\n\t<meta name=\"twitter:data1\" content=\"3 minutes\" \/>\n<script type=\"application\/ld+json\" class=\"yoast-schema-graph\">{\"@context\":\"https:\/\/schema.org\",\"@graph\":[{\"@type\":\"WebPage\",\"@id\":\"https:\/\/dev1.jogapiekna.com\/en\/product\/tasma-do-kinesiotapingu-twarzy-waska\/\",\"url\":\"https:\/\/dev1.jogapiekna.com\/en\/product\/tasma-do-kinesiotapingu-twarzy-waska\/\",\"name\":\"Ta\u015bma do kinesiotapingu twarzy w\u0105ska 2.5 cm \u2022 Classic |\",\"isPartOf\":{\"@id\":\"https:\/\/dev1.jogapiekna.com\/#website\"},\"primaryImageOfPage\":{\"@id\":\"https:\/\/dev1.jogapiekna.com\/en\/product\/tasma-do-kinesiotapingu-twarzy-waska\/#primaryimage\"},\"image\":{\"@id\":\"https:\/\/dev1.jogapiekna.com\/en\/product\/tasma-do-kinesiotapingu-twarzy-waska\/#primaryimage\"},\"thumbnailUrl\":\"https:\/\/dev1.jogapiekna.com\/wp-content\/uploads\/2022\/04\/Tasma-do-kinesiotapingu-waska-2-5-cm-Classic_bezowa.jpg\",\"datePublished\":\"2022-04-20T20:05:35+00:00\",\"dateModified\":\"2026-03-12T21:15:35+00:00\",\"description\":\"W\u0105ska ta\u015bma kinezjologiczna 2,5 cm w naturalny spos\u00f3b uj\u0119drnia sk\u00f3r\u0119 i wyg\u0142adza zmarszczki. Umiej\u0119tne przyklejanie tejp\u00f3w poprawi kr\u0105\u017cenie krwi i limfy, co bezpo\u015brednio wp\u0142ynie na kondycj\u0119 Twojej sk\u00f3ry. Ta\u015bma Cure Tape Classic 2,5 cm jest w\u0119\u017csza od standardowych, co u\u0142atwi Ci aplikacj\u0119 w wybranych obszarach twarzy. Posiada niezb\u0119dne certyfikaty, co czyni j\u0105 produktem premium, w\u015br\u00f3d innych ta\u015bm kinezjologicznych.\",\"breadcrumb\":{\"@id\":\"https:\/\/dev1.jogapiekna.com\/en\/product\/tasma-do-kinesiotapingu-twarzy-waska\/#breadcrumb\"},\"inLanguage\":\"en-GB\",\"potentialAction\":[{\"@type\":\"ReadAction\",\"target\":[\"https:\/\/dev1.jogapiekna.com\/en\/product\/tasma-do-kinesiotapingu-twarzy-waska\/\"]}]},{\"@type\":\"ImageObject\",\"inLanguage\":\"en-GB\",\"@id\":\"https:\/\/dev1.jogapiekna.com\/en\/product\/tasma-do-kinesiotapingu-twarzy-waska\/#primaryimage\",\"url\":\"https:\/\/dev1.jogapiekna.com\/wp-content\/uploads\/2022\/04\/Tasma-do-kinesiotapingu-waska-2-5-cm-Classic_bezowa.jpg\",\"contentUrl\":\"https:\/\/dev1.jogapiekna.com\/wp-content\/uploads\/2022\/04\/Tasma-do-kinesiotapingu-waska-2-5-cm-Classic_bezowa.jpg\",\"width\":1000,\"height\":1000,\"caption\":\"Ta\u015bma do kinesiotapingu \\u2028w\u0105ska 2,5 cm | Classic\"},{\"@type\":\"BreadcrumbList\",\"@id\":\"https:\/\/dev1.jogapiekna.com\/en\/product\/tasma-do-kinesiotapingu-twarzy-waska\/#breadcrumb\",\"itemListElement\":[{\"@type\":\"ListItem\",\"position\":1,\"name\":\"Strona g\u0142\u00f3wna\",\"item\":\"https:\/\/dev1.jogapiekna.com\/\"},{\"@type\":\"ListItem\",\"position\":2,\"name\":\"Sklep\",\"item\":\"https:\/\/dev1.jogapiekna.com\/sklep\/\"},{\"@type\":\"ListItem\",\"position\":3,\"name\":\"Ta\u015bma do kinesiotapingu twarzy w\u0105ska 2.5 cm \u2022 Classic\"}]},{\"@type\":\"WebSite\",\"@id\":\"https:\/\/dev1.jogapiekna.com\/#website\",\"url\":\"https:\/\/dev1.jogapiekna.com\/\",\"name\":\"Joga Pi\u0119kna Marta Kuci\u0144ska\",\"description\":\"Joga Pi\u0119kna pomaga kobietom zachowa\u0107 urod\u0119, cofn\u0105\u0107 oznaki up\u0142ywaj\u0105cego czasu i zm\u0119czenia, odzyska\u0107 promienny wygl\u0105d, naturalny u\u015bmiech i popraw\u0119 w\u0142asnej samooceny.\",\"publisher\":{\"@id\":\"https:\/\/dev1.jogapiekna.com\/#organization\"},\"potentialAction\":[{\"@type\":\"SearchAction\",\"target\":{\"@type\":\"EntryPoint\",\"urlTemplate\":\"https:\/\/dev1.jogapiekna.com\/?s={search_term_string}\"},\"query-input\":{\"@type\":\"PropertyValueSpecification\",\"valueRequired\":true,\"valueName\":\"search_term_string\"}}],\"inLanguage\":\"en-GB\"},{\"@type\":\"Organization\",\"@id\":\"https:\/\/dev1.jogapiekna.com\/#organization\",\"name\":\"Joga Pi\u0119kna Marta Kuci\u0144ska\",\"url\":\"https:\/\/dev1.jogapiekna.com\/\",\"logo\":{\"@type\":\"ImageObject\",\"inLanguage\":\"en-GB\",\"@id\":\"https:\/\/dev1.jogapiekna.com\/#\/schema\/logo\/image\/\",\"url\":\"https:\/\/dev1.jogapiekna.com\/wp-content\/uploads\/2022\/09\/joga-piekna-logo_Rka.png\",\"contentUrl\":\"https:\/\/dev1.jogapiekna.com\/wp-content\/uploads\/2022\/09\/joga-piekna-logo_Rka.png\",\"width\":231,\"height\":124,\"caption\":\"Joga Pi\u0119kna Marta Kuci\u0144ska\"},\"image\":{\"@id\":\"https:\/\/dev1.jogapiekna.com\/#\/schema\/logo\/image\/\"},\"sameAs\":[\"https:\/\/www.facebook.com\/JogaPieknaCom\/\",\"https:\/\/www.instagram.com\/jogapieknacom\/\"]}]}<\/script>\n<!-- \/ Yoast SEO plugin. -->","yoast_head_json":{"title":"Ta\u015bma do kinesiotapingu twarzy w\u0105ska 2.5 cm \u2022 Classic |","description":"W\u0105ska ta\u015bma kinezjologiczna 2,5 cm w naturalny spos\u00f3b uj\u0119drnia sk\u00f3r\u0119 i wyg\u0142adza zmarszczki. Umiej\u0119tne przyklejanie tejp\u00f3w poprawi kr\u0105\u017cenie krwi i limfy, co bezpo\u015brednio wp\u0142ynie na kondycj\u0119 Twojej sk\u00f3ry. Ta\u015bma Cure Tape Classic 2,5 cm jest w\u0119\u017csza od standardowych, co u\u0142atwi Ci aplikacj\u0119 w wybranych obszarach twarzy. Posiada niezb\u0119dne certyfikaty, co czyni j\u0105 produktem premium, w\u015br\u00f3d innych ta\u015bm kinezjologicznych.","robots":{"index":"index","follow":"follow","max-snippet":"max-snippet:-1","max-image-preview":"max-image-preview:large","max-video-preview":"max-video-preview:-1"},"canonical":"https:\/\/dev1.jogapiekna.com\/en\/product\/tasma-do-kinesiotapingu-twarzy-waska\/","og_locale":"en_GB","og_type":"article","og_title":"Ta\u015bma do kinesiotapingu twarzy w\u0105ska 2.5 cm \u2022 Classic |","og_description":"W\u0105ska ta\u015bma kinezjologiczna 2,5 cm w naturalny spos\u00f3b uj\u0119drnia sk\u00f3r\u0119 i wyg\u0142adza zmarszczki. Umiej\u0119tne przyklejanie tejp\u00f3w poprawi kr\u0105\u017cenie krwi i limfy, co bezpo\u015brednio wp\u0142ynie na kondycj\u0119 Twojej sk\u00f3ry. Ta\u015bma Cure Tape Classic 2,5 cm jest w\u0119\u017csza od standardowych, co u\u0142atwi Ci aplikacj\u0119 w wybranych obszarach twarzy. Posiada niezb\u0119dne certyfikaty, co czyni j\u0105 produktem premium, w\u015br\u00f3d innych ta\u015bm kinezjologicznych.","og_url":"https:\/\/dev1.jogapiekna.com\/en\/product\/tasma-do-kinesiotapingu-twarzy-waska\/","og_site_name":"JOGA PI\u0118KNA | Joga Twarzy","article_publisher":"https:\/\/www.facebook.com\/JogaPieknaCom\/","article_modified_time":"2026-03-12T21:15:35+00:00","og_image":[{"width":1000,"height":1000,"url":"https:\/\/dev1.jogapiekna.com\/wp-content\/uploads\/2022\/04\/Tasma-do-kinesiotapingu-waska-2-5-cm-Classic_bezowa.jpg","type":"image\/jpeg"}],"twitter_card":"summary_large_image","twitter_misc":{"Estimated reading time":"3 minutes"},"schema":{"@context":"https:\/\/schema.org","@graph":[{"@type":"WebPage","@id":"https:\/\/dev1.jogapiekna.com\/en\/product\/tasma-do-kinesiotapingu-twarzy-waska\/","url":"https:\/\/dev1.jogapiekna.com\/en\/product\/tasma-do-kinesiotapingu-twarzy-waska\/","name":"Ta\u015bma do kinesiotapingu twarzy w\u0105ska 2.5 cm \u2022 Classic |","isPartOf":{"@id":"https:\/\/dev1.jogapiekna.com\/#website"},"primaryImageOfPage":{"@id":"https:\/\/dev1.jogapiekna.com\/en\/product\/tasma-do-kinesiotapingu-twarzy-waska\/#primaryimage"},"image":{"@id":"https:\/\/dev1.jogapiekna.com\/en\/product\/tasma-do-kinesiotapingu-twarzy-waska\/#primaryimage"},"thumbnailUrl":"https:\/\/dev1.jogapiekna.com\/wp-content\/uploads\/2022\/04\/Tasma-do-kinesiotapingu-waska-2-5-cm-Classic_bezowa.jpg","datePublished":"2022-04-20T20:05:35+00:00","dateModified":"2026-03-12T21:15:35+00:00","description":"W\u0105ska ta\u015bma kinezjologiczna 2,5 cm w naturalny spos\u00f3b uj\u0119drnia sk\u00f3r\u0119 i wyg\u0142adza zmarszczki. Umiej\u0119tne przyklejanie tejp\u00f3w poprawi kr\u0105\u017cenie krwi i limfy, co bezpo\u015brednio wp\u0142ynie na kondycj\u0119 Twojej sk\u00f3ry. Ta\u015bma Cure Tape Classic 2,5 cm jest w\u0119\u017csza od standardowych, co u\u0142atwi Ci aplikacj\u0119 w wybranych obszarach twarzy. Posiada niezb\u0119dne certyfikaty, co czyni j\u0105 produktem premium, w\u015br\u00f3d innych ta\u015bm kinezjologicznych.","breadcrumb":{"@id":"https:\/\/dev1.jogapiekna.com\/en\/product\/tasma-do-kinesiotapingu-twarzy-waska\/#breadcrumb"},"inLanguage":"en-GB","potentialAction":[{"@type":"ReadAction","target":["https:\/\/dev1.jogapiekna.com\/en\/product\/tasma-do-kinesiotapingu-twarzy-waska\/"]}]},{"@type":"ImageObject","inLanguage":"en-GB","@id":"https:\/\/dev1.jogapiekna.com\/en\/product\/tasma-do-kinesiotapingu-twarzy-waska\/#primaryimage","url":"https:\/\/dev1.jogapiekna.com\/wp-content\/uploads\/2022\/04\/Tasma-do-kinesiotapingu-waska-2-5-cm-Classic_bezowa.jpg","contentUrl":"https:\/\/dev1.jogapiekna.com\/wp-content\/uploads\/2022\/04\/Tasma-do-kinesiotapingu-waska-2-5-cm-Classic_bezowa.jpg","width":1000,"height":1000,"caption":"Ta\u015bma do kinesiotapingu \u2028w\u0105ska 2,5 cm | Classic"},{"@type":"BreadcrumbList","@id":"https:\/\/dev1.jogapiekna.com\/en\/product\/tasma-do-kinesiotapingu-twarzy-waska\/#breadcrumb","itemListElement":[{"@type":"ListItem","position":1,"name":"Strona g\u0142\u00f3wna","item":"https:\/\/dev1.jogapiekna.com\/"},{"@type":"ListItem","position":2,"name":"Sklep","item":"https:\/\/dev1.jogapiekna.com\/sklep\/"},{"@type":"ListItem","position":3,"name":"Ta\u015bma do kinesiotapingu twarzy w\u0105ska 2.5 cm \u2022 Classic"}]},{"@type":"WebSite","@id":"https:\/\/dev1.jogapiekna.com\/#website","url":"https:\/\/dev1.jogapiekna.com\/","name":"Yoga Beauty Marta Kuci\u0144ska","description":"Beauty Yoga helps women to maintain their beauty, reverse the signs of passing time and fatigue, regain a radiant appearance, natural smile and improve their self-esteem.","publisher":{"@id":"https:\/\/dev1.jogapiekna.com\/#organization"},"potentialAction":[{"@type":"SearchAction","target":{"@type":"EntryPoint","urlTemplate":"https:\/\/dev1.jogapiekna.com\/?s={search_term_string}"},"query-input":{"@type":"PropertyValueSpecification","valueRequired":true,"valueName":"search_term_string"}}],"inLanguage":"en-GB"},{"@type":"Organization","@id":"https:\/\/dev1.jogapiekna.com\/#organization","name":"Yoga Beauty Marta Kuci\u0144ska","url":"https:\/\/dev1.jogapiekna.com\/","logo":{"@type":"ImageObject","inLanguage":"en-GB","@id":"https:\/\/dev1.jogapiekna.com\/#\/schema\/logo\/image\/","url":"https:\/\/dev1.jogapiekna.com\/wp-content\/uploads\/2022\/09\/joga-piekna-logo_Rka.png","contentUrl":"https:\/\/dev1.jogapiekna.com\/wp-content\/uploads\/2022\/09\/joga-piekna-logo_Rka.png","width":231,"height":124,"caption":"Joga Pi\u0119kna Marta Kuci\u0144ska"},"image":{"@id":"https:\/\/dev1.jogapiekna.com\/#\/schema\/logo\/image\/"},"sameAs":["https:\/\/www.facebook.com\/JogaPieknaCom\/","https:\/\/www.instagram.com\/jogapieknacom\/"]}]}},"_links":{"self":[{"href":"https:\/\/dev1.jogapiekna.com\/en\/wp-json\/wp\/v2\/product\/80754","targetHints":{"allow":["GET"]}}],"collection":[{"href":"https:\/\/dev1.jogapiekna.com\/en\/wp-json\/wp\/v2\/product"}],"about":[{"href":"https:\/\/dev1.jogapiekna.com\/en\/wp-json\/wp\/v2\/types\/product"}],"replies":[{"embeddable":true,"href":"https:\/\/dev1.jogapiekna.com\/en\/wp-json\/wp\/v2\/comments?post=80754"}],"version-history":[{"count":3,"href":"https:\/\/dev1.jogapiekna.com\/en\/wp-json\/wp\/v2\/product\/80754\/revisions"}],"predecessor-version":[{"id":217342,"href":"https:\/\/dev1.jogapiekna.com\/en\/wp-json\/wp\/v2\/product\/80754\/revisions\/217342"}],"wp:featuredmedia":[{"embeddable":true,"href":"https:\/\/dev1.jogapiekna.com\/en\/wp-json\/wp\/v2\/media\/94037"}],"wp:attachment":[{"href":"https:\/\/dev1.jogapiekna.com\/en\/wp-json\/wp\/v2\/media?parent=80754"}],"wp:term":[{"taxonomy":"product_brand","embeddable":true,"href":"https:\/\/dev1.jogapiekna.com\/en\/wp-json\/wp\/v2\/product_brand?post=80754"},{"taxonomy":"product_cat","embeddable":true,"href":"https:\/\/dev1.jogapiekna.com\/en\/wp-json\/wp\/v2\/product_cat?post=80754"},{"taxonomy":"product_tag","embeddable":true,"href":"https:\/\/dev1.jogapiekna.com\/en\/wp-json\/wp\/v2\/product_tag?post=80754"}],"curies":[{"name":"wp","href":"https:\/\/api.w.org\/{rel}","templated":true}]}}