{"id":80745,"date":"2022-04-20T21:49:03","date_gmt":"2022-04-20T19:49:03","guid":{"rendered":"https:\/\/dev1.jogapiekna.com?post_type=product&#038;p=80745"},"modified":"2026-03-19T01:05:28","modified_gmt":"2026-03-19T00:05:28","slug":"tasma-do-kinesiotapingu-centymetrowa","status":"publish","type":"product","link":"https:\/\/dev1.jogapiekna.com\/en\/product\/tasma-do-kinesiotapingu-centymetrowa\/","title":{"rendered":"Facial kinesiotaping tape centimetre - Classic"},"content":{"rendered":"<p>Looking for <strong>taping without cutting<\/strong>, What do you need for a quick and comfortable application? Cure Tape's centimetre-long, narrow aesthetic kinesiotaping plasters will meet your needs. Skilfully applied on the face, they will increase the space in the subcutaneous tissue where mechanical receptors, blood vessels and lymphatic vessels are located. In this way, you naturally stimulate circulation, eliminating swelling and lymphatic stasis.<\/p>\n<p><strong>Facial aesthetic taping<\/strong> is a recipe for a more youthful appearance. By tightening the skin, the tapes smooth the skin and reduce wrinkles and fine lines. In addition, they shape the oval of the face and firm the skin, which eliminates the problem of a second chin or hamsters on the cheeks, among others.<\/p>\n<p><strong>How to apply thin kinesiotaping tapes to the face?<\/strong> There are at least a few techniques and these should be tailored to individual aesthetic needs. To learn how to apply facial taping plasters, take our online course <strong><a href=\"https:\/\/dev1.jogapiekna.comprodukt\/kinesiotaping-estetyczny-z-joga-piekna-kurs-online\/\" target=\"_blank\" rel=\"noopener\">Aesthetic Kinesiotaping with Yoga Beauty<\/a><\/strong>.<\/p>\n<p>&nbsp;<\/p>\n<h2><strong>Features of the Classic Cure Tape thin face tape 1 cm x 5 cm<\/strong><\/h2>\n<ul>\n<li>Cure Tape Classic lifting tape is a flesh-coloured beige.<\/li>\n<li><strong>The manufacturer's innovative idea is to create a tape for taping without cutting. The width of the slice is just 1 cm.<\/strong><\/li>\n<li>The roll has <strong>length 5 metres<\/strong>, which allows for multiple applications.<\/li>\n<li>The centimetre-long lifting tape is latex-free and made of <strong>made of soft, natural, high-quality cotton<\/strong>.<\/li>\n<li>Hypoallergenic acrylic adhesive makes aesthetic kinesiotaping tape, friendly <strong>even for very sensitive skin<\/strong>.<\/li>\n<li>The patch is <strong>waterproof<\/strong>, It lasts a long time on the skin and you can take a shower or do sports in it.<\/li>\n<\/ul>\n<p>&nbsp;<\/p>\n<h3>Why Cure Tape?<\/h3>\n<ul>\n<li>Cure Tape is an internationally renowned and respected Korean company that specialises in the production of skin-friendly, anti-allergenic tapes for taping.<\/li>\n<li>Cure Tape Punch kinesiotaping tape has <strong>T\u00dcV quality mark<\/strong>. It is manufactured in an ISO-13485\/9001 certified factory.<\/li>\n<li>Product <strong>registered in 1 medical class<\/strong>. It meets all European and international requirements for medical quality.<\/li>\n<\/ul>\n<p>&nbsp;<\/p>\n<h2><strong>Effects of regular use of narrow aesthetic kinesiotaping patches<\/strong><\/h2>\n<ul>\n<li>o a natural way to make wrinkles such as the lion's wrinkle, nasolabial furrows, transverse wrinkles on the forehead or neck smoother,<\/li>\n<li>stimulation and skin tightening improves skin firmness,<\/li>\n<li>Aesthetic kinesiotaping removes swelling and lymphatic stasis,<\/li>\n<li>thanks to the bands, you stimulate circulation, which has a positive effect on skin tone and a healthy appearance,<\/li>\n<li>is an excellent way to naturally reduce facial hamsters and the second chin,<\/li>\n<li>without invasive procedures, you can sculpt the oval of your face, restoring a youthful appearance.<\/li>\n<\/ul>\n<p>The 1 cm wide flesh-coloured, narrow kinesiotaping tape will allow you to comfortably apply the patch to your face without trimming.<\/p>\n<p>Watch the video to find out which tape to choose for aesthetic kinesiotaping of the face.<\/p>\n<p><iframe title=\"YouTube video player\" src=\"https:\/\/www.youtube.com\/embed\/7ixJzLuXMGE\" width=\"800\" height=\"450\" frameborder=\"0\" allowfullscreen=\"allowfullscreen\"><\/iframe><\/p>\n<p>&nbsp;<\/p>\n<h2><strong> Online course of aesthetic Kinesiotaping with beauty yoga <\/strong><\/h2>\n<p>Do you want to use kinesioptaping at home? My name is Marta Kuci\u0144ska and I specialise in natural rejuvenation. I am a biologist by training, a third degree ayurveda consultant and a certified facial yoga teacher.<\/p>\n<p>Join the online course: <a href=\"https:\/\/dev1.jogapiekna.comprodukt\/kinesiotaping-estetyczny-z-joga-piekna-kurs-online\/\" target=\"_blank\" rel=\"noopener\">Aesthetic kinesiotaping with beauty yoga<\/a>to learn how to apply taping correctly and safely. You will learn about the 16 applications of taping to the face, neck and d\u00e9collet\u00e9.<\/p>","protected":false},"excerpt":{"rendered":"<p><strong>Centimetre-long facial kinesiotaping tape<\/strong> is the choice for those who value convenience. Narrow slices <strong>no additional trimming required<\/strong>. You can immediately apply them on your forehead, cheeks or neck. Skillful application of the patches will improve blood and lymph circulation, which will directly affect the condition of your skin. The tapes are waterproof and friendly to very sensitive skin.<\/p>","protected":false},"featured_media":94039,"comment_status":"closed","ping_status":"closed","template":"","meta":{"_acf_changed":false,"site-sidebar-layout":"default","site-content-layout":"","ast-site-content-layout":"default","site-content-style":"default","site-sidebar-style":"default","ast-global-header-display":"","ast-banner-title-visibility":"","ast-main-header-display":"","ast-hfb-above-header-display":"","ast-hfb-below-header-display":"","ast-hfb-mobile-header-display":"","site-post-title":"","ast-breadcrumbs-content":"","ast-featured-img":"","footer-sml-layout":"","ast-disable-related-posts":"","theme-transparent-header-meta":"default","adv-header-id-meta":"","stick-header-meta":"","header-above-stick-meta":"","header-main-stick-meta":"","header-below-stick-meta":"","astra-migrate-meta-layouts":"set","ast-page-background-enabled":"default","ast-page-background-meta":{"desktop":{"background-color":"var(--ast-global-color-5)","background-image":"","background-repeat":"repeat","background-position":"center center","background-size":"auto","background-attachment":"scroll","background-type":"","background-media":"","overlay-type":"","overlay-color":"","overlay-opacity":"","overlay-gradient":""},"tablet":{"background-color":"","background-image":"","background-repeat":"repeat","background-position":"center center","background-size":"auto","background-attachment":"scroll","background-type":"","background-media":"","overlay-type":"","overlay-color":"","overlay-opacity":"","overlay-gradient":""},"mobile":{"background-color":"","background-image":"","background-repeat":"repeat","background-position":"center center","background-size":"auto","background-attachment":"scroll","background-type":"","background-media":"","overlay-type":"","overlay-color":"","overlay-opacity":"","overlay-gradient":""}},"ast-content-background-meta":{"desktop":{"background-color":"var(--ast-global-color-4)","background-image":"","background-repeat":"repeat","background-position":"center center","background-size":"auto","background-attachment":"scroll","background-type":"","background-media":"","overlay-type":"","overlay-color":"","overlay-opacity":"","overlay-gradient":""},"tablet":{"background-color":"var(--ast-global-color-4)","background-image":"","background-repeat":"repeat","background-position":"center center","background-size":"auto","background-attachment":"scroll","background-type":"","background-media":"","overlay-type":"","overlay-color":"","overlay-opacity":"","overlay-gradient":""},"mobile":{"background-color":"var(--ast-global-color-4)","background-image":"","background-repeat":"repeat","background-position":"center center","background-size":"auto","background-attachment":"scroll","background-type":"","background-media":"","overlay-type":"","overlay-color":"","overlay-opacity":"","overlay-gradient":""}}},"product_brand":[],"product_cat":[21,621],"product_tag":[538,235,234,539,540],"class_list":{"0":"post-80745","1":"product","2":"type-product","3":"status-publish","4":"has-post-thumbnail","6":"product_cat-akcesoria","7":"product_cat-kinesiotaping-estetyczny","8":"product_tag-centymetrowa-tasma-do-kinesiotapingu-twarzy","9":"product_tag-kinesiotaping","10":"product_tag-tasma","11":"product_tag-tasma-do-tapingu-bez-przycinania","12":"product_tag-tasmy-liftingujace","13":"desktop-align-left","14":"tablet-align-left","15":"mobile-align-left","17":"first","18":"instock","19":"featured","20":"taxable","21":"shipping-taxable","22":"purchasable","23":"product-type-simple"},"acf":[],"yoast_head":"<!-- This site is optimized with the Yoast SEO plugin v27.1.1 - https:\/\/yoast.com\/product\/yoast-seo-wordpress\/ -->\n<title>Ta\u015bma do kinesiotapingu twarzy centymetrowa \u2022 Classic |<\/title>\n<meta name=\"description\" content=\"Centymetrowa ta\u015bma do kinesiotapingu twarzy to wyb\u00f3r dla os\u00f3b, kt\u00f3re ceni\u0105 wygod\u0119. W\u0105skie plastry nie wymagaj\u0105 dodatkowego przycinania. Od razu mo\u017cesz aplikowa\u0107 je na czole, policzkach, czy szyi. Umiej\u0119tne przyklejanie plastr\u00f3w poprawi kr\u0105\u017cenie krwi i limfy, co bezpo\u015brednio wp\u0142ynie na kondycj\u0119 Twojej sk\u00f3ry. Ta\u015bmy s\u0105 wodoodporne i przyjazne dla bardzo wra\u017cliwej sk\u00f3ry.\" \/>\n<meta name=\"robots\" content=\"index, follow, max-snippet:-1, max-image-preview:large, max-video-preview:-1\" \/>\n<link rel=\"canonical\" href=\"https:\/\/dev1.jogapiekna.com\/en\/product\/tasma-do-kinesiotapingu-centymetrowa\/\" \/>\n<meta property=\"og:locale\" content=\"en_GB\" \/>\n<meta property=\"og:type\" content=\"article\" \/>\n<meta property=\"og:title\" content=\"Ta\u015bma do kinesiotapingu twarzy centymetrowa \u2022 Classic |\" \/>\n<meta property=\"og:description\" content=\"Centymetrowa ta\u015bma do kinesiotapingu twarzy to wyb\u00f3r dla os\u00f3b, kt\u00f3re ceni\u0105 wygod\u0119. W\u0105skie plastry nie wymagaj\u0105 dodatkowego przycinania. Od razu mo\u017cesz aplikowa\u0107 je na czole, policzkach, czy szyi. Umiej\u0119tne przyklejanie plastr\u00f3w poprawi kr\u0105\u017cenie krwi i limfy, co bezpo\u015brednio wp\u0142ynie na kondycj\u0119 Twojej sk\u00f3ry. Ta\u015bmy s\u0105 wodoodporne i przyjazne dla bardzo wra\u017cliwej sk\u00f3ry.\" \/>\n<meta property=\"og:url\" content=\"https:\/\/dev1.jogapiekna.com\/en\/product\/tasma-do-kinesiotapingu-centymetrowa\/\" \/>\n<meta property=\"og:site_name\" content=\"JOGA PI\u0118KNA | Joga Twarzy\" \/>\n<meta property=\"article:publisher\" content=\"https:\/\/www.facebook.com\/JogaPieknaCom\/\" \/>\n<meta property=\"article:modified_time\" content=\"2026-03-19T00:05:28+00:00\" \/>\n<meta property=\"og:image\" content=\"https:\/\/dev1.jogapiekna.com\/wp-content\/uploads\/2022\/04\/Tasma-do-kinesiotapingu-twarzy-centymetrowa-Classic_bezowa.jpg\" \/>\n\t<meta property=\"og:image:width\" content=\"1000\" \/>\n\t<meta property=\"og:image:height\" content=\"1000\" \/>\n\t<meta property=\"og:image:type\" content=\"image\/jpeg\" \/>\n<meta name=\"twitter:card\" content=\"summary_large_image\" \/>\n<meta name=\"twitter:label1\" content=\"Estimated reading time\" \/>\n\t<meta name=\"twitter:data1\" content=\"3 minutes\" \/>\n<script type=\"application\/ld+json\" class=\"yoast-schema-graph\">{\"@context\":\"https:\/\/schema.org\",\"@graph\":[{\"@type\":\"WebPage\",\"@id\":\"https:\/\/dev1.jogapiekna.com\/en\/product\/tasma-do-kinesiotapingu-centymetrowa\/\",\"url\":\"https:\/\/dev1.jogapiekna.com\/en\/product\/tasma-do-kinesiotapingu-centymetrowa\/\",\"name\":\"Ta\u015bma do kinesiotapingu twarzy centymetrowa \u2022 Classic |\",\"isPartOf\":{\"@id\":\"https:\/\/dev1.jogapiekna.com\/#website\"},\"primaryImageOfPage\":{\"@id\":\"https:\/\/dev1.jogapiekna.com\/en\/product\/tasma-do-kinesiotapingu-centymetrowa\/#primaryimage\"},\"image\":{\"@id\":\"https:\/\/dev1.jogapiekna.com\/en\/product\/tasma-do-kinesiotapingu-centymetrowa\/#primaryimage\"},\"thumbnailUrl\":\"https:\/\/dev1.jogapiekna.com\/wp-content\/uploads\/2022\/04\/Tasma-do-kinesiotapingu-twarzy-centymetrowa-Classic_bezowa.jpg\",\"datePublished\":\"2022-04-20T19:49:03+00:00\",\"dateModified\":\"2026-03-19T00:05:28+00:00\",\"description\":\"Centymetrowa ta\u015bma do kinesiotapingu twarzy to wyb\u00f3r dla os\u00f3b, kt\u00f3re ceni\u0105 wygod\u0119. W\u0105skie plastry nie wymagaj\u0105 dodatkowego przycinania. Od razu mo\u017cesz aplikowa\u0107 je na czole, policzkach, czy szyi. Umiej\u0119tne przyklejanie plastr\u00f3w poprawi kr\u0105\u017cenie krwi i limfy, co bezpo\u015brednio wp\u0142ynie na kondycj\u0119 Twojej sk\u00f3ry. Ta\u015bmy s\u0105 wodoodporne i przyjazne dla bardzo wra\u017cliwej sk\u00f3ry.\",\"breadcrumb\":{\"@id\":\"https:\/\/dev1.jogapiekna.com\/en\/product\/tasma-do-kinesiotapingu-centymetrowa\/#breadcrumb\"},\"inLanguage\":\"en-GB\",\"potentialAction\":[{\"@type\":\"ReadAction\",\"target\":[\"https:\/\/dev1.jogapiekna.com\/en\/product\/tasma-do-kinesiotapingu-centymetrowa\/\"]}]},{\"@type\":\"ImageObject\",\"inLanguage\":\"en-GB\",\"@id\":\"https:\/\/dev1.jogapiekna.com\/en\/product\/tasma-do-kinesiotapingu-centymetrowa\/#primaryimage\",\"url\":\"https:\/\/dev1.jogapiekna.com\/wp-content\/uploads\/2022\/04\/Tasma-do-kinesiotapingu-twarzy-centymetrowa-Classic_bezowa.jpg\",\"contentUrl\":\"https:\/\/dev1.jogapiekna.com\/wp-content\/uploads\/2022\/04\/Tasma-do-kinesiotapingu-twarzy-centymetrowa-Classic_bezowa.jpg\",\"width\":1000,\"height\":1000,\"caption\":\"Ta\u015bma do kinesiotapingu twarzy centymetrowa | Classic\"},{\"@type\":\"BreadcrumbList\",\"@id\":\"https:\/\/dev1.jogapiekna.com\/en\/product\/tasma-do-kinesiotapingu-centymetrowa\/#breadcrumb\",\"itemListElement\":[{\"@type\":\"ListItem\",\"position\":1,\"name\":\"Strona g\u0142\u00f3wna\",\"item\":\"https:\/\/dev1.jogapiekna.com\/\"},{\"@type\":\"ListItem\",\"position\":2,\"name\":\"Sklep\",\"item\":\"https:\/\/dev1.jogapiekna.com\/sklep\/\"},{\"@type\":\"ListItem\",\"position\":3,\"name\":\"Ta\u015bma do kinesiotapingu twarzy centymetrowa \u2022 Classic\"}]},{\"@type\":\"WebSite\",\"@id\":\"https:\/\/dev1.jogapiekna.com\/#website\",\"url\":\"https:\/\/dev1.jogapiekna.com\/\",\"name\":\"Joga Pi\u0119kna Marta Kuci\u0144ska\",\"description\":\"Joga Pi\u0119kna pomaga kobietom zachowa\u0107 urod\u0119, cofn\u0105\u0107 oznaki up\u0142ywaj\u0105cego czasu i zm\u0119czenia, odzyska\u0107 promienny wygl\u0105d, naturalny u\u015bmiech i popraw\u0119 w\u0142asnej samooceny.\",\"publisher\":{\"@id\":\"https:\/\/dev1.jogapiekna.com\/#organization\"},\"potentialAction\":[{\"@type\":\"SearchAction\",\"target\":{\"@type\":\"EntryPoint\",\"urlTemplate\":\"https:\/\/dev1.jogapiekna.com\/?s={search_term_string}\"},\"query-input\":{\"@type\":\"PropertyValueSpecification\",\"valueRequired\":true,\"valueName\":\"search_term_string\"}}],\"inLanguage\":\"en-GB\"},{\"@type\":\"Organization\",\"@id\":\"https:\/\/dev1.jogapiekna.com\/#organization\",\"name\":\"Joga Pi\u0119kna Marta Kuci\u0144ska\",\"url\":\"https:\/\/dev1.jogapiekna.com\/\",\"logo\":{\"@type\":\"ImageObject\",\"inLanguage\":\"en-GB\",\"@id\":\"https:\/\/dev1.jogapiekna.com\/#\/schema\/logo\/image\/\",\"url\":\"https:\/\/dev1.jogapiekna.com\/wp-content\/uploads\/2022\/09\/joga-piekna-logo_Rka.png\",\"contentUrl\":\"https:\/\/dev1.jogapiekna.com\/wp-content\/uploads\/2022\/09\/joga-piekna-logo_Rka.png\",\"width\":231,\"height\":124,\"caption\":\"Joga Pi\u0119kna Marta Kuci\u0144ska\"},\"image\":{\"@id\":\"https:\/\/dev1.jogapiekna.com\/#\/schema\/logo\/image\/\"},\"sameAs\":[\"https:\/\/www.facebook.com\/JogaPieknaCom\/\",\"https:\/\/www.instagram.com\/jogapieknacom\/\"]}]}<\/script>\n<!-- \/ Yoast SEO plugin. -->","yoast_head_json":{"title":"Ta\u015bma do kinesiotapingu twarzy centymetrowa \u2022 Classic |","description":"Centymetrowa ta\u015bma do kinesiotapingu twarzy to wyb\u00f3r dla os\u00f3b, kt\u00f3re ceni\u0105 wygod\u0119. W\u0105skie plastry nie wymagaj\u0105 dodatkowego przycinania. Od razu mo\u017cesz aplikowa\u0107 je na czole, policzkach, czy szyi. Umiej\u0119tne przyklejanie plastr\u00f3w poprawi kr\u0105\u017cenie krwi i limfy, co bezpo\u015brednio wp\u0142ynie na kondycj\u0119 Twojej sk\u00f3ry. Ta\u015bmy s\u0105 wodoodporne i przyjazne dla bardzo wra\u017cliwej sk\u00f3ry.","robots":{"index":"index","follow":"follow","max-snippet":"max-snippet:-1","max-image-preview":"max-image-preview:large","max-video-preview":"max-video-preview:-1"},"canonical":"https:\/\/dev1.jogapiekna.com\/en\/product\/tasma-do-kinesiotapingu-centymetrowa\/","og_locale":"en_GB","og_type":"article","og_title":"Ta\u015bma do kinesiotapingu twarzy centymetrowa \u2022 Classic |","og_description":"Centymetrowa ta\u015bma do kinesiotapingu twarzy to wyb\u00f3r dla os\u00f3b, kt\u00f3re ceni\u0105 wygod\u0119. W\u0105skie plastry nie wymagaj\u0105 dodatkowego przycinania. Od razu mo\u017cesz aplikowa\u0107 je na czole, policzkach, czy szyi. Umiej\u0119tne przyklejanie plastr\u00f3w poprawi kr\u0105\u017cenie krwi i limfy, co bezpo\u015brednio wp\u0142ynie na kondycj\u0119 Twojej sk\u00f3ry. Ta\u015bmy s\u0105 wodoodporne i przyjazne dla bardzo wra\u017cliwej sk\u00f3ry.","og_url":"https:\/\/dev1.jogapiekna.com\/en\/product\/tasma-do-kinesiotapingu-centymetrowa\/","og_site_name":"JOGA PI\u0118KNA | Joga Twarzy","article_publisher":"https:\/\/www.facebook.com\/JogaPieknaCom\/","article_modified_time":"2026-03-19T00:05:28+00:00","og_image":[{"width":1000,"height":1000,"url":"https:\/\/dev1.jogapiekna.com\/wp-content\/uploads\/2022\/04\/Tasma-do-kinesiotapingu-twarzy-centymetrowa-Classic_bezowa.jpg","type":"image\/jpeg"}],"twitter_card":"summary_large_image","twitter_misc":{"Estimated reading time":"3 minutes"},"schema":{"@context":"https:\/\/schema.org","@graph":[{"@type":"WebPage","@id":"https:\/\/dev1.jogapiekna.com\/en\/product\/tasma-do-kinesiotapingu-centymetrowa\/","url":"https:\/\/dev1.jogapiekna.com\/en\/product\/tasma-do-kinesiotapingu-centymetrowa\/","name":"Ta\u015bma do kinesiotapingu twarzy centymetrowa \u2022 Classic |","isPartOf":{"@id":"https:\/\/dev1.jogapiekna.com\/#website"},"primaryImageOfPage":{"@id":"https:\/\/dev1.jogapiekna.com\/en\/product\/tasma-do-kinesiotapingu-centymetrowa\/#primaryimage"},"image":{"@id":"https:\/\/dev1.jogapiekna.com\/en\/product\/tasma-do-kinesiotapingu-centymetrowa\/#primaryimage"},"thumbnailUrl":"https:\/\/dev1.jogapiekna.com\/wp-content\/uploads\/2022\/04\/Tasma-do-kinesiotapingu-twarzy-centymetrowa-Classic_bezowa.jpg","datePublished":"2022-04-20T19:49:03+00:00","dateModified":"2026-03-19T00:05:28+00:00","description":"Centymetrowa ta\u015bma do kinesiotapingu twarzy to wyb\u00f3r dla os\u00f3b, kt\u00f3re ceni\u0105 wygod\u0119. W\u0105skie plastry nie wymagaj\u0105 dodatkowego przycinania. Od razu mo\u017cesz aplikowa\u0107 je na czole, policzkach, czy szyi. Umiej\u0119tne przyklejanie plastr\u00f3w poprawi kr\u0105\u017cenie krwi i limfy, co bezpo\u015brednio wp\u0142ynie na kondycj\u0119 Twojej sk\u00f3ry. Ta\u015bmy s\u0105 wodoodporne i przyjazne dla bardzo wra\u017cliwej sk\u00f3ry.","breadcrumb":{"@id":"https:\/\/dev1.jogapiekna.com\/en\/product\/tasma-do-kinesiotapingu-centymetrowa\/#breadcrumb"},"inLanguage":"en-GB","potentialAction":[{"@type":"ReadAction","target":["https:\/\/dev1.jogapiekna.com\/en\/product\/tasma-do-kinesiotapingu-centymetrowa\/"]}]},{"@type":"ImageObject","inLanguage":"en-GB","@id":"https:\/\/dev1.jogapiekna.com\/en\/product\/tasma-do-kinesiotapingu-centymetrowa\/#primaryimage","url":"https:\/\/dev1.jogapiekna.com\/wp-content\/uploads\/2022\/04\/Tasma-do-kinesiotapingu-twarzy-centymetrowa-Classic_bezowa.jpg","contentUrl":"https:\/\/dev1.jogapiekna.com\/wp-content\/uploads\/2022\/04\/Tasma-do-kinesiotapingu-twarzy-centymetrowa-Classic_bezowa.jpg","width":1000,"height":1000,"caption":"Ta\u015bma do kinesiotapingu twarzy centymetrowa | Classic"},{"@type":"BreadcrumbList","@id":"https:\/\/dev1.jogapiekna.com\/en\/product\/tasma-do-kinesiotapingu-centymetrowa\/#breadcrumb","itemListElement":[{"@type":"ListItem","position":1,"name":"Strona g\u0142\u00f3wna","item":"https:\/\/dev1.jogapiekna.com\/"},{"@type":"ListItem","position":2,"name":"Sklep","item":"https:\/\/dev1.jogapiekna.com\/sklep\/"},{"@type":"ListItem","position":3,"name":"Ta\u015bma do kinesiotapingu twarzy centymetrowa \u2022 Classic"}]},{"@type":"WebSite","@id":"https:\/\/dev1.jogapiekna.com\/#website","url":"https:\/\/dev1.jogapiekna.com\/","name":"Yoga Beauty Marta Kuci\u0144ska","description":"Beauty Yoga helps women to maintain their beauty, reverse the signs of passing time and fatigue, regain a radiant appearance, natural smile and improve their self-esteem.","publisher":{"@id":"https:\/\/dev1.jogapiekna.com\/#organization"},"potentialAction":[{"@type":"SearchAction","target":{"@type":"EntryPoint","urlTemplate":"https:\/\/dev1.jogapiekna.com\/?s={search_term_string}"},"query-input":{"@type":"PropertyValueSpecification","valueRequired":true,"valueName":"search_term_string"}}],"inLanguage":"en-GB"},{"@type":"Organization","@id":"https:\/\/dev1.jogapiekna.com\/#organization","name":"Yoga Beauty Marta Kuci\u0144ska","url":"https:\/\/dev1.jogapiekna.com\/","logo":{"@type":"ImageObject","inLanguage":"en-GB","@id":"https:\/\/dev1.jogapiekna.com\/#\/schema\/logo\/image\/","url":"https:\/\/dev1.jogapiekna.com\/wp-content\/uploads\/2022\/09\/joga-piekna-logo_Rka.png","contentUrl":"https:\/\/dev1.jogapiekna.com\/wp-content\/uploads\/2022\/09\/joga-piekna-logo_Rka.png","width":231,"height":124,"caption":"Joga Pi\u0119kna Marta Kuci\u0144ska"},"image":{"@id":"https:\/\/dev1.jogapiekna.com\/#\/schema\/logo\/image\/"},"sameAs":["https:\/\/www.facebook.com\/JogaPieknaCom\/","https:\/\/www.instagram.com\/jogapieknacom\/"]}]}},"_links":{"self":[{"href":"https:\/\/dev1.jogapiekna.com\/en\/wp-json\/wp\/v2\/product\/80745","targetHints":{"allow":["GET"]}}],"collection":[{"href":"https:\/\/dev1.jogapiekna.com\/en\/wp-json\/wp\/v2\/product"}],"about":[{"href":"https:\/\/dev1.jogapiekna.com\/en\/wp-json\/wp\/v2\/types\/product"}],"replies":[{"embeddable":true,"href":"https:\/\/dev1.jogapiekna.com\/en\/wp-json\/wp\/v2\/comments?post=80745"}],"version-history":[{"count":2,"href":"https:\/\/dev1.jogapiekna.com\/en\/wp-json\/wp\/v2\/product\/80745\/revisions"}],"predecessor-version":[{"id":217334,"href":"https:\/\/dev1.jogapiekna.com\/en\/wp-json\/wp\/v2\/product\/80745\/revisions\/217334"}],"wp:featuredmedia":[{"embeddable":true,"href":"https:\/\/dev1.jogapiekna.com\/en\/wp-json\/wp\/v2\/media\/94039"}],"wp:attachment":[{"href":"https:\/\/dev1.jogapiekna.com\/en\/wp-json\/wp\/v2\/media?parent=80745"}],"wp:term":[{"taxonomy":"product_brand","embeddable":true,"href":"https:\/\/dev1.jogapiekna.com\/en\/wp-json\/wp\/v2\/product_brand?post=80745"},{"taxonomy":"product_cat","embeddable":true,"href":"https:\/\/dev1.jogapiekna.com\/en\/wp-json\/wp\/v2\/product_cat?post=80745"},{"taxonomy":"product_tag","embeddable":true,"href":"https:\/\/dev1.jogapiekna.com\/en\/wp-json\/wp\/v2\/product_tag?post=80745"}],"curies":[{"name":"wp","href":"https:\/\/api.w.org\/{rel}","templated":true}]}}