{"id":80736,"date":"2022-04-20T21:15:37","date_gmt":"2022-04-20T19:15:37","guid":{"rendered":"https:\/\/dev1.jogapiekna.com?post_type=product&#038;p=80736"},"modified":"2026-02-23T13:44:23","modified_gmt":"2026-02-23T12:44:23","slug":"tasma-do-kinesiotapingu-z-otworami","status":"publish","type":"product","link":"https:\/\/dev1.jogapiekna.com\/en\/product\/tasma-do-kinesiotapingu-z-otworami\/","title":{"rendered":"Lymphatic Kinesiotaping Tape with Holes * Punch"},"content":{"rendered":"<p>Lymph and water stagnation in the skin can add even more years to our appearance than wrinkles. Fortunately, swelling can be dealt with naturally. <strong>Facial lymphatic kinesiotaping tapes<\/strong> lifts the epidermis, thereby increasing the space in the subcutaneous tissue. The decompression of blood vessels, lymphatic vessels and nerves is immediately apparent with an improvement in the condition of the skin. The tendency to swelling disappears and the skin becomes visibly smoother and tighter. You will reduce dark circles under the eyes and bags, which affect the healthy and radiant appearance of the face.<\/p>\n<p>Importantly, <strong>Lymphatic taping with holes Punch<\/strong> allows for lateral and angular stretching. This, together with the unique cut-outs, constitutes its <strong>a differentiator from classic Cure Tape<\/strong>.<\/p>\n<p>&nbsp;<\/p>\n<h2><strong>Characteristics of Punch Cure Tape 5 cm x 5 m facial lymphatic kinesiotaping patches<\/strong><\/h2>\n<ul>\n<li>The Cure Tape Punch facial taping patch is available in flesh-coloured, pink and black.<\/li>\n<li><strong>What sets the product apart are the unique cut-outs, which create a pressure differential that stimulates the skin even more.<\/strong><\/li>\n<li>The width of the tape is 5 cm.<\/li>\n<li>The roll has <strong>length 5 metres<\/strong>which allows for multiple applications. To apply the patches to the face, they need to be cut properly.<\/li>\n<li>The kinesiotaping tape with holes is latex-free and made of soft, high-quality natural cotton.<\/li>\n<li>Hypoallergenic acrylic adhesive makes the patch friendly <strong>even for very sensitive skin<\/strong>. Can be used by children.<\/li>\n<li>The tapes are <strong>waterproof<\/strong>You can shower or play sport in them.<\/li>\n<\/ul>\n<p>&nbsp;<\/p>\n<h3>Why Cure Tape?<\/h3>\n<ul>\n<li>Cure Tape is an internationally renowned and respected Korean company that specialises in the production of skin-friendly, anti-allergenic tapes for taping.<\/li>\n<li>Cure Tape Punch kinesiotaping tape has <strong>T\u00dcV quality mark<\/strong>. It is manufactured in an ISO-13485\/9001 certified factory.<\/li>\n<li>Product <strong>registered in 1 medical class<\/strong>. It meets all European and international requirements for medical quality.<\/li>\n<\/ul>\n<p>&nbsp;<\/p>\n<h2><strong>What is the benefit of sticking lymphatic kinesiotaping tapes with holes?<\/strong><\/h2>\n<ul>\n<li>Lymphatic kinesiotaping removes swelling and lymph stasis,<\/li>\n<li>Taping tape with holes will prove useful in reducing dark circles and bags under the eyes,<\/li>\n<li>Regular application of patches in selected areas of the face will smooth out wrinkles; this technique is worthwhile, for example, for the following reasons <a href=\"https:\/\/dev1.jogapiekna.comkinesiotaping\/czym-jest-kinesiotaping-estetyczny-aplikacja-na-lwia-zmarszczke\/\" target=\"_blank\" rel=\"noopener\">for lion's wrinkle<\/a>, transverse forehead wrinkles, neck wrinkles or nasolabial furrows,<\/li>\n<li>stimulation and skin tightening improves skin firmness,<\/li>\n<li>without invasive procedures, you can sculpt the oval of your face, restoring a youthful appearance,<\/li>\n<li>you will enhance the effects of self-massages and facial yoga.<\/li>\n<\/ul>\n<p>The use of lymphatic kinesiotaping tapes with holes guarantees an accelerated effect of decongestion of the skin layers. The unique stretchability of Cure Tape Punch patches allows them to be more customised.<\/p>\n<p>Watch the video to find out which tape to choose for aesthetic kinesiotaping of the face.<\/p>\n<p><iframe title=\"YouTube video player\" src=\"https:\/\/www.youtube.com\/embed\/7ixJzLuXMGE\" width=\"800\" height=\"450\" frameborder=\"0\" allowfullscreen=\"allowfullscreen\"><\/iframe><\/p>\n<p>&nbsp;<\/p>\n<h2><strong> Online course of aesthetic Kinesiotaping with beauty yoga <\/strong><\/h2>\n<p>Do you want to use kinesioptaping at home? My name is Marta Kuci\u0144ska and I specialise in natural rejuvenation. I am a biologist by training, a third degree ayurveda consultant and a certified facial yoga teacher.<\/p>\n<p>Join the online course: <a href=\"https:\/\/dev1.jogapiekna.comprodukt\/kinesiotaping-estetyczny-z-joga-piekna-kurs-online\/\" target=\"_blank\" rel=\"noopener\">Aesthetic kinesiotaping with beauty yoga<\/a>to learn how to apply taping correctly and safely. You will learn about the 16 applications of taping to the face, neck and d\u00e9collet\u00e9.<\/p>","protected":false},"excerpt":{"rendered":"<p>Does it happen that, despite a good night's sleep, you wake up puffy in the morning and dark circles are painted under your eyes? This is probably due to water and lymphatic stagnation. You can get rid of puffiness by using kinesiotaping tapes with holes that allow lymphatic drainage of the face. The cut-out holes create a pressure difference, which guarantees faster reduction of swelling. Taping tape with cut-outs allows stretching in different directions, making it a frequent choice of physiotherapists.<\/p>","protected":false},"featured_media":94033,"comment_status":"closed","ping_status":"closed","template":"","meta":{"_acf_changed":false,"site-sidebar-layout":"default","site-content-layout":"","ast-site-content-layout":"default","site-content-style":"default","site-sidebar-style":"default","ast-global-header-display":"","ast-banner-title-visibility":"","ast-main-header-display":"","ast-hfb-above-header-display":"","ast-hfb-below-header-display":"","ast-hfb-mobile-header-display":"","site-post-title":"","ast-breadcrumbs-content":"","ast-featured-img":"","footer-sml-layout":"","ast-disable-related-posts":"","theme-transparent-header-meta":"default","adv-header-id-meta":"","stick-header-meta":"","header-above-stick-meta":"","header-main-stick-meta":"","header-below-stick-meta":"","astra-migrate-meta-layouts":"set","ast-page-background-enabled":"default","ast-page-background-meta":{"desktop":{"background-color":"var(--ast-global-color-5)","background-image":"","background-repeat":"repeat","background-position":"center center","background-size":"auto","background-attachment":"scroll","background-type":"","background-media":"","overlay-type":"","overlay-color":"","overlay-opacity":"","overlay-gradient":""},"tablet":{"background-color":"","background-image":"","background-repeat":"repeat","background-position":"center center","background-size":"auto","background-attachment":"scroll","background-type":"","background-media":"","overlay-type":"","overlay-color":"","overlay-opacity":"","overlay-gradient":""},"mobile":{"background-color":"","background-image":"","background-repeat":"repeat","background-position":"center center","background-size":"auto","background-attachment":"scroll","background-type":"","background-media":"","overlay-type":"","overlay-color":"","overlay-opacity":"","overlay-gradient":""}},"ast-content-background-meta":{"desktop":{"background-color":"var(--ast-global-color-4)","background-image":"","background-repeat":"repeat","background-position":"center center","background-size":"auto","background-attachment":"scroll","background-type":"","background-media":"","overlay-type":"","overlay-color":"","overlay-opacity":"","overlay-gradient":""},"tablet":{"background-color":"var(--ast-global-color-4)","background-image":"","background-repeat":"repeat","background-position":"center center","background-size":"auto","background-attachment":"scroll","background-type":"","background-media":"","overlay-type":"","overlay-color":"","overlay-opacity":"","overlay-gradient":""},"mobile":{"background-color":"var(--ast-global-color-4)","background-image":"","background-repeat":"repeat","background-position":"center center","background-size":"auto","background-attachment":"scroll","background-type":"","background-media":"","overlay-type":"","overlay-color":"","overlay-opacity":"","overlay-gradient":""}}},"product_brand":[],"product_cat":[21,621],"product_tag":[235,234,536,535,537],"class_list":{"0":"post-80736","1":"product","2":"type-product","3":"status-publish","4":"has-post-thumbnail","6":"product_cat-akcesoria","7":"product_cat-kinesiotaping-estetyczny","8":"product_tag-kinesiotaping","9":"product_tag-tasma","10":"product_tag-tasma-do-kinesiotapingu-limfatycznego","11":"product_tag-tasma-do-kinesiotapingu-z-otworami","12":"product_tag-tasma-do-tapingu-z-wycieciami","13":"desktop-align-left","14":"tablet-align-left","15":"mobile-align-left","17":"first","18":"instock","19":"featured","20":"taxable","21":"shipping-taxable","22":"purchasable","23":"product-type-variable"},"acf":[],"yoast_head":"<!-- This site is optimized with the Yoast SEO plugin v27.1.1 - https:\/\/yoast.com\/product\/yoast-seo-wordpress\/ -->\n<title>Ta\u015bma do kinesiotapingu limfatycznego z otworami \u2022 Punch |<\/title>\n<meta name=\"description\" content=\"Ta\u015bmy do kinesiotapingu z otworami, kt\u00f3re pozwalaj\u0105 na drena\u017c limfatyczny twarzy. Wyci\u0119te otwory wywo\u0142uj\u0105 r\u00f3\u017cnic\u0119 ci\u015bnienia, co gwarantuje szybsz\u0105 redukcj\u0119 obrz\u0119ku. Ta\u015bma do tapingu z wyci\u0119ciami pozwala na rozci\u0105ganie w r\u00f3\u017cnych kierunkach, co sprawia, \u017ce jest cz\u0119stym wyborem fizjoterapeut\u00f3w.\" \/>\n<meta name=\"robots\" content=\"index, follow, max-snippet:-1, max-image-preview:large, max-video-preview:-1\" \/>\n<link rel=\"canonical\" href=\"https:\/\/dev1.jogapiekna.com\/en\/product\/tasma-do-kinesiotapingu-z-otworami\/\" \/>\n<meta property=\"og:locale\" content=\"en_GB\" \/>\n<meta property=\"og:type\" content=\"article\" \/>\n<meta property=\"og:title\" content=\"Ta\u015bma do kinesiotapingu limfatycznego z otworami \u2022 Punch |\" \/>\n<meta property=\"og:description\" content=\"Ta\u015bmy do kinesiotapingu z otworami, kt\u00f3re pozwalaj\u0105 na drena\u017c limfatyczny twarzy. Wyci\u0119te otwory wywo\u0142uj\u0105 r\u00f3\u017cnic\u0119 ci\u015bnienia, co gwarantuje szybsz\u0105 redukcj\u0119 obrz\u0119ku. Ta\u015bma do tapingu z wyci\u0119ciami pozwala na rozci\u0105ganie w r\u00f3\u017cnych kierunkach, co sprawia, \u017ce jest cz\u0119stym wyborem fizjoterapeut\u00f3w.\" \/>\n<meta property=\"og:url\" content=\"https:\/\/dev1.jogapiekna.com\/en\/product\/tasma-do-kinesiotapingu-z-otworami\/\" \/>\n<meta property=\"og:site_name\" content=\"JOGA PI\u0118KNA | Joga Twarzy\" \/>\n<meta property=\"article:publisher\" content=\"https:\/\/www.facebook.com\/JogaPieknaCom\/\" \/>\n<meta property=\"article:modified_time\" content=\"2026-02-23T12:44:23+00:00\" \/>\n<meta property=\"og:image\" content=\"https:\/\/dev1.jogapiekna.com\/wp-content\/uploads\/2022\/04\/Tasma-do-kinesiotapingu-limfatycznego-z-otworami_Punch.jpg\" \/>\n\t<meta property=\"og:image:width\" content=\"1000\" \/>\n\t<meta property=\"og:image:height\" content=\"1000\" \/>\n\t<meta property=\"og:image:type\" content=\"image\/jpeg\" \/>\n<meta name=\"twitter:card\" content=\"summary_large_image\" \/>\n<meta name=\"twitter:label1\" content=\"Estimated reading time\" \/>\n\t<meta name=\"twitter:data1\" content=\"4 minutes\" \/>\n<script type=\"application\/ld+json\" class=\"yoast-schema-graph\">{\"@context\":\"https:\/\/schema.org\",\"@graph\":[{\"@type\":\"WebPage\",\"@id\":\"https:\/\/dev1.jogapiekna.com\/en\/product\/tasma-do-kinesiotapingu-z-otworami\/\",\"url\":\"https:\/\/dev1.jogapiekna.com\/en\/product\/tasma-do-kinesiotapingu-z-otworami\/\",\"name\":\"Ta\u015bma do kinesiotapingu limfatycznego z otworami \u2022 Punch |\",\"isPartOf\":{\"@id\":\"https:\/\/dev1.jogapiekna.com\/#website\"},\"primaryImageOfPage\":{\"@id\":\"https:\/\/dev1.jogapiekna.com\/en\/product\/tasma-do-kinesiotapingu-z-otworami\/#primaryimage\"},\"image\":{\"@id\":\"https:\/\/dev1.jogapiekna.com\/en\/product\/tasma-do-kinesiotapingu-z-otworami\/#primaryimage\"},\"thumbnailUrl\":\"https:\/\/dev1.jogapiekna.com\/wp-content\/uploads\/2022\/04\/Tasma-do-kinesiotapingu-limfatycznego-z-otworami_Punch.jpg\",\"datePublished\":\"2022-04-20T19:15:37+00:00\",\"dateModified\":\"2026-02-23T12:44:23+00:00\",\"description\":\"Ta\u015bmy do kinesiotapingu z otworami, kt\u00f3re pozwalaj\u0105 na drena\u017c limfatyczny twarzy. Wyci\u0119te otwory wywo\u0142uj\u0105 r\u00f3\u017cnic\u0119 ci\u015bnienia, co gwarantuje szybsz\u0105 redukcj\u0119 obrz\u0119ku. Ta\u015bma do tapingu z wyci\u0119ciami pozwala na rozci\u0105ganie w r\u00f3\u017cnych kierunkach, co sprawia, \u017ce jest cz\u0119stym wyborem fizjoterapeut\u00f3w.\",\"breadcrumb\":{\"@id\":\"https:\/\/dev1.jogapiekna.com\/en\/product\/tasma-do-kinesiotapingu-z-otworami\/#breadcrumb\"},\"inLanguage\":\"en-GB\",\"potentialAction\":[{\"@type\":\"ReadAction\",\"target\":[\"https:\/\/dev1.jogapiekna.com\/en\/product\/tasma-do-kinesiotapingu-z-otworami\/\"]}]},{\"@type\":\"ImageObject\",\"inLanguage\":\"en-GB\",\"@id\":\"https:\/\/dev1.jogapiekna.com\/en\/product\/tasma-do-kinesiotapingu-z-otworami\/#primaryimage\",\"url\":\"https:\/\/dev1.jogapiekna.com\/wp-content\/uploads\/2022\/04\/Tasma-do-kinesiotapingu-limfatycznego-z-otworami_Punch.jpg\",\"contentUrl\":\"https:\/\/dev1.jogapiekna.com\/wp-content\/uploads\/2022\/04\/Tasma-do-kinesiotapingu-limfatycznego-z-otworami_Punch.jpg\",\"width\":1000,\"height\":1000,\"caption\":\"Ta\u015bma do kinesiotapingu limfatycznego z otworami | Punch\"},{\"@type\":\"BreadcrumbList\",\"@id\":\"https:\/\/dev1.jogapiekna.com\/en\/product\/tasma-do-kinesiotapingu-z-otworami\/#breadcrumb\",\"itemListElement\":[{\"@type\":\"ListItem\",\"position\":1,\"name\":\"Strona g\u0142\u00f3wna\",\"item\":\"https:\/\/dev1.jogapiekna.com\/\"},{\"@type\":\"ListItem\",\"position\":2,\"name\":\"Sklep\",\"item\":\"https:\/\/dev1.jogapiekna.com\/sklep\/\"},{\"@type\":\"ListItem\",\"position\":3,\"name\":\"Ta\u015bma do kinesiotapingu limfatycznego z otworami \u2022 Punch\"}]},{\"@type\":\"WebSite\",\"@id\":\"https:\/\/dev1.jogapiekna.com\/#website\",\"url\":\"https:\/\/dev1.jogapiekna.com\/\",\"name\":\"Joga Pi\u0119kna Marta Kuci\u0144ska\",\"description\":\"Joga Pi\u0119kna pomaga kobietom zachowa\u0107 urod\u0119, cofn\u0105\u0107 oznaki up\u0142ywaj\u0105cego czasu i zm\u0119czenia, odzyska\u0107 promienny wygl\u0105d, naturalny u\u015bmiech i popraw\u0119 w\u0142asnej samooceny.\",\"publisher\":{\"@id\":\"https:\/\/dev1.jogapiekna.com\/#organization\"},\"potentialAction\":[{\"@type\":\"SearchAction\",\"target\":{\"@type\":\"EntryPoint\",\"urlTemplate\":\"https:\/\/dev1.jogapiekna.com\/?s={search_term_string}\"},\"query-input\":{\"@type\":\"PropertyValueSpecification\",\"valueRequired\":true,\"valueName\":\"search_term_string\"}}],\"inLanguage\":\"en-GB\"},{\"@type\":\"Organization\",\"@id\":\"https:\/\/dev1.jogapiekna.com\/#organization\",\"name\":\"Joga Pi\u0119kna Marta Kuci\u0144ska\",\"url\":\"https:\/\/dev1.jogapiekna.com\/\",\"logo\":{\"@type\":\"ImageObject\",\"inLanguage\":\"en-GB\",\"@id\":\"https:\/\/dev1.jogapiekna.com\/#\/schema\/logo\/image\/\",\"url\":\"https:\/\/dev1.jogapiekna.com\/wp-content\/uploads\/2022\/09\/joga-piekna-logo_Rka.png\",\"contentUrl\":\"https:\/\/dev1.jogapiekna.com\/wp-content\/uploads\/2022\/09\/joga-piekna-logo_Rka.png\",\"width\":231,\"height\":124,\"caption\":\"Joga Pi\u0119kna Marta Kuci\u0144ska\"},\"image\":{\"@id\":\"https:\/\/dev1.jogapiekna.com\/#\/schema\/logo\/image\/\"},\"sameAs\":[\"https:\/\/www.facebook.com\/JogaPieknaCom\/\",\"https:\/\/www.instagram.com\/jogapieknacom\/\"]}]}<\/script>\n<!-- \/ Yoast SEO plugin. -->","yoast_head_json":{"title":"Ta\u015bma do kinesiotapingu limfatycznego z otworami \u2022 Punch |","description":"Ta\u015bmy do kinesiotapingu z otworami, kt\u00f3re pozwalaj\u0105 na drena\u017c limfatyczny twarzy. Wyci\u0119te otwory wywo\u0142uj\u0105 r\u00f3\u017cnic\u0119 ci\u015bnienia, co gwarantuje szybsz\u0105 redukcj\u0119 obrz\u0119ku. Ta\u015bma do tapingu z wyci\u0119ciami pozwala na rozci\u0105ganie w r\u00f3\u017cnych kierunkach, co sprawia, \u017ce jest cz\u0119stym wyborem fizjoterapeut\u00f3w.","robots":{"index":"index","follow":"follow","max-snippet":"max-snippet:-1","max-image-preview":"max-image-preview:large","max-video-preview":"max-video-preview:-1"},"canonical":"https:\/\/dev1.jogapiekna.com\/en\/product\/tasma-do-kinesiotapingu-z-otworami\/","og_locale":"en_GB","og_type":"article","og_title":"Ta\u015bma do kinesiotapingu limfatycznego z otworami \u2022 Punch |","og_description":"Ta\u015bmy do kinesiotapingu z otworami, kt\u00f3re pozwalaj\u0105 na drena\u017c limfatyczny twarzy. Wyci\u0119te otwory wywo\u0142uj\u0105 r\u00f3\u017cnic\u0119 ci\u015bnienia, co gwarantuje szybsz\u0105 redukcj\u0119 obrz\u0119ku. Ta\u015bma do tapingu z wyci\u0119ciami pozwala na rozci\u0105ganie w r\u00f3\u017cnych kierunkach, co sprawia, \u017ce jest cz\u0119stym wyborem fizjoterapeut\u00f3w.","og_url":"https:\/\/dev1.jogapiekna.com\/en\/product\/tasma-do-kinesiotapingu-z-otworami\/","og_site_name":"JOGA PI\u0118KNA | Joga Twarzy","article_publisher":"https:\/\/www.facebook.com\/JogaPieknaCom\/","article_modified_time":"2026-02-23T12:44:23+00:00","og_image":[{"width":1000,"height":1000,"url":"https:\/\/dev1.jogapiekna.com\/wp-content\/uploads\/2022\/04\/Tasma-do-kinesiotapingu-limfatycznego-z-otworami_Punch.jpg","type":"image\/jpeg"}],"twitter_card":"summary_large_image","twitter_misc":{"Estimated reading time":"4 minutes"},"schema":{"@context":"https:\/\/schema.org","@graph":[{"@type":"WebPage","@id":"https:\/\/dev1.jogapiekna.com\/en\/product\/tasma-do-kinesiotapingu-z-otworami\/","url":"https:\/\/dev1.jogapiekna.com\/en\/product\/tasma-do-kinesiotapingu-z-otworami\/","name":"Ta\u015bma do kinesiotapingu limfatycznego z otworami \u2022 Punch |","isPartOf":{"@id":"https:\/\/dev1.jogapiekna.com\/#website"},"primaryImageOfPage":{"@id":"https:\/\/dev1.jogapiekna.com\/en\/product\/tasma-do-kinesiotapingu-z-otworami\/#primaryimage"},"image":{"@id":"https:\/\/dev1.jogapiekna.com\/en\/product\/tasma-do-kinesiotapingu-z-otworami\/#primaryimage"},"thumbnailUrl":"https:\/\/dev1.jogapiekna.com\/wp-content\/uploads\/2022\/04\/Tasma-do-kinesiotapingu-limfatycznego-z-otworami_Punch.jpg","datePublished":"2022-04-20T19:15:37+00:00","dateModified":"2026-02-23T12:44:23+00:00","description":"Ta\u015bmy do kinesiotapingu z otworami, kt\u00f3re pozwalaj\u0105 na drena\u017c limfatyczny twarzy. Wyci\u0119te otwory wywo\u0142uj\u0105 r\u00f3\u017cnic\u0119 ci\u015bnienia, co gwarantuje szybsz\u0105 redukcj\u0119 obrz\u0119ku. Ta\u015bma do tapingu z wyci\u0119ciami pozwala na rozci\u0105ganie w r\u00f3\u017cnych kierunkach, co sprawia, \u017ce jest cz\u0119stym wyborem fizjoterapeut\u00f3w.","breadcrumb":{"@id":"https:\/\/dev1.jogapiekna.com\/en\/product\/tasma-do-kinesiotapingu-z-otworami\/#breadcrumb"},"inLanguage":"en-GB","potentialAction":[{"@type":"ReadAction","target":["https:\/\/dev1.jogapiekna.com\/en\/product\/tasma-do-kinesiotapingu-z-otworami\/"]}]},{"@type":"ImageObject","inLanguage":"en-GB","@id":"https:\/\/dev1.jogapiekna.com\/en\/product\/tasma-do-kinesiotapingu-z-otworami\/#primaryimage","url":"https:\/\/dev1.jogapiekna.com\/wp-content\/uploads\/2022\/04\/Tasma-do-kinesiotapingu-limfatycznego-z-otworami_Punch.jpg","contentUrl":"https:\/\/dev1.jogapiekna.com\/wp-content\/uploads\/2022\/04\/Tasma-do-kinesiotapingu-limfatycznego-z-otworami_Punch.jpg","width":1000,"height":1000,"caption":"Ta\u015bma do kinesiotapingu limfatycznego z otworami | Punch"},{"@type":"BreadcrumbList","@id":"https:\/\/dev1.jogapiekna.com\/en\/product\/tasma-do-kinesiotapingu-z-otworami\/#breadcrumb","itemListElement":[{"@type":"ListItem","position":1,"name":"Strona g\u0142\u00f3wna","item":"https:\/\/dev1.jogapiekna.com\/"},{"@type":"ListItem","position":2,"name":"Sklep","item":"https:\/\/dev1.jogapiekna.com\/sklep\/"},{"@type":"ListItem","position":3,"name":"Ta\u015bma do kinesiotapingu limfatycznego z otworami \u2022 Punch"}]},{"@type":"WebSite","@id":"https:\/\/dev1.jogapiekna.com\/#website","url":"https:\/\/dev1.jogapiekna.com\/","name":"Yoga Beauty Marta Kuci\u0144ska","description":"Beauty Yoga helps women to maintain their beauty, reverse the signs of passing time and fatigue, regain a radiant appearance, natural smile and improve their self-esteem.","publisher":{"@id":"https:\/\/dev1.jogapiekna.com\/#organization"},"potentialAction":[{"@type":"SearchAction","target":{"@type":"EntryPoint","urlTemplate":"https:\/\/dev1.jogapiekna.com\/?s={search_term_string}"},"query-input":{"@type":"PropertyValueSpecification","valueRequired":true,"valueName":"search_term_string"}}],"inLanguage":"en-GB"},{"@type":"Organization","@id":"https:\/\/dev1.jogapiekna.com\/#organization","name":"Yoga Beauty Marta Kuci\u0144ska","url":"https:\/\/dev1.jogapiekna.com\/","logo":{"@type":"ImageObject","inLanguage":"en-GB","@id":"https:\/\/dev1.jogapiekna.com\/#\/schema\/logo\/image\/","url":"https:\/\/dev1.jogapiekna.com\/wp-content\/uploads\/2022\/09\/joga-piekna-logo_Rka.png","contentUrl":"https:\/\/dev1.jogapiekna.com\/wp-content\/uploads\/2022\/09\/joga-piekna-logo_Rka.png","width":231,"height":124,"caption":"Joga Pi\u0119kna Marta Kuci\u0144ska"},"image":{"@id":"https:\/\/dev1.jogapiekna.com\/#\/schema\/logo\/image\/"},"sameAs":["https:\/\/www.facebook.com\/JogaPieknaCom\/","https:\/\/www.instagram.com\/jogapieknacom\/"]}]}},"_links":{"self":[{"href":"https:\/\/dev1.jogapiekna.com\/en\/wp-json\/wp\/v2\/product\/80736","targetHints":{"allow":["GET"]}}],"collection":[{"href":"https:\/\/dev1.jogapiekna.com\/en\/wp-json\/wp\/v2\/product"}],"about":[{"href":"https:\/\/dev1.jogapiekna.com\/en\/wp-json\/wp\/v2\/types\/product"}],"replies":[{"embeddable":true,"href":"https:\/\/dev1.jogapiekna.com\/en\/wp-json\/wp\/v2\/comments?post=80736"}],"version-history":[{"count":5,"href":"https:\/\/dev1.jogapiekna.com\/en\/wp-json\/wp\/v2\/product\/80736\/revisions"}],"predecessor-version":[{"id":217333,"href":"https:\/\/dev1.jogapiekna.com\/en\/wp-json\/wp\/v2\/product\/80736\/revisions\/217333"}],"wp:featuredmedia":[{"embeddable":true,"href":"https:\/\/dev1.jogapiekna.com\/en\/wp-json\/wp\/v2\/media\/94033"}],"wp:attachment":[{"href":"https:\/\/dev1.jogapiekna.com\/en\/wp-json\/wp\/v2\/media?parent=80736"}],"wp:term":[{"taxonomy":"product_brand","embeddable":true,"href":"https:\/\/dev1.jogapiekna.com\/en\/wp-json\/wp\/v2\/product_brand?post=80736"},{"taxonomy":"product_cat","embeddable":true,"href":"https:\/\/dev1.jogapiekna.com\/en\/wp-json\/wp\/v2\/product_cat?post=80736"},{"taxonomy":"product_tag","embeddable":true,"href":"https:\/\/dev1.jogapiekna.com\/en\/wp-json\/wp\/v2\/product_tag?post=80736"}],"curies":[{"name":"wp","href":"https:\/\/api.w.org\/{rel}","templated":true}]}}