{"id":80724,"date":"2022-04-20T19:54:29","date_gmt":"2022-04-20T17:54:29","guid":{"rendered":"https:\/\/dev1.jogapiekna.com?post_type=product&#038;p=80724"},"modified":"2026-03-13T21:24:29","modified_gmt":"2026-03-13T20:24:29","slug":"kolorowa-tasma-do-tapingu-twarzy","status":"publish","type":"product","link":"https:\/\/dev1.jogapiekna.com\/en\/product\/kolorowa-tasma-do-tapingu-twarzy\/","title":{"rendered":"Coloured kinesiotaping face tape ART 5 cm"},"content":{"rendered":"<p>The purpose of Cure Tape Art coloured kinesiotaping tape is to increase the space in the subcutaneous tissue where mechanical receptors, blood vessels and lymphatic vessels are located. This treatment will improve circulation, reshape the face and restore your skin to a young, firm appearance.<\/p>\n<p>It is important to apply aesthetic kinesiotaping tapes in the right way. For methods of applying taping patches to achieve specific aesthetic effects, see the online course <a href=\"https:\/\/dev1.jogapiekna.comprodukt\/kinesiotaping-estetyczny-z-joga-piekna-kurs-online\/\" target=\"_blank\" rel=\"noopener\">Aesthetic Kinesiotaping with Yoga Beauty<\/a>.<\/p>\n<p>&nbsp;<\/p>\n<h2><strong>Characteristics of coloured facial kinesiotaping patches by Cure Tape brand<\/strong><\/h2>\n<ul>\n<li>Coloured kinesiotaping plasters are <strong>available in 3 attractive animal designs<\/strong>Zebra Black, Leopard Pink, Tiger Tattoo.<\/li>\n<li>The taping plaster has <strong>a universal width of 5 cm<\/strong>.<\/li>\n<li>The roll has <strong>length 5 metres<\/strong>which allows for multiple applications. To apply the patches to the face, they need to be cut properly.<\/li>\n<li>The patch is latex-free and made of <strong>soft, high quality natural cotton<\/strong>.<\/li>\n<li>Hypoallergenic acrylic adhesive makes the taping plaster friendly <strong>even for very sensitive skin<\/strong>. Can be used by children.<\/li>\n<li>The product has <strong>water-resistant properties<\/strong>so you can play sports or take your daily shower while applying.<\/li>\n<\/ul>\n<p>&nbsp;<\/p>\n<h3>Why Cure Tape?<\/h3>\n<ul>\n<li>Cure Tape is an internationally renowned and respected Korean company that specialises in the production of skin-friendly, anti-allergenic tapes for taping.<\/li>\n<li>Cure Tape Art kinesiotaping tape has <strong>T\u00dcV quality mark<\/strong>. It is manufactured in an ISO-13485\/9001 certified factory.<\/li>\n<li>Product <strong>registered in 1 medical class<\/strong>. It meets all European and international requirements for medical quality.<\/li>\n<\/ul>\n<p>&nbsp;<\/p>\n<h2><strong>Effects of regular use of coloured kinesiotaping patches<\/strong><\/h2>\n<ul>\n<li>improving blood and lymph circulation,<\/li>\n<li>shallowing of wrinkles including lion's wrinkle, transverse forehead wrinkles and nasolabial furrows,<\/li>\n<li>improving skin tone,<\/li>\n<li>firming of the skin on the neck, jaw and cheeks,<\/li>\n<li>hamster reduction,<\/li>\n<li>getting rid of swelling in the face and neck caused by lymphatic stagnation,<\/li>\n<li>improving the facial oval.<\/li>\n<\/ul>\n<p><strong>Coloured kinesiotaping tapes with patterns<\/strong> is the way to joyful skin regeneration in style <em>slow beauty<\/em>. With a touch of humour and distance. They will be the perfect accompaniment to regular massage and facial yoga sessions.<\/p>\n<p>Watch the video to find out which tape to choose for aesthetic kinesiotaping of the face.<\/p>\n<p><iframe title=\"YouTube video player\" src=\"https:\/\/www.youtube.com\/embed\/7ixJzLuXMGE\" width=\"800\" height=\"450\" frameborder=\"0\" allowfullscreen=\"allowfullscreen\"><\/iframe><\/p>\n<p>&nbsp;<\/p>\n<h2><strong> Online course of aesthetic Kinesiotaping with beauty yoga <\/strong><\/h2>\n<p>Do you want to use kinesioptaping at home? My name is Marta Kuci\u0144ska and I specialise in natural rejuvenation. I am a biologist by training, a third degree ayurveda consultant and a certified facial yoga teacher.<\/p>\n<p>Join the online course: <a href=\"https:\/\/dev1.jogapiekna.comprodukt\/kinesiotaping-estetyczny-z-joga-piekna-kurs-online\/\" target=\"_blank\" rel=\"noopener\">Aesthetic kinesiotaping with beauty yoga<\/a>to learn how to apply taping correctly and safely. You will learn about the 16 applications of taping to the face, neck and d\u00e9collet\u00e9.<\/p>","protected":false},"excerpt":{"rendered":"<p>Use coloured kinesiotaping tape to lift and smooth the skin. It's a natural way to give your face a natural facelift that will sharpen your features, diminish wrinkles and improve your complexion. Anti-allergenic, colourful taping patches in animal patterns will allow you to decorate your face in a fancy way, with a touch of humour and huge aesthetic benefits.<\/p>","protected":false},"featured_media":93974,"comment_status":"closed","ping_status":"closed","template":"","meta":{"_acf_changed":false,"site-sidebar-layout":"default","site-content-layout":"","ast-site-content-layout":"default","site-content-style":"default","site-sidebar-style":"default","ast-global-header-display":"","ast-banner-title-visibility":"","ast-main-header-display":"","ast-hfb-above-header-display":"","ast-hfb-below-header-display":"","ast-hfb-mobile-header-display":"","site-post-title":"","ast-breadcrumbs-content":"","ast-featured-img":"","footer-sml-layout":"","ast-disable-related-posts":"","theme-transparent-header-meta":"default","adv-header-id-meta":"","stick-header-meta":"","header-above-stick-meta":"","header-main-stick-meta":"","header-below-stick-meta":"","astra-migrate-meta-layouts":"set","ast-page-background-enabled":"default","ast-page-background-meta":{"desktop":{"background-color":"var(--ast-global-color-5)","background-image":"","background-repeat":"repeat","background-position":"center center","background-size":"auto","background-attachment":"scroll","background-type":"","background-media":"","overlay-type":"","overlay-color":"","overlay-opacity":"","overlay-gradient":""},"tablet":{"background-color":"","background-image":"","background-repeat":"repeat","background-position":"center center","background-size":"auto","background-attachment":"scroll","background-type":"","background-media":"","overlay-type":"","overlay-color":"","overlay-opacity":"","overlay-gradient":""},"mobile":{"background-color":"","background-image":"","background-repeat":"repeat","background-position":"center center","background-size":"auto","background-attachment":"scroll","background-type":"","background-media":"","overlay-type":"","overlay-color":"","overlay-opacity":"","overlay-gradient":""}},"ast-content-background-meta":{"desktop":{"background-color":"var(--ast-global-color-4)","background-image":"","background-repeat":"repeat","background-position":"center center","background-size":"auto","background-attachment":"scroll","background-type":"","background-media":"","overlay-type":"","overlay-color":"","overlay-opacity":"","overlay-gradient":""},"tablet":{"background-color":"var(--ast-global-color-4)","background-image":"","background-repeat":"repeat","background-position":"center center","background-size":"auto","background-attachment":"scroll","background-type":"","background-media":"","overlay-type":"","overlay-color":"","overlay-opacity":"","overlay-gradient":""},"mobile":{"background-color":"var(--ast-global-color-4)","background-image":"","background-repeat":"repeat","background-position":"center center","background-size":"auto","background-attachment":"scroll","background-type":"","background-media":"","overlay-type":"","overlay-color":"","overlay-opacity":"","overlay-gradient":""}}},"product_brand":[],"product_cat":[21,621],"product_tag":[235,533,234,534],"class_list":{"0":"post-80724","1":"product","2":"type-product","3":"status-publish","4":"has-post-thumbnail","6":"product_cat-akcesoria","7":"product_cat-kinesiotaping-estetyczny","8":"product_tag-kinesiotaping","9":"product_tag-kolorowa-tasma-do-kinesiotapingu","10":"product_tag-tasma","11":"product_tag-tasma-do-kinesiotapingu-we-wzory","12":"desktop-align-left","13":"tablet-align-left","14":"mobile-align-left","16":"first","17":"instock","18":"featured","19":"taxable","20":"shipping-taxable","21":"purchasable","22":"product-type-variable"},"acf":[],"yoast_head":"<!-- This site is optimized with the Yoast SEO plugin v27.1.1 - https:\/\/yoast.com\/product\/yoast-seo-wordpress\/ -->\n<title>Kolorowa ta\u015bma do kinesiotapingu twarzy ART 5 cm |<\/title>\n<meta name=\"description\" content=\"Jedna z najlepszych ta\u015bm do kinesiotapingu czyli plastry do tapingu twarzy, dzi\u0119ki kt\u00f3rym zmniejszysz zmarszczki mimiczne.\" \/>\n<meta name=\"robots\" content=\"index, follow, max-snippet:-1, max-image-preview:large, max-video-preview:-1\" \/>\n<link rel=\"canonical\" href=\"https:\/\/dev1.jogapiekna.com\/en\/product\/kolorowa-tasma-do-tapingu-twarzy\/\" \/>\n<meta property=\"og:locale\" content=\"en_GB\" \/>\n<meta property=\"og:type\" content=\"article\" \/>\n<meta property=\"og:title\" content=\"Kolorowa ta\u015bma do kinesiotapingu twarzy ART 5 cm |\" \/>\n<meta property=\"og:description\" content=\"Jedna z najlepszych ta\u015bm do kinesiotapingu czyli plastry do tapingu twarzy, dzi\u0119ki kt\u00f3rym zmniejszysz zmarszczki mimiczne.\" \/>\n<meta property=\"og:url\" content=\"https:\/\/dev1.jogapiekna.com\/en\/product\/kolorowa-tasma-do-tapingu-twarzy\/\" \/>\n<meta property=\"og:site_name\" content=\"JOGA PI\u0118KNA | Joga Twarzy\" \/>\n<meta property=\"article:publisher\" content=\"https:\/\/www.facebook.com\/JogaPieknaCom\/\" \/>\n<meta property=\"article:modified_time\" content=\"2026-03-13T20:24:29+00:00\" \/>\n<meta property=\"og:image\" content=\"https:\/\/dev1.jogapiekna.com\/wp-content\/uploads\/2022\/04\/Kolorowa-tasma-do-kinesiotapingu-ART-5-cm-1.jpg\" \/>\n\t<meta property=\"og:image:width\" content=\"1000\" \/>\n\t<meta property=\"og:image:height\" content=\"1000\" \/>\n\t<meta property=\"og:image:type\" content=\"image\/jpeg\" \/>\n<meta name=\"twitter:card\" content=\"summary_large_image\" \/>\n<meta name=\"twitter:label1\" content=\"Estimated reading time\" \/>\n\t<meta name=\"twitter:data1\" content=\"3 minutes\" \/>\n<script type=\"application\/ld+json\" class=\"yoast-schema-graph\">{\"@context\":\"https:\/\/schema.org\",\"@graph\":[{\"@type\":\"WebPage\",\"@id\":\"https:\/\/dev1.jogapiekna.com\/en\/product\/kolorowa-tasma-do-tapingu-twarzy\/\",\"url\":\"https:\/\/dev1.jogapiekna.com\/en\/product\/kolorowa-tasma-do-tapingu-twarzy\/\",\"name\":\"Kolorowa ta\u015bma do kinesiotapingu twarzy ART 5 cm |\",\"isPartOf\":{\"@id\":\"https:\/\/dev1.jogapiekna.com\/#website\"},\"primaryImageOfPage\":{\"@id\":\"https:\/\/dev1.jogapiekna.com\/en\/product\/kolorowa-tasma-do-tapingu-twarzy\/#primaryimage\"},\"image\":{\"@id\":\"https:\/\/dev1.jogapiekna.com\/en\/product\/kolorowa-tasma-do-tapingu-twarzy\/#primaryimage\"},\"thumbnailUrl\":\"https:\/\/dev1.jogapiekna.com\/wp-content\/uploads\/2022\/04\/Kolorowa-tasma-do-kinesiotapingu-ART-5-cm-1.jpg\",\"datePublished\":\"2022-04-20T17:54:29+00:00\",\"dateModified\":\"2026-03-13T20:24:29+00:00\",\"description\":\"Jedna z najlepszych ta\u015bm do kinesiotapingu czyli plastry do tapingu twarzy, dzi\u0119ki kt\u00f3rym zmniejszysz zmarszczki mimiczne.\",\"breadcrumb\":{\"@id\":\"https:\/\/dev1.jogapiekna.com\/en\/product\/kolorowa-tasma-do-tapingu-twarzy\/#breadcrumb\"},\"inLanguage\":\"en-GB\",\"potentialAction\":[{\"@type\":\"ReadAction\",\"target\":[\"https:\/\/dev1.jogapiekna.com\/en\/product\/kolorowa-tasma-do-tapingu-twarzy\/\"]}]},{\"@type\":\"ImageObject\",\"inLanguage\":\"en-GB\",\"@id\":\"https:\/\/dev1.jogapiekna.com\/en\/product\/kolorowa-tasma-do-tapingu-twarzy\/#primaryimage\",\"url\":\"https:\/\/dev1.jogapiekna.com\/wp-content\/uploads\/2022\/04\/Kolorowa-tasma-do-kinesiotapingu-ART-5-cm-1.jpg\",\"contentUrl\":\"https:\/\/dev1.jogapiekna.com\/wp-content\/uploads\/2022\/04\/Kolorowa-tasma-do-kinesiotapingu-ART-5-cm-1.jpg\",\"width\":1000,\"height\":1000,\"caption\":\"Kolorowa ta\u015bma do kinesiotapingu ART 5 cm\"},{\"@type\":\"BreadcrumbList\",\"@id\":\"https:\/\/dev1.jogapiekna.com\/en\/product\/kolorowa-tasma-do-tapingu-twarzy\/#breadcrumb\",\"itemListElement\":[{\"@type\":\"ListItem\",\"position\":1,\"name\":\"Strona g\u0142\u00f3wna\",\"item\":\"https:\/\/dev1.jogapiekna.com\/\"},{\"@type\":\"ListItem\",\"position\":2,\"name\":\"Sklep\",\"item\":\"https:\/\/dev1.jogapiekna.com\/sklep\/\"},{\"@type\":\"ListItem\",\"position\":3,\"name\":\"Kolorowa ta\u015bma do kinesiotapingu twarzy ART 5 cm\"}]},{\"@type\":\"WebSite\",\"@id\":\"https:\/\/dev1.jogapiekna.com\/#website\",\"url\":\"https:\/\/dev1.jogapiekna.com\/\",\"name\":\"Joga Pi\u0119kna Marta Kuci\u0144ska\",\"description\":\"Joga Pi\u0119kna pomaga kobietom zachowa\u0107 urod\u0119, cofn\u0105\u0107 oznaki up\u0142ywaj\u0105cego czasu i zm\u0119czenia, odzyska\u0107 promienny wygl\u0105d, naturalny u\u015bmiech i popraw\u0119 w\u0142asnej samooceny.\",\"publisher\":{\"@id\":\"https:\/\/dev1.jogapiekna.com\/#organization\"},\"potentialAction\":[{\"@type\":\"SearchAction\",\"target\":{\"@type\":\"EntryPoint\",\"urlTemplate\":\"https:\/\/dev1.jogapiekna.com\/?s={search_term_string}\"},\"query-input\":{\"@type\":\"PropertyValueSpecification\",\"valueRequired\":true,\"valueName\":\"search_term_string\"}}],\"inLanguage\":\"en-GB\"},{\"@type\":\"Organization\",\"@id\":\"https:\/\/dev1.jogapiekna.com\/#organization\",\"name\":\"Joga Pi\u0119kna Marta Kuci\u0144ska\",\"url\":\"https:\/\/dev1.jogapiekna.com\/\",\"logo\":{\"@type\":\"ImageObject\",\"inLanguage\":\"en-GB\",\"@id\":\"https:\/\/dev1.jogapiekna.com\/#\/schema\/logo\/image\/\",\"url\":\"https:\/\/dev1.jogapiekna.com\/wp-content\/uploads\/2022\/09\/joga-piekna-logo_Rka.png\",\"contentUrl\":\"https:\/\/dev1.jogapiekna.com\/wp-content\/uploads\/2022\/09\/joga-piekna-logo_Rka.png\",\"width\":231,\"height\":124,\"caption\":\"Joga Pi\u0119kna Marta Kuci\u0144ska\"},\"image\":{\"@id\":\"https:\/\/dev1.jogapiekna.com\/#\/schema\/logo\/image\/\"},\"sameAs\":[\"https:\/\/www.facebook.com\/JogaPieknaCom\/\",\"https:\/\/www.instagram.com\/jogapieknacom\/\"]}]}<\/script>\n<!-- \/ Yoast SEO plugin. -->","yoast_head_json":{"title":"Kolorowa ta\u015bma do kinesiotapingu twarzy ART 5 cm |","description":"Jedna z najlepszych ta\u015bm do kinesiotapingu czyli plastry do tapingu twarzy, dzi\u0119ki kt\u00f3rym zmniejszysz zmarszczki mimiczne.","robots":{"index":"index","follow":"follow","max-snippet":"max-snippet:-1","max-image-preview":"max-image-preview:large","max-video-preview":"max-video-preview:-1"},"canonical":"https:\/\/dev1.jogapiekna.com\/en\/product\/kolorowa-tasma-do-tapingu-twarzy\/","og_locale":"en_GB","og_type":"article","og_title":"Kolorowa ta\u015bma do kinesiotapingu twarzy ART 5 cm |","og_description":"Jedna z najlepszych ta\u015bm do kinesiotapingu czyli plastry do tapingu twarzy, dzi\u0119ki kt\u00f3rym zmniejszysz zmarszczki mimiczne.","og_url":"https:\/\/dev1.jogapiekna.com\/en\/product\/kolorowa-tasma-do-tapingu-twarzy\/","og_site_name":"JOGA PI\u0118KNA | Joga Twarzy","article_publisher":"https:\/\/www.facebook.com\/JogaPieknaCom\/","article_modified_time":"2026-03-13T20:24:29+00:00","og_image":[{"width":1000,"height":1000,"url":"https:\/\/dev1.jogapiekna.com\/wp-content\/uploads\/2022\/04\/Kolorowa-tasma-do-kinesiotapingu-ART-5-cm-1.jpg","type":"image\/jpeg"}],"twitter_card":"summary_large_image","twitter_misc":{"Estimated reading time":"3 minutes"},"schema":{"@context":"https:\/\/schema.org","@graph":[{"@type":"WebPage","@id":"https:\/\/dev1.jogapiekna.com\/en\/product\/kolorowa-tasma-do-tapingu-twarzy\/","url":"https:\/\/dev1.jogapiekna.com\/en\/product\/kolorowa-tasma-do-tapingu-twarzy\/","name":"Kolorowa ta\u015bma do kinesiotapingu twarzy ART 5 cm |","isPartOf":{"@id":"https:\/\/dev1.jogapiekna.com\/#website"},"primaryImageOfPage":{"@id":"https:\/\/dev1.jogapiekna.com\/en\/product\/kolorowa-tasma-do-tapingu-twarzy\/#primaryimage"},"image":{"@id":"https:\/\/dev1.jogapiekna.com\/en\/product\/kolorowa-tasma-do-tapingu-twarzy\/#primaryimage"},"thumbnailUrl":"https:\/\/dev1.jogapiekna.com\/wp-content\/uploads\/2022\/04\/Kolorowa-tasma-do-kinesiotapingu-ART-5-cm-1.jpg","datePublished":"2022-04-20T17:54:29+00:00","dateModified":"2026-03-13T20:24:29+00:00","description":"Jedna z najlepszych ta\u015bm do kinesiotapingu czyli plastry do tapingu twarzy, dzi\u0119ki kt\u00f3rym zmniejszysz zmarszczki mimiczne.","breadcrumb":{"@id":"https:\/\/dev1.jogapiekna.com\/en\/product\/kolorowa-tasma-do-tapingu-twarzy\/#breadcrumb"},"inLanguage":"en-GB","potentialAction":[{"@type":"ReadAction","target":["https:\/\/dev1.jogapiekna.com\/en\/product\/kolorowa-tasma-do-tapingu-twarzy\/"]}]},{"@type":"ImageObject","inLanguage":"en-GB","@id":"https:\/\/dev1.jogapiekna.com\/en\/product\/kolorowa-tasma-do-tapingu-twarzy\/#primaryimage","url":"https:\/\/dev1.jogapiekna.com\/wp-content\/uploads\/2022\/04\/Kolorowa-tasma-do-kinesiotapingu-ART-5-cm-1.jpg","contentUrl":"https:\/\/dev1.jogapiekna.com\/wp-content\/uploads\/2022\/04\/Kolorowa-tasma-do-kinesiotapingu-ART-5-cm-1.jpg","width":1000,"height":1000,"caption":"Kolorowa ta\u015bma do kinesiotapingu ART 5 cm"},{"@type":"BreadcrumbList","@id":"https:\/\/dev1.jogapiekna.com\/en\/product\/kolorowa-tasma-do-tapingu-twarzy\/#breadcrumb","itemListElement":[{"@type":"ListItem","position":1,"name":"Strona g\u0142\u00f3wna","item":"https:\/\/dev1.jogapiekna.com\/"},{"@type":"ListItem","position":2,"name":"Sklep","item":"https:\/\/dev1.jogapiekna.com\/sklep\/"},{"@type":"ListItem","position":3,"name":"Kolorowa ta\u015bma do kinesiotapingu twarzy ART 5 cm"}]},{"@type":"WebSite","@id":"https:\/\/dev1.jogapiekna.com\/#website","url":"https:\/\/dev1.jogapiekna.com\/","name":"Yoga Beauty Marta Kuci\u0144ska","description":"Beauty Yoga helps women to maintain their beauty, reverse the signs of passing time and fatigue, regain a radiant appearance, natural smile and improve their self-esteem.","publisher":{"@id":"https:\/\/dev1.jogapiekna.com\/#organization"},"potentialAction":[{"@type":"SearchAction","target":{"@type":"EntryPoint","urlTemplate":"https:\/\/dev1.jogapiekna.com\/?s={search_term_string}"},"query-input":{"@type":"PropertyValueSpecification","valueRequired":true,"valueName":"search_term_string"}}],"inLanguage":"en-GB"},{"@type":"Organization","@id":"https:\/\/dev1.jogapiekna.com\/#organization","name":"Yoga Beauty Marta Kuci\u0144ska","url":"https:\/\/dev1.jogapiekna.com\/","logo":{"@type":"ImageObject","inLanguage":"en-GB","@id":"https:\/\/dev1.jogapiekna.com\/#\/schema\/logo\/image\/","url":"https:\/\/dev1.jogapiekna.com\/wp-content\/uploads\/2022\/09\/joga-piekna-logo_Rka.png","contentUrl":"https:\/\/dev1.jogapiekna.com\/wp-content\/uploads\/2022\/09\/joga-piekna-logo_Rka.png","width":231,"height":124,"caption":"Joga Pi\u0119kna Marta Kuci\u0144ska"},"image":{"@id":"https:\/\/dev1.jogapiekna.com\/#\/schema\/logo\/image\/"},"sameAs":["https:\/\/www.facebook.com\/JogaPieknaCom\/","https:\/\/www.instagram.com\/jogapieknacom\/"]}]}},"_links":{"self":[{"href":"https:\/\/dev1.jogapiekna.com\/en\/wp-json\/wp\/v2\/product\/80724","targetHints":{"allow":["GET"]}}],"collection":[{"href":"https:\/\/dev1.jogapiekna.com\/en\/wp-json\/wp\/v2\/product"}],"about":[{"href":"https:\/\/dev1.jogapiekna.com\/en\/wp-json\/wp\/v2\/types\/product"}],"replies":[{"embeddable":true,"href":"https:\/\/dev1.jogapiekna.com\/en\/wp-json\/wp\/v2\/comments?post=80724"}],"version-history":[{"count":5,"href":"https:\/\/dev1.jogapiekna.com\/en\/wp-json\/wp\/v2\/product\/80724\/revisions"}],"predecessor-version":[{"id":98421,"href":"https:\/\/dev1.jogapiekna.com\/en\/wp-json\/wp\/v2\/product\/80724\/revisions\/98421"}],"wp:featuredmedia":[{"embeddable":true,"href":"https:\/\/dev1.jogapiekna.com\/en\/wp-json\/wp\/v2\/media\/93974"}],"wp:attachment":[{"href":"https:\/\/dev1.jogapiekna.com\/en\/wp-json\/wp\/v2\/media?parent=80724"}],"wp:term":[{"taxonomy":"product_brand","embeddable":true,"href":"https:\/\/dev1.jogapiekna.com\/en\/wp-json\/wp\/v2\/product_brand?post=80724"},{"taxonomy":"product_cat","embeddable":true,"href":"https:\/\/dev1.jogapiekna.com\/en\/wp-json\/wp\/v2\/product_cat?post=80724"},{"taxonomy":"product_tag","embeddable":true,"href":"https:\/\/dev1.jogapiekna.com\/en\/wp-json\/wp\/v2\/product_tag?post=80724"}],"curies":[{"name":"wp","href":"https:\/\/api.w.org\/{rel}","templated":true}]}}