{"id":65953,"date":"2021-12-06T23:14:22","date_gmt":"2021-12-06T22:14:22","guid":{"rendered":"https:\/\/dev1.jogapiekna.com?post_type=product&#038;p=65953"},"modified":"2026-01-31T06:55:13","modified_gmt":"2026-01-31T05:55:13","slug":"aam-pachak-proszek_100g","status":"publish","type":"product","link":"https:\/\/dev1.jogapiekna.com\/en\/product\/aam-pachak-proszek_100g\/","title":{"rendered":"AAM Pachak JIVA Powder * eliminates toxins * 100 g"},"content":{"rendered":"<p>AAM Pachak Jiva Powder is a product that helps the digestive system function properly. It works in a complex way, speeding up the digestive processes that occur in the body. A blend of herbs such as ginger, coriander and cumin improves the secretion of digestive juices and promotes proper bowel movement.<\/p>\n<p>The product comprehensively takes care of the digestive system at every stage of the processes occurring inside the body. Due to the properties of the drug, the digestive secretions responsible for appetite are stimulated. The product reduces gas and bloating. Provides comfort, eliminating the unpleasant feeling of heaviness in the stomach.<\/p>\n<p><strong>Application<\/strong><br \/>\nProperties of AAM Pachak Jiva Powder:<br \/>\n* eliminates digestive problems<br \/>\n* helps maintain proper functioning of the digestive system<br \/>\n* fights pain<br \/>\n* regulates digestive processes<br \/>\n* improves the secretion of digestive juices<br \/>\n* improves appetite<br \/>\n* neutralizes acidity<br \/>\n* eliminates bloating<br \/>\n* relieves the feeling of heaviness<\/p>\n<p><strong>Dosage<\/strong><br \/>\n1.5-3 g of powder (1-2 flat spoons), 2 times a day, if possible after meals, washed down with warm water. Alternatively, add 1.5-3 g of the powder to half a cup of warm water, mix and drink.<br \/>\nA measuring cup is included with the package. 1 flat scoop (not killed) = 1 g of Aam Pachak powder<\/p>\n<p><strong>Recommended daily intake:<\/strong> 3-6 g<\/p>\n<p><strong>Container:<\/strong> 100 g<\/p>\n<p><strong>Product composition:<\/strong><br \/>\nclimbing mint leaf powder, fennel seed powder, medicinal ginger rhizome powder, roman cumin seed powder, coriander seed powder.<\/p>\n<p>The powder is 100% vegan<\/p>\n<p><strong>Manufacturer:<\/strong> JIVA Ayurvedic Pharmacy Ltd.<\/p>\n<p><strong>Country of origin:<\/strong> India<\/p>\n<p>Do not exceed the recommended daily intake. A dietary supplement cannot be used as a substitute for a varied diet. It is necessary to adhere to a healthy lifestyle and a balanced diet. Do not use with hypersensitivity to the components of the drug. The product is not intended for pregnant or lactating women and children.<\/p>\n<p>Keep out of reach of small children. Protect from light and moisture.<\/p>","protected":false},"excerpt":{"rendered":"<p>AAM Pachak Churna is a proven recipe that eases stomach discomfort caused by poor digestion or other digestive issues. It naturally improves the digestive process, improves the secretion of digestive juices, and promotes proper bowel movement.<\/p>\n<p><strong>Action:<\/strong> Increases appetite by stimulating digestive secretions. Normalizes the digestive process and promotes the elimination of toxic substances. Relieves gas, acidity and bloating. Relieves the feeling of heaviness in the stomach caused by indigestion.<\/p>\n<p><strong>Container:<\/strong> 100 g<\/p>","protected":false},"featured_media":152616,"comment_status":"closed","ping_status":"closed","template":"","meta":{"_acf_changed":false,"site-sidebar-layout":"default","site-content-layout":"","ast-site-content-layout":"default","site-content-style":"default","site-sidebar-style":"default","ast-global-header-display":"","ast-banner-title-visibility":"","ast-main-header-display":"","ast-hfb-above-header-display":"","ast-hfb-below-header-display":"","ast-hfb-mobile-header-display":"","site-post-title":"","ast-breadcrumbs-content":"","ast-featured-img":"","footer-sml-layout":"","ast-disable-related-posts":"","theme-transparent-header-meta":"","adv-header-id-meta":"","stick-header-meta":"","header-above-stick-meta":"","header-main-stick-meta":"","header-below-stick-meta":"","astra-migrate-meta-layouts":"default","ast-page-background-enabled":"default","ast-page-background-meta":{"desktop":{"background-color":"var(--ast-global-color-5)","background-image":"","background-repeat":"repeat","background-position":"center center","background-size":"auto","background-attachment":"scroll","background-type":"","background-media":"","overlay-type":"","overlay-color":"","overlay-opacity":"","overlay-gradient":""},"tablet":{"background-color":"","background-image":"","background-repeat":"repeat","background-position":"center center","background-size":"auto","background-attachment":"scroll","background-type":"","background-media":"","overlay-type":"","overlay-color":"","overlay-opacity":"","overlay-gradient":""},"mobile":{"background-color":"","background-image":"","background-repeat":"repeat","background-position":"center center","background-size":"auto","background-attachment":"scroll","background-type":"","background-media":"","overlay-type":"","overlay-color":"","overlay-opacity":"","overlay-gradient":""}},"ast-content-background-meta":{"desktop":{"background-color":"var(--ast-global-color-4)","background-image":"","background-repeat":"repeat","background-position":"center center","background-size":"auto","background-attachment":"scroll","background-type":"","background-media":"","overlay-type":"","overlay-color":"","overlay-opacity":"","overlay-gradient":""},"tablet":{"background-color":"var(--ast-global-color-4)","background-image":"","background-repeat":"repeat","background-position":"center center","background-size":"auto","background-attachment":"scroll","background-type":"","background-media":"","overlay-type":"","overlay-color":"","overlay-opacity":"","overlay-gradient":""},"mobile":{"background-color":"var(--ast-global-color-4)","background-image":"","background-repeat":"repeat","background-position":"center center","background-size":"auto","background-attachment":"scroll","background-type":"","background-media":"","overlay-type":"","overlay-color":"","overlay-opacity":"","overlay-gradient":""}}},"product_brand":[],"product_cat":[639],"product_tag":[504,244,507,474,505,378,506],"class_list":{"0":"post-65953","1":"product","2":"type-product","3":"status-publish","4":"has-post-thumbnail","6":"product_cat-suplementy","7":"product_tag-aam-pachak","8":"product_tag-holistyczna-pielegancja","9":"product_tag-holistyczna-pielegnacja","10":"product_tag-jiva","11":"product_tag-proszek","12":"product_tag-trawienie","13":"product_tag-uklad-pokarmowy","14":"desktop-align-left","15":"tablet-align-left","16":"mobile-align-left","18":"first","19":"outofstock","20":"taxable","21":"shipping-taxable","22":"purchasable","23":"product-type-simple"},"acf":[],"yoast_head":"<!-- This site is optimized with the Yoast SEO plugin v27.1.1 - https:\/\/yoast.com\/product\/yoast-seo-wordpress\/ -->\n<title>Proszek Aam Pachak JIVA \u2022 eliminuje toksyny \u2022 100 g | Joga Pi\u0119kna | Naturalne odm\u0142adzanie<\/title>\n<meta name=\"description\" content=\"Aam Pachak Churna to sprawdzona receptura, kt\u00f3ra \u0142agodzi dolegliwo\u015bci brzuszne spowodowane s\u0142abym trawieniem lub innymi problemami uk\u0142adu pokarmowego. W naturalny spos\u00f3b usprawnia proces trawienia, poprawia wydzielanie sok\u00f3w trawiennych i sprzyja prawid\u0142owemu wypr\u00f3\u017cnianiu si\u0119. Zwi\u0119ksza apetyt stymuluj\u0105c wydzieliny trawienne. Normalizuje proces trawienia i pomaga w eliminacji substancji toksycznych. \u0141agodzi gazy, kwasowo\u015b\u0107 i wzd\u0119cia. Usuwa uczucie ci\u0119\u017cko\u015bci w \u017co\u0142\u0105dku spowodowane przez niestrawno\u015b\u0107.\" \/>\n<meta name=\"robots\" content=\"index, follow, max-snippet:-1, max-image-preview:large, max-video-preview:-1\" \/>\n<link rel=\"canonical\" href=\"https:\/\/dev1.jogapiekna.com\/en\/product\/aam-pachak-proszek_100g\/\" \/>\n<meta property=\"og:locale\" content=\"en_GB\" \/>\n<meta property=\"og:type\" content=\"article\" \/>\n<meta property=\"og:title\" content=\"Proszek Aam Pachak JIVA \u2022 eliminuje toksyny \u2022 100 g | Joga Pi\u0119kna | Naturalne odm\u0142adzanie\" \/>\n<meta property=\"og:description\" content=\"Aam Pachak Churna to sprawdzona receptura, kt\u00f3ra \u0142agodzi dolegliwo\u015bci brzuszne spowodowane s\u0142abym trawieniem lub innymi problemami uk\u0142adu pokarmowego. W naturalny spos\u00f3b usprawnia proces trawienia, poprawia wydzielanie sok\u00f3w trawiennych i sprzyja prawid\u0142owemu wypr\u00f3\u017cnianiu si\u0119. Zwi\u0119ksza apetyt stymuluj\u0105c wydzieliny trawienne. Normalizuje proces trawienia i pomaga w eliminacji substancji toksycznych. \u0141agodzi gazy, kwasowo\u015b\u0107 i wzd\u0119cia. Usuwa uczucie ci\u0119\u017cko\u015bci w \u017co\u0142\u0105dku spowodowane przez niestrawno\u015b\u0107.\" \/>\n<meta property=\"og:url\" content=\"https:\/\/dev1.jogapiekna.com\/en\/product\/aam-pachak-proszek_100g\/\" \/>\n<meta property=\"og:site_name\" content=\"JOGA PI\u0118KNA | Joga Twarzy\" \/>\n<meta property=\"article:publisher\" content=\"https:\/\/www.facebook.com\/JogaPieknaCom\/\" \/>\n<meta property=\"article:modified_time\" content=\"2026-01-31T05:55:13+00:00\" \/>\n<meta property=\"og:image\" content=\"https:\/\/dev1.jogapiekna.com\/wp-content\/uploads\/2021\/12\/aam-pachak_jiva-100g-jiva-nowe-opakowanie.jpg\" \/>\n\t<meta property=\"og:image:width\" content=\"1000\" \/>\n\t<meta property=\"og:image:height\" content=\"1000\" \/>\n\t<meta property=\"og:image:type\" content=\"image\/jpeg\" \/>\n<meta name=\"twitter:card\" content=\"summary_large_image\" \/>\n<meta name=\"twitter:label1\" content=\"Estimated reading time\" \/>\n\t<meta name=\"twitter:data1\" content=\"2 minutes\" \/>\n<script type=\"application\/ld+json\" class=\"yoast-schema-graph\">{\"@context\":\"https:\/\/schema.org\",\"@graph\":[{\"@type\":\"WebPage\",\"@id\":\"https:\/\/dev1.jogapiekna.com\/produkt\/aam-pachak-proszek_100g\/\",\"url\":\"https:\/\/dev1.jogapiekna.com\/produkt\/aam-pachak-proszek_100g\/\",\"name\":\"Proszek Aam Pachak JIVA \u2022 eliminuje toksyny \u2022 100 g | Joga Pi\u0119kna | Naturalne odm\u0142adzanie\",\"isPartOf\":{\"@id\":\"https:\/\/dev1.jogapiekna.com\/#website\"},\"primaryImageOfPage\":{\"@id\":\"https:\/\/dev1.jogapiekna.com\/produkt\/aam-pachak-proszek_100g\/#primaryimage\"},\"image\":{\"@id\":\"https:\/\/dev1.jogapiekna.com\/produkt\/aam-pachak-proszek_100g\/#primaryimage\"},\"thumbnailUrl\":\"https:\/\/dev1.jogapiekna.com\/wp-content\/uploads\/2021\/12\/aam-pachak_jiva-100g-jiva-nowe-opakowanie.jpg\",\"datePublished\":\"2021-12-06T22:14:22+00:00\",\"dateModified\":\"2026-01-31T05:55:13+00:00\",\"description\":\"Aam Pachak Churna to sprawdzona receptura, kt\u00f3ra \u0142agodzi dolegliwo\u015bci brzuszne spowodowane s\u0142abym trawieniem lub innymi problemami uk\u0142adu pokarmowego. W naturalny spos\u00f3b usprawnia proces trawienia, poprawia wydzielanie sok\u00f3w trawiennych i sprzyja prawid\u0142owemu wypr\u00f3\u017cnianiu si\u0119. Zwi\u0119ksza apetyt stymuluj\u0105c wydzieliny trawienne. Normalizuje proces trawienia i pomaga w eliminacji substancji toksycznych. \u0141agodzi gazy, kwasowo\u015b\u0107 i wzd\u0119cia. Usuwa uczucie ci\u0119\u017cko\u015bci w \u017co\u0142\u0105dku spowodowane przez niestrawno\u015b\u0107.\",\"breadcrumb\":{\"@id\":\"https:\/\/dev1.jogapiekna.com\/produkt\/aam-pachak-proszek_100g\/#breadcrumb\"},\"inLanguage\":\"en-GB\",\"potentialAction\":[{\"@type\":\"ReadAction\",\"target\":[\"https:\/\/dev1.jogapiekna.com\/produkt\/aam-pachak-proszek_100g\/\"]}]},{\"@type\":\"ImageObject\",\"inLanguage\":\"en-GB\",\"@id\":\"https:\/\/dev1.jogapiekna.com\/produkt\/aam-pachak-proszek_100g\/#primaryimage\",\"url\":\"https:\/\/dev1.jogapiekna.com\/wp-content\/uploads\/2021\/12\/aam-pachak_jiva-100g-jiva-nowe-opakowanie.jpg\",\"contentUrl\":\"https:\/\/dev1.jogapiekna.com\/wp-content\/uploads\/2021\/12\/aam-pachak_jiva-100g-jiva-nowe-opakowanie.jpg\",\"width\":1000,\"height\":1000,\"caption\":\"Proszek Aam Pachak JIVA \u2022 eliminuje toksyny \u2022 100g\"},{\"@type\":\"BreadcrumbList\",\"@id\":\"https:\/\/dev1.jogapiekna.com\/produkt\/aam-pachak-proszek_100g\/#breadcrumb\",\"itemListElement\":[{\"@type\":\"ListItem\",\"position\":1,\"name\":\"Strona g\u0142\u00f3wna\",\"item\":\"https:\/\/dev1.jogapiekna.com\/\"},{\"@type\":\"ListItem\",\"position\":2,\"name\":\"Sklep\",\"item\":\"https:\/\/dev1.jogapiekna.com\/sklep\/\"},{\"@type\":\"ListItem\",\"position\":3,\"name\":\"Proszek Aam Pachak JIVA \u2022 eliminuje toksyny \u2022 100 g\"}]},{\"@type\":\"WebSite\",\"@id\":\"https:\/\/dev1.jogapiekna.com\/#website\",\"url\":\"https:\/\/dev1.jogapiekna.com\/\",\"name\":\"Joga Pi\u0119kna Marta Kuci\u0144ska\",\"description\":\"Joga Pi\u0119kna pomaga kobietom zachowa\u0107 urod\u0119, cofn\u0105\u0107 oznaki up\u0142ywaj\u0105cego czasu i zm\u0119czenia, odzyska\u0107 promienny wygl\u0105d, naturalny u\u015bmiech i popraw\u0119 w\u0142asnej samooceny.\",\"publisher\":{\"@id\":\"https:\/\/dev1.jogapiekna.com\/#organization\"},\"potentialAction\":[{\"@type\":\"SearchAction\",\"target\":{\"@type\":\"EntryPoint\",\"urlTemplate\":\"https:\/\/dev1.jogapiekna.com\/?s={search_term_string}\"},\"query-input\":{\"@type\":\"PropertyValueSpecification\",\"valueRequired\":true,\"valueName\":\"search_term_string\"}}],\"inLanguage\":\"en-GB\"},{\"@type\":\"Organization\",\"@id\":\"https:\/\/dev1.jogapiekna.com\/#organization\",\"name\":\"Joga Pi\u0119kna Marta Kuci\u0144ska\",\"url\":\"https:\/\/dev1.jogapiekna.com\/\",\"logo\":{\"@type\":\"ImageObject\",\"inLanguage\":\"en-GB\",\"@id\":\"https:\/\/dev1.jogapiekna.com\/#\/schema\/logo\/image\/\",\"url\":\"https:\/\/dev1.jogapiekna.com\/wp-content\/uploads\/2022\/09\/joga-piekna-logo_Rka.png\",\"contentUrl\":\"https:\/\/dev1.jogapiekna.com\/wp-content\/uploads\/2022\/09\/joga-piekna-logo_Rka.png\",\"width\":231,\"height\":124,\"caption\":\"Joga Pi\u0119kna Marta Kuci\u0144ska\"},\"image\":{\"@id\":\"https:\/\/dev1.jogapiekna.com\/#\/schema\/logo\/image\/\"},\"sameAs\":[\"https:\/\/www.facebook.com\/JogaPieknaCom\/\",\"https:\/\/www.instagram.com\/jogapieknacom\/\"]}]}<\/script>\n<!-- \/ Yoast SEO plugin. -->","yoast_head_json":{"title":"Proszek Aam Pachak JIVA \u2022 eliminuje toksyny \u2022 100 g | Joga Pi\u0119kna | Naturalne odm\u0142adzanie","description":"Aam Pachak Churna to sprawdzona receptura, kt\u00f3ra \u0142agodzi dolegliwo\u015bci brzuszne spowodowane s\u0142abym trawieniem lub innymi problemami uk\u0142adu pokarmowego. W naturalny spos\u00f3b usprawnia proces trawienia, poprawia wydzielanie sok\u00f3w trawiennych i sprzyja prawid\u0142owemu wypr\u00f3\u017cnianiu si\u0119. Zwi\u0119ksza apetyt stymuluj\u0105c wydzieliny trawienne. Normalizuje proces trawienia i pomaga w eliminacji substancji toksycznych. \u0141agodzi gazy, kwasowo\u015b\u0107 i wzd\u0119cia. Usuwa uczucie ci\u0119\u017cko\u015bci w \u017co\u0142\u0105dku spowodowane przez niestrawno\u015b\u0107.","robots":{"index":"index","follow":"follow","max-snippet":"max-snippet:-1","max-image-preview":"max-image-preview:large","max-video-preview":"max-video-preview:-1"},"canonical":"https:\/\/dev1.jogapiekna.com\/en\/product\/aam-pachak-proszek_100g\/","og_locale":"en_GB","og_type":"article","og_title":"Proszek Aam Pachak JIVA \u2022 eliminuje toksyny \u2022 100 g | Joga Pi\u0119kna | Naturalne odm\u0142adzanie","og_description":"Aam Pachak Churna to sprawdzona receptura, kt\u00f3ra \u0142agodzi dolegliwo\u015bci brzuszne spowodowane s\u0142abym trawieniem lub innymi problemami uk\u0142adu pokarmowego. W naturalny spos\u00f3b usprawnia proces trawienia, poprawia wydzielanie sok\u00f3w trawiennych i sprzyja prawid\u0142owemu wypr\u00f3\u017cnianiu si\u0119. Zwi\u0119ksza apetyt stymuluj\u0105c wydzieliny trawienne. Normalizuje proces trawienia i pomaga w eliminacji substancji toksycznych. \u0141agodzi gazy, kwasowo\u015b\u0107 i wzd\u0119cia. Usuwa uczucie ci\u0119\u017cko\u015bci w \u017co\u0142\u0105dku spowodowane przez niestrawno\u015b\u0107.","og_url":"https:\/\/dev1.jogapiekna.com\/en\/product\/aam-pachak-proszek_100g\/","og_site_name":"JOGA PI\u0118KNA | Joga Twarzy","article_publisher":"https:\/\/www.facebook.com\/JogaPieknaCom\/","article_modified_time":"2026-01-31T05:55:13+00:00","og_image":[{"width":1000,"height":1000,"url":"https:\/\/dev1.jogapiekna.com\/wp-content\/uploads\/2021\/12\/aam-pachak_jiva-100g-jiva-nowe-opakowanie.jpg","type":"image\/jpeg"}],"twitter_card":"summary_large_image","twitter_misc":{"Estimated reading time":"2 minutes"},"schema":{"@context":"https:\/\/schema.org","@graph":[{"@type":"WebPage","@id":"https:\/\/dev1.jogapiekna.com\/produkt\/aam-pachak-proszek_100g\/","url":"https:\/\/dev1.jogapiekna.com\/produkt\/aam-pachak-proszek_100g\/","name":"Proszek Aam Pachak JIVA \u2022 eliminuje toksyny \u2022 100 g | Joga Pi\u0119kna | Naturalne odm\u0142adzanie","isPartOf":{"@id":"https:\/\/dev1.jogapiekna.com\/#website"},"primaryImageOfPage":{"@id":"https:\/\/dev1.jogapiekna.com\/produkt\/aam-pachak-proszek_100g\/#primaryimage"},"image":{"@id":"https:\/\/dev1.jogapiekna.com\/produkt\/aam-pachak-proszek_100g\/#primaryimage"},"thumbnailUrl":"https:\/\/dev1.jogapiekna.com\/wp-content\/uploads\/2021\/12\/aam-pachak_jiva-100g-jiva-nowe-opakowanie.jpg","datePublished":"2021-12-06T22:14:22+00:00","dateModified":"2026-01-31T05:55:13+00:00","description":"Aam Pachak Churna to sprawdzona receptura, kt\u00f3ra \u0142agodzi dolegliwo\u015bci brzuszne spowodowane s\u0142abym trawieniem lub innymi problemami uk\u0142adu pokarmowego. W naturalny spos\u00f3b usprawnia proces trawienia, poprawia wydzielanie sok\u00f3w trawiennych i sprzyja prawid\u0142owemu wypr\u00f3\u017cnianiu si\u0119. Zwi\u0119ksza apetyt stymuluj\u0105c wydzieliny trawienne. Normalizuje proces trawienia i pomaga w eliminacji substancji toksycznych. \u0141agodzi gazy, kwasowo\u015b\u0107 i wzd\u0119cia. Usuwa uczucie ci\u0119\u017cko\u015bci w \u017co\u0142\u0105dku spowodowane przez niestrawno\u015b\u0107.","breadcrumb":{"@id":"https:\/\/dev1.jogapiekna.com\/produkt\/aam-pachak-proszek_100g\/#breadcrumb"},"inLanguage":"en-GB","potentialAction":[{"@type":"ReadAction","target":["https:\/\/dev1.jogapiekna.com\/produkt\/aam-pachak-proszek_100g\/"]}]},{"@type":"ImageObject","inLanguage":"en-GB","@id":"https:\/\/dev1.jogapiekna.com\/produkt\/aam-pachak-proszek_100g\/#primaryimage","url":"https:\/\/dev1.jogapiekna.com\/wp-content\/uploads\/2021\/12\/aam-pachak_jiva-100g-jiva-nowe-opakowanie.jpg","contentUrl":"https:\/\/dev1.jogapiekna.com\/wp-content\/uploads\/2021\/12\/aam-pachak_jiva-100g-jiva-nowe-opakowanie.jpg","width":1000,"height":1000,"caption":"Proszek Aam Pachak JIVA \u2022 eliminuje toksyny \u2022 100g"},{"@type":"BreadcrumbList","@id":"https:\/\/dev1.jogapiekna.com\/produkt\/aam-pachak-proszek_100g\/#breadcrumb","itemListElement":[{"@type":"ListItem","position":1,"name":"Strona g\u0142\u00f3wna","item":"https:\/\/dev1.jogapiekna.com\/"},{"@type":"ListItem","position":2,"name":"Sklep","item":"https:\/\/dev1.jogapiekna.com\/sklep\/"},{"@type":"ListItem","position":3,"name":"Proszek Aam Pachak JIVA \u2022 eliminuje toksyny \u2022 100 g"}]},{"@type":"WebSite","@id":"https:\/\/dev1.jogapiekna.com\/#website","url":"https:\/\/dev1.jogapiekna.com\/","name":"Yoga Beauty Marta Kuci\u0144ska","description":"Beauty Yoga helps women to maintain their beauty, reverse the signs of passing time and fatigue, regain a radiant appearance, natural smile and improve their self-esteem.","publisher":{"@id":"https:\/\/dev1.jogapiekna.com\/#organization"},"potentialAction":[{"@type":"SearchAction","target":{"@type":"EntryPoint","urlTemplate":"https:\/\/dev1.jogapiekna.com\/?s={search_term_string}"},"query-input":{"@type":"PropertyValueSpecification","valueRequired":true,"valueName":"search_term_string"}}],"inLanguage":"en-GB"},{"@type":"Organization","@id":"https:\/\/dev1.jogapiekna.com\/#organization","name":"Yoga Beauty Marta Kuci\u0144ska","url":"https:\/\/dev1.jogapiekna.com\/","logo":{"@type":"ImageObject","inLanguage":"en-GB","@id":"https:\/\/dev1.jogapiekna.com\/#\/schema\/logo\/image\/","url":"https:\/\/dev1.jogapiekna.com\/wp-content\/uploads\/2022\/09\/joga-piekna-logo_Rka.png","contentUrl":"https:\/\/dev1.jogapiekna.com\/wp-content\/uploads\/2022\/09\/joga-piekna-logo_Rka.png","width":231,"height":124,"caption":"Joga Pi\u0119kna Marta Kuci\u0144ska"},"image":{"@id":"https:\/\/dev1.jogapiekna.com\/#\/schema\/logo\/image\/"},"sameAs":["https:\/\/www.facebook.com\/JogaPieknaCom\/","https:\/\/www.instagram.com\/jogapieknacom\/"]}]}},"_links":{"self":[{"href":"https:\/\/dev1.jogapiekna.com\/en\/wp-json\/wp\/v2\/product\/65953","targetHints":{"allow":["GET"]}}],"collection":[{"href":"https:\/\/dev1.jogapiekna.com\/en\/wp-json\/wp\/v2\/product"}],"about":[{"href":"https:\/\/dev1.jogapiekna.com\/en\/wp-json\/wp\/v2\/types\/product"}],"replies":[{"embeddable":true,"href":"https:\/\/dev1.jogapiekna.com\/en\/wp-json\/wp\/v2\/comments?post=65953"}],"version-history":[{"count":0,"href":"https:\/\/dev1.jogapiekna.com\/en\/wp-json\/wp\/v2\/product\/65953\/revisions"}],"wp:featuredmedia":[{"embeddable":true,"href":"https:\/\/dev1.jogapiekna.com\/en\/wp-json\/wp\/v2\/media\/152616"}],"wp:attachment":[{"href":"https:\/\/dev1.jogapiekna.com\/en\/wp-json\/wp\/v2\/media?parent=65953"}],"wp:term":[{"taxonomy":"product_brand","embeddable":true,"href":"https:\/\/dev1.jogapiekna.com\/en\/wp-json\/wp\/v2\/product_brand?post=65953"},{"taxonomy":"product_cat","embeddable":true,"href":"https:\/\/dev1.jogapiekna.com\/en\/wp-json\/wp\/v2\/product_cat?post=65953"},{"taxonomy":"product_tag","embeddable":true,"href":"https:\/\/dev1.jogapiekna.com\/en\/wp-json\/wp\/v2\/product_tag?post=65953"}],"curies":[{"name":"wp","href":"https:\/\/api.w.org\/{rel}","templated":true}]}}