{"id":65685,"date":"2021-12-05T15:35:38","date_gmt":"2021-12-05T14:35:38","guid":{"rendered":"https:\/\/dev1.jogapiekna.com?post_type=product&#038;p=65685"},"modified":"2026-03-11T14:45:54","modified_gmt":"2026-03-11T13:45:54","slug":"arthrofill-liquid-250ml","status":"publish","type":"product","link":"https:\/\/dev1.jogapiekna.com\/en\/product\/arthrofill-liquid-250ml\/","title":{"rendered":"Proceanis \u00ae ArthroFill \u00ae Liquid * joint nutrition * 250 ml"},"content":{"rendered":"<p><strong>A NATURAL DIETARY SUPPLEMENT TO REGENERATE AND NOURISH CARTILAGE, CONNECTIVE TISSUE AND JOINT FLUID.<br \/>\nA COMBINATION OF LOW- AND HIGH-MOLECULAR HYALURONIC ACID, VITAMIN C, MANGANESE, ZINC AND COPPER WITH THE ADDITION OF BLUEBERRY EXTRACT.<\/strong><\/p>\n<p>ArthroFill Liquid is the world's first hyaluronic acid dietary supplement with a unique combination of short- and long-chain molecules with performance based on clinical studies. Due to its liquid form of administration, the product has high absorption and bioavailability of the ingredients. Dosage and composition ArthroFill has been formulated based on the latest nutritional research and is well tolerated by the body.<\/p>\n<p>We have ensured that the product contains no sweeteners, artificial flavours or sugar. It is 100% natural and safe for pregnant and lactating women, allergy sufferers and diabetics.<\/p>\n<p><strong>PROPERTIES:<\/strong><br \/>\nThe nutrients in ArthroFill liquid are used to support connective tissue, cartilage and bone. The nutrients it contains also support the immune system and help to protect cells from oxidative stress.<\/p>\n<ul>\n<li>Hyaluronic ACID is a major component of joint lubricant and part of cartilage and connective tissue<\/li>\n<li>COPPER contributes to the maintenance of healthy connective tissue<\/li>\n<li>MANGAN contributes to the formation of healthy connective tissue and the maintenance of healthy bones<\/li>\n<li>ZINC contributes to the maintenance of healthy bones<\/li>\n<li>VITAMIN C helps with the normal production of collagen to ensure the proper functioning of bones and cartilage<\/li>\n<li>MINE, MANGAN, ZINC and VITAMIN C help protect cells from oxidative stress<\/li>\n<li>MINE, VITAMIN C and ZINC help the immune system to function properly<\/li>\n<li>The berry extract contained in the product contains additional nutrients and gives it a pleasant fruity taste<\/li>\n<\/ul>\n<p><strong>Ingredients<\/strong><br \/>\nQUANTITY in 12.5 ml<\/p>\n<ul>\n<li>Energy value - 21.5 kJ \/ 5 kcal<\/li>\n<li>Fats - &lt; 0.1 g<\/li>\n<li>of which saturated fats - &lt; 0,1 g<\/li>\n<li>Carbohydrates - 1.12 g<\/li>\n<li>of which sugars - 1 g<\/li>\n<li>Protein - &lt; 0.1 g<\/li>\n<li>Sodium - 0.02 g<\/li>\n<li>Hyaluronic acid - 150 mg<\/li>\n<li>Vitamin C - 15 mg<\/li>\n<li>Zinc - 1.88 mg<\/li>\n<li>Copper - 0.19 mg<\/li>\n<li>Manganese - 1.25 mg<\/li>\n<\/ul>\n<p><strong>USE AND STORAGE:<\/strong><br \/>\nPour 12.5 ml undiluted into the measuring cup (you will find it in the pack) and sip with a glass of water in the morning before breakfast or during the day between meals.<br \/>\nThe product should be stored in a dry place at temperatures up to 25 C or in the refrigerator.<\/p>\n<p><strong>MADE IN GERMANY + PROVEN QUALITY + WELL-BALANCED PACKAGING<\/strong><\/p>\n<ul>\n<li>Dosage and composition of all ingredients according to the latest nutritional knowledge<\/li>\n<li>Production to the highest quality standards in a certified company in Germany: a quality management system in accordance with GMP serves to guarantee product quality. HACCP guarantees the production process with quality assurance from raw material to final product.<\/li>\n<li>Each production batch is tested by an independent food institute<\/li>\n<li>Packaging is done in high-purity glass. The cardboard and paper come exclusively from sustainably managed forests (FSC-certified)<\/li>\n<\/ul>","protected":false},"excerpt":{"rendered":"<p><strong>A NATURAL DIETARY SUPPLEMENT TO REGENERATE AND NOURISH CARTILAGE, CONNECTIVE TISSUE AND JOINT FLUID.<br \/>\nA COMBINATION OF LOW- AND HIGH-MOLECULAR HYALURONIC ACID, VITAMIN C, MANGANESE, ZINC AND COPPER WITH THE ADDITION OF BLUEBERRY EXTRACT.<\/strong><\/p>\n<p>ArthroFill Liquid is the world's first hyaluronic acid dietary supplement with a unique combination of short- and long-chain molecules with performance based on clinical studies. Due to its liquid form of administration, the product has high absorption and bioavailability of the ingredients. Dosage and composition ArthroFill has been formulated based on the latest nutritional research and is well tolerated by the body.<\/p>","protected":false},"featured_media":94562,"comment_status":"closed","ping_status":"closed","template":"","meta":{"_acf_changed":false,"site-sidebar-layout":"default","site-content-layout":"","ast-site-content-layout":"default","site-content-style":"default","site-sidebar-style":"default","ast-global-header-display":"","ast-banner-title-visibility":"","ast-main-header-display":"","ast-hfb-above-header-display":"","ast-hfb-below-header-display":"","ast-hfb-mobile-header-display":"","site-post-title":"","ast-breadcrumbs-content":"","ast-featured-img":"","footer-sml-layout":"","ast-disable-related-posts":"","theme-transparent-header-meta":"","adv-header-id-meta":"","stick-header-meta":"","header-above-stick-meta":"","header-main-stick-meta":"","header-below-stick-meta":"","astra-migrate-meta-layouts":"default","ast-page-background-enabled":"default","ast-page-background-meta":{"desktop":{"background-color":"var(--ast-global-color-5)","background-image":"","background-repeat":"repeat","background-position":"center center","background-size":"auto","background-attachment":"scroll","background-type":"","background-media":"","overlay-type":"","overlay-color":"","overlay-opacity":"","overlay-gradient":""},"tablet":{"background-color":"","background-image":"","background-repeat":"repeat","background-position":"center center","background-size":"auto","background-attachment":"scroll","background-type":"","background-media":"","overlay-type":"","overlay-color":"","overlay-opacity":"","overlay-gradient":""},"mobile":{"background-color":"","background-image":"","background-repeat":"repeat","background-position":"center center","background-size":"auto","background-attachment":"scroll","background-type":"","background-media":"","overlay-type":"","overlay-color":"","overlay-opacity":"","overlay-gradient":""}},"ast-content-background-meta":{"desktop":{"background-color":"var(--ast-global-color-4)","background-image":"","background-repeat":"repeat","background-position":"center center","background-size":"auto","background-attachment":"scroll","background-type":"","background-media":"","overlay-type":"","overlay-color":"","overlay-opacity":"","overlay-gradient":""},"tablet":{"background-color":"var(--ast-global-color-4)","background-image":"","background-repeat":"repeat","background-position":"center center","background-size":"auto","background-attachment":"scroll","background-type":"","background-media":"","overlay-type":"","overlay-color":"","overlay-opacity":"","overlay-gradient":""},"mobile":{"background-color":"var(--ast-global-color-4)","background-image":"","background-repeat":"repeat","background-position":"center center","background-size":"auto","background-attachment":"scroll","background-type":"","background-media":"","overlay-type":"","overlay-color":"","overlay-opacity":"","overlay-gradient":""}}},"product_brand":[],"product_cat":[639],"product_tag":[488,244,243,487,489,336,486,585,485,242,484],"class_list":{"0":"post-65685","1":"product","2":"type-product","3":"status-publish","4":"has-post-thumbnail","6":"product_cat-suplementy","7":"product_tag-cynk","8":"product_tag-holistyczna-pielegancja","9":"product_tag-kwas-hialuronowy","10":"product_tag-mangan","11":"product_tag-miedz","12":"product_tag-odpornosc","13":"product_tag-odzywienie-stawow","14":"product_tag-proceanis","15":"product_tag-regeneracja","16":"product_tag-suplement-diety-z-kwasem-hialuronowym","17":"product_tag-witamina-c","18":"desktop-align-left","19":"tablet-align-left","20":"mobile-align-left","22":"first","23":"instock","24":"taxable","25":"shipping-taxable","26":"purchasable","27":"product-type-simple"},"acf":[],"yoast_head":"<!-- This site is optimized with the Yoast SEO plugin v27.1.1 - https:\/\/yoast.com\/product\/yoast-seo-wordpress\/ -->\n<title>Proceanis\u00ae ArthroFill\u00ae Liquid \u2022 od\u017cywienie staw\u00f3w \u2022 250 ml | Joga Pi\u0119kna | Naturalne odm\u0142adzanie<\/title>\n<meta name=\"description\" content=\"ArthroFill Liquid to pierwszy na \u015bwiecie suplement diety z kwasem hialuronowym o unikalnym po\u0142\u0105czeniu cz\u0105steczek kr\u00f3tko- i d\u0142ugo\u0142a\u0144cuchowych o dzia\u0142aniu opartym na badaniach klinicznych. Dzi\u0119ki p\u0142ynnej formie podania, produkt posiada wysok\u0105 wch\u0142anialno\u015b\u0107 i biodost\u0119pno\u015b\u0107 sk\u0142adnik\u00f3w. Dawkowanie i sk\u0142ad ArthroFill zosta\u0142 stworzony w oparciu o najnowsze badania \u017cywieniowe i jest dobrze tolerowany przez organizm.\" \/>\n<meta name=\"robots\" content=\"index, follow, max-snippet:-1, max-image-preview:large, max-video-preview:-1\" \/>\n<link rel=\"canonical\" href=\"https:\/\/dev1.jogapiekna.com\/en\/product\/arthrofill-liquid-250ml\/\" \/>\n<meta property=\"og:locale\" content=\"en_GB\" \/>\n<meta property=\"og:type\" content=\"article\" \/>\n<meta property=\"og:title\" content=\"Proceanis\u00ae ArthroFill\u00ae Liquid \u2022 od\u017cywienie staw\u00f3w \u2022 250 ml | Joga Pi\u0119kna | Naturalne odm\u0142adzanie\" \/>\n<meta property=\"og:description\" content=\"ArthroFill Liquid to pierwszy na \u015bwiecie suplement diety z kwasem hialuronowym o unikalnym po\u0142\u0105czeniu cz\u0105steczek kr\u00f3tko- i d\u0142ugo\u0142a\u0144cuchowych o dzia\u0142aniu opartym na badaniach klinicznych. Dzi\u0119ki p\u0142ynnej formie podania, produkt posiada wysok\u0105 wch\u0142anialno\u015b\u0107 i biodost\u0119pno\u015b\u0107 sk\u0142adnik\u00f3w. Dawkowanie i sk\u0142ad ArthroFill zosta\u0142 stworzony w oparciu o najnowsze badania \u017cywieniowe i jest dobrze tolerowany przez organizm.\" \/>\n<meta property=\"og:url\" content=\"https:\/\/dev1.jogapiekna.com\/en\/product\/arthrofill-liquid-250ml\/\" \/>\n<meta property=\"og:site_name\" content=\"JOGA PI\u0118KNA | Joga Twarzy\" \/>\n<meta property=\"article:publisher\" content=\"https:\/\/www.facebook.com\/JogaPieknaCom\/\" \/>\n<meta property=\"article:modified_time\" content=\"2026-03-11T13:45:54+00:00\" \/>\n<meta property=\"og:image\" content=\"https:\/\/dev1.jogapiekna.com\/wp-content\/uploads\/2021\/12\/jogapiekna_arthrofill-liquid_250-ml.jpg\" \/>\n\t<meta property=\"og:image:width\" content=\"1000\" \/>\n\t<meta property=\"og:image:height\" content=\"1000\" \/>\n\t<meta property=\"og:image:type\" content=\"image\/jpeg\" \/>\n<meta name=\"twitter:card\" content=\"summary_large_image\" \/>\n<meta name=\"twitter:label1\" content=\"Estimated reading time\" \/>\n\t<meta name=\"twitter:data1\" content=\"3 minutes\" \/>\n<script type=\"application\/ld+json\" class=\"yoast-schema-graph\">{\"@context\":\"https:\/\/schema.org\",\"@graph\":[{\"@type\":\"WebPage\",\"@id\":\"https:\/\/dev1.jogapiekna.com\/produkt\/arthrofill-liquid-250ml\/\",\"url\":\"https:\/\/dev1.jogapiekna.com\/produkt\/arthrofill-liquid-250ml\/\",\"name\":\"Proceanis\u00ae ArthroFill\u00ae Liquid \u2022 od\u017cywienie staw\u00f3w \u2022 250 ml | Joga Pi\u0119kna | Naturalne odm\u0142adzanie\",\"isPartOf\":{\"@id\":\"https:\/\/dev1.jogapiekna.com\/#website\"},\"primaryImageOfPage\":{\"@id\":\"https:\/\/dev1.jogapiekna.com\/produkt\/arthrofill-liquid-250ml\/#primaryimage\"},\"image\":{\"@id\":\"https:\/\/dev1.jogapiekna.com\/produkt\/arthrofill-liquid-250ml\/#primaryimage\"},\"thumbnailUrl\":\"https:\/\/dev1.jogapiekna.com\/wp-content\/uploads\/2021\/12\/jogapiekna_arthrofill-liquid_250-ml.jpg\",\"datePublished\":\"2021-12-05T14:35:38+00:00\",\"dateModified\":\"2026-03-11T13:45:54+00:00\",\"description\":\"ArthroFill Liquid to pierwszy na \u015bwiecie suplement diety z kwasem hialuronowym o unikalnym po\u0142\u0105czeniu cz\u0105steczek kr\u00f3tko- i d\u0142ugo\u0142a\u0144cuchowych o dzia\u0142aniu opartym na badaniach klinicznych. Dzi\u0119ki p\u0142ynnej formie podania, produkt posiada wysok\u0105 wch\u0142anialno\u015b\u0107 i biodost\u0119pno\u015b\u0107 sk\u0142adnik\u00f3w. Dawkowanie i sk\u0142ad ArthroFill zosta\u0142 stworzony w oparciu o najnowsze badania \u017cywieniowe i jest dobrze tolerowany przez organizm.\",\"breadcrumb\":{\"@id\":\"https:\/\/dev1.jogapiekna.com\/produkt\/arthrofill-liquid-250ml\/#breadcrumb\"},\"inLanguage\":\"en-GB\",\"potentialAction\":[{\"@type\":\"ReadAction\",\"target\":[\"https:\/\/dev1.jogapiekna.com\/produkt\/arthrofill-liquid-250ml\/\"]}]},{\"@type\":\"ImageObject\",\"inLanguage\":\"en-GB\",\"@id\":\"https:\/\/dev1.jogapiekna.com\/produkt\/arthrofill-liquid-250ml\/#primaryimage\",\"url\":\"https:\/\/dev1.jogapiekna.com\/wp-content\/uploads\/2021\/12\/jogapiekna_arthrofill-liquid_250-ml.jpg\",\"contentUrl\":\"https:\/\/dev1.jogapiekna.com\/wp-content\/uploads\/2021\/12\/jogapiekna_arthrofill-liquid_250-ml.jpg\",\"width\":1000,\"height\":1000,\"caption\":\"ArthroFill\u00ae Liquid \u2022 regeneracja \u2022 od\u017cywienie staw\u00f3w \u2022 250 ml\"},{\"@type\":\"BreadcrumbList\",\"@id\":\"https:\/\/dev1.jogapiekna.com\/produkt\/arthrofill-liquid-250ml\/#breadcrumb\",\"itemListElement\":[{\"@type\":\"ListItem\",\"position\":1,\"name\":\"Strona g\u0142\u00f3wna\",\"item\":\"https:\/\/dev1.jogapiekna.com\/\"},{\"@type\":\"ListItem\",\"position\":2,\"name\":\"Sklep\",\"item\":\"https:\/\/dev1.jogapiekna.com\/sklep\/\"},{\"@type\":\"ListItem\",\"position\":3,\"name\":\"Proceanis\u00ae ArthroFill\u00ae Liquid \u2022 od\u017cywienie staw\u00f3w \u2022 250 ml\"}]},{\"@type\":\"WebSite\",\"@id\":\"https:\/\/dev1.jogapiekna.com\/#website\",\"url\":\"https:\/\/dev1.jogapiekna.com\/\",\"name\":\"Joga Pi\u0119kna Marta Kuci\u0144ska\",\"description\":\"Joga Pi\u0119kna pomaga kobietom zachowa\u0107 urod\u0119, cofn\u0105\u0107 oznaki up\u0142ywaj\u0105cego czasu i zm\u0119czenia, odzyska\u0107 promienny wygl\u0105d, naturalny u\u015bmiech i popraw\u0119 w\u0142asnej samooceny.\",\"publisher\":{\"@id\":\"https:\/\/dev1.jogapiekna.com\/#organization\"},\"potentialAction\":[{\"@type\":\"SearchAction\",\"target\":{\"@type\":\"EntryPoint\",\"urlTemplate\":\"https:\/\/dev1.jogapiekna.com\/?s={search_term_string}\"},\"query-input\":{\"@type\":\"PropertyValueSpecification\",\"valueRequired\":true,\"valueName\":\"search_term_string\"}}],\"inLanguage\":\"en-GB\"},{\"@type\":\"Organization\",\"@id\":\"https:\/\/dev1.jogapiekna.com\/#organization\",\"name\":\"Joga Pi\u0119kna Marta Kuci\u0144ska\",\"url\":\"https:\/\/dev1.jogapiekna.com\/\",\"logo\":{\"@type\":\"ImageObject\",\"inLanguage\":\"en-GB\",\"@id\":\"https:\/\/dev1.jogapiekna.com\/#\/schema\/logo\/image\/\",\"url\":\"https:\/\/dev1.jogapiekna.com\/wp-content\/uploads\/2022\/09\/joga-piekna-logo_Rka.png\",\"contentUrl\":\"https:\/\/dev1.jogapiekna.com\/wp-content\/uploads\/2022\/09\/joga-piekna-logo_Rka.png\",\"width\":231,\"height\":124,\"caption\":\"Joga Pi\u0119kna Marta Kuci\u0144ska\"},\"image\":{\"@id\":\"https:\/\/dev1.jogapiekna.com\/#\/schema\/logo\/image\/\"},\"sameAs\":[\"https:\/\/www.facebook.com\/JogaPieknaCom\/\",\"https:\/\/www.instagram.com\/jogapieknacom\/\"]}]}<\/script>\n<!-- \/ Yoast SEO plugin. -->","yoast_head_json":{"title":"Proceanis\u00ae ArthroFill\u00ae Liquid \u2022 od\u017cywienie staw\u00f3w \u2022 250 ml | Joga Pi\u0119kna | Naturalne odm\u0142adzanie","description":"ArthroFill Liquid is the world's first hyaluronic acid dietary supplement with a unique combination of short- and long-chain molecules with performance based on clinical studies. Due to its liquid form of administration, the product has high absorption and bioavailability of the ingredients. Dosage and composition ArthroFill has been formulated based on the latest nutritional research and is well tolerated by the body.","robots":{"index":"index","follow":"follow","max-snippet":"max-snippet:-1","max-image-preview":"max-image-preview:large","max-video-preview":"max-video-preview:-1"},"canonical":"https:\/\/dev1.jogapiekna.com\/en\/product\/arthrofill-liquid-250ml\/","og_locale":"en_GB","og_type":"article","og_title":"Proceanis\u00ae ArthroFill\u00ae Liquid \u2022 od\u017cywienie staw\u00f3w \u2022 250 ml | Joga Pi\u0119kna | Naturalne odm\u0142adzanie","og_description":"ArthroFill Liquid to pierwszy na \u015bwiecie suplement diety z kwasem hialuronowym o unikalnym po\u0142\u0105czeniu cz\u0105steczek kr\u00f3tko- i d\u0142ugo\u0142a\u0144cuchowych o dzia\u0142aniu opartym na badaniach klinicznych. Dzi\u0119ki p\u0142ynnej formie podania, produkt posiada wysok\u0105 wch\u0142anialno\u015b\u0107 i biodost\u0119pno\u015b\u0107 sk\u0142adnik\u00f3w. Dawkowanie i sk\u0142ad ArthroFill zosta\u0142 stworzony w oparciu o najnowsze badania \u017cywieniowe i jest dobrze tolerowany przez organizm.","og_url":"https:\/\/dev1.jogapiekna.com\/en\/product\/arthrofill-liquid-250ml\/","og_site_name":"JOGA PI\u0118KNA | Joga Twarzy","article_publisher":"https:\/\/www.facebook.com\/JogaPieknaCom\/","article_modified_time":"2026-03-11T13:45:54+00:00","og_image":[{"width":1000,"height":1000,"url":"https:\/\/dev1.jogapiekna.com\/wp-content\/uploads\/2021\/12\/jogapiekna_arthrofill-liquid_250-ml.jpg","type":"image\/jpeg"}],"twitter_card":"summary_large_image","twitter_misc":{"Estimated reading time":"3 minutes"},"schema":{"@context":"https:\/\/schema.org","@graph":[{"@type":"WebPage","@id":"https:\/\/dev1.jogapiekna.com\/produkt\/arthrofill-liquid-250ml\/","url":"https:\/\/dev1.jogapiekna.com\/produkt\/arthrofill-liquid-250ml\/","name":"Proceanis\u00ae ArthroFill\u00ae Liquid \u2022 od\u017cywienie staw\u00f3w \u2022 250 ml | Joga Pi\u0119kna | Naturalne odm\u0142adzanie","isPartOf":{"@id":"https:\/\/dev1.jogapiekna.com\/#website"},"primaryImageOfPage":{"@id":"https:\/\/dev1.jogapiekna.com\/produkt\/arthrofill-liquid-250ml\/#primaryimage"},"image":{"@id":"https:\/\/dev1.jogapiekna.com\/produkt\/arthrofill-liquid-250ml\/#primaryimage"},"thumbnailUrl":"https:\/\/dev1.jogapiekna.com\/wp-content\/uploads\/2021\/12\/jogapiekna_arthrofill-liquid_250-ml.jpg","datePublished":"2021-12-05T14:35:38+00:00","dateModified":"2026-03-11T13:45:54+00:00","description":"ArthroFill Liquid is the world's first hyaluronic acid dietary supplement with a unique combination of short- and long-chain molecules with performance based on clinical studies. Due to its liquid form of administration, the product has high absorption and bioavailability of the ingredients. Dosage and composition ArthroFill has been formulated based on the latest nutritional research and is well tolerated by the body.","breadcrumb":{"@id":"https:\/\/dev1.jogapiekna.com\/produkt\/arthrofill-liquid-250ml\/#breadcrumb"},"inLanguage":"en-GB","potentialAction":[{"@type":"ReadAction","target":["https:\/\/dev1.jogapiekna.com\/produkt\/arthrofill-liquid-250ml\/"]}]},{"@type":"ImageObject","inLanguage":"en-GB","@id":"https:\/\/dev1.jogapiekna.com\/produkt\/arthrofill-liquid-250ml\/#primaryimage","url":"https:\/\/dev1.jogapiekna.com\/wp-content\/uploads\/2021\/12\/jogapiekna_arthrofill-liquid_250-ml.jpg","contentUrl":"https:\/\/dev1.jogapiekna.com\/wp-content\/uploads\/2021\/12\/jogapiekna_arthrofill-liquid_250-ml.jpg","width":1000,"height":1000,"caption":"ArthroFill\u00ae Liquid \u2022 regeneracja \u2022 od\u017cywienie staw\u00f3w \u2022 250 ml"},{"@type":"BreadcrumbList","@id":"https:\/\/dev1.jogapiekna.com\/produkt\/arthrofill-liquid-250ml\/#breadcrumb","itemListElement":[{"@type":"ListItem","position":1,"name":"Strona g\u0142\u00f3wna","item":"https:\/\/dev1.jogapiekna.com\/"},{"@type":"ListItem","position":2,"name":"Sklep","item":"https:\/\/dev1.jogapiekna.com\/sklep\/"},{"@type":"ListItem","position":3,"name":"Proceanis\u00ae ArthroFill\u00ae Liquid \u2022 od\u017cywienie staw\u00f3w \u2022 250 ml"}]},{"@type":"WebSite","@id":"https:\/\/dev1.jogapiekna.com\/#website","url":"https:\/\/dev1.jogapiekna.com\/","name":"Yoga Beauty Marta Kuci\u0144ska","description":"Beauty Yoga helps women to maintain their beauty, reverse the signs of passing time and fatigue, regain a radiant appearance, natural smile and improve their self-esteem.","publisher":{"@id":"https:\/\/dev1.jogapiekna.com\/#organization"},"potentialAction":[{"@type":"SearchAction","target":{"@type":"EntryPoint","urlTemplate":"https:\/\/dev1.jogapiekna.com\/?s={search_term_string}"},"query-input":{"@type":"PropertyValueSpecification","valueRequired":true,"valueName":"search_term_string"}}],"inLanguage":"en-GB"},{"@type":"Organization","@id":"https:\/\/dev1.jogapiekna.com\/#organization","name":"Yoga Beauty Marta Kuci\u0144ska","url":"https:\/\/dev1.jogapiekna.com\/","logo":{"@type":"ImageObject","inLanguage":"en-GB","@id":"https:\/\/dev1.jogapiekna.com\/#\/schema\/logo\/image\/","url":"https:\/\/dev1.jogapiekna.com\/wp-content\/uploads\/2022\/09\/joga-piekna-logo_Rka.png","contentUrl":"https:\/\/dev1.jogapiekna.com\/wp-content\/uploads\/2022\/09\/joga-piekna-logo_Rka.png","width":231,"height":124,"caption":"Joga Pi\u0119kna Marta Kuci\u0144ska"},"image":{"@id":"https:\/\/dev1.jogapiekna.com\/#\/schema\/logo\/image\/"},"sameAs":["https:\/\/www.facebook.com\/JogaPieknaCom\/","https:\/\/www.instagram.com\/jogapieknacom\/"]}]}},"_links":{"self":[{"href":"https:\/\/dev1.jogapiekna.com\/en\/wp-json\/wp\/v2\/product\/65685","targetHints":{"allow":["GET"]}}],"collection":[{"href":"https:\/\/dev1.jogapiekna.com\/en\/wp-json\/wp\/v2\/product"}],"about":[{"href":"https:\/\/dev1.jogapiekna.com\/en\/wp-json\/wp\/v2\/types\/product"}],"replies":[{"embeddable":true,"href":"https:\/\/dev1.jogapiekna.com\/en\/wp-json\/wp\/v2\/comments?post=65685"}],"version-history":[{"count":2,"href":"https:\/\/dev1.jogapiekna.com\/en\/wp-json\/wp\/v2\/product\/65685\/revisions"}],"predecessor-version":[{"id":212770,"href":"https:\/\/dev1.jogapiekna.com\/en\/wp-json\/wp\/v2\/product\/65685\/revisions\/212770"}],"wp:featuredmedia":[{"embeddable":true,"href":"https:\/\/dev1.jogapiekna.com\/en\/wp-json\/wp\/v2\/media\/94562"}],"wp:attachment":[{"href":"https:\/\/dev1.jogapiekna.com\/en\/wp-json\/wp\/v2\/media?parent=65685"}],"wp:term":[{"taxonomy":"product_brand","embeddable":true,"href":"https:\/\/dev1.jogapiekna.com\/en\/wp-json\/wp\/v2\/product_brand?post=65685"},{"taxonomy":"product_cat","embeddable":true,"href":"https:\/\/dev1.jogapiekna.com\/en\/wp-json\/wp\/v2\/product_cat?post=65685"},{"taxonomy":"product_tag","embeddable":true,"href":"https:\/\/dev1.jogapiekna.com\/en\/wp-json\/wp\/v2\/product_tag?post=65685"}],"curies":[{"name":"wp","href":"https:\/\/api.w.org\/{rel}","templated":true}]}}