{"id":55536,"date":"2021-08-02T12:41:29","date_gmt":"2021-08-02T10:41:29","guid":{"rendered":"https:\/\/dev1.jogapiekna.com?post_type=product&#038;p=55536"},"modified":"2026-03-18T13:43:04","modified_gmt":"2026-03-18T12:43:04","slug":"szczoteczka-joga-piekna-do-masazu-twarzy","status":"publish","type":"product","link":"https:\/\/dev1.jogapiekna.com\/en\/product\/szczoteczka-joga-piekna-do-masazu-twarzy\/","title":{"rendered":"Facial massage brush * PP silk and wood"},"content":{"rendered":"<p>The Yoga Beauty Brush for massage and dry facial brushing improves blood and lymph circulation, removes dead skin, cleanses pores, firms skin and improves skin tone. Ideal as an aid to skincare, facial yoga and self-massage.<\/p>\n<p>&nbsp;<\/p>\n<h2>Yoga Beauty facial massage brush - features<\/h2>\n<ul>\n<li>The Yoga Beauty dry facial massage brush is made of polypropylene silk and wood.<\/li>\n<li>It has a convenient handle that will allow you to hang the massage brush around the mirror.<\/li>\n<li>The brush handle is made of wood and does not deform.<\/li>\n<li>Regular massages increase the absorption of cosmetics applied to the skin.<\/li>\n<li>Dimensions of face massage brush: 13.5 cm x 4.8 cm x 2.5 cm<\/li>\n<\/ul>\n<p>&nbsp;<\/p>\n<h2>How to use a facial massage brush?<\/h2>\n<ul>\n<li>Brushing of the face, neck and d\u00e9collet\u00e9 can be done <strong>one or two times a week<\/strong> on dry, previously cleansed skin without the use of any skin care products.<\/li>\n<li>It is a good idea to start brushing from the d\u00e9colletage and neck, using gentle upward circular motions. It is important that the pressure of the brush on the skin is very low. The directions for the brush strokes are shown in the graphic.<\/li>\n<li>After each use, the facial massage brush should be washed thoroughly with water and cleansing gel and dried, putting the brush with the bristles down.<\/li>\n<\/ul>\n<p><img fetchpriority=\"high\" decoding=\"async\" class=\"alignleft wp-image-10666 size-full\" src=\"https:\/\/dev1.jogapiekna.comwp-content\/uploads\/2021\/08\/szczotka-joga-piekna-instrukcja.jpg\" alt=\"szczotka Joga Pi\u0119kna do twarzy jak u\u017cywa\u0107\" width=\"305\" height=\"460\" \/><\/p>\n<p><strong>Contraindication<\/strong> for facial brushing is any inflammation of the skin as well as irritations, wounds, allergies, etc.<\/p>","protected":false},"excerpt":{"rendered":"<p>Dreaming of radiant skin? Make sure you regularly exfoliate dead skin and keep your skin well oxygenated. Regular face brushing will help you to do this. It's the home remedy for a firm, radiant complexion. The Yoga Beauty facial massage brush is made of wood and synthetic bristles - PP silk. It will become the best friend of your daily skin care!<\/p>\n<p><strong>material:<\/strong> synthetic bristles - PP silk, wooden handle<br \/>\n<strong>size:<\/strong> 13.5 cm x 4.8 cm x 2.5 cm<\/p>","protected":false},"featured_media":166317,"comment_status":"closed","ping_status":"closed","template":"","meta":{"_acf_changed":false,"site-sidebar-layout":"default","site-content-layout":"","ast-site-content-layout":"default","site-content-style":"default","site-sidebar-style":"default","ast-global-header-display":"","ast-banner-title-visibility":"","ast-main-header-display":"","ast-hfb-above-header-display":"","ast-hfb-below-header-display":"","ast-hfb-mobile-header-display":"","site-post-title":"","ast-breadcrumbs-content":"","ast-featured-img":"","footer-sml-layout":"","ast-disable-related-posts":"","theme-transparent-header-meta":"default","adv-header-id-meta":"","stick-header-meta":"","header-above-stick-meta":"","header-main-stick-meta":"","header-below-stick-meta":"","astra-migrate-meta-layouts":"set","ast-page-background-enabled":"default","ast-page-background-meta":{"desktop":{"background-color":"var(--ast-global-color-5)","background-image":"","background-repeat":"repeat","background-position":"center center","background-size":"auto","background-attachment":"scroll","background-type":"","background-media":"","overlay-type":"","overlay-color":"","overlay-opacity":"","overlay-gradient":""},"tablet":{"background-color":"","background-image":"","background-repeat":"repeat","background-position":"center center","background-size":"auto","background-attachment":"scroll","background-type":"","background-media":"","overlay-type":"","overlay-color":"","overlay-opacity":"","overlay-gradient":""},"mobile":{"background-color":"","background-image":"","background-repeat":"repeat","background-position":"center center","background-size":"auto","background-attachment":"scroll","background-type":"","background-media":"","overlay-type":"","overlay-color":"","overlay-opacity":"","overlay-gradient":""}},"ast-content-background-meta":{"desktop":{"background-color":"var(--ast-global-color-4)","background-image":"","background-repeat":"repeat","background-position":"center center","background-size":"auto","background-attachment":"scroll","background-type":"","background-media":"","overlay-type":"","overlay-color":"","overlay-opacity":"","overlay-gradient":""},"tablet":{"background-color":"var(--ast-global-color-4)","background-image":"","background-repeat":"repeat","background-position":"center center","background-size":"auto","background-attachment":"scroll","background-type":"","background-media":"","overlay-type":"","overlay-color":"","overlay-opacity":"","overlay-gradient":""},"mobile":{"background-color":"var(--ast-global-color-4)","background-image":"","background-repeat":"repeat","background-position":"center center","background-size":"auto","background-attachment":"scroll","background-type":"","background-media":"","overlay-type":"","overlay-color":"","overlay-opacity":"","overlay-gradient":""}}},"product_brand":[],"product_cat":[21,610,616],"product_tag":[250,41,304,332,333],"class_list":{"0":"post-55536","1":"product","2":"type-product","3":"status-publish","4":"has-post-thumbnail","6":"product_cat-akcesoria","7":"product_cat-masaz-twarzy-i-szyi","8":"product_cat-szczoteczka-do-masazu-twarzy","9":"product_tag-akcesoria","10":"product_tag-joga-twarzy","11":"product_tag-masaz","12":"product_tag-szczotka","13":"product_tag-szczotkowanie","14":"desktop-align-left","15":"tablet-align-left","16":"mobile-align-left","18":"first","19":"instock","20":"taxable","21":"shipping-taxable","22":"purchasable","23":"product-type-simple"},"acf":[],"yoast_head":"<!-- This site is optimized with the Yoast SEO plugin v27.1.1 - https:\/\/yoast.com\/product\/yoast-seo-wordpress\/ -->\n<title>Szczoteczka do masa\u017cu twarzy \u2013 drewno i jedwab PP<\/title>\n<meta name=\"description\" content=\"Szczotkowanie twarzy to przepis na j\u0119drn\u0105, promienn\u0105 sk\u00f3r\u0119. Zadbaj o z\u0142uszczanie nask\u00f3rka i dotlenienie tkanek. Wysokiej klasy szczotk\u0119 do twarzy zam\u00f3wisz online w naszym sklepie!\" \/>\n<meta name=\"robots\" content=\"index, follow, max-snippet:-1, max-image-preview:large, max-video-preview:-1\" \/>\n<link rel=\"canonical\" href=\"https:\/\/dev1.jogapiekna.com\/en\/product\/szczoteczka-joga-piekna-do-masazu-twarzy\/\" \/>\n<meta property=\"og:locale\" content=\"en_GB\" \/>\n<meta property=\"og:type\" content=\"article\" \/>\n<meta property=\"og:title\" content=\"Szczoteczka do masa\u017cu twarzy \u2013 drewno i jedwab PP\" \/>\n<meta property=\"og:description\" content=\"Szczotkowanie twarzy to przepis na j\u0119drn\u0105, promienn\u0105 sk\u00f3r\u0119. Zadbaj o z\u0142uszczanie nask\u00f3rka i dotlenienie tkanek. Wysokiej klasy szczotk\u0119 do twarzy zam\u00f3wisz online w naszym sklepie!\" \/>\n<meta property=\"og:url\" content=\"https:\/\/dev1.jogapiekna.com\/en\/product\/szczoteczka-joga-piekna-do-masazu-twarzy\/\" \/>\n<meta property=\"og:site_name\" content=\"JOGA PI\u0118KNA | Joga Twarzy\" \/>\n<meta property=\"article:publisher\" content=\"https:\/\/www.facebook.com\/JogaPieknaCom\/\" \/>\n<meta property=\"article:modified_time\" content=\"2026-03-18T12:43:04+00:00\" \/>\n<meta property=\"og:image\" content=\"https:\/\/dev1.jogapiekna.com\/wp-content\/uploads\/2021\/08\/Szczoteczka-do-masazu-twarzy-jedwab-PP-i-drewno-jogapiekna_nowa-01.jpg\" \/>\n\t<meta property=\"og:image:width\" content=\"1000\" \/>\n\t<meta property=\"og:image:height\" content=\"1000\" \/>\n\t<meta property=\"og:image:type\" content=\"image\/jpeg\" \/>\n<meta name=\"twitter:card\" content=\"summary_large_image\" \/>\n<meta name=\"twitter:label1\" content=\"Estimated reading time\" \/>\n\t<meta name=\"twitter:data1\" content=\"2 minutes\" \/>\n<script type=\"application\/ld+json\" class=\"yoast-schema-graph\">{\"@context\":\"https:\/\/schema.org\",\"@graph\":[{\"@type\":\"WebPage\",\"@id\":\"https:\/\/dev1.jogapiekna.com\/produkt\/szczoteczka-joga-piekna-do-masazu-twarzy\/\",\"url\":\"https:\/\/dev1.jogapiekna.com\/produkt\/szczoteczka-joga-piekna-do-masazu-twarzy\/\",\"name\":\"Szczoteczka do masa\u017cu twarzy \u2013 drewno i jedwab PP\",\"isPartOf\":{\"@id\":\"https:\/\/dev1.jogapiekna.com\/#website\"},\"primaryImageOfPage\":{\"@id\":\"https:\/\/dev1.jogapiekna.com\/produkt\/szczoteczka-joga-piekna-do-masazu-twarzy\/#primaryimage\"},\"image\":{\"@id\":\"https:\/\/dev1.jogapiekna.com\/produkt\/szczoteczka-joga-piekna-do-masazu-twarzy\/#primaryimage\"},\"thumbnailUrl\":\"https:\/\/dev1.jogapiekna.com\/wp-content\/uploads\/2021\/08\/Szczoteczka-do-masazu-twarzy-jedwab-PP-i-drewno-jogapiekna_nowa-01.jpg\",\"datePublished\":\"2021-08-02T10:41:29+00:00\",\"dateModified\":\"2026-03-18T12:43:04+00:00\",\"description\":\"Szczotkowanie twarzy to przepis na j\u0119drn\u0105, promienn\u0105 sk\u00f3r\u0119. Zadbaj o z\u0142uszczanie nask\u00f3rka i dotlenienie tkanek. Wysokiej klasy szczotk\u0119 do twarzy zam\u00f3wisz online w naszym sklepie!\",\"breadcrumb\":{\"@id\":\"https:\/\/dev1.jogapiekna.com\/produkt\/szczoteczka-joga-piekna-do-masazu-twarzy\/#breadcrumb\"},\"inLanguage\":\"en-GB\",\"potentialAction\":[{\"@type\":\"ReadAction\",\"target\":[\"https:\/\/dev1.jogapiekna.com\/produkt\/szczoteczka-joga-piekna-do-masazu-twarzy\/\"]}]},{\"@type\":\"ImageObject\",\"inLanguage\":\"en-GB\",\"@id\":\"https:\/\/dev1.jogapiekna.com\/produkt\/szczoteczka-joga-piekna-do-masazu-twarzy\/#primaryimage\",\"url\":\"https:\/\/dev1.jogapiekna.com\/wp-content\/uploads\/2021\/08\/Szczoteczka-do-masazu-twarzy-jedwab-PP-i-drewno-jogapiekna_nowa-01.jpg\",\"contentUrl\":\"https:\/\/dev1.jogapiekna.com\/wp-content\/uploads\/2021\/08\/Szczoteczka-do-masazu-twarzy-jedwab-PP-i-drewno-jogapiekna_nowa-01.jpg\",\"width\":1000,\"height\":1000,\"caption\":\"Szczoteczka do masa\u017cu twarzy jedwab PP i drewno Joga Pi\u0119kna\"},{\"@type\":\"BreadcrumbList\",\"@id\":\"https:\/\/dev1.jogapiekna.com\/produkt\/szczoteczka-joga-piekna-do-masazu-twarzy\/#breadcrumb\",\"itemListElement\":[{\"@type\":\"ListItem\",\"position\":1,\"name\":\"Strona g\u0142\u00f3wna\",\"item\":\"https:\/\/dev1.jogapiekna.com\/\"},{\"@type\":\"ListItem\",\"position\":2,\"name\":\"Sklep\",\"item\":\"https:\/\/dev1.jogapiekna.com\/sklep\/\"},{\"@type\":\"ListItem\",\"position\":3,\"name\":\"Szczoteczka do masa\u017cu twarzy \u2022 jedwab PP i drewno\"}]},{\"@type\":\"WebSite\",\"@id\":\"https:\/\/dev1.jogapiekna.com\/#website\",\"url\":\"https:\/\/dev1.jogapiekna.com\/\",\"name\":\"Joga Pi\u0119kna Marta Kuci\u0144ska\",\"description\":\"Joga Pi\u0119kna pomaga kobietom zachowa\u0107 urod\u0119, cofn\u0105\u0107 oznaki up\u0142ywaj\u0105cego czasu i zm\u0119czenia, odzyska\u0107 promienny wygl\u0105d, naturalny u\u015bmiech i popraw\u0119 w\u0142asnej samooceny.\",\"publisher\":{\"@id\":\"https:\/\/dev1.jogapiekna.com\/#organization\"},\"potentialAction\":[{\"@type\":\"SearchAction\",\"target\":{\"@type\":\"EntryPoint\",\"urlTemplate\":\"https:\/\/dev1.jogapiekna.com\/?s={search_term_string}\"},\"query-input\":{\"@type\":\"PropertyValueSpecification\",\"valueRequired\":true,\"valueName\":\"search_term_string\"}}],\"inLanguage\":\"en-GB\"},{\"@type\":\"Organization\",\"@id\":\"https:\/\/dev1.jogapiekna.com\/#organization\",\"name\":\"Joga Pi\u0119kna Marta Kuci\u0144ska\",\"url\":\"https:\/\/dev1.jogapiekna.com\/\",\"logo\":{\"@type\":\"ImageObject\",\"inLanguage\":\"en-GB\",\"@id\":\"https:\/\/dev1.jogapiekna.com\/#\/schema\/logo\/image\/\",\"url\":\"https:\/\/dev1.jogapiekna.com\/wp-content\/uploads\/2022\/09\/joga-piekna-logo_Rka.png\",\"contentUrl\":\"https:\/\/dev1.jogapiekna.com\/wp-content\/uploads\/2022\/09\/joga-piekna-logo_Rka.png\",\"width\":231,\"height\":124,\"caption\":\"Joga Pi\u0119kna Marta Kuci\u0144ska\"},\"image\":{\"@id\":\"https:\/\/dev1.jogapiekna.com\/#\/schema\/logo\/image\/\"},\"sameAs\":[\"https:\/\/www.facebook.com\/JogaPieknaCom\/\",\"https:\/\/www.instagram.com\/jogapieknacom\/\"]}]}<\/script>\n<!-- \/ Yoast SEO plugin. -->","yoast_head_json":{"title":"Szczoteczka do masa\u017cu twarzy \u2013 drewno i jedwab PP","description":"Szczotkowanie twarzy to przepis na j\u0119drn\u0105, promienn\u0105 sk\u00f3r\u0119. Zadbaj o z\u0142uszczanie nask\u00f3rka i dotlenienie tkanek. Wysokiej klasy szczotk\u0119 do twarzy zam\u00f3wisz online w naszym sklepie!","robots":{"index":"index","follow":"follow","max-snippet":"max-snippet:-1","max-image-preview":"max-image-preview:large","max-video-preview":"max-video-preview:-1"},"canonical":"https:\/\/dev1.jogapiekna.com\/en\/product\/szczoteczka-joga-piekna-do-masazu-twarzy\/","og_locale":"en_GB","og_type":"article","og_title":"Szczoteczka do masa\u017cu twarzy \u2013 drewno i jedwab PP","og_description":"Szczotkowanie twarzy to przepis na j\u0119drn\u0105, promienn\u0105 sk\u00f3r\u0119. Zadbaj o z\u0142uszczanie nask\u00f3rka i dotlenienie tkanek. Wysokiej klasy szczotk\u0119 do twarzy zam\u00f3wisz online w naszym sklepie!","og_url":"https:\/\/dev1.jogapiekna.com\/en\/product\/szczoteczka-joga-piekna-do-masazu-twarzy\/","og_site_name":"JOGA PI\u0118KNA | Joga Twarzy","article_publisher":"https:\/\/www.facebook.com\/JogaPieknaCom\/","article_modified_time":"2026-03-18T12:43:04+00:00","og_image":[{"width":1000,"height":1000,"url":"https:\/\/dev1.jogapiekna.com\/wp-content\/uploads\/2021\/08\/Szczoteczka-do-masazu-twarzy-jedwab-PP-i-drewno-jogapiekna_nowa-01.jpg","type":"image\/jpeg"}],"twitter_card":"summary_large_image","twitter_misc":{"Estimated reading time":"2 minutes"},"schema":{"@context":"https:\/\/schema.org","@graph":[{"@type":"WebPage","@id":"https:\/\/dev1.jogapiekna.com\/produkt\/szczoteczka-joga-piekna-do-masazu-twarzy\/","url":"https:\/\/dev1.jogapiekna.com\/produkt\/szczoteczka-joga-piekna-do-masazu-twarzy\/","name":"Szczoteczka do masa\u017cu twarzy \u2013 drewno i jedwab PP","isPartOf":{"@id":"https:\/\/dev1.jogapiekna.com\/#website"},"primaryImageOfPage":{"@id":"https:\/\/dev1.jogapiekna.com\/produkt\/szczoteczka-joga-piekna-do-masazu-twarzy\/#primaryimage"},"image":{"@id":"https:\/\/dev1.jogapiekna.com\/produkt\/szczoteczka-joga-piekna-do-masazu-twarzy\/#primaryimage"},"thumbnailUrl":"https:\/\/dev1.jogapiekna.com\/wp-content\/uploads\/2021\/08\/Szczoteczka-do-masazu-twarzy-jedwab-PP-i-drewno-jogapiekna_nowa-01.jpg","datePublished":"2021-08-02T10:41:29+00:00","dateModified":"2026-03-18T12:43:04+00:00","description":"Szczotkowanie twarzy to przepis na j\u0119drn\u0105, promienn\u0105 sk\u00f3r\u0119. Zadbaj o z\u0142uszczanie nask\u00f3rka i dotlenienie tkanek. Wysokiej klasy szczotk\u0119 do twarzy zam\u00f3wisz online w naszym sklepie!","breadcrumb":{"@id":"https:\/\/dev1.jogapiekna.com\/produkt\/szczoteczka-joga-piekna-do-masazu-twarzy\/#breadcrumb"},"inLanguage":"en-GB","potentialAction":[{"@type":"ReadAction","target":["https:\/\/dev1.jogapiekna.com\/produkt\/szczoteczka-joga-piekna-do-masazu-twarzy\/"]}]},{"@type":"ImageObject","inLanguage":"en-GB","@id":"https:\/\/dev1.jogapiekna.com\/produkt\/szczoteczka-joga-piekna-do-masazu-twarzy\/#primaryimage","url":"https:\/\/dev1.jogapiekna.com\/wp-content\/uploads\/2021\/08\/Szczoteczka-do-masazu-twarzy-jedwab-PP-i-drewno-jogapiekna_nowa-01.jpg","contentUrl":"https:\/\/dev1.jogapiekna.com\/wp-content\/uploads\/2021\/08\/Szczoteczka-do-masazu-twarzy-jedwab-PP-i-drewno-jogapiekna_nowa-01.jpg","width":1000,"height":1000,"caption":"Szczoteczka do masa\u017cu twarzy jedwab PP i drewno Joga Pi\u0119kna"},{"@type":"BreadcrumbList","@id":"https:\/\/dev1.jogapiekna.com\/produkt\/szczoteczka-joga-piekna-do-masazu-twarzy\/#breadcrumb","itemListElement":[{"@type":"ListItem","position":1,"name":"Strona g\u0142\u00f3wna","item":"https:\/\/dev1.jogapiekna.com\/"},{"@type":"ListItem","position":2,"name":"Sklep","item":"https:\/\/dev1.jogapiekna.com\/sklep\/"},{"@type":"ListItem","position":3,"name":"Szczoteczka do masa\u017cu twarzy \u2022 jedwab PP i drewno"}]},{"@type":"WebSite","@id":"https:\/\/dev1.jogapiekna.com\/#website","url":"https:\/\/dev1.jogapiekna.com\/","name":"Yoga Beauty Marta Kuci\u0144ska","description":"Beauty Yoga helps women to maintain their beauty, reverse the signs of passing time and fatigue, regain a radiant appearance, natural smile and improve their self-esteem.","publisher":{"@id":"https:\/\/dev1.jogapiekna.com\/#organization"},"potentialAction":[{"@type":"SearchAction","target":{"@type":"EntryPoint","urlTemplate":"https:\/\/dev1.jogapiekna.com\/?s={search_term_string}"},"query-input":{"@type":"PropertyValueSpecification","valueRequired":true,"valueName":"search_term_string"}}],"inLanguage":"en-GB"},{"@type":"Organization","@id":"https:\/\/dev1.jogapiekna.com\/#organization","name":"Yoga Beauty Marta Kuci\u0144ska","url":"https:\/\/dev1.jogapiekna.com\/","logo":{"@type":"ImageObject","inLanguage":"en-GB","@id":"https:\/\/dev1.jogapiekna.com\/#\/schema\/logo\/image\/","url":"https:\/\/dev1.jogapiekna.com\/wp-content\/uploads\/2022\/09\/joga-piekna-logo_Rka.png","contentUrl":"https:\/\/dev1.jogapiekna.com\/wp-content\/uploads\/2022\/09\/joga-piekna-logo_Rka.png","width":231,"height":124,"caption":"Joga Pi\u0119kna Marta Kuci\u0144ska"},"image":{"@id":"https:\/\/dev1.jogapiekna.com\/#\/schema\/logo\/image\/"},"sameAs":["https:\/\/www.facebook.com\/JogaPieknaCom\/","https:\/\/www.instagram.com\/jogapieknacom\/"]}]}},"_links":{"self":[{"href":"https:\/\/dev1.jogapiekna.com\/en\/wp-json\/wp\/v2\/product\/55536","targetHints":{"allow":["GET"]}}],"collection":[{"href":"https:\/\/dev1.jogapiekna.com\/en\/wp-json\/wp\/v2\/product"}],"about":[{"href":"https:\/\/dev1.jogapiekna.com\/en\/wp-json\/wp\/v2\/types\/product"}],"replies":[{"embeddable":true,"href":"https:\/\/dev1.jogapiekna.com\/en\/wp-json\/wp\/v2\/comments?post=55536"}],"version-history":[{"count":3,"href":"https:\/\/dev1.jogapiekna.com\/en\/wp-json\/wp\/v2\/product\/55536\/revisions"}],"predecessor-version":[{"id":208058,"href":"https:\/\/dev1.jogapiekna.com\/en\/wp-json\/wp\/v2\/product\/55536\/revisions\/208058"}],"wp:featuredmedia":[{"embeddable":true,"href":"https:\/\/dev1.jogapiekna.com\/en\/wp-json\/wp\/v2\/media\/166317"}],"wp:attachment":[{"href":"https:\/\/dev1.jogapiekna.com\/en\/wp-json\/wp\/v2\/media?parent=55536"}],"wp:term":[{"taxonomy":"product_brand","embeddable":true,"href":"https:\/\/dev1.jogapiekna.com\/en\/wp-json\/wp\/v2\/product_brand?post=55536"},{"taxonomy":"product_cat","embeddable":true,"href":"https:\/\/dev1.jogapiekna.com\/en\/wp-json\/wp\/v2\/product_cat?post=55536"},{"taxonomy":"product_tag","embeddable":true,"href":"https:\/\/dev1.jogapiekna.com\/en\/wp-json\/wp\/v2\/product_tag?post=55536"}],"curies":[{"name":"wp","href":"https:\/\/api.w.org\/{rel}","templated":true}]}}