{"id":55361,"date":"2021-07-29T10:41:53","date_gmt":"2021-07-29T08:41:53","guid":{"rendered":"https:\/\/dev1.jogapiekna.com?post_type=product&#038;p=55361"},"modified":"2026-03-12T10:32:16","modified_gmt":"2026-03-12T09:32:16","slug":"tasma-do-kinesiotapingu-twarzy-i-szyi-kinesio-tex-gold-light-touch-plus","status":"publish","type":"product","link":"https:\/\/dev1.jogapiekna.com\/en\/product\/tasma-do-kinesiotapingu-twarzy-i-szyi-kinesio-tex-gold-light-touch-plus\/","title":{"rendered":"Kinesiotaping tape for sensitive skin * LightTouch+"},"content":{"rendered":"<p><strong>Kinesio \u00ae Tex Gold Light Touch+ tape is one of the best tapes for kinesiotaping. It is ideal for taping the face and neck as a form of complementing facial rejuvenation techniques such as facial yoga and facial massage. By using it, facial wrinkles can be reduced, the oval of the face improved and swelling of the face and neck removed.<\/strong><\/p>\n<p>Dr. Kenzo Kase decided to create a new version of his legendary product. The new Kinesio \u00ae Tex Gold Light Touch+ Tape contains the revolutionary Finger Print technology, which imitates the fingerprint of human skin. The adhesion, adhesive as well as the thickness of the patch has been improved. This makes it the finest product created by Dr. Kenzo Kase. Plus, it is patented worldwide to protect the innovation of Kinesio\u00ae products.<\/p>\n<p>Over 35 years of research, development and use of Kinesio\u00ae Tex Gold Light Touch+ tapes in manual therapy. Our tape has a unique wavy shape and has become the standard in the field of therapeutic taping using elastic tapes.<\/p>\n<p><strong>Kinesio Light Touch+ tape, thanks to its smaller amount of dye and slightly weaker adhesive, is dedicated to application in people with delicate and sensitive skin.<\/strong><\/p>\n<h2>Facial kinesiotaping - the best Kinesio\u00ae Tex Gold Light Touch+ tapes<\/h2>\n<p>Kinesio\u00ae Tex Gold Light Touch+ provides a non-invasive and effective method of re-educating the neuromuscular system while improving blood and lymph circulation, soothing pain and providing the comfort and stabilisation required for patient therapy. The Finger Print technology has been mapped to human fingerprints and the adhesive has been patented on this basis.<\/p>\n<p>Kinesio\u00ae Tex Gold Light Touch+ - 5cm x 5m is the most versatile size. The 5cm width fits perfectly for a patient of average size. It can easily be used for all four of the most popular kinesiotaping modalities (I-shaped, Y-shaped, X-shaped, Fan-shaped).<\/p>\n<p>Available in light pink.<\/p>\n<p>Watch the video to find out which tape to choose for aesthetic kinesiotaping of the face.<\/p>\n<p><iframe title=\"YouTube video player\" src=\"https:\/\/www.youtube.com\/embed\/7ixJzLuXMGE\" width=\"800\" height=\"450\" frameborder=\"0\" allowfullscreen=\"allowfullscreen\"><\/iframe><\/p>\n<p>&nbsp;<\/p>\n<h2><strong> Online course of aesthetic Kinesiotaping with beauty yoga <\/strong><\/h2>\n<p>Do you want to use kinesioptaping at home? My name is Marta Kuci\u0144ska and I specialise in natural rejuvenation. I am a biologist by training, a third degree ayurveda consultant and a certified facial yoga teacher.<\/p>\n<p>Join the online course: <a href=\"https:\/\/dev1.jogapiekna.comprodukt\/kinesiotaping-estetyczny-z-joga-piekna-kurs-online\/\" target=\"_blank\" rel=\"noopener\">Aesthetic kinesiotaping with beauty yoga<\/a>to learn how to apply taping correctly and safely. You will learn about the 16 applications of taping to the face, neck and d\u00e9collet\u00e9.<\/p>","protected":false},"excerpt":{"rendered":"<p>Kinesio\u00ae Tex Gold Light Touch+ tape is one of the best kinesiotaping tapes. With less dye and a slightly weaker adhesive, it is dedicated to application in patients with delicate and sensitive skin.<\/p>","protected":false},"featured_media":94026,"comment_status":"closed","ping_status":"closed","template":"","meta":{"_acf_changed":false,"site-sidebar-layout":"default","site-content-layout":"","ast-site-content-layout":"default","site-content-style":"default","site-sidebar-style":"default","ast-global-header-display":"","ast-banner-title-visibility":"","ast-main-header-display":"","ast-hfb-above-header-display":"","ast-hfb-below-header-display":"","ast-hfb-mobile-header-display":"","site-post-title":"","ast-breadcrumbs-content":"","ast-featured-img":"","footer-sml-layout":"","ast-disable-related-posts":"","theme-transparent-header-meta":"","adv-header-id-meta":"","stick-header-meta":"","header-above-stick-meta":"","header-main-stick-meta":"","header-below-stick-meta":"","astra-migrate-meta-layouts":"default","ast-page-background-enabled":"default","ast-page-background-meta":{"desktop":{"background-color":"var(--ast-global-color-5)","background-image":"","background-repeat":"repeat","background-position":"center center","background-size":"auto","background-attachment":"scroll","background-type":"","background-media":"","overlay-type":"","overlay-color":"","overlay-opacity":"","overlay-gradient":""},"tablet":{"background-color":"","background-image":"","background-repeat":"repeat","background-position":"center center","background-size":"auto","background-attachment":"scroll","background-type":"","background-media":"","overlay-type":"","overlay-color":"","overlay-opacity":"","overlay-gradient":""},"mobile":{"background-color":"","background-image":"","background-repeat":"repeat","background-position":"center center","background-size":"auto","background-attachment":"scroll","background-type":"","background-media":"","overlay-type":"","overlay-color":"","overlay-opacity":"","overlay-gradient":""}},"ast-content-background-meta":{"desktop":{"background-color":"var(--ast-global-color-4)","background-image":"","background-repeat":"repeat","background-position":"center center","background-size":"auto","background-attachment":"scroll","background-type":"","background-media":"","overlay-type":"","overlay-color":"","overlay-opacity":"","overlay-gradient":""},"tablet":{"background-color":"var(--ast-global-color-4)","background-image":"","background-repeat":"repeat","background-position":"center center","background-size":"auto","background-attachment":"scroll","background-type":"","background-media":"","overlay-type":"","overlay-color":"","overlay-opacity":"","overlay-gradient":""},"mobile":{"background-color":"var(--ast-global-color-4)","background-image":"","background-repeat":"repeat","background-position":"center center","background-size":"auto","background-attachment":"scroll","background-type":"","background-media":"","overlay-type":"","overlay-color":"","overlay-opacity":"","overlay-gradient":""}}},"product_brand":[],"product_cat":[21,621],"product_tag":[235,234],"class_list":{"0":"post-55361","1":"product","2":"type-product","3":"status-publish","4":"has-post-thumbnail","6":"product_cat-akcesoria","7":"product_cat-kinesiotaping-estetyczny","8":"product_tag-kinesiotaping","9":"product_tag-tasma","10":"desktop-align-left","11":"tablet-align-left","12":"mobile-align-left","14":"first","15":"instock","16":"featured","17":"taxable","18":"shipping-taxable","19":"purchasable","20":"product-type-variable"},"acf":[],"yoast_head":"<!-- This site is optimized with the Yoast SEO plugin v27.1.1 - https:\/\/yoast.com\/product\/yoast-seo-wordpress\/ -->\n<title>Ta\u015bma do kinesiotapingu dla wra\u017cliwej sk\u00f3ry \u2022 LightTouch+ |<\/title>\n<meta name=\"description\" content=\"Kinesio\u00aeTex Gold to jedna z najlepszych ta\u015bm do kinesiotapingu czyli plastry do tapingu twarzy, dzi\u0119ki kt\u00f3rym zmniejszysz zmarszczki mimiczne\" \/>\n<meta name=\"robots\" content=\"index, follow, max-snippet:-1, max-image-preview:large, max-video-preview:-1\" \/>\n<link rel=\"canonical\" href=\"https:\/\/dev1.jogapiekna.com\/en\/product\/tasma-do-kinesiotapingu-twarzy-i-szyi-kinesio-tex-gold-light-touch-plus\/\" \/>\n<meta property=\"og:locale\" content=\"en_GB\" \/>\n<meta property=\"og:type\" content=\"article\" \/>\n<meta property=\"og:title\" content=\"Ta\u015bma do kinesiotapingu dla wra\u017cliwej sk\u00f3ry \u2022 LightTouch+ |\" \/>\n<meta property=\"og:description\" content=\"Kinesio\u00aeTex Gold to jedna z najlepszych ta\u015bm do kinesiotapingu czyli plastry do tapingu twarzy, dzi\u0119ki kt\u00f3rym zmniejszysz zmarszczki mimiczne\" \/>\n<meta property=\"og:url\" content=\"https:\/\/dev1.jogapiekna.com\/en\/product\/tasma-do-kinesiotapingu-twarzy-i-szyi-kinesio-tex-gold-light-touch-plus\/\" \/>\n<meta property=\"og:site_name\" content=\"JOGA PI\u0118KNA | Joga Twarzy\" \/>\n<meta property=\"article:publisher\" content=\"https:\/\/www.facebook.com\/JogaPieknaCom\/\" \/>\n<meta property=\"article:modified_time\" content=\"2026-03-12T09:32:16+00:00\" \/>\n<meta property=\"og:image\" content=\"https:\/\/dev1.jogapiekna.com\/wp-content\/uploads\/2021\/07\/Tasma-do-kinesiotapingu-dla-wrazliwej-skory_LightTouch.jpg\" \/>\n\t<meta property=\"og:image:width\" content=\"1000\" \/>\n\t<meta property=\"og:image:height\" content=\"1000\" \/>\n\t<meta property=\"og:image:type\" content=\"image\/jpeg\" \/>\n<meta name=\"twitter:card\" content=\"summary_large_image\" \/>\n<meta name=\"twitter:label1\" content=\"Estimated reading time\" \/>\n\t<meta name=\"twitter:data1\" content=\"3 minutes\" \/>\n<script type=\"application\/ld+json\" class=\"yoast-schema-graph\">{\"@context\":\"https:\/\/schema.org\",\"@graph\":[{\"@type\":\"WebPage\",\"@id\":\"https:\/\/dev1.jogapiekna.com\/en\/product\/tasma-do-kinesiotapingu-twarzy-i-szyi-kinesio-tex-gold-light-touch-plus\/\",\"url\":\"https:\/\/dev1.jogapiekna.com\/en\/product\/tasma-do-kinesiotapingu-twarzy-i-szyi-kinesio-tex-gold-light-touch-plus\/\",\"name\":\"Ta\u015bma do kinesiotapingu dla wra\u017cliwej sk\u00f3ry \u2022 LightTouch+ |\",\"isPartOf\":{\"@id\":\"https:\/\/dev1.jogapiekna.com\/#website\"},\"primaryImageOfPage\":{\"@id\":\"https:\/\/dev1.jogapiekna.com\/en\/product\/tasma-do-kinesiotapingu-twarzy-i-szyi-kinesio-tex-gold-light-touch-plus\/#primaryimage\"},\"image\":{\"@id\":\"https:\/\/dev1.jogapiekna.com\/en\/product\/tasma-do-kinesiotapingu-twarzy-i-szyi-kinesio-tex-gold-light-touch-plus\/#primaryimage\"},\"thumbnailUrl\":\"https:\/\/dev1.jogapiekna.com\/wp-content\/uploads\/2021\/07\/Tasma-do-kinesiotapingu-dla-wrazliwej-skory_LightTouch.jpg\",\"datePublished\":\"2021-07-29T08:41:53+00:00\",\"dateModified\":\"2026-03-12T09:32:16+00:00\",\"description\":\"Kinesio\u00aeTex Gold to jedna z najlepszych ta\u015bm do kinesiotapingu czyli plastry do tapingu twarzy, dzi\u0119ki kt\u00f3rym zmniejszysz zmarszczki mimiczne\",\"breadcrumb\":{\"@id\":\"https:\/\/dev1.jogapiekna.com\/en\/product\/tasma-do-kinesiotapingu-twarzy-i-szyi-kinesio-tex-gold-light-touch-plus\/#breadcrumb\"},\"inLanguage\":\"en-GB\",\"potentialAction\":[{\"@type\":\"ReadAction\",\"target\":[\"https:\/\/dev1.jogapiekna.com\/en\/product\/tasma-do-kinesiotapingu-twarzy-i-szyi-kinesio-tex-gold-light-touch-plus\/\"]}]},{\"@type\":\"ImageObject\",\"inLanguage\":\"en-GB\",\"@id\":\"https:\/\/dev1.jogapiekna.com\/en\/product\/tasma-do-kinesiotapingu-twarzy-i-szyi-kinesio-tex-gold-light-touch-plus\/#primaryimage\",\"url\":\"https:\/\/dev1.jogapiekna.com\/wp-content\/uploads\/2021\/07\/Tasma-do-kinesiotapingu-dla-wrazliwej-skory_LightTouch.jpg\",\"contentUrl\":\"https:\/\/dev1.jogapiekna.com\/wp-content\/uploads\/2021\/07\/Tasma-do-kinesiotapingu-dla-wrazliwej-skory_LightTouch.jpg\",\"width\":1000,\"height\":1000,\"caption\":\"Ta\u015bma do kinesiotapingu \\u2028dla wra\u017cliwej sk\u00f3ry | LightTouch+\"},{\"@type\":\"BreadcrumbList\",\"@id\":\"https:\/\/dev1.jogapiekna.com\/en\/product\/tasma-do-kinesiotapingu-twarzy-i-szyi-kinesio-tex-gold-light-touch-plus\/#breadcrumb\",\"itemListElement\":[{\"@type\":\"ListItem\",\"position\":1,\"name\":\"Strona g\u0142\u00f3wna\",\"item\":\"https:\/\/dev1.jogapiekna.com\/\"},{\"@type\":\"ListItem\",\"position\":2,\"name\":\"Sklep\",\"item\":\"https:\/\/dev1.jogapiekna.com\/sklep\/\"},{\"@type\":\"ListItem\",\"position\":3,\"name\":\"Ta\u015bma do kinesiotapingu dla wra\u017cliwej sk\u00f3ry \u2022 LightTouch+\"}]},{\"@type\":\"WebSite\",\"@id\":\"https:\/\/dev1.jogapiekna.com\/#website\",\"url\":\"https:\/\/dev1.jogapiekna.com\/\",\"name\":\"Joga Pi\u0119kna Marta Kuci\u0144ska\",\"description\":\"Joga Pi\u0119kna pomaga kobietom zachowa\u0107 urod\u0119, cofn\u0105\u0107 oznaki up\u0142ywaj\u0105cego czasu i zm\u0119czenia, odzyska\u0107 promienny wygl\u0105d, naturalny u\u015bmiech i popraw\u0119 w\u0142asnej samooceny.\",\"publisher\":{\"@id\":\"https:\/\/dev1.jogapiekna.com\/#organization\"},\"potentialAction\":[{\"@type\":\"SearchAction\",\"target\":{\"@type\":\"EntryPoint\",\"urlTemplate\":\"https:\/\/dev1.jogapiekna.com\/?s={search_term_string}\"},\"query-input\":{\"@type\":\"PropertyValueSpecification\",\"valueRequired\":true,\"valueName\":\"search_term_string\"}}],\"inLanguage\":\"en-GB\"},{\"@type\":\"Organization\",\"@id\":\"https:\/\/dev1.jogapiekna.com\/#organization\",\"name\":\"Joga Pi\u0119kna Marta Kuci\u0144ska\",\"url\":\"https:\/\/dev1.jogapiekna.com\/\",\"logo\":{\"@type\":\"ImageObject\",\"inLanguage\":\"en-GB\",\"@id\":\"https:\/\/dev1.jogapiekna.com\/#\/schema\/logo\/image\/\",\"url\":\"https:\/\/dev1.jogapiekna.com\/wp-content\/uploads\/2022\/09\/joga-piekna-logo_Rka.png\",\"contentUrl\":\"https:\/\/dev1.jogapiekna.com\/wp-content\/uploads\/2022\/09\/joga-piekna-logo_Rka.png\",\"width\":231,\"height\":124,\"caption\":\"Joga Pi\u0119kna Marta Kuci\u0144ska\"},\"image\":{\"@id\":\"https:\/\/dev1.jogapiekna.com\/#\/schema\/logo\/image\/\"},\"sameAs\":[\"https:\/\/www.facebook.com\/JogaPieknaCom\/\",\"https:\/\/www.instagram.com\/jogapieknacom\/\"]}]}<\/script>\n<!-- \/ Yoast SEO plugin. -->","yoast_head_json":{"title":"Ta\u015bma do kinesiotapingu dla wra\u017cliwej sk\u00f3ry \u2022 LightTouch+ |","description":"Kinesio\u00aeTex Gold to jedna z najlepszych ta\u015bm do kinesiotapingu czyli plastry do tapingu twarzy, dzi\u0119ki kt\u00f3rym zmniejszysz zmarszczki mimiczne","robots":{"index":"index","follow":"follow","max-snippet":"max-snippet:-1","max-image-preview":"max-image-preview:large","max-video-preview":"max-video-preview:-1"},"canonical":"https:\/\/dev1.jogapiekna.com\/en\/product\/tasma-do-kinesiotapingu-twarzy-i-szyi-kinesio-tex-gold-light-touch-plus\/","og_locale":"en_GB","og_type":"article","og_title":"Ta\u015bma do kinesiotapingu dla wra\u017cliwej sk\u00f3ry \u2022 LightTouch+ |","og_description":"Kinesio\u00aeTex Gold to jedna z najlepszych ta\u015bm do kinesiotapingu czyli plastry do tapingu twarzy, dzi\u0119ki kt\u00f3rym zmniejszysz zmarszczki mimiczne","og_url":"https:\/\/dev1.jogapiekna.com\/en\/product\/tasma-do-kinesiotapingu-twarzy-i-szyi-kinesio-tex-gold-light-touch-plus\/","og_site_name":"JOGA PI\u0118KNA | Joga Twarzy","article_publisher":"https:\/\/www.facebook.com\/JogaPieknaCom\/","article_modified_time":"2026-03-12T09:32:16+00:00","og_image":[{"width":1000,"height":1000,"url":"https:\/\/dev1.jogapiekna.com\/wp-content\/uploads\/2021\/07\/Tasma-do-kinesiotapingu-dla-wrazliwej-skory_LightTouch.jpg","type":"image\/jpeg"}],"twitter_card":"summary_large_image","twitter_misc":{"Estimated reading time":"3 minutes"},"schema":{"@context":"https:\/\/schema.org","@graph":[{"@type":"WebPage","@id":"https:\/\/dev1.jogapiekna.com\/en\/product\/tasma-do-kinesiotapingu-twarzy-i-szyi-kinesio-tex-gold-light-touch-plus\/","url":"https:\/\/dev1.jogapiekna.com\/en\/product\/tasma-do-kinesiotapingu-twarzy-i-szyi-kinesio-tex-gold-light-touch-plus\/","name":"Ta\u015bma do kinesiotapingu dla wra\u017cliwej sk\u00f3ry \u2022 LightTouch+ |","isPartOf":{"@id":"https:\/\/dev1.jogapiekna.com\/#website"},"primaryImageOfPage":{"@id":"https:\/\/dev1.jogapiekna.com\/en\/product\/tasma-do-kinesiotapingu-twarzy-i-szyi-kinesio-tex-gold-light-touch-plus\/#primaryimage"},"image":{"@id":"https:\/\/dev1.jogapiekna.com\/en\/product\/tasma-do-kinesiotapingu-twarzy-i-szyi-kinesio-tex-gold-light-touch-plus\/#primaryimage"},"thumbnailUrl":"https:\/\/dev1.jogapiekna.com\/wp-content\/uploads\/2021\/07\/Tasma-do-kinesiotapingu-dla-wrazliwej-skory_LightTouch.jpg","datePublished":"2021-07-29T08:41:53+00:00","dateModified":"2026-03-12T09:32:16+00:00","description":"Kinesio\u00aeTex Gold to jedna z najlepszych ta\u015bm do kinesiotapingu czyli plastry do tapingu twarzy, dzi\u0119ki kt\u00f3rym zmniejszysz zmarszczki mimiczne","breadcrumb":{"@id":"https:\/\/dev1.jogapiekna.com\/en\/product\/tasma-do-kinesiotapingu-twarzy-i-szyi-kinesio-tex-gold-light-touch-plus\/#breadcrumb"},"inLanguage":"en-GB","potentialAction":[{"@type":"ReadAction","target":["https:\/\/dev1.jogapiekna.com\/en\/product\/tasma-do-kinesiotapingu-twarzy-i-szyi-kinesio-tex-gold-light-touch-plus\/"]}]},{"@type":"ImageObject","inLanguage":"en-GB","@id":"https:\/\/dev1.jogapiekna.com\/en\/product\/tasma-do-kinesiotapingu-twarzy-i-szyi-kinesio-tex-gold-light-touch-plus\/#primaryimage","url":"https:\/\/dev1.jogapiekna.com\/wp-content\/uploads\/2021\/07\/Tasma-do-kinesiotapingu-dla-wrazliwej-skory_LightTouch.jpg","contentUrl":"https:\/\/dev1.jogapiekna.com\/wp-content\/uploads\/2021\/07\/Tasma-do-kinesiotapingu-dla-wrazliwej-skory_LightTouch.jpg","width":1000,"height":1000,"caption":"Ta\u015bma do kinesiotapingu \u2028dla wra\u017cliwej sk\u00f3ry | LightTouch+"},{"@type":"BreadcrumbList","@id":"https:\/\/dev1.jogapiekna.com\/en\/product\/tasma-do-kinesiotapingu-twarzy-i-szyi-kinesio-tex-gold-light-touch-plus\/#breadcrumb","itemListElement":[{"@type":"ListItem","position":1,"name":"Strona g\u0142\u00f3wna","item":"https:\/\/dev1.jogapiekna.com\/"},{"@type":"ListItem","position":2,"name":"Sklep","item":"https:\/\/dev1.jogapiekna.com\/sklep\/"},{"@type":"ListItem","position":3,"name":"Ta\u015bma do kinesiotapingu dla wra\u017cliwej sk\u00f3ry \u2022 LightTouch+"}]},{"@type":"WebSite","@id":"https:\/\/dev1.jogapiekna.com\/#website","url":"https:\/\/dev1.jogapiekna.com\/","name":"Yoga Beauty Marta Kuci\u0144ska","description":"Beauty Yoga helps women to maintain their beauty, reverse the signs of passing time and fatigue, regain a radiant appearance, natural smile and improve their self-esteem.","publisher":{"@id":"https:\/\/dev1.jogapiekna.com\/#organization"},"potentialAction":[{"@type":"SearchAction","target":{"@type":"EntryPoint","urlTemplate":"https:\/\/dev1.jogapiekna.com\/?s={search_term_string}"},"query-input":{"@type":"PropertyValueSpecification","valueRequired":true,"valueName":"search_term_string"}}],"inLanguage":"en-GB"},{"@type":"Organization","@id":"https:\/\/dev1.jogapiekna.com\/#organization","name":"Yoga Beauty Marta Kuci\u0144ska","url":"https:\/\/dev1.jogapiekna.com\/","logo":{"@type":"ImageObject","inLanguage":"en-GB","@id":"https:\/\/dev1.jogapiekna.com\/#\/schema\/logo\/image\/","url":"https:\/\/dev1.jogapiekna.com\/wp-content\/uploads\/2022\/09\/joga-piekna-logo_Rka.png","contentUrl":"https:\/\/dev1.jogapiekna.com\/wp-content\/uploads\/2022\/09\/joga-piekna-logo_Rka.png","width":231,"height":124,"caption":"Joga Pi\u0119kna Marta Kuci\u0144ska"},"image":{"@id":"https:\/\/dev1.jogapiekna.com\/#\/schema\/logo\/image\/"},"sameAs":["https:\/\/www.facebook.com\/JogaPieknaCom\/","https:\/\/www.instagram.com\/jogapieknacom\/"]}]}},"_links":{"self":[{"href":"https:\/\/dev1.jogapiekna.com\/en\/wp-json\/wp\/v2\/product\/55361","targetHints":{"allow":["GET"]}}],"collection":[{"href":"https:\/\/dev1.jogapiekna.com\/en\/wp-json\/wp\/v2\/product"}],"about":[{"href":"https:\/\/dev1.jogapiekna.com\/en\/wp-json\/wp\/v2\/types\/product"}],"replies":[{"embeddable":true,"href":"https:\/\/dev1.jogapiekna.com\/en\/wp-json\/wp\/v2\/comments?post=55361"}],"version-history":[{"count":4,"href":"https:\/\/dev1.jogapiekna.com\/en\/wp-json\/wp\/v2\/product\/55361\/revisions"}],"predecessor-version":[{"id":197550,"href":"https:\/\/dev1.jogapiekna.com\/en\/wp-json\/wp\/v2\/product\/55361\/revisions\/197550"}],"wp:featuredmedia":[{"embeddable":true,"href":"https:\/\/dev1.jogapiekna.com\/en\/wp-json\/wp\/v2\/media\/94026"}],"wp:attachment":[{"href":"https:\/\/dev1.jogapiekna.com\/en\/wp-json\/wp\/v2\/media?parent=55361"}],"wp:term":[{"taxonomy":"product_brand","embeddable":true,"href":"https:\/\/dev1.jogapiekna.com\/en\/wp-json\/wp\/v2\/product_brand?post=55361"},{"taxonomy":"product_cat","embeddable":true,"href":"https:\/\/dev1.jogapiekna.com\/en\/wp-json\/wp\/v2\/product_cat?post=55361"},{"taxonomy":"product_tag","embeddable":true,"href":"https:\/\/dev1.jogapiekna.com\/en\/wp-json\/wp\/v2\/product_tag?post=55361"}],"curies":[{"name":"wp","href":"https:\/\/api.w.org\/{rel}","templated":true}]}}