{"id":54916,"date":"2021-07-20T01:02:21","date_gmt":"2021-07-19T23:02:21","guid":{"rendered":"https:\/\/dev1.jogapiekna.com?post_type=product&#038;p=54916"},"modified":"2026-03-19T09:27:41","modified_gmt":"2026-03-19T08:27:41","slug":"shatavari-120-tabletek","status":"publish","type":"product","link":"https:\/\/dev1.jogapiekna.com\/en\/product\/shatavari-120-tabletek\/","title":{"rendered":"Shatavari JIVA Pills * Hormones * Menopause * 120 tablets"},"content":{"rendered":"<p>Shatavari pills were created specifically for women. The shatavari product, created from natural herbs, fights with lactation disorders, in addition, it perfectly supports the body of a woman during menopause and postmenopause. The high level of versatility of shatavari tablets is indicated by the presence of Indian asparagus, which is responsible for countering the formation of spasms. However, this is not all, because the ancient Indian herbal recipe also perfectly supports the body during the treatment of various types of cancer.<\/p>\n<p>Shatavari tablets have a calming effect on inflammation. It is also useful for fighting blood diseases, eye diseases, tuberculosis, epilepsy, or night blindness. This drug has a supportive effect for kidney problems. It is worth noting that the shatavari plant shows many advantages aimed exclusively at women. This includes, for example, comprehensive support for breastfeeding women, taking care of proper milk production. Shatavari tablets also show their effect if you want to increase fertility not only in women, but also in men<\/p>\n<p><strong>Application<\/strong><br \/>\nShatavari tablets have an effective effect:<br \/>\n* lactation regulation<br \/>\n* perimenopause support<br \/>\n* elimination of seizures<br \/>\n* anti-inflammatory<br \/>\n* supports the proper functioning of the body<br \/>\n* nutritious body tissues<\/p>\n<p><strong>Dosage<\/strong> Take 1 tablet twice a day, after meals, with a sufficient amount of water.<\/p>\n<p><strong>Container:<\/strong> 120 tablets<\/p>\n<p><strong>Product composition:<\/strong> asparagus root powder, binder: gum arabic (acacia gum), corn starch, anti-caking agent: magnesium silicate<\/p>\n<p><strong>Manufacturer:<\/strong> JIVA Ayurvedic Pharmacy Ltd.<\/p>\n<p><strong>Country of origin:<\/strong> India<\/p>\n<p>Do not exceed the recommended daily intake. A dietary supplement cannot be used as a substitute for a varied diet. It is necessary to adhere to a healthy lifestyle and a balanced diet. Do not use with hypersensitivity to the components of the drug. The product is not intended for pregnant or lactating women and children. Keep out of reach of small children. Protect from light and moisture.<\/p>","protected":false},"excerpt":{"rendered":"<p>Shatavari - &#034;she who has a hundred husbands&#034;; it is believed that due to the tonic and rejuvenating properties of the female reproductive organs, this plant allows you to have a hundred husbands \ud83d\ude42<br \/>\nShatavari is the main Ayurvedic anti-aging drug for women. It is effective in treating women&#039;s problems such as lactation disorders, as well as menopausal and postmenopausal symptoms. It contains the herb shatavari (Indian asparagus), which has an antispasmodic effect, is an aphrodisiac and regulates hormone secretion.<\/p>\n<p><strong>Action:<\/strong> Increases milk production in nursing women. It is also useful for women with menopausal or postmenopausal symptoms. Improves fertility in both men and women. Nourishes body tissues, regulates menstrual disorders. Helps in the treatment of infertility, impotence.<br \/>\n<strong>Container:<\/strong> 120 tablets<br \/>\n<strong>Fate:<\/strong> sexual health<\/p>","protected":false},"featured_media":94599,"comment_status":"closed","ping_status":"closed","template":"","meta":{"_acf_changed":false,"site-sidebar-layout":"default","site-content-layout":"","ast-site-content-layout":"default","site-content-style":"default","site-sidebar-style":"default","ast-global-header-display":"","ast-banner-title-visibility":"","ast-main-header-display":"","ast-hfb-above-header-display":"","ast-hfb-below-header-display":"","ast-hfb-mobile-header-display":"","site-post-title":"","ast-breadcrumbs-content":"","ast-featured-img":"","footer-sml-layout":"","ast-disable-related-posts":"","theme-transparent-header-meta":"default","adv-header-id-meta":"","stick-header-meta":"","header-above-stick-meta":"","header-main-stick-meta":"","header-below-stick-meta":"","astra-migrate-meta-layouts":"set","ast-page-background-enabled":"default","ast-page-background-meta":{"desktop":{"background-color":"var(--ast-global-color-5)","background-image":"","background-repeat":"repeat","background-position":"center center","background-size":"auto","background-attachment":"scroll","background-type":"","background-media":"","overlay-type":"","overlay-color":"","overlay-opacity":"","overlay-gradient":""},"tablet":{"background-color":"","background-image":"","background-repeat":"repeat","background-position":"center center","background-size":"auto","background-attachment":"scroll","background-type":"","background-media":"","overlay-type":"","overlay-color":"","overlay-opacity":"","overlay-gradient":""},"mobile":{"background-color":"","background-image":"","background-repeat":"repeat","background-position":"center center","background-size":"auto","background-attachment":"scroll","background-type":"","background-media":"","overlay-type":"","overlay-color":"","overlay-opacity":"","overlay-gradient":""}},"ast-content-background-meta":{"desktop":{"background-color":"var(--ast-global-color-4)","background-image":"","background-repeat":"repeat","background-position":"center center","background-size":"auto","background-attachment":"scroll","background-type":"","background-media":"","overlay-type":"","overlay-color":"","overlay-opacity":"","overlay-gradient":""},"tablet":{"background-color":"var(--ast-global-color-4)","background-image":"","background-repeat":"repeat","background-position":"center center","background-size":"auto","background-attachment":"scroll","background-type":"","background-media":"","overlay-type":"","overlay-color":"","overlay-opacity":"","overlay-gradient":""},"mobile":{"background-color":"var(--ast-global-color-4)","background-image":"","background-repeat":"repeat","background-position":"center center","background-size":"auto","background-attachment":"scroll","background-type":"","background-media":"","overlay-type":"","overlay-color":"","overlay-opacity":"","overlay-gradient":""}}},"product_brand":[],"product_cat":[625,639],"product_tag":[244,368,474,371,369,372,374,324,370,367,375,373],"class_list":{"0":"post-54916","1":"product","2":"type-product","3":"status-publish","4":"has-post-thumbnail","6":"product_cat-promocje","7":"product_cat-suplementy","8":"product_tag-holistyczna-pielegancja","9":"product_tag-hormony","10":"product_tag-jiva","11":"product_tag-laktacja","12":"product_tag-libido","13":"product_tag-menopauza","14":"product_tag-plodnosc","15":"product_tag-shatavari","16":"product_tag-uklad-hormonalny","17":"product_tag-uklad-rozrodczy","18":"product_tag-zaburzenia-laktacji","19":"product_tag-zdrowie-seksualne","20":"desktop-align-left","21":"tablet-align-left","22":"mobile-align-left","24":"first","25":"instock","26":"sale","27":"taxable","28":"shipping-taxable","29":"purchasable","30":"product-type-simple"},"acf":[],"yoast_head":"<!-- This site is optimized with the Yoast SEO plugin v27.1.1 - https:\/\/yoast.com\/product\/yoast-seo-wordpress\/ -->\n<title>Tabletki Shatavari JIVA \u2022 hormony \u2022 menopauza \u2022 120 tabletek | Joga Pi\u0119kna | Naturalne odm\u0142adzanie<\/title>\n<meta name=\"description\" content=\"Shatavari to g\u0142\u00f3wny ajurwedyjski lek odm\u0142adzaj\u0105cy dla kobiet. Jest skuteczny w leczeniu problem\u00f3w kobiecych, takich jak zaburzenia laktacji oraz objawy menopauzalne i pomenopauzalne. Zawiera zio\u0142o Shatavari (indyjski szparag), kt\u00f3re dzia\u0142a przeciwskurczowo, jest afrodyzjakiem i reguluje wydzielanie hormon\u00f3w.\" \/>\n<meta name=\"robots\" content=\"index, follow, max-snippet:-1, max-image-preview:large, max-video-preview:-1\" \/>\n<link rel=\"canonical\" href=\"https:\/\/dev1.jogapiekna.com\/en\/product\/shatavari-120-tabletek\/\" \/>\n<meta property=\"og:locale\" content=\"en_GB\" \/>\n<meta property=\"og:type\" content=\"article\" \/>\n<meta property=\"og:title\" content=\"Tabletki Shatavari JIVA \u2022 hormony \u2022 menopauza \u2022 120 tabletek | Joga Pi\u0119kna | Naturalne odm\u0142adzanie\" \/>\n<meta property=\"og:description\" content=\"Shatavari to g\u0142\u00f3wny ajurwedyjski lek odm\u0142adzaj\u0105cy dla kobiet. Jest skuteczny w leczeniu problem\u00f3w kobiecych, takich jak zaburzenia laktacji oraz objawy menopauzalne i pomenopauzalne. Zawiera zio\u0142o Shatavari (indyjski szparag), kt\u00f3re dzia\u0142a przeciwskurczowo, jest afrodyzjakiem i reguluje wydzielanie hormon\u00f3w.\" \/>\n<meta property=\"og:url\" content=\"https:\/\/dev1.jogapiekna.com\/en\/product\/shatavari-120-tabletek\/\" \/>\n<meta property=\"og:site_name\" content=\"JOGA PI\u0118KNA | Joga Twarzy\" \/>\n<meta property=\"article:publisher\" content=\"https:\/\/www.facebook.com\/JogaPieknaCom\/\" \/>\n<meta property=\"article:modified_time\" content=\"2026-03-19T08:27:41+00:00\" \/>\n<meta property=\"og:image\" content=\"https:\/\/dev1.jogapiekna.com\/wp-content\/uploads\/2021\/08\/Shatavari-120-tabletek_jogapiekna_suplementy-nowe-opakowanie-jiva.jpg\" \/>\n\t<meta property=\"og:image:width\" content=\"1000\" \/>\n\t<meta property=\"og:image:height\" content=\"1000\" \/>\n\t<meta property=\"og:image:type\" content=\"image\/jpeg\" \/>\n<meta name=\"twitter:card\" content=\"summary_large_image\" \/>\n<meta name=\"twitter:label1\" content=\"Estimated reading time\" \/>\n\t<meta name=\"twitter:data1\" content=\"2 minutes\" \/>\n<script type=\"application\/ld+json\" class=\"yoast-schema-graph\">{\"@context\":\"https:\/\/schema.org\",\"@graph\":[{\"@type\":\"WebPage\",\"@id\":\"https:\/\/dev1.jogapiekna.com\/produkt\/shatavari-120-tabletek\/\",\"url\":\"https:\/\/dev1.jogapiekna.com\/produkt\/shatavari-120-tabletek\/\",\"name\":\"Tabletki Shatavari JIVA \u2022 hormony \u2022 menopauza \u2022 120 tabletek | Joga Pi\u0119kna | Naturalne odm\u0142adzanie\",\"isPartOf\":{\"@id\":\"https:\/\/dev1.jogapiekna.com\/#website\"},\"primaryImageOfPage\":{\"@id\":\"https:\/\/dev1.jogapiekna.com\/produkt\/shatavari-120-tabletek\/#primaryimage\"},\"image\":{\"@id\":\"https:\/\/dev1.jogapiekna.com\/produkt\/shatavari-120-tabletek\/#primaryimage\"},\"thumbnailUrl\":\"https:\/\/dev1.jogapiekna.com\/wp-content\/uploads\/2021\/08\/Shatavari-120-tabletek_jogapiekna_suplementy-nowe-opakowanie-jiva.jpg\",\"datePublished\":\"2021-07-19T23:02:21+00:00\",\"dateModified\":\"2026-03-19T08:27:41+00:00\",\"description\":\"Shatavari to g\u0142\u00f3wny ajurwedyjski lek odm\u0142adzaj\u0105cy dla kobiet. Jest skuteczny w leczeniu problem\u00f3w kobiecych, takich jak zaburzenia laktacji oraz objawy menopauzalne i pomenopauzalne. Zawiera zio\u0142o Shatavari (indyjski szparag), kt\u00f3re dzia\u0142a przeciwskurczowo, jest afrodyzjakiem i reguluje wydzielanie hormon\u00f3w.\",\"breadcrumb\":{\"@id\":\"https:\/\/dev1.jogapiekna.com\/produkt\/shatavari-120-tabletek\/#breadcrumb\"},\"inLanguage\":\"en-GB\",\"potentialAction\":[{\"@type\":\"ReadAction\",\"target\":[\"https:\/\/dev1.jogapiekna.com\/produkt\/shatavari-120-tabletek\/\"]}]},{\"@type\":\"ImageObject\",\"inLanguage\":\"en-GB\",\"@id\":\"https:\/\/dev1.jogapiekna.com\/produkt\/shatavari-120-tabletek\/#primaryimage\",\"url\":\"https:\/\/dev1.jogapiekna.com\/wp-content\/uploads\/2021\/08\/Shatavari-120-tabletek_jogapiekna_suplementy-nowe-opakowanie-jiva.jpg\",\"contentUrl\":\"https:\/\/dev1.jogapiekna.com\/wp-content\/uploads\/2021\/08\/Shatavari-120-tabletek_jogapiekna_suplementy-nowe-opakowanie-jiva.jpg\",\"width\":1000,\"height\":1000,\"caption\":\"Tabletki Shatavari JIVA \u2022 hormony \u2022 menopauza \u2022 120 tabletek\"},{\"@type\":\"BreadcrumbList\",\"@id\":\"https:\/\/dev1.jogapiekna.com\/produkt\/shatavari-120-tabletek\/#breadcrumb\",\"itemListElement\":[{\"@type\":\"ListItem\",\"position\":1,\"name\":\"Strona g\u0142\u00f3wna\",\"item\":\"https:\/\/dev1.jogapiekna.com\/\"},{\"@type\":\"ListItem\",\"position\":2,\"name\":\"Sklep\",\"item\":\"https:\/\/dev1.jogapiekna.com\/sklep\/\"},{\"@type\":\"ListItem\",\"position\":3,\"name\":\"Tabletki Shatavari JIVA \u2022 hormony \u2022 menopauza \u2022 120 tabletek\"}]},{\"@type\":\"WebSite\",\"@id\":\"https:\/\/dev1.jogapiekna.com\/#website\",\"url\":\"https:\/\/dev1.jogapiekna.com\/\",\"name\":\"Joga Pi\u0119kna Marta Kuci\u0144ska\",\"description\":\"Joga Pi\u0119kna pomaga kobietom zachowa\u0107 urod\u0119, cofn\u0105\u0107 oznaki up\u0142ywaj\u0105cego czasu i zm\u0119czenia, odzyska\u0107 promienny wygl\u0105d, naturalny u\u015bmiech i popraw\u0119 w\u0142asnej samooceny.\",\"publisher\":{\"@id\":\"https:\/\/dev1.jogapiekna.com\/#organization\"},\"potentialAction\":[{\"@type\":\"SearchAction\",\"target\":{\"@type\":\"EntryPoint\",\"urlTemplate\":\"https:\/\/dev1.jogapiekna.com\/?s={search_term_string}\"},\"query-input\":{\"@type\":\"PropertyValueSpecification\",\"valueRequired\":true,\"valueName\":\"search_term_string\"}}],\"inLanguage\":\"en-GB\"},{\"@type\":\"Organization\",\"@id\":\"https:\/\/dev1.jogapiekna.com\/#organization\",\"name\":\"Joga Pi\u0119kna Marta Kuci\u0144ska\",\"url\":\"https:\/\/dev1.jogapiekna.com\/\",\"logo\":{\"@type\":\"ImageObject\",\"inLanguage\":\"en-GB\",\"@id\":\"https:\/\/dev1.jogapiekna.com\/#\/schema\/logo\/image\/\",\"url\":\"https:\/\/dev1.jogapiekna.com\/wp-content\/uploads\/2022\/09\/joga-piekna-logo_Rka.png\",\"contentUrl\":\"https:\/\/dev1.jogapiekna.com\/wp-content\/uploads\/2022\/09\/joga-piekna-logo_Rka.png\",\"width\":231,\"height\":124,\"caption\":\"Joga Pi\u0119kna Marta Kuci\u0144ska\"},\"image\":{\"@id\":\"https:\/\/dev1.jogapiekna.com\/#\/schema\/logo\/image\/\"},\"sameAs\":[\"https:\/\/www.facebook.com\/JogaPieknaCom\/\",\"https:\/\/www.instagram.com\/jogapieknacom\/\"]}]}<\/script>\n<!-- \/ Yoast SEO plugin. -->","yoast_head_json":{"title":"Tabletki Shatavari JIVA \u2022 hormony \u2022 menopauza \u2022 120 tabletek | Joga Pi\u0119kna | Naturalne odm\u0142adzanie","description":"Shatavari is the main Ayurvedic anti-aging drug for women. It is effective in treating women&#039;s problems such as lactation disorders, as well as menopausal and postmenopausal symptoms. It contains the herb shatavari (Indian asparagus), which has an antispasmodic effect, is an aphrodisiac and regulates hormone secretion.","robots":{"index":"index","follow":"follow","max-snippet":"max-snippet:-1","max-image-preview":"max-image-preview:large","max-video-preview":"max-video-preview:-1"},"canonical":"https:\/\/dev1.jogapiekna.com\/en\/product\/shatavari-120-tabletek\/","og_locale":"en_GB","og_type":"article","og_title":"Tabletki Shatavari JIVA \u2022 hormony \u2022 menopauza \u2022 120 tabletek | Joga Pi\u0119kna | Naturalne odm\u0142adzanie","og_description":"Shatavari to g\u0142\u00f3wny ajurwedyjski lek odm\u0142adzaj\u0105cy dla kobiet. Jest skuteczny w leczeniu problem\u00f3w kobiecych, takich jak zaburzenia laktacji oraz objawy menopauzalne i pomenopauzalne. Zawiera zio\u0142o Shatavari (indyjski szparag), kt\u00f3re dzia\u0142a przeciwskurczowo, jest afrodyzjakiem i reguluje wydzielanie hormon\u00f3w.","og_url":"https:\/\/dev1.jogapiekna.com\/en\/product\/shatavari-120-tabletek\/","og_site_name":"JOGA PI\u0118KNA | Joga Twarzy","article_publisher":"https:\/\/www.facebook.com\/JogaPieknaCom\/","article_modified_time":"2026-03-19T08:27:41+00:00","og_image":[{"width":1000,"height":1000,"url":"https:\/\/dev1.jogapiekna.com\/wp-content\/uploads\/2021\/08\/Shatavari-120-tabletek_jogapiekna_suplementy-nowe-opakowanie-jiva.jpg","type":"image\/jpeg"}],"twitter_card":"summary_large_image","twitter_misc":{"Estimated reading time":"2 minutes"},"schema":{"@context":"https:\/\/schema.org","@graph":[{"@type":"WebPage","@id":"https:\/\/dev1.jogapiekna.com\/produkt\/shatavari-120-tabletek\/","url":"https:\/\/dev1.jogapiekna.com\/produkt\/shatavari-120-tabletek\/","name":"Tabletki Shatavari JIVA \u2022 hormony \u2022 menopauza \u2022 120 tabletek | Joga Pi\u0119kna | Naturalne odm\u0142adzanie","isPartOf":{"@id":"https:\/\/dev1.jogapiekna.com\/#website"},"primaryImageOfPage":{"@id":"https:\/\/dev1.jogapiekna.com\/produkt\/shatavari-120-tabletek\/#primaryimage"},"image":{"@id":"https:\/\/dev1.jogapiekna.com\/produkt\/shatavari-120-tabletek\/#primaryimage"},"thumbnailUrl":"https:\/\/dev1.jogapiekna.com\/wp-content\/uploads\/2021\/08\/Shatavari-120-tabletek_jogapiekna_suplementy-nowe-opakowanie-jiva.jpg","datePublished":"2021-07-19T23:02:21+00:00","dateModified":"2026-03-19T08:27:41+00:00","description":"Shatavari is the main Ayurvedic anti-aging drug for women. It is effective in treating women&#039;s problems such as lactation disorders, as well as menopausal and postmenopausal symptoms. It contains the herb shatavari (Indian asparagus), which has an antispasmodic effect, is an aphrodisiac and regulates hormone secretion.","breadcrumb":{"@id":"https:\/\/dev1.jogapiekna.com\/produkt\/shatavari-120-tabletek\/#breadcrumb"},"inLanguage":"en-GB","potentialAction":[{"@type":"ReadAction","target":["https:\/\/dev1.jogapiekna.com\/produkt\/shatavari-120-tabletek\/"]}]},{"@type":"ImageObject","inLanguage":"en-GB","@id":"https:\/\/dev1.jogapiekna.com\/produkt\/shatavari-120-tabletek\/#primaryimage","url":"https:\/\/dev1.jogapiekna.com\/wp-content\/uploads\/2021\/08\/Shatavari-120-tabletek_jogapiekna_suplementy-nowe-opakowanie-jiva.jpg","contentUrl":"https:\/\/dev1.jogapiekna.com\/wp-content\/uploads\/2021\/08\/Shatavari-120-tabletek_jogapiekna_suplementy-nowe-opakowanie-jiva.jpg","width":1000,"height":1000,"caption":"Tabletki Shatavari JIVA \u2022 hormony \u2022 menopauza \u2022 120 tabletek"},{"@type":"BreadcrumbList","@id":"https:\/\/dev1.jogapiekna.com\/produkt\/shatavari-120-tabletek\/#breadcrumb","itemListElement":[{"@type":"ListItem","position":1,"name":"Strona g\u0142\u00f3wna","item":"https:\/\/dev1.jogapiekna.com\/"},{"@type":"ListItem","position":2,"name":"Sklep","item":"https:\/\/dev1.jogapiekna.com\/sklep\/"},{"@type":"ListItem","position":3,"name":"Tabletki Shatavari JIVA \u2022 hormony \u2022 menopauza \u2022 120 tabletek"}]},{"@type":"WebSite","@id":"https:\/\/dev1.jogapiekna.com\/#website","url":"https:\/\/dev1.jogapiekna.com\/","name":"Yoga Beauty Marta Kuci\u0144ska","description":"Beauty Yoga helps women to maintain their beauty, reverse the signs of passing time and fatigue, regain a radiant appearance, natural smile and improve their self-esteem.","publisher":{"@id":"https:\/\/dev1.jogapiekna.com\/#organization"},"potentialAction":[{"@type":"SearchAction","target":{"@type":"EntryPoint","urlTemplate":"https:\/\/dev1.jogapiekna.com\/?s={search_term_string}"},"query-input":{"@type":"PropertyValueSpecification","valueRequired":true,"valueName":"search_term_string"}}],"inLanguage":"en-GB"},{"@type":"Organization","@id":"https:\/\/dev1.jogapiekna.com\/#organization","name":"Yoga Beauty Marta Kuci\u0144ska","url":"https:\/\/dev1.jogapiekna.com\/","logo":{"@type":"ImageObject","inLanguage":"en-GB","@id":"https:\/\/dev1.jogapiekna.com\/#\/schema\/logo\/image\/","url":"https:\/\/dev1.jogapiekna.com\/wp-content\/uploads\/2022\/09\/joga-piekna-logo_Rka.png","contentUrl":"https:\/\/dev1.jogapiekna.com\/wp-content\/uploads\/2022\/09\/joga-piekna-logo_Rka.png","width":231,"height":124,"caption":"Joga Pi\u0119kna Marta Kuci\u0144ska"},"image":{"@id":"https:\/\/dev1.jogapiekna.com\/#\/schema\/logo\/image\/"},"sameAs":["https:\/\/www.facebook.com\/JogaPieknaCom\/","https:\/\/www.instagram.com\/jogapieknacom\/"]}]}},"_links":{"self":[{"href":"https:\/\/dev1.jogapiekna.com\/en\/wp-json\/wp\/v2\/product\/54916","targetHints":{"allow":["GET"]}}],"collection":[{"href":"https:\/\/dev1.jogapiekna.com\/en\/wp-json\/wp\/v2\/product"}],"about":[{"href":"https:\/\/dev1.jogapiekna.com\/en\/wp-json\/wp\/v2\/types\/product"}],"replies":[{"embeddable":true,"href":"https:\/\/dev1.jogapiekna.com\/en\/wp-json\/wp\/v2\/comments?post=54916"}],"version-history":[{"count":3,"href":"https:\/\/dev1.jogapiekna.com\/en\/wp-json\/wp\/v2\/product\/54916\/revisions"}],"predecessor-version":[{"id":216016,"href":"https:\/\/dev1.jogapiekna.com\/en\/wp-json\/wp\/v2\/product\/54916\/revisions\/216016"}],"wp:featuredmedia":[{"embeddable":true,"href":"https:\/\/dev1.jogapiekna.com\/en\/wp-json\/wp\/v2\/media\/94599"}],"wp:attachment":[{"href":"https:\/\/dev1.jogapiekna.com\/en\/wp-json\/wp\/v2\/media?parent=54916"}],"wp:term":[{"taxonomy":"product_brand","embeddable":true,"href":"https:\/\/dev1.jogapiekna.com\/en\/wp-json\/wp\/v2\/product_brand?post=54916"},{"taxonomy":"product_cat","embeddable":true,"href":"https:\/\/dev1.jogapiekna.com\/en\/wp-json\/wp\/v2\/product_cat?post=54916"},{"taxonomy":"product_tag","embeddable":true,"href":"https:\/\/dev1.jogapiekna.com\/en\/wp-json\/wp\/v2\/product_tag?post=54916"}],"curies":[{"name":"wp","href":"https:\/\/api.w.org\/{rel}","templated":true}]}}