{"id":54902,"date":"2021-07-20T00:16:02","date_gmt":"2021-07-19T22:16:02","guid":{"rendered":"https:\/\/dev1.jogapiekna.com?post_type=product&#038;p=54902"},"modified":"2026-02-09T15:02:47","modified_gmt":"2026-02-09T14:02:47","slug":"ashwagandha-120-tabletek","status":"publish","type":"product","link":"https:\/\/dev1.jogapiekna.com\/en\/product\/ashwagandha-120-tabletek\/","title":{"rendered":"Ashwagandha Jiva Pills * Weakness * Depression * 120 tablets"},"content":{"rendered":"<p>Ashwagandha pills are an herbal product that fights your body&#039;s fatigue and prevents many sexual problems from occurring. The greeting sluggish, because that&#039;s how ashwagandha is otherwise called, is a natural and essential ingredient of the supplement. Ashwagandha tablets 400 mg are recommended for use in arthritis, hypertension, diabetes mellitus. Strengthens the nervous system and prevents premature aging processes.<\/p>\n<p>&nbsp;<\/p>\n<p><strong>Application:<\/strong><\/p>\n<p>* anti-aging<br \/>\n* strengthening agent<br \/>\n\u2022 anti-inflammatory<br \/>\n* stress relief<\/p>\n<p><strong>Dosage<\/strong> Take 1 tablet twice a day, after meals, with a sufficient amount of water.<\/p>\n<p><strong>Container:<\/strong> 120 tablets<\/p>\n<p><strong>Product composition:<\/strong> Vitania flaccus root extract, binding agent: acacia gum, corn starch, anticorrosive agent: magnesium silicate.<\/p>\n<p>Do not exceed the recommended daily intake. A dietary supplement cannot be used as a substitute for a varied diet. It is necessary to adhere to a healthy lifestyle and a balanced diet. Do not use with hypersensitivity to the components of the drug. The product is not intended for pregnant or lactating women and children. Keep out of reach of small children. Protect from light and moisture.<\/p>","protected":false},"excerpt":{"rendered":"<p>They provide an effective fight against general weakness and sexual disorders. Commonly known as Indian ginseng, the main ingredient of ashwagandha (salutation of lethargy) helps fight many stress-related diseases such as premature aging, arthritis, diabetes, hypertension, and cancer. It provides physical fitness and increases physiological endurance.<\/p>\n<p><strong>Action:<\/strong> Strengthens the nervous system, relieves stress, fatigue, hypertension. Improves immunity and gives strength. It is also effective in preventing disorders such as atherosclerosis, premature aging, arthritis, diabetes, hypertension, and cancer.<br \/>\n<strong>Container:<\/strong> 120 tablets<br \/>\n<strong>Fate:<\/strong> well-being, resilience, stress and memory, sexual health,<\/p>","protected":false},"featured_media":134460,"comment_status":"closed","ping_status":"closed","template":"","meta":{"_acf_changed":false,"site-sidebar-layout":"default","site-content-layout":"","ast-site-content-layout":"default","site-content-style":"default","site-sidebar-style":"default","ast-global-header-display":"","ast-banner-title-visibility":"","ast-main-header-display":"","ast-hfb-above-header-display":"","ast-hfb-below-header-display":"","ast-hfb-mobile-header-display":"","site-post-title":"","ast-breadcrumbs-content":"","ast-featured-img":"","footer-sml-layout":"","ast-disable-related-posts":"","theme-transparent-header-meta":"default","adv-header-id-meta":"","stick-header-meta":"","header-above-stick-meta":"","header-main-stick-meta":"","header-below-stick-meta":"","astra-migrate-meta-layouts":"set","ast-page-background-enabled":"default","ast-page-background-meta":{"desktop":{"background-color":"var(--ast-global-color-5)","background-image":"","background-repeat":"repeat","background-position":"center center","background-size":"auto","background-attachment":"scroll","background-type":"","background-media":"","overlay-type":"","overlay-color":"","overlay-opacity":"","overlay-gradient":""},"tablet":{"background-color":"","background-image":"","background-repeat":"repeat","background-position":"center center","background-size":"auto","background-attachment":"scroll","background-type":"","background-media":"","overlay-type":"","overlay-color":"","overlay-opacity":"","overlay-gradient":""},"mobile":{"background-color":"","background-image":"","background-repeat":"repeat","background-position":"center center","background-size":"auto","background-attachment":"scroll","background-type":"","background-media":"","overlay-type":"","overlay-color":"","overlay-opacity":"","overlay-gradient":""}},"ast-content-background-meta":{"desktop":{"background-color":"var(--ast-global-color-4)","background-image":"","background-repeat":"repeat","background-position":"center center","background-size":"auto","background-attachment":"scroll","background-type":"","background-media":"","overlay-type":"","overlay-color":"","overlay-opacity":"","overlay-gradient":""},"tablet":{"background-color":"var(--ast-global-color-4)","background-image":"","background-repeat":"repeat","background-position":"center center","background-size":"auto","background-attachment":"scroll","background-type":"","background-media":"","overlay-type":"","overlay-color":"","overlay-opacity":"","overlay-gradient":""},"mobile":{"background-color":"var(--ast-global-color-4)","background-image":"","background-repeat":"repeat","background-position":"center center","background-size":"auto","background-attachment":"scroll","background-type":"","background-media":"","overlay-type":"","overlay-color":"","overlay-opacity":"","overlay-gradient":""}}},"product_brand":[],"product_cat":[625,639],"product_tag":[320,244,391,336,388,389,392,362,390,387],"class_list":{"0":"post-54902","1":"product","2":"type-product","3":"status-publish","4":"has-post-thumbnail","6":"product_cat-promocje","7":"product_cat-suplementy","8":"product_tag-ashwagandha","9":"product_tag-holistyczna-pielegancja","10":"product_tag-nadcisnienie-tetnicze","11":"product_tag-odpornosc","12":"product_tag-oslabienie","13":"product_tag-problemy-seksualne","14":"product_tag-starzenie-sie","15":"product_tag-uklad-nerwowy","16":"product_tag-zapaleniu-stawow","17":"product_tag-zmeczenie","18":"desktop-align-left","19":"tablet-align-left","20":"mobile-align-left","22":"first","23":"instock","24":"sale","25":"taxable","26":"shipping-taxable","27":"purchasable","28":"product-type-simple"},"acf":[],"yoast_head":"<!-- This site is optimized with the Yoast SEO plugin v27.1.1 - https:\/\/yoast.com\/product\/yoast-seo-wordpress\/ -->\n<title>Tabletki Ashwagandha JIVA \u2022 os\u0142abienie \u2022 depresja \u2022 120 tabletek | Joga Pi\u0119kna | Naturalne odm\u0142adzanie<\/title>\n<meta name=\"description\" content=\"Zapewniaj\u0105 skuteczn\u0105 walk\u0119 z og\u00f3lnym os\u0142abieniem oraz zaburzeniami seksualnymi. Popularnie znany jako indyjski \u017ce\u0144-sze\u0144, g\u0142\u00f3wny sk\u0142adnik Ashwagandha (Witania ospa\u0142a), pomaga zwalcza\u0107 wiele chor\u00f3b wywo\u0142anych stresem, takich jak przedwczesne starzenie si\u0119, zapalenie staw\u00f3w, cukrzyca, nadci\u015bnienie i rak. Zapewnia sprawno\u015b\u0107 fizyczn\u0105 i zwi\u0119ksza wytrzyma\u0142o\u015b\u0107 fizjologiczn\u0105.\" \/>\n<meta name=\"robots\" content=\"index, follow, max-snippet:-1, max-image-preview:large, max-video-preview:-1\" \/>\n<link rel=\"canonical\" href=\"https:\/\/dev1.jogapiekna.com\/en\/product\/ashwagandha-120-tabletek\/\" \/>\n<meta property=\"og:locale\" content=\"en_GB\" \/>\n<meta property=\"og:type\" content=\"article\" \/>\n<meta property=\"og:title\" content=\"Tabletki Ashwagandha JIVA \u2022 os\u0142abienie \u2022 depresja \u2022 120 tabletek | Joga Pi\u0119kna | Naturalne odm\u0142adzanie\" \/>\n<meta property=\"og:description\" content=\"Zapewniaj\u0105 skuteczn\u0105 walk\u0119 z og\u00f3lnym os\u0142abieniem oraz zaburzeniami seksualnymi. Popularnie znany jako indyjski \u017ce\u0144-sze\u0144, g\u0142\u00f3wny sk\u0142adnik Ashwagandha (Witania ospa\u0142a), pomaga zwalcza\u0107 wiele chor\u00f3b wywo\u0142anych stresem, takich jak przedwczesne starzenie si\u0119, zapalenie staw\u00f3w, cukrzyca, nadci\u015bnienie i rak. Zapewnia sprawno\u015b\u0107 fizyczn\u0105 i zwi\u0119ksza wytrzyma\u0142o\u015b\u0107 fizjologiczn\u0105.\" \/>\n<meta property=\"og:url\" content=\"https:\/\/dev1.jogapiekna.com\/en\/product\/ashwagandha-120-tabletek\/\" \/>\n<meta property=\"og:site_name\" content=\"JOGA PI\u0118KNA | Joga Twarzy\" \/>\n<meta property=\"article:publisher\" content=\"https:\/\/www.facebook.com\/JogaPieknaCom\/\" \/>\n<meta property=\"article:modified_time\" content=\"2026-02-09T14:02:47+00:00\" \/>\n<meta property=\"og:image\" content=\"https:\/\/dev1.jogapiekna.com\/wp-content\/uploads\/2021\/07\/Ashwagandha_120-tabletek_jogapiekna_suplementy-jiva-nowe-opakowanie.jpg\" \/>\n\t<meta property=\"og:image:width\" content=\"1000\" \/>\n\t<meta property=\"og:image:height\" content=\"1000\" \/>\n\t<meta property=\"og:image:type\" content=\"image\/jpeg\" \/>\n<meta name=\"twitter:card\" content=\"summary_large_image\" \/>\n<meta name=\"twitter:label1\" content=\"Estimated reading time\" \/>\n\t<meta name=\"twitter:data1\" content=\"2 minutes\" \/>\n<script type=\"application\/ld+json\" class=\"yoast-schema-graph\">{\"@context\":\"https:\/\/schema.org\",\"@graph\":[{\"@type\":\"WebPage\",\"@id\":\"https:\/\/dev1.jogapiekna.com\/produkt\/ashwagandha-120-tabletek\/\",\"url\":\"https:\/\/dev1.jogapiekna.com\/produkt\/ashwagandha-120-tabletek\/\",\"name\":\"Tabletki Ashwagandha JIVA \u2022 os\u0142abienie \u2022 depresja \u2022 120 tabletek | Joga Pi\u0119kna | Naturalne odm\u0142adzanie\",\"isPartOf\":{\"@id\":\"https:\/\/dev1.jogapiekna.com\/#website\"},\"primaryImageOfPage\":{\"@id\":\"https:\/\/dev1.jogapiekna.com\/produkt\/ashwagandha-120-tabletek\/#primaryimage\"},\"image\":{\"@id\":\"https:\/\/dev1.jogapiekna.com\/produkt\/ashwagandha-120-tabletek\/#primaryimage\"},\"thumbnailUrl\":\"https:\/\/dev1.jogapiekna.com\/wp-content\/uploads\/2021\/07\/Ashwagandha_120-tabletek_jogapiekna_suplementy-jiva-nowe-opakowanie.jpg\",\"datePublished\":\"2021-07-19T22:16:02+00:00\",\"dateModified\":\"2026-02-09T14:02:47+00:00\",\"description\":\"Zapewniaj\u0105 skuteczn\u0105 walk\u0119 z og\u00f3lnym os\u0142abieniem oraz zaburzeniami seksualnymi. Popularnie znany jako indyjski \u017ce\u0144-sze\u0144, g\u0142\u00f3wny sk\u0142adnik Ashwagandha (Witania ospa\u0142a), pomaga zwalcza\u0107 wiele chor\u00f3b wywo\u0142anych stresem, takich jak przedwczesne starzenie si\u0119, zapalenie staw\u00f3w, cukrzyca, nadci\u015bnienie i rak. Zapewnia sprawno\u015b\u0107 fizyczn\u0105 i zwi\u0119ksza wytrzyma\u0142o\u015b\u0107 fizjologiczn\u0105.\",\"breadcrumb\":{\"@id\":\"https:\/\/dev1.jogapiekna.com\/produkt\/ashwagandha-120-tabletek\/#breadcrumb\"},\"inLanguage\":\"en-GB\",\"potentialAction\":[{\"@type\":\"ReadAction\",\"target\":[\"https:\/\/dev1.jogapiekna.com\/produkt\/ashwagandha-120-tabletek\/\"]}]},{\"@type\":\"ImageObject\",\"inLanguage\":\"en-GB\",\"@id\":\"https:\/\/dev1.jogapiekna.com\/produkt\/ashwagandha-120-tabletek\/#primaryimage\",\"url\":\"https:\/\/dev1.jogapiekna.com\/wp-content\/uploads\/2021\/07\/Ashwagandha_120-tabletek_jogapiekna_suplementy-jiva-nowe-opakowanie.jpg\",\"contentUrl\":\"https:\/\/dev1.jogapiekna.com\/wp-content\/uploads\/2021\/07\/Ashwagandha_120-tabletek_jogapiekna_suplementy-jiva-nowe-opakowanie.jpg\",\"width\":1000,\"height\":1000,\"caption\":\"Tabletki Ashwagandha JIVA \u2022 os\u0142abienie \u2022 depresja \u2022 120 tabletek\"},{\"@type\":\"BreadcrumbList\",\"@id\":\"https:\/\/dev1.jogapiekna.com\/produkt\/ashwagandha-120-tabletek\/#breadcrumb\",\"itemListElement\":[{\"@type\":\"ListItem\",\"position\":1,\"name\":\"Strona g\u0142\u00f3wna\",\"item\":\"https:\/\/dev1.jogapiekna.com\/\"},{\"@type\":\"ListItem\",\"position\":2,\"name\":\"Sklep\",\"item\":\"https:\/\/dev1.jogapiekna.com\/sklep\/\"},{\"@type\":\"ListItem\",\"position\":3,\"name\":\"Tabletki Ashwagandha JIVA \u2022 os\u0142abienie \u2022 depresja \u2022 120 tabletek\"}]},{\"@type\":\"WebSite\",\"@id\":\"https:\/\/dev1.jogapiekna.com\/#website\",\"url\":\"https:\/\/dev1.jogapiekna.com\/\",\"name\":\"Joga Pi\u0119kna Marta Kuci\u0144ska\",\"description\":\"Joga Pi\u0119kna pomaga kobietom zachowa\u0107 urod\u0119, cofn\u0105\u0107 oznaki up\u0142ywaj\u0105cego czasu i zm\u0119czenia, odzyska\u0107 promienny wygl\u0105d, naturalny u\u015bmiech i popraw\u0119 w\u0142asnej samooceny.\",\"publisher\":{\"@id\":\"https:\/\/dev1.jogapiekna.com\/#organization\"},\"potentialAction\":[{\"@type\":\"SearchAction\",\"target\":{\"@type\":\"EntryPoint\",\"urlTemplate\":\"https:\/\/dev1.jogapiekna.com\/?s={search_term_string}\"},\"query-input\":{\"@type\":\"PropertyValueSpecification\",\"valueRequired\":true,\"valueName\":\"search_term_string\"}}],\"inLanguage\":\"en-GB\"},{\"@type\":\"Organization\",\"@id\":\"https:\/\/dev1.jogapiekna.com\/#organization\",\"name\":\"Joga Pi\u0119kna Marta Kuci\u0144ska\",\"url\":\"https:\/\/dev1.jogapiekna.com\/\",\"logo\":{\"@type\":\"ImageObject\",\"inLanguage\":\"en-GB\",\"@id\":\"https:\/\/dev1.jogapiekna.com\/#\/schema\/logo\/image\/\",\"url\":\"https:\/\/dev1.jogapiekna.com\/wp-content\/uploads\/2022\/09\/joga-piekna-logo_Rka.png\",\"contentUrl\":\"https:\/\/dev1.jogapiekna.com\/wp-content\/uploads\/2022\/09\/joga-piekna-logo_Rka.png\",\"width\":231,\"height\":124,\"caption\":\"Joga Pi\u0119kna Marta Kuci\u0144ska\"},\"image\":{\"@id\":\"https:\/\/dev1.jogapiekna.com\/#\/schema\/logo\/image\/\"},\"sameAs\":[\"https:\/\/www.facebook.com\/JogaPieknaCom\/\",\"https:\/\/www.instagram.com\/jogapieknacom\/\"]}]}<\/script>\n<!-- \/ Yoast SEO plugin. -->","yoast_head_json":{"title":"Tabletki Ashwagandha JIVA \u2022 os\u0142abienie \u2022 depresja \u2022 120 tabletek | Joga Pi\u0119kna | Naturalne odm\u0142adzanie","description":"They provide an effective fight against general weakness and sexual disorders. Commonly known as Indian ginseng, the main ingredient of ashwagandha (salutation of lethargy) helps fight many stress-related diseases such as premature aging, arthritis, diabetes, hypertension, and cancer. It provides physical fitness and increases physiological endurance.","robots":{"index":"index","follow":"follow","max-snippet":"max-snippet:-1","max-image-preview":"max-image-preview:large","max-video-preview":"max-video-preview:-1"},"canonical":"https:\/\/dev1.jogapiekna.com\/en\/product\/ashwagandha-120-tabletek\/","og_locale":"en_GB","og_type":"article","og_title":"Tabletki Ashwagandha JIVA \u2022 os\u0142abienie \u2022 depresja \u2022 120 tabletek | Joga Pi\u0119kna | Naturalne odm\u0142adzanie","og_description":"Zapewniaj\u0105 skuteczn\u0105 walk\u0119 z og\u00f3lnym os\u0142abieniem oraz zaburzeniami seksualnymi. Popularnie znany jako indyjski \u017ce\u0144-sze\u0144, g\u0142\u00f3wny sk\u0142adnik Ashwagandha (Witania ospa\u0142a), pomaga zwalcza\u0107 wiele chor\u00f3b wywo\u0142anych stresem, takich jak przedwczesne starzenie si\u0119, zapalenie staw\u00f3w, cukrzyca, nadci\u015bnienie i rak. Zapewnia sprawno\u015b\u0107 fizyczn\u0105 i zwi\u0119ksza wytrzyma\u0142o\u015b\u0107 fizjologiczn\u0105.","og_url":"https:\/\/dev1.jogapiekna.com\/en\/product\/ashwagandha-120-tabletek\/","og_site_name":"JOGA PI\u0118KNA | Joga Twarzy","article_publisher":"https:\/\/www.facebook.com\/JogaPieknaCom\/","article_modified_time":"2026-02-09T14:02:47+00:00","og_image":[{"width":1000,"height":1000,"url":"https:\/\/dev1.jogapiekna.com\/wp-content\/uploads\/2021\/07\/Ashwagandha_120-tabletek_jogapiekna_suplementy-jiva-nowe-opakowanie.jpg","type":"image\/jpeg"}],"twitter_card":"summary_large_image","twitter_misc":{"Estimated reading time":"2 minutes"},"schema":{"@context":"https:\/\/schema.org","@graph":[{"@type":"WebPage","@id":"https:\/\/dev1.jogapiekna.com\/produkt\/ashwagandha-120-tabletek\/","url":"https:\/\/dev1.jogapiekna.com\/produkt\/ashwagandha-120-tabletek\/","name":"Tabletki Ashwagandha JIVA \u2022 os\u0142abienie \u2022 depresja \u2022 120 tabletek | Joga Pi\u0119kna | Naturalne odm\u0142adzanie","isPartOf":{"@id":"https:\/\/dev1.jogapiekna.com\/#website"},"primaryImageOfPage":{"@id":"https:\/\/dev1.jogapiekna.com\/produkt\/ashwagandha-120-tabletek\/#primaryimage"},"image":{"@id":"https:\/\/dev1.jogapiekna.com\/produkt\/ashwagandha-120-tabletek\/#primaryimage"},"thumbnailUrl":"https:\/\/dev1.jogapiekna.com\/wp-content\/uploads\/2021\/07\/Ashwagandha_120-tabletek_jogapiekna_suplementy-jiva-nowe-opakowanie.jpg","datePublished":"2021-07-19T22:16:02+00:00","dateModified":"2026-02-09T14:02:47+00:00","description":"They provide an effective fight against general weakness and sexual disorders. Commonly known as Indian ginseng, the main ingredient of ashwagandha (salutation of lethargy) helps fight many stress-related diseases such as premature aging, arthritis, diabetes, hypertension, and cancer. It provides physical fitness and increases physiological endurance.","breadcrumb":{"@id":"https:\/\/dev1.jogapiekna.com\/produkt\/ashwagandha-120-tabletek\/#breadcrumb"},"inLanguage":"en-GB","potentialAction":[{"@type":"ReadAction","target":["https:\/\/dev1.jogapiekna.com\/produkt\/ashwagandha-120-tabletek\/"]}]},{"@type":"ImageObject","inLanguage":"en-GB","@id":"https:\/\/dev1.jogapiekna.com\/produkt\/ashwagandha-120-tabletek\/#primaryimage","url":"https:\/\/dev1.jogapiekna.com\/wp-content\/uploads\/2021\/07\/Ashwagandha_120-tabletek_jogapiekna_suplementy-jiva-nowe-opakowanie.jpg","contentUrl":"https:\/\/dev1.jogapiekna.com\/wp-content\/uploads\/2021\/07\/Ashwagandha_120-tabletek_jogapiekna_suplementy-jiva-nowe-opakowanie.jpg","width":1000,"height":1000,"caption":"Tabletki Ashwagandha JIVA \u2022 os\u0142abienie \u2022 depresja \u2022 120 tabletek"},{"@type":"BreadcrumbList","@id":"https:\/\/dev1.jogapiekna.com\/produkt\/ashwagandha-120-tabletek\/#breadcrumb","itemListElement":[{"@type":"ListItem","position":1,"name":"Strona g\u0142\u00f3wna","item":"https:\/\/dev1.jogapiekna.com\/"},{"@type":"ListItem","position":2,"name":"Sklep","item":"https:\/\/dev1.jogapiekna.com\/sklep\/"},{"@type":"ListItem","position":3,"name":"Tabletki Ashwagandha JIVA \u2022 os\u0142abienie \u2022 depresja \u2022 120 tabletek"}]},{"@type":"WebSite","@id":"https:\/\/dev1.jogapiekna.com\/#website","url":"https:\/\/dev1.jogapiekna.com\/","name":"Yoga Beauty Marta Kuci\u0144ska","description":"Beauty Yoga helps women to maintain their beauty, reverse the signs of passing time and fatigue, regain a radiant appearance, natural smile and improve their self-esteem.","publisher":{"@id":"https:\/\/dev1.jogapiekna.com\/#organization"},"potentialAction":[{"@type":"SearchAction","target":{"@type":"EntryPoint","urlTemplate":"https:\/\/dev1.jogapiekna.com\/?s={search_term_string}"},"query-input":{"@type":"PropertyValueSpecification","valueRequired":true,"valueName":"search_term_string"}}],"inLanguage":"en-GB"},{"@type":"Organization","@id":"https:\/\/dev1.jogapiekna.com\/#organization","name":"Yoga Beauty Marta Kuci\u0144ska","url":"https:\/\/dev1.jogapiekna.com\/","logo":{"@type":"ImageObject","inLanguage":"en-GB","@id":"https:\/\/dev1.jogapiekna.com\/#\/schema\/logo\/image\/","url":"https:\/\/dev1.jogapiekna.com\/wp-content\/uploads\/2022\/09\/joga-piekna-logo_Rka.png","contentUrl":"https:\/\/dev1.jogapiekna.com\/wp-content\/uploads\/2022\/09\/joga-piekna-logo_Rka.png","width":231,"height":124,"caption":"Joga Pi\u0119kna Marta Kuci\u0144ska"},"image":{"@id":"https:\/\/dev1.jogapiekna.com\/#\/schema\/logo\/image\/"},"sameAs":["https:\/\/www.facebook.com\/JogaPieknaCom\/","https:\/\/www.instagram.com\/jogapieknacom\/"]}]}},"_links":{"self":[{"href":"https:\/\/dev1.jogapiekna.com\/en\/wp-json\/wp\/v2\/product\/54902","targetHints":{"allow":["GET"]}}],"collection":[{"href":"https:\/\/dev1.jogapiekna.com\/en\/wp-json\/wp\/v2\/product"}],"about":[{"href":"https:\/\/dev1.jogapiekna.com\/en\/wp-json\/wp\/v2\/types\/product"}],"replies":[{"embeddable":true,"href":"https:\/\/dev1.jogapiekna.com\/en\/wp-json\/wp\/v2\/comments?post=54902"}],"version-history":[{"count":3,"href":"https:\/\/dev1.jogapiekna.com\/en\/wp-json\/wp\/v2\/product\/54902\/revisions"}],"predecessor-version":[{"id":215999,"href":"https:\/\/dev1.jogapiekna.com\/en\/wp-json\/wp\/v2\/product\/54902\/revisions\/215999"}],"wp:featuredmedia":[{"embeddable":true,"href":"https:\/\/dev1.jogapiekna.com\/en\/wp-json\/wp\/v2\/media\/134460"}],"wp:attachment":[{"href":"https:\/\/dev1.jogapiekna.com\/en\/wp-json\/wp\/v2\/media?parent=54902"}],"wp:term":[{"taxonomy":"product_brand","embeddable":true,"href":"https:\/\/dev1.jogapiekna.com\/en\/wp-json\/wp\/v2\/product_brand?post=54902"},{"taxonomy":"product_cat","embeddable":true,"href":"https:\/\/dev1.jogapiekna.com\/en\/wp-json\/wp\/v2\/product_cat?post=54902"},{"taxonomy":"product_tag","embeddable":true,"href":"https:\/\/dev1.jogapiekna.com\/en\/wp-json\/wp\/v2\/product_tag?post=54902"}],"curies":[{"name":"wp","href":"https:\/\/api.w.org\/{rel}","templated":true}]}}