{"id":54894,"date":"2021-07-19T23:54:15","date_gmt":"2021-07-19T21:54:15","guid":{"rendered":"https:\/\/dev1.jogapiekna.com?post_type=product&#038;p=54894"},"modified":"2026-03-03T18:55:57","modified_gmt":"2026-03-03T17:55:57","slug":"arjuna-jiva","status":"publish","type":"product","link":"https:\/\/dev1.jogapiekna.com\/en\/product\/arjuna-jiva\/","title":{"rendered":"Arjuna Jiva Pills * Strengthening the heart * 120 tablets"},"content":{"rendered":"<p>Jiva Ajruna tablets, the main component of which is the amygdala Arjuna, comprehensively affect one of the most important and demanding organs in the human body, that is, the heart. The pills offered by our store strengthen the heart muscle, regulate the heart and help control blood pressure. Arjuna additionally cleanses it, which will certainly have a positive effect on your health and well-being. Also check out other properties that characterize Arjuna pills. We are talking about lowering cholesterol levels and normalizing the functioning of the cardiovascular system in the human body.<\/p>\n<p>Arjuna is a versatile drug that will allow you to strive to maintain the necessary balance in the body. In addition, these pills help fight diabetes and problems with too high blood pressure. The Arjuna we offer also has numerous purifying properties. And the blood, and the whole body. The product eliminates burning sensation during urination and provides positive support during the treatment of obesity problems.<\/p>\n<p><strong>Application<\/strong><br \/>\nAction of Arjuna Jiva Pills:<br \/>\n* strengthens the heart muscle<br \/>\n* supports the cardiovascular system<br \/>\n* regulates blood pressure<br \/>\n* regulates blood sugar levels<br \/>\n* lowers cholesterol levels<br \/>\n* reduces body fat deposition<br \/>\n* helps in the treatment of obesity<\/p>\n<p><strong>Dosage<\/strong> Take 1 tablet twice a day, after meals, with a sufficient amount of water.<\/p>\n<p><strong>Container:<\/strong> 120 tablets<\/p>\n<p><strong>Product composition:<\/strong> Arjuna almond bark powder, binder: gum arabic (acacia gum), corn starch, anti-caking agent: magnesium silicate.<\/p>\n<p>Do not exceed the recommended daily intake. A dietary supplement cannot be used as a substitute for a varied diet. It is necessary to adhere to a healthy lifestyle and a balanced diet. Do not use with hypersensitivity to the components of the drug. The product is not intended for pregnant or lactating women and children. Keep out of reach of small children. Protect from light and moisture.<\/p>","protected":false},"excerpt":{"rendered":"<p>This is a great herbal tonic for the heart. The herbal ingredient Arjuna (Arjuna&#039;s Amygdala), a unique use affects the heart and effectively helps treat all types of heart diseases, supporting its proper functioning and promoting longevity. This is a good blood thinner, which at the same time allows you to maintain normal blood clotting. Cleanses the blood, lowers cholesterol.<\/p>\n<p><strong>Action:<\/strong> Arjuna balances the Kapha and Pitta dosha and restores the balance of the body. Helps with diseases and disorders related to the heart. It stimulates blood circulation, cleanses the blood, and lowers cholesterol.<br \/>\n<strong>Container:<\/strong> 120 tablets<br \/>\n<strong>Fate:<\/strong> for diabetics, good health<\/p>","protected":false},"featured_media":134459,"comment_status":"closed","ping_status":"closed","template":"","meta":{"_acf_changed":false,"site-sidebar-layout":"default","site-content-layout":"","ast-site-content-layout":"default","site-content-style":"default","site-sidebar-style":"default","ast-global-header-display":"","ast-banner-title-visibility":"","ast-main-header-display":"","ast-hfb-above-header-display":"","ast-hfb-below-header-display":"","ast-hfb-mobile-header-display":"","site-post-title":"","ast-breadcrumbs-content":"","ast-featured-img":"","footer-sml-layout":"","ast-disable-related-posts":"","theme-transparent-header-meta":"","adv-header-id-meta":"","stick-header-meta":"","header-above-stick-meta":"","header-main-stick-meta":"","header-below-stick-meta":"","astra-migrate-meta-layouts":"default","ast-page-background-enabled":"default","ast-page-background-meta":{"desktop":{"background-color":"var(--ast-global-color-5)","background-image":"","background-repeat":"repeat","background-position":"center center","background-size":"auto","background-attachment":"scroll","background-type":"","background-media":"","overlay-type":"","overlay-color":"","overlay-opacity":"","overlay-gradient":""},"tablet":{"background-color":"","background-image":"","background-repeat":"repeat","background-position":"center center","background-size":"auto","background-attachment":"scroll","background-type":"","background-media":"","overlay-type":"","overlay-color":"","overlay-opacity":"","overlay-gradient":""},"mobile":{"background-color":"","background-image":"","background-repeat":"repeat","background-position":"center center","background-size":"auto","background-attachment":"scroll","background-type":"","background-media":"","overlay-type":"","overlay-color":"","overlay-opacity":"","overlay-gradient":""}},"ast-content-background-meta":{"desktop":{"background-color":"var(--ast-global-color-4)","background-image":"","background-repeat":"repeat","background-position":"center center","background-size":"auto","background-attachment":"scroll","background-type":"","background-media":"","overlay-type":"","overlay-color":"","overlay-opacity":"","overlay-gradient":""},"tablet":{"background-color":"var(--ast-global-color-4)","background-image":"","background-repeat":"repeat","background-position":"center center","background-size":"auto","background-attachment":"scroll","background-type":"","background-media":"","overlay-type":"","overlay-color":"","overlay-opacity":"","overlay-gradient":""},"mobile":{"background-color":"var(--ast-global-color-4)","background-image":"","background-repeat":"repeat","background-position":"center center","background-size":"auto","background-attachment":"scroll","background-type":"","background-media":"","overlay-type":"","overlay-color":"","overlay-opacity":"","overlay-gradient":""}}},"product_brand":[],"product_cat":[639],"product_tag":[318,396,395,397,244,386,319,391,398,394,366,393],"class_list":{"0":"post-54894","1":"product","2":"type-product","3":"status-publish","4":"has-post-thumbnail","6":"product_cat-suplementy","7":"product_tag-arjuna","8":"product_tag-cholesterol","9":"product_tag-cisnienie-tetnicze","10":"product_tag-cukrzyca","11":"product_tag-holistyczna-pielegancja","12":"product_tag-medycyna-ajurwedyjska","13":"product_tag-migdalecznik","14":"product_tag-nadcisnienie-tetnicze","15":"product_tag-otylosc","16":"product_tag-serce","17":"product_tag-uklad-krazenia","18":"product_tag-wzmocnienie-serca","19":"desktop-align-left","20":"tablet-align-left","21":"mobile-align-left","23":"first","24":"instock","25":"taxable","26":"shipping-taxable","27":"purchasable","28":"product-type-simple"},"acf":[],"yoast_head":"<!-- This site is optimized with the Yoast SEO plugin v27.1.1 - https:\/\/yoast.com\/product\/yoast-seo-wordpress\/ -->\n<title>Tabletki Arjuna JIVA \u2022 wzmocnienie serca \u2022 120 tabletek | Joga Pi\u0119kna | Naturalne odm\u0142adzanie<\/title>\n<meta name=\"description\" content=\"Tabletki Jiva Ajruna, kt\u00f3rych g\u0142\u00f3wnym sk\u0142adnikiem jest migda\u0142ecznik Arjuna, kompleksowo dzia\u0142aj\u0105 na jeden z najwa\u017cniejszych i najbardziej wymagaj\u0105cych organ\u00f3w w ciele cz\u0142owieka, czyli na serce. Oferowane przez nasz sklep tabletki wzmacniaj\u0105 mi\u0119sie\u0144 sercowy, reguluj\u0105 prac\u0119 serca oraz pomagaj\u0105 w kontrolowaniu ci\u015bnienia t\u0119tniczego krwi. Arjuna dodatkowo j\u0105 oczyszcza, co z ca\u0142\u0105 pewno\u015bci\u0105 pozytywnie odbije si\u0119 na Twoim zdrowiu oraz samopoczuciu. Zweryfikuj r\u00f3wnie\u017c pozosta\u0142e w\u0142a\u015bciwo\u015bci, jakimi charakteryzuj\u0105 si\u0119 tabletki Arjuna. Mowa tutaj o obni\u017ceniu poziomu cholesterolu oraz normalizacji funkcjonowania uk\u0142adu kr\u0105\u017cenia w organizmie cz\u0142owieka.\" \/>\n<meta name=\"robots\" content=\"index, follow, max-snippet:-1, max-image-preview:large, max-video-preview:-1\" \/>\n<link rel=\"canonical\" href=\"https:\/\/dev1.jogapiekna.com\/en\/product\/arjuna-jiva\/\" \/>\n<meta property=\"og:locale\" content=\"en_GB\" \/>\n<meta property=\"og:type\" content=\"article\" \/>\n<meta property=\"og:title\" content=\"Tabletki Arjuna JIVA \u2022 wzmocnienie serca \u2022 120 tabletek | Joga Pi\u0119kna | Naturalne odm\u0142adzanie\" \/>\n<meta property=\"og:description\" content=\"Tabletki Jiva Ajruna, kt\u00f3rych g\u0142\u00f3wnym sk\u0142adnikiem jest migda\u0142ecznik Arjuna, kompleksowo dzia\u0142aj\u0105 na jeden z najwa\u017cniejszych i najbardziej wymagaj\u0105cych organ\u00f3w w ciele cz\u0142owieka, czyli na serce. Oferowane przez nasz sklep tabletki wzmacniaj\u0105 mi\u0119sie\u0144 sercowy, reguluj\u0105 prac\u0119 serca oraz pomagaj\u0105 w kontrolowaniu ci\u015bnienia t\u0119tniczego krwi. Arjuna dodatkowo j\u0105 oczyszcza, co z ca\u0142\u0105 pewno\u015bci\u0105 pozytywnie odbije si\u0119 na Twoim zdrowiu oraz samopoczuciu. Zweryfikuj r\u00f3wnie\u017c pozosta\u0142e w\u0142a\u015bciwo\u015bci, jakimi charakteryzuj\u0105 si\u0119 tabletki Arjuna. Mowa tutaj o obni\u017ceniu poziomu cholesterolu oraz normalizacji funkcjonowania uk\u0142adu kr\u0105\u017cenia w organizmie cz\u0142owieka.\" \/>\n<meta property=\"og:url\" content=\"https:\/\/dev1.jogapiekna.com\/en\/product\/arjuna-jiva\/\" \/>\n<meta property=\"og:site_name\" content=\"JOGA PI\u0118KNA | Joga Twarzy\" \/>\n<meta property=\"article:publisher\" content=\"https:\/\/www.facebook.com\/JogaPieknaCom\/\" \/>\n<meta property=\"article:modified_time\" content=\"2026-03-03T17:55:57+00:00\" \/>\n<meta property=\"og:image\" content=\"https:\/\/dev1.jogapiekna.com\/wp-content\/uploads\/2021\/07\/ARJUNA_120-tabletek_jogapiekna_suplementy-jiva-nowe-opakowanie.jpg\" \/>\n\t<meta property=\"og:image:width\" content=\"1000\" \/>\n\t<meta property=\"og:image:height\" content=\"1000\" \/>\n\t<meta property=\"og:image:type\" content=\"image\/jpeg\" \/>\n<meta name=\"twitter:card\" content=\"summary_large_image\" \/>\n<meta name=\"twitter:label1\" content=\"Estimated reading time\" \/>\n\t<meta name=\"twitter:data1\" content=\"2 minutes\" \/>\n<script type=\"application\/ld+json\" class=\"yoast-schema-graph\">{\"@context\":\"https:\/\/schema.org\",\"@graph\":[{\"@type\":\"WebPage\",\"@id\":\"https:\/\/dev1.jogapiekna.com\/produkt\/arjuna-jiva\/\",\"url\":\"https:\/\/dev1.jogapiekna.com\/produkt\/arjuna-jiva\/\",\"name\":\"Tabletki Arjuna JIVA \u2022 wzmocnienie serca \u2022 120 tabletek | Joga Pi\u0119kna | Naturalne odm\u0142adzanie\",\"isPartOf\":{\"@id\":\"https:\/\/dev1.jogapiekna.com\/#website\"},\"primaryImageOfPage\":{\"@id\":\"https:\/\/dev1.jogapiekna.com\/produkt\/arjuna-jiva\/#primaryimage\"},\"image\":{\"@id\":\"https:\/\/dev1.jogapiekna.com\/produkt\/arjuna-jiva\/#primaryimage\"},\"thumbnailUrl\":\"https:\/\/dev1.jogapiekna.com\/wp-content\/uploads\/2021\/07\/ARJUNA_120-tabletek_jogapiekna_suplementy-jiva-nowe-opakowanie.jpg\",\"datePublished\":\"2021-07-19T21:54:15+00:00\",\"dateModified\":\"2026-03-03T17:55:57+00:00\",\"description\":\"Tabletki Jiva Ajruna, kt\u00f3rych g\u0142\u00f3wnym sk\u0142adnikiem jest migda\u0142ecznik Arjuna, kompleksowo dzia\u0142aj\u0105 na jeden z najwa\u017cniejszych i najbardziej wymagaj\u0105cych organ\u00f3w w ciele cz\u0142owieka, czyli na serce. Oferowane przez nasz sklep tabletki wzmacniaj\u0105 mi\u0119sie\u0144 sercowy, reguluj\u0105 prac\u0119 serca oraz pomagaj\u0105 w kontrolowaniu ci\u015bnienia t\u0119tniczego krwi. Arjuna dodatkowo j\u0105 oczyszcza, co z ca\u0142\u0105 pewno\u015bci\u0105 pozytywnie odbije si\u0119 na Twoim zdrowiu oraz samopoczuciu. Zweryfikuj r\u00f3wnie\u017c pozosta\u0142e w\u0142a\u015bciwo\u015bci, jakimi charakteryzuj\u0105 si\u0119 tabletki Arjuna. Mowa tutaj o obni\u017ceniu poziomu cholesterolu oraz normalizacji funkcjonowania uk\u0142adu kr\u0105\u017cenia w organizmie cz\u0142owieka.\",\"breadcrumb\":{\"@id\":\"https:\/\/dev1.jogapiekna.com\/produkt\/arjuna-jiva\/#breadcrumb\"},\"inLanguage\":\"en-GB\",\"potentialAction\":[{\"@type\":\"ReadAction\",\"target\":[\"https:\/\/dev1.jogapiekna.com\/produkt\/arjuna-jiva\/\"]}]},{\"@type\":\"ImageObject\",\"inLanguage\":\"en-GB\",\"@id\":\"https:\/\/dev1.jogapiekna.com\/produkt\/arjuna-jiva\/#primaryimage\",\"url\":\"https:\/\/dev1.jogapiekna.com\/wp-content\/uploads\/2021\/07\/ARJUNA_120-tabletek_jogapiekna_suplementy-jiva-nowe-opakowanie.jpg\",\"contentUrl\":\"https:\/\/dev1.jogapiekna.com\/wp-content\/uploads\/2021\/07\/ARJUNA_120-tabletek_jogapiekna_suplementy-jiva-nowe-opakowanie.jpg\",\"width\":1000,\"height\":1000,\"caption\":\"Tabletki Arjuna JIVA \u2022 wzmocnienie serca \u2022 120 tabletek\"},{\"@type\":\"BreadcrumbList\",\"@id\":\"https:\/\/dev1.jogapiekna.com\/produkt\/arjuna-jiva\/#breadcrumb\",\"itemListElement\":[{\"@type\":\"ListItem\",\"position\":1,\"name\":\"Strona g\u0142\u00f3wna\",\"item\":\"https:\/\/dev1.jogapiekna.com\/\"},{\"@type\":\"ListItem\",\"position\":2,\"name\":\"Sklep\",\"item\":\"https:\/\/dev1.jogapiekna.com\/sklep\/\"},{\"@type\":\"ListItem\",\"position\":3,\"name\":\"Tabletki Arjuna JIVA \u2022 wzmocnienie serca \u2022 120 tabletek\"}]},{\"@type\":\"WebSite\",\"@id\":\"https:\/\/dev1.jogapiekna.com\/#website\",\"url\":\"https:\/\/dev1.jogapiekna.com\/\",\"name\":\"Joga Pi\u0119kna Marta Kuci\u0144ska\",\"description\":\"Joga Pi\u0119kna pomaga kobietom zachowa\u0107 urod\u0119, cofn\u0105\u0107 oznaki up\u0142ywaj\u0105cego czasu i zm\u0119czenia, odzyska\u0107 promienny wygl\u0105d, naturalny u\u015bmiech i popraw\u0119 w\u0142asnej samooceny.\",\"publisher\":{\"@id\":\"https:\/\/dev1.jogapiekna.com\/#organization\"},\"potentialAction\":[{\"@type\":\"SearchAction\",\"target\":{\"@type\":\"EntryPoint\",\"urlTemplate\":\"https:\/\/dev1.jogapiekna.com\/?s={search_term_string}\"},\"query-input\":{\"@type\":\"PropertyValueSpecification\",\"valueRequired\":true,\"valueName\":\"search_term_string\"}}],\"inLanguage\":\"en-GB\"},{\"@type\":\"Organization\",\"@id\":\"https:\/\/dev1.jogapiekna.com\/#organization\",\"name\":\"Joga Pi\u0119kna Marta Kuci\u0144ska\",\"url\":\"https:\/\/dev1.jogapiekna.com\/\",\"logo\":{\"@type\":\"ImageObject\",\"inLanguage\":\"en-GB\",\"@id\":\"https:\/\/dev1.jogapiekna.com\/#\/schema\/logo\/image\/\",\"url\":\"https:\/\/dev1.jogapiekna.com\/wp-content\/uploads\/2022\/09\/joga-piekna-logo_Rka.png\",\"contentUrl\":\"https:\/\/dev1.jogapiekna.com\/wp-content\/uploads\/2022\/09\/joga-piekna-logo_Rka.png\",\"width\":231,\"height\":124,\"caption\":\"Joga Pi\u0119kna Marta Kuci\u0144ska\"},\"image\":{\"@id\":\"https:\/\/dev1.jogapiekna.com\/#\/schema\/logo\/image\/\"},\"sameAs\":[\"https:\/\/www.facebook.com\/JogaPieknaCom\/\",\"https:\/\/www.instagram.com\/jogapieknacom\/\"]}]}<\/script>\n<!-- \/ Yoast SEO plugin. -->","yoast_head_json":{"title":"Tabletki Arjuna JIVA \u2022 wzmocnienie serca \u2022 120 tabletek | Joga Pi\u0119kna | Naturalne odm\u0142adzanie","description":"Jiva Ajruna tablets, the main component of which is the amygdala Arjuna, comprehensively affect one of the most important and demanding organs in the human body, that is, the heart. The pills offered by our store strengthen the heart muscle, regulate the heart and help control blood pressure. Arjuna additionally cleanses it, which will certainly have a positive effect on your health and well-being. Also check out other properties that characterize Arjuna pills. We are talking about lowering cholesterol levels and normalizing the functioning of the cardiovascular system in the human body.","robots":{"index":"index","follow":"follow","max-snippet":"max-snippet:-1","max-image-preview":"max-image-preview:large","max-video-preview":"max-video-preview:-1"},"canonical":"https:\/\/dev1.jogapiekna.com\/en\/product\/arjuna-jiva\/","og_locale":"en_GB","og_type":"article","og_title":"Tabletki Arjuna JIVA \u2022 wzmocnienie serca \u2022 120 tabletek | Joga Pi\u0119kna | Naturalne odm\u0142adzanie","og_description":"Tabletki Jiva Ajruna, kt\u00f3rych g\u0142\u00f3wnym sk\u0142adnikiem jest migda\u0142ecznik Arjuna, kompleksowo dzia\u0142aj\u0105 na jeden z najwa\u017cniejszych i najbardziej wymagaj\u0105cych organ\u00f3w w ciele cz\u0142owieka, czyli na serce. Oferowane przez nasz sklep tabletki wzmacniaj\u0105 mi\u0119sie\u0144 sercowy, reguluj\u0105 prac\u0119 serca oraz pomagaj\u0105 w kontrolowaniu ci\u015bnienia t\u0119tniczego krwi. Arjuna dodatkowo j\u0105 oczyszcza, co z ca\u0142\u0105 pewno\u015bci\u0105 pozytywnie odbije si\u0119 na Twoim zdrowiu oraz samopoczuciu. Zweryfikuj r\u00f3wnie\u017c pozosta\u0142e w\u0142a\u015bciwo\u015bci, jakimi charakteryzuj\u0105 si\u0119 tabletki Arjuna. Mowa tutaj o obni\u017ceniu poziomu cholesterolu oraz normalizacji funkcjonowania uk\u0142adu kr\u0105\u017cenia w organizmie cz\u0142owieka.","og_url":"https:\/\/dev1.jogapiekna.com\/en\/product\/arjuna-jiva\/","og_site_name":"JOGA PI\u0118KNA | Joga Twarzy","article_publisher":"https:\/\/www.facebook.com\/JogaPieknaCom\/","article_modified_time":"2026-03-03T17:55:57+00:00","og_image":[{"width":1000,"height":1000,"url":"https:\/\/dev1.jogapiekna.com\/wp-content\/uploads\/2021\/07\/ARJUNA_120-tabletek_jogapiekna_suplementy-jiva-nowe-opakowanie.jpg","type":"image\/jpeg"}],"twitter_card":"summary_large_image","twitter_misc":{"Estimated reading time":"2 minutes"},"schema":{"@context":"https:\/\/schema.org","@graph":[{"@type":"WebPage","@id":"https:\/\/dev1.jogapiekna.com\/produkt\/arjuna-jiva\/","url":"https:\/\/dev1.jogapiekna.com\/produkt\/arjuna-jiva\/","name":"Tabletki Arjuna JIVA \u2022 wzmocnienie serca \u2022 120 tabletek | Joga Pi\u0119kna | Naturalne odm\u0142adzanie","isPartOf":{"@id":"https:\/\/dev1.jogapiekna.com\/#website"},"primaryImageOfPage":{"@id":"https:\/\/dev1.jogapiekna.com\/produkt\/arjuna-jiva\/#primaryimage"},"image":{"@id":"https:\/\/dev1.jogapiekna.com\/produkt\/arjuna-jiva\/#primaryimage"},"thumbnailUrl":"https:\/\/dev1.jogapiekna.com\/wp-content\/uploads\/2021\/07\/ARJUNA_120-tabletek_jogapiekna_suplementy-jiva-nowe-opakowanie.jpg","datePublished":"2021-07-19T21:54:15+00:00","dateModified":"2026-03-03T17:55:57+00:00","description":"Jiva Ajruna tablets, the main component of which is the amygdala Arjuna, comprehensively affect one of the most important and demanding organs in the human body, that is, the heart. The pills offered by our store strengthen the heart muscle, regulate the heart and help control blood pressure. Arjuna additionally cleanses it, which will certainly have a positive effect on your health and well-being. Also check out other properties that characterize Arjuna pills. We are talking about lowering cholesterol levels and normalizing the functioning of the cardiovascular system in the human body.","breadcrumb":{"@id":"https:\/\/dev1.jogapiekna.com\/produkt\/arjuna-jiva\/#breadcrumb"},"inLanguage":"en-GB","potentialAction":[{"@type":"ReadAction","target":["https:\/\/dev1.jogapiekna.com\/produkt\/arjuna-jiva\/"]}]},{"@type":"ImageObject","inLanguage":"en-GB","@id":"https:\/\/dev1.jogapiekna.com\/produkt\/arjuna-jiva\/#primaryimage","url":"https:\/\/dev1.jogapiekna.com\/wp-content\/uploads\/2021\/07\/ARJUNA_120-tabletek_jogapiekna_suplementy-jiva-nowe-opakowanie.jpg","contentUrl":"https:\/\/dev1.jogapiekna.com\/wp-content\/uploads\/2021\/07\/ARJUNA_120-tabletek_jogapiekna_suplementy-jiva-nowe-opakowanie.jpg","width":1000,"height":1000,"caption":"Tabletki Arjuna JIVA \u2022 wzmocnienie serca \u2022 120 tabletek"},{"@type":"BreadcrumbList","@id":"https:\/\/dev1.jogapiekna.com\/produkt\/arjuna-jiva\/#breadcrumb","itemListElement":[{"@type":"ListItem","position":1,"name":"Strona g\u0142\u00f3wna","item":"https:\/\/dev1.jogapiekna.com\/"},{"@type":"ListItem","position":2,"name":"Sklep","item":"https:\/\/dev1.jogapiekna.com\/sklep\/"},{"@type":"ListItem","position":3,"name":"Tabletki Arjuna JIVA \u2022 wzmocnienie serca \u2022 120 tabletek"}]},{"@type":"WebSite","@id":"https:\/\/dev1.jogapiekna.com\/#website","url":"https:\/\/dev1.jogapiekna.com\/","name":"Yoga Beauty Marta Kuci\u0144ska","description":"Beauty Yoga helps women to maintain their beauty, reverse the signs of passing time and fatigue, regain a radiant appearance, natural smile and improve their self-esteem.","publisher":{"@id":"https:\/\/dev1.jogapiekna.com\/#organization"},"potentialAction":[{"@type":"SearchAction","target":{"@type":"EntryPoint","urlTemplate":"https:\/\/dev1.jogapiekna.com\/?s={search_term_string}"},"query-input":{"@type":"PropertyValueSpecification","valueRequired":true,"valueName":"search_term_string"}}],"inLanguage":"en-GB"},{"@type":"Organization","@id":"https:\/\/dev1.jogapiekna.com\/#organization","name":"Yoga Beauty Marta Kuci\u0144ska","url":"https:\/\/dev1.jogapiekna.com\/","logo":{"@type":"ImageObject","inLanguage":"en-GB","@id":"https:\/\/dev1.jogapiekna.com\/#\/schema\/logo\/image\/","url":"https:\/\/dev1.jogapiekna.com\/wp-content\/uploads\/2022\/09\/joga-piekna-logo_Rka.png","contentUrl":"https:\/\/dev1.jogapiekna.com\/wp-content\/uploads\/2022\/09\/joga-piekna-logo_Rka.png","width":231,"height":124,"caption":"Joga Pi\u0119kna Marta Kuci\u0144ska"},"image":{"@id":"https:\/\/dev1.jogapiekna.com\/#\/schema\/logo\/image\/"},"sameAs":["https:\/\/www.facebook.com\/JogaPieknaCom\/","https:\/\/www.instagram.com\/jogapieknacom\/"]}]}},"_links":{"self":[{"href":"https:\/\/dev1.jogapiekna.com\/en\/wp-json\/wp\/v2\/product\/54894","targetHints":{"allow":["GET"]}}],"collection":[{"href":"https:\/\/dev1.jogapiekna.com\/en\/wp-json\/wp\/v2\/product"}],"about":[{"href":"https:\/\/dev1.jogapiekna.com\/en\/wp-json\/wp\/v2\/types\/product"}],"replies":[{"embeddable":true,"href":"https:\/\/dev1.jogapiekna.com\/en\/wp-json\/wp\/v2\/comments?post=54894"}],"version-history":[{"count":2,"href":"https:\/\/dev1.jogapiekna.com\/en\/wp-json\/wp\/v2\/product\/54894\/revisions"}],"predecessor-version":[{"id":88176,"href":"https:\/\/dev1.jogapiekna.com\/en\/wp-json\/wp\/v2\/product\/54894\/revisions\/88176"}],"wp:featuredmedia":[{"embeddable":true,"href":"https:\/\/dev1.jogapiekna.com\/en\/wp-json\/wp\/v2\/media\/134459"}],"wp:attachment":[{"href":"https:\/\/dev1.jogapiekna.com\/en\/wp-json\/wp\/v2\/media?parent=54894"}],"wp:term":[{"taxonomy":"product_brand","embeddable":true,"href":"https:\/\/dev1.jogapiekna.com\/en\/wp-json\/wp\/v2\/product_brand?post=54894"},{"taxonomy":"product_cat","embeddable":true,"href":"https:\/\/dev1.jogapiekna.com\/en\/wp-json\/wp\/v2\/product_cat?post=54894"},{"taxonomy":"product_tag","embeddable":true,"href":"https:\/\/dev1.jogapiekna.com\/en\/wp-json\/wp\/v2\/product_tag?post=54894"}],"curies":[{"name":"wp","href":"https:\/\/api.w.org\/{rel}","templated":true}]}}