{"id":50117,"date":"2021-06-10T13:40:08","date_gmt":"2021-06-10T11:40:08","guid":{"rendered":"https:\/\/dev1.jogapiekna.com?post_type=product&#038;p=50117"},"modified":"2026-03-11T14:04:19","modified_gmt":"2026-03-11T13:04:19","slug":"zestaw-duzy-masazer-gua-sha-kwarc-rozowy-maly-masazer-gua-sha-obsydian-czarny","status":"publish","type":"product","link":"https:\/\/dev1.jogapiekna.com\/en\/product\/zestaw-duzy-masazer-gua-sha-kwarc-rozowy-maly-masazer-gua-sha-obsydian-czarny\/","title":{"rendered":"Gua sha Set: large rose quartz + small black obsidian"},"content":{"rendered":"<p>Take care of the good condition of your skin by giving regular gua sha massages. Use for this purpose <strong>set of natural gemstones<\/strong> - rose quartz and black obsidian. Gua sha massage is derived from traditional Chinese therapeutic massage. Recently, it has been gaining popularity again. It consists of scraping the skin, which stimulates blood and lymph circulation. As a result, the skin becomes uniform, elastic and taut. Fine wrinkles are smoothed out, the only thing that is important is the regularity and selection of suitable stones.<\/p>\n<p>&nbsp;<\/p>\n<h3>LARGE ROSE QUARTZ GUA SHA MASSAGER<\/h3>\n<p>Large natural massage stone gua sha is made by hand from natural stone-rose quartz. <strong>Thanks to the large size of the plate, you can quickly massage most of your face or body.<\/strong><\/p>\n<p>The gua sha massager is a gift from nature that will not be 100% perfect (it may have small defects and color deviation).<\/p>\n<p><strong>Rose Quartz<\/strong> this is a stone from the group of semiprecious stones. This especially eases complaints related to cardiovascular and heart diseases. Improves the immune system. Improves memory and adds energy. Helps in the treatment of migraines and other headaches. It has a therapeutic effect on the psychophysical state-relieves anxiety, internal tension and nervousness, and also reduces stress.<\/p>\n<p>&nbsp;<\/p>\n<h3>SMALL BLACK OBSIDIAN GUA SHA MASSAGER<\/h3>\n<p>The smaller gua sha stone is handmade from black obsidian. Black obsidian is a natural mineral. It protects us from bad energy. Supports gentle and sensitive people. It gives you courage and self-confidence. Helps to get rid of bad emotions.<\/p>\n<p>&nbsp;<\/p>\n<h2>Effects of Gua Sha Stone Massage<\/h2>\n<ul>\n<li>reduces the negative impact of stress<\/li>\n<li>models the face and reduces massaged areas on the body<\/li>\n<li>getting rid of fatigue and negative emotions<\/li>\n<li>improves the contour of the face<\/li>\n<li>naturally stimulates collagen synthesis<\/li>\n<li>strongly strengthens the skin<\/li>\n<li>restores the balance of stressed people<\/li>\n<li>stimulates blood and lymph circulation<\/li>\n<\/ul>\n<p>&nbsp;<\/p>\n<h2>How to prepare your skin for a gua sha stone massage?<\/h2>\n<p>Before starting the massage, it is necessary to thoroughly clean the skin of the face and decollete. To get a massage, apply a serum \/ oil or your favorite moisturizer. We can also use essential oils for massage.<\/p>\n<p>&nbsp;<\/p>\n<h2>Contraindications to gua sha massage<\/h2>\n<ul>\n<li>damaged skin<\/li>\n<li>damaged veins<\/li>\n<li>highly capillary skin<\/li>\n<li>moles<\/li>\n<li>cuts and bruises<\/li>\n<li>extensive acne lesions<\/li>\n<li>rosacea in the active phase<\/li>\n<li>cancer diseases<\/li>\n<\/ul>\n<p>&nbsp;<\/p>\n<h2>Gua sha Stones \u2013 how to clean them<\/h2>\n<p>After the massage, wash the stones with warm water and soap. From time to time, you should additionally soak them in salt water and expose them to sunlight (at least 10 minutes). This allows you to charge them and clear them of negative energy.<\/p>\n<p>&nbsp;<\/p>\n<h2>Which way should I direct the gua sha stones?<\/h2>\n<p>The massage starts each time from the upper parts of the face, gradually going down in accordance with the direction of the arrows \u2013 <strong>Figure 1<\/strong> and according to the numbered stages.<\/p>\n<p><img decoding=\"async\" class=\"alignleft size-full wp-image-10664\" src=\"https:\/\/dev1.jogapiekna.comwp-content\/uploads\/2022\/08\/masaz-twarzy_Gua-Sha.jpg\" alt=\"Jak wykona\u0107 masa\u017c Gua-Sha za pomoc\u0105 zestawu naturalnych kamieni\" width=\"\u201e399\u201d\" height=\"\u201e600\u201d\" \/><\/p>\n<p>\u2014<br \/>\nFor more information about gua sha massage techniques, visit my Youtube channel:<\/p>\n<p><strong><a href=\"https:\/\/www.youtube.com\/watch?v=97W6rL5zEXQ\" target=\"_blank\" rel=\"noopener\">Lifting and rejuvenating facial massage gua sha<\/a><\/strong><br \/>\n<strong><a href=\"https:\/\/www.youtube.com\/watch?v=B7ozY52tXpo\" target=\"_blank\" rel=\"noopener\">Massage with gua sha to reduce lion wrinkles<\/a><\/strong><br \/>\n<strong><a href=\"https:\/\/www.youtube.com\/watch?v=LHPaqjpKXEA\" target=\"_blank\" rel=\"noopener\">Reducing puffiness around the eyes with gua sha<\/a><\/strong><br \/>\n<strong><a href=\"https:\/\/www.youtube.com\/watch?v=8ORiaLgEwu8&amp;list=PL3hHGTCx5OYDQ5ZeJh_AniYwymJNeip6h&amp;index=34\" target=\"_blank\" rel=\"noopener\">Gua sha massage-what do you need to perform it?<\/a><\/strong><\/p>","protected":false},"excerpt":{"rendered":"<p>Two gua sha stones are included. They are ideal for natural facial massages that strengthen the skin, reduce puffiness, and stimulate blood and lymph circulation. Regular massages rejuvenate the skin, model and soften the face. See for yourself! The set includes 2 natural gemstones, in 2 sizes: smaller and larger.<\/p>\n<p><strong>Gua Sha Massage Kit Specifications:<\/strong><br \/>\n* 2 natural massage stones<br \/>\n* The large tile is made of rose quartz, size: 11cm x 6.5 cm x 0.5 cm (+\/- 0.2 cm)<br \/>\n- The small tile is made of natural black obsidian, size: 8.0 cm x 5.3 cm x 0.8 cm (+\/- 0.2 cm)<\/p>","protected":false},"featured_media":202159,"comment_status":"closed","ping_status":"closed","template":"","meta":{"_acf_changed":false,"site-sidebar-layout":"default","site-content-layout":"","ast-site-content-layout":"default","site-content-style":"default","site-sidebar-style":"default","ast-global-header-display":"","ast-banner-title-visibility":"","ast-main-header-display":"","ast-hfb-above-header-display":"","ast-hfb-below-header-display":"","ast-hfb-mobile-header-display":"","site-post-title":"","ast-breadcrumbs-content":"","ast-featured-img":"","footer-sml-layout":"","ast-disable-related-posts":"","theme-transparent-header-meta":"","adv-header-id-meta":"","stick-header-meta":"","header-above-stick-meta":"","header-main-stick-meta":"","header-below-stick-meta":"","astra-migrate-meta-layouts":"default","ast-page-background-enabled":"default","ast-page-background-meta":{"desktop":{"background-color":"var(--ast-global-color-5)","background-image":"","background-repeat":"repeat","background-position":"center center","background-size":"auto","background-attachment":"scroll","background-type":"","background-media":"","overlay-type":"","overlay-color":"","overlay-opacity":"","overlay-gradient":""},"tablet":{"background-color":"","background-image":"","background-repeat":"repeat","background-position":"center center","background-size":"auto","background-attachment":"scroll","background-type":"","background-media":"","overlay-type":"","overlay-color":"","overlay-opacity":"","overlay-gradient":""},"mobile":{"background-color":"","background-image":"","background-repeat":"repeat","background-position":"center center","background-size":"auto","background-attachment":"scroll","background-type":"","background-media":"","overlay-type":"","overlay-color":"","overlay-opacity":"","overlay-gradient":""}},"ast-content-background-meta":{"desktop":{"background-color":"var(--ast-global-color-4)","background-image":"","background-repeat":"repeat","background-position":"center center","background-size":"auto","background-attachment":"scroll","background-type":"","background-media":"","overlay-type":"","overlay-color":"","overlay-opacity":"","overlay-gradient":""},"tablet":{"background-color":"var(--ast-global-color-4)","background-image":"","background-repeat":"repeat","background-position":"center center","background-size":"auto","background-attachment":"scroll","background-type":"","background-media":"","overlay-type":"","overlay-color":"","overlay-opacity":"","overlay-gradient":""},"mobile":{"background-color":"var(--ast-global-color-4)","background-image":"","background-repeat":"repeat","background-position":"center center","background-size":"auto","background-attachment":"scroll","background-type":"","background-media":"","overlay-type":"","overlay-color":"","overlay-opacity":"","overlay-gradient":""}}},"product_brand":[],"product_cat":[21,610,305],"product_tag":[41,208,225,260,60,307,256,255],"class_list":{"0":"post-50117","1":"product","2":"type-product","3":"status-publish","4":"has-post-thumbnail","6":"product_cat-akcesoria","7":"product_cat-masaz-twarzy-i-szyi","8":"product_cat-zestawy","9":"product_tag-joga-twarzy","10":"product_tag-kamien-gua-sha","11":"product_tag-kwarc-rozowy","12":"product_tag-masaz-twarzy","13":"product_tag-masazer-do-twarzy","14":"product_tag-obsydian-czarny","15":"product_tag-pielegnacja-skory","16":"product_tag-pielegnacja-twarzy","17":"desktop-align-left","18":"tablet-align-left","19":"mobile-align-left","21":"first","22":"instock","23":"sale","24":"taxable","25":"shipping-taxable","26":"purchasable","27":"product-type-simple"},"acf":[],"yoast_head":"<!-- This site is optimized with the Yoast SEO plugin v27.1.1 - https:\/\/yoast.com\/product\/yoast-seo-wordpress\/ -->\n<title>Kamienie Gua-Sha w zestawie: kwarc i obsydian<\/title>\n<meta name=\"description\" content=\"Dwa kamienie Gua-Sha sprzedawane w jednym zestawie. R\u00f3\u017cowy kwarc i obsydian. Idealne na prezent lub do codziennego, odm\u0142adzaj\u0105cego masa\u017cu twarzy.\" \/>\n<meta name=\"robots\" content=\"index, follow, max-snippet:-1, max-image-preview:large, max-video-preview:-1\" \/>\n<link rel=\"canonical\" href=\"https:\/\/dev1.jogapiekna.com\/en\/product\/zestaw-duzy-masazer-gua-sha-kwarc-rozowy-maly-masazer-gua-sha-obsydian-czarny\/\" \/>\n<meta property=\"og:locale\" content=\"en_GB\" \/>\n<meta property=\"og:type\" content=\"article\" \/>\n<meta property=\"og:title\" content=\"Kamienie Gua-Sha w zestawie: kwarc i obsydian\" \/>\n<meta property=\"og:description\" content=\"Dwa kamienie Gua-Sha sprzedawane w jednym zestawie. R\u00f3\u017cowy kwarc i obsydian. Idealne na prezent lub do codziennego, odm\u0142adzaj\u0105cego masa\u017cu twarzy.\" \/>\n<meta property=\"og:url\" content=\"https:\/\/dev1.jogapiekna.com\/en\/product\/zestaw-duzy-masazer-gua-sha-kwarc-rozowy-maly-masazer-gua-sha-obsydian-czarny\/\" \/>\n<meta property=\"og:site_name\" content=\"JOGA PI\u0118KNA | Joga Twarzy\" \/>\n<meta property=\"article:publisher\" content=\"https:\/\/www.facebook.com\/JogaPieknaCom\/\" \/>\n<meta property=\"article:modified_time\" content=\"2026-03-11T13:04:19+00:00\" \/>\n<meta property=\"og:image\" content=\"https:\/\/dev1.jogapiekna.com\/wp-content\/uploads\/2021\/06\/Zestaw-Gua-Sha-duzy-kwarc-rozowy-maly-czarny-obsydian-guasha_2025.jpg\" \/>\n\t<meta property=\"og:image:width\" content=\"1000\" \/>\n\t<meta property=\"og:image:height\" content=\"1000\" \/>\n\t<meta property=\"og:image:type\" content=\"image\/jpeg\" \/>\n<meta name=\"twitter:card\" content=\"summary_large_image\" \/>\n<meta name=\"twitter:label1\" content=\"Estimated reading time\" \/>\n\t<meta name=\"twitter:data1\" content=\"3 minutes\" \/>\n<script type=\"application\/ld+json\" class=\"yoast-schema-graph\">{\"@context\":\"https:\/\/schema.org\",\"@graph\":[{\"@type\":\"WebPage\",\"@id\":\"https:\/\/dev1.jogapiekna.com\/produkt\/zestaw-duzy-masazer-gua-sha-kwarc-rozowy-maly-masazer-gua-sha-obsydian-czarny\/\",\"url\":\"https:\/\/dev1.jogapiekna.com\/produkt\/zestaw-duzy-masazer-gua-sha-kwarc-rozowy-maly-masazer-gua-sha-obsydian-czarny\/\",\"name\":\"Kamienie Gua-Sha w zestawie: kwarc i obsydian\",\"isPartOf\":{\"@id\":\"https:\/\/dev1.jogapiekna.com\/#website\"},\"primaryImageOfPage\":{\"@id\":\"https:\/\/dev1.jogapiekna.com\/produkt\/zestaw-duzy-masazer-gua-sha-kwarc-rozowy-maly-masazer-gua-sha-obsydian-czarny\/#primaryimage\"},\"image\":{\"@id\":\"https:\/\/dev1.jogapiekna.com\/produkt\/zestaw-duzy-masazer-gua-sha-kwarc-rozowy-maly-masazer-gua-sha-obsydian-czarny\/#primaryimage\"},\"thumbnailUrl\":\"https:\/\/dev1.jogapiekna.com\/wp-content\/uploads\/2021\/06\/Zestaw-Gua-Sha-duzy-kwarc-rozowy-maly-czarny-obsydian-guasha_2025.jpg\",\"datePublished\":\"2021-06-10T11:40:08+00:00\",\"dateModified\":\"2026-03-11T13:04:19+00:00\",\"description\":\"Dwa kamienie Gua-Sha sprzedawane w jednym zestawie. R\u00f3\u017cowy kwarc i obsydian. Idealne na prezent lub do codziennego, odm\u0142adzaj\u0105cego masa\u017cu twarzy.\",\"breadcrumb\":{\"@id\":\"https:\/\/dev1.jogapiekna.com\/produkt\/zestaw-duzy-masazer-gua-sha-kwarc-rozowy-maly-masazer-gua-sha-obsydian-czarny\/#breadcrumb\"},\"inLanguage\":\"en-GB\",\"potentialAction\":[{\"@type\":\"ReadAction\",\"target\":[\"https:\/\/dev1.jogapiekna.com\/produkt\/zestaw-duzy-masazer-gua-sha-kwarc-rozowy-maly-masazer-gua-sha-obsydian-czarny\/\"]}]},{\"@type\":\"ImageObject\",\"inLanguage\":\"en-GB\",\"@id\":\"https:\/\/dev1.jogapiekna.com\/produkt\/zestaw-duzy-masazer-gua-sha-kwarc-rozowy-maly-masazer-gua-sha-obsydian-czarny\/#primaryimage\",\"url\":\"https:\/\/dev1.jogapiekna.com\/wp-content\/uploads\/2021\/06\/Zestaw-Gua-Sha-duzy-kwarc-rozowy-maly-czarny-obsydian-guasha_2025.jpg\",\"contentUrl\":\"https:\/\/dev1.jogapiekna.com\/wp-content\/uploads\/2021\/06\/Zestaw-Gua-Sha-duzy-kwarc-rozowy-maly-czarny-obsydian-guasha_2025.jpg\",\"width\":1000,\"height\":1000,\"caption\":\"Zestaw Gua-Sha: du\u017cy kwarc r\u00f3\u017cowy + ma\u0142y czarny obsydian\"},{\"@type\":\"BreadcrumbList\",\"@id\":\"https:\/\/dev1.jogapiekna.com\/produkt\/zestaw-duzy-masazer-gua-sha-kwarc-rozowy-maly-masazer-gua-sha-obsydian-czarny\/#breadcrumb\",\"itemListElement\":[{\"@type\":\"ListItem\",\"position\":1,\"name\":\"Strona g\u0142\u00f3wna\",\"item\":\"https:\/\/dev1.jogapiekna.com\/\"},{\"@type\":\"ListItem\",\"position\":2,\"name\":\"Sklep\",\"item\":\"https:\/\/dev1.jogapiekna.com\/sklep\/\"},{\"@type\":\"ListItem\",\"position\":3,\"name\":\"Zestaw Gua-Sha: du\u017cy kwarc r\u00f3\u017cowy + ma\u0142y czarny obsydian\"}]},{\"@type\":\"WebSite\",\"@id\":\"https:\/\/dev1.jogapiekna.com\/#website\",\"url\":\"https:\/\/dev1.jogapiekna.com\/\",\"name\":\"Joga Pi\u0119kna Marta Kuci\u0144ska\",\"description\":\"Joga Pi\u0119kna pomaga kobietom zachowa\u0107 urod\u0119, cofn\u0105\u0107 oznaki up\u0142ywaj\u0105cego czasu i zm\u0119czenia, odzyska\u0107 promienny wygl\u0105d, naturalny u\u015bmiech i popraw\u0119 w\u0142asnej samooceny.\",\"publisher\":{\"@id\":\"https:\/\/dev1.jogapiekna.com\/#organization\"},\"potentialAction\":[{\"@type\":\"SearchAction\",\"target\":{\"@type\":\"EntryPoint\",\"urlTemplate\":\"https:\/\/dev1.jogapiekna.com\/?s={search_term_string}\"},\"query-input\":{\"@type\":\"PropertyValueSpecification\",\"valueRequired\":true,\"valueName\":\"search_term_string\"}}],\"inLanguage\":\"en-GB\"},{\"@type\":\"Organization\",\"@id\":\"https:\/\/dev1.jogapiekna.com\/#organization\",\"name\":\"Joga Pi\u0119kna Marta Kuci\u0144ska\",\"url\":\"https:\/\/dev1.jogapiekna.com\/\",\"logo\":{\"@type\":\"ImageObject\",\"inLanguage\":\"en-GB\",\"@id\":\"https:\/\/dev1.jogapiekna.com\/#\/schema\/logo\/image\/\",\"url\":\"https:\/\/dev1.jogapiekna.com\/wp-content\/uploads\/2022\/09\/joga-piekna-logo_Rka.png\",\"contentUrl\":\"https:\/\/dev1.jogapiekna.com\/wp-content\/uploads\/2022\/09\/joga-piekna-logo_Rka.png\",\"width\":231,\"height\":124,\"caption\":\"Joga Pi\u0119kna Marta Kuci\u0144ska\"},\"image\":{\"@id\":\"https:\/\/dev1.jogapiekna.com\/#\/schema\/logo\/image\/\"},\"sameAs\":[\"https:\/\/www.facebook.com\/JogaPieknaCom\/\",\"https:\/\/www.instagram.com\/jogapieknacom\/\"]}]}<\/script>\n<!-- \/ Yoast SEO plugin. -->","yoast_head_json":{"title":"Kamienie Gua-Sha w zestawie: kwarc i obsydian","description":"Dwa kamienie Gua-Sha sprzedawane w jednym zestawie. R\u00f3\u017cowy kwarc i obsydian. Idealne na prezent lub do codziennego, odm\u0142adzaj\u0105cego masa\u017cu twarzy.","robots":{"index":"index","follow":"follow","max-snippet":"max-snippet:-1","max-image-preview":"max-image-preview:large","max-video-preview":"max-video-preview:-1"},"canonical":"https:\/\/dev1.jogapiekna.com\/en\/product\/zestaw-duzy-masazer-gua-sha-kwarc-rozowy-maly-masazer-gua-sha-obsydian-czarny\/","og_locale":"en_GB","og_type":"article","og_title":"Kamienie Gua-Sha w zestawie: kwarc i obsydian","og_description":"Dwa kamienie Gua-Sha sprzedawane w jednym zestawie. R\u00f3\u017cowy kwarc i obsydian. Idealne na prezent lub do codziennego, odm\u0142adzaj\u0105cego masa\u017cu twarzy.","og_url":"https:\/\/dev1.jogapiekna.com\/en\/product\/zestaw-duzy-masazer-gua-sha-kwarc-rozowy-maly-masazer-gua-sha-obsydian-czarny\/","og_site_name":"JOGA PI\u0118KNA | Joga Twarzy","article_publisher":"https:\/\/www.facebook.com\/JogaPieknaCom\/","article_modified_time":"2026-03-11T13:04:19+00:00","og_image":[{"width":1000,"height":1000,"url":"https:\/\/dev1.jogapiekna.com\/wp-content\/uploads\/2021\/06\/Zestaw-Gua-Sha-duzy-kwarc-rozowy-maly-czarny-obsydian-guasha_2025.jpg","type":"image\/jpeg"}],"twitter_card":"summary_large_image","twitter_misc":{"Estimated reading time":"3 minutes"},"schema":{"@context":"https:\/\/schema.org","@graph":[{"@type":"WebPage","@id":"https:\/\/dev1.jogapiekna.com\/produkt\/zestaw-duzy-masazer-gua-sha-kwarc-rozowy-maly-masazer-gua-sha-obsydian-czarny\/","url":"https:\/\/dev1.jogapiekna.com\/produkt\/zestaw-duzy-masazer-gua-sha-kwarc-rozowy-maly-masazer-gua-sha-obsydian-czarny\/","name":"Kamienie Gua-Sha w zestawie: kwarc i obsydian","isPartOf":{"@id":"https:\/\/dev1.jogapiekna.com\/#website"},"primaryImageOfPage":{"@id":"https:\/\/dev1.jogapiekna.com\/produkt\/zestaw-duzy-masazer-gua-sha-kwarc-rozowy-maly-masazer-gua-sha-obsydian-czarny\/#primaryimage"},"image":{"@id":"https:\/\/dev1.jogapiekna.com\/produkt\/zestaw-duzy-masazer-gua-sha-kwarc-rozowy-maly-masazer-gua-sha-obsydian-czarny\/#primaryimage"},"thumbnailUrl":"https:\/\/dev1.jogapiekna.com\/wp-content\/uploads\/2021\/06\/Zestaw-Gua-Sha-duzy-kwarc-rozowy-maly-czarny-obsydian-guasha_2025.jpg","datePublished":"2021-06-10T11:40:08+00:00","dateModified":"2026-03-11T13:04:19+00:00","description":"Dwa kamienie Gua-Sha sprzedawane w jednym zestawie. R\u00f3\u017cowy kwarc i obsydian. Idealne na prezent lub do codziennego, odm\u0142adzaj\u0105cego masa\u017cu twarzy.","breadcrumb":{"@id":"https:\/\/dev1.jogapiekna.com\/produkt\/zestaw-duzy-masazer-gua-sha-kwarc-rozowy-maly-masazer-gua-sha-obsydian-czarny\/#breadcrumb"},"inLanguage":"en-GB","potentialAction":[{"@type":"ReadAction","target":["https:\/\/dev1.jogapiekna.com\/produkt\/zestaw-duzy-masazer-gua-sha-kwarc-rozowy-maly-masazer-gua-sha-obsydian-czarny\/"]}]},{"@type":"ImageObject","inLanguage":"en-GB","@id":"https:\/\/dev1.jogapiekna.com\/produkt\/zestaw-duzy-masazer-gua-sha-kwarc-rozowy-maly-masazer-gua-sha-obsydian-czarny\/#primaryimage","url":"https:\/\/dev1.jogapiekna.com\/wp-content\/uploads\/2021\/06\/Zestaw-Gua-Sha-duzy-kwarc-rozowy-maly-czarny-obsydian-guasha_2025.jpg","contentUrl":"https:\/\/dev1.jogapiekna.com\/wp-content\/uploads\/2021\/06\/Zestaw-Gua-Sha-duzy-kwarc-rozowy-maly-czarny-obsydian-guasha_2025.jpg","width":1000,"height":1000,"caption":"Zestaw Gua-Sha: du\u017cy kwarc r\u00f3\u017cowy + ma\u0142y czarny obsydian"},{"@type":"BreadcrumbList","@id":"https:\/\/dev1.jogapiekna.com\/produkt\/zestaw-duzy-masazer-gua-sha-kwarc-rozowy-maly-masazer-gua-sha-obsydian-czarny\/#breadcrumb","itemListElement":[{"@type":"ListItem","position":1,"name":"Strona g\u0142\u00f3wna","item":"https:\/\/dev1.jogapiekna.com\/"},{"@type":"ListItem","position":2,"name":"Sklep","item":"https:\/\/dev1.jogapiekna.com\/sklep\/"},{"@type":"ListItem","position":3,"name":"Zestaw Gua-Sha: du\u017cy kwarc r\u00f3\u017cowy + ma\u0142y czarny obsydian"}]},{"@type":"WebSite","@id":"https:\/\/dev1.jogapiekna.com\/#website","url":"https:\/\/dev1.jogapiekna.com\/","name":"Yoga Beauty Marta Kuci\u0144ska","description":"Beauty Yoga helps women to maintain their beauty, reverse the signs of passing time and fatigue, regain a radiant appearance, natural smile and improve their self-esteem.","publisher":{"@id":"https:\/\/dev1.jogapiekna.com\/#organization"},"potentialAction":[{"@type":"SearchAction","target":{"@type":"EntryPoint","urlTemplate":"https:\/\/dev1.jogapiekna.com\/?s={search_term_string}"},"query-input":{"@type":"PropertyValueSpecification","valueRequired":true,"valueName":"search_term_string"}}],"inLanguage":"en-GB"},{"@type":"Organization","@id":"https:\/\/dev1.jogapiekna.com\/#organization","name":"Yoga Beauty Marta Kuci\u0144ska","url":"https:\/\/dev1.jogapiekna.com\/","logo":{"@type":"ImageObject","inLanguage":"en-GB","@id":"https:\/\/dev1.jogapiekna.com\/#\/schema\/logo\/image\/","url":"https:\/\/dev1.jogapiekna.com\/wp-content\/uploads\/2022\/09\/joga-piekna-logo_Rka.png","contentUrl":"https:\/\/dev1.jogapiekna.com\/wp-content\/uploads\/2022\/09\/joga-piekna-logo_Rka.png","width":231,"height":124,"caption":"Joga Pi\u0119kna Marta Kuci\u0144ska"},"image":{"@id":"https:\/\/dev1.jogapiekna.com\/#\/schema\/logo\/image\/"},"sameAs":["https:\/\/www.facebook.com\/JogaPieknaCom\/","https:\/\/www.instagram.com\/jogapieknacom\/"]}]}},"_links":{"self":[{"href":"https:\/\/dev1.jogapiekna.com\/en\/wp-json\/wp\/v2\/product\/50117","targetHints":{"allow":["GET"]}}],"collection":[{"href":"https:\/\/dev1.jogapiekna.com\/en\/wp-json\/wp\/v2\/product"}],"about":[{"href":"https:\/\/dev1.jogapiekna.com\/en\/wp-json\/wp\/v2\/types\/product"}],"replies":[{"embeddable":true,"href":"https:\/\/dev1.jogapiekna.com\/en\/wp-json\/wp\/v2\/comments?post=50117"}],"version-history":[{"count":1,"href":"https:\/\/dev1.jogapiekna.com\/en\/wp-json\/wp\/v2\/product\/50117\/revisions"}],"predecessor-version":[{"id":86161,"href":"https:\/\/dev1.jogapiekna.com\/en\/wp-json\/wp\/v2\/product\/50117\/revisions\/86161"}],"wp:featuredmedia":[{"embeddable":true,"href":"https:\/\/dev1.jogapiekna.com\/en\/wp-json\/wp\/v2\/media\/202159"}],"wp:attachment":[{"href":"https:\/\/dev1.jogapiekna.com\/en\/wp-json\/wp\/v2\/media?parent=50117"}],"wp:term":[{"taxonomy":"product_brand","embeddable":true,"href":"https:\/\/dev1.jogapiekna.com\/en\/wp-json\/wp\/v2\/product_brand?post=50117"},{"taxonomy":"product_cat","embeddable":true,"href":"https:\/\/dev1.jogapiekna.com\/en\/wp-json\/wp\/v2\/product_cat?post=50117"},{"taxonomy":"product_tag","embeddable":true,"href":"https:\/\/dev1.jogapiekna.com\/en\/wp-json\/wp\/v2\/product_tag?post=50117"}],"curies":[{"name":"wp","href":"https:\/\/api.w.org\/{rel}","templated":true}]}}