{"id":50102,"date":"2021-06-10T13:11:52","date_gmt":"2021-06-10T11:11:52","guid":{"rendered":"https:\/\/dev1.jogapiekna.com?post_type=product&#038;p=50102"},"modified":"2026-01-11T10:37:10","modified_gmt":"2026-01-11T09:37:10","slug":"duza-guasha-kwarc-rozowy_mala-guasha-krysztal-gorski","status":"publish","type":"product","link":"https:\/\/dev1.jogapiekna.com\/en\/product\/duza-guasha-kwarc-rozowy_mala-guasha-krysztal-gorski\/","title":{"rendered":"Gua-Sha Set: large rose quartz + small rock crystal"},"content":{"rendered":"<p>A set of natural massagers Gua-Sha allows you to use a traditional Chinese therapeutic massage, which includes scraping the skin. Massage is ideal for rejuvenation of facial tissues.<\/p>\n<p>&nbsp;<\/p>\n<h2>The set of natural gua sha massagers includes:<\/h2>\n<p>&nbsp;<\/p>\n<h3>LARGE ROSE QUARTZ GUA SHA MASSAGER<\/h3>\n<p>It is handmade from natural stone - rose quartz.<br \/>\nThanks to its large size, you can quickly get a massage on most of your face or body.<br \/>\nThe gua sha massager is a gift from nature that will not be 100% perfect (it may have small defects and color deviation).<\/p>\n<p>Rose quartz is a stone from the semiprecious group. This especially eases complaints related to cardiovascular and heart diseases. Improves the immune system. Improves memory and adds energy. Helps in the treatment of migraines and other headaches. It has a therapeutic effect on the psychophysical state-relieves anxiety, internal tension and nervousness, and also reduces stress.<\/p>\n<p>&nbsp;<\/p>\n<h3>SMALL WHITE RHINESTONE GUA SHA MASSAGER<\/h3>\n<p>The natural massager is made by hand from rock crystal (white quartz). Rock crystal (white quartz) is a natural mineral with a clear milky white color. It helps to remove energy blockages at the levels of all chakras, increases the body&#039;s vitality, absorbs unfavorable vibrations, and protects against bad energy.<\/p>\n<p>&nbsp;<\/p>\n<h2>How does Gua sha stone skin massage work?<\/h2>\n<p>* losing weight<br \/>\n* improves the contour of the face<br \/>\n* stimulates collagen synthesis<br \/>\n* strongly strengthens the skin<br \/>\n* strongly stimulates blood and lymph circulation<\/p>\n<p>&nbsp;<\/p>\n<h2>How to prepare your skin for a gua sha massage?<\/h2>\n<p>Before starting the massage, it is necessary to thoroughly clean the skin of the face and decollete. To get a massage, apply a serum \/ oil or your favorite moisturizer. We can also use essential oils for massage.<\/p>\n<p>&nbsp;<\/p>\n<h2>What are the contraindications to the gua sha facial treatment?<\/h2>\n<p>* damaged skin<br \/>\n* damaged veins<br \/>\n* highly capillary skin<br \/>\n* moles<br \/>\n* cuts, bruises<br \/>\n* extensive acne lesions<br \/>\n* rosacea in the active phase<br \/>\n* cancers<\/p>\n<p>&nbsp;<\/p>\n<h2>Washing natural Gua sha stones<\/h2>\n<p>A set of natural gua sha stones should be washed with warm water and soap after each use. From time to time, it is worth soaking them in salt water, first exposing the stones to sunlight, this allows you to charge them and clean them of negative energy.<\/p>\n<p>&nbsp;<\/p>\n<h2>How to get a massage with gua sha plates?<\/h2>\n<p>The massage starts each time from the upper parts of the face, gradually going down in accordance with the direction of the arrows \u2013 <strong>Figure 1<\/strong> and according to the numbered stages.<\/p>\n<p><img decoding=\"async\" class=\"alignleft size-full wp-image-10664\" src=\"https:\/\/dev1.jogapiekna.comwp-content\/uploads\/2022\/08\/masaz-twarzy_Gua-Sha.jpg\" alt=\"Jak wykona\u0107 masa\u017c Gua-Sha za pomoc\u0105 zestawu naturalnych kamieni\" width=\"\u201e399\u201d\" height=\"\u201e600\u201d\" \/><\/p>\n<p>\u2014<br \/>\nFor more information about gua sha massage techniques, visit my Youtube channel:<\/p>\n<p><strong><a href=\"https:\/\/www.youtube.com\/watch?v=97W6rL5zEXQ\" target=\"_blank\" rel=\"noopener\">Lifting and rejuvenating facial massage gua sha<\/a><\/strong><br \/>\n<strong><a href=\"https:\/\/www.youtube.com\/watch?v=B7ozY52tXpo\" target=\"_blank\" rel=\"noopener\">Massage with gua sha to reduce lion wrinkles<\/a><\/strong><br \/>\n<strong><a href=\"https:\/\/www.youtube.com\/watch?v=LHPaqjpKXEA\" target=\"_blank\" rel=\"noopener\">Reducing puffiness around the eyes with gua sha<\/a><\/strong><br \/>\n<strong><a href=\"https:\/\/www.youtube.com\/watch?v=8ORiaLgEwu8&amp;list=PL3hHGTCx5OYDQ5ZeJh_AniYwymJNeip6h&amp;index=34\" target=\"_blank\" rel=\"noopener\">Gua sha massage-what do you need to perform it?<\/a><\/strong><\/p>","protected":false},"excerpt":{"rendered":"<p>A set of natural Gua-Sha massagers, consisting of a large rose quartz plate and a small Gua-Sha stone made of white rock crystal for strengthening and modeling the face, neck and decollete.<\/p>\n<p><strong>Gua-Sha Massager Set Specifications:<\/strong><br \/>\n* 2 natural massage stones<br \/>\n* The large tile is made of rose quartz, size: 11cm x 6.5 cm x 0.5 cm (+\/- 0.2 cm)<br \/>\n- The small plate is made of white rock crystal, size: 8.0 cm x 5.3 cm x 0.6 cm (+\/- 0.2 cm)<\/p>","protected":false},"featured_media":202150,"comment_status":"closed","ping_status":"closed","template":"","meta":{"_acf_changed":false,"site-sidebar-layout":"default","site-content-layout":"","ast-site-content-layout":"default","site-content-style":"default","site-sidebar-style":"default","ast-global-header-display":"","ast-banner-title-visibility":"","ast-main-header-display":"","ast-hfb-above-header-display":"","ast-hfb-below-header-display":"","ast-hfb-mobile-header-display":"","site-post-title":"","ast-breadcrumbs-content":"","ast-featured-img":"","footer-sml-layout":"","ast-disable-related-posts":"","theme-transparent-header-meta":"","adv-header-id-meta":"","stick-header-meta":"","header-above-stick-meta":"","header-main-stick-meta":"","header-below-stick-meta":"","astra-migrate-meta-layouts":"default","ast-page-background-enabled":"default","ast-page-background-meta":{"desktop":{"background-color":"var(--ast-global-color-5)","background-image":"","background-repeat":"repeat","background-position":"center center","background-size":"auto","background-attachment":"scroll","background-type":"","background-media":"","overlay-type":"","overlay-color":"","overlay-opacity":"","overlay-gradient":""},"tablet":{"background-color":"","background-image":"","background-repeat":"repeat","background-position":"center center","background-size":"auto","background-attachment":"scroll","background-type":"","background-media":"","overlay-type":"","overlay-color":"","overlay-opacity":"","overlay-gradient":""},"mobile":{"background-color":"","background-image":"","background-repeat":"repeat","background-position":"center center","background-size":"auto","background-attachment":"scroll","background-type":"","background-media":"","overlay-type":"","overlay-color":"","overlay-opacity":"","overlay-gradient":""}},"ast-content-background-meta":{"desktop":{"background-color":"var(--ast-global-color-4)","background-image":"","background-repeat":"repeat","background-position":"center center","background-size":"auto","background-attachment":"scroll","background-type":"","background-media":"","overlay-type":"","overlay-color":"","overlay-opacity":"","overlay-gradient":""},"tablet":{"background-color":"var(--ast-global-color-4)","background-image":"","background-repeat":"repeat","background-position":"center center","background-size":"auto","background-attachment":"scroll","background-type":"","background-media":"","overlay-type":"","overlay-color":"","overlay-opacity":"","overlay-gradient":""},"mobile":{"background-color":"var(--ast-global-color-4)","background-image":"","background-repeat":"repeat","background-position":"center center","background-size":"auto","background-attachment":"scroll","background-type":"","background-media":"","overlay-type":"","overlay-color":"","overlay-opacity":"","overlay-gradient":""}}},"product_brand":[],"product_cat":[21,610,305],"product_tag":[269,41,208,268,225,260,60,256,255],"class_list":{"0":"post-50102","1":"product","2":"type-product","3":"status-publish","4":"has-post-thumbnail","6":"product_cat-akcesoria","7":"product_cat-masaz-twarzy-i-szyi","8":"product_cat-zestawy","9":"product_tag-bialy-kwarc","10":"product_tag-joga-twarzy","11":"product_tag-kamien-gua-sha","12":"product_tag-krysztal-gorski","13":"product_tag-kwarc-rozowy","14":"product_tag-masaz-twarzy","15":"product_tag-masazer-do-twarzy","16":"product_tag-pielegnacja-skory","17":"product_tag-pielegnacja-twarzy","18":"desktop-align-left","19":"tablet-align-left","20":"mobile-align-left","22":"first","23":"instock","24":"sale","25":"taxable","26":"shipping-taxable","27":"purchasable","28":"product-type-simple"},"acf":[],"yoast_head":"<!-- This site is optimized with the Yoast SEO plugin v27.1.1 - https:\/\/yoast.com\/product\/yoast-seo-wordpress\/ -->\n<title>Zestaw naturalnych masa\u017cer\u00f3w Gua-Sha<\/title>\n<meta name=\"description\" content=\"Zadbaj o j\u0119drno\u015b\u0107 i doskona\u0142y owal twarzy. Zestaw naturalnych masa\u017cer\u00f3w Gua-Sha to du\u017ca p\u0142ytka z r\u00f3\u017cowego kwarcu oraz ma\u0142a z bia\u0142ego kryszta\u0142u g\u00f3rskiego.\u00a0\" \/>\n<meta name=\"robots\" content=\"index, follow, max-snippet:-1, max-image-preview:large, max-video-preview:-1\" \/>\n<link rel=\"canonical\" href=\"https:\/\/dev1.jogapiekna.com\/en\/product\/duza-guasha-kwarc-rozowy_mala-guasha-krysztal-gorski\/\" \/>\n<meta property=\"og:locale\" content=\"en_GB\" \/>\n<meta property=\"og:type\" content=\"article\" \/>\n<meta property=\"og:title\" content=\"Zestaw naturalnych masa\u017cer\u00f3w Gua-Sha\" \/>\n<meta property=\"og:description\" content=\"Zadbaj o j\u0119drno\u015b\u0107 i doskona\u0142y owal twarzy. Zestaw naturalnych masa\u017cer\u00f3w Gua-Sha to du\u017ca p\u0142ytka z r\u00f3\u017cowego kwarcu oraz ma\u0142a z bia\u0142ego kryszta\u0142u g\u00f3rskiego.\u00a0\" \/>\n<meta property=\"og:url\" content=\"https:\/\/dev1.jogapiekna.com\/en\/product\/duza-guasha-kwarc-rozowy_mala-guasha-krysztal-gorski\/\" \/>\n<meta property=\"og:site_name\" content=\"JOGA PI\u0118KNA | Joga Twarzy\" \/>\n<meta property=\"article:publisher\" content=\"https:\/\/www.facebook.com\/JogaPieknaCom\/\" \/>\n<meta property=\"article:modified_time\" content=\"2026-01-11T09:37:10+00:00\" \/>\n<meta property=\"og:image\" content=\"https:\/\/dev1.jogapiekna.com\/wp-content\/uploads\/2021\/06\/Zestaw-Gua-Sha-duzy-kwarc-rozowy-maly-krysztal-gorski_2025-1.jpg\" \/>\n\t<meta property=\"og:image:width\" content=\"1000\" \/>\n\t<meta property=\"og:image:height\" content=\"1000\" \/>\n\t<meta property=\"og:image:type\" content=\"image\/jpeg\" \/>\n<meta name=\"twitter:card\" content=\"summary_large_image\" \/>\n<meta name=\"twitter:label1\" content=\"Estimated reading time\" \/>\n\t<meta name=\"twitter:data1\" content=\"3 minutes\" \/>\n<script type=\"application\/ld+json\" class=\"yoast-schema-graph\">{\"@context\":\"https:\/\/schema.org\",\"@graph\":[{\"@type\":\"WebPage\",\"@id\":\"https:\/\/dev1.jogapiekna.com\/en\/product\/duza-guasha-kwarc-rozowy_mala-guasha-krysztal-gorski\/\",\"url\":\"https:\/\/dev1.jogapiekna.com\/en\/product\/duza-guasha-kwarc-rozowy_mala-guasha-krysztal-gorski\/\",\"name\":\"Zestaw naturalnych masa\u017cer\u00f3w Gua-Sha\",\"isPartOf\":{\"@id\":\"https:\/\/dev1.jogapiekna.com\/#website\"},\"primaryImageOfPage\":{\"@id\":\"https:\/\/dev1.jogapiekna.com\/en\/product\/duza-guasha-kwarc-rozowy_mala-guasha-krysztal-gorski\/#primaryimage\"},\"image\":{\"@id\":\"https:\/\/dev1.jogapiekna.com\/en\/product\/duza-guasha-kwarc-rozowy_mala-guasha-krysztal-gorski\/#primaryimage\"},\"thumbnailUrl\":\"https:\/\/dev1.jogapiekna.com\/wp-content\/uploads\/2021\/06\/Zestaw-Gua-Sha-duzy-kwarc-rozowy-maly-krysztal-gorski_2025-1.jpg\",\"datePublished\":\"2021-06-10T11:11:52+00:00\",\"dateModified\":\"2026-01-11T09:37:10+00:00\",\"description\":\"Zadbaj o j\u0119drno\u015b\u0107 i doskona\u0142y owal twarzy. Zestaw naturalnych masa\u017cer\u00f3w Gua-Sha to du\u017ca p\u0142ytka z r\u00f3\u017cowego kwarcu oraz ma\u0142a z bia\u0142ego kryszta\u0142u g\u00f3rskiego.\u00a0\",\"breadcrumb\":{\"@id\":\"https:\/\/dev1.jogapiekna.com\/en\/product\/duza-guasha-kwarc-rozowy_mala-guasha-krysztal-gorski\/#breadcrumb\"},\"inLanguage\":\"en-GB\",\"potentialAction\":[{\"@type\":\"ReadAction\",\"target\":[\"https:\/\/dev1.jogapiekna.com\/en\/product\/duza-guasha-kwarc-rozowy_mala-guasha-krysztal-gorski\/\"]}]},{\"@type\":\"ImageObject\",\"inLanguage\":\"en-GB\",\"@id\":\"https:\/\/dev1.jogapiekna.com\/en\/product\/duza-guasha-kwarc-rozowy_mala-guasha-krysztal-gorski\/#primaryimage\",\"url\":\"https:\/\/dev1.jogapiekna.com\/wp-content\/uploads\/2021\/06\/Zestaw-Gua-Sha-duzy-kwarc-rozowy-maly-krysztal-gorski_2025-1.jpg\",\"contentUrl\":\"https:\/\/dev1.jogapiekna.com\/wp-content\/uploads\/2021\/06\/Zestaw-Gua-Sha-duzy-kwarc-rozowy-maly-krysztal-gorski_2025-1.jpg\",\"width\":1000,\"height\":1000,\"caption\":\"masa\u017c twarzy Gua-Sha\"},{\"@type\":\"BreadcrumbList\",\"@id\":\"https:\/\/dev1.jogapiekna.com\/en\/product\/duza-guasha-kwarc-rozowy_mala-guasha-krysztal-gorski\/#breadcrumb\",\"itemListElement\":[{\"@type\":\"ListItem\",\"position\":1,\"name\":\"Strona g\u0142\u00f3wna\",\"item\":\"https:\/\/dev1.jogapiekna.com\/\"},{\"@type\":\"ListItem\",\"position\":2,\"name\":\"Sklep\",\"item\":\"https:\/\/dev1.jogapiekna.com\/sklep\/\"},{\"@type\":\"ListItem\",\"position\":3,\"name\":\"Zestaw Gua-Sha: du\u017cy kwarc r\u00f3\u017cowy + ma\u0142y kryszta\u0142 g\u00f3rski\"}]},{\"@type\":\"WebSite\",\"@id\":\"https:\/\/dev1.jogapiekna.com\/#website\",\"url\":\"https:\/\/dev1.jogapiekna.com\/\",\"name\":\"Joga Pi\u0119kna Marta Kuci\u0144ska\",\"description\":\"Joga Pi\u0119kna pomaga kobietom zachowa\u0107 urod\u0119, cofn\u0105\u0107 oznaki up\u0142ywaj\u0105cego czasu i zm\u0119czenia, odzyska\u0107 promienny wygl\u0105d, naturalny u\u015bmiech i popraw\u0119 w\u0142asnej samooceny.\",\"publisher\":{\"@id\":\"https:\/\/dev1.jogapiekna.com\/#organization\"},\"potentialAction\":[{\"@type\":\"SearchAction\",\"target\":{\"@type\":\"EntryPoint\",\"urlTemplate\":\"https:\/\/dev1.jogapiekna.com\/?s={search_term_string}\"},\"query-input\":{\"@type\":\"PropertyValueSpecification\",\"valueRequired\":true,\"valueName\":\"search_term_string\"}}],\"inLanguage\":\"en-GB\"},{\"@type\":\"Organization\",\"@id\":\"https:\/\/dev1.jogapiekna.com\/#organization\",\"name\":\"Joga Pi\u0119kna Marta Kuci\u0144ska\",\"url\":\"https:\/\/dev1.jogapiekna.com\/\",\"logo\":{\"@type\":\"ImageObject\",\"inLanguage\":\"en-GB\",\"@id\":\"https:\/\/dev1.jogapiekna.com\/#\/schema\/logo\/image\/\",\"url\":\"https:\/\/dev1.jogapiekna.com\/wp-content\/uploads\/2022\/09\/joga-piekna-logo_Rka.png\",\"contentUrl\":\"https:\/\/dev1.jogapiekna.com\/wp-content\/uploads\/2022\/09\/joga-piekna-logo_Rka.png\",\"width\":231,\"height\":124,\"caption\":\"Joga Pi\u0119kna Marta Kuci\u0144ska\"},\"image\":{\"@id\":\"https:\/\/dev1.jogapiekna.com\/#\/schema\/logo\/image\/\"},\"sameAs\":[\"https:\/\/www.facebook.com\/JogaPieknaCom\/\",\"https:\/\/www.instagram.com\/jogapieknacom\/\"]}]}<\/script>\n<!-- \/ Yoast SEO plugin. -->","yoast_head_json":{"title":"Zestaw naturalnych masa\u017cer\u00f3w Gua-Sha","description":"Zadbaj o j\u0119drno\u015b\u0107 i doskona\u0142y owal twarzy. Zestaw naturalnych masa\u017cer\u00f3w Gua-Sha to du\u017ca p\u0142ytka z r\u00f3\u017cowego kwarcu oraz ma\u0142a z bia\u0142ego kryszta\u0142u g\u00f3rskiego.\u00a0","robots":{"index":"index","follow":"follow","max-snippet":"max-snippet:-1","max-image-preview":"max-image-preview:large","max-video-preview":"max-video-preview:-1"},"canonical":"https:\/\/dev1.jogapiekna.com\/en\/product\/duza-guasha-kwarc-rozowy_mala-guasha-krysztal-gorski\/","og_locale":"en_GB","og_type":"article","og_title":"Zestaw naturalnych masa\u017cer\u00f3w Gua-Sha","og_description":"Zadbaj o j\u0119drno\u015b\u0107 i doskona\u0142y owal twarzy. Zestaw naturalnych masa\u017cer\u00f3w Gua-Sha to du\u017ca p\u0142ytka z r\u00f3\u017cowego kwarcu oraz ma\u0142a z bia\u0142ego kryszta\u0142u g\u00f3rskiego.\u00a0","og_url":"https:\/\/dev1.jogapiekna.com\/en\/product\/duza-guasha-kwarc-rozowy_mala-guasha-krysztal-gorski\/","og_site_name":"JOGA PI\u0118KNA | Joga Twarzy","article_publisher":"https:\/\/www.facebook.com\/JogaPieknaCom\/","article_modified_time":"2026-01-11T09:37:10+00:00","og_image":[{"width":1000,"height":1000,"url":"https:\/\/dev1.jogapiekna.com\/wp-content\/uploads\/2021\/06\/Zestaw-Gua-Sha-duzy-kwarc-rozowy-maly-krysztal-gorski_2025-1.jpg","type":"image\/jpeg"}],"twitter_card":"summary_large_image","twitter_misc":{"Estimated reading time":"3 minutes"},"schema":{"@context":"https:\/\/schema.org","@graph":[{"@type":"WebPage","@id":"https:\/\/dev1.jogapiekna.com\/en\/product\/duza-guasha-kwarc-rozowy_mala-guasha-krysztal-gorski\/","url":"https:\/\/dev1.jogapiekna.com\/en\/product\/duza-guasha-kwarc-rozowy_mala-guasha-krysztal-gorski\/","name":"Zestaw naturalnych masa\u017cer\u00f3w Gua-Sha","isPartOf":{"@id":"https:\/\/dev1.jogapiekna.com\/#website"},"primaryImageOfPage":{"@id":"https:\/\/dev1.jogapiekna.com\/en\/product\/duza-guasha-kwarc-rozowy_mala-guasha-krysztal-gorski\/#primaryimage"},"image":{"@id":"https:\/\/dev1.jogapiekna.com\/en\/product\/duza-guasha-kwarc-rozowy_mala-guasha-krysztal-gorski\/#primaryimage"},"thumbnailUrl":"https:\/\/dev1.jogapiekna.com\/wp-content\/uploads\/2021\/06\/Zestaw-Gua-Sha-duzy-kwarc-rozowy-maly-krysztal-gorski_2025-1.jpg","datePublished":"2021-06-10T11:11:52+00:00","dateModified":"2026-01-11T09:37:10+00:00","description":"Zadbaj o j\u0119drno\u015b\u0107 i doskona\u0142y owal twarzy. Zestaw naturalnych masa\u017cer\u00f3w Gua-Sha to du\u017ca p\u0142ytka z r\u00f3\u017cowego kwarcu oraz ma\u0142a z bia\u0142ego kryszta\u0142u g\u00f3rskiego.\u00a0","breadcrumb":{"@id":"https:\/\/dev1.jogapiekna.com\/en\/product\/duza-guasha-kwarc-rozowy_mala-guasha-krysztal-gorski\/#breadcrumb"},"inLanguage":"en-GB","potentialAction":[{"@type":"ReadAction","target":["https:\/\/dev1.jogapiekna.com\/en\/product\/duza-guasha-kwarc-rozowy_mala-guasha-krysztal-gorski\/"]}]},{"@type":"ImageObject","inLanguage":"en-GB","@id":"https:\/\/dev1.jogapiekna.com\/en\/product\/duza-guasha-kwarc-rozowy_mala-guasha-krysztal-gorski\/#primaryimage","url":"https:\/\/dev1.jogapiekna.com\/wp-content\/uploads\/2021\/06\/Zestaw-Gua-Sha-duzy-kwarc-rozowy-maly-krysztal-gorski_2025-1.jpg","contentUrl":"https:\/\/dev1.jogapiekna.com\/wp-content\/uploads\/2021\/06\/Zestaw-Gua-Sha-duzy-kwarc-rozowy-maly-krysztal-gorski_2025-1.jpg","width":1000,"height":1000,"caption":"masa\u017c twarzy Gua-Sha"},{"@type":"BreadcrumbList","@id":"https:\/\/dev1.jogapiekna.com\/en\/product\/duza-guasha-kwarc-rozowy_mala-guasha-krysztal-gorski\/#breadcrumb","itemListElement":[{"@type":"ListItem","position":1,"name":"Strona g\u0142\u00f3wna","item":"https:\/\/dev1.jogapiekna.com\/"},{"@type":"ListItem","position":2,"name":"Sklep","item":"https:\/\/dev1.jogapiekna.com\/sklep\/"},{"@type":"ListItem","position":3,"name":"Zestaw Gua-Sha: du\u017cy kwarc r\u00f3\u017cowy + ma\u0142y kryszta\u0142 g\u00f3rski"}]},{"@type":"WebSite","@id":"https:\/\/dev1.jogapiekna.com\/#website","url":"https:\/\/dev1.jogapiekna.com\/","name":"Yoga Beauty Marta Kuci\u0144ska","description":"Beauty Yoga helps women to maintain their beauty, reverse the signs of passing time and fatigue, regain a radiant appearance, natural smile and improve their self-esteem.","publisher":{"@id":"https:\/\/dev1.jogapiekna.com\/#organization"},"potentialAction":[{"@type":"SearchAction","target":{"@type":"EntryPoint","urlTemplate":"https:\/\/dev1.jogapiekna.com\/?s={search_term_string}"},"query-input":{"@type":"PropertyValueSpecification","valueRequired":true,"valueName":"search_term_string"}}],"inLanguage":"en-GB"},{"@type":"Organization","@id":"https:\/\/dev1.jogapiekna.com\/#organization","name":"Yoga Beauty Marta Kuci\u0144ska","url":"https:\/\/dev1.jogapiekna.com\/","logo":{"@type":"ImageObject","inLanguage":"en-GB","@id":"https:\/\/dev1.jogapiekna.com\/#\/schema\/logo\/image\/","url":"https:\/\/dev1.jogapiekna.com\/wp-content\/uploads\/2022\/09\/joga-piekna-logo_Rka.png","contentUrl":"https:\/\/dev1.jogapiekna.com\/wp-content\/uploads\/2022\/09\/joga-piekna-logo_Rka.png","width":231,"height":124,"caption":"Joga Pi\u0119kna Marta Kuci\u0144ska"},"image":{"@id":"https:\/\/dev1.jogapiekna.com\/#\/schema\/logo\/image\/"},"sameAs":["https:\/\/www.facebook.com\/JogaPieknaCom\/","https:\/\/www.instagram.com\/jogapieknacom\/"]}]}},"_links":{"self":[{"href":"https:\/\/dev1.jogapiekna.com\/en\/wp-json\/wp\/v2\/product\/50102","targetHints":{"allow":["GET"]}}],"collection":[{"href":"https:\/\/dev1.jogapiekna.com\/en\/wp-json\/wp\/v2\/product"}],"about":[{"href":"https:\/\/dev1.jogapiekna.com\/en\/wp-json\/wp\/v2\/types\/product"}],"replies":[{"embeddable":true,"href":"https:\/\/dev1.jogapiekna.com\/en\/wp-json\/wp\/v2\/comments?post=50102"}],"version-history":[{"count":1,"href":"https:\/\/dev1.jogapiekna.com\/en\/wp-json\/wp\/v2\/product\/50102\/revisions"}],"predecessor-version":[{"id":50111,"href":"https:\/\/dev1.jogapiekna.com\/en\/wp-json\/wp\/v2\/product\/50102\/revisions\/50111"}],"wp:featuredmedia":[{"embeddable":true,"href":"https:\/\/dev1.jogapiekna.com\/en\/wp-json\/wp\/v2\/media\/202150"}],"wp:attachment":[{"href":"https:\/\/dev1.jogapiekna.com\/en\/wp-json\/wp\/v2\/media?parent=50102"}],"wp:term":[{"taxonomy":"product_brand","embeddable":true,"href":"https:\/\/dev1.jogapiekna.com\/en\/wp-json\/wp\/v2\/product_brand?post=50102"},{"taxonomy":"product_cat","embeddable":true,"href":"https:\/\/dev1.jogapiekna.com\/en\/wp-json\/wp\/v2\/product_cat?post=50102"},{"taxonomy":"product_tag","embeddable":true,"href":"https:\/\/dev1.jogapiekna.com\/en\/wp-json\/wp\/v2\/product_tag?post=50102"}],"curies":[{"name":"wp","href":"https:\/\/api.w.org\/{rel}","templated":true}]}}