{"id":45685,"date":"2021-04-15T19:49:27","date_gmt":"2021-04-15T17:49:27","guid":{"rendered":"https:\/\/dev1.jogapiekna.com?post_type=product&#038;p=45685"},"modified":"2026-03-18T11:35:02","modified_gmt":"2026-03-18T10:35:02","slug":"masazer-joga-piekna-do-masazu-twarzy-szyi-i-dekoltu-kamien-gua-sha-awenturyn","status":"publish","type":"product","link":"https:\/\/dev1.jogapiekna.com\/en\/product\/masazer-joga-piekna-do-masazu-twarzy-szyi-i-dekoltu-kamien-gua-sha-awenturyn\/","title":{"rendered":"Gua SHA massage plate * aventurine stone massage"},"content":{"rendered":"<p>Have you noticed that the skin of your face is starting to lose its youthfulness? Do you see more and more wrinkles on your face, but you don&#039;t have the time and budget for regular visits to the cosmetologist? You can also take care of your skin <strong>in the comfort of your home<\/strong>, regardless of age. Massage with gua sha stone strengthens the skin, finely models the face, stimulates blood and lymph circulation, so that the tissues are better nourished and saturated with oxygen.<\/p>\n<p>What is Gua sha massage? This is a special one <strong>a form of traditional Chinese therapeutic massage<\/strong>which consists of scraping the skin with a natural stone with gently rounded edges. Stimulation allows you to increase <strong>Chi energy flow<\/strong> It also supports lymphatic drainage, which brings with it a lot of positive aesthetic benefits.<\/p>\n<p>To see unusual ones <strong>effects of gua sha massage<\/strong>it is enough to repeat it 2-3 times a week for 10-15 minutes. You can also perform it daily, in a shorter form, to deeply relax and relax the skin of the face, neck and decollete.<\/p>\n<p>&nbsp;<\/p>\n<h2>Aventurine Stone-what are its properties?<\/h2>\n<p><strong>Natural Green Aventurine Stone<\/strong> this is a rare type of quartz. It belongs to the group of semiprecious stones, it is also called the sunstone. It has a calming effect, allows you to overcome anxiety. Increases concentration in meditation.<\/p>\n<p>Can help strengthen the immune system and increase the body's resistance to disease. Helps prevent heart and thyroid disease. Soothes acne, reduces skin inflammation and reduces swelling.<\/p>\n<p>It is also believed that green aventurine brings wealth, good luck and unexpected, new opportunities.<\/p>\n<p>&nbsp;<\/p>\n<h3>How to choose a real gua sha massage stone?<\/h3>\n<p><iframe title=\"YouTube video player\" src=\"https:\/\/www.youtube.com\/embed\/8x1oU3b5hB8?si=LtGwE5qES9WFegh2\" width=\"560\" height=\"315\" frameborder=\"0\" allowfullscreen=\"allowfullscreen\"><\/iframe><\/p>\n<p>&nbsp;<\/p>\n<h2>Results of face massage with gua sha stone from aventurine<\/h2>\n<ul>\n<li>simulates the contour of the face, optically slims it<\/li>\n<li>improves blood and lymph circulation<\/li>\n<li>makes the skin supple<\/li>\n<li>evens out the complexion<\/li>\n<li>smoothes fine lines<\/li>\n<li>it takes care of the balance of body and mind<\/li>\n<li>removes toxins, gives your complexion a natural glow<\/li>\n<li>relaxes and reduces stress<\/li>\n<li>supports good sleep<\/li>\n<li>it naturally stimulates the synthesis of collagen, that is, it rejuvenates the skin<\/li>\n<\/ul>\n<p>&nbsp;<\/p>\n<h2>How to prepare your skin for a gua sha stone massage?<\/h2>\n<p>Thoroughly cleanse the skin of the face and d\u00e9collet\u00e9 before starting the Gua-Sha massage. Apply a serum, oil or your favourite moisturiser to complete the massage. I recommend you use an oil <a href=\"https:\/\/dev1.jogapiekna.comprodukt\/citrus-glow-olejek-do-masazu-50ml\/\">Citrus Glow<\/a>.<\/p>\n<p><strong>If you don&#039;t know what to put on your face before a gua sha massage, take a look at this post: <a href=\"https:\/\/dev1.jogapiekna.commasaz\/jakie-kosmetyki-do-masazu-twarzy-sa-najlepsze\/\">What is the best cosmetics for facial massage?<\/a> <\/strong><\/p>\n<p>&nbsp;<\/p>\n<h2>Contraindications to gua sha massage<\/h2>\n<ul>\n<li>damaged skin<\/li>\n<li>damaged veins<\/li>\n<li>highly capillary skin<\/li>\n<li>moles<\/li>\n<li>cuts and bruises<\/li>\n<li>extensive acne lesions<\/li>\n<li>rosacea in the active phase<\/li>\n<li>cancer diseases<\/li>\n<\/ul>\n<p>&nbsp;<\/p>\n<h2>Washing the gua sha stone<\/h2>\n<p>After the massage, wash the plate with warm water and soap. From time to time, you should additionally soak it in salt water and expose it to sunlight (at least 10 minutes). This allows you to charge them and clear them of negative energy.<\/p>\n<p>&nbsp;<\/p>\n<h2>How to use a massager made of natural aventurine?<\/h2>\n<p>Gua sha massage can be done even daily, if you massage the skin gently and quite briefly \u2013 a few minutes. A stronger and longer massage (about 15-20 minutes) is recommended two, maximum three times a week.<\/p>\n<p>Plate massage <strong>each time we start with the upper part of the face.<\/strong>, gradually going down in the direction of the arrows-Fig. 1 and along the numbered steps.<\/p>\n<p><img decoding=\"async\" class=\"alignleft size-full wp-image-10664\" src=\"https:\/\/dev1.jogapiekna.comwp-content\/uploads\/2020\/01\/kamien-gua-sha_technika.jpg\" alt=\"\" width=\"\u201e399\u201d\" height=\"\u201e600\u201d\" \/><\/p>\n<p>&nbsp;<\/p>\n<h3>For an example of using gua-sha, see lion&#039;s wrinkle massage instructions<\/h3>\n<p><iframe title=\"YouTube video player\" src=\"https:\/\/www.youtube.com\/embed\/cRv2bRXtpDM?si=0TZ8zA4dXUCqgUvi\" width=\"560\" height=\"315\" frameborder=\"0\" allowfullscreen=\"allowfullscreen\"><\/iframe><\/p>\n<p>You can find more videos on my website <a href=\"https:\/\/www.youtube.com\/@jogapiekna\/\">youtube channel<\/a>.<\/p>","protected":false},"excerpt":{"rendered":"<p>Massage with gua sha stone helps to relax the face, reduce the effects of stress and daily chasing. Eliminates tension on the face, which is the cause of wrinkles. To perform <strong>relaxing, rejuvenating facial massage<\/strong> you need the right tool. Natural Massage Stone <strong>heart of aventurine<\/strong> this is a great choice for people who live in a rush and stress. Aventurine has soothing and emotional stabilizing properties.<\/p>\n<p><strong>Size:<\/strong> 8.0cm x 5.3cm x 0.6cm (+\/- 0.2 cm)<br \/>\n<strong>Group:<\/strong> natural stone-aventurine<\/p>","protected":false},"featured_media":94435,"comment_status":"closed","ping_status":"closed","template":"","meta":{"_acf_changed":false,"site-sidebar-layout":"default","site-content-layout":"","ast-site-content-layout":"default","site-content-style":"default","site-sidebar-style":"default","ast-global-header-display":"","ast-banner-title-visibility":"","ast-main-header-display":"","ast-hfb-above-header-display":"","ast-hfb-below-header-display":"","ast-hfb-mobile-header-display":"","site-post-title":"","ast-breadcrumbs-content":"","ast-featured-img":"","footer-sml-layout":"","ast-disable-related-posts":"","theme-transparent-header-meta":"","adv-header-id-meta":"","stick-header-meta":"","header-above-stick-meta":"","header-main-stick-meta":"","header-below-stick-meta":"","astra-migrate-meta-layouts":"default","ast-page-background-enabled":"default","ast-page-background-meta":{"desktop":{"background-color":"var(--ast-global-color-5)","background-image":"","background-repeat":"repeat","background-position":"center center","background-size":"auto","background-attachment":"scroll","background-type":"","background-media":"","overlay-type":"","overlay-color":"","overlay-opacity":"","overlay-gradient":""},"tablet":{"background-color":"","background-image":"","background-repeat":"repeat","background-position":"center center","background-size":"auto","background-attachment":"scroll","background-type":"","background-media":"","overlay-type":"","overlay-color":"","overlay-opacity":"","overlay-gradient":""},"mobile":{"background-color":"","background-image":"","background-repeat":"repeat","background-position":"center center","background-size":"auto","background-attachment":"scroll","background-type":"","background-media":"","overlay-type":"","overlay-color":"","overlay-opacity":"","overlay-gradient":""}},"ast-content-background-meta":{"desktop":{"background-color":"var(--ast-global-color-4)","background-image":"","background-repeat":"repeat","background-position":"center center","background-size":"auto","background-attachment":"scroll","background-type":"","background-media":"","overlay-type":"","overlay-color":"","overlay-opacity":"","overlay-gradient":""},"tablet":{"background-color":"var(--ast-global-color-4)","background-image":"","background-repeat":"repeat","background-position":"center center","background-size":"auto","background-attachment":"scroll","background-type":"","background-media":"","overlay-type":"","overlay-color":"","overlay-opacity":"","overlay-gradient":""},"mobile":{"background-color":"var(--ast-global-color-4)","background-image":"","background-repeat":"repeat","background-position":"center center","background-size":"auto","background-attachment":"scroll","background-type":"","background-media":"","overlay-type":"","overlay-color":"","overlay-opacity":"","overlay-gradient":""}}},"product_brand":[],"product_cat":[21,611,610],"product_tag":[298,41,208,260,60,256,255],"class_list":{"0":"post-45685","1":"product","2":"type-product","3":"status-publish","4":"has-post-thumbnail","6":"product_cat-akcesoria","7":"product_cat-gua-sha-rollery","8":"product_cat-masaz-twarzy-i-szyi","9":"product_tag-awenturyn","10":"product_tag-joga-twarzy","11":"product_tag-kamien-gua-sha","12":"product_tag-masaz-twarzy","13":"product_tag-masazer-do-twarzy","14":"product_tag-pielegnacja-skory","15":"product_tag-pielegnacja-twarzy","16":"desktop-align-left","17":"tablet-align-left","18":"mobile-align-left","20":"first","21":"instock","22":"taxable","23":"shipping-taxable","24":"purchasable","25":"product-type-simple"},"acf":[],"yoast_head":"<!-- This site is optimized with the Yoast SEO plugin v27.1.1 - https:\/\/yoast.com\/product\/yoast-seo-wordpress\/ -->\n<title>Kamie\u0144 Gua Sha do masa\u017cu | 100% naturalny awenturyn<\/title>\n<meta name=\"description\" content=\"Masa\u017c kamieniem GuaSha to spos\u00f3b na odpr\u0119\u017cenie sk\u00f3ry, jej regeneracj\u0119, odm\u0142odzenie i popraw\u0119 kr\u0105\u017cenia. Zam\u00f3w prawdziwy masa\u017cer Gua Sha.\" \/>\n<meta name=\"robots\" content=\"index, follow, max-snippet:-1, max-image-preview:large, max-video-preview:-1\" \/>\n<link rel=\"canonical\" href=\"https:\/\/dev1.jogapiekna.com\/en\/product\/masazer-joga-piekna-do-masazu-twarzy-szyi-i-dekoltu-kamien-gua-sha-awenturyn\/\" \/>\n<meta property=\"og:locale\" content=\"en_GB\" \/>\n<meta property=\"og:type\" content=\"article\" \/>\n<meta property=\"og:title\" content=\"Kamie\u0144 Gua Sha do masa\u017cu | 100% naturalny awenturyn\" \/>\n<meta property=\"og:description\" content=\"Masa\u017c kamieniem GuaSha to spos\u00f3b na odpr\u0119\u017cenie sk\u00f3ry, jej regeneracj\u0119, odm\u0142odzenie i popraw\u0119 kr\u0105\u017cenia. Zam\u00f3w prawdziwy masa\u017cer Gua Sha.\" \/>\n<meta property=\"og:url\" content=\"https:\/\/dev1.jogapiekna.com\/en\/product\/masazer-joga-piekna-do-masazu-twarzy-szyi-i-dekoltu-kamien-gua-sha-awenturyn\/\" \/>\n<meta property=\"og:site_name\" content=\"JOGA PI\u0118KNA | Joga Twarzy\" \/>\n<meta property=\"article:publisher\" content=\"https:\/\/www.facebook.com\/JogaPieknaCom\/\" \/>\n<meta property=\"article:modified_time\" content=\"2026-03-18T10:35:02+00:00\" \/>\n<meta property=\"og:image\" content=\"https:\/\/dev1.jogapiekna.com\/wp-content\/uploads\/2021\/04\/Kamien-GuaSha-do-masazu-kamien-awenturyn-joga-piekna.jpg\" \/>\n\t<meta property=\"og:image:width\" content=\"1000\" \/>\n\t<meta property=\"og:image:height\" content=\"1000\" \/>\n\t<meta property=\"og:image:type\" content=\"image\/jpeg\" \/>\n<meta name=\"twitter:card\" content=\"summary_large_image\" \/>\n<meta name=\"twitter:label1\" content=\"Estimated reading time\" \/>\n\t<meta name=\"twitter:data1\" content=\"4 minutes\" \/>\n<script type=\"application\/ld+json\" class=\"yoast-schema-graph\">{\"@context\":\"https:\/\/schema.org\",\"@graph\":[{\"@type\":\"WebPage\",\"@id\":\"https:\/\/dev1.jogapiekna.com\/en\/product\/masazer-joga-piekna-do-masazu-twarzy-szyi-i-dekoltu-kamien-gua-sha-awenturyn\/\",\"url\":\"https:\/\/dev1.jogapiekna.com\/en\/product\/masazer-joga-piekna-do-masazu-twarzy-szyi-i-dekoltu-kamien-gua-sha-awenturyn\/\",\"name\":\"Kamie\u0144 Gua Sha do masa\u017cu | 100% naturalny awenturyn\",\"isPartOf\":{\"@id\":\"https:\/\/dev1.jogapiekna.com\/#website\"},\"primaryImageOfPage\":{\"@id\":\"https:\/\/dev1.jogapiekna.com\/en\/product\/masazer-joga-piekna-do-masazu-twarzy-szyi-i-dekoltu-kamien-gua-sha-awenturyn\/#primaryimage\"},\"image\":{\"@id\":\"https:\/\/dev1.jogapiekna.com\/en\/product\/masazer-joga-piekna-do-masazu-twarzy-szyi-i-dekoltu-kamien-gua-sha-awenturyn\/#primaryimage\"},\"thumbnailUrl\":\"https:\/\/dev1.jogapiekna.com\/wp-content\/uploads\/2021\/04\/Kamien-GuaSha-do-masazu-kamien-awenturyn-joga-piekna.jpg\",\"datePublished\":\"2021-04-15T17:49:27+00:00\",\"dateModified\":\"2026-03-18T10:35:02+00:00\",\"description\":\"Masa\u017c kamieniem GuaSha to spos\u00f3b na odpr\u0119\u017cenie sk\u00f3ry, jej regeneracj\u0119, odm\u0142odzenie i popraw\u0119 kr\u0105\u017cenia. Zam\u00f3w prawdziwy masa\u017cer Gua Sha.\",\"breadcrumb\":{\"@id\":\"https:\/\/dev1.jogapiekna.com\/en\/product\/masazer-joga-piekna-do-masazu-twarzy-szyi-i-dekoltu-kamien-gua-sha-awenturyn\/#breadcrumb\"},\"inLanguage\":\"en-GB\",\"potentialAction\":[{\"@type\":\"ReadAction\",\"target\":[\"https:\/\/dev1.jogapiekna.com\/en\/product\/masazer-joga-piekna-do-masazu-twarzy-szyi-i-dekoltu-kamien-gua-sha-awenturyn\/\"]}]},{\"@type\":\"ImageObject\",\"inLanguage\":\"en-GB\",\"@id\":\"https:\/\/dev1.jogapiekna.com\/en\/product\/masazer-joga-piekna-do-masazu-twarzy-szyi-i-dekoltu-kamien-gua-sha-awenturyn\/#primaryimage\",\"url\":\"https:\/\/dev1.jogapiekna.com\/wp-content\/uploads\/2021\/04\/Kamien-GuaSha-do-masazu-kamien-awenturyn-joga-piekna.jpg\",\"contentUrl\":\"https:\/\/dev1.jogapiekna.com\/wp-content\/uploads\/2021\/04\/Kamien-GuaSha-do-masazu-kamien-awenturyn-joga-piekna.jpg\",\"width\":1000,\"height\":1000,\"caption\":\"Kamie\u0144 Gua-Sha do masa\u017cu kamie\u0144 awenturyn\"},{\"@type\":\"BreadcrumbList\",\"@id\":\"https:\/\/dev1.jogapiekna.com\/en\/product\/masazer-joga-piekna-do-masazu-twarzy-szyi-i-dekoltu-kamien-gua-sha-awenturyn\/#breadcrumb\",\"itemListElement\":[{\"@type\":\"ListItem\",\"position\":1,\"name\":\"Strona g\u0142\u00f3wna\",\"item\":\"https:\/\/dev1.jogapiekna.com\/\"},{\"@type\":\"ListItem\",\"position\":2,\"name\":\"Sklep\",\"item\":\"https:\/\/dev1.jogapiekna.com\/sklep\/\"},{\"@type\":\"ListItem\",\"position\":3,\"name\":\"P\u0142ytka do masa\u017cu Gua Sha \u2022 masa\u017c kamieniem awenturyn\"}]},{\"@type\":\"WebSite\",\"@id\":\"https:\/\/dev1.jogapiekna.com\/#website\",\"url\":\"https:\/\/dev1.jogapiekna.com\/\",\"name\":\"Joga Pi\u0119kna Marta Kuci\u0144ska\",\"description\":\"Joga Pi\u0119kna pomaga kobietom zachowa\u0107 urod\u0119, cofn\u0105\u0107 oznaki up\u0142ywaj\u0105cego czasu i zm\u0119czenia, odzyska\u0107 promienny wygl\u0105d, naturalny u\u015bmiech i popraw\u0119 w\u0142asnej samooceny.\",\"publisher\":{\"@id\":\"https:\/\/dev1.jogapiekna.com\/#organization\"},\"potentialAction\":[{\"@type\":\"SearchAction\",\"target\":{\"@type\":\"EntryPoint\",\"urlTemplate\":\"https:\/\/dev1.jogapiekna.com\/?s={search_term_string}\"},\"query-input\":{\"@type\":\"PropertyValueSpecification\",\"valueRequired\":true,\"valueName\":\"search_term_string\"}}],\"inLanguage\":\"en-GB\"},{\"@type\":\"Organization\",\"@id\":\"https:\/\/dev1.jogapiekna.com\/#organization\",\"name\":\"Joga Pi\u0119kna Marta Kuci\u0144ska\",\"url\":\"https:\/\/dev1.jogapiekna.com\/\",\"logo\":{\"@type\":\"ImageObject\",\"inLanguage\":\"en-GB\",\"@id\":\"https:\/\/dev1.jogapiekna.com\/#\/schema\/logo\/image\/\",\"url\":\"https:\/\/dev1.jogapiekna.com\/wp-content\/uploads\/2022\/09\/joga-piekna-logo_Rka.png\",\"contentUrl\":\"https:\/\/dev1.jogapiekna.com\/wp-content\/uploads\/2022\/09\/joga-piekna-logo_Rka.png\",\"width\":231,\"height\":124,\"caption\":\"Joga Pi\u0119kna Marta Kuci\u0144ska\"},\"image\":{\"@id\":\"https:\/\/dev1.jogapiekna.com\/#\/schema\/logo\/image\/\"},\"sameAs\":[\"https:\/\/www.facebook.com\/JogaPieknaCom\/\",\"https:\/\/www.instagram.com\/jogapieknacom\/\"]}]}<\/script>\n<!-- \/ Yoast SEO plugin. -->","yoast_head_json":{"title":"Kamie\u0144 Gua Sha do masa\u017cu | 100% naturalny awenturyn","description":"Masa\u017c kamieniem GuaSha to spos\u00f3b na odpr\u0119\u017cenie sk\u00f3ry, jej regeneracj\u0119, odm\u0142odzenie i popraw\u0119 kr\u0105\u017cenia. Zam\u00f3w prawdziwy masa\u017cer Gua Sha.","robots":{"index":"index","follow":"follow","max-snippet":"max-snippet:-1","max-image-preview":"max-image-preview:large","max-video-preview":"max-video-preview:-1"},"canonical":"https:\/\/dev1.jogapiekna.com\/en\/product\/masazer-joga-piekna-do-masazu-twarzy-szyi-i-dekoltu-kamien-gua-sha-awenturyn\/","og_locale":"en_GB","og_type":"article","og_title":"Kamie\u0144 Gua Sha do masa\u017cu | 100% naturalny awenturyn","og_description":"Masa\u017c kamieniem GuaSha to spos\u00f3b na odpr\u0119\u017cenie sk\u00f3ry, jej regeneracj\u0119, odm\u0142odzenie i popraw\u0119 kr\u0105\u017cenia. Zam\u00f3w prawdziwy masa\u017cer Gua Sha.","og_url":"https:\/\/dev1.jogapiekna.com\/en\/product\/masazer-joga-piekna-do-masazu-twarzy-szyi-i-dekoltu-kamien-gua-sha-awenturyn\/","og_site_name":"JOGA PI\u0118KNA | Joga Twarzy","article_publisher":"https:\/\/www.facebook.com\/JogaPieknaCom\/","article_modified_time":"2026-03-18T10:35:02+00:00","og_image":[{"width":1000,"height":1000,"url":"https:\/\/dev1.jogapiekna.com\/wp-content\/uploads\/2021\/04\/Kamien-GuaSha-do-masazu-kamien-awenturyn-joga-piekna.jpg","type":"image\/jpeg"}],"twitter_card":"summary_large_image","twitter_misc":{"Estimated reading time":"4 minutes"},"schema":{"@context":"https:\/\/schema.org","@graph":[{"@type":"WebPage","@id":"https:\/\/dev1.jogapiekna.com\/en\/product\/masazer-joga-piekna-do-masazu-twarzy-szyi-i-dekoltu-kamien-gua-sha-awenturyn\/","url":"https:\/\/dev1.jogapiekna.com\/en\/product\/masazer-joga-piekna-do-masazu-twarzy-szyi-i-dekoltu-kamien-gua-sha-awenturyn\/","name":"Kamie\u0144 Gua Sha do masa\u017cu | 100% naturalny awenturyn","isPartOf":{"@id":"https:\/\/dev1.jogapiekna.com\/#website"},"primaryImageOfPage":{"@id":"https:\/\/dev1.jogapiekna.com\/en\/product\/masazer-joga-piekna-do-masazu-twarzy-szyi-i-dekoltu-kamien-gua-sha-awenturyn\/#primaryimage"},"image":{"@id":"https:\/\/dev1.jogapiekna.com\/en\/product\/masazer-joga-piekna-do-masazu-twarzy-szyi-i-dekoltu-kamien-gua-sha-awenturyn\/#primaryimage"},"thumbnailUrl":"https:\/\/dev1.jogapiekna.com\/wp-content\/uploads\/2021\/04\/Kamien-GuaSha-do-masazu-kamien-awenturyn-joga-piekna.jpg","datePublished":"2021-04-15T17:49:27+00:00","dateModified":"2026-03-18T10:35:02+00:00","description":"Masa\u017c kamieniem GuaSha to spos\u00f3b na odpr\u0119\u017cenie sk\u00f3ry, jej regeneracj\u0119, odm\u0142odzenie i popraw\u0119 kr\u0105\u017cenia. Zam\u00f3w prawdziwy masa\u017cer Gua Sha.","breadcrumb":{"@id":"https:\/\/dev1.jogapiekna.com\/en\/product\/masazer-joga-piekna-do-masazu-twarzy-szyi-i-dekoltu-kamien-gua-sha-awenturyn\/#breadcrumb"},"inLanguage":"en-GB","potentialAction":[{"@type":"ReadAction","target":["https:\/\/dev1.jogapiekna.com\/en\/product\/masazer-joga-piekna-do-masazu-twarzy-szyi-i-dekoltu-kamien-gua-sha-awenturyn\/"]}]},{"@type":"ImageObject","inLanguage":"en-GB","@id":"https:\/\/dev1.jogapiekna.com\/en\/product\/masazer-joga-piekna-do-masazu-twarzy-szyi-i-dekoltu-kamien-gua-sha-awenturyn\/#primaryimage","url":"https:\/\/dev1.jogapiekna.com\/wp-content\/uploads\/2021\/04\/Kamien-GuaSha-do-masazu-kamien-awenturyn-joga-piekna.jpg","contentUrl":"https:\/\/dev1.jogapiekna.com\/wp-content\/uploads\/2021\/04\/Kamien-GuaSha-do-masazu-kamien-awenturyn-joga-piekna.jpg","width":1000,"height":1000,"caption":"Kamie\u0144 Gua-Sha do masa\u017cu kamie\u0144 awenturyn"},{"@type":"BreadcrumbList","@id":"https:\/\/dev1.jogapiekna.com\/en\/product\/masazer-joga-piekna-do-masazu-twarzy-szyi-i-dekoltu-kamien-gua-sha-awenturyn\/#breadcrumb","itemListElement":[{"@type":"ListItem","position":1,"name":"Strona g\u0142\u00f3wna","item":"https:\/\/dev1.jogapiekna.com\/"},{"@type":"ListItem","position":2,"name":"Sklep","item":"https:\/\/dev1.jogapiekna.com\/sklep\/"},{"@type":"ListItem","position":3,"name":"P\u0142ytka do masa\u017cu Gua Sha \u2022 masa\u017c kamieniem awenturyn"}]},{"@type":"WebSite","@id":"https:\/\/dev1.jogapiekna.com\/#website","url":"https:\/\/dev1.jogapiekna.com\/","name":"Yoga Beauty Marta Kuci\u0144ska","description":"Beauty Yoga helps women to maintain their beauty, reverse the signs of passing time and fatigue, regain a radiant appearance, natural smile and improve their self-esteem.","publisher":{"@id":"https:\/\/dev1.jogapiekna.com\/#organization"},"potentialAction":[{"@type":"SearchAction","target":{"@type":"EntryPoint","urlTemplate":"https:\/\/dev1.jogapiekna.com\/?s={search_term_string}"},"query-input":{"@type":"PropertyValueSpecification","valueRequired":true,"valueName":"search_term_string"}}],"inLanguage":"en-GB"},{"@type":"Organization","@id":"https:\/\/dev1.jogapiekna.com\/#organization","name":"Yoga Beauty Marta Kuci\u0144ska","url":"https:\/\/dev1.jogapiekna.com\/","logo":{"@type":"ImageObject","inLanguage":"en-GB","@id":"https:\/\/dev1.jogapiekna.com\/#\/schema\/logo\/image\/","url":"https:\/\/dev1.jogapiekna.com\/wp-content\/uploads\/2022\/09\/joga-piekna-logo_Rka.png","contentUrl":"https:\/\/dev1.jogapiekna.com\/wp-content\/uploads\/2022\/09\/joga-piekna-logo_Rka.png","width":231,"height":124,"caption":"Joga Pi\u0119kna Marta Kuci\u0144ska"},"image":{"@id":"https:\/\/dev1.jogapiekna.com\/#\/schema\/logo\/image\/"},"sameAs":["https:\/\/www.facebook.com\/JogaPieknaCom\/","https:\/\/www.instagram.com\/jogapieknacom\/"]}]}},"_links":{"self":[{"href":"https:\/\/dev1.jogapiekna.com\/en\/wp-json\/wp\/v2\/product\/45685","targetHints":{"allow":["GET"]}}],"collection":[{"href":"https:\/\/dev1.jogapiekna.com\/en\/wp-json\/wp\/v2\/product"}],"about":[{"href":"https:\/\/dev1.jogapiekna.com\/en\/wp-json\/wp\/v2\/types\/product"}],"replies":[{"embeddable":true,"href":"https:\/\/dev1.jogapiekna.com\/en\/wp-json\/wp\/v2\/comments?post=45685"}],"version-history":[{"count":2,"href":"https:\/\/dev1.jogapiekna.com\/en\/wp-json\/wp\/v2\/product\/45685\/revisions"}],"predecessor-version":[{"id":210805,"href":"https:\/\/dev1.jogapiekna.com\/en\/wp-json\/wp\/v2\/product\/45685\/revisions\/210805"}],"wp:featuredmedia":[{"embeddable":true,"href":"https:\/\/dev1.jogapiekna.com\/en\/wp-json\/wp\/v2\/media\/94435"}],"wp:attachment":[{"href":"https:\/\/dev1.jogapiekna.com\/en\/wp-json\/wp\/v2\/media?parent=45685"}],"wp:term":[{"taxonomy":"product_brand","embeddable":true,"href":"https:\/\/dev1.jogapiekna.com\/en\/wp-json\/wp\/v2\/product_brand?post=45685"},{"taxonomy":"product_cat","embeddable":true,"href":"https:\/\/dev1.jogapiekna.com\/en\/wp-json\/wp\/v2\/product_cat?post=45685"},{"taxonomy":"product_tag","embeddable":true,"href":"https:\/\/dev1.jogapiekna.com\/en\/wp-json\/wp\/v2\/product_tag?post=45685"}],"curies":[{"name":"wp","href":"https:\/\/api.w.org\/{rel}","templated":true}]}}