{"id":45288,"date":"2021-04-12T10:50:48","date_gmt":"2021-04-12T08:50:48","guid":{"rendered":"https:\/\/dev1.jogapiekna.com?post_type=product&#038;p=45288"},"modified":"2026-03-15T15:54:09","modified_gmt":"2026-03-15T14:54:09","slug":"poszewka-jedwabna-do-poduszki-bye-bye-wrinkles-mini-joga-piekna","status":"publish","type":"product","link":"https:\/\/dev1.jogapiekna.com\/en\/product\/poszewka-jedwabna-do-poduszki-bye-bye-wrinkles-mini-joga-piekna\/","title":{"rendered":"MINI Anti-wrinkle Silk Pillowcase"},"content":{"rendered":"<p>The silk small pillowcase is designed with anti-wrinkle pillows <a href=\"https:\/\/dev1.jogapiekna.comprodukt\/poduszka-antyzmarszczkowa-mini-bye-bye-wrinkles-joga-piekna-z-poszewka-jedwabna\/\" target=\"_blank\" rel=\"noopener\"><em>Bye Bye Wrinkles<\/em> in mini size<\/a>.<\/p>\n<p>&nbsp;<\/p>\n<h2>Properties of an anti-aging pillow<\/h2>\n<p><a href=\"https:\/\/dev1.jogapiekna.comkategoria-produktu\/poduszki-antyzmarszczkowe\/mini-poduszki-antyzmarszczkowe\/\"><strong>Pillow <em>Bye Bye Wrinkles MINI<\/em><\/strong><\/a> This is a guarantee of rest without wrinkles of sleep. A unique product that minimizes wrinkles on the face during sleep, so that wrinkles that occur at night are reduced, in particular, under the eyes, on the temples, between the eyebrows, on the chin and on the cheeks. <strong>Wing Cushion cutouts<\/strong> they allow you to reduce the contact of delicate facial tissues with the pillow, and also provide a comfortable support for the forehead and jaw.<\/p>\n<p>Pillow\u00a0<em>Bye Bye Wrinkles MINI<\/em> this is a version for people who don&#039;t want to part with their favorite pillow. It is a form of &#034;pillow&#034; or &#034;mini-jasper&#034;, which is placed under the face on a pillow. At the same time, the optimal size makes it ideal for protecting the face from the creases that form when sleeping on a traditional pillow. It is great for people who like to sleep on their side or on their stomach.<\/p>\n<p>Want to learn more about the benefits of choosing the right pillow to sleep on? \u2028Read the entry: <a href=\"https:\/\/dev1.jogapiekna.comogolne\/zmarszczki-senne\/\" target=\"_blank\" rel=\"noopener\">Sleep Wrinkles<\/a><\/p>\n<p>&nbsp;<\/p>\n<h2>The silk small pillowcase is made of natural mulberry silk<\/h2>\n<p>&nbsp;<\/p>\n<h3>What are the properties of natural silk?<\/h3>\n<p>The amino acids contained in silk have a positive effect on the nervous system and allow the body to calm down and relax. In addition, the special structure of silk does not allow you to &#034;resist the skin&#034; while sleeping on a pillow, which has a beneficial effect on eliminating morning wrinkles and facial wrinkles.<\/p>\n<p>&nbsp;<\/p>\n<h3>Who do we recommend silk pillowcases to?<\/h3>\n<p>Silk Pillowcases <em>Bye Bye Wrinkles<\/em> we recommend it to people who care about good skin condition, as well as allergy sufferers, because silk does not sensitize or attract ticks in any way.<\/p>\n<p>&nbsp;<\/p>\n<h3>How to Care for Silk Pillowcases for Small Bye Bye Wrinkles Pillows?<\/h3>\n<ul>\n<li>Silk pillowcases for jasper are best washed by hand in warm water using mild detergents.<\/li>\n<li>Silk fabrics should never be soaked for too long, nor should they be wrung out and rubbed during washing.<\/li>\n<li>For fabrics made of natural silk, you can not use emollient liquids, as they cause tarnishing of the fabric.<\/li>\n<li>After washing, it is best to dry with a towel in the unfolded position. This ensures that the fabric does not stretch.<\/li>\n<li>Silk should not be exposed to sunlight during drying.<\/li>\n<li>Silk pillowcases should always be ironed on the left side, preferably when they are slightly damp.<\/li>\n<\/ul>\n<p>Silk coating for jasper is a hygienic product and is non-refundable. A patented and legally protected design (Article 26027).<\/p>","protected":false},"excerpt":{"rendered":"<p>Ensure a comfortable night&#039;s sleep during your trip or afternoon nap. Silk Pillowcase-mini <a href=\"https:\/\/dev1.jogapiekna.comkategoria-produktu\/poduszki-antyzmarszczkowe\/mini-poduszki-antyzmarszczkowe\/\" target=\"_blank\" rel=\"noopener\">Bye Bye Wrinkles Anti-wrinkle Pillow<\/a> it will take care of your complexion and hair. The smooth silk surface will take care of the rest of your skin. It has an anti-aging effect and supports the best action of your cosmetics, which is not absorbed into the material.<br \/>\nstructure:<br \/>\n97% silk<br \/>\n3% spandex<\/p>","protected":false},"featured_media":202140,"comment_status":"closed","ping_status":"closed","template":"","meta":{"_acf_changed":false,"site-sidebar-layout":"default","site-content-layout":"","ast-site-content-layout":"default","site-content-style":"default","site-sidebar-style":"default","ast-global-header-display":"","ast-banner-title-visibility":"","ast-main-header-display":"","ast-hfb-above-header-display":"","ast-hfb-below-header-display":"","ast-hfb-mobile-header-display":"","site-post-title":"","ast-breadcrumbs-content":"","ast-featured-img":"","footer-sml-layout":"","ast-disable-related-posts":"","theme-transparent-header-meta":"default","adv-header-id-meta":"","stick-header-meta":"","header-above-stick-meta":"","header-main-stick-meta":"","header-below-stick-meta":"","astra-migrate-meta-layouts":"set","ast-page-background-enabled":"default","ast-page-background-meta":{"desktop":{"background-color":"var(--ast-global-color-5)","background-image":"","background-repeat":"repeat","background-position":"center center","background-size":"auto","background-attachment":"scroll","background-type":"","background-media":"","overlay-type":"","overlay-color":"","overlay-opacity":"","overlay-gradient":""},"tablet":{"background-color":"","background-image":"","background-repeat":"repeat","background-position":"center center","background-size":"auto","background-attachment":"scroll","background-type":"","background-media":"","overlay-type":"","overlay-color":"","overlay-opacity":"","overlay-gradient":""},"mobile":{"background-color":"","background-image":"","background-repeat":"repeat","background-position":"center center","background-size":"auto","background-attachment":"scroll","background-type":"","background-media":"","overlay-type":"","overlay-color":"","overlay-opacity":"","overlay-gradient":""}},"ast-content-background-meta":{"desktop":{"background-color":"var(--ast-global-color-4)","background-image":"","background-repeat":"repeat","background-position":"center center","background-size":"auto","background-attachment":"scroll","background-type":"","background-media":"","overlay-type":"","overlay-color":"","overlay-opacity":"","overlay-gradient":""},"tablet":{"background-color":"var(--ast-global-color-4)","background-image":"","background-repeat":"repeat","background-position":"center center","background-size":"auto","background-attachment":"scroll","background-type":"","background-media":"","overlay-type":"","overlay-color":"","overlay-opacity":"","overlay-gradient":""},"mobile":{"background-color":"var(--ast-global-color-4)","background-image":"","background-repeat":"repeat","background-position":"center center","background-size":"auto","background-attachment":"scroll","background-type":"","background-media":"","overlay-type":"","overlay-color":"","overlay-opacity":"","overlay-gradient":""}}},"product_brand":[],"product_cat":[694,117],"product_tag":[174,563,256,255,173,197,264,263],"class_list":{"0":"post-45288","1":"product","2":"type-product","3":"status-publish","4":"has-post-thumbnail","6":"product_cat-do-poduszek-mini","7":"product_cat-poszewki-do-poduszek","8":"product_tag-byebyewrinkles","9":"product_tag-jedwabna-poszewka-na-jaska","10":"product_tag-pielegnacja-skory","11":"product_tag-pielegnacja-twarzy","12":"product_tag-poduszka-antyzmarszczkowa","13":"product_tag-poszewka-jedwabna","14":"product_tag-zapobieganie-zmarszczkom","15":"product_tag-zdrowy-sen","16":"desktop-align-left","17":"tablet-align-left","18":"mobile-align-left","20":"first","21":"instock","22":"taxable","23":"shipping-taxable","24":"purchasable","25":"product-type-variable"},"acf":[],"yoast_head":"<!-- This site is optimized with the Yoast SEO plugin v27.1.1 - https:\/\/yoast.com\/product\/yoast-seo-wordpress\/ -->\n<title>Jedwabna poszewka na ma\u0142\u0105 poduszk\u0119 Bye Bye Wrinkles\u00a0<\/title>\n<meta name=\"description\" content=\"Jedwabna poszewka na ja\u015bka - ma\u0142\u0105 poduszk\u0119 antyzmarszczkow\u0105 Bye Bye Wrinkles. Idealna w podr\u00f3\u017cy i podczas popo\u0142udniowych drzemek.\u00a0\" \/>\n<meta name=\"robots\" content=\"index, follow, max-snippet:-1, max-image-preview:large, max-video-preview:-1\" \/>\n<link rel=\"canonical\" href=\"https:\/\/dev1.jogapiekna.com\/en\/product\/poszewka-jedwabna-do-poduszki-bye-bye-wrinkles-mini-joga-piekna\/\" \/>\n<meta property=\"og:locale\" content=\"en_GB\" \/>\n<meta property=\"og:type\" content=\"article\" \/>\n<meta property=\"og:title\" content=\"Jedwabna poszewka na ma\u0142\u0105 poduszk\u0119 Bye Bye Wrinkles\u00a0\" \/>\n<meta property=\"og:description\" content=\"Jedwabna poszewka na ja\u015bka - ma\u0142\u0105 poduszk\u0119 antyzmarszczkow\u0105 Bye Bye Wrinkles. Idealna w podr\u00f3\u017cy i podczas popo\u0142udniowych drzemek.\u00a0\" \/>\n<meta property=\"og:url\" content=\"https:\/\/dev1.jogapiekna.com\/en\/product\/poszewka-jedwabna-do-poduszki-bye-bye-wrinkles-mini-joga-piekna\/\" \/>\n<meta property=\"og:site_name\" content=\"JOGA PI\u0118KNA | Joga Twarzy\" \/>\n<meta property=\"article:publisher\" content=\"https:\/\/www.facebook.com\/JogaPieknaCom\/\" \/>\n<meta property=\"article:modified_time\" content=\"2026-03-15T14:54:09+00:00\" \/>\n<meta property=\"og:image\" content=\"https:\/\/dev1.jogapiekna.com\/wp-content\/uploads\/2021\/04\/Poszewka-jedwabna_na-poduszke-antyzmarszczkowa-MINI-ByeByeWrinkles-kolory-nowe_2025.jpg\" \/>\n\t<meta property=\"og:image:width\" content=\"1000\" \/>\n\t<meta property=\"og:image:height\" content=\"1000\" \/>\n\t<meta property=\"og:image:type\" content=\"image\/jpeg\" \/>\n<meta name=\"twitter:card\" content=\"summary_large_image\" \/>\n<meta name=\"twitter:label1\" content=\"Estimated reading time\" \/>\n\t<meta name=\"twitter:data1\" content=\"3 minutes\" \/>\n<script type=\"application\/ld+json\" class=\"yoast-schema-graph\">{\"@context\":\"https:\/\/schema.org\",\"@graph\":[{\"@type\":\"WebPage\",\"@id\":\"https:\/\/dev1.jogapiekna.com\/en\/product\/poszewka-jedwabna-do-poduszki-bye-bye-wrinkles-mini-joga-piekna\/\",\"url\":\"https:\/\/dev1.jogapiekna.com\/en\/product\/poszewka-jedwabna-do-poduszki-bye-bye-wrinkles-mini-joga-piekna\/\",\"name\":\"Jedwabna poszewka na ma\u0142\u0105 poduszk\u0119 Bye Bye Wrinkles\u00a0\",\"isPartOf\":{\"@id\":\"https:\/\/dev1.jogapiekna.com\/#website\"},\"primaryImageOfPage\":{\"@id\":\"https:\/\/dev1.jogapiekna.com\/en\/product\/poszewka-jedwabna-do-poduszki-bye-bye-wrinkles-mini-joga-piekna\/#primaryimage\"},\"image\":{\"@id\":\"https:\/\/dev1.jogapiekna.com\/en\/product\/poszewka-jedwabna-do-poduszki-bye-bye-wrinkles-mini-joga-piekna\/#primaryimage\"},\"thumbnailUrl\":\"https:\/\/dev1.jogapiekna.com\/wp-content\/uploads\/2021\/04\/Poszewka-jedwabna_na-poduszke-antyzmarszczkowa-MINI-ByeByeWrinkles-kolory-nowe_2025.jpg\",\"datePublished\":\"2021-04-12T08:50:48+00:00\",\"dateModified\":\"2026-03-15T14:54:09+00:00\",\"description\":\"Jedwabna poszewka na ja\u015bka - ma\u0142\u0105 poduszk\u0119 antyzmarszczkow\u0105 Bye Bye Wrinkles. Idealna w podr\u00f3\u017cy i podczas popo\u0142udniowych drzemek.\u00a0\",\"breadcrumb\":{\"@id\":\"https:\/\/dev1.jogapiekna.com\/en\/product\/poszewka-jedwabna-do-poduszki-bye-bye-wrinkles-mini-joga-piekna\/#breadcrumb\"},\"inLanguage\":\"en-GB\",\"potentialAction\":[{\"@type\":\"ReadAction\",\"target\":[\"https:\/\/dev1.jogapiekna.com\/en\/product\/poszewka-jedwabna-do-poduszki-bye-bye-wrinkles-mini-joga-piekna\/\"]}]},{\"@type\":\"ImageObject\",\"inLanguage\":\"en-GB\",\"@id\":\"https:\/\/dev1.jogapiekna.com\/en\/product\/poszewka-jedwabna-do-poduszki-bye-bye-wrinkles-mini-joga-piekna\/#primaryimage\",\"url\":\"https:\/\/dev1.jogapiekna.com\/wp-content\/uploads\/2021\/04\/Poszewka-jedwabna_na-poduszke-antyzmarszczkowa-MINI-ByeByeWrinkles-kolory-nowe_2025.jpg\",\"contentUrl\":\"https:\/\/dev1.jogapiekna.com\/wp-content\/uploads\/2021\/04\/Poszewka-jedwabna_na-poduszke-antyzmarszczkowa-MINI-ByeByeWrinkles-kolory-nowe_2025.jpg\",\"width\":1000,\"height\":1000,\"caption\":\"Poszewka jedwabna na poduszk\u0119 antyzmarszczkow\u0105 MINI\"},{\"@type\":\"BreadcrumbList\",\"@id\":\"https:\/\/dev1.jogapiekna.com\/en\/product\/poszewka-jedwabna-do-poduszki-bye-bye-wrinkles-mini-joga-piekna\/#breadcrumb\",\"itemListElement\":[{\"@type\":\"ListItem\",\"position\":1,\"name\":\"Strona g\u0142\u00f3wna\",\"item\":\"https:\/\/dev1.jogapiekna.com\/\"},{\"@type\":\"ListItem\",\"position\":2,\"name\":\"Sklep\",\"item\":\"https:\/\/dev1.jogapiekna.com\/sklep\/\"},{\"@type\":\"ListItem\",\"position\":3,\"name\":\"Poszewka jedwabna na poduszk\u0119 antyzmarszczkow\u0105 MINI\"}]},{\"@type\":\"WebSite\",\"@id\":\"https:\/\/dev1.jogapiekna.com\/#website\",\"url\":\"https:\/\/dev1.jogapiekna.com\/\",\"name\":\"Joga Pi\u0119kna Marta Kuci\u0144ska\",\"description\":\"Joga Pi\u0119kna pomaga kobietom zachowa\u0107 urod\u0119, cofn\u0105\u0107 oznaki up\u0142ywaj\u0105cego czasu i zm\u0119czenia, odzyska\u0107 promienny wygl\u0105d, naturalny u\u015bmiech i popraw\u0119 w\u0142asnej samooceny.\",\"publisher\":{\"@id\":\"https:\/\/dev1.jogapiekna.com\/#organization\"},\"potentialAction\":[{\"@type\":\"SearchAction\",\"target\":{\"@type\":\"EntryPoint\",\"urlTemplate\":\"https:\/\/dev1.jogapiekna.com\/?s={search_term_string}\"},\"query-input\":{\"@type\":\"PropertyValueSpecification\",\"valueRequired\":true,\"valueName\":\"search_term_string\"}}],\"inLanguage\":\"en-GB\"},{\"@type\":\"Organization\",\"@id\":\"https:\/\/dev1.jogapiekna.com\/#organization\",\"name\":\"Joga Pi\u0119kna Marta Kuci\u0144ska\",\"url\":\"https:\/\/dev1.jogapiekna.com\/\",\"logo\":{\"@type\":\"ImageObject\",\"inLanguage\":\"en-GB\",\"@id\":\"https:\/\/dev1.jogapiekna.com\/#\/schema\/logo\/image\/\",\"url\":\"https:\/\/dev1.jogapiekna.com\/wp-content\/uploads\/2022\/09\/joga-piekna-logo_Rka.png\",\"contentUrl\":\"https:\/\/dev1.jogapiekna.com\/wp-content\/uploads\/2022\/09\/joga-piekna-logo_Rka.png\",\"width\":231,\"height\":124,\"caption\":\"Joga Pi\u0119kna Marta Kuci\u0144ska\"},\"image\":{\"@id\":\"https:\/\/dev1.jogapiekna.com\/#\/schema\/logo\/image\/\"},\"sameAs\":[\"https:\/\/www.facebook.com\/JogaPieknaCom\/\",\"https:\/\/www.instagram.com\/jogapieknacom\/\"]}]}<\/script>\n<!-- \/ Yoast SEO plugin. -->","yoast_head_json":{"title":"Jedwabna poszewka na ma\u0142\u0105 poduszk\u0119 Bye Bye Wrinkles\u00a0","description":"Jedwabna poszewka na ja\u015bka - ma\u0142\u0105 poduszk\u0119 antyzmarszczkow\u0105 Bye Bye Wrinkles. Idealna w podr\u00f3\u017cy i podczas popo\u0142udniowych drzemek.\u00a0","robots":{"index":"index","follow":"follow","max-snippet":"max-snippet:-1","max-image-preview":"max-image-preview:large","max-video-preview":"max-video-preview:-1"},"canonical":"https:\/\/dev1.jogapiekna.com\/en\/product\/poszewka-jedwabna-do-poduszki-bye-bye-wrinkles-mini-joga-piekna\/","og_locale":"en_GB","og_type":"article","og_title":"Jedwabna poszewka na ma\u0142\u0105 poduszk\u0119 Bye Bye Wrinkles\u00a0","og_description":"Jedwabna poszewka na ja\u015bka - ma\u0142\u0105 poduszk\u0119 antyzmarszczkow\u0105 Bye Bye Wrinkles. Idealna w podr\u00f3\u017cy i podczas popo\u0142udniowych drzemek.\u00a0","og_url":"https:\/\/dev1.jogapiekna.com\/en\/product\/poszewka-jedwabna-do-poduszki-bye-bye-wrinkles-mini-joga-piekna\/","og_site_name":"JOGA PI\u0118KNA | Joga Twarzy","article_publisher":"https:\/\/www.facebook.com\/JogaPieknaCom\/","article_modified_time":"2026-03-15T14:54:09+00:00","og_image":[{"width":1000,"height":1000,"url":"https:\/\/dev1.jogapiekna.com\/wp-content\/uploads\/2021\/04\/Poszewka-jedwabna_na-poduszke-antyzmarszczkowa-MINI-ByeByeWrinkles-kolory-nowe_2025.jpg","type":"image\/jpeg"}],"twitter_card":"summary_large_image","twitter_misc":{"Estimated reading time":"3 minutes"},"schema":{"@context":"https:\/\/schema.org","@graph":[{"@type":"WebPage","@id":"https:\/\/dev1.jogapiekna.com\/en\/product\/poszewka-jedwabna-do-poduszki-bye-bye-wrinkles-mini-joga-piekna\/","url":"https:\/\/dev1.jogapiekna.com\/en\/product\/poszewka-jedwabna-do-poduszki-bye-bye-wrinkles-mini-joga-piekna\/","name":"Jedwabna poszewka na ma\u0142\u0105 poduszk\u0119 Bye Bye Wrinkles\u00a0","isPartOf":{"@id":"https:\/\/dev1.jogapiekna.com\/#website"},"primaryImageOfPage":{"@id":"https:\/\/dev1.jogapiekna.com\/en\/product\/poszewka-jedwabna-do-poduszki-bye-bye-wrinkles-mini-joga-piekna\/#primaryimage"},"image":{"@id":"https:\/\/dev1.jogapiekna.com\/en\/product\/poszewka-jedwabna-do-poduszki-bye-bye-wrinkles-mini-joga-piekna\/#primaryimage"},"thumbnailUrl":"https:\/\/dev1.jogapiekna.com\/wp-content\/uploads\/2021\/04\/Poszewka-jedwabna_na-poduszke-antyzmarszczkowa-MINI-ByeByeWrinkles-kolory-nowe_2025.jpg","datePublished":"2021-04-12T08:50:48+00:00","dateModified":"2026-03-15T14:54:09+00:00","description":"Jedwabna poszewka na ja\u015bka - ma\u0142\u0105 poduszk\u0119 antyzmarszczkow\u0105 Bye Bye Wrinkles. Idealna w podr\u00f3\u017cy i podczas popo\u0142udniowych drzemek.\u00a0","breadcrumb":{"@id":"https:\/\/dev1.jogapiekna.com\/en\/product\/poszewka-jedwabna-do-poduszki-bye-bye-wrinkles-mini-joga-piekna\/#breadcrumb"},"inLanguage":"en-GB","potentialAction":[{"@type":"ReadAction","target":["https:\/\/dev1.jogapiekna.com\/en\/product\/poszewka-jedwabna-do-poduszki-bye-bye-wrinkles-mini-joga-piekna\/"]}]},{"@type":"ImageObject","inLanguage":"en-GB","@id":"https:\/\/dev1.jogapiekna.com\/en\/product\/poszewka-jedwabna-do-poduszki-bye-bye-wrinkles-mini-joga-piekna\/#primaryimage","url":"https:\/\/dev1.jogapiekna.com\/wp-content\/uploads\/2021\/04\/Poszewka-jedwabna_na-poduszke-antyzmarszczkowa-MINI-ByeByeWrinkles-kolory-nowe_2025.jpg","contentUrl":"https:\/\/dev1.jogapiekna.com\/wp-content\/uploads\/2021\/04\/Poszewka-jedwabna_na-poduszke-antyzmarszczkowa-MINI-ByeByeWrinkles-kolory-nowe_2025.jpg","width":1000,"height":1000,"caption":"Poszewka jedwabna na poduszk\u0119 antyzmarszczkow\u0105 MINI"},{"@type":"BreadcrumbList","@id":"https:\/\/dev1.jogapiekna.com\/en\/product\/poszewka-jedwabna-do-poduszki-bye-bye-wrinkles-mini-joga-piekna\/#breadcrumb","itemListElement":[{"@type":"ListItem","position":1,"name":"Strona g\u0142\u00f3wna","item":"https:\/\/dev1.jogapiekna.com\/"},{"@type":"ListItem","position":2,"name":"Sklep","item":"https:\/\/dev1.jogapiekna.com\/sklep\/"},{"@type":"ListItem","position":3,"name":"Poszewka jedwabna na poduszk\u0119 antyzmarszczkow\u0105 MINI"}]},{"@type":"WebSite","@id":"https:\/\/dev1.jogapiekna.com\/#website","url":"https:\/\/dev1.jogapiekna.com\/","name":"Yoga Beauty Marta Kuci\u0144ska","description":"Beauty Yoga helps women to maintain their beauty, reverse the signs of passing time and fatigue, regain a radiant appearance, natural smile and improve their self-esteem.","publisher":{"@id":"https:\/\/dev1.jogapiekna.com\/#organization"},"potentialAction":[{"@type":"SearchAction","target":{"@type":"EntryPoint","urlTemplate":"https:\/\/dev1.jogapiekna.com\/?s={search_term_string}"},"query-input":{"@type":"PropertyValueSpecification","valueRequired":true,"valueName":"search_term_string"}}],"inLanguage":"en-GB"},{"@type":"Organization","@id":"https:\/\/dev1.jogapiekna.com\/#organization","name":"Yoga Beauty Marta Kuci\u0144ska","url":"https:\/\/dev1.jogapiekna.com\/","logo":{"@type":"ImageObject","inLanguage":"en-GB","@id":"https:\/\/dev1.jogapiekna.com\/#\/schema\/logo\/image\/","url":"https:\/\/dev1.jogapiekna.com\/wp-content\/uploads\/2022\/09\/joga-piekna-logo_Rka.png","contentUrl":"https:\/\/dev1.jogapiekna.com\/wp-content\/uploads\/2022\/09\/joga-piekna-logo_Rka.png","width":231,"height":124,"caption":"Joga Pi\u0119kna Marta Kuci\u0144ska"},"image":{"@id":"https:\/\/dev1.jogapiekna.com\/#\/schema\/logo\/image\/"},"sameAs":["https:\/\/www.facebook.com\/JogaPieknaCom\/","https:\/\/www.instagram.com\/jogapieknacom\/"]}]}},"_links":{"self":[{"href":"https:\/\/dev1.jogapiekna.com\/en\/wp-json\/wp\/v2\/product\/45288","targetHints":{"allow":["GET"]}}],"collection":[{"href":"https:\/\/dev1.jogapiekna.com\/en\/wp-json\/wp\/v2\/product"}],"about":[{"href":"https:\/\/dev1.jogapiekna.com\/en\/wp-json\/wp\/v2\/types\/product"}],"replies":[{"embeddable":true,"href":"https:\/\/dev1.jogapiekna.com\/en\/wp-json\/wp\/v2\/comments?post=45288"}],"version-history":[{"count":5,"href":"https:\/\/dev1.jogapiekna.com\/en\/wp-json\/wp\/v2\/product\/45288\/revisions"}],"predecessor-version":[{"id":176334,"href":"https:\/\/dev1.jogapiekna.com\/en\/wp-json\/wp\/v2\/product\/45288\/revisions\/176334"}],"wp:featuredmedia":[{"embeddable":true,"href":"https:\/\/dev1.jogapiekna.com\/en\/wp-json\/wp\/v2\/media\/202140"}],"wp:attachment":[{"href":"https:\/\/dev1.jogapiekna.com\/en\/wp-json\/wp\/v2\/media?parent=45288"}],"wp:term":[{"taxonomy":"product_brand","embeddable":true,"href":"https:\/\/dev1.jogapiekna.com\/en\/wp-json\/wp\/v2\/product_brand?post=45288"},{"taxonomy":"product_cat","embeddable":true,"href":"https:\/\/dev1.jogapiekna.com\/en\/wp-json\/wp\/v2\/product_cat?post=45288"},{"taxonomy":"product_tag","embeddable":true,"href":"https:\/\/dev1.jogapiekna.com\/en\/wp-json\/wp\/v2\/product_tag?post=45288"}],"curies":[{"name":"wp","href":"https:\/\/api.w.org\/{rel}","templated":true}]}}