{"id":36244,"date":"2020-12-14T01:05:48","date_gmt":"2020-12-14T00:05:48","guid":{"rendered":"https:\/\/dev1.jogapiekna.com?post_type=product&#038;p=36244"},"modified":"2026-02-16T01:34:24","modified_gmt":"2026-02-16T00:34:24","slug":"masazer-do-twarzy-joga-piekna-grzybek-kwarc-rozowy-2-sztuki","status":"publish","type":"product","link":"https:\/\/dev1.jogapiekna.com\/en\/product\/masazer-do-twarzy-joga-piekna-grzybek-kwarc-rozowy-2-sztuki\/","title":{"rendered":"Set of massagers: Rose quartz mushroom - 2 pieces"},"content":{"rendered":"<h2>Why choose a set of two Mushroom massagers?<\/h2>\n<p>A double massage means double the benefits! With a set of 2 massagers, you can work both hands simultaneously on both sides of your face, neck and d\u00e9collet\u00e9. This allows you to reduce massage time while maintaining an even and harmonious effect.<\/p>\n<p>Regular use of the kit supports:<\/p>\n<ul>\n<li style=\"list-style-type: none;\">\n<ul>\n<li>faster slimming and shaping of facial contours, improving skin firmness and elasticity,<\/li>\n<li>even lymphatic drainage on both sides of the face,<\/li>\n<li>deeper relaxation and reduction of muscle tension.<\/li>\n<\/ul>\n<\/li>\n<\/ul>\n<p>&nbsp;<\/p>\n<h2>Modulating Mushroom massager - what is it?<\/h2>\n<p><strong>Modelling mushroom massager<\/strong> is a tool that allows you to combine your daily care with a relaxing ritual for your skin and senses. It is <strong>extremely intuitive<\/strong> and easy to use, making daily massage a real pleasure.<\/p>\n<p>Thanks to the natural properties of pink quartz <strong>massage has a soothing effect, promotes the reduction of tension and improves general well-being<\/strong>.<\/p>\n<p>&nbsp;<\/p>\n<h2>Shape of the mushroom and massager action<\/h2>\n<p>Rose Quartz Modeling Mushroom Massager <strong>is distinguished by its ergonomic shape<\/strong>, which fits perfectly in the hand and facilitates precise guidance over the skin. Its <strong>rounded head<\/strong> gently but effectively works on the tissues of the face, neck and d\u00e9collet\u00e9, stimulating blood and lymph circulation and promoting the skin's natural regenerative processes.<\/p>\n<p>The special form of the massager makes it ideal for both facial contouring massage and <strong>for spot work, e.g. in the \u201emarma\u201d technique\u201d<\/strong>.<\/p>\n<hr \/>\n<p><strong>Attention! <\/strong>Each massager is identical in shape and the same size. By using them simultaneously, you can carry out symmetrical movements, which enhances the modelling effect and accelerates the natural lifting of the skin.<\/p>\n<hr \/>\n<p>&nbsp;<\/p>\n<h2>Pink quartz - properties<\/h2>\n<p><strong>Rose Quartz<\/strong> has been recognised for centuries as a stone of love, harmony and inner peace. As a mineral of the semi-precious group, it not only impresses with its subtle appearance, but also supports the body on many levels.<\/p>\n<p>It alleviates cardiovascular and heart ailments, strengthens immunity, boosts energy and promotes a better sense of well-being. <strong>Helps in the fight against migraines<\/strong> and headaches, supports concentration, while soothing the nerves, reducing stress and internal tension.<\/p>\n<p>In combination with a daily massage, it therefore has an effect not only on the skin but also on the whole body, restoring balance and well-being.<\/p>\n<p>&nbsp;<\/p>\n<h2>How does a regular Yoga Beauty Mushroom massage work?<\/h2>\n<ul>\n<li><strong>Slims and contours the face<\/strong> - The massage gently sculpts the jawline and cheeks, giving the face a more harmonious shape.<\/li>\n<li><strong>Improves skin firmness and elasticity<\/strong> - thanks to the stimulation of collagen, the skin becomes supple and taut.<\/li>\n<li><strong>Strongly stimulates blood and lymph circulation<\/strong> - supports the natural detoxification and nourishment of skin cells.<\/li>\n<li><strong>Relieves facial muscle tension<\/strong> - Ideal for the daily fight against stress and fatigue, especially in the jaw and forehead area.<\/li>\n<li><strong>Has a spot-on effect on sensitive areas<\/strong> - Perfect for \u201emarma\u201d techniques that support the harmonisation of energy in the body.<\/li>\n<li><strong>Brightens and smoothes the complexion<\/strong> - Regular massage promotes the skin's natural radiance and evens out its texture.<\/li>\n<\/ul>\n<p>&nbsp;<\/p>\n<h2>Contraindications to face massage<\/h2>\n<p>Although the Modelling Mushroom massager is safe and gentle, there are situations where you should refrain from massaging:<\/p>\n<ul>\n<li>damaged or irritated skin<\/li>\n<li>visible damaged veins<\/li>\n<li>severely vascularised skin or skin prone to capillary breakouts<\/li>\n<li>moles or birthmarks at the massage site<\/li>\n<li>fresh cuts, bruises, inflammations<\/li>\n<li>extensive acne lesions, active phase of rosacea<\/li>\n<li>cancer or other serious skin disorders<\/li>\n<\/ul>\n<p>&nbsp;<\/p>\n<h2>How to clean a rose quartz massager set?<\/h2>\n<p>In order for a set of massagers to last for years and retain their energy properties, they need to be cared for properly.<\/p>\n<ul>\n<li>After each use <strong>wash the massager in warm water<\/strong> with a mild soap and then gently dry with a soft cloth.<\/li>\n<li>Every few weeks, it is recommended to wash the massager in salt water and then expose it for at least 10 minutes <strong>to sunlight<\/strong> - Such a ritual cleanses and \u201erecharges\u201d the stone.<\/li>\n<li>Avoid contact with harsh chemicals and high temperatures to avoid damaging the quartz surface.<\/li>\n<\/ul>\n<p>&nbsp;<\/p>\n<h2>Modelling Mushroom massage technique<\/h2>\n<p>1. always start the modelling massage with a mushroom <strong>from the upper parts of the face, slowly moving downwards<\/strong>.<\/p>\n<p>2. guide the massager according to the direction of the arrows and the numbering of the stages shown in Fig. 1, which maintains the correct lymph flow and stimulates the skin's natural regeneration processes.<\/p>\n<p>3. use both circular movements and <strong>Gentle kneading<\/strong> - especially in areas of tense muscles, such as the jaw or temple area.<\/p>\n<p>4. <strong>For neck massage<\/strong> use the massager head by moving it from the centre towards the shoulders, which promotes lymphatic drainage.<\/p>\n<p><img decoding=\"async\" class=\"alignleft size-full wp-image-10664\" src=\"https:\/\/dev1.jogapiekna.comwp-content\/uploads\/2020\/01\/kamien-gua-sha_technika.jpg\" alt=\"\" width=\"\u201e399\u201d\" height=\"\u201e600\u201d\" \/><\/p>\n<p>&nbsp;<\/p>\n<h3> Massage with two Mushrooms simultaneously <\/h3>\n<p><strong>If you use a set of two massagers<\/strong>, guide each mushroom simultaneously with both hands over symmetrical parts of the face and neck. <\/p>\n<p>With this:<\/p>\n<ul>\n<li>the massage time is shorter,<\/li>\n<li>movements are more harmonious and even,<\/li>\n<li>the modelling and draining effects are more intense,<\/li>\n<li>The massage has a relaxing effect on both sides of the face simultaneously, enhancing the relaxing effect.<\/li>\n<\/ul>\n<p>Example: making a movement along the jaw, move both mushrooms simultaneously - one on the left and one on the right. In the cheek area, guide them towards the temples at the same pace to maintain symmetry.<\/p>\n<p><strong>A systematic massage with two quartz Mushrooms not only speeds up the entire ritual, but also increases the effectiveness of the treatment and provides a more complete sense of balance.<\/strong><\/p>\n<p>Additional information<\/p>\n<ul>\n<li>The kit includes <strong>2 Mushroom massagers in rose quartz<\/strong>.<\/li>\n<li>The massagers are packaged in an aesthetically pleasing Yoga Beauty bag, making the accessory perfect for <strong>as a gift<\/strong>.<\/li>\n<li>If you have additional questions or want to use <a href=\"https:\/\/dev1.jogapiekna.comkategoria-produktu\/kursy-i-konsultacje\/konsultacje-indywidualne\/\">individual consultations<\/a>during which I will teach you how to perform manual facial massages - feel free to contact me.<\/li>\n<li>Each copy is <strong>unique<\/strong>, The material may, therefore, vary slightly in colour or have natural imperfections - it is their presence that proves the authenticity of the material.<\/li>\n<\/ul>","protected":false},"excerpt":{"rendered":"<p><strong>Opt for double the massage power!<\/strong> The Rose Quartz Mushroom set of 2 massagers allows you to massage with both hands simultaneously - making the whole ritual take less time. This is ideal if you want symmetrical work on your face, neck and d\u00e9collet\u00e9.<br \/>\nEach mushroom is handmade from natural rose quartz and packaged in an aesthetically pleasing Yoga Beauty bag.<br \/>\nRegular massage stimulates circulation, improves firmness and stimulates collagen synthesis for smooth and radiant skin.<\/p>\n<ul>\n<li>Size: 4x4cm piece<\/li>\n<li>The set includes: 2 mushrooms and a decorative bag with the Yoga Beauty logo<\/li>\n<li>It is handmade from natural stone - pink quartz<\/li>\n<\/ul>","protected":false},"featured_media":94533,"comment_status":"closed","ping_status":"closed","template":"","meta":{"_acf_changed":false,"site-sidebar-layout":"default","site-content-layout":"","ast-site-content-layout":"default","site-content-style":"default","site-sidebar-style":"default","ast-global-header-display":"","ast-banner-title-visibility":"","ast-main-header-display":"","ast-hfb-above-header-display":"","ast-hfb-below-header-display":"","ast-hfb-mobile-header-display":"","site-post-title":"","ast-breadcrumbs-content":"","ast-featured-img":"","footer-sml-layout":"","ast-disable-related-posts":"","theme-transparent-header-meta":"","adv-header-id-meta":"","stick-header-meta":"","header-above-stick-meta":"","header-main-stick-meta":"","header-below-stick-meta":"","astra-migrate-meta-layouts":"default","ast-page-background-enabled":"default","ast-page-background-meta":{"desktop":{"background-color":"var(--ast-global-color-5)","background-image":"","background-repeat":"repeat","background-position":"center center","background-size":"auto","background-attachment":"scroll","background-type":"","background-media":"","overlay-type":"","overlay-color":"","overlay-opacity":"","overlay-gradient":""},"tablet":{"background-color":"","background-image":"","background-repeat":"repeat","background-position":"center center","background-size":"auto","background-attachment":"scroll","background-type":"","background-media":"","overlay-type":"","overlay-color":"","overlay-opacity":"","overlay-gradient":""},"mobile":{"background-color":"","background-image":"","background-repeat":"repeat","background-position":"center center","background-size":"auto","background-attachment":"scroll","background-type":"","background-media":"","overlay-type":"","overlay-color":"","overlay-opacity":"","overlay-gradient":""}},"ast-content-background-meta":{"desktop":{"background-color":"var(--ast-global-color-4)","background-image":"","background-repeat":"repeat","background-position":"center center","background-size":"auto","background-attachment":"scroll","background-type":"","background-media":"","overlay-type":"","overlay-color":"","overlay-opacity":"","overlay-gradient":""},"tablet":{"background-color":"var(--ast-global-color-4)","background-image":"","background-repeat":"repeat","background-position":"center center","background-size":"auto","background-attachment":"scroll","background-type":"","background-media":"","overlay-type":"","overlay-color":"","overlay-opacity":"","overlay-gradient":""},"mobile":{"background-color":"var(--ast-global-color-4)","background-image":"","background-repeat":"repeat","background-position":"center center","background-size":"auto","background-attachment":"scroll","background-type":"","background-media":"","overlay-type":"","overlay-color":"","overlay-opacity":"","overlay-gradient":""}}},"product_brand":[],"product_cat":[21,611,610],"product_tag":[270,41,225,60,256,255],"class_list":{"0":"post-36244","1":"product","2":"type-product","3":"status-publish","4":"has-post-thumbnail","6":"product_cat-akcesoria","7":"product_cat-gua-sha-rollery","8":"product_cat-masaz-twarzy-i-szyi","9":"product_tag-grzybek","10":"product_tag-joga-twarzy","11":"product_tag-kwarc-rozowy","12":"product_tag-masazer-do-twarzy","13":"product_tag-pielegnacja-skory","14":"product_tag-pielegnacja-twarzy","15":"desktop-align-left","16":"tablet-align-left","17":"mobile-align-left","19":"first","20":"instock","21":"taxable","22":"shipping-taxable","23":"purchasable","24":"product-type-simple"},"acf":[],"yoast_head":"<!-- This site is optimized with the Yoast SEO plugin v27.1.1 - https:\/\/yoast.com\/product\/yoast-seo-wordpress\/ -->\n<title>Zestaw masa\u017cer\u00f3w: Grzybek z kwarcu r\u00f3\u017cowego (2 szt.) | Joga Pi\u0119kna<\/title>\n<meta name=\"description\" content=\"Zestaw 2 masa\u017cer\u00f3w \u201eGrzybek\u201d z kwarcu r\u00f3\u017cowego do modeluj\u0105cego, symetrycznego masa\u017cu twarzy, szyi i dekoltu. Podw\u00f3jny masa\u017cer skraca czas praktyki.\" \/>\n<meta name=\"robots\" content=\"index, follow, max-snippet:-1, max-image-preview:large, max-video-preview:-1\" \/>\n<link rel=\"canonical\" href=\"https:\/\/dev1.jogapiekna.com\/en\/product\/masazer-do-twarzy-joga-piekna-grzybek-kwarc-rozowy-2-sztuki\/\" \/>\n<meta property=\"og:locale\" content=\"en_GB\" \/>\n<meta property=\"og:type\" content=\"article\" \/>\n<meta property=\"og:title\" content=\"Zestaw masa\u017cer\u00f3w: Grzybek z kwarcu r\u00f3\u017cowego (2 szt.) | Joga Pi\u0119kna\" \/>\n<meta property=\"og:description\" content=\"Zestaw 2 masa\u017cer\u00f3w \u201eGrzybek\u201d z kwarcu r\u00f3\u017cowego do modeluj\u0105cego, symetrycznego masa\u017cu twarzy, szyi i dekoltu. Podw\u00f3jny masa\u017cer skraca czas praktyki.\" \/>\n<meta property=\"og:url\" content=\"https:\/\/dev1.jogapiekna.com\/en\/product\/masazer-do-twarzy-joga-piekna-grzybek-kwarc-rozowy-2-sztuki\/\" \/>\n<meta property=\"og:site_name\" content=\"JOGA PI\u0118KNA | Joga Twarzy\" \/>\n<meta property=\"article:publisher\" content=\"https:\/\/www.facebook.com\/JogaPieknaCom\/\" \/>\n<meta property=\"article:modified_time\" content=\"2026-02-16T00:34:24+00:00\" \/>\n<meta property=\"og:image\" content=\"https:\/\/dev1.jogapiekna.com\/wp-content\/uploads\/2020\/12\/jogapiekna_grzybek-2sztuki-kwarc-rozowy_02.jpg\" \/>\n\t<meta property=\"og:image:width\" content=\"1000\" \/>\n\t<meta property=\"og:image:height\" content=\"1000\" \/>\n\t<meta property=\"og:image:type\" content=\"image\/jpeg\" \/>\n<meta name=\"twitter:card\" content=\"summary_large_image\" \/>\n<meta name=\"twitter:label1\" content=\"Estimated reading time\" \/>\n\t<meta name=\"twitter:data1\" content=\"5 minutes\" \/>\n<script type=\"application\/ld+json\" class=\"yoast-schema-graph\">{\"@context\":\"https:\/\/schema.org\",\"@graph\":[{\"@type\":\"WebPage\",\"@id\":\"https:\/\/dev1.jogapiekna.com\/produkt\/masazer-do-twarzy-joga-piekna-grzybek-kwarc-rozowy-2-sztuki\/\",\"url\":\"https:\/\/dev1.jogapiekna.com\/produkt\/masazer-do-twarzy-joga-piekna-grzybek-kwarc-rozowy-2-sztuki\/\",\"name\":\"Zestaw masa\u017cer\u00f3w: Grzybek z kwarcu r\u00f3\u017cowego (2 szt.) | Joga Pi\u0119kna\",\"isPartOf\":{\"@id\":\"https:\/\/dev1.jogapiekna.com\/#website\"},\"primaryImageOfPage\":{\"@id\":\"https:\/\/dev1.jogapiekna.com\/produkt\/masazer-do-twarzy-joga-piekna-grzybek-kwarc-rozowy-2-sztuki\/#primaryimage\"},\"image\":{\"@id\":\"https:\/\/dev1.jogapiekna.com\/produkt\/masazer-do-twarzy-joga-piekna-grzybek-kwarc-rozowy-2-sztuki\/#primaryimage\"},\"thumbnailUrl\":\"https:\/\/dev1.jogapiekna.com\/wp-content\/uploads\/2020\/12\/jogapiekna_grzybek-2sztuki-kwarc-rozowy_02.jpg\",\"datePublished\":\"2020-12-14T00:05:48+00:00\",\"dateModified\":\"2026-02-16T00:34:24+00:00\",\"description\":\"Zestaw 2 masa\u017cer\u00f3w \u201eGrzybek\u201d z kwarcu r\u00f3\u017cowego do modeluj\u0105cego, symetrycznego masa\u017cu twarzy, szyi i dekoltu. Podw\u00f3jny masa\u017cer skraca czas praktyki.\",\"breadcrumb\":{\"@id\":\"https:\/\/dev1.jogapiekna.com\/produkt\/masazer-do-twarzy-joga-piekna-grzybek-kwarc-rozowy-2-sztuki\/#breadcrumb\"},\"inLanguage\":\"en-GB\",\"potentialAction\":[{\"@type\":\"ReadAction\",\"target\":[\"https:\/\/dev1.jogapiekna.com\/produkt\/masazer-do-twarzy-joga-piekna-grzybek-kwarc-rozowy-2-sztuki\/\"]}]},{\"@type\":\"ImageObject\",\"inLanguage\":\"en-GB\",\"@id\":\"https:\/\/dev1.jogapiekna.com\/produkt\/masazer-do-twarzy-joga-piekna-grzybek-kwarc-rozowy-2-sztuki\/#primaryimage\",\"url\":\"https:\/\/dev1.jogapiekna.com\/wp-content\/uploads\/2020\/12\/jogapiekna_grzybek-2sztuki-kwarc-rozowy_02.jpg\",\"contentUrl\":\"https:\/\/dev1.jogapiekna.com\/wp-content\/uploads\/2020\/12\/jogapiekna_grzybek-2sztuki-kwarc-rozowy_02.jpg\",\"width\":1000,\"height\":1000,\"caption\":\"Modeluj\u0105cy masa\u017cer \\u2028Grzybek z kwarcu r\u00f3\u017cowego 2 sztuki\"},{\"@type\":\"BreadcrumbList\",\"@id\":\"https:\/\/dev1.jogapiekna.com\/produkt\/masazer-do-twarzy-joga-piekna-grzybek-kwarc-rozowy-2-sztuki\/#breadcrumb\",\"itemListElement\":[{\"@type\":\"ListItem\",\"position\":1,\"name\":\"Strona g\u0142\u00f3wna\",\"item\":\"https:\/\/dev1.jogapiekna.com\/\"},{\"@type\":\"ListItem\",\"position\":2,\"name\":\"Sklep\",\"item\":\"https:\/\/dev1.jogapiekna.com\/sklep\/\"},{\"@type\":\"ListItem\",\"position\":3,\"name\":\"Zestaw masa\u017cer\u00f3w: Grzybek z kwarcu r\u00f3\u017cowego \u2022 2 sztuki\"}]},{\"@type\":\"WebSite\",\"@id\":\"https:\/\/dev1.jogapiekna.com\/#website\",\"url\":\"https:\/\/dev1.jogapiekna.com\/\",\"name\":\"Joga Pi\u0119kna Marta Kuci\u0144ska\",\"description\":\"Joga Pi\u0119kna pomaga kobietom zachowa\u0107 urod\u0119, cofn\u0105\u0107 oznaki up\u0142ywaj\u0105cego czasu i zm\u0119czenia, odzyska\u0107 promienny wygl\u0105d, naturalny u\u015bmiech i popraw\u0119 w\u0142asnej samooceny.\",\"publisher\":{\"@id\":\"https:\/\/dev1.jogapiekna.com\/#organization\"},\"potentialAction\":[{\"@type\":\"SearchAction\",\"target\":{\"@type\":\"EntryPoint\",\"urlTemplate\":\"https:\/\/dev1.jogapiekna.com\/?s={search_term_string}\"},\"query-input\":{\"@type\":\"PropertyValueSpecification\",\"valueRequired\":true,\"valueName\":\"search_term_string\"}}],\"inLanguage\":\"en-GB\"},{\"@type\":\"Organization\",\"@id\":\"https:\/\/dev1.jogapiekna.com\/#organization\",\"name\":\"Joga Pi\u0119kna Marta Kuci\u0144ska\",\"url\":\"https:\/\/dev1.jogapiekna.com\/\",\"logo\":{\"@type\":\"ImageObject\",\"inLanguage\":\"en-GB\",\"@id\":\"https:\/\/dev1.jogapiekna.com\/#\/schema\/logo\/image\/\",\"url\":\"https:\/\/dev1.jogapiekna.com\/wp-content\/uploads\/2022\/09\/joga-piekna-logo_Rka.png\",\"contentUrl\":\"https:\/\/dev1.jogapiekna.com\/wp-content\/uploads\/2022\/09\/joga-piekna-logo_Rka.png\",\"width\":231,\"height\":124,\"caption\":\"Joga Pi\u0119kna Marta Kuci\u0144ska\"},\"image\":{\"@id\":\"https:\/\/dev1.jogapiekna.com\/#\/schema\/logo\/image\/\"},\"sameAs\":[\"https:\/\/www.facebook.com\/JogaPieknaCom\/\",\"https:\/\/www.instagram.com\/jogapieknacom\/\"]}]}<\/script>\n<!-- \/ Yoast SEO plugin. -->","yoast_head_json":{"title":"Zestaw masa\u017cer\u00f3w: Grzybek z kwarcu r\u00f3\u017cowego (2 szt.) | Joga Pi\u0119kna","description":"Zestaw 2 masa\u017cer\u00f3w \u201eGrzybek\u201d z kwarcu r\u00f3\u017cowego do modeluj\u0105cego, symetrycznego masa\u017cu twarzy, szyi i dekoltu. Podw\u00f3jny masa\u017cer skraca czas praktyki.","robots":{"index":"index","follow":"follow","max-snippet":"max-snippet:-1","max-image-preview":"max-image-preview:large","max-video-preview":"max-video-preview:-1"},"canonical":"https:\/\/dev1.jogapiekna.com\/en\/product\/masazer-do-twarzy-joga-piekna-grzybek-kwarc-rozowy-2-sztuki\/","og_locale":"en_GB","og_type":"article","og_title":"Zestaw masa\u017cer\u00f3w: Grzybek z kwarcu r\u00f3\u017cowego (2 szt.) | Joga Pi\u0119kna","og_description":"Zestaw 2 masa\u017cer\u00f3w \u201eGrzybek\u201d z kwarcu r\u00f3\u017cowego do modeluj\u0105cego, symetrycznego masa\u017cu twarzy, szyi i dekoltu. Podw\u00f3jny masa\u017cer skraca czas praktyki.","og_url":"https:\/\/dev1.jogapiekna.com\/en\/product\/masazer-do-twarzy-joga-piekna-grzybek-kwarc-rozowy-2-sztuki\/","og_site_name":"JOGA PI\u0118KNA | Joga Twarzy","article_publisher":"https:\/\/www.facebook.com\/JogaPieknaCom\/","article_modified_time":"2026-02-16T00:34:24+00:00","og_image":[{"width":1000,"height":1000,"url":"https:\/\/dev1.jogapiekna.com\/wp-content\/uploads\/2020\/12\/jogapiekna_grzybek-2sztuki-kwarc-rozowy_02.jpg","type":"image\/jpeg"}],"twitter_card":"summary_large_image","twitter_misc":{"Estimated reading time":"5 minutes"},"schema":{"@context":"https:\/\/schema.org","@graph":[{"@type":"WebPage","@id":"https:\/\/dev1.jogapiekna.com\/produkt\/masazer-do-twarzy-joga-piekna-grzybek-kwarc-rozowy-2-sztuki\/","url":"https:\/\/dev1.jogapiekna.com\/produkt\/masazer-do-twarzy-joga-piekna-grzybek-kwarc-rozowy-2-sztuki\/","name":"Zestaw masa\u017cer\u00f3w: Grzybek z kwarcu r\u00f3\u017cowego (2 szt.) | Joga Pi\u0119kna","isPartOf":{"@id":"https:\/\/dev1.jogapiekna.com\/#website"},"primaryImageOfPage":{"@id":"https:\/\/dev1.jogapiekna.com\/produkt\/masazer-do-twarzy-joga-piekna-grzybek-kwarc-rozowy-2-sztuki\/#primaryimage"},"image":{"@id":"https:\/\/dev1.jogapiekna.com\/produkt\/masazer-do-twarzy-joga-piekna-grzybek-kwarc-rozowy-2-sztuki\/#primaryimage"},"thumbnailUrl":"https:\/\/dev1.jogapiekna.com\/wp-content\/uploads\/2020\/12\/jogapiekna_grzybek-2sztuki-kwarc-rozowy_02.jpg","datePublished":"2020-12-14T00:05:48+00:00","dateModified":"2026-02-16T00:34:24+00:00","description":"Zestaw 2 masa\u017cer\u00f3w \u201eGrzybek\u201d z kwarcu r\u00f3\u017cowego do modeluj\u0105cego, symetrycznego masa\u017cu twarzy, szyi i dekoltu. Podw\u00f3jny masa\u017cer skraca czas praktyki.","breadcrumb":{"@id":"https:\/\/dev1.jogapiekna.com\/produkt\/masazer-do-twarzy-joga-piekna-grzybek-kwarc-rozowy-2-sztuki\/#breadcrumb"},"inLanguage":"en-GB","potentialAction":[{"@type":"ReadAction","target":["https:\/\/dev1.jogapiekna.com\/produkt\/masazer-do-twarzy-joga-piekna-grzybek-kwarc-rozowy-2-sztuki\/"]}]},{"@type":"ImageObject","inLanguage":"en-GB","@id":"https:\/\/dev1.jogapiekna.com\/produkt\/masazer-do-twarzy-joga-piekna-grzybek-kwarc-rozowy-2-sztuki\/#primaryimage","url":"https:\/\/dev1.jogapiekna.com\/wp-content\/uploads\/2020\/12\/jogapiekna_grzybek-2sztuki-kwarc-rozowy_02.jpg","contentUrl":"https:\/\/dev1.jogapiekna.com\/wp-content\/uploads\/2020\/12\/jogapiekna_grzybek-2sztuki-kwarc-rozowy_02.jpg","width":1000,"height":1000,"caption":"Modeluj\u0105cy masa\u017cer \u2028Grzybek z kwarcu r\u00f3\u017cowego 2 sztuki"},{"@type":"BreadcrumbList","@id":"https:\/\/dev1.jogapiekna.com\/produkt\/masazer-do-twarzy-joga-piekna-grzybek-kwarc-rozowy-2-sztuki\/#breadcrumb","itemListElement":[{"@type":"ListItem","position":1,"name":"Strona g\u0142\u00f3wna","item":"https:\/\/dev1.jogapiekna.com\/"},{"@type":"ListItem","position":2,"name":"Sklep","item":"https:\/\/dev1.jogapiekna.com\/sklep\/"},{"@type":"ListItem","position":3,"name":"Zestaw masa\u017cer\u00f3w: Grzybek z kwarcu r\u00f3\u017cowego \u2022 2 sztuki"}]},{"@type":"WebSite","@id":"https:\/\/dev1.jogapiekna.com\/#website","url":"https:\/\/dev1.jogapiekna.com\/","name":"Yoga Beauty Marta Kuci\u0144ska","description":"Beauty Yoga helps women to maintain their beauty, reverse the signs of passing time and fatigue, regain a radiant appearance, natural smile and improve their self-esteem.","publisher":{"@id":"https:\/\/dev1.jogapiekna.com\/#organization"},"potentialAction":[{"@type":"SearchAction","target":{"@type":"EntryPoint","urlTemplate":"https:\/\/dev1.jogapiekna.com\/?s={search_term_string}"},"query-input":{"@type":"PropertyValueSpecification","valueRequired":true,"valueName":"search_term_string"}}],"inLanguage":"en-GB"},{"@type":"Organization","@id":"https:\/\/dev1.jogapiekna.com\/#organization","name":"Yoga Beauty Marta Kuci\u0144ska","url":"https:\/\/dev1.jogapiekna.com\/","logo":{"@type":"ImageObject","inLanguage":"en-GB","@id":"https:\/\/dev1.jogapiekna.com\/#\/schema\/logo\/image\/","url":"https:\/\/dev1.jogapiekna.com\/wp-content\/uploads\/2022\/09\/joga-piekna-logo_Rka.png","contentUrl":"https:\/\/dev1.jogapiekna.com\/wp-content\/uploads\/2022\/09\/joga-piekna-logo_Rka.png","width":231,"height":124,"caption":"Joga Pi\u0119kna Marta Kuci\u0144ska"},"image":{"@id":"https:\/\/dev1.jogapiekna.com\/#\/schema\/logo\/image\/"},"sameAs":["https:\/\/www.facebook.com\/JogaPieknaCom\/","https:\/\/www.instagram.com\/jogapieknacom\/"]}]}},"_links":{"self":[{"href":"https:\/\/dev1.jogapiekna.com\/en\/wp-json\/wp\/v2\/product\/36244","targetHints":{"allow":["GET"]}}],"collection":[{"href":"https:\/\/dev1.jogapiekna.com\/en\/wp-json\/wp\/v2\/product"}],"about":[{"href":"https:\/\/dev1.jogapiekna.com\/en\/wp-json\/wp\/v2\/types\/product"}],"replies":[{"embeddable":true,"href":"https:\/\/dev1.jogapiekna.com\/en\/wp-json\/wp\/v2\/comments?post=36244"}],"version-history":[{"count":2,"href":"https:\/\/dev1.jogapiekna.com\/en\/wp-json\/wp\/v2\/product\/36244\/revisions"}],"predecessor-version":[{"id":210807,"href":"https:\/\/dev1.jogapiekna.com\/en\/wp-json\/wp\/v2\/product\/36244\/revisions\/210807"}],"wp:featuredmedia":[{"embeddable":true,"href":"https:\/\/dev1.jogapiekna.com\/en\/wp-json\/wp\/v2\/media\/94533"}],"wp:attachment":[{"href":"https:\/\/dev1.jogapiekna.com\/en\/wp-json\/wp\/v2\/media?parent=36244"}],"wp:term":[{"taxonomy":"product_brand","embeddable":true,"href":"https:\/\/dev1.jogapiekna.com\/en\/wp-json\/wp\/v2\/product_brand?post=36244"},{"taxonomy":"product_cat","embeddable":true,"href":"https:\/\/dev1.jogapiekna.com\/en\/wp-json\/wp\/v2\/product_cat?post=36244"},{"taxonomy":"product_tag","embeddable":true,"href":"https:\/\/dev1.jogapiekna.com\/en\/wp-json\/wp\/v2\/product_tag?post=36244"}],"curies":[{"name":"wp","href":"https:\/\/api.w.org\/{rel}","templated":true}]}}