{"id":36230,"date":"2020-12-13T23:25:18","date_gmt":"2020-12-13T22:25:18","guid":{"rendered":"https:\/\/dev1.jogapiekna.com?post_type=product&#038;p=36230"},"modified":"2026-03-18T11:30:17","modified_gmt":"2026-03-18T10:30:17","slug":"zestaw-joga-piekna-do-masazu-twarzy-roller-kamien-gua-sha-obsydian-czarny","status":"publish","type":"product","link":"https:\/\/dev1.jogapiekna.com\/en\/product\/zestaw-joga-piekna-do-masazu-twarzy-roller-kamien-gua-sha-obsydian-czarny\/","title":{"rendered":"Massage kit * roller + gua sha * Black obsidian"},"content":{"rendered":"<p>Looking for a set of natural stones for a rejuvenating face and body massage? <strong>Roller and Black obsidian gua sha<\/strong> this is by far the most elegant, even luxurious offer. Obsidian is a natural stone that has great benefits for both well-being and appearance. They say that <strong>It&#039;s a Power Stone<\/strong>. It absorbs negative energy and frees you from negative thoughts. It supports the body in cleansing itself of toxins. It gives courage and self-confidence.<\/p>\n<p><strong>Luxury Black Obsidian Face Massagers<\/strong> this is the perfect gift idea. The dark color of natural stone makes a huge impression. It will appeal to any lover of aesthetic beauty accessories. This will be good for sensitive, sensitive people who want to protect themselves from the effects of negative emotions.<\/p>\n<p>&nbsp;<\/p>\n<h3>Roller and stone gua sha action<\/h3>\n<p>You can use massagers interchangeably, depending on how intense the massage is and what you want to do at the moment.<\/p>\n<ul>\n<li><strong>Obsidian Roller<\/strong> allows you to make a more gentle massage. It gently massages the skin of the face, neck and decollete, while simultaneously tightening, making it elastic and smoothing out fine wrinkles. Two tips allow you to adapt the massage to individual areas of the face. The smaller one is used to massage the eye area.<\/li>\n<li><strong><a href=\"https:\/\/dev1.jogapiekna.comprodukt\/masazer-joga-piekna-do-masazu-twarzy-szyi-i-dekoltu-kamien-gua-sha-obsydian-czarny\/\" target=\"_blank\" rel=\"noopener\">Obsidian Gouache Tiles<\/a> <\/strong>this will allow you to do a stronger facial massage, which stimulates the internal regeneration of the skin. The shape of the stone adapts to the face. It allows you to remove puffiness, improves blood circulation and lymph circulation, and also models the oval of the face.<\/li>\n<\/ul>\n<p>&nbsp;<\/p>\n<p><strong> Roller facial Massage effects\u00a0 <\/strong><\/p>\n<ul>\n<li>improves blood and lymph circulation<\/li>\n<li>simulates facial features<\/li>\n<li>reduces puffiness of the face<\/li>\n<li>thickens and strengthens the skin<\/li>\n<li>reduces bags under the eyes<\/li>\n<li>provides blissful relaxation<\/li>\n<\/ul>\n<p>&nbsp;<\/p>\n<p><strong> Gua sha facial massage effects <\/strong><\/p>\n<ul>\n<li>gua sha stone models the face<\/li>\n<li>improves the contour of the face<\/li>\n<li>reduces the second chin<\/li>\n<li>reduces hamsters on the cheeks<\/li>\n<li>stimulates collagen synthesis<\/li>\n<li>strongly strengthens the skin<\/li>\n<li>strongly stimulates blood and lymph circulation<\/li>\n<\/ul>\n<p>&nbsp;<\/p>\n<h3>Luxury Black Obsidian Face Massagers<\/h3>\n<p><strong>Luxury Obsidian Massagers<\/strong> they were made by hand from natural stone-black obsidian, which is called the &#034;stone of power&#034;.<\/p>\n<p><strong> What are the properties of obsidian?\u00a0 <\/strong><\/p>\n<p>Obsidian Black <strong>natural mineral<\/strong> about protective properties. Protects against the effects of negative energy. <strong>It can reduce bad thoughts and emotions.<\/strong> Supports sensitive and gentle people. It gives you courage, helps you overcome uncertainty and fear. This builds self-confidence and confidence in your abilities. It has a positive effect on the skin. <strong>It supports the removal of toxins and eliminates the stress caused by stress and overwork.<\/strong><\/p>\n<p>I recommend it to people who are looking for not only aesthetic, but also mental and spiritual benefits in natural massages. This is a set that <strong>he will be your support in times of doubt<\/strong>.<\/p>\n<p><strong>Attention! Obsidian is a gift of nature, which will not be 100% perfect (it may have small defects and color deviation).<\/strong><\/p>\n<p><strong> Black Obsidian massage \u2014 how to prepare your skin?\u00a0 <\/strong><br \/>\nBefore starting the massage, it is necessary to thoroughly clean the skin of the face and decollete.\u2028 To get a massage, apply a serum \/ oil or your favorite moisturizer. You can also use essential oils for massage.<\/p>\n<p>Gua sha massage-what you need to do<br \/>\n<iframe title=\"YouTube video player\" src=\"https:\/\/www.youtube.com\/embed\/8ORiaLgEwu8\" width=\"800\" height=\"450\" frameborder=\"0\" allowfullscreen=\"allowfullscreen\"><\/iframe><\/p>\n<p><strong> Face roller \u2014 how to use it?\u00a0 <\/strong><br \/>\nThe massage starts each time from the top of the face. <strong>gradually going down in the direction of the arrows<\/strong> \u2013 <strong>Figure 1<\/strong> snuggling up with moderate force. This is a very gentle massage that you can do every day. Regular use provides a natural facelift. Roller massage should last from 5 to 10 minutes.<\/p>\n<p><img decoding=\"async\" class=\"alignleft size-full wp-image-10664\" src=\"https:\/\/dev1.jogapiekna.comwp-content\/uploads\/2020\/01\/technika-roller.jpg\" alt=\"jak u\u017cywa\u0107 rollera do twarzy\" width=\"\u201e399\u201d\" height=\"\u201e600\u201d\" \/><\/p>\n<p><strong> Gua sha-how to use a stone for facial massage?\u00a0\u00a0<\/strong><br \/>\nGua sha is a special form of traditional Chinese therapeutic massage, consisting of skin scraping.<br \/>\nGua sha massage starts each time from the upper parts of the face, gradually going down in accordance with the direction of the arrows \u2013 <strong>Figure 2<\/strong> or with more puffiness from the lower parts, and then repeat the movements from top to bottom.<\/p>\n<p><img decoding=\"async\" class=\"alignleft size-full wp-image-10664\" src=\"https:\/\/dev1.jogapiekna.comwp-content\/uploads\/2020\/01\/kamien-gua-sha_technika2.jpg\" alt=\"\" width=\"\u201e399\u201d\" height=\"\u201e600\u201d\" \/><\/p>\n<p>&nbsp;<\/p>\n<h3>Contraindications for gua sha facial massage<\/h3>\n<ul>\n<li>damaged skin<\/li>\n<li>damaged veins<\/li>\n<li>highly capillary skin<\/li>\n<li>moles<\/li>\n<li>cuts and bruises<\/li>\n<li>extensive acne lesions<\/li>\n<li>rosacea in the active phase<\/li>\n<li>cancer diseases<\/li>\n<\/ul>\n<p>&nbsp;<\/p>\n<hr \/>\n<p>How to use a White quartz facial Massage Kit? Check out my YouTube channel:<\/p>\n<ul>\n<li><a href=\"https:\/\/www.youtube.com\/watch?v=97W6rL5zEXQ\" target=\"_blank\" rel=\"noopener\">Lifting and rejuvenating facial massage gua sha<\/a><\/li>\n<li><a href=\"https:\/\/www.youtube.com\/watch?v=LHPaqjpKXEA\" target=\"_blank\" rel=\"noopener\">Reducing puffiness around the eyes with gua sha<\/a><\/li>\n<li><a href=\"https:\/\/www.youtube.com\/watch?v=B7ozY52tXpo&amp;list=PL3hHGTCx5OYDQ5ZeJh_AniYwymJNeip6h&amp;index=6\" target=\"_blank\" rel=\"noopener\">Gua sha massage for lion&#039;s wrinkle\u00a0<\/a><\/li>\n<\/ul>","protected":false},"excerpt":{"rendered":"<p>Looking for an idea for <strong>luxury gift<\/strong>? Massager Set: The roller and gua sha tile are made of black obsidian-a natural stone that has a dark, elegant color. <strong>It&#039;s called the Power Stone<\/strong>, and for good reason. Obsidian massage of the face, neck and decollete stimulates blood circulation and lymph flow. They reduce puffiness, relieve facial tension-restore its radiant appearance, full of radiance and natural beauty.<\/p>\n<p><strong>Roller dimensions:<\/strong> 14.5 cm x 6 cm<br \/>\n<strong>Guasha dimensions<\/strong> 8,5cm x 5,8cm x 0.8cm (+\/- 0.2 cm)<\/p>\n<p><strong>Package dimensions:<\/strong> 17 cm x 12 cm x 2.8 cm<\/p>\n<p>It is handmade from natural stone \u2013 black obsidian.<\/p>","protected":false},"featured_media":94410,"comment_status":"closed","ping_status":"closed","template":"","meta":{"_acf_changed":false,"site-sidebar-layout":"default","site-content-layout":"","ast-site-content-layout":"default","site-content-style":"default","site-sidebar-style":"default","ast-global-header-display":"","ast-banner-title-visibility":"","ast-main-header-display":"","ast-hfb-above-header-display":"","ast-hfb-below-header-display":"","ast-hfb-mobile-header-display":"","site-post-title":"","ast-breadcrumbs-content":"","ast-featured-img":"","footer-sml-layout":"","ast-disable-related-posts":"","theme-transparent-header-meta":"","adv-header-id-meta":"","stick-header-meta":"","header-above-stick-meta":"","header-main-stick-meta":"","header-below-stick-meta":"","astra-migrate-meta-layouts":"default","ast-page-background-enabled":"default","ast-page-background-meta":{"desktop":{"background-color":"var(--ast-global-color-5)","background-image":"","background-repeat":"repeat","background-position":"center center","background-size":"auto","background-attachment":"scroll","background-type":"","background-media":"","overlay-type":"","overlay-color":"","overlay-opacity":"","overlay-gradient":""},"tablet":{"background-color":"","background-image":"","background-repeat":"repeat","background-position":"center center","background-size":"auto","background-attachment":"scroll","background-type":"","background-media":"","overlay-type":"","overlay-color":"","overlay-opacity":"","overlay-gradient":""},"mobile":{"background-color":"","background-image":"","background-repeat":"repeat","background-position":"center center","background-size":"auto","background-attachment":"scroll","background-type":"","background-media":"","overlay-type":"","overlay-color":"","overlay-opacity":"","overlay-gradient":""}},"ast-content-background-meta":{"desktop":{"background-color":"var(--ast-global-color-4)","background-image":"","background-repeat":"repeat","background-position":"center center","background-size":"auto","background-attachment":"scroll","background-type":"","background-media":"","overlay-type":"","overlay-color":"","overlay-opacity":"","overlay-gradient":""},"tablet":{"background-color":"var(--ast-global-color-4)","background-image":"","background-repeat":"repeat","background-position":"center center","background-size":"auto","background-attachment":"scroll","background-type":"","background-media":"","overlay-type":"","overlay-color":"","overlay-opacity":"","overlay-gradient":""},"mobile":{"background-color":"var(--ast-global-color-4)","background-image":"","background-repeat":"repeat","background-position":"center center","background-size":"auto","background-attachment":"scroll","background-type":"","background-media":"","overlay-type":"","overlay-color":"","overlay-opacity":"","overlay-gradient":""}}},"product_brand":[],"product_cat":[21,611,610],"product_tag":[267,41,208,60,266,210],"class_list":{"0":"post-36230","1":"product","2":"type-product","3":"status-publish","4":"has-post-thumbnail","6":"product_cat-akcesoria","7":"product_cat-gua-sha-rollery","8":"product_cat-masaz-twarzy-i-szyi","9":"product_tag-czarny","10":"product_tag-joga-twarzy","11":"product_tag-kamien-gua-sha","12":"product_tag-masazer-do-twarzy","13":"product_tag-obsydian","14":"product_tag-roller","15":"desktop-align-left","16":"tablet-align-left","17":"mobile-align-left","19":"first","20":"instock","21":"taxable","22":"shipping-taxable","23":"purchasable","24":"product-type-simple"},"acf":[],"yoast_head":"<!-- This site is optimized with the Yoast SEO plugin v27.1.1 - https:\/\/yoast.com\/product\/yoast-seo-wordpress\/ -->\n<title>Roller i Gua Sha z czarnego obsydianu | luksusowy kamie\u0144 mocy<\/title>\n<meta name=\"description\" content=\"Zam\u00f3w zestaw masa\u017cer\u00f3w roller i Gua Sha z eleganckiego, czarnego obsydianu, kt\u00f3ry jest nazywany kamieniem mocy. To \u015bwietny pomys\u0142 na luksusowy prezent.\u00a0\" \/>\n<meta name=\"robots\" content=\"index, follow, max-snippet:-1, max-image-preview:large, max-video-preview:-1\" \/>\n<link rel=\"canonical\" href=\"https:\/\/dev1.jogapiekna.com\/en\/product\/zestaw-joga-piekna-do-masazu-twarzy-roller-kamien-gua-sha-obsydian-czarny\/\" \/>\n<meta property=\"og:locale\" content=\"en_GB\" \/>\n<meta property=\"og:type\" content=\"article\" \/>\n<meta property=\"og:title\" content=\"Roller i Gua Sha z czarnego obsydianu | luksusowy kamie\u0144 mocy\" \/>\n<meta property=\"og:description\" content=\"Zam\u00f3w zestaw masa\u017cer\u00f3w roller i Gua Sha z eleganckiego, czarnego obsydianu, kt\u00f3ry jest nazywany kamieniem mocy. To \u015bwietny pomys\u0142 na luksusowy prezent.\u00a0\" \/>\n<meta property=\"og:url\" content=\"https:\/\/dev1.jogapiekna.com\/en\/product\/zestaw-joga-piekna-do-masazu-twarzy-roller-kamien-gua-sha-obsydian-czarny\/\" \/>\n<meta property=\"og:site_name\" content=\"JOGA PI\u0118KNA | Joga Twarzy\" \/>\n<meta property=\"article:publisher\" content=\"https:\/\/www.facebook.com\/JogaPieknaCom\/\" \/>\n<meta property=\"article:modified_time\" content=\"2026-03-18T10:30:17+00:00\" \/>\n<meta property=\"og:image\" content=\"https:\/\/dev1.jogapiekna.com\/wp-content\/uploads\/2020\/12\/joga-piekna_zestaw-roller-gua-sha_obsydian-czarny_03.jpg\" \/>\n\t<meta property=\"og:image:width\" content=\"1000\" \/>\n\t<meta property=\"og:image:height\" content=\"1000\" \/>\n\t<meta property=\"og:image:type\" content=\"image\/jpeg\" \/>\n<meta name=\"twitter:card\" content=\"summary_large_image\" \/>\n<meta name=\"twitter:label1\" content=\"Estimated reading time\" \/>\n\t<meta name=\"twitter:data1\" content=\"5 minutes\" \/>\n<script type=\"application\/ld+json\" class=\"yoast-schema-graph\">{\"@context\":\"https:\/\/schema.org\",\"@graph\":[{\"@type\":\"WebPage\",\"@id\":\"https:\/\/dev1.jogapiekna.com\/produkt\/zestaw-joga-piekna-do-masazu-twarzy-roller-kamien-gua-sha-obsydian-czarny\/\",\"url\":\"https:\/\/dev1.jogapiekna.com\/produkt\/zestaw-joga-piekna-do-masazu-twarzy-roller-kamien-gua-sha-obsydian-czarny\/\",\"name\":\"Roller i Gua Sha z czarnego obsydianu | luksusowy kamie\u0144 mocy\",\"isPartOf\":{\"@id\":\"https:\/\/dev1.jogapiekna.com\/#website\"},\"primaryImageOfPage\":{\"@id\":\"https:\/\/dev1.jogapiekna.com\/produkt\/zestaw-joga-piekna-do-masazu-twarzy-roller-kamien-gua-sha-obsydian-czarny\/#primaryimage\"},\"image\":{\"@id\":\"https:\/\/dev1.jogapiekna.com\/produkt\/zestaw-joga-piekna-do-masazu-twarzy-roller-kamien-gua-sha-obsydian-czarny\/#primaryimage\"},\"thumbnailUrl\":\"https:\/\/dev1.jogapiekna.com\/wp-content\/uploads\/2020\/12\/joga-piekna_zestaw-roller-gua-sha_obsydian-czarny_03.jpg\",\"datePublished\":\"2020-12-13T22:25:18+00:00\",\"dateModified\":\"2026-03-18T10:30:17+00:00\",\"description\":\"Zam\u00f3w zestaw masa\u017cer\u00f3w roller i Gua Sha z eleganckiego, czarnego obsydianu, kt\u00f3ry jest nazywany kamieniem mocy. To \u015bwietny pomys\u0142 na luksusowy prezent.\u00a0\",\"breadcrumb\":{\"@id\":\"https:\/\/dev1.jogapiekna.com\/produkt\/zestaw-joga-piekna-do-masazu-twarzy-roller-kamien-gua-sha-obsydian-czarny\/#breadcrumb\"},\"inLanguage\":\"en-GB\",\"potentialAction\":[{\"@type\":\"ReadAction\",\"target\":[\"https:\/\/dev1.jogapiekna.com\/produkt\/zestaw-joga-piekna-do-masazu-twarzy-roller-kamien-gua-sha-obsydian-czarny\/\"]}]},{\"@type\":\"ImageObject\",\"inLanguage\":\"en-GB\",\"@id\":\"https:\/\/dev1.jogapiekna.com\/produkt\/zestaw-joga-piekna-do-masazu-twarzy-roller-kamien-gua-sha-obsydian-czarny\/#primaryimage\",\"url\":\"https:\/\/dev1.jogapiekna.com\/wp-content\/uploads\/2020\/12\/joga-piekna_zestaw-roller-gua-sha_obsydian-czarny_03.jpg\",\"contentUrl\":\"https:\/\/dev1.jogapiekna.com\/wp-content\/uploads\/2020\/12\/joga-piekna_zestaw-roller-gua-sha_obsydian-czarny_03.jpg\",\"width\":1000,\"height\":1000,\"caption\":\"Zestaw do masa\u017cu: roller, GuaSha | czarny obsydian\"},{\"@type\":\"BreadcrumbList\",\"@id\":\"https:\/\/dev1.jogapiekna.com\/produkt\/zestaw-joga-piekna-do-masazu-twarzy-roller-kamien-gua-sha-obsydian-czarny\/#breadcrumb\",\"itemListElement\":[{\"@type\":\"ListItem\",\"position\":1,\"name\":\"Strona g\u0142\u00f3wna\",\"item\":\"https:\/\/dev1.jogapiekna.com\/\"},{\"@type\":\"ListItem\",\"position\":2,\"name\":\"Sklep\",\"item\":\"https:\/\/dev1.jogapiekna.com\/sklep\/\"},{\"@type\":\"ListItem\",\"position\":3,\"name\":\"Zestaw do masa\u017cu: roller + Gua-Sha \u2022 czarny obsydian\"}]},{\"@type\":\"WebSite\",\"@id\":\"https:\/\/dev1.jogapiekna.com\/#website\",\"url\":\"https:\/\/dev1.jogapiekna.com\/\",\"name\":\"Joga Pi\u0119kna Marta Kuci\u0144ska\",\"description\":\"Joga Pi\u0119kna pomaga kobietom zachowa\u0107 urod\u0119, cofn\u0105\u0107 oznaki up\u0142ywaj\u0105cego czasu i zm\u0119czenia, odzyska\u0107 promienny wygl\u0105d, naturalny u\u015bmiech i popraw\u0119 w\u0142asnej samooceny.\",\"publisher\":{\"@id\":\"https:\/\/dev1.jogapiekna.com\/#organization\"},\"potentialAction\":[{\"@type\":\"SearchAction\",\"target\":{\"@type\":\"EntryPoint\",\"urlTemplate\":\"https:\/\/dev1.jogapiekna.com\/?s={search_term_string}\"},\"query-input\":{\"@type\":\"PropertyValueSpecification\",\"valueRequired\":true,\"valueName\":\"search_term_string\"}}],\"inLanguage\":\"en-GB\"},{\"@type\":\"Organization\",\"@id\":\"https:\/\/dev1.jogapiekna.com\/#organization\",\"name\":\"Joga Pi\u0119kna Marta Kuci\u0144ska\",\"url\":\"https:\/\/dev1.jogapiekna.com\/\",\"logo\":{\"@type\":\"ImageObject\",\"inLanguage\":\"en-GB\",\"@id\":\"https:\/\/dev1.jogapiekna.com\/#\/schema\/logo\/image\/\",\"url\":\"https:\/\/dev1.jogapiekna.com\/wp-content\/uploads\/2022\/09\/joga-piekna-logo_Rka.png\",\"contentUrl\":\"https:\/\/dev1.jogapiekna.com\/wp-content\/uploads\/2022\/09\/joga-piekna-logo_Rka.png\",\"width\":231,\"height\":124,\"caption\":\"Joga Pi\u0119kna Marta Kuci\u0144ska\"},\"image\":{\"@id\":\"https:\/\/dev1.jogapiekna.com\/#\/schema\/logo\/image\/\"},\"sameAs\":[\"https:\/\/www.facebook.com\/JogaPieknaCom\/\",\"https:\/\/www.instagram.com\/jogapieknacom\/\"]}]}<\/script>\n<!-- \/ Yoast SEO plugin. -->","yoast_head_json":{"title":"Roller i Gua Sha z czarnego obsydianu | luksusowy kamie\u0144 mocy","description":"Zam\u00f3w zestaw masa\u017cer\u00f3w roller i Gua Sha z eleganckiego, czarnego obsydianu, kt\u00f3ry jest nazywany kamieniem mocy. To \u015bwietny pomys\u0142 na luksusowy prezent.\u00a0","robots":{"index":"index","follow":"follow","max-snippet":"max-snippet:-1","max-image-preview":"max-image-preview:large","max-video-preview":"max-video-preview:-1"},"canonical":"https:\/\/dev1.jogapiekna.com\/en\/product\/zestaw-joga-piekna-do-masazu-twarzy-roller-kamien-gua-sha-obsydian-czarny\/","og_locale":"en_GB","og_type":"article","og_title":"Roller i Gua Sha z czarnego obsydianu | luksusowy kamie\u0144 mocy","og_description":"Zam\u00f3w zestaw masa\u017cer\u00f3w roller i Gua Sha z eleganckiego, czarnego obsydianu, kt\u00f3ry jest nazywany kamieniem mocy. To \u015bwietny pomys\u0142 na luksusowy prezent.\u00a0","og_url":"https:\/\/dev1.jogapiekna.com\/en\/product\/zestaw-joga-piekna-do-masazu-twarzy-roller-kamien-gua-sha-obsydian-czarny\/","og_site_name":"JOGA PI\u0118KNA | Joga Twarzy","article_publisher":"https:\/\/www.facebook.com\/JogaPieknaCom\/","article_modified_time":"2026-03-18T10:30:17+00:00","og_image":[{"width":1000,"height":1000,"url":"https:\/\/dev1.jogapiekna.com\/wp-content\/uploads\/2020\/12\/joga-piekna_zestaw-roller-gua-sha_obsydian-czarny_03.jpg","type":"image\/jpeg"}],"twitter_card":"summary_large_image","twitter_misc":{"Estimated reading time":"5 minutes"},"schema":{"@context":"https:\/\/schema.org","@graph":[{"@type":"WebPage","@id":"https:\/\/dev1.jogapiekna.com\/produkt\/zestaw-joga-piekna-do-masazu-twarzy-roller-kamien-gua-sha-obsydian-czarny\/","url":"https:\/\/dev1.jogapiekna.com\/produkt\/zestaw-joga-piekna-do-masazu-twarzy-roller-kamien-gua-sha-obsydian-czarny\/","name":"Roller i Gua Sha z czarnego obsydianu | luksusowy kamie\u0144 mocy","isPartOf":{"@id":"https:\/\/dev1.jogapiekna.com\/#website"},"primaryImageOfPage":{"@id":"https:\/\/dev1.jogapiekna.com\/produkt\/zestaw-joga-piekna-do-masazu-twarzy-roller-kamien-gua-sha-obsydian-czarny\/#primaryimage"},"image":{"@id":"https:\/\/dev1.jogapiekna.com\/produkt\/zestaw-joga-piekna-do-masazu-twarzy-roller-kamien-gua-sha-obsydian-czarny\/#primaryimage"},"thumbnailUrl":"https:\/\/dev1.jogapiekna.com\/wp-content\/uploads\/2020\/12\/joga-piekna_zestaw-roller-gua-sha_obsydian-czarny_03.jpg","datePublished":"2020-12-13T22:25:18+00:00","dateModified":"2026-03-18T10:30:17+00:00","description":"Zam\u00f3w zestaw masa\u017cer\u00f3w roller i Gua Sha z eleganckiego, czarnego obsydianu, kt\u00f3ry jest nazywany kamieniem mocy. To \u015bwietny pomys\u0142 na luksusowy prezent.\u00a0","breadcrumb":{"@id":"https:\/\/dev1.jogapiekna.com\/produkt\/zestaw-joga-piekna-do-masazu-twarzy-roller-kamien-gua-sha-obsydian-czarny\/#breadcrumb"},"inLanguage":"en-GB","potentialAction":[{"@type":"ReadAction","target":["https:\/\/dev1.jogapiekna.com\/produkt\/zestaw-joga-piekna-do-masazu-twarzy-roller-kamien-gua-sha-obsydian-czarny\/"]}]},{"@type":"ImageObject","inLanguage":"en-GB","@id":"https:\/\/dev1.jogapiekna.com\/produkt\/zestaw-joga-piekna-do-masazu-twarzy-roller-kamien-gua-sha-obsydian-czarny\/#primaryimage","url":"https:\/\/dev1.jogapiekna.com\/wp-content\/uploads\/2020\/12\/joga-piekna_zestaw-roller-gua-sha_obsydian-czarny_03.jpg","contentUrl":"https:\/\/dev1.jogapiekna.com\/wp-content\/uploads\/2020\/12\/joga-piekna_zestaw-roller-gua-sha_obsydian-czarny_03.jpg","width":1000,"height":1000,"caption":"Zestaw do masa\u017cu: roller, GuaSha | czarny obsydian"},{"@type":"BreadcrumbList","@id":"https:\/\/dev1.jogapiekna.com\/produkt\/zestaw-joga-piekna-do-masazu-twarzy-roller-kamien-gua-sha-obsydian-czarny\/#breadcrumb","itemListElement":[{"@type":"ListItem","position":1,"name":"Strona g\u0142\u00f3wna","item":"https:\/\/dev1.jogapiekna.com\/"},{"@type":"ListItem","position":2,"name":"Sklep","item":"https:\/\/dev1.jogapiekna.com\/sklep\/"},{"@type":"ListItem","position":3,"name":"Zestaw do masa\u017cu: roller + Gua-Sha \u2022 czarny obsydian"}]},{"@type":"WebSite","@id":"https:\/\/dev1.jogapiekna.com\/#website","url":"https:\/\/dev1.jogapiekna.com\/","name":"Yoga Beauty Marta Kuci\u0144ska","description":"Beauty Yoga helps women to maintain their beauty, reverse the signs of passing time and fatigue, regain a radiant appearance, natural smile and improve their self-esteem.","publisher":{"@id":"https:\/\/dev1.jogapiekna.com\/#organization"},"potentialAction":[{"@type":"SearchAction","target":{"@type":"EntryPoint","urlTemplate":"https:\/\/dev1.jogapiekna.com\/?s={search_term_string}"},"query-input":{"@type":"PropertyValueSpecification","valueRequired":true,"valueName":"search_term_string"}}],"inLanguage":"en-GB"},{"@type":"Organization","@id":"https:\/\/dev1.jogapiekna.com\/#organization","name":"Yoga Beauty Marta Kuci\u0144ska","url":"https:\/\/dev1.jogapiekna.com\/","logo":{"@type":"ImageObject","inLanguage":"en-GB","@id":"https:\/\/dev1.jogapiekna.com\/#\/schema\/logo\/image\/","url":"https:\/\/dev1.jogapiekna.com\/wp-content\/uploads\/2022\/09\/joga-piekna-logo_Rka.png","contentUrl":"https:\/\/dev1.jogapiekna.com\/wp-content\/uploads\/2022\/09\/joga-piekna-logo_Rka.png","width":231,"height":124,"caption":"Joga Pi\u0119kna Marta Kuci\u0144ska"},"image":{"@id":"https:\/\/dev1.jogapiekna.com\/#\/schema\/logo\/image\/"},"sameAs":["https:\/\/www.facebook.com\/JogaPieknaCom\/","https:\/\/www.instagram.com\/jogapieknacom\/"]}]}},"_links":{"self":[{"href":"https:\/\/dev1.jogapiekna.com\/en\/wp-json\/wp\/v2\/product\/36230","targetHints":{"allow":["GET"]}}],"collection":[{"href":"https:\/\/dev1.jogapiekna.com\/en\/wp-json\/wp\/v2\/product"}],"about":[{"href":"https:\/\/dev1.jogapiekna.com\/en\/wp-json\/wp\/v2\/types\/product"}],"replies":[{"embeddable":true,"href":"https:\/\/dev1.jogapiekna.com\/en\/wp-json\/wp\/v2\/comments?post=36230"}],"version-history":[{"count":2,"href":"https:\/\/dev1.jogapiekna.com\/en\/wp-json\/wp\/v2\/product\/36230\/revisions"}],"predecessor-version":[{"id":210810,"href":"https:\/\/dev1.jogapiekna.com\/en\/wp-json\/wp\/v2\/product\/36230\/revisions\/210810"}],"wp:featuredmedia":[{"embeddable":true,"href":"https:\/\/dev1.jogapiekna.com\/en\/wp-json\/wp\/v2\/media\/94410"}],"wp:attachment":[{"href":"https:\/\/dev1.jogapiekna.com\/en\/wp-json\/wp\/v2\/media?parent=36230"}],"wp:term":[{"taxonomy":"product_brand","embeddable":true,"href":"https:\/\/dev1.jogapiekna.com\/en\/wp-json\/wp\/v2\/product_brand?post=36230"},{"taxonomy":"product_cat","embeddable":true,"href":"https:\/\/dev1.jogapiekna.com\/en\/wp-json\/wp\/v2\/product_cat?post=36230"},{"taxonomy":"product_tag","embeddable":true,"href":"https:\/\/dev1.jogapiekna.com\/en\/wp-json\/wp\/v2\/product_tag?post=36230"}],"curies":[{"name":"wp","href":"https:\/\/api.w.org\/{rel}","templated":true}]}}