{"id":31391,"date":"2020-09-16T19:37:41","date_gmt":"2020-09-16T17:37:41","guid":{"rendered":"https:\/\/dev1.jogapiekna.com?post_type=product&#038;p=31391"},"modified":"2026-02-02T10:14:02","modified_gmt":"2026-02-02T09:14:02","slug":"olejek-console-5-ml","status":"publish","type":"product","link":"https:\/\/dev1.jogapiekna.com\/en\/product\/olejek-console-5-ml\/","title":{"rendered":"doTERRA Essential Oil * depressed mood * console * 5 ml"},"content":{"rendered":"<p>The doTERRA Console is part of the doTERRA Essential Aromatics\u2122 system and is designed to provide a sense of comfort and hope. A blend of floral and woody oils <strong>It is one of the six oils in the aromatic system that soothes and manages emotions.<\/strong>. In combination with other oils in the system, the console <strong>helps improve overall well-being and emotional stability<\/strong>.<\/p>\n<p><strong>smell:<\/strong> sweet, musky, floral<\/p>\n<p><strong> indication: <\/strong><\/p>\n<ul>\n<li>for a depressed mood<\/li>\n<\/ul>\n<p><strong> How to use it: <\/strong><\/p>\n<ul>\n<li>diffuser: 3-4 drops<\/li>\n<li>on the skin-for massage, apply 5 drops with 10 drops of carrier oil<\/li>\n<li>for a bath, mix 5 drops with 5 ml of carrier oil<\/li>\n<li>for clothing perfume-mix 1 drop with 10 drops of carrier oil<\/li>\n<\/ul>\n<p><strong>All doTERRA oils are clean and safe. They are certified CPTG (Certified Pure Therapeutic Grade\u00ae) - certified pure therapeutic grade.<\/strong> They can be safely used internally, lubricated the body, and inhaled.<\/p>\n<p><strong>CPTG-Certified Pure Therapeutic Grade (ACKT-Certified Pure therapeutic Grade)<\/strong> doTERRA oils, which makes it absolutely safe to use oils orally (those intended for internal use), as well as in small children.<\/p>\n<p>What does such a certificate mean?<\/p>\n<ul>\n<li>quality without pesticides and heavy metals,<\/li>\n<li>no artificial colors or fillers,<\/li>\n<li>kontrolowane uprawy na obszarach, gdzie naturalnie wyst\u0119puje dana ro\u015blina i zbieranie jej w optymalnym momencie<\/li>\n<li>brak domieszek olejk\u00f3w z innych ro\u015blinnych<\/li>\n<li>brak domieszek olejk\u00f3w syntetycznych<\/li>\n<\/ul>","protected":false},"excerpt":{"rendered":"<p>5 ml<\/p>","protected":false},"featured_media":94718,"comment_status":"closed","ping_status":"closed","template":"","meta":{"_acf_changed":false,"site-sidebar-layout":"default","site-content-layout":"","ast-site-content-layout":"default","site-content-style":"default","site-sidebar-style":"default","ast-global-header-display":"","ast-banner-title-visibility":"","ast-main-header-display":"","ast-hfb-above-header-display":"","ast-hfb-below-header-display":"","ast-hfb-mobile-header-display":"","site-post-title":"","ast-breadcrumbs-content":"","ast-featured-img":"","footer-sml-layout":"","ast-disable-related-posts":"","theme-transparent-header-meta":"","adv-header-id-meta":"","stick-header-meta":"","header-above-stick-meta":"","header-main-stick-meta":"","header-below-stick-meta":"","astra-migrate-meta-layouts":"default","ast-page-background-enabled":"default","ast-page-background-meta":{"desktop":{"background-color":"var(--ast-global-color-5)","background-image":"","background-repeat":"repeat","background-position":"center center","background-size":"auto","background-attachment":"scroll","background-type":"","background-media":"","overlay-type":"","overlay-color":"","overlay-opacity":"","overlay-gradient":""},"tablet":{"background-color":"","background-image":"","background-repeat":"repeat","background-position":"center center","background-size":"auto","background-attachment":"scroll","background-type":"","background-media":"","overlay-type":"","overlay-color":"","overlay-opacity":"","overlay-gradient":""},"mobile":{"background-color":"","background-image":"","background-repeat":"repeat","background-position":"center center","background-size":"auto","background-attachment":"scroll","background-type":"","background-media":"","overlay-type":"","overlay-color":"","overlay-opacity":"","overlay-gradient":""}},"ast-content-background-meta":{"desktop":{"background-color":"var(--ast-global-color-4)","background-image":"","background-repeat":"repeat","background-position":"center center","background-size":"auto","background-attachment":"scroll","background-type":"","background-media":"","overlay-type":"","overlay-color":"","overlay-opacity":"","overlay-gradient":""},"tablet":{"background-color":"var(--ast-global-color-4)","background-image":"","background-repeat":"repeat","background-position":"center center","background-size":"auto","background-attachment":"scroll","background-type":"","background-media":"","overlay-type":"","overlay-color":"","overlay-opacity":"","overlay-gradient":""},"mobile":{"background-color":"var(--ast-global-color-4)","background-image":"","background-repeat":"repeat","background-position":"center center","background-size":"auto","background-attachment":"scroll","background-type":"","background-media":"","overlay-type":"","overlay-color":"","overlay-opacity":"","overlay-gradient":""}}},"product_brand":[],"product_cat":[642],"product_tag":[157,144,57],"class_list":{"0":"post-31391","1":"product","2":"type-product","3":"status-publish","4":"has-post-thumbnail","6":"product_cat-olejki-eteryczne","7":"product_tag-aromaterapia","8":"product_tag-doterra","9":"product_tag-olejek-eteryczny","10":"desktop-align-left","11":"tablet-align-left","12":"mobile-align-left","14":"first","15":"instock","16":"taxable","17":"shipping-taxable","18":"purchasable","19":"product-type-simple"},"acf":[],"yoast_head":"<!-- This site is optimized with the Yoast SEO plugin v27.1.1 - https:\/\/yoast.com\/product\/yoast-seo-wordpress\/ -->\n<title>Olejek eteryczny doTERRA \u2022 obni\u017cony nastr\u00f3j \u2022 Console \u2022 5 ml | Joga Pi\u0119kna | Naturalne odm\u0142adzanie<\/title>\n<meta name=\"description\" content=\"Preparat doTERRA Console (konsola), jest cz\u0119\u015bci\u0105 systemu doTERRA Essential Aromatics\u2122 i zosta\u0142 zaprojektowany w celu promowania poczucia komfortu i nadziei.\" \/>\n<meta name=\"robots\" content=\"index, follow, max-snippet:-1, max-image-preview:large, max-video-preview:-1\" \/>\n<link rel=\"canonical\" href=\"https:\/\/dev1.jogapiekna.com\/en\/product\/olejek-console-5-ml\/\" \/>\n<meta property=\"og:locale\" content=\"en_GB\" \/>\n<meta property=\"og:type\" content=\"article\" \/>\n<meta property=\"og:title\" content=\"Olejek eteryczny doTERRA \u2022 obni\u017cony nastr\u00f3j \u2022 Console \u2022 5 ml | Joga Pi\u0119kna | Naturalne odm\u0142adzanie\" \/>\n<meta property=\"og:description\" content=\"Preparat doTERRA Console (konsola), jest cz\u0119\u015bci\u0105 systemu doTERRA Essential Aromatics\u2122 i zosta\u0142 zaprojektowany w celu promowania poczucia komfortu i nadziei.\" \/>\n<meta property=\"og:url\" content=\"https:\/\/dev1.jogapiekna.com\/en\/product\/olejek-console-5-ml\/\" \/>\n<meta property=\"og:site_name\" content=\"JOGA PI\u0118KNA | Joga Twarzy\" \/>\n<meta property=\"article:publisher\" content=\"https:\/\/www.facebook.com\/JogaPieknaCom\/\" \/>\n<meta property=\"article:modified_time\" content=\"2026-02-02T09:14:02+00:00\" \/>\n<meta property=\"og:image\" content=\"https:\/\/dev1.jogapiekna.com\/wp-content\/uploads\/2020\/05\/joga-piekna_olejek-5ml_console-doterra.jpg\" \/>\n\t<meta property=\"og:image:width\" content=\"1000\" \/>\n\t<meta property=\"og:image:height\" content=\"1000\" \/>\n\t<meta property=\"og:image:type\" content=\"image\/jpeg\" \/>\n<meta name=\"twitter:card\" content=\"summary_large_image\" \/>\n<meta name=\"twitter:label1\" content=\"Estimated reading time\" \/>\n\t<meta name=\"twitter:data1\" content=\"2 minutes\" \/>\n<script type=\"application\/ld+json\" class=\"yoast-schema-graph\">{\"@context\":\"https:\/\/schema.org\",\"@graph\":[{\"@type\":\"WebPage\",\"@id\":\"https:\/\/dev1.jogapiekna.com\/produkt\/olejek-console-5-ml\/\",\"url\":\"https:\/\/dev1.jogapiekna.com\/produkt\/olejek-console-5-ml\/\",\"name\":\"Olejek eteryczny doTERRA \u2022 obni\u017cony nastr\u00f3j \u2022 Console \u2022 5 ml | Joga Pi\u0119kna | Naturalne odm\u0142adzanie\",\"isPartOf\":{\"@id\":\"https:\/\/dev1.jogapiekna.com\/#website\"},\"primaryImageOfPage\":{\"@id\":\"https:\/\/dev1.jogapiekna.com\/produkt\/olejek-console-5-ml\/#primaryimage\"},\"image\":{\"@id\":\"https:\/\/dev1.jogapiekna.com\/produkt\/olejek-console-5-ml\/#primaryimage\"},\"thumbnailUrl\":\"https:\/\/dev1.jogapiekna.com\/wp-content\/uploads\/2020\/05\/joga-piekna_olejek-5ml_console-doterra.jpg\",\"datePublished\":\"2020-09-16T17:37:41+00:00\",\"dateModified\":\"2026-02-02T09:14:02+00:00\",\"description\":\"Preparat doTERRA Console (konsola), jest cz\u0119\u015bci\u0105 systemu doTERRA Essential Aromatics\u2122 i zosta\u0142 zaprojektowany w celu promowania poczucia komfortu i nadziei.\",\"breadcrumb\":{\"@id\":\"https:\/\/dev1.jogapiekna.com\/produkt\/olejek-console-5-ml\/#breadcrumb\"},\"inLanguage\":\"en-GB\",\"potentialAction\":[{\"@type\":\"ReadAction\",\"target\":[\"https:\/\/dev1.jogapiekna.com\/produkt\/olejek-console-5-ml\/\"]}]},{\"@type\":\"ImageObject\",\"inLanguage\":\"en-GB\",\"@id\":\"https:\/\/dev1.jogapiekna.com\/produkt\/olejek-console-5-ml\/#primaryimage\",\"url\":\"https:\/\/dev1.jogapiekna.com\/wp-content\/uploads\/2020\/05\/joga-piekna_olejek-5ml_console-doterra.jpg\",\"contentUrl\":\"https:\/\/dev1.jogapiekna.com\/wp-content\/uploads\/2020\/05\/joga-piekna_olejek-5ml_console-doterra.jpg\",\"width\":1000,\"height\":1000,\"caption\":\"Olejek eteryczny doTERRA \u2022 obni\u017cony nastr\u00f3j \u2022 Console \u2022 5 ml\"},{\"@type\":\"BreadcrumbList\",\"@id\":\"https:\/\/dev1.jogapiekna.com\/produkt\/olejek-console-5-ml\/#breadcrumb\",\"itemListElement\":[{\"@type\":\"ListItem\",\"position\":1,\"name\":\"Strona g\u0142\u00f3wna\",\"item\":\"https:\/\/dev1.jogapiekna.com\/\"},{\"@type\":\"ListItem\",\"position\":2,\"name\":\"Sklep\",\"item\":\"https:\/\/dev1.jogapiekna.com\/sklep\/\"},{\"@type\":\"ListItem\",\"position\":3,\"name\":\"Olejek eteryczny doTERRA \u2022 obni\u017cony nastr\u00f3j \u2022 Console \u2022 5 ml\"}]},{\"@type\":\"WebSite\",\"@id\":\"https:\/\/dev1.jogapiekna.com\/#website\",\"url\":\"https:\/\/dev1.jogapiekna.com\/\",\"name\":\"Joga Pi\u0119kna Marta Kuci\u0144ska\",\"description\":\"Joga Pi\u0119kna pomaga kobietom zachowa\u0107 urod\u0119, cofn\u0105\u0107 oznaki up\u0142ywaj\u0105cego czasu i zm\u0119czenia, odzyska\u0107 promienny wygl\u0105d, naturalny u\u015bmiech i popraw\u0119 w\u0142asnej samooceny.\",\"publisher\":{\"@id\":\"https:\/\/dev1.jogapiekna.com\/#organization\"},\"potentialAction\":[{\"@type\":\"SearchAction\",\"target\":{\"@type\":\"EntryPoint\",\"urlTemplate\":\"https:\/\/dev1.jogapiekna.com\/?s={search_term_string}\"},\"query-input\":{\"@type\":\"PropertyValueSpecification\",\"valueRequired\":true,\"valueName\":\"search_term_string\"}}],\"inLanguage\":\"en-GB\"},{\"@type\":\"Organization\",\"@id\":\"https:\/\/dev1.jogapiekna.com\/#organization\",\"name\":\"Joga Pi\u0119kna Marta Kuci\u0144ska\",\"url\":\"https:\/\/dev1.jogapiekna.com\/\",\"logo\":{\"@type\":\"ImageObject\",\"inLanguage\":\"en-GB\",\"@id\":\"https:\/\/dev1.jogapiekna.com\/#\/schema\/logo\/image\/\",\"url\":\"https:\/\/dev1.jogapiekna.com\/wp-content\/uploads\/2022\/09\/joga-piekna-logo_Rka.png\",\"contentUrl\":\"https:\/\/dev1.jogapiekna.com\/wp-content\/uploads\/2022\/09\/joga-piekna-logo_Rka.png\",\"width\":231,\"height\":124,\"caption\":\"Joga Pi\u0119kna Marta Kuci\u0144ska\"},\"image\":{\"@id\":\"https:\/\/dev1.jogapiekna.com\/#\/schema\/logo\/image\/\"},\"sameAs\":[\"https:\/\/www.facebook.com\/JogaPieknaCom\/\",\"https:\/\/www.instagram.com\/jogapieknacom\/\"]}]}<\/script>\n<!-- \/ Yoast SEO plugin. -->","yoast_head_json":{"title":"Olejek eteryczny doTERRA \u2022 obni\u017cony nastr\u00f3j \u2022 Console \u2022 5 ml | Joga Pi\u0119kna | Naturalne odm\u0142adzanie","description":"Preparat doTERRA Console (konsola), jest cz\u0119\u015bci\u0105 systemu doTERRA Essential Aromatics\u2122 i zosta\u0142 zaprojektowany w celu promowania poczucia komfortu i nadziei.","robots":{"index":"index","follow":"follow","max-snippet":"max-snippet:-1","max-image-preview":"max-image-preview:large","max-video-preview":"max-video-preview:-1"},"canonical":"https:\/\/dev1.jogapiekna.com\/en\/product\/olejek-console-5-ml\/","og_locale":"en_GB","og_type":"article","og_title":"Olejek eteryczny doTERRA \u2022 obni\u017cony nastr\u00f3j \u2022 Console \u2022 5 ml | Joga Pi\u0119kna | Naturalne odm\u0142adzanie","og_description":"Preparat doTERRA Console (konsola), jest cz\u0119\u015bci\u0105 systemu doTERRA Essential Aromatics\u2122 i zosta\u0142 zaprojektowany w celu promowania poczucia komfortu i nadziei.","og_url":"https:\/\/dev1.jogapiekna.com\/en\/product\/olejek-console-5-ml\/","og_site_name":"JOGA PI\u0118KNA | Joga Twarzy","article_publisher":"https:\/\/www.facebook.com\/JogaPieknaCom\/","article_modified_time":"2026-02-02T09:14:02+00:00","og_image":[{"width":1000,"height":1000,"url":"https:\/\/dev1.jogapiekna.com\/wp-content\/uploads\/2020\/05\/joga-piekna_olejek-5ml_console-doterra.jpg","type":"image\/jpeg"}],"twitter_card":"summary_large_image","twitter_misc":{"Estimated reading time":"2 minutes"},"schema":{"@context":"https:\/\/schema.org","@graph":[{"@type":"WebPage","@id":"https:\/\/dev1.jogapiekna.com\/produkt\/olejek-console-5-ml\/","url":"https:\/\/dev1.jogapiekna.com\/produkt\/olejek-console-5-ml\/","name":"Olejek eteryczny doTERRA \u2022 obni\u017cony nastr\u00f3j \u2022 Console \u2022 5 ml | Joga Pi\u0119kna | Naturalne odm\u0142adzanie","isPartOf":{"@id":"https:\/\/dev1.jogapiekna.com\/#website"},"primaryImageOfPage":{"@id":"https:\/\/dev1.jogapiekna.com\/produkt\/olejek-console-5-ml\/#primaryimage"},"image":{"@id":"https:\/\/dev1.jogapiekna.com\/produkt\/olejek-console-5-ml\/#primaryimage"},"thumbnailUrl":"https:\/\/dev1.jogapiekna.com\/wp-content\/uploads\/2020\/05\/joga-piekna_olejek-5ml_console-doterra.jpg","datePublished":"2020-09-16T17:37:41+00:00","dateModified":"2026-02-02T09:14:02+00:00","description":"Preparat doTERRA Console (konsola), jest cz\u0119\u015bci\u0105 systemu doTERRA Essential Aromatics\u2122 i zosta\u0142 zaprojektowany w celu promowania poczucia komfortu i nadziei.","breadcrumb":{"@id":"https:\/\/dev1.jogapiekna.com\/produkt\/olejek-console-5-ml\/#breadcrumb"},"inLanguage":"en-GB","potentialAction":[{"@type":"ReadAction","target":["https:\/\/dev1.jogapiekna.com\/produkt\/olejek-console-5-ml\/"]}]},{"@type":"ImageObject","inLanguage":"en-GB","@id":"https:\/\/dev1.jogapiekna.com\/produkt\/olejek-console-5-ml\/#primaryimage","url":"https:\/\/dev1.jogapiekna.com\/wp-content\/uploads\/2020\/05\/joga-piekna_olejek-5ml_console-doterra.jpg","contentUrl":"https:\/\/dev1.jogapiekna.com\/wp-content\/uploads\/2020\/05\/joga-piekna_olejek-5ml_console-doterra.jpg","width":1000,"height":1000,"caption":"Olejek eteryczny doTERRA \u2022 obni\u017cony nastr\u00f3j \u2022 Console \u2022 5 ml"},{"@type":"BreadcrumbList","@id":"https:\/\/dev1.jogapiekna.com\/produkt\/olejek-console-5-ml\/#breadcrumb","itemListElement":[{"@type":"ListItem","position":1,"name":"Strona g\u0142\u00f3wna","item":"https:\/\/dev1.jogapiekna.com\/"},{"@type":"ListItem","position":2,"name":"Sklep","item":"https:\/\/dev1.jogapiekna.com\/sklep\/"},{"@type":"ListItem","position":3,"name":"Olejek eteryczny doTERRA \u2022 obni\u017cony nastr\u00f3j \u2022 Console \u2022 5 ml"}]},{"@type":"WebSite","@id":"https:\/\/dev1.jogapiekna.com\/#website","url":"https:\/\/dev1.jogapiekna.com\/","name":"Yoga Beauty Marta Kuci\u0144ska","description":"Beauty Yoga helps women to maintain their beauty, reverse the signs of passing time and fatigue, regain a radiant appearance, natural smile and improve their self-esteem.","publisher":{"@id":"https:\/\/dev1.jogapiekna.com\/#organization"},"potentialAction":[{"@type":"SearchAction","target":{"@type":"EntryPoint","urlTemplate":"https:\/\/dev1.jogapiekna.com\/?s={search_term_string}"},"query-input":{"@type":"PropertyValueSpecification","valueRequired":true,"valueName":"search_term_string"}}],"inLanguage":"en-GB"},{"@type":"Organization","@id":"https:\/\/dev1.jogapiekna.com\/#organization","name":"Yoga Beauty Marta Kuci\u0144ska","url":"https:\/\/dev1.jogapiekna.com\/","logo":{"@type":"ImageObject","inLanguage":"en-GB","@id":"https:\/\/dev1.jogapiekna.com\/#\/schema\/logo\/image\/","url":"https:\/\/dev1.jogapiekna.com\/wp-content\/uploads\/2022\/09\/joga-piekna-logo_Rka.png","contentUrl":"https:\/\/dev1.jogapiekna.com\/wp-content\/uploads\/2022\/09\/joga-piekna-logo_Rka.png","width":231,"height":124,"caption":"Joga Pi\u0119kna Marta Kuci\u0144ska"},"image":{"@id":"https:\/\/dev1.jogapiekna.com\/#\/schema\/logo\/image\/"},"sameAs":["https:\/\/www.facebook.com\/JogaPieknaCom\/","https:\/\/www.instagram.com\/jogapieknacom\/"]}]}},"_links":{"self":[{"href":"https:\/\/dev1.jogapiekna.com\/en\/wp-json\/wp\/v2\/product\/31391","targetHints":{"allow":["GET"]}}],"collection":[{"href":"https:\/\/dev1.jogapiekna.com\/en\/wp-json\/wp\/v2\/product"}],"about":[{"href":"https:\/\/dev1.jogapiekna.com\/en\/wp-json\/wp\/v2\/types\/product"}],"replies":[{"embeddable":true,"href":"https:\/\/dev1.jogapiekna.com\/en\/wp-json\/wp\/v2\/comments?post=31391"}],"version-history":[{"count":2,"href":"https:\/\/dev1.jogapiekna.com\/en\/wp-json\/wp\/v2\/product\/31391\/revisions"}],"predecessor-version":[{"id":211248,"href":"https:\/\/dev1.jogapiekna.com\/en\/wp-json\/wp\/v2\/product\/31391\/revisions\/211248"}],"wp:featuredmedia":[{"embeddable":true,"href":"https:\/\/dev1.jogapiekna.com\/en\/wp-json\/wp\/v2\/media\/94718"}],"wp:attachment":[{"href":"https:\/\/dev1.jogapiekna.com\/en\/wp-json\/wp\/v2\/media?parent=31391"}],"wp:term":[{"taxonomy":"product_brand","embeddable":true,"href":"https:\/\/dev1.jogapiekna.com\/en\/wp-json\/wp\/v2\/product_brand?post=31391"},{"taxonomy":"product_cat","embeddable":true,"href":"https:\/\/dev1.jogapiekna.com\/en\/wp-json\/wp\/v2\/product_cat?post=31391"},{"taxonomy":"product_tag","embeddable":true,"href":"https:\/\/dev1.jogapiekna.com\/en\/wp-json\/wp\/v2\/product_tag?post=31391"}],"curies":[{"name":"wp","href":"https:\/\/api.w.org\/{rel}","templated":true}]}}