{"id":29856,"date":"2020-07-21T14:45:03","date_gmt":"2020-07-21T12:45:03","guid":{"rendered":"https:\/\/dev1.jogapiekna.com?post_type=product&#038;p=29856"},"modified":"2025-05-18T13:07:03","modified_gmt":"2025-05-18T11:07:03","slug":"proceanis-hyaluron-drink-2x200-ml","status":"publish","type":"product","link":"https:\/\/dev1.jogapiekna.com\/en\/product\/proceanis-hyaluron-drink-2x200-ml\/","title":{"rendered":"Proceanis \u00ae Hyaluron Drink * skin strengthening * 2 x 200 ml"},"content":{"rendered":"<p>Discover the hyaluronic drink, which is the perfect combination of hyaluronic acid and selected nutrients. This blend has been developed specifically to maintain the health and natural beauty of your skin, hair, and nails from the inside out.<\/p>\n<p>Already after the twenty-fifth year, the level of hyaluronic acid synthesis inside our bodies decreases. We observe the consequences of this process reluctantly-we notice the appearance of the first wrinkles, the skin ages faster, becomes excessively dry, less elastic. Cosmetologists advise that to stop the formation of new wrinkles, for adequate nutrition and regeneration of skin hydration, take hyaluronic acid daily.<\/p>\n<p>In a holistic approach to caring for beauty and well-being, all our actions matter, so of course, the right lifestyle, exercises (including facial yoga), skin massage and proper skin care. Diet and supplements also play an important role in maintaining a youthful appearance.<\/p>\n<p>PROCEANIS \u00ae Hyaluron Drink is a food supplement that combines the benefits of hyaluronic acid and selected nutrients obtained during the biofermentation process. It has an innovative molecular structure, a unique combination of short-chain and long-chain particles. As a result, it is characterized by high absorption, the body quickly and easily assimilates it and can take advantage of its benefits at any time.<\/p>\n<p>The hyaluronic acid contained in the preparation is a special combination of long-chain and short-chain particles. They are optimized to perfectly adapt to the needs of the human metabolism.<\/p>\n<p>Innovative PROCEANIS\u00aeHyaluronic Acid Complex:<\/p>\n<ul>\n<li>It combines invaluable nutrients<\/li>\n<li>It is one hundred percent vegan and natural<\/li>\n<li>You will feel and see the effect of its use in just a few weeks<\/li>\n<li>Free of artificial sweeteners, flavors, colors, gluten, lactose and soy<\/li>\n<li>It can be used by diabetics, allergy sufferers, pregnant women, nursing mothers and owners of any skin type.<\/li>\n<li>It has a biodegradable packaging that is carbon-negative<\/li>\n<\/ul>\n<p><strong>description<\/strong><br \/>\nPROCEANIS \u00ae Hyaluron Drink is based on the principle: &#034;a person is what he eats\u201d. Its uniqueness lies in working where traditional cosmetics can&#039;t reach. Regular use will maintain your natural beauty and wellness from the inside out-where they are born. Drink PROCEANIS \u00ae Hyaluron Drink and watch your skin become more hydrated and supple, as fine lines on your face are smoothed out, as the skin structure is filled in, and your nails and hair are strengthened, shine and look beautiful.<\/p>\n<p><strong>container:<\/strong><br \/>\n2 x 200 ml<\/p>\n<p><strong> 10 ml of the drug (corresponds to the daily dose) contains:<\/strong><\/p>\n<ul>\n<li>Hyaluronic acid-120 mg<\/li>\n<li>Vitamin A-120 mcg<\/li>\n<li>Vitamin B2 (riboflavin) - 0.21 mg<\/li>\n<li>Niacin-2.4 mg<\/li>\n<li>Biotin - 7.5 mcg<\/li>\n<li>Vitamin C-12 mg<\/li>\n<li>Zinc-1.5 mg<\/li>\n<\/ul>\n<p><strong>structure:<\/strong><br \/>\nwater, pomegranate extract (5%), coconut flower syrup (5%), hyaluronic acid, vitamin C, natural flavor, carrot concentrate, saffron, lemon juice concentrate, preservative potassium sorbate (Potassium), zinc citrate( Zinc), niacin, vitamin A, vitamin B2, biotin<\/p>","protected":false},"excerpt":{"rendered":"<p>Discover the hyaluronic drink, which is the perfect combination of hyaluronic acid and selected nutrients. This blend has been developed specifically to maintain the health and natural beauty of your skin, hair, and nails from the inside out.<\/p>\n<p><strong>structure:<\/strong><br \/>\nwater, pomegranate extract (5%), coconut flower syrup (5%), hyaluronic acid, vitamin C, natural flavor, carrot concentrate, saffron, lemon juice concentrate, preservative potassium sorbate (Potassium), zinc citrate( Zinc), niacin, vitamin A, vitamin B2, biotin<\/p>\n<p>&nbsp;<\/p>","protected":false},"featured_media":94570,"comment_status":"closed","ping_status":"closed","template":"","meta":{"_acf_changed":false,"site-sidebar-layout":"default","site-content-layout":"","ast-site-content-layout":"default","site-content-style":"default","site-sidebar-style":"default","ast-global-header-display":"","ast-banner-title-visibility":"","ast-main-header-display":"","ast-hfb-above-header-display":"","ast-hfb-below-header-display":"","ast-hfb-mobile-header-display":"","site-post-title":"","ast-breadcrumbs-content":"","ast-featured-img":"","footer-sml-layout":"","ast-disable-related-posts":"","theme-transparent-header-meta":"","adv-header-id-meta":"","stick-header-meta":"","header-above-stick-meta":"","header-main-stick-meta":"","header-below-stick-meta":"","astra-migrate-meta-layouts":"default","ast-page-background-enabled":"default","ast-page-background-meta":{"desktop":{"background-color":"var(--ast-global-color-5)","background-image":"","background-repeat":"repeat","background-position":"center center","background-size":"auto","background-attachment":"scroll","background-type":"","background-media":"","overlay-type":"","overlay-color":"","overlay-opacity":"","overlay-gradient":""},"tablet":{"background-color":"","background-image":"","background-repeat":"repeat","background-position":"center center","background-size":"auto","background-attachment":"scroll","background-type":"","background-media":"","overlay-type":"","overlay-color":"","overlay-opacity":"","overlay-gradient":""},"mobile":{"background-color":"","background-image":"","background-repeat":"repeat","background-position":"center center","background-size":"auto","background-attachment":"scroll","background-type":"","background-media":"","overlay-type":"","overlay-color":"","overlay-opacity":"","overlay-gradient":""}},"ast-content-background-meta":{"desktop":{"background-color":"var(--ast-global-color-4)","background-image":"","background-repeat":"repeat","background-position":"center center","background-size":"auto","background-attachment":"scroll","background-type":"","background-media":"","overlay-type":"","overlay-color":"","overlay-opacity":"","overlay-gradient":""},"tablet":{"background-color":"var(--ast-global-color-4)","background-image":"","background-repeat":"repeat","background-position":"center center","background-size":"auto","background-attachment":"scroll","background-type":"","background-media":"","overlay-type":"","overlay-color":"","overlay-opacity":"","overlay-gradient":""},"mobile":{"background-color":"var(--ast-global-color-4)","background-image":"","background-repeat":"repeat","background-position":"center center","background-size":"auto","background-attachment":"scroll","background-type":"","background-media":"","overlay-type":"","overlay-color":"","overlay-opacity":"","overlay-gradient":""}}},"product_brand":[],"product_cat":[639],"product_tag":[241,524,244,240,243,242],"class_list":{"0":"post-29856","1":"product","2":"type-product","3":"status-publish","4":"has-post-thumbnail","6":"product_cat-suplementy","7":"product_tag-beauty-drink","8":"product_tag-dzienkobiet","9":"product_tag-holistyczna-pielegancja","10":"product_tag-hyaluron-drink","11":"product_tag-kwas-hialuronowy","12":"product_tag-suplement-diety-z-kwasem-hialuronowym","13":"desktop-align-left","14":"tablet-align-left","15":"mobile-align-left","17":"first","18":"instock","19":"taxable","20":"shipping-taxable","21":"purchasable","22":"product-type-simple"},"acf":[],"yoast_head":"<!-- This site is optimized with the Yoast SEO plugin v27.1.1 - https:\/\/yoast.com\/product\/yoast-seo-wordpress\/ -->\n<title>Proceanis\u00ae Hyaluron Drink \u2022 uj\u0119drnienie sk\u00f3ry \u2022 2 x 200 ml | Joga Pi\u0119kna | Naturalne odm\u0142adzanie<\/title>\n<meta name=\"description\" content=\"Unikalna kombinacja kwasu hialuronowego oraz specjalnych sk\u0142adnik\u00f3w od\u017cywczych dla wsparcia zdrowej sk\u00f3ry, w\u0142os\u00f3w i paznokci oraz zachowania naturalnego pi\u0119kna od wewn\u0105trz.\" \/>\n<meta name=\"robots\" content=\"index, follow, max-snippet:-1, max-image-preview:large, max-video-preview:-1\" \/>\n<link rel=\"canonical\" href=\"https:\/\/dev1.jogapiekna.com\/en\/product\/proceanis-hyaluron-drink-2x200-ml\/\" \/>\n<meta property=\"og:locale\" content=\"en_GB\" \/>\n<meta property=\"og:type\" content=\"article\" \/>\n<meta property=\"og:title\" content=\"Proceanis\u00ae Hyaluron Drink \u2022 uj\u0119drnienie sk\u00f3ry \u2022 2 x 200 ml | Joga Pi\u0119kna | Naturalne odm\u0142adzanie\" \/>\n<meta property=\"og:description\" content=\"Unikalna kombinacja kwasu hialuronowego oraz specjalnych sk\u0142adnik\u00f3w od\u017cywczych dla wsparcia zdrowej sk\u00f3ry, w\u0142os\u00f3w i paznokci oraz zachowania naturalnego pi\u0119kna od wewn\u0105trz.\" \/>\n<meta property=\"og:url\" content=\"https:\/\/dev1.jogapiekna.com\/en\/product\/proceanis-hyaluron-drink-2x200-ml\/\" \/>\n<meta property=\"og:site_name\" content=\"JOGA PI\u0118KNA | Joga Twarzy\" \/>\n<meta property=\"article:publisher\" content=\"https:\/\/www.facebook.com\/JogaPieknaCom\/\" \/>\n<meta property=\"article:modified_time\" content=\"2025-05-18T11:07:03+00:00\" \/>\n<meta property=\"og:image\" content=\"https:\/\/dev1.jogapiekna.com\/wp-content\/uploads\/2020\/07\/proceanis-hyaluron-drink-jogapiekna-2x200-ml.jpg\" \/>\n\t<meta property=\"og:image:width\" content=\"1000\" \/>\n\t<meta property=\"og:image:height\" content=\"1000\" \/>\n\t<meta property=\"og:image:type\" content=\"image\/jpeg\" \/>\n<meta name=\"twitter:card\" content=\"summary_large_image\" \/>\n<meta name=\"twitter:label1\" content=\"Estimated reading time\" \/>\n\t<meta name=\"twitter:data1\" content=\"3 minutes\" \/>\n<script type=\"application\/ld+json\" class=\"yoast-schema-graph\">{\"@context\":\"https:\/\/schema.org\",\"@graph\":[{\"@type\":\"WebPage\",\"@id\":\"https:\/\/dev1.jogapiekna.com\/produkt\/proceanis-hyaluron-drink-2x200-ml\/\",\"url\":\"https:\/\/dev1.jogapiekna.com\/produkt\/proceanis-hyaluron-drink-2x200-ml\/\",\"name\":\"Proceanis\u00ae Hyaluron Drink \u2022 uj\u0119drnienie sk\u00f3ry \u2022 2 x 200 ml | Joga Pi\u0119kna | Naturalne odm\u0142adzanie\",\"isPartOf\":{\"@id\":\"https:\/\/dev1.jogapiekna.com\/#website\"},\"primaryImageOfPage\":{\"@id\":\"https:\/\/dev1.jogapiekna.com\/produkt\/proceanis-hyaluron-drink-2x200-ml\/#primaryimage\"},\"image\":{\"@id\":\"https:\/\/dev1.jogapiekna.com\/produkt\/proceanis-hyaluron-drink-2x200-ml\/#primaryimage\"},\"thumbnailUrl\":\"https:\/\/dev1.jogapiekna.com\/wp-content\/uploads\/2020\/07\/proceanis-hyaluron-drink-jogapiekna-2x200-ml.jpg\",\"datePublished\":\"2020-07-21T12:45:03+00:00\",\"dateModified\":\"2025-05-18T11:07:03+00:00\",\"description\":\"Unikalna kombinacja kwasu hialuronowego oraz specjalnych sk\u0142adnik\u00f3w od\u017cywczych dla wsparcia zdrowej sk\u00f3ry, w\u0142os\u00f3w i paznokci oraz zachowania naturalnego pi\u0119kna od wewn\u0105trz.\",\"breadcrumb\":{\"@id\":\"https:\/\/dev1.jogapiekna.com\/produkt\/proceanis-hyaluron-drink-2x200-ml\/#breadcrumb\"},\"inLanguage\":\"en-GB\",\"potentialAction\":[{\"@type\":\"ReadAction\",\"target\":[\"https:\/\/dev1.jogapiekna.com\/produkt\/proceanis-hyaluron-drink-2x200-ml\/\"]}]},{\"@type\":\"ImageObject\",\"inLanguage\":\"en-GB\",\"@id\":\"https:\/\/dev1.jogapiekna.com\/produkt\/proceanis-hyaluron-drink-2x200-ml\/#primaryimage\",\"url\":\"https:\/\/dev1.jogapiekna.com\/wp-content\/uploads\/2020\/07\/proceanis-hyaluron-drink-jogapiekna-2x200-ml.jpg\",\"contentUrl\":\"https:\/\/dev1.jogapiekna.com\/wp-content\/uploads\/2020\/07\/proceanis-hyaluron-drink-jogapiekna-2x200-ml.jpg\",\"width\":1000,\"height\":1000,\"caption\":\"Proceanis\u00ae Hyaluron Drink \u2022 nawil\u017cenie \u2022 wzmocnienie kolagenu \u2022 uj\u0119drnienie sk\u00f3ry \u2022 200 ml\"},{\"@type\":\"BreadcrumbList\",\"@id\":\"https:\/\/dev1.jogapiekna.com\/produkt\/proceanis-hyaluron-drink-2x200-ml\/#breadcrumb\",\"itemListElement\":[{\"@type\":\"ListItem\",\"position\":1,\"name\":\"Strona g\u0142\u00f3wna\",\"item\":\"https:\/\/dev1.jogapiekna.com\/\"},{\"@type\":\"ListItem\",\"position\":2,\"name\":\"Sklep\",\"item\":\"https:\/\/dev1.jogapiekna.com\/sklep\/\"},{\"@type\":\"ListItem\",\"position\":3,\"name\":\"Proceanis\u00ae Hyaluron Drink \u2022 uj\u0119drnienie sk\u00f3ry \u2022 2 x 200 ml\"}]},{\"@type\":\"WebSite\",\"@id\":\"https:\/\/dev1.jogapiekna.com\/#website\",\"url\":\"https:\/\/dev1.jogapiekna.com\/\",\"name\":\"Joga Pi\u0119kna Marta Kuci\u0144ska\",\"description\":\"Joga Pi\u0119kna pomaga kobietom zachowa\u0107 urod\u0119, cofn\u0105\u0107 oznaki up\u0142ywaj\u0105cego czasu i zm\u0119czenia, odzyska\u0107 promienny wygl\u0105d, naturalny u\u015bmiech i popraw\u0119 w\u0142asnej samooceny.\",\"publisher\":{\"@id\":\"https:\/\/dev1.jogapiekna.com\/#organization\"},\"potentialAction\":[{\"@type\":\"SearchAction\",\"target\":{\"@type\":\"EntryPoint\",\"urlTemplate\":\"https:\/\/dev1.jogapiekna.com\/?s={search_term_string}\"},\"query-input\":{\"@type\":\"PropertyValueSpecification\",\"valueRequired\":true,\"valueName\":\"search_term_string\"}}],\"inLanguage\":\"en-GB\"},{\"@type\":\"Organization\",\"@id\":\"https:\/\/dev1.jogapiekna.com\/#organization\",\"name\":\"Joga Pi\u0119kna Marta Kuci\u0144ska\",\"url\":\"https:\/\/dev1.jogapiekna.com\/\",\"logo\":{\"@type\":\"ImageObject\",\"inLanguage\":\"en-GB\",\"@id\":\"https:\/\/dev1.jogapiekna.com\/#\/schema\/logo\/image\/\",\"url\":\"https:\/\/dev1.jogapiekna.com\/wp-content\/uploads\/2022\/09\/joga-piekna-logo_Rka.png\",\"contentUrl\":\"https:\/\/dev1.jogapiekna.com\/wp-content\/uploads\/2022\/09\/joga-piekna-logo_Rka.png\",\"width\":231,\"height\":124,\"caption\":\"Joga Pi\u0119kna Marta Kuci\u0144ska\"},\"image\":{\"@id\":\"https:\/\/dev1.jogapiekna.com\/#\/schema\/logo\/image\/\"},\"sameAs\":[\"https:\/\/www.facebook.com\/JogaPieknaCom\/\",\"https:\/\/www.instagram.com\/jogapieknacom\/\"]}]}<\/script>\n<!-- \/ Yoast SEO plugin. -->","yoast_head_json":{"title":"Proceanis\u00ae Hyaluron Drink \u2022 uj\u0119drnienie sk\u00f3ry \u2022 2 x 200 ml | Joga Pi\u0119kna | Naturalne odm\u0142adzanie","description":"A unique combination of hyaluronic acid and special nutrients to support healthy skin, hair and nails and preserve natural beauty from the inside out.","robots":{"index":"index","follow":"follow","max-snippet":"max-snippet:-1","max-image-preview":"max-image-preview:large","max-video-preview":"max-video-preview:-1"},"canonical":"https:\/\/dev1.jogapiekna.com\/en\/product\/proceanis-hyaluron-drink-2x200-ml\/","og_locale":"en_GB","og_type":"article","og_title":"Proceanis\u00ae Hyaluron Drink \u2022 uj\u0119drnienie sk\u00f3ry \u2022 2 x 200 ml | Joga Pi\u0119kna | Naturalne odm\u0142adzanie","og_description":"Unikalna kombinacja kwasu hialuronowego oraz specjalnych sk\u0142adnik\u00f3w od\u017cywczych dla wsparcia zdrowej sk\u00f3ry, w\u0142os\u00f3w i paznokci oraz zachowania naturalnego pi\u0119kna od wewn\u0105trz.","og_url":"https:\/\/dev1.jogapiekna.com\/en\/product\/proceanis-hyaluron-drink-2x200-ml\/","og_site_name":"JOGA PI\u0118KNA | Joga Twarzy","article_publisher":"https:\/\/www.facebook.com\/JogaPieknaCom\/","article_modified_time":"2025-05-18T11:07:03+00:00","og_image":[{"width":1000,"height":1000,"url":"https:\/\/dev1.jogapiekna.com\/wp-content\/uploads\/2020\/07\/proceanis-hyaluron-drink-jogapiekna-2x200-ml.jpg","type":"image\/jpeg"}],"twitter_card":"summary_large_image","twitter_misc":{"Estimated reading time":"3 minutes"},"schema":{"@context":"https:\/\/schema.org","@graph":[{"@type":"WebPage","@id":"https:\/\/dev1.jogapiekna.com\/produkt\/proceanis-hyaluron-drink-2x200-ml\/","url":"https:\/\/dev1.jogapiekna.com\/produkt\/proceanis-hyaluron-drink-2x200-ml\/","name":"Proceanis\u00ae Hyaluron Drink \u2022 uj\u0119drnienie sk\u00f3ry \u2022 2 x 200 ml | Joga Pi\u0119kna | Naturalne odm\u0142adzanie","isPartOf":{"@id":"https:\/\/dev1.jogapiekna.com\/#website"},"primaryImageOfPage":{"@id":"https:\/\/dev1.jogapiekna.com\/produkt\/proceanis-hyaluron-drink-2x200-ml\/#primaryimage"},"image":{"@id":"https:\/\/dev1.jogapiekna.com\/produkt\/proceanis-hyaluron-drink-2x200-ml\/#primaryimage"},"thumbnailUrl":"https:\/\/dev1.jogapiekna.com\/wp-content\/uploads\/2020\/07\/proceanis-hyaluron-drink-jogapiekna-2x200-ml.jpg","datePublished":"2020-07-21T12:45:03+00:00","dateModified":"2025-05-18T11:07:03+00:00","description":"A unique combination of hyaluronic acid and special nutrients to support healthy skin, hair and nails and preserve natural beauty from the inside out.","breadcrumb":{"@id":"https:\/\/dev1.jogapiekna.com\/produkt\/proceanis-hyaluron-drink-2x200-ml\/#breadcrumb"},"inLanguage":"en-GB","potentialAction":[{"@type":"ReadAction","target":["https:\/\/dev1.jogapiekna.com\/produkt\/proceanis-hyaluron-drink-2x200-ml\/"]}]},{"@type":"ImageObject","inLanguage":"en-GB","@id":"https:\/\/dev1.jogapiekna.com\/produkt\/proceanis-hyaluron-drink-2x200-ml\/#primaryimage","url":"https:\/\/dev1.jogapiekna.com\/wp-content\/uploads\/2020\/07\/proceanis-hyaluron-drink-jogapiekna-2x200-ml.jpg","contentUrl":"https:\/\/dev1.jogapiekna.com\/wp-content\/uploads\/2020\/07\/proceanis-hyaluron-drink-jogapiekna-2x200-ml.jpg","width":1000,"height":1000,"caption":"Proceanis\u00ae Hyaluron Drink \u2022 nawil\u017cenie \u2022 wzmocnienie kolagenu \u2022 uj\u0119drnienie sk\u00f3ry \u2022 200 ml"},{"@type":"BreadcrumbList","@id":"https:\/\/dev1.jogapiekna.com\/produkt\/proceanis-hyaluron-drink-2x200-ml\/#breadcrumb","itemListElement":[{"@type":"ListItem","position":1,"name":"Strona g\u0142\u00f3wna","item":"https:\/\/dev1.jogapiekna.com\/"},{"@type":"ListItem","position":2,"name":"Sklep","item":"https:\/\/dev1.jogapiekna.com\/sklep\/"},{"@type":"ListItem","position":3,"name":"Proceanis\u00ae Hyaluron Drink \u2022 uj\u0119drnienie sk\u00f3ry \u2022 2 x 200 ml"}]},{"@type":"WebSite","@id":"https:\/\/dev1.jogapiekna.com\/#website","url":"https:\/\/dev1.jogapiekna.com\/","name":"Yoga Beauty Marta Kuci\u0144ska","description":"Beauty Yoga helps women to maintain their beauty, reverse the signs of passing time and fatigue, regain a radiant appearance, natural smile and improve their self-esteem.","publisher":{"@id":"https:\/\/dev1.jogapiekna.com\/#organization"},"potentialAction":[{"@type":"SearchAction","target":{"@type":"EntryPoint","urlTemplate":"https:\/\/dev1.jogapiekna.com\/?s={search_term_string}"},"query-input":{"@type":"PropertyValueSpecification","valueRequired":true,"valueName":"search_term_string"}}],"inLanguage":"en-GB"},{"@type":"Organization","@id":"https:\/\/dev1.jogapiekna.com\/#organization","name":"Yoga Beauty Marta Kuci\u0144ska","url":"https:\/\/dev1.jogapiekna.com\/","logo":{"@type":"ImageObject","inLanguage":"en-GB","@id":"https:\/\/dev1.jogapiekna.com\/#\/schema\/logo\/image\/","url":"https:\/\/dev1.jogapiekna.com\/wp-content\/uploads\/2022\/09\/joga-piekna-logo_Rka.png","contentUrl":"https:\/\/dev1.jogapiekna.com\/wp-content\/uploads\/2022\/09\/joga-piekna-logo_Rka.png","width":231,"height":124,"caption":"Joga Pi\u0119kna Marta Kuci\u0144ska"},"image":{"@id":"https:\/\/dev1.jogapiekna.com\/#\/schema\/logo\/image\/"},"sameAs":["https:\/\/www.facebook.com\/JogaPieknaCom\/","https:\/\/www.instagram.com\/jogapieknacom\/"]}]}},"_links":{"self":[{"href":"https:\/\/dev1.jogapiekna.com\/en\/wp-json\/wp\/v2\/product\/29856","targetHints":{"allow":["GET"]}}],"collection":[{"href":"https:\/\/dev1.jogapiekna.com\/en\/wp-json\/wp\/v2\/product"}],"about":[{"href":"https:\/\/dev1.jogapiekna.com\/en\/wp-json\/wp\/v2\/types\/product"}],"replies":[{"embeddable":true,"href":"https:\/\/dev1.jogapiekna.com\/en\/wp-json\/wp\/v2\/comments?post=29856"}],"version-history":[{"count":0,"href":"https:\/\/dev1.jogapiekna.com\/en\/wp-json\/wp\/v2\/product\/29856\/revisions"}],"wp:featuredmedia":[{"embeddable":true,"href":"https:\/\/dev1.jogapiekna.com\/en\/wp-json\/wp\/v2\/media\/94570"}],"wp:attachment":[{"href":"https:\/\/dev1.jogapiekna.com\/en\/wp-json\/wp\/v2\/media?parent=29856"}],"wp:term":[{"taxonomy":"product_brand","embeddable":true,"href":"https:\/\/dev1.jogapiekna.com\/en\/wp-json\/wp\/v2\/product_brand?post=29856"},{"taxonomy":"product_cat","embeddable":true,"href":"https:\/\/dev1.jogapiekna.com\/en\/wp-json\/wp\/v2\/product_cat?post=29856"},{"taxonomy":"product_tag","embeddable":true,"href":"https:\/\/dev1.jogapiekna.com\/en\/wp-json\/wp\/v2\/product_tag?post=29856"}],"curies":[{"name":"wp","href":"https:\/\/api.w.org\/{rel}","templated":true}]}}