{"id":28211,"date":"2020-05-19T12:59:10","date_gmt":"2020-05-19T10:59:10","guid":{"rendered":"https:\/\/dev1.jogapiekna.com?post_type=product&#038;p=28211"},"modified":"2026-02-24T16:05:08","modified_gmt":"2026-02-24T15:05:08","slug":"przepaska-szeroka-dheela","status":"publish","type":"product","link":"https:\/\/dev1.jogapiekna.com\/en\/product\/przepaska-szeroka-dheela\/","title":{"rendered":"DHEELA Yoga Beauty Cotton Hair Band"},"content":{"rendered":"<h2>DHEELA Wide Hair Band-Perfect for Yoga<\/h2>\n<p>Tired of combed hair after a morning workout? Do you not like it when individual strands wander around your face during yoga classes? Looking for a hair accessory that will support your home care and massage routines?<\/p>\n<p>DHEELA Wide Hair Band <strong>my author&#039;s project<\/strong>which I created for a convenient yoga practice (and not only). It will come in handy during any workout, facial massage, or simply during any other activity, whether at home, outdoors, or in a training or yoga studio.<\/p>\n<p>Wide Cotton Bracelet <strong>you can wear it any way you want<\/strong> - on loose hair, with a ponytail or bun. It works both as a functional accessory and as a piece of jewelry that <strong>this will add flavor to your style<\/strong>.<\/p>\n<p>Natural cotton does not electrify the hair. It is soft and holds well on the head. Thanks to the bracelet <strong>you will avoid the bounce effect<\/strong>. After training, your hair will be perfectly smooth, without deformation.<\/p>\n<h3>The DHEELA cotton hair band is a great choice (or gift idea) for people who are:<\/h3>\n<p>* practice facial yoga<br \/>\n* they take care of the condition of the skin by giving a daily facial massage (for example, a facial massage). <a href=\"https:\/\/dev1.jogapiekna.comprodukt\/self-kobido-intensive-kurs-online\/\" target=\"_blank\" rel=\"noopener\">self-kobido intensive massage<\/a>)<br \/>\n* they are active, such as doing yoga, pilates<br \/>\n* they like to have hair, for example, at home or during training, walking in the fresh air<\/p>\n<h3>Features of the DHEELA Wide Hairband<\/h3>\n<p>\u2022 <strong>Composition:<\/strong> 100% Organic cotton%<br \/>\n\u2022 <strong>Circumference of the loincloth:<\/strong> 48 cm (adjustable ruffled elastic band)<br \/>\n\u2022 <strong>Width:<\/strong> 13 cm<\/p>\n<p><img decoding=\"async\" class=\"img-responsive\" src=\"https:\/\/dev1.jogapiekna.comwp-content\/uploads\/2020\/05\/przepis-prania.jpg\" alt=\"zasady prania bawe\u0142nianej przepaski na w\u0142osy\" width=\"494\" height=\"89\" \/><\/p>\n<p>Attention! Iron on the left, carefully in the logo area. Do not dry in dryers.<\/p>\n<p><strong>See also:<\/strong> other <a href=\"https:\/\/dev1.jogapiekna.comtag-produktu\/pielegnacja-wlosow\/\" target=\"_blank\" rel=\"noopener\">hair care products<\/a> in the yoga beauty shop.<\/p>","protected":false},"excerpt":{"rendered":"<p>Your convenience comes first! The DHEELA wide cotton hair band gives you a huge amount of styling options. The headband is perfectly held on the head, holding the hair and bangs. It will be useful for applying masks and oils to your face, practicing yoga, training, and hand massage.<\/p>\n<p>* The cotton yoga headband is made from 100% natural organic cotton.<br \/>\n* Our knitwear products have the appropriate certificates.<\/p>\n<p><img decoding=\"async\" class=\"img-responsive\" src=\"https:\/\/dev1.jogapiekna.comwp-content\/uploads\/2023\/01\/Oeko-Tex-standard-100-certyfikaty-jogapiekna.jpg\" alt=\"Nasze dzianiny maj\u0105 odpowiednie certyfikaty\" width=\"417\" height=\"100\" \/><\/p>","protected":false},"featured_media":94749,"comment_status":"closed","ping_status":"closed","template":"","meta":{"_acf_changed":false,"site-sidebar-layout":"default","site-content-layout":"","ast-site-content-layout":"default","site-content-style":"default","site-sidebar-style":"default","ast-global-header-display":"","ast-banner-title-visibility":"","ast-main-header-display":"","ast-hfb-above-header-display":"","ast-hfb-below-header-display":"","ast-hfb-mobile-header-display":"","site-post-title":"","ast-breadcrumbs-content":"","ast-featured-img":"","footer-sml-layout":"","ast-disable-related-posts":"","theme-transparent-header-meta":"","adv-header-id-meta":"","stick-header-meta":"","header-above-stick-meta":"","header-main-stick-meta":"","header-below-stick-meta":"","astra-migrate-meta-layouts":"default","ast-page-background-enabled":"default","ast-page-background-meta":{"desktop":{"background-color":"var(--ast-global-color-5)","background-image":"","background-repeat":"repeat","background-position":"center center","background-size":"auto","background-attachment":"scroll","background-type":"","background-media":"","overlay-type":"","overlay-color":"","overlay-opacity":"","overlay-gradient":""},"tablet":{"background-color":"","background-image":"","background-repeat":"repeat","background-position":"center center","background-size":"auto","background-attachment":"scroll","background-type":"","background-media":"","overlay-type":"","overlay-color":"","overlay-opacity":"","overlay-gradient":""},"mobile":{"background-color":"","background-image":"","background-repeat":"repeat","background-position":"center center","background-size":"auto","background-attachment":"scroll","background-type":"","background-media":"","overlay-type":"","overlay-color":"","overlay-opacity":"","overlay-gradient":""}},"ast-content-background-meta":{"desktop":{"background-color":"var(--ast-global-color-4)","background-image":"","background-repeat":"repeat","background-position":"center center","background-size":"auto","background-attachment":"scroll","background-type":"","background-media":"","overlay-type":"","overlay-color":"","overlay-opacity":"","overlay-gradient":""},"tablet":{"background-color":"var(--ast-global-color-4)","background-image":"","background-repeat":"repeat","background-position":"center center","background-size":"auto","background-attachment":"scroll","background-type":"","background-media":"","overlay-type":"","overlay-color":"","overlay-opacity":"","overlay-gradient":""},"mobile":{"background-color":"var(--ast-global-color-4)","background-image":"","background-repeat":"repeat","background-position":"center center","background-size":"auto","background-attachment":"scroll","background-type":"","background-media":"","overlay-type":"","overlay-color":"","overlay-opacity":"","overlay-gradient":""}}},"product_brand":[],"product_cat":[21,618],"product_tag":[337],"class_list":{"0":"post-28211","1":"product","2":"type-product","3":"status-publish","4":"has-post-thumbnail","6":"product_cat-akcesoria","7":"product_cat-inne","8":"product_tag-pielegnacja-wlosow","9":"desktop-align-left","10":"tablet-align-left","11":"mobile-align-left","13":"first","14":"instock","15":"taxable","16":"shipping-taxable","17":"purchasable","18":"product-type-variable"},"acf":[],"yoast_head":"<!-- This site is optimized with the Yoast SEO plugin v27.1.1 - https:\/\/yoast.com\/product\/yoast-seo-wordpress\/ -->\n<title>Bawe\u0142niana przepaska na w\u0142osy DHEELA Joga Pi\u0119kna<\/title>\n<meta name=\"description\" content=\"Przepaska szeroka DHEELA do wszelkich zabieg\u00f3w piel\u0119gnacyjnych, masa\u017cy twarzy, jogi twarzy, a tak\u017ce do codziennej stylizacji. Uszyta z mi\u0119kkiej bawe\u0142ny.\" \/>\n<meta name=\"robots\" content=\"index, follow, max-snippet:-1, max-image-preview:large, max-video-preview:-1\" \/>\n<link rel=\"canonical\" href=\"https:\/\/dev1.jogapiekna.com\/en\/product\/przepaska-szeroka-dheela\/\" \/>\n<meta property=\"og:locale\" content=\"en_GB\" \/>\n<meta property=\"og:type\" content=\"article\" \/>\n<meta property=\"og:title\" content=\"Bawe\u0142niana przepaska na w\u0142osy DHEELA Joga Pi\u0119kna\" \/>\n<meta property=\"og:description\" content=\"Przepaska szeroka DHEELA do wszelkich zabieg\u00f3w piel\u0119gnacyjnych, masa\u017cy twarzy, jogi twarzy, a tak\u017ce do codziennej stylizacji. Uszyta z mi\u0119kkiej bawe\u0142ny.\" \/>\n<meta property=\"og:url\" content=\"https:\/\/dev1.jogapiekna.com\/en\/product\/przepaska-szeroka-dheela\/\" \/>\n<meta property=\"og:site_name\" content=\"JOGA PI\u0118KNA | Joga Twarzy\" \/>\n<meta property=\"article:publisher\" content=\"https:\/\/www.facebook.com\/JogaPieknaCom\/\" \/>\n<meta property=\"article:modified_time\" content=\"2026-02-24T15:05:08+00:00\" \/>\n<meta property=\"og:image\" content=\"https:\/\/dev1.jogapiekna.com\/wp-content\/uploads\/2020\/05\/przepaska_szeroka_DHEELA_brudny-roz_01_-jogapiekna.jpg\" \/>\n\t<meta property=\"og:image:width\" content=\"1000\" \/>\n\t<meta property=\"og:image:height\" content=\"1000\" \/>\n\t<meta property=\"og:image:type\" content=\"image\/jpeg\" \/>\n<meta name=\"twitter:card\" content=\"summary_large_image\" \/>\n<meta name=\"twitter:label1\" content=\"Estimated reading time\" \/>\n\t<meta name=\"twitter:data1\" content=\"2 minutes\" \/>\n<script type=\"application\/ld+json\" class=\"yoast-schema-graph\">{\"@context\":\"https:\/\/schema.org\",\"@graph\":[{\"@type\":\"WebPage\",\"@id\":\"https:\/\/dev1.jogapiekna.com\/produkt\/przepaska-szeroka-dheela\/\",\"url\":\"https:\/\/dev1.jogapiekna.com\/produkt\/przepaska-szeroka-dheela\/\",\"name\":\"Bawe\u0142niana przepaska na w\u0142osy DHEELA Joga Pi\u0119kna\",\"isPartOf\":{\"@id\":\"https:\/\/dev1.jogapiekna.com\/#website\"},\"primaryImageOfPage\":{\"@id\":\"https:\/\/dev1.jogapiekna.com\/produkt\/przepaska-szeroka-dheela\/#primaryimage\"},\"image\":{\"@id\":\"https:\/\/dev1.jogapiekna.com\/produkt\/przepaska-szeroka-dheela\/#primaryimage\"},\"thumbnailUrl\":\"https:\/\/dev1.jogapiekna.com\/wp-content\/uploads\/2020\/05\/przepaska_szeroka_DHEELA_brudny-roz_01_-jogapiekna.jpg\",\"datePublished\":\"2020-05-19T10:59:10+00:00\",\"dateModified\":\"2026-02-24T15:05:08+00:00\",\"description\":\"Przepaska szeroka DHEELA do wszelkich zabieg\u00f3w piel\u0119gnacyjnych, masa\u017cy twarzy, jogi twarzy, a tak\u017ce do codziennej stylizacji. Uszyta z mi\u0119kkiej bawe\u0142ny.\",\"breadcrumb\":{\"@id\":\"https:\/\/dev1.jogapiekna.com\/produkt\/przepaska-szeroka-dheela\/#breadcrumb\"},\"inLanguage\":\"en-GB\",\"potentialAction\":[{\"@type\":\"ReadAction\",\"target\":[\"https:\/\/dev1.jogapiekna.com\/produkt\/przepaska-szeroka-dheela\/\"]}]},{\"@type\":\"ImageObject\",\"inLanguage\":\"en-GB\",\"@id\":\"https:\/\/dev1.jogapiekna.com\/produkt\/przepaska-szeroka-dheela\/#primaryimage\",\"url\":\"https:\/\/dev1.jogapiekna.com\/wp-content\/uploads\/2020\/05\/przepaska_szeroka_DHEELA_brudny-roz_01_-jogapiekna.jpg\",\"contentUrl\":\"https:\/\/dev1.jogapiekna.com\/wp-content\/uploads\/2020\/05\/przepaska_szeroka_DHEELA_brudny-roz_01_-jogapiekna.jpg\",\"width\":1000,\"height\":1000,\"caption\":\"Szeroka przepaska na w\u0142osy DHEELA Joga Pi\u0119kna\"},{\"@type\":\"BreadcrumbList\",\"@id\":\"https:\/\/dev1.jogapiekna.com\/produkt\/przepaska-szeroka-dheela\/#breadcrumb\",\"itemListElement\":[{\"@type\":\"ListItem\",\"position\":1,\"name\":\"Strona g\u0142\u00f3wna\",\"item\":\"https:\/\/dev1.jogapiekna.com\/\"},{\"@type\":\"ListItem\",\"position\":2,\"name\":\"Sklep\",\"item\":\"https:\/\/dev1.jogapiekna.com\/sklep\/\"},{\"@type\":\"ListItem\",\"position\":3,\"name\":\"Bawe\u0142niana przepaska na w\u0142osy DHEELA Joga Pi\u0119kna\"}]},{\"@type\":\"WebSite\",\"@id\":\"https:\/\/dev1.jogapiekna.com\/#website\",\"url\":\"https:\/\/dev1.jogapiekna.com\/\",\"name\":\"Joga Pi\u0119kna Marta Kuci\u0144ska\",\"description\":\"Joga Pi\u0119kna pomaga kobietom zachowa\u0107 urod\u0119, cofn\u0105\u0107 oznaki up\u0142ywaj\u0105cego czasu i zm\u0119czenia, odzyska\u0107 promienny wygl\u0105d, naturalny u\u015bmiech i popraw\u0119 w\u0142asnej samooceny.\",\"publisher\":{\"@id\":\"https:\/\/dev1.jogapiekna.com\/#organization\"},\"potentialAction\":[{\"@type\":\"SearchAction\",\"target\":{\"@type\":\"EntryPoint\",\"urlTemplate\":\"https:\/\/dev1.jogapiekna.com\/?s={search_term_string}\"},\"query-input\":{\"@type\":\"PropertyValueSpecification\",\"valueRequired\":true,\"valueName\":\"search_term_string\"}}],\"inLanguage\":\"en-GB\"},{\"@type\":\"Organization\",\"@id\":\"https:\/\/dev1.jogapiekna.com\/#organization\",\"name\":\"Joga Pi\u0119kna Marta Kuci\u0144ska\",\"url\":\"https:\/\/dev1.jogapiekna.com\/\",\"logo\":{\"@type\":\"ImageObject\",\"inLanguage\":\"en-GB\",\"@id\":\"https:\/\/dev1.jogapiekna.com\/#\/schema\/logo\/image\/\",\"url\":\"https:\/\/dev1.jogapiekna.com\/wp-content\/uploads\/2022\/09\/joga-piekna-logo_Rka.png\",\"contentUrl\":\"https:\/\/dev1.jogapiekna.com\/wp-content\/uploads\/2022\/09\/joga-piekna-logo_Rka.png\",\"width\":231,\"height\":124,\"caption\":\"Joga Pi\u0119kna Marta Kuci\u0144ska\"},\"image\":{\"@id\":\"https:\/\/dev1.jogapiekna.com\/#\/schema\/logo\/image\/\"},\"sameAs\":[\"https:\/\/www.facebook.com\/JogaPieknaCom\/\",\"https:\/\/www.instagram.com\/jogapieknacom\/\"]}]}<\/script>\n<!-- \/ Yoast SEO plugin. -->","yoast_head_json":{"title":"DHEELA Yoga Beauty Cotton Hair Band","description":"Przepaska szeroka DHEELA do wszelkich zabieg\u00f3w piel\u0119gnacyjnych, masa\u017cy twarzy, jogi twarzy, a tak\u017ce do codziennej stylizacji. Uszyta z mi\u0119kkiej bawe\u0142ny.","robots":{"index":"index","follow":"follow","max-snippet":"max-snippet:-1","max-image-preview":"max-image-preview:large","max-video-preview":"max-video-preview:-1"},"canonical":"https:\/\/dev1.jogapiekna.com\/en\/product\/przepaska-szeroka-dheela\/","og_locale":"en_GB","og_type":"article","og_title":"Bawe\u0142niana przepaska na w\u0142osy DHEELA Joga Pi\u0119kna","og_description":"Przepaska szeroka DHEELA do wszelkich zabieg\u00f3w piel\u0119gnacyjnych, masa\u017cy twarzy, jogi twarzy, a tak\u017ce do codziennej stylizacji. Uszyta z mi\u0119kkiej bawe\u0142ny.","og_url":"https:\/\/dev1.jogapiekna.com\/en\/product\/przepaska-szeroka-dheela\/","og_site_name":"JOGA PI\u0118KNA | Joga Twarzy","article_publisher":"https:\/\/www.facebook.com\/JogaPieknaCom\/","article_modified_time":"2026-02-24T15:05:08+00:00","og_image":[{"width":1000,"height":1000,"url":"https:\/\/dev1.jogapiekna.com\/wp-content\/uploads\/2020\/05\/przepaska_szeroka_DHEELA_brudny-roz_01_-jogapiekna.jpg","type":"image\/jpeg"}],"twitter_card":"summary_large_image","twitter_misc":{"Estimated reading time":"2 minutes"},"schema":{"@context":"https:\/\/schema.org","@graph":[{"@type":"WebPage","@id":"https:\/\/dev1.jogapiekna.com\/produkt\/przepaska-szeroka-dheela\/","url":"https:\/\/dev1.jogapiekna.com\/produkt\/przepaska-szeroka-dheela\/","name":"DHEELA Yoga Beauty Cotton Hair Band","isPartOf":{"@id":"https:\/\/dev1.jogapiekna.com\/#website"},"primaryImageOfPage":{"@id":"https:\/\/dev1.jogapiekna.com\/produkt\/przepaska-szeroka-dheela\/#primaryimage"},"image":{"@id":"https:\/\/dev1.jogapiekna.com\/produkt\/przepaska-szeroka-dheela\/#primaryimage"},"thumbnailUrl":"https:\/\/dev1.jogapiekna.com\/wp-content\/uploads\/2020\/05\/przepaska_szeroka_DHEELA_brudny-roz_01_-jogapiekna.jpg","datePublished":"2020-05-19T10:59:10+00:00","dateModified":"2026-02-24T15:05:08+00:00","description":"Przepaska szeroka DHEELA do wszelkich zabieg\u00f3w piel\u0119gnacyjnych, masa\u017cy twarzy, jogi twarzy, a tak\u017ce do codziennej stylizacji. Uszyta z mi\u0119kkiej bawe\u0142ny.","breadcrumb":{"@id":"https:\/\/dev1.jogapiekna.com\/produkt\/przepaska-szeroka-dheela\/#breadcrumb"},"inLanguage":"en-GB","potentialAction":[{"@type":"ReadAction","target":["https:\/\/dev1.jogapiekna.com\/produkt\/przepaska-szeroka-dheela\/"]}]},{"@type":"ImageObject","inLanguage":"en-GB","@id":"https:\/\/dev1.jogapiekna.com\/produkt\/przepaska-szeroka-dheela\/#primaryimage","url":"https:\/\/dev1.jogapiekna.com\/wp-content\/uploads\/2020\/05\/przepaska_szeroka_DHEELA_brudny-roz_01_-jogapiekna.jpg","contentUrl":"https:\/\/dev1.jogapiekna.com\/wp-content\/uploads\/2020\/05\/przepaska_szeroka_DHEELA_brudny-roz_01_-jogapiekna.jpg","width":1000,"height":1000,"caption":"Szeroka przepaska na w\u0142osy DHEELA Joga Pi\u0119kna"},{"@type":"BreadcrumbList","@id":"https:\/\/dev1.jogapiekna.com\/produkt\/przepaska-szeroka-dheela\/#breadcrumb","itemListElement":[{"@type":"ListItem","position":1,"name":"Strona g\u0142\u00f3wna","item":"https:\/\/dev1.jogapiekna.com\/"},{"@type":"ListItem","position":2,"name":"Sklep","item":"https:\/\/dev1.jogapiekna.com\/sklep\/"},{"@type":"ListItem","position":3,"name":"Bawe\u0142niana przepaska na w\u0142osy DHEELA Joga Pi\u0119kna"}]},{"@type":"WebSite","@id":"https:\/\/dev1.jogapiekna.com\/#website","url":"https:\/\/dev1.jogapiekna.com\/","name":"Yoga Beauty Marta Kuci\u0144ska","description":"Beauty Yoga helps women to maintain their beauty, reverse the signs of passing time and fatigue, regain a radiant appearance, natural smile and improve their self-esteem.","publisher":{"@id":"https:\/\/dev1.jogapiekna.com\/#organization"},"potentialAction":[{"@type":"SearchAction","target":{"@type":"EntryPoint","urlTemplate":"https:\/\/dev1.jogapiekna.com\/?s={search_term_string}"},"query-input":{"@type":"PropertyValueSpecification","valueRequired":true,"valueName":"search_term_string"}}],"inLanguage":"en-GB"},{"@type":"Organization","@id":"https:\/\/dev1.jogapiekna.com\/#organization","name":"Yoga Beauty Marta Kuci\u0144ska","url":"https:\/\/dev1.jogapiekna.com\/","logo":{"@type":"ImageObject","inLanguage":"en-GB","@id":"https:\/\/dev1.jogapiekna.com\/#\/schema\/logo\/image\/","url":"https:\/\/dev1.jogapiekna.com\/wp-content\/uploads\/2022\/09\/joga-piekna-logo_Rka.png","contentUrl":"https:\/\/dev1.jogapiekna.com\/wp-content\/uploads\/2022\/09\/joga-piekna-logo_Rka.png","width":231,"height":124,"caption":"Joga Pi\u0119kna Marta Kuci\u0144ska"},"image":{"@id":"https:\/\/dev1.jogapiekna.com\/#\/schema\/logo\/image\/"},"sameAs":["https:\/\/www.facebook.com\/JogaPieknaCom\/","https:\/\/www.instagram.com\/jogapieknacom\/"]}]}},"_links":{"self":[{"href":"https:\/\/dev1.jogapiekna.com\/en\/wp-json\/wp\/v2\/product\/28211","targetHints":{"allow":["GET"]}}],"collection":[{"href":"https:\/\/dev1.jogapiekna.com\/en\/wp-json\/wp\/v2\/product"}],"about":[{"href":"https:\/\/dev1.jogapiekna.com\/en\/wp-json\/wp\/v2\/types\/product"}],"replies":[{"embeddable":true,"href":"https:\/\/dev1.jogapiekna.com\/en\/wp-json\/wp\/v2\/comments?post=28211"}],"version-history":[{"count":5,"href":"https:\/\/dev1.jogapiekna.com\/en\/wp-json\/wp\/v2\/product\/28211\/revisions"}],"predecessor-version":[{"id":199929,"href":"https:\/\/dev1.jogapiekna.com\/en\/wp-json\/wp\/v2\/product\/28211\/revisions\/199929"}],"wp:featuredmedia":[{"embeddable":true,"href":"https:\/\/dev1.jogapiekna.com\/en\/wp-json\/wp\/v2\/media\/94749"}],"wp:attachment":[{"href":"https:\/\/dev1.jogapiekna.com\/en\/wp-json\/wp\/v2\/media?parent=28211"}],"wp:term":[{"taxonomy":"product_brand","embeddable":true,"href":"https:\/\/dev1.jogapiekna.com\/en\/wp-json\/wp\/v2\/product_brand?post=28211"},{"taxonomy":"product_cat","embeddable":true,"href":"https:\/\/dev1.jogapiekna.com\/en\/wp-json\/wp\/v2\/product_cat?post=28211"},{"taxonomy":"product_tag","embeddable":true,"href":"https:\/\/dev1.jogapiekna.com\/en\/wp-json\/wp\/v2\/product_tag?post=28211"}],"curies":[{"name":"wp","href":"https:\/\/api.w.org\/{rel}","templated":true}]}}