{"id":28202,"date":"2020-05-19T17:43:39","date_gmt":"2020-05-19T15:43:39","guid":{"rendered":"https:\/\/dev1.jogapiekna.com?post_type=product&#038;p=28202"},"modified":"2026-03-13T08:34:04","modified_gmt":"2026-03-13T07:34:04","slug":"przepaska-waska-asana","status":"publish","type":"product","link":"https:\/\/dev1.jogapiekna.com\/en\/product\/przepaska-waska-asana\/","title":{"rendered":"Narrow Hair Band Asana Yoga Beauty"},"content":{"rendered":"<h2>Asana Natural Cotton Hair Band<\/h2>\n<p>How do I prepare for facials, yoga exercises, or home massages? There should be no loose strands of hair on your face.<\/p>\n<p>ASANA Cotton Narrow Cosmetic Hair band is designed with your comfort in mind. Material <strong>perfectly holds the hair<\/strong>including bangs. Bandage <strong>it&#039;s soft<\/strong>, and, importantly, does not cause kneading of strands. Even after a few minutes of massage or exercise \u2014 after removing it, the hair returns to its position. This is how natural cotton works-it supports you, but <strong>does not deform the hair<\/strong>.<\/p>\n<h3>The ASANA narrow hair band is a great choice (or gift idea) for people who are looking for:<\/h3>\n<p>* exercises <a href=\"https:\/\/dev1.jogapiekna.comjoga-twarzy\/\">face yoga<\/a><br \/>\n* maintain skin health by getting a daily massage<br \/>\n* they are active, such as doing yoga, pilates<br \/>\n* they like to have hair, for example, at home or during training, walking in the fresh air<\/p>\n<h3>Features of Asana Hair Bandages:<\/h3>\n<p>\u2022 <strong>Composition: <\/strong>100% Organic cotton%<br \/>\n\u2022\u00a0<strong>Circumference of the loincloth:<\/strong> 48 cm (adjustable ruffled elastic band)<br \/>\n\u2022 <strong>Width:<\/strong> 9 cm<\/p>\n<p><img decoding=\"async\" class=\"img-responsive\" src=\"https:\/\/dev1.jogapiekna.comwp-content\/uploads\/2020\/05\/przepis-prania.jpg\" alt=\"zasady prania bawe\u0142nianej przepaski na w\u0142osy\" width=\"494\" height=\"89\" \/><\/p>\n<p>Attention! Iron on the left, carefully in the logo area. Do not dry in dryers.<\/p>\n<p><strong>See also:<\/strong> other <a href=\"https:\/\/dev1.jogapiekna.comtag-produktu\/pielegnacja-wlosow\/\" target=\"_blank\" rel=\"noopener\">hair care products<\/a> in the yoga beauty shop.<\/p>","protected":false},"excerpt":{"rendered":"<p>How to prepare for a facial massage? What should I do with my hair so that it doesn&#039;t get in the way during a workout? The best solution is their hairstyle. Narrow Hair Band Asana This is my <strong>author&#039;s project<\/strong>which I created for a convenient yoga practice (and not only).<\/p>\n<p>* The Yoga Beauty cosmetic bandage is made from natural 100% organic cotton.<br \/>\n* Our knitwear products have the appropriate certificates.<\/p>\n<p><img decoding=\"async\" class=\"img-responsive\" src=\"https:\/\/dev1.jogapiekna.comwp-content\/uploads\/2023\/01\/Oeko-Tex-standard-100-certyfikaty-jogapiekna.jpg\" alt=\"Nasze dzianiny maj\u0105 odpowiednie certyfikaty\" width=\"417\" height=\"100\" \/><\/p>","protected":false},"featured_media":94746,"comment_status":"closed","ping_status":"closed","template":"","meta":{"_acf_changed":false,"site-sidebar-layout":"default","site-content-layout":"","ast-site-content-layout":"default","site-content-style":"default","site-sidebar-style":"default","ast-global-header-display":"","ast-banner-title-visibility":"","ast-main-header-display":"","ast-hfb-above-header-display":"","ast-hfb-below-header-display":"","ast-hfb-mobile-header-display":"","site-post-title":"","ast-breadcrumbs-content":"","ast-featured-img":"","footer-sml-layout":"","ast-disable-related-posts":"","theme-transparent-header-meta":"default","adv-header-id-meta":"","stick-header-meta":"","header-above-stick-meta":"","header-main-stick-meta":"","header-below-stick-meta":"","astra-migrate-meta-layouts":"set","ast-page-background-enabled":"default","ast-page-background-meta":{"desktop":{"background-color":"var(--ast-global-color-5)","background-image":"","background-repeat":"repeat","background-position":"center center","background-size":"auto","background-attachment":"scroll","background-type":"","background-media":"","overlay-type":"","overlay-color":"","overlay-opacity":"","overlay-gradient":""},"tablet":{"background-color":"","background-image":"","background-repeat":"repeat","background-position":"center center","background-size":"auto","background-attachment":"scroll","background-type":"","background-media":"","overlay-type":"","overlay-color":"","overlay-opacity":"","overlay-gradient":""},"mobile":{"background-color":"","background-image":"","background-repeat":"repeat","background-position":"center center","background-size":"auto","background-attachment":"scroll","background-type":"","background-media":"","overlay-type":"","overlay-color":"","overlay-opacity":"","overlay-gradient":""}},"ast-content-background-meta":{"desktop":{"background-color":"var(--ast-global-color-4)","background-image":"","background-repeat":"repeat","background-position":"center center","background-size":"auto","background-attachment":"scroll","background-type":"","background-media":"","overlay-type":"","overlay-color":"","overlay-opacity":"","overlay-gradient":""},"tablet":{"background-color":"var(--ast-global-color-4)","background-image":"","background-repeat":"repeat","background-position":"center center","background-size":"auto","background-attachment":"scroll","background-type":"","background-media":"","overlay-type":"","overlay-color":"","overlay-opacity":"","overlay-gradient":""},"mobile":{"background-color":"var(--ast-global-color-4)","background-image":"","background-repeat":"repeat","background-position":"center center","background-size":"auto","background-attachment":"scroll","background-type":"","background-media":"","overlay-type":"","overlay-color":"","overlay-opacity":"","overlay-gradient":""}}},"product_brand":[],"product_cat":[21,618],"product_tag":[337],"class_list":{"0":"post-28202","1":"product","2":"type-product","3":"status-publish","4":"has-post-thumbnail","6":"product_cat-akcesoria","7":"product_cat-inne","8":"product_tag-pielegnacja-wlosow","9":"desktop-align-left","10":"tablet-align-left","11":"mobile-align-left","13":"first","14":"instock","15":"taxable","16":"shipping-taxable","17":"purchasable","18":"product-type-variable"},"acf":[],"yoast_head":"<!-- This site is optimized with the Yoast SEO plugin v27.1.1 - https:\/\/yoast.com\/product\/yoast-seo-wordpress\/ -->\n<title>W\u0105ska przepaska na w\u0142osy ASANA Joga Pi\u0119kna<\/title>\n<meta name=\"description\" content=\"Przepaska w\u0105ska ASANA do wszelkich zabieg\u00f3w piel\u0119gnacyjnych, masa\u017cy twarzy, jogi twarzy, a tak\u017ce do codziennej stylizacji. Uszyta z mi\u0119kkiej bawe\u0142ny.\" \/>\n<meta name=\"robots\" content=\"index, follow, max-snippet:-1, max-image-preview:large, max-video-preview:-1\" \/>\n<link rel=\"canonical\" href=\"https:\/\/dev1.jogapiekna.com\/en\/product\/przepaska-waska-asana\/\" \/>\n<meta property=\"og:locale\" content=\"en_GB\" \/>\n<meta property=\"og:type\" content=\"article\" \/>\n<meta property=\"og:title\" content=\"W\u0105ska przepaska na w\u0142osy ASANA Joga Pi\u0119kna\" \/>\n<meta property=\"og:description\" content=\"Przepaska w\u0105ska ASANA do wszelkich zabieg\u00f3w piel\u0119gnacyjnych, masa\u017cy twarzy, jogi twarzy, a tak\u017ce do codziennej stylizacji. Uszyta z mi\u0119kkiej bawe\u0142ny.\" \/>\n<meta property=\"og:url\" content=\"https:\/\/dev1.jogapiekna.com\/en\/product\/przepaska-waska-asana\/\" \/>\n<meta property=\"og:site_name\" content=\"JOGA PI\u0118KNA | Joga Twarzy\" \/>\n<meta property=\"article:publisher\" content=\"https:\/\/www.facebook.com\/JogaPieknaCom\/\" \/>\n<meta property=\"article:modified_time\" content=\"2026-03-13T07:34:04+00:00\" \/>\n<meta property=\"og:image\" content=\"https:\/\/dev1.jogapiekna.com\/wp-content\/uploads\/2020\/05\/przepaska_waska_ASANA_czarny_01-jogapiekna.jpg\" \/>\n\t<meta property=\"og:image:width\" content=\"1000\" \/>\n\t<meta property=\"og:image:height\" content=\"1000\" \/>\n\t<meta property=\"og:image:type\" content=\"image\/jpeg\" \/>\n<meta name=\"twitter:card\" content=\"summary_large_image\" \/>\n<meta name=\"twitter:label1\" content=\"Estimated reading time\" \/>\n\t<meta name=\"twitter:data1\" content=\"2 minutes\" \/>\n<script type=\"application\/ld+json\" class=\"yoast-schema-graph\">{\"@context\":\"https:\/\/schema.org\",\"@graph\":[{\"@type\":\"WebPage\",\"@id\":\"https:\/\/dev1.jogapiekna.com\/produkt\/przepaska-waska-asana\/\",\"url\":\"https:\/\/dev1.jogapiekna.com\/produkt\/przepaska-waska-asana\/\",\"name\":\"W\u0105ska przepaska na w\u0142osy ASANA Joga Pi\u0119kna\",\"isPartOf\":{\"@id\":\"https:\/\/dev1.jogapiekna.com\/#website\"},\"primaryImageOfPage\":{\"@id\":\"https:\/\/dev1.jogapiekna.com\/produkt\/przepaska-waska-asana\/#primaryimage\"},\"image\":{\"@id\":\"https:\/\/dev1.jogapiekna.com\/produkt\/przepaska-waska-asana\/#primaryimage\"},\"thumbnailUrl\":\"https:\/\/dev1.jogapiekna.com\/wp-content\/uploads\/2020\/05\/przepaska_waska_ASANA_czarny_01-jogapiekna.jpg\",\"datePublished\":\"2020-05-19T15:43:39+00:00\",\"dateModified\":\"2026-03-13T07:34:04+00:00\",\"description\":\"Przepaska w\u0105ska ASANA do wszelkich zabieg\u00f3w piel\u0119gnacyjnych, masa\u017cy twarzy, jogi twarzy, a tak\u017ce do codziennej stylizacji. Uszyta z mi\u0119kkiej bawe\u0142ny.\",\"breadcrumb\":{\"@id\":\"https:\/\/dev1.jogapiekna.com\/produkt\/przepaska-waska-asana\/#breadcrumb\"},\"inLanguage\":\"en-GB\",\"potentialAction\":[{\"@type\":\"ReadAction\",\"target\":[\"https:\/\/dev1.jogapiekna.com\/produkt\/przepaska-waska-asana\/\"]}]},{\"@type\":\"ImageObject\",\"inLanguage\":\"en-GB\",\"@id\":\"https:\/\/dev1.jogapiekna.com\/produkt\/przepaska-waska-asana\/#primaryimage\",\"url\":\"https:\/\/dev1.jogapiekna.com\/wp-content\/uploads\/2020\/05\/przepaska_waska_ASANA_czarny_01-jogapiekna.jpg\",\"contentUrl\":\"https:\/\/dev1.jogapiekna.com\/wp-content\/uploads\/2020\/05\/przepaska_waska_ASANA_czarny_01-jogapiekna.jpg\",\"width\":1000,\"height\":1000,\"caption\":\"W\u0105ska przepaska na \\u2028w\u0142osy ASANA Joga Pi\u0119kna\"},{\"@type\":\"BreadcrumbList\",\"@id\":\"https:\/\/dev1.jogapiekna.com\/produkt\/przepaska-waska-asana\/#breadcrumb\",\"itemListElement\":[{\"@type\":\"ListItem\",\"position\":1,\"name\":\"Strona g\u0142\u00f3wna\",\"item\":\"https:\/\/dev1.jogapiekna.com\/\"},{\"@type\":\"ListItem\",\"position\":2,\"name\":\"Sklep\",\"item\":\"https:\/\/dev1.jogapiekna.com\/sklep\/\"},{\"@type\":\"ListItem\",\"position\":3,\"name\":\"W\u0105ska przepaska na w\u0142osy ASANA Joga Pi\u0119kna\"}]},{\"@type\":\"WebSite\",\"@id\":\"https:\/\/dev1.jogapiekna.com\/#website\",\"url\":\"https:\/\/dev1.jogapiekna.com\/\",\"name\":\"Joga Pi\u0119kna Marta Kuci\u0144ska\",\"description\":\"Joga Pi\u0119kna pomaga kobietom zachowa\u0107 urod\u0119, cofn\u0105\u0107 oznaki up\u0142ywaj\u0105cego czasu i zm\u0119czenia, odzyska\u0107 promienny wygl\u0105d, naturalny u\u015bmiech i popraw\u0119 w\u0142asnej samooceny.\",\"publisher\":{\"@id\":\"https:\/\/dev1.jogapiekna.com\/#organization\"},\"potentialAction\":[{\"@type\":\"SearchAction\",\"target\":{\"@type\":\"EntryPoint\",\"urlTemplate\":\"https:\/\/dev1.jogapiekna.com\/?s={search_term_string}\"},\"query-input\":{\"@type\":\"PropertyValueSpecification\",\"valueRequired\":true,\"valueName\":\"search_term_string\"}}],\"inLanguage\":\"en-GB\"},{\"@type\":\"Organization\",\"@id\":\"https:\/\/dev1.jogapiekna.com\/#organization\",\"name\":\"Joga Pi\u0119kna Marta Kuci\u0144ska\",\"url\":\"https:\/\/dev1.jogapiekna.com\/\",\"logo\":{\"@type\":\"ImageObject\",\"inLanguage\":\"en-GB\",\"@id\":\"https:\/\/dev1.jogapiekna.com\/#\/schema\/logo\/image\/\",\"url\":\"https:\/\/dev1.jogapiekna.com\/wp-content\/uploads\/2022\/09\/joga-piekna-logo_Rka.png\",\"contentUrl\":\"https:\/\/dev1.jogapiekna.com\/wp-content\/uploads\/2022\/09\/joga-piekna-logo_Rka.png\",\"width\":231,\"height\":124,\"caption\":\"Joga Pi\u0119kna Marta Kuci\u0144ska\"},\"image\":{\"@id\":\"https:\/\/dev1.jogapiekna.com\/#\/schema\/logo\/image\/\"},\"sameAs\":[\"https:\/\/www.facebook.com\/JogaPieknaCom\/\",\"https:\/\/www.instagram.com\/jogapieknacom\/\"]}]}<\/script>\n<!-- \/ Yoast SEO plugin. -->","yoast_head_json":{"title":"Narrow Hair Band Asana Yoga Beauty","description":"Przepaska w\u0105ska ASANA do wszelkich zabieg\u00f3w piel\u0119gnacyjnych, masa\u017cy twarzy, jogi twarzy, a tak\u017ce do codziennej stylizacji. Uszyta z mi\u0119kkiej bawe\u0142ny.","robots":{"index":"index","follow":"follow","max-snippet":"max-snippet:-1","max-image-preview":"max-image-preview:large","max-video-preview":"max-video-preview:-1"},"canonical":"https:\/\/dev1.jogapiekna.com\/en\/product\/przepaska-waska-asana\/","og_locale":"en_GB","og_type":"article","og_title":"W\u0105ska przepaska na w\u0142osy ASANA Joga Pi\u0119kna","og_description":"Przepaska w\u0105ska ASANA do wszelkich zabieg\u00f3w piel\u0119gnacyjnych, masa\u017cy twarzy, jogi twarzy, a tak\u017ce do codziennej stylizacji. Uszyta z mi\u0119kkiej bawe\u0142ny.","og_url":"https:\/\/dev1.jogapiekna.com\/en\/product\/przepaska-waska-asana\/","og_site_name":"JOGA PI\u0118KNA | Joga Twarzy","article_publisher":"https:\/\/www.facebook.com\/JogaPieknaCom\/","article_modified_time":"2026-03-13T07:34:04+00:00","og_image":[{"width":1000,"height":1000,"url":"https:\/\/dev1.jogapiekna.com\/wp-content\/uploads\/2020\/05\/przepaska_waska_ASANA_czarny_01-jogapiekna.jpg","type":"image\/jpeg"}],"twitter_card":"summary_large_image","twitter_misc":{"Estimated reading time":"2 minutes"},"schema":{"@context":"https:\/\/schema.org","@graph":[{"@type":"WebPage","@id":"https:\/\/dev1.jogapiekna.com\/produkt\/przepaska-waska-asana\/","url":"https:\/\/dev1.jogapiekna.com\/produkt\/przepaska-waska-asana\/","name":"Narrow Hair Band Asana Yoga Beauty","isPartOf":{"@id":"https:\/\/dev1.jogapiekna.com\/#website"},"primaryImageOfPage":{"@id":"https:\/\/dev1.jogapiekna.com\/produkt\/przepaska-waska-asana\/#primaryimage"},"image":{"@id":"https:\/\/dev1.jogapiekna.com\/produkt\/przepaska-waska-asana\/#primaryimage"},"thumbnailUrl":"https:\/\/dev1.jogapiekna.com\/wp-content\/uploads\/2020\/05\/przepaska_waska_ASANA_czarny_01-jogapiekna.jpg","datePublished":"2020-05-19T15:43:39+00:00","dateModified":"2026-03-13T07:34:04+00:00","description":"Przepaska w\u0105ska ASANA do wszelkich zabieg\u00f3w piel\u0119gnacyjnych, masa\u017cy twarzy, jogi twarzy, a tak\u017ce do codziennej stylizacji. Uszyta z mi\u0119kkiej bawe\u0142ny.","breadcrumb":{"@id":"https:\/\/dev1.jogapiekna.com\/produkt\/przepaska-waska-asana\/#breadcrumb"},"inLanguage":"en-GB","potentialAction":[{"@type":"ReadAction","target":["https:\/\/dev1.jogapiekna.com\/produkt\/przepaska-waska-asana\/"]}]},{"@type":"ImageObject","inLanguage":"en-GB","@id":"https:\/\/dev1.jogapiekna.com\/produkt\/przepaska-waska-asana\/#primaryimage","url":"https:\/\/dev1.jogapiekna.com\/wp-content\/uploads\/2020\/05\/przepaska_waska_ASANA_czarny_01-jogapiekna.jpg","contentUrl":"https:\/\/dev1.jogapiekna.com\/wp-content\/uploads\/2020\/05\/przepaska_waska_ASANA_czarny_01-jogapiekna.jpg","width":1000,"height":1000,"caption":"W\u0105ska przepaska na \u2028w\u0142osy ASANA Joga Pi\u0119kna"},{"@type":"BreadcrumbList","@id":"https:\/\/dev1.jogapiekna.com\/produkt\/przepaska-waska-asana\/#breadcrumb","itemListElement":[{"@type":"ListItem","position":1,"name":"Strona g\u0142\u00f3wna","item":"https:\/\/dev1.jogapiekna.com\/"},{"@type":"ListItem","position":2,"name":"Sklep","item":"https:\/\/dev1.jogapiekna.com\/sklep\/"},{"@type":"ListItem","position":3,"name":"W\u0105ska przepaska na w\u0142osy ASANA Joga Pi\u0119kna"}]},{"@type":"WebSite","@id":"https:\/\/dev1.jogapiekna.com\/#website","url":"https:\/\/dev1.jogapiekna.com\/","name":"Yoga Beauty Marta Kuci\u0144ska","description":"Beauty Yoga helps women to maintain their beauty, reverse the signs of passing time and fatigue, regain a radiant appearance, natural smile and improve their self-esteem.","publisher":{"@id":"https:\/\/dev1.jogapiekna.com\/#organization"},"potentialAction":[{"@type":"SearchAction","target":{"@type":"EntryPoint","urlTemplate":"https:\/\/dev1.jogapiekna.com\/?s={search_term_string}"},"query-input":{"@type":"PropertyValueSpecification","valueRequired":true,"valueName":"search_term_string"}}],"inLanguage":"en-GB"},{"@type":"Organization","@id":"https:\/\/dev1.jogapiekna.com\/#organization","name":"Yoga Beauty Marta Kuci\u0144ska","url":"https:\/\/dev1.jogapiekna.com\/","logo":{"@type":"ImageObject","inLanguage":"en-GB","@id":"https:\/\/dev1.jogapiekna.com\/#\/schema\/logo\/image\/","url":"https:\/\/dev1.jogapiekna.com\/wp-content\/uploads\/2022\/09\/joga-piekna-logo_Rka.png","contentUrl":"https:\/\/dev1.jogapiekna.com\/wp-content\/uploads\/2022\/09\/joga-piekna-logo_Rka.png","width":231,"height":124,"caption":"Joga Pi\u0119kna Marta Kuci\u0144ska"},"image":{"@id":"https:\/\/dev1.jogapiekna.com\/#\/schema\/logo\/image\/"},"sameAs":["https:\/\/www.facebook.com\/JogaPieknaCom\/","https:\/\/www.instagram.com\/jogapieknacom\/"]}]}},"_links":{"self":[{"href":"https:\/\/dev1.jogapiekna.com\/en\/wp-json\/wp\/v2\/product\/28202","targetHints":{"allow":["GET"]}}],"collection":[{"href":"https:\/\/dev1.jogapiekna.com\/en\/wp-json\/wp\/v2\/product"}],"about":[{"href":"https:\/\/dev1.jogapiekna.com\/en\/wp-json\/wp\/v2\/types\/product"}],"replies":[{"embeddable":true,"href":"https:\/\/dev1.jogapiekna.com\/en\/wp-json\/wp\/v2\/comments?post=28202"}],"version-history":[{"count":6,"href":"https:\/\/dev1.jogapiekna.com\/en\/wp-json\/wp\/v2\/product\/28202\/revisions"}],"predecessor-version":[{"id":215589,"href":"https:\/\/dev1.jogapiekna.com\/en\/wp-json\/wp\/v2\/product\/28202\/revisions\/215589"}],"wp:featuredmedia":[{"embeddable":true,"href":"https:\/\/dev1.jogapiekna.com\/en\/wp-json\/wp\/v2\/media\/94746"}],"wp:attachment":[{"href":"https:\/\/dev1.jogapiekna.com\/en\/wp-json\/wp\/v2\/media?parent=28202"}],"wp:term":[{"taxonomy":"product_brand","embeddable":true,"href":"https:\/\/dev1.jogapiekna.com\/en\/wp-json\/wp\/v2\/product_brand?post=28202"},{"taxonomy":"product_cat","embeddable":true,"href":"https:\/\/dev1.jogapiekna.com\/en\/wp-json\/wp\/v2\/product_cat?post=28202"},{"taxonomy":"product_tag","embeddable":true,"href":"https:\/\/dev1.jogapiekna.com\/en\/wp-json\/wp\/v2\/product_tag?post=28202"}],"curies":[{"name":"wp","href":"https:\/\/api.w.org\/{rel}","templated":true}]}}