{"id":216944,"date":"2026-02-13T14:39:10","date_gmt":"2026-02-13T13:39:10","guid":{"rendered":"https:\/\/dev1.jogapiekna.com?post_type=product&#038;p=216944"},"modified":"2026-03-11T14:31:38","modified_gmt":"2026-03-11T13:31:38","slug":"serum-do-skory-tradzikowej-slavia-cosmetics-30-ml","status":"publish","type":"product","link":"https:\/\/dev1.jogapiekna.com\/en\/product\/serum-do-skory-tradzikowej-slavia-cosmetics-30-ml\/","title":{"rendered":"Serum for acne-prone skin with dilated pores - Slavia Cosmetics - 30 ml"},"content":{"rendered":"<p>&nbsp;<\/p>\n<h3>Serum for acne-prone skin with dilated pores Slavia Cosmetics<\/h3>\n<p><strong>Serum for acne-prone skin<\/strong> Slavia Cosmetics is part of the daily <strong>care routine<\/strong>, which helps to take care of the skin's balance. The product promotes skin comfort, an improved complexion and a feeling of freshness without weighing it down.<\/p>\n<p>It will work well in the care of those who want to act calmly and consistently, without aggressive regimens. The serum can be used either on its own or as part of a broader holistic skincare regimen.<\/p>\n<p>&nbsp;<\/p>\n<h3>The effect of regular use<\/h3>\n<p>- Support for acne skin care<br \/>\n- Visible smoothing of the skin texture<br \/>\n- Improving the appearance of enlarged pores<br \/>\n- Improved skin comfort and balance<br \/>\n- Complement your daily skincare routine<\/p>\n<p>&nbsp;<\/p>\n<h3>Product parameters<\/h3>\n<p>- Product type: facial serum<br \/>\n- Purpose: acne and problematic skin<br \/>\n- Use: daily care<br \/>\n- Consistency: light<\/p>\n<p>&nbsp;<\/p>\n<h3>Advantages of Slavia Cosmetics serums<\/h3>\n<p>- Developed for problematic skin<br \/>\n- Suitable for regular use<br \/>\n- Lightweight formula without feeling heavy<br \/>\n- Supports conscious and calm care<\/p>","protected":false},"excerpt":{"rendered":"<p>Slavia Cosmetics' serum was created for acne-prone and problematic skin. The lightweight formula supports the daily care of skin prone to enlarged pores, overproduction of sebum and uneven texture.<\/p>","protected":false},"featured_media":216945,"comment_status":"closed","ping_status":"closed","template":"","meta":{"_acf_changed":false,"site-sidebar-layout":"default","site-content-layout":"","ast-site-content-layout":"default","site-content-style":"default","site-sidebar-style":"default","ast-global-header-display":"","ast-banner-title-visibility":"","ast-main-header-display":"","ast-hfb-above-header-display":"","ast-hfb-below-header-display":"","ast-hfb-mobile-header-display":"","site-post-title":"","ast-breadcrumbs-content":"","ast-featured-img":"","footer-sml-layout":"","ast-disable-related-posts":"","theme-transparent-header-meta":"default","adv-header-id-meta":"","stick-header-meta":"","header-above-stick-meta":"","header-main-stick-meta":"","header-below-stick-meta":"","astra-migrate-meta-layouts":"set","ast-page-background-enabled":"default","ast-page-background-meta":{"desktop":{"background-color":"var(--ast-global-color-5)","background-image":"","background-repeat":"repeat","background-position":"center center","background-size":"auto","background-attachment":"scroll","background-type":"","background-media":"","overlay-type":"","overlay-color":"","overlay-opacity":"","overlay-gradient":""},"tablet":{"background-color":"","background-image":"","background-repeat":"repeat","background-position":"center center","background-size":"auto","background-attachment":"scroll","background-type":"","background-media":"","overlay-type":"","overlay-color":"","overlay-opacity":"","overlay-gradient":""},"mobile":{"background-color":"","background-image":"","background-repeat":"repeat","background-position":"center center","background-size":"auto","background-attachment":"scroll","background-type":"","background-media":"","overlay-type":"","overlay-color":"","overlay-opacity":"","overlay-gradient":""}},"ast-content-background-meta":{"desktop":{"background-color":"var(--ast-global-color-4)","background-image":"","background-repeat":"repeat","background-position":"center center","background-size":"auto","background-attachment":"scroll","background-type":"","background-media":"","overlay-type":"","overlay-color":"","overlay-opacity":"","overlay-gradient":""},"tablet":{"background-color":"var(--ast-global-color-4)","background-image":"","background-repeat":"repeat","background-position":"center center","background-size":"auto","background-attachment":"scroll","background-type":"","background-media":"","overlay-type":"","overlay-color":"","overlay-opacity":"","overlay-gradient":""},"mobile":{"background-color":"var(--ast-global-color-4)","background-image":"","background-repeat":"repeat","background-position":"center center","background-size":"auto","background-attachment":"scroll","background-type":"","background-media":"","overlay-type":"","overlay-color":"","overlay-opacity":"","overlay-gradient":""}}},"product_brand":[],"product_cat":[331],"product_tag":[944,782,472],"class_list":{"0":"post-216944","1":"product","2":"type-product","3":"status-publish","4":"has-post-thumbnail","6":"product_cat-kosmetyki","7":"product_tag-rozszerzone-pory","8":"product_tag-serum","9":"product_tag-tradzik","10":"desktop-align-left","11":"tablet-align-left","12":"mobile-align-left","14":"first","15":"instock","16":"taxable","17":"shipping-taxable","18":"purchasable","19":"product-type-simple"},"acf":[],"yoast_head":"<!-- This site is optimized with the Yoast SEO plugin v27.1.1 - https:\/\/yoast.com\/product\/yoast-seo-wordpress\/ -->\n<title>Serum do sk\u00f3ry tr\u0105dzikowej z rozszerzonymi porami | Slavia Cosmetics<\/title>\n<meta name=\"description\" content=\"Serum Slavia Cosmetics do sk\u00f3ry tr\u0105dzikowej z rozszerzonymi porami wspiera regulacj\u0119 sebum, popraw\u0119 struktury sk\u00f3ry i \u015bwiadom\u0105 piel\u0119gnacj\u0119 cery problematycznej.\" \/>\n<meta name=\"robots\" content=\"index, follow, max-snippet:-1, max-image-preview:large, max-video-preview:-1\" \/>\n<link rel=\"canonical\" href=\"https:\/\/dev1.jogapiekna.com\/en\/product\/serum-do-skory-tradzikowej-slavia-cosmetics-30-ml\/\" \/>\n<meta property=\"og:locale\" content=\"en_GB\" \/>\n<meta property=\"og:type\" content=\"article\" \/>\n<meta property=\"og:title\" content=\"Serum do sk\u00f3ry tr\u0105dzikowej z rozszerzonymi porami | Slavia Cosmetics\" \/>\n<meta property=\"og:description\" content=\"Serum Slavia Cosmetics do sk\u00f3ry tr\u0105dzikowej z rozszerzonymi porami wspiera regulacj\u0119 sebum, popraw\u0119 struktury sk\u00f3ry i \u015bwiadom\u0105 piel\u0119gnacj\u0119 cery problematycznej.\" \/>\n<meta property=\"og:url\" content=\"https:\/\/dev1.jogapiekna.com\/en\/product\/serum-do-skory-tradzikowej-slavia-cosmetics-30-ml\/\" \/>\n<meta property=\"og:site_name\" content=\"JOGA PI\u0118KNA | Joga Twarzy\" \/>\n<meta property=\"article:publisher\" content=\"https:\/\/www.facebook.com\/JogaPieknaCom\/\" \/>\n<meta property=\"article:modified_time\" content=\"2026-03-11T13:31:38+00:00\" \/>\n<meta property=\"og:image\" content=\"https:\/\/dev1.jogapiekna.com\/wp-content\/uploads\/2026\/02\/wyciszajace-serum-slavia.jpg\" \/>\n\t<meta property=\"og:image:width\" content=\"1000\" \/>\n\t<meta property=\"og:image:height\" content=\"1000\" \/>\n\t<meta property=\"og:image:type\" content=\"image\/jpeg\" \/>\n<meta name=\"twitter:card\" content=\"summary_large_image\" \/>\n<meta name=\"twitter:label1\" content=\"Estimated reading time\" \/>\n\t<meta name=\"twitter:data1\" content=\"2 minutes\" \/>\n<script type=\"application\/ld+json\" class=\"yoast-schema-graph\">{\"@context\":\"https:\/\/schema.org\",\"@graph\":[{\"@type\":\"WebPage\",\"@id\":\"https:\/\/dev1.jogapiekna.com\/en\/product\/serum-do-skory-tradzikowej-slavia-cosmetics-30-ml\/\",\"url\":\"https:\/\/dev1.jogapiekna.com\/en\/product\/serum-do-skory-tradzikowej-slavia-cosmetics-30-ml\/\",\"name\":\"Serum do sk\u00f3ry tr\u0105dzikowej z rozszerzonymi porami | Slavia Cosmetics\",\"isPartOf\":{\"@id\":\"https:\/\/dev1.jogapiekna.com\/#website\"},\"primaryImageOfPage\":{\"@id\":\"https:\/\/dev1.jogapiekna.com\/en\/product\/serum-do-skory-tradzikowej-slavia-cosmetics-30-ml\/#primaryimage\"},\"image\":{\"@id\":\"https:\/\/dev1.jogapiekna.com\/en\/product\/serum-do-skory-tradzikowej-slavia-cosmetics-30-ml\/#primaryimage\"},\"thumbnailUrl\":\"https:\/\/dev1.jogapiekna.com\/wp-content\/uploads\/2026\/02\/wyciszajace-serum-slavia.jpg\",\"datePublished\":\"2026-02-13T13:39:10+00:00\",\"dateModified\":\"2026-03-11T13:31:38+00:00\",\"description\":\"Serum Slavia Cosmetics do sk\u00f3ry tr\u0105dzikowej z rozszerzonymi porami wspiera regulacj\u0119 sebum, popraw\u0119 struktury sk\u00f3ry i \u015bwiadom\u0105 piel\u0119gnacj\u0119 cery problematycznej.\",\"breadcrumb\":{\"@id\":\"https:\/\/dev1.jogapiekna.com\/en\/product\/serum-do-skory-tradzikowej-slavia-cosmetics-30-ml\/#breadcrumb\"},\"inLanguage\":\"en-GB\",\"potentialAction\":[{\"@type\":\"ReadAction\",\"target\":[\"https:\/\/dev1.jogapiekna.com\/en\/product\/serum-do-skory-tradzikowej-slavia-cosmetics-30-ml\/\"]}]},{\"@type\":\"ImageObject\",\"inLanguage\":\"en-GB\",\"@id\":\"https:\/\/dev1.jogapiekna.com\/en\/product\/serum-do-skory-tradzikowej-slavia-cosmetics-30-ml\/#primaryimage\",\"url\":\"https:\/\/dev1.jogapiekna.com\/wp-content\/uploads\/2026\/02\/wyciszajace-serum-slavia.jpg\",\"contentUrl\":\"https:\/\/dev1.jogapiekna.com\/wp-content\/uploads\/2026\/02\/wyciszajace-serum-slavia.jpg\",\"width\":1000,\"height\":1000,\"caption\":\"Serum do sk\u00f3ry tr\u0105dzikowej z rozszerzonymi porami | Slavia Cosmetics\"},{\"@type\":\"BreadcrumbList\",\"@id\":\"https:\/\/dev1.jogapiekna.com\/en\/product\/serum-do-skory-tradzikowej-slavia-cosmetics-30-ml\/#breadcrumb\",\"itemListElement\":[{\"@type\":\"ListItem\",\"position\":1,\"name\":\"Strona g\u0142\u00f3wna\",\"item\":\"https:\/\/dev1.jogapiekna.com\/\"},{\"@type\":\"ListItem\",\"position\":2,\"name\":\"Sklep\",\"item\":\"https:\/\/dev1.jogapiekna.com\/sklep\/\"},{\"@type\":\"ListItem\",\"position\":3,\"name\":\"Serum do sk\u00f3ry tr\u0105dzikowej z rozszerzonymi porami \u2022 Slavia Cosmetics \u2022 30 ml\"}]},{\"@type\":\"WebSite\",\"@id\":\"https:\/\/dev1.jogapiekna.com\/#website\",\"url\":\"https:\/\/dev1.jogapiekna.com\/\",\"name\":\"Joga Pi\u0119kna Marta Kuci\u0144ska\",\"description\":\"Joga Pi\u0119kna pomaga kobietom zachowa\u0107 urod\u0119, cofn\u0105\u0107 oznaki up\u0142ywaj\u0105cego czasu i zm\u0119czenia, odzyska\u0107 promienny wygl\u0105d, naturalny u\u015bmiech i popraw\u0119 w\u0142asnej samooceny.\",\"publisher\":{\"@id\":\"https:\/\/dev1.jogapiekna.com\/#organization\"},\"potentialAction\":[{\"@type\":\"SearchAction\",\"target\":{\"@type\":\"EntryPoint\",\"urlTemplate\":\"https:\/\/dev1.jogapiekna.com\/?s={search_term_string}\"},\"query-input\":{\"@type\":\"PropertyValueSpecification\",\"valueRequired\":true,\"valueName\":\"search_term_string\"}}],\"inLanguage\":\"en-GB\"},{\"@type\":\"Organization\",\"@id\":\"https:\/\/dev1.jogapiekna.com\/#organization\",\"name\":\"Joga Pi\u0119kna Marta Kuci\u0144ska\",\"url\":\"https:\/\/dev1.jogapiekna.com\/\",\"logo\":{\"@type\":\"ImageObject\",\"inLanguage\":\"en-GB\",\"@id\":\"https:\/\/dev1.jogapiekna.com\/#\/schema\/logo\/image\/\",\"url\":\"https:\/\/dev1.jogapiekna.com\/wp-content\/uploads\/2022\/09\/joga-piekna-logo_Rka.png\",\"contentUrl\":\"https:\/\/dev1.jogapiekna.com\/wp-content\/uploads\/2022\/09\/joga-piekna-logo_Rka.png\",\"width\":231,\"height\":124,\"caption\":\"Joga Pi\u0119kna Marta Kuci\u0144ska\"},\"image\":{\"@id\":\"https:\/\/dev1.jogapiekna.com\/#\/schema\/logo\/image\/\"},\"sameAs\":[\"https:\/\/www.facebook.com\/JogaPieknaCom\/\",\"https:\/\/www.instagram.com\/jogapieknacom\/\"]}]}<\/script>\n<!-- \/ Yoast SEO plugin. -->","yoast_head_json":{"title":"Serum do sk\u00f3ry tr\u0105dzikowej z rozszerzonymi porami | Slavia Cosmetics","description":"Serum Slavia Cosmetics do sk\u00f3ry tr\u0105dzikowej z rozszerzonymi porami wspiera regulacj\u0119 sebum, popraw\u0119 struktury sk\u00f3ry i \u015bwiadom\u0105 piel\u0119gnacj\u0119 cery problematycznej.","robots":{"index":"index","follow":"follow","max-snippet":"max-snippet:-1","max-image-preview":"max-image-preview:large","max-video-preview":"max-video-preview:-1"},"canonical":"https:\/\/dev1.jogapiekna.com\/en\/product\/serum-do-skory-tradzikowej-slavia-cosmetics-30-ml\/","og_locale":"en_GB","og_type":"article","og_title":"Serum do sk\u00f3ry tr\u0105dzikowej z rozszerzonymi porami | Slavia Cosmetics","og_description":"Serum Slavia Cosmetics do sk\u00f3ry tr\u0105dzikowej z rozszerzonymi porami wspiera regulacj\u0119 sebum, popraw\u0119 struktury sk\u00f3ry i \u015bwiadom\u0105 piel\u0119gnacj\u0119 cery problematycznej.","og_url":"https:\/\/dev1.jogapiekna.com\/en\/product\/serum-do-skory-tradzikowej-slavia-cosmetics-30-ml\/","og_site_name":"JOGA PI\u0118KNA | Joga Twarzy","article_publisher":"https:\/\/www.facebook.com\/JogaPieknaCom\/","article_modified_time":"2026-03-11T13:31:38+00:00","og_image":[{"width":1000,"height":1000,"url":"https:\/\/dev1.jogapiekna.com\/wp-content\/uploads\/2026\/02\/wyciszajace-serum-slavia.jpg","type":"image\/jpeg"}],"twitter_card":"summary_large_image","twitter_misc":{"Estimated reading time":"2 minutes"},"schema":{"@context":"https:\/\/schema.org","@graph":[{"@type":"WebPage","@id":"https:\/\/dev1.jogapiekna.com\/en\/product\/serum-do-skory-tradzikowej-slavia-cosmetics-30-ml\/","url":"https:\/\/dev1.jogapiekna.com\/en\/product\/serum-do-skory-tradzikowej-slavia-cosmetics-30-ml\/","name":"Serum do sk\u00f3ry tr\u0105dzikowej z rozszerzonymi porami | Slavia Cosmetics","isPartOf":{"@id":"https:\/\/dev1.jogapiekna.com\/#website"},"primaryImageOfPage":{"@id":"https:\/\/dev1.jogapiekna.com\/en\/product\/serum-do-skory-tradzikowej-slavia-cosmetics-30-ml\/#primaryimage"},"image":{"@id":"https:\/\/dev1.jogapiekna.com\/en\/product\/serum-do-skory-tradzikowej-slavia-cosmetics-30-ml\/#primaryimage"},"thumbnailUrl":"https:\/\/dev1.jogapiekna.com\/wp-content\/uploads\/2026\/02\/wyciszajace-serum-slavia.jpg","datePublished":"2026-02-13T13:39:10+00:00","dateModified":"2026-03-11T13:31:38+00:00","description":"Serum Slavia Cosmetics do sk\u00f3ry tr\u0105dzikowej z rozszerzonymi porami wspiera regulacj\u0119 sebum, popraw\u0119 struktury sk\u00f3ry i \u015bwiadom\u0105 piel\u0119gnacj\u0119 cery problematycznej.","breadcrumb":{"@id":"https:\/\/dev1.jogapiekna.com\/en\/product\/serum-do-skory-tradzikowej-slavia-cosmetics-30-ml\/#breadcrumb"},"inLanguage":"en-GB","potentialAction":[{"@type":"ReadAction","target":["https:\/\/dev1.jogapiekna.com\/en\/product\/serum-do-skory-tradzikowej-slavia-cosmetics-30-ml\/"]}]},{"@type":"ImageObject","inLanguage":"en-GB","@id":"https:\/\/dev1.jogapiekna.com\/en\/product\/serum-do-skory-tradzikowej-slavia-cosmetics-30-ml\/#primaryimage","url":"https:\/\/dev1.jogapiekna.com\/wp-content\/uploads\/2026\/02\/wyciszajace-serum-slavia.jpg","contentUrl":"https:\/\/dev1.jogapiekna.com\/wp-content\/uploads\/2026\/02\/wyciszajace-serum-slavia.jpg","width":1000,"height":1000,"caption":"Serum do sk\u00f3ry tr\u0105dzikowej z rozszerzonymi porami | Slavia Cosmetics"},{"@type":"BreadcrumbList","@id":"https:\/\/dev1.jogapiekna.com\/en\/product\/serum-do-skory-tradzikowej-slavia-cosmetics-30-ml\/#breadcrumb","itemListElement":[{"@type":"ListItem","position":1,"name":"Strona g\u0142\u00f3wna","item":"https:\/\/dev1.jogapiekna.com\/"},{"@type":"ListItem","position":2,"name":"Sklep","item":"https:\/\/dev1.jogapiekna.com\/sklep\/"},{"@type":"ListItem","position":3,"name":"Serum do sk\u00f3ry tr\u0105dzikowej z rozszerzonymi porami \u2022 Slavia Cosmetics \u2022 30 ml"}]},{"@type":"WebSite","@id":"https:\/\/dev1.jogapiekna.com\/#website","url":"https:\/\/dev1.jogapiekna.com\/","name":"Yoga Beauty Marta Kuci\u0144ska","description":"Beauty Yoga helps women to maintain their beauty, reverse the signs of passing time and fatigue, regain a radiant appearance, natural smile and improve their self-esteem.","publisher":{"@id":"https:\/\/dev1.jogapiekna.com\/#organization"},"potentialAction":[{"@type":"SearchAction","target":{"@type":"EntryPoint","urlTemplate":"https:\/\/dev1.jogapiekna.com\/?s={search_term_string}"},"query-input":{"@type":"PropertyValueSpecification","valueRequired":true,"valueName":"search_term_string"}}],"inLanguage":"en-GB"},{"@type":"Organization","@id":"https:\/\/dev1.jogapiekna.com\/#organization","name":"Yoga Beauty Marta Kuci\u0144ska","url":"https:\/\/dev1.jogapiekna.com\/","logo":{"@type":"ImageObject","inLanguage":"en-GB","@id":"https:\/\/dev1.jogapiekna.com\/#\/schema\/logo\/image\/","url":"https:\/\/dev1.jogapiekna.com\/wp-content\/uploads\/2022\/09\/joga-piekna-logo_Rka.png","contentUrl":"https:\/\/dev1.jogapiekna.com\/wp-content\/uploads\/2022\/09\/joga-piekna-logo_Rka.png","width":231,"height":124,"caption":"Joga Pi\u0119kna Marta Kuci\u0144ska"},"image":{"@id":"https:\/\/dev1.jogapiekna.com\/#\/schema\/logo\/image\/"},"sameAs":["https:\/\/www.facebook.com\/JogaPieknaCom\/","https:\/\/www.instagram.com\/jogapieknacom\/"]}]}},"_links":{"self":[{"href":"https:\/\/dev1.jogapiekna.com\/en\/wp-json\/wp\/v2\/product\/216944","targetHints":{"allow":["GET"]}}],"collection":[{"href":"https:\/\/dev1.jogapiekna.com\/en\/wp-json\/wp\/v2\/product"}],"about":[{"href":"https:\/\/dev1.jogapiekna.com\/en\/wp-json\/wp\/v2\/types\/product"}],"replies":[{"embeddable":true,"href":"https:\/\/dev1.jogapiekna.com\/en\/wp-json\/wp\/v2\/comments?post=216944"}],"version-history":[{"count":6,"href":"https:\/\/dev1.jogapiekna.com\/en\/wp-json\/wp\/v2\/product\/216944\/revisions"}],"predecessor-version":[{"id":218986,"href":"https:\/\/dev1.jogapiekna.com\/en\/wp-json\/wp\/v2\/product\/216944\/revisions\/218986"}],"wp:featuredmedia":[{"embeddable":true,"href":"https:\/\/dev1.jogapiekna.com\/en\/wp-json\/wp\/v2\/media\/216945"}],"wp:attachment":[{"href":"https:\/\/dev1.jogapiekna.com\/en\/wp-json\/wp\/v2\/media?parent=216944"}],"wp:term":[{"taxonomy":"product_brand","embeddable":true,"href":"https:\/\/dev1.jogapiekna.com\/en\/wp-json\/wp\/v2\/product_brand?post=216944"},{"taxonomy":"product_cat","embeddable":true,"href":"https:\/\/dev1.jogapiekna.com\/en\/wp-json\/wp\/v2\/product_cat?post=216944"},{"taxonomy":"product_tag","embeddable":true,"href":"https:\/\/dev1.jogapiekna.com\/en\/wp-json\/wp\/v2\/product_tag?post=216944"}],"curies":[{"name":"wp","href":"https:\/\/api.w.org\/{rel}","templated":true}]}}