{"id":21667,"date":"2020-01-28T10:39:59","date_gmt":"2020-01-28T09:39:59","guid":{"rendered":"https:\/\/dev1.jogapiekna.com?post_type=product&#038;p=21667"},"modified":"2026-02-02T10:15:23","modified_gmt":"2026-02-02T09:15:23","slug":"olejek-eteryczny-doterra-copaiba-15-ml-kopia","status":"publish","type":"product","link":"https:\/\/dev1.jogapiekna.com\/en\/product\/olejek-eteryczny-doterra-copaiba-15-ml-kopia\/","title":{"rendered":"doTERRA * Copaiba * Soothing Essential Oil * 15 ml"},"content":{"rendered":"<p>doTERRA Copaiba oil is a blend of oils from four different tree species, which significantly increases its therapeutic potential. It has a warm woody aroma and contains naturally occurring beta-caryophilene, making it a popular addition to many spa treatments. Its leading trait is the ability to reduce feelings of tension and reveal calm emotions. This oil can be used all day. When combined with citrus oils, it has mood-enhancing properties, while when we add Siberian fir or flower oil, we get a deeply soothing and relaxing blend.<\/p>\n<p>Use the oils carefully in the immediate eye area. Oils do not dissolve in water, so they should be dissolved in a carrier oil (such as coconut or other vegetable oil) to help them absorb better. If oil gets into your eyes, wash them with carrier oil, milk, but not water.<\/p>\n<p><strong> indication: <\/strong><\/p>\n<ul>\n<li>when relaxation is required, mute<\/li>\n<li>to improve your mood<\/li>\n<li>for a relaxing therapeutic massage<\/li>\n<li>for frozen hands and feet<\/li>\n<\/ul>\n<p><strong>How to use it:<\/strong><\/p>\n<ul>\n<li>ultrasonic diffuser: 5-6 drops of essential oil into the water in the diffuser<\/li>\n<li>add a few drops of oil to your favorite after-bath cream and lotion<\/li>\n<li>add a few drops to your shampoo or hair conditioner<\/li>\n<li>10-15 drops for a therapeutic bath: dissolve the oil in a small amount of carrier oil and only pour it into a bath with water with a temperature of no more than 40-42 C<\/li>\n<li>a foot or hand bath if your hands and feet are freezing. You will need about 10 drops of essential oil pre-mixed with the carrier oil.<\/li>\n<\/ul>\n<p><strong>All doTERRA oils are clean and safe. They are certified CPTG (Certified Pure Therapeutic Grade\u00ae) - certified pure therapeutic grade.<\/strong> They can be safely used internally, lubricated the body, and inhaled.<\/p>\n<p><strong>CPTG-Certified Pure Therapeutic Grade (ACKT-Certified Pure therapeutic Grade)<\/strong> doTERRA oils, which makes it absolutely safe to use oils orally (those intended for internal use), as well as in small children.<\/p>\n<p>What does such a certificate mean?<\/p>\n<ul>\n<li>quality without pesticides and heavy metals,<\/li>\n<li>no artificial colors or fillers,<\/li>\n<li>kontrolowane uprawy na obszarach, gdzie naturalnie wyst\u0119puje dana ro\u015blina i zbieranie jej w optymalnym momencie<\/li>\n<li>brak domieszek olejk\u00f3w z innych ro\u015blinnych<\/li>\n<li>brak domieszek olejk\u00f3w syntetycznych<\/li>\n<\/ul>","protected":false},"excerpt":{"rendered":"<p>15 ml \/ 300 drops<\/p>","protected":false},"featured_media":94677,"comment_status":"closed","ping_status":"closed","template":"","meta":{"_acf_changed":false,"site-sidebar-layout":"default","site-content-layout":"","ast-site-content-layout":"default","site-content-style":"default","site-sidebar-style":"default","ast-global-header-display":"","ast-banner-title-visibility":"","ast-main-header-display":"","ast-hfb-above-header-display":"","ast-hfb-below-header-display":"","ast-hfb-mobile-header-display":"","site-post-title":"","ast-breadcrumbs-content":"","ast-featured-img":"","footer-sml-layout":"","ast-disable-related-posts":"","theme-transparent-header-meta":"","adv-header-id-meta":"","stick-header-meta":"","header-above-stick-meta":"","header-main-stick-meta":"","header-below-stick-meta":"","astra-migrate-meta-layouts":"default","ast-page-background-enabled":"default","ast-page-background-meta":{"desktop":{"background-color":"var(--ast-global-color-5)","background-image":"","background-repeat":"repeat","background-position":"center center","background-size":"auto","background-attachment":"scroll","background-type":"","background-media":"","overlay-type":"","overlay-color":"","overlay-opacity":"","overlay-gradient":""},"tablet":{"background-color":"","background-image":"","background-repeat":"repeat","background-position":"center center","background-size":"auto","background-attachment":"scroll","background-type":"","background-media":"","overlay-type":"","overlay-color":"","overlay-opacity":"","overlay-gradient":""},"mobile":{"background-color":"","background-image":"","background-repeat":"repeat","background-position":"center center","background-size":"auto","background-attachment":"scroll","background-type":"","background-media":"","overlay-type":"","overlay-color":"","overlay-opacity":"","overlay-gradient":""}},"ast-content-background-meta":{"desktop":{"background-color":"var(--ast-global-color-4)","background-image":"","background-repeat":"repeat","background-position":"center center","background-size":"auto","background-attachment":"scroll","background-type":"","background-media":"","overlay-type":"","overlay-color":"","overlay-opacity":"","overlay-gradient":""},"tablet":{"background-color":"var(--ast-global-color-4)","background-image":"","background-repeat":"repeat","background-position":"center center","background-size":"auto","background-attachment":"scroll","background-type":"","background-media":"","overlay-type":"","overlay-color":"","overlay-opacity":"","overlay-gradient":""},"mobile":{"background-color":"var(--ast-global-color-4)","background-image":"","background-repeat":"repeat","background-position":"center center","background-size":"auto","background-attachment":"scroll","background-type":"","background-media":"","overlay-type":"","overlay-color":"","overlay-opacity":"","overlay-gradient":""}}},"product_brand":[],"product_cat":[642],"product_tag":[157,144,57],"class_list":{"0":"post-21667","1":"product","2":"type-product","3":"status-publish","4":"has-post-thumbnail","6":"product_cat-olejki-eteryczne","7":"product_tag-aromaterapia","8":"product_tag-doterra","9":"product_tag-olejek-eteryczny","10":"desktop-align-left","11":"tablet-align-left","12":"mobile-align-left","14":"first","15":"instock","16":"taxable","17":"shipping-taxable","18":"purchasable","19":"product-type-simple"},"acf":[],"yoast_head":"<!-- This site is optimized with the Yoast SEO plugin v27.1.1 - https:\/\/yoast.com\/product\/yoast-seo-wordpress\/ -->\n<title>Olejek eteryczny doTERRA \u2022 Copaiba \u2022 na wyciszenie \u2022 15 ml | Joga Pi\u0119kna | Ajurweda<\/title>\n<meta name=\"description\" content=\"Olejek eteryczny doTERRA jest czysty i bezpieczny. Posiada certyfikat ACKT. Olejek wspomaga drogi oddechowe, daje uczucie \u015bwie\u017co\u015bci, orze\u017awia.\" \/>\n<meta name=\"robots\" content=\"index, follow, max-snippet:-1, max-image-preview:large, max-video-preview:-1\" \/>\n<link rel=\"canonical\" href=\"https:\/\/dev1.jogapiekna.com\/en\/product\/olejek-eteryczny-doterra-copaiba-15-ml-kopia\/\" \/>\n<meta property=\"og:locale\" content=\"en_GB\" \/>\n<meta property=\"og:type\" content=\"article\" \/>\n<meta property=\"og:title\" content=\"Olejek eteryczny doTERRA \u2022 Copaiba \u2022 na wyciszenie \u2022 15 ml | Joga Pi\u0119kna | Ajurweda\" \/>\n<meta property=\"og:description\" content=\"Olejek eteryczny doTERRA jest czysty i bezpieczny. Posiada certyfikat ACKT. Olejek wspomaga drogi oddechowe, daje uczucie \u015bwie\u017co\u015bci, orze\u017awia.\" \/>\n<meta property=\"og:url\" content=\"https:\/\/dev1.jogapiekna.com\/en\/product\/olejek-eteryczny-doterra-copaiba-15-ml-kopia\/\" \/>\n<meta property=\"og:site_name\" content=\"JOGA PI\u0118KNA | Joga Twarzy\" \/>\n<meta property=\"article:publisher\" content=\"https:\/\/www.facebook.com\/JogaPieknaCom\/\" \/>\n<meta property=\"article:modified_time\" content=\"2026-02-02T09:15:23+00:00\" \/>\n<meta property=\"og:image\" content=\"https:\/\/dev1.jogapiekna.com\/wp-content\/uploads\/2020\/04\/joga-piekna_olejek-copaiba-doterra.jpg\" \/>\n\t<meta property=\"og:image:width\" content=\"1000\" \/>\n\t<meta property=\"og:image:height\" content=\"1000\" \/>\n\t<meta property=\"og:image:type\" content=\"image\/jpeg\" \/>\n<meta name=\"twitter:card\" content=\"summary_large_image\" \/>\n<meta name=\"twitter:label1\" content=\"Estimated reading time\" \/>\n\t<meta name=\"twitter:data1\" content=\"2 minutes\" \/>\n<script type=\"application\/ld+json\" class=\"yoast-schema-graph\">{\"@context\":\"https:\/\/schema.org\",\"@graph\":[{\"@type\":\"WebPage\",\"@id\":\"https:\/\/dev1.jogapiekna.com\/produkt\/olejek-eteryczny-doterra-copaiba-15-ml-kopia\/\",\"url\":\"https:\/\/dev1.jogapiekna.com\/produkt\/olejek-eteryczny-doterra-copaiba-15-ml-kopia\/\",\"name\":\"Olejek eteryczny doTERRA \u2022 Copaiba \u2022 na wyciszenie \u2022 15 ml | Joga Pi\u0119kna | Ajurweda\",\"isPartOf\":{\"@id\":\"https:\/\/dev1.jogapiekna.com\/#website\"},\"primaryImageOfPage\":{\"@id\":\"https:\/\/dev1.jogapiekna.com\/produkt\/olejek-eteryczny-doterra-copaiba-15-ml-kopia\/#primaryimage\"},\"image\":{\"@id\":\"https:\/\/dev1.jogapiekna.com\/produkt\/olejek-eteryczny-doterra-copaiba-15-ml-kopia\/#primaryimage\"},\"thumbnailUrl\":\"https:\/\/dev1.jogapiekna.com\/wp-content\/uploads\/2020\/04\/joga-piekna_olejek-copaiba-doterra.jpg\",\"datePublished\":\"2020-01-28T09:39:59+00:00\",\"dateModified\":\"2026-02-02T09:15:23+00:00\",\"description\":\"Olejek eteryczny doTERRA jest czysty i bezpieczny. Posiada certyfikat ACKT. Olejek wspomaga drogi oddechowe, daje uczucie \u015bwie\u017co\u015bci, orze\u017awia.\",\"breadcrumb\":{\"@id\":\"https:\/\/dev1.jogapiekna.com\/produkt\/olejek-eteryczny-doterra-copaiba-15-ml-kopia\/#breadcrumb\"},\"inLanguage\":\"en-GB\",\"potentialAction\":[{\"@type\":\"ReadAction\",\"target\":[\"https:\/\/dev1.jogapiekna.com\/produkt\/olejek-eteryczny-doterra-copaiba-15-ml-kopia\/\"]}]},{\"@type\":\"ImageObject\",\"inLanguage\":\"en-GB\",\"@id\":\"https:\/\/dev1.jogapiekna.com\/produkt\/olejek-eteryczny-doterra-copaiba-15-ml-kopia\/#primaryimage\",\"url\":\"https:\/\/dev1.jogapiekna.com\/wp-content\/uploads\/2020\/04\/joga-piekna_olejek-copaiba-doterra.jpg\",\"contentUrl\":\"https:\/\/dev1.jogapiekna.com\/wp-content\/uploads\/2020\/04\/joga-piekna_olejek-copaiba-doterra.jpg\",\"width\":1000,\"height\":1000,\"caption\":\"Olejek eteryczny doTERRA \u2022 Copaiba \u2022 na wyciszenie \u2022 15 ml\"},{\"@type\":\"BreadcrumbList\",\"@id\":\"https:\/\/dev1.jogapiekna.com\/produkt\/olejek-eteryczny-doterra-copaiba-15-ml-kopia\/#breadcrumb\",\"itemListElement\":[{\"@type\":\"ListItem\",\"position\":1,\"name\":\"Strona g\u0142\u00f3wna\",\"item\":\"https:\/\/dev1.jogapiekna.com\/\"},{\"@type\":\"ListItem\",\"position\":2,\"name\":\"Sklep\",\"item\":\"https:\/\/dev1.jogapiekna.com\/sklep\/\"},{\"@type\":\"ListItem\",\"position\":3,\"name\":\"Olejek eteryczny doTERRA \u2022 Copaiba \u2022 na wyciszenie \u2022 15 ml\"}]},{\"@type\":\"WebSite\",\"@id\":\"https:\/\/dev1.jogapiekna.com\/#website\",\"url\":\"https:\/\/dev1.jogapiekna.com\/\",\"name\":\"Joga Pi\u0119kna Marta Kuci\u0144ska\",\"description\":\"Joga Pi\u0119kna pomaga kobietom zachowa\u0107 urod\u0119, cofn\u0105\u0107 oznaki up\u0142ywaj\u0105cego czasu i zm\u0119czenia, odzyska\u0107 promienny wygl\u0105d, naturalny u\u015bmiech i popraw\u0119 w\u0142asnej samooceny.\",\"publisher\":{\"@id\":\"https:\/\/dev1.jogapiekna.com\/#organization\"},\"potentialAction\":[{\"@type\":\"SearchAction\",\"target\":{\"@type\":\"EntryPoint\",\"urlTemplate\":\"https:\/\/dev1.jogapiekna.com\/?s={search_term_string}\"},\"query-input\":{\"@type\":\"PropertyValueSpecification\",\"valueRequired\":true,\"valueName\":\"search_term_string\"}}],\"inLanguage\":\"en-GB\"},{\"@type\":\"Organization\",\"@id\":\"https:\/\/dev1.jogapiekna.com\/#organization\",\"name\":\"Joga Pi\u0119kna Marta Kuci\u0144ska\",\"url\":\"https:\/\/dev1.jogapiekna.com\/\",\"logo\":{\"@type\":\"ImageObject\",\"inLanguage\":\"en-GB\",\"@id\":\"https:\/\/dev1.jogapiekna.com\/#\/schema\/logo\/image\/\",\"url\":\"https:\/\/dev1.jogapiekna.com\/wp-content\/uploads\/2022\/09\/joga-piekna-logo_Rka.png\",\"contentUrl\":\"https:\/\/dev1.jogapiekna.com\/wp-content\/uploads\/2022\/09\/joga-piekna-logo_Rka.png\",\"width\":231,\"height\":124,\"caption\":\"Joga Pi\u0119kna Marta Kuci\u0144ska\"},\"image\":{\"@id\":\"https:\/\/dev1.jogapiekna.com\/#\/schema\/logo\/image\/\"},\"sameAs\":[\"https:\/\/www.facebook.com\/JogaPieknaCom\/\",\"https:\/\/www.instagram.com\/jogapieknacom\/\"]}]}<\/script>\n<!-- \/ Yoast SEO plugin. -->","yoast_head_json":{"title":"Olejek eteryczny doTERRA \u2022 Copaiba \u2022 na wyciszenie \u2022 15 ml | Joga Pi\u0119kna | Ajurweda","description":"Olejek eteryczny doTERRA jest czysty i bezpieczny. Posiada certyfikat ACKT. Olejek wspomaga drogi oddechowe, daje uczucie \u015bwie\u017co\u015bci, orze\u017awia.","robots":{"index":"index","follow":"follow","max-snippet":"max-snippet:-1","max-image-preview":"max-image-preview:large","max-video-preview":"max-video-preview:-1"},"canonical":"https:\/\/dev1.jogapiekna.com\/en\/product\/olejek-eteryczny-doterra-copaiba-15-ml-kopia\/","og_locale":"en_GB","og_type":"article","og_title":"Olejek eteryczny doTERRA \u2022 Copaiba \u2022 na wyciszenie \u2022 15 ml | Joga Pi\u0119kna | Ajurweda","og_description":"Olejek eteryczny doTERRA jest czysty i bezpieczny. Posiada certyfikat ACKT. Olejek wspomaga drogi oddechowe, daje uczucie \u015bwie\u017co\u015bci, orze\u017awia.","og_url":"https:\/\/dev1.jogapiekna.com\/en\/product\/olejek-eteryczny-doterra-copaiba-15-ml-kopia\/","og_site_name":"JOGA PI\u0118KNA | Joga Twarzy","article_publisher":"https:\/\/www.facebook.com\/JogaPieknaCom\/","article_modified_time":"2026-02-02T09:15:23+00:00","og_image":[{"width":1000,"height":1000,"url":"https:\/\/dev1.jogapiekna.com\/wp-content\/uploads\/2020\/04\/joga-piekna_olejek-copaiba-doterra.jpg","type":"image\/jpeg"}],"twitter_card":"summary_large_image","twitter_misc":{"Estimated reading time":"2 minutes"},"schema":{"@context":"https:\/\/schema.org","@graph":[{"@type":"WebPage","@id":"https:\/\/dev1.jogapiekna.com\/produkt\/olejek-eteryczny-doterra-copaiba-15-ml-kopia\/","url":"https:\/\/dev1.jogapiekna.com\/produkt\/olejek-eteryczny-doterra-copaiba-15-ml-kopia\/","name":"Olejek eteryczny doTERRA \u2022 Copaiba \u2022 na wyciszenie \u2022 15 ml | Joga Pi\u0119kna | Ajurweda","isPartOf":{"@id":"https:\/\/dev1.jogapiekna.com\/#website"},"primaryImageOfPage":{"@id":"https:\/\/dev1.jogapiekna.com\/produkt\/olejek-eteryczny-doterra-copaiba-15-ml-kopia\/#primaryimage"},"image":{"@id":"https:\/\/dev1.jogapiekna.com\/produkt\/olejek-eteryczny-doterra-copaiba-15-ml-kopia\/#primaryimage"},"thumbnailUrl":"https:\/\/dev1.jogapiekna.com\/wp-content\/uploads\/2020\/04\/joga-piekna_olejek-copaiba-doterra.jpg","datePublished":"2020-01-28T09:39:59+00:00","dateModified":"2026-02-02T09:15:23+00:00","description":"Olejek eteryczny doTERRA jest czysty i bezpieczny. Posiada certyfikat ACKT. Olejek wspomaga drogi oddechowe, daje uczucie \u015bwie\u017co\u015bci, orze\u017awia.","breadcrumb":{"@id":"https:\/\/dev1.jogapiekna.com\/produkt\/olejek-eteryczny-doterra-copaiba-15-ml-kopia\/#breadcrumb"},"inLanguage":"en-GB","potentialAction":[{"@type":"ReadAction","target":["https:\/\/dev1.jogapiekna.com\/produkt\/olejek-eteryczny-doterra-copaiba-15-ml-kopia\/"]}]},{"@type":"ImageObject","inLanguage":"en-GB","@id":"https:\/\/dev1.jogapiekna.com\/produkt\/olejek-eteryczny-doterra-copaiba-15-ml-kopia\/#primaryimage","url":"https:\/\/dev1.jogapiekna.com\/wp-content\/uploads\/2020\/04\/joga-piekna_olejek-copaiba-doterra.jpg","contentUrl":"https:\/\/dev1.jogapiekna.com\/wp-content\/uploads\/2020\/04\/joga-piekna_olejek-copaiba-doterra.jpg","width":1000,"height":1000,"caption":"Olejek eteryczny doTERRA \u2022 Copaiba \u2022 na wyciszenie \u2022 15 ml"},{"@type":"BreadcrumbList","@id":"https:\/\/dev1.jogapiekna.com\/produkt\/olejek-eteryczny-doterra-copaiba-15-ml-kopia\/#breadcrumb","itemListElement":[{"@type":"ListItem","position":1,"name":"Strona g\u0142\u00f3wna","item":"https:\/\/dev1.jogapiekna.com\/"},{"@type":"ListItem","position":2,"name":"Sklep","item":"https:\/\/dev1.jogapiekna.com\/sklep\/"},{"@type":"ListItem","position":3,"name":"Olejek eteryczny doTERRA \u2022 Copaiba \u2022 na wyciszenie \u2022 15 ml"}]},{"@type":"WebSite","@id":"https:\/\/dev1.jogapiekna.com\/#website","url":"https:\/\/dev1.jogapiekna.com\/","name":"Yoga Beauty Marta Kuci\u0144ska","description":"Beauty Yoga helps women to maintain their beauty, reverse the signs of passing time and fatigue, regain a radiant appearance, natural smile and improve their self-esteem.","publisher":{"@id":"https:\/\/dev1.jogapiekna.com\/#organization"},"potentialAction":[{"@type":"SearchAction","target":{"@type":"EntryPoint","urlTemplate":"https:\/\/dev1.jogapiekna.com\/?s={search_term_string}"},"query-input":{"@type":"PropertyValueSpecification","valueRequired":true,"valueName":"search_term_string"}}],"inLanguage":"en-GB"},{"@type":"Organization","@id":"https:\/\/dev1.jogapiekna.com\/#organization","name":"Yoga Beauty Marta Kuci\u0144ska","url":"https:\/\/dev1.jogapiekna.com\/","logo":{"@type":"ImageObject","inLanguage":"en-GB","@id":"https:\/\/dev1.jogapiekna.com\/#\/schema\/logo\/image\/","url":"https:\/\/dev1.jogapiekna.com\/wp-content\/uploads\/2022\/09\/joga-piekna-logo_Rka.png","contentUrl":"https:\/\/dev1.jogapiekna.com\/wp-content\/uploads\/2022\/09\/joga-piekna-logo_Rka.png","width":231,"height":124,"caption":"Joga Pi\u0119kna Marta Kuci\u0144ska"},"image":{"@id":"https:\/\/dev1.jogapiekna.com\/#\/schema\/logo\/image\/"},"sameAs":["https:\/\/www.facebook.com\/JogaPieknaCom\/","https:\/\/www.instagram.com\/jogapieknacom\/"]}]}},"_links":{"self":[{"href":"https:\/\/dev1.jogapiekna.com\/en\/wp-json\/wp\/v2\/product\/21667","targetHints":{"allow":["GET"]}}],"collection":[{"href":"https:\/\/dev1.jogapiekna.com\/en\/wp-json\/wp\/v2\/product"}],"about":[{"href":"https:\/\/dev1.jogapiekna.com\/en\/wp-json\/wp\/v2\/types\/product"}],"replies":[{"embeddable":true,"href":"https:\/\/dev1.jogapiekna.com\/en\/wp-json\/wp\/v2\/comments?post=21667"}],"version-history":[{"count":3,"href":"https:\/\/dev1.jogapiekna.com\/en\/wp-json\/wp\/v2\/product\/21667\/revisions"}],"predecessor-version":[{"id":211256,"href":"https:\/\/dev1.jogapiekna.com\/en\/wp-json\/wp\/v2\/product\/21667\/revisions\/211256"}],"wp:featuredmedia":[{"embeddable":true,"href":"https:\/\/dev1.jogapiekna.com\/en\/wp-json\/wp\/v2\/media\/94677"}],"wp:attachment":[{"href":"https:\/\/dev1.jogapiekna.com\/en\/wp-json\/wp\/v2\/media?parent=21667"}],"wp:term":[{"taxonomy":"product_brand","embeddable":true,"href":"https:\/\/dev1.jogapiekna.com\/en\/wp-json\/wp\/v2\/product_brand?post=21667"},{"taxonomy":"product_cat","embeddable":true,"href":"https:\/\/dev1.jogapiekna.com\/en\/wp-json\/wp\/v2\/product_cat?post=21667"},{"taxonomy":"product_tag","embeddable":true,"href":"https:\/\/dev1.jogapiekna.com\/en\/wp-json\/wp\/v2\/product_tag?post=21667"}],"curies":[{"name":"wp","href":"https:\/\/api.w.org\/{rel}","templated":true}]}}