{"id":204923,"date":"2025-09-18T10:05:00","date_gmt":"2025-09-18T08:05:00","guid":{"rendered":"https:\/\/dev1.jogapiekna.com?post_type=product&#038;p=204923"},"modified":"2026-03-18T23:08:03","modified_gmt":"2026-03-18T22:08:03","slug":"citrus-glow-olejek-do-masazu-joga-piekna-50-ml","status":"publish","type":"product","link":"https:\/\/dev1.jogapiekna.com\/en\/product\/citrus-glow-olejek-do-masazu-joga-piekna-50-ml\/","title":{"rendered":"CITRUS GLOW massage oil Yoga Beauty 50 ml"},"content":{"rendered":"<p><em>I give you my first facial cosmetic - CITRUS GLOW oil, which combines a wealth of natural ingredients, a relaxing citrus fragrance and a perfect, lightweight formula. I spent months searching for the right composition of ingredients, testing, checking, until I finally felt that this was the perfect product that I had been missing on the market for a long time. <\/em><\/p>\n<p>I hope it will be the best companion for your skincare rituals and help you take holistic care of young, healthy and radiant skin.<\/p>\n<p>Marfa Kusinska<\/p>\n<p>&nbsp;<\/p>\n<h2>Massage and daily care oil<\/h2>\n<p>Multifunctional oil serum Citrus Glow <strong>Extremely regenerates, nourishes and moisturises the skin<\/strong>, leaving it velvety soft. It absorbs quickly, so you don't have to worry about a greasy layer on your skin. After just a few minutes, you can see the effect of a naturally brightened and smoother complexion.<\/p>\n<p>Use it for massage and at night - when your skin is tired, dull, dry or exposed.<\/p>\n<p>&nbsp;<\/p>\n<h3>Citrus Glow - super powers<\/h3>\n<ul>\n<li>It does not leave a greasy complexion for long.<\/li>\n<li>Does not clog pores.<\/li>\n<li>The skin is velvety soft and moisturised after application.<\/li>\n<li>Promotes deep regeneration.<\/li>\n<li>It has a relaxing, citrus scent that makes any skincare ritual extremely relaxing (just in time for the evening after a hard day).<\/li>\n<\/ul>\n<p>&nbsp;<\/p>\n<h2>The secret is a firming, nourishing composition of natural oils and vitamins<\/h2>\n<p>The quintessential Citrus Glow is a carefully composed formula that <strong>based on a blend of natural oils<\/strong>. Every drop supports your skin, retains moisture in it, helps build a protective shield, but also nourishes it deeply. On the one hand, the natural ingredients take care of the condition of your skin on many levels, and on the other, they serve you an ultra-relaxing moment for yourself.<\/p>\n<p><em>You can see the brightening, nourishing and smoothing effect after just one application.<\/em><\/p>\n<p>&nbsp;<\/p>\n<h3>What goes into Citrus Glow?<\/h3>\n<p><img decoding=\"async\" class=\"alignnone size-full wp-image-178261\" src=\"https:\/\/dev1.jogapiekna.comwp-content\/uploads\/2024\/11\/citrus-glow-slodkie-migdaly_icon.svg\" alt=\"\" width=\"100\" height=\"100\" \/><\/p>\n<h4><strong> Sweet almond oil<\/strong><\/h4>\n<p>It is the perfect support if your skin is in need of regeneration. Thanks to its high vitamin content, it intensively nourishes while improving tissue elasticity. Regular use of the oil helps to soften and firm the skin, preventing premature signs of ageing.<\/p>\n<p><img decoding=\"async\" class=\"alignnone size-full wp-image-178259\" src=\"https:\/\/dev1.jogapiekna.comwp-content\/uploads\/2024\/11\/citrus-glow-olej-winogrona_icon.svg\" alt=\"\" width=\"100\" height=\"100\" \/><\/p>\n<h4><strong> Grape seed oil <\/strong><\/h4>\n<p>As a powerful antioxidant, it protects skin cells from free radical damage. It is ideal for acne-prone skin as it has anti-inflammatory properties and does not clog pores, promoting the skin's repair processes.<\/p>\n<p><img decoding=\"async\" class=\"alignnone size-full wp-image-178260\" src=\"https:\/\/dev1.jogapiekna.comwp-content\/uploads\/2024\/11\/citrus-glow-olej-slonecznik_icon.svg\" alt=\"\" width=\"100\" height=\"100\" \/><\/p>\n<h4><strong> Sunflower oil <\/strong><\/h4>\n<p>Rich in Essential Fatty Acids (EFAs), which retain water in the skin. This oil deeply moisturises, leaving the complexion perfectly soft and smooth. Its anti-inflammatory and antioxidant properties help fight free radicals, which are responsible for faster skin ageing.<\/p>\n<p><img loading=\"lazy\" decoding=\"async\" class=\"alignnone size-full wp-image-178258\" src=\"https:\/\/dev1.jogapiekna.comwp-content\/uploads\/2024\/11\/citrus-glow-rokitnik_icon.svg\" alt=\"\" width=\"100\" height=\"100\" \/><\/p>\n<h4><strong> Sea-buckthorn oil <\/strong><\/h4>\n<p>Sea-buckthorn oil is prized for its regenerative properties, accelerates wound healing and promotes the restoration of healthy skin cells. It makes the complexion instantly more radiant and all irritations are soothed. It stimulates metabolic processes, which promotes skin renewal.<\/p>\n<p><img loading=\"lazy\" decoding=\"async\" src=\"https:\/\/dev1.jogapiekna.comwp-content\/uploads\/2024\/11\/citrus-glow-skwalan_icon-b3fa27.svg\" alt=\"\" width=\"100\" height=\"100\" \/><\/p>\n<h4><strong> Squalane <\/strong><\/h4>\n<p>It is a naturally occurring lipid ingredient in the skin that is excellent for smoothing the skin's surface and strengthening the skin's protective barrier. Squalane reduces the appearance of wrinkles, leaving the skin silky soft, nourished, with an invisible protective layer that retains moisture within the tissues.<\/p>\n<p><img loading=\"lazy\" decoding=\"async\" class=\"alignnone size-full wp-image-178258\" src=\"https:\/\/dev1.jogapiekna.comwp-content\/uploads\/2024\/11\/citrus-glow-witamina-c_icon-1e5e15.svg\" alt=\"\" width=\"100\" height=\"100\" \/><\/p>\n<h4><strong> Vitamin C <\/strong><\/h4>\n<p>A powerful antioxidant that has an anti-ageing effect, brightens the skin and improves skin tone. It strengthens blood vessels and reduces hyperpigmentation, leaving skin looking rested and radiant.<\/p>\n<p><img loading=\"lazy\" decoding=\"async\" class=\"alignnone size-full wp-image-178258\" src=\"https:\/\/dev1.jogapiekna.comwp-content\/uploads\/2024\/11\/citrus-glow-witamina-e_icon-872264.svg\" alt=\"\" width=\"100\" height=\"100\" \/><\/p>\n<h4><strong> Vitamin E <\/strong><\/h4>\n<p>Known as the \u201evitamin of youth\u201d, it has a protective effect, preventing premature ageing of the skin caused by external factors. It improves the elasticity of the skin, oxygenating it and making it softer, smoother and more radiant.<\/p>\n<p>&nbsp;<\/p>\n<h2>Effects on the skin<\/h2>\n<ul>\n<li>The complexion will take on a natural, radiant glow, subtly illuminated.<\/li>\n<li>You will feel deeply soothed, hydrated and nourished.<\/li>\n<li>The skin will become more supple and firm.<\/li>\n<li>You will be assured that it is well protected against negative external influences.<\/li>\n<li>You will notice a subtle smoothing.<\/li>\n<li>The skin, just a few minutes after application, will be velvety soft.<\/li>\n<\/ul>\n<p>&nbsp;<\/p>\n<h2>Energising fragrance of orange, neroli and bergamot<\/h2>\n<p>Take a deep breath and imagine the smell of the air on a morning in a small Italian village in the south of Calabria. This is the kingdom of bergamot and neroli. To this is added the scent of juicy oranges, which together creates an extremely fresh, energising fragrance composition.<\/p>\n<p>With just a few drops, your senses are awakened, you sense more energy and a positive mood. This is exactly how the fragrance works. Each application turns skin care into a sensual ritual that revitalises the body and mind, putting you in a state of complete relaxation and renewal.<\/p>\n<p>&nbsp;<\/p>\n<h2>Who is Citrus Glow oil for?<\/h2>\n<ul>\n<li>You are looking for an oil that will take care of the elasticity and firmness of your skin.<\/li>\n<li>You love natural beauty rituals such as massages.<\/li>\n<li>You are looking for a light oil for the care or massage of the face, neck, d\u00e9collet\u00e9 that does not put up an oily complexion for long.<\/li>\n<li>You choose cosmetics based on natural ingredients, free from artificial additives and chemicals.<\/li>\n<li>Looking for support in caring for skin exposed to environmental stress, pollution and UV radiation.<\/li>\n<li>You love a relaxing facial massage.<\/li>\n<li>You want to give your skin a radiant look.<\/li>\n<li>Your skin is dry, dehydrated, mature, sensitive or problematic.<\/li>\n<\/ul>\n<p>&nbsp;<\/p>\n<h2>Full composition of Citrus Glow massage oil<\/h2>\n<p>INCI\/Ingredients: Prunus Amygdalus Dulcis Oil, Helianthus Annuus Seed Oil, Vitis Vinifera Seed Oil, Isoamyl Laurate, Squalane, Tocopheryl Acetate, Ascorbyl Tetraisopalmitate, Hippophae Rhamnoides Fruit Oil, Hydrogenated Ethylhexyl Olivate (and) Hydrogenated Olive Oil Unsaponifiables, Glyceryl Linoleate, Glyceryl Linolenate, Glyceryl Oleate, Citrus Aurantium Amara Flower Oil, Citrus Sinensis Peel Oil Expressed, Citrus Bergamia Peel Oil Expressed, Linalool, Pinene, Limonene, Linalyl Acetate, Terpineol, Geraniol, Geranyl Acetate, Farnesol, Beta-Carophyllene, Terpinolene, Citral<\/p>\n<p>&nbsp;<\/p>\n<h2>Citrus Glow oil - application<\/h2>\n<p>Apply a few drops of oil to cleansed skin on face, neck, d\u00e9collet\u00e9, hands. Use during a massage or at night as a nourishing serum when your skin needs a dose of nourishing energy and powerful regeneration.<\/p>\n<p>Contraindications: allergy to ingredients<\/p>\n<p>&nbsp;<\/p>\n<h2>A suggestion for a natural face massage using Citrus Glow oil<\/h2>\n<p><a href=\"https:\/\/vimeo.com\/1026820250\" target=\"_blank\" rel=\"noopener\">SEE FILM<\/a><\/p>\n<p><em>Your skin needs valuable nourishment too. In the oil that Martha designed, you will find a wealth of natural ingredients that support holistic care for health, beauty and balance. <\/em><\/p>","protected":false},"excerpt":{"rendered":"<p><span style=\"color: var(--bs-body-color); font-family: var(--bs-body-font-family); font-size: var(--bs-body-font-size); text-align: var(--bs-body-text-align); -webkit-tap-highlight-color: transparent; background-color: var(--bs-body-bg);\">NEW! Extremely nourishing and multifunctional oil serum for massage and evening care. It has a lightweight formula and an energising fragrance of orange, neroli and bergamot. It slows down the ageing process, strongly regenerates and moisturises, leaving the skin soft and radiant.<\/span><\/p>\n<ul>\n<li>Hydration, elasticity, regeneration<\/li>\n<li>For massage and skin care of the face, neck, d\u00e9collet\u00e9, hands<\/li>\n<li>Fragrance of bergamot, neroli and red orange<\/li>\n<li>Manufacturer: Yoga Beauty<\/li>\n<li>Capacity: 50ml<\/li>\n<\/ul>","protected":false},"featured_media":178253,"comment_status":"closed","ping_status":"closed","template":"","meta":{"_acf_changed":false,"site-sidebar-layout":"default","site-content-layout":"","ast-site-content-layout":"default","site-content-style":"default","site-sidebar-style":"default","ast-global-header-display":"","ast-banner-title-visibility":"","ast-main-header-display":"","ast-hfb-above-header-display":"","ast-hfb-below-header-display":"","ast-hfb-mobile-header-display":"","site-post-title":"","ast-breadcrumbs-content":"","ast-featured-img":"","footer-sml-layout":"","ast-disable-related-posts":"","theme-transparent-header-meta":"default","adv-header-id-meta":"","stick-header-meta":"","header-above-stick-meta":"","header-main-stick-meta":"","header-below-stick-meta":"","astra-migrate-meta-layouts":"set","ast-page-background-enabled":"default","ast-page-background-meta":{"desktop":{"background-color":"var(--ast-global-color-5)","background-image":"","background-repeat":"repeat","background-position":"center center","background-size":"auto","background-attachment":"scroll","background-type":"","background-media":"","overlay-type":"","overlay-color":"","overlay-opacity":"","overlay-gradient":""},"tablet":{"background-color":"","background-image":"","background-repeat":"repeat","background-position":"center center","background-size":"auto","background-attachment":"scroll","background-type":"","background-media":"","overlay-type":"","overlay-color":"","overlay-opacity":"","overlay-gradient":""},"mobile":{"background-color":"","background-image":"","background-repeat":"repeat","background-position":"center center","background-size":"auto","background-attachment":"scroll","background-type":"","background-media":"","overlay-type":"","overlay-color":"","overlay-opacity":"","overlay-gradient":""}},"ast-content-background-meta":{"desktop":{"background-color":"var(--ast-global-color-4)","background-image":"","background-repeat":"repeat","background-position":"center center","background-size":"auto","background-attachment":"scroll","background-type":"","background-media":"","overlay-type":"","overlay-color":"","overlay-opacity":"","overlay-gradient":""},"tablet":{"background-color":"var(--ast-global-color-4)","background-image":"","background-repeat":"repeat","background-position":"center center","background-size":"auto","background-attachment":"scroll","background-type":"","background-media":"","overlay-type":"","overlay-color":"","overlay-opacity":"","overlay-gradient":""},"mobile":{"background-color":"var(--ast-global-color-4)","background-image":"","background-repeat":"repeat","background-position":"center center","background-size":"auto","background-attachment":"scroll","background-type":"","background-media":"","overlay-type":"","overlay-color":"","overlay-opacity":"","overlay-gradient":""}}},"product_brand":[],"product_cat":[796,331],"product_tag":[790,762,654,792,794,791,793,281,485,566,795,484,561],"class_list":{"0":"post-204923","1":"product","2":"type-product","3":"status-publish","4":"has-post-thumbnail","6":"product_cat-citrus-glow","7":"product_cat-kosmetyki","8":"product_tag-citrus-glow","9":"product_tag-nawilzenie","10":"product_tag-olej","11":"product_tag-olej-z-pestek-winogron","12":"product_tag-olej-z-rokitnika","13":"product_tag-olej-ze-slodkich-migdalow","14":"product_tag-olej-ze-slonecznika","15":"product_tag-olejek","16":"product_tag-regeneracja","17":"product_tag-relaks","18":"product_tag-skwalan","19":"product_tag-witamina-c","20":"product_tag-witamina-e","21":"desktop-align-left","22":"tablet-align-left","23":"mobile-align-left","25":"first","26":"instock","27":"taxable","28":"shipping-taxable","29":"purchasable","30":"product-type-simple"},"acf":[],"yoast_head":"<!-- This site is optimized with the Yoast SEO plugin v27.1.1 - https:\/\/yoast.com\/product\/yoast-seo-wordpress\/ -->\n<title>CITRUS GLOW olej do masa\u017cu Joga Pi\u0119kna<\/title>\n<meta name=\"description\" content=\"Ekstremalnie od\u017cywcze serum olejowe do masa\u017cu i piel\u0119gnacji, o lekkiej formule i \u015bwie\u017cym zapachu cytrus\u00f3w. Zaprojektowane przez Mart\u0119 Kuci\u0144sk\u0105. Nowo\u015b\u0107!\" \/>\n<meta name=\"robots\" content=\"index, follow, max-snippet:-1, max-image-preview:large, max-video-preview:-1\" \/>\n<link rel=\"canonical\" href=\"https:\/\/dev1.jogapiekna.com\/en\/product\/citrus-glow-olejek-do-masazu-joga-piekna-50-ml\/\" \/>\n<meta property=\"og:locale\" content=\"en_GB\" \/>\n<meta property=\"og:type\" content=\"article\" \/>\n<meta property=\"og:title\" content=\"CITRUS GLOW olej do masa\u017cu Joga Pi\u0119kna\" \/>\n<meta property=\"og:description\" content=\"Ekstremalnie od\u017cywcze serum olejowe do masa\u017cu i piel\u0119gnacji, o lekkiej formule i \u015bwie\u017cym zapachu cytrus\u00f3w. Zaprojektowane przez Mart\u0119 Kuci\u0144sk\u0105. Nowo\u015b\u0107!\" \/>\n<meta property=\"og:url\" content=\"https:\/\/dev1.jogapiekna.com\/en\/product\/citrus-glow-olejek-do-masazu-joga-piekna-50-ml\/\" \/>\n<meta property=\"og:site_name\" content=\"JOGA PI\u0118KNA | Joga Twarzy\" \/>\n<meta property=\"article:publisher\" content=\"https:\/\/www.facebook.com\/JogaPieknaCom\/\" \/>\n<meta property=\"article:modified_time\" content=\"2026-03-18T22:08:03+00:00\" \/>\n<meta property=\"og:image\" content=\"https:\/\/dev1.jogapiekna.com\/wp-content\/uploads\/2024\/11\/citrus-glow-jogapiekna_01.jpg\" \/>\n\t<meta property=\"og:image:width\" content=\"1000\" \/>\n\t<meta property=\"og:image:height\" content=\"1000\" \/>\n\t<meta property=\"og:image:type\" content=\"image\/jpeg\" \/>\n<meta name=\"twitter:card\" content=\"summary_large_image\" \/>\n<meta name=\"twitter:label1\" content=\"Estimated reading time\" \/>\n\t<meta name=\"twitter:data1\" content=\"7 minutes\" \/>\n<script type=\"application\/ld+json\" class=\"yoast-schema-graph\">{\"@context\":\"https:\/\/schema.org\",\"@graph\":[{\"@type\":\"WebPage\",\"@id\":\"https:\/\/dev1.jogapiekna.com\/en\/product\/citrus-glow-olejek-do-masazu-joga-piekna-50-ml\/\",\"url\":\"https:\/\/dev1.jogapiekna.com\/en\/product\/citrus-glow-olejek-do-masazu-joga-piekna-50-ml\/\",\"name\":\"CITRUS GLOW olej do masa\u017cu Joga Pi\u0119kna\",\"isPartOf\":{\"@id\":\"https:\/\/dev1.jogapiekna.com\/#website\"},\"primaryImageOfPage\":{\"@id\":\"https:\/\/dev1.jogapiekna.com\/en\/product\/citrus-glow-olejek-do-masazu-joga-piekna-50-ml\/#primaryimage\"},\"image\":{\"@id\":\"https:\/\/dev1.jogapiekna.com\/en\/product\/citrus-glow-olejek-do-masazu-joga-piekna-50-ml\/#primaryimage\"},\"thumbnailUrl\":\"https:\/\/dev1.jogapiekna.com\/wp-content\/uploads\/2024\/11\/citrus-glow-jogapiekna_01.jpg\",\"datePublished\":\"2025-09-18T08:05:00+00:00\",\"dateModified\":\"2026-03-18T22:08:03+00:00\",\"description\":\"Ekstremalnie od\u017cywcze serum olejowe do masa\u017cu i piel\u0119gnacji, o lekkiej formule i \u015bwie\u017cym zapachu cytrus\u00f3w. Zaprojektowane przez Mart\u0119 Kuci\u0144sk\u0105. Nowo\u015b\u0107!\",\"breadcrumb\":{\"@id\":\"https:\/\/dev1.jogapiekna.com\/en\/product\/citrus-glow-olejek-do-masazu-joga-piekna-50-ml\/#breadcrumb\"},\"inLanguage\":\"en-GB\",\"potentialAction\":[{\"@type\":\"ReadAction\",\"target\":[\"https:\/\/dev1.jogapiekna.com\/en\/product\/citrus-glow-olejek-do-masazu-joga-piekna-50-ml\/\"]}]},{\"@type\":\"ImageObject\",\"inLanguage\":\"en-GB\",\"@id\":\"https:\/\/dev1.jogapiekna.com\/en\/product\/citrus-glow-olejek-do-masazu-joga-piekna-50-ml\/#primaryimage\",\"url\":\"https:\/\/dev1.jogapiekna.com\/wp-content\/uploads\/2024\/11\/citrus-glow-jogapiekna_01.jpg\",\"contentUrl\":\"https:\/\/dev1.jogapiekna.com\/wp-content\/uploads\/2024\/11\/citrus-glow-jogapiekna_01.jpg\",\"width\":1000,\"height\":1000,\"caption\":\"CITRUS GLOW olejek do masa\u017cu Joga Pi\u0119kna 50 ml\"},{\"@type\":\"BreadcrumbList\",\"@id\":\"https:\/\/dev1.jogapiekna.com\/en\/product\/citrus-glow-olejek-do-masazu-joga-piekna-50-ml\/#breadcrumb\",\"itemListElement\":[{\"@type\":\"ListItem\",\"position\":1,\"name\":\"Strona g\u0142\u00f3wna\",\"item\":\"https:\/\/dev1.jogapiekna.com\/\"},{\"@type\":\"ListItem\",\"position\":2,\"name\":\"Sklep\",\"item\":\"https:\/\/dev1.jogapiekna.com\/sklep\/\"},{\"@type\":\"ListItem\",\"position\":3,\"name\":\"CITRUS GLOW olejek do masa\u017cu Joga Pi\u0119kna 50 ml\"}]},{\"@type\":\"WebSite\",\"@id\":\"https:\/\/dev1.jogapiekna.com\/#website\",\"url\":\"https:\/\/dev1.jogapiekna.com\/\",\"name\":\"Joga Pi\u0119kna Marta Kuci\u0144ska\",\"description\":\"Joga Pi\u0119kna pomaga kobietom zachowa\u0107 urod\u0119, cofn\u0105\u0107 oznaki up\u0142ywaj\u0105cego czasu i zm\u0119czenia, odzyska\u0107 promienny wygl\u0105d, naturalny u\u015bmiech i popraw\u0119 w\u0142asnej samooceny.\",\"publisher\":{\"@id\":\"https:\/\/dev1.jogapiekna.com\/#organization\"},\"potentialAction\":[{\"@type\":\"SearchAction\",\"target\":{\"@type\":\"EntryPoint\",\"urlTemplate\":\"https:\/\/dev1.jogapiekna.com\/?s={search_term_string}\"},\"query-input\":{\"@type\":\"PropertyValueSpecification\",\"valueRequired\":true,\"valueName\":\"search_term_string\"}}],\"inLanguage\":\"en-GB\"},{\"@type\":\"Organization\",\"@id\":\"https:\/\/dev1.jogapiekna.com\/#organization\",\"name\":\"Joga Pi\u0119kna Marta Kuci\u0144ska\",\"url\":\"https:\/\/dev1.jogapiekna.com\/\",\"logo\":{\"@type\":\"ImageObject\",\"inLanguage\":\"en-GB\",\"@id\":\"https:\/\/dev1.jogapiekna.com\/#\/schema\/logo\/image\/\",\"url\":\"https:\/\/dev1.jogapiekna.com\/wp-content\/uploads\/2022\/09\/joga-piekna-logo_Rka.png\",\"contentUrl\":\"https:\/\/dev1.jogapiekna.com\/wp-content\/uploads\/2022\/09\/joga-piekna-logo_Rka.png\",\"width\":231,\"height\":124,\"caption\":\"Joga Pi\u0119kna Marta Kuci\u0144ska\"},\"image\":{\"@id\":\"https:\/\/dev1.jogapiekna.com\/#\/schema\/logo\/image\/\"},\"sameAs\":[\"https:\/\/www.facebook.com\/JogaPieknaCom\/\",\"https:\/\/www.instagram.com\/jogapieknacom\/\"]}]}<\/script>\n<!-- \/ Yoast SEO plugin. -->","yoast_head_json":{"title":"CITRUS GLOW olej do masa\u017cu Joga Pi\u0119kna","description":"Ekstremalnie od\u017cywcze serum olejowe do masa\u017cu i piel\u0119gnacji, o lekkiej formule i \u015bwie\u017cym zapachu cytrus\u00f3w. Zaprojektowane przez Mart\u0119 Kuci\u0144sk\u0105. Nowo\u015b\u0107!","robots":{"index":"index","follow":"follow","max-snippet":"max-snippet:-1","max-image-preview":"max-image-preview:large","max-video-preview":"max-video-preview:-1"},"canonical":"https:\/\/dev1.jogapiekna.com\/en\/product\/citrus-glow-olejek-do-masazu-joga-piekna-50-ml\/","og_locale":"en_GB","og_type":"article","og_title":"CITRUS GLOW olej do masa\u017cu Joga Pi\u0119kna","og_description":"Ekstremalnie od\u017cywcze serum olejowe do masa\u017cu i piel\u0119gnacji, o lekkiej formule i \u015bwie\u017cym zapachu cytrus\u00f3w. Zaprojektowane przez Mart\u0119 Kuci\u0144sk\u0105. Nowo\u015b\u0107!","og_url":"https:\/\/dev1.jogapiekna.com\/en\/product\/citrus-glow-olejek-do-masazu-joga-piekna-50-ml\/","og_site_name":"JOGA PI\u0118KNA | Joga Twarzy","article_publisher":"https:\/\/www.facebook.com\/JogaPieknaCom\/","article_modified_time":"2026-03-18T22:08:03+00:00","og_image":[{"width":1000,"height":1000,"url":"https:\/\/dev1.jogapiekna.com\/wp-content\/uploads\/2024\/11\/citrus-glow-jogapiekna_01.jpg","type":"image\/jpeg"}],"twitter_card":"summary_large_image","twitter_misc":{"Estimated reading time":"7 minutes"},"schema":{"@context":"https:\/\/schema.org","@graph":[{"@type":"WebPage","@id":"https:\/\/dev1.jogapiekna.com\/en\/product\/citrus-glow-olejek-do-masazu-joga-piekna-50-ml\/","url":"https:\/\/dev1.jogapiekna.com\/en\/product\/citrus-glow-olejek-do-masazu-joga-piekna-50-ml\/","name":"CITRUS GLOW olej do masa\u017cu Joga Pi\u0119kna","isPartOf":{"@id":"https:\/\/dev1.jogapiekna.com\/#website"},"primaryImageOfPage":{"@id":"https:\/\/dev1.jogapiekna.com\/en\/product\/citrus-glow-olejek-do-masazu-joga-piekna-50-ml\/#primaryimage"},"image":{"@id":"https:\/\/dev1.jogapiekna.com\/en\/product\/citrus-glow-olejek-do-masazu-joga-piekna-50-ml\/#primaryimage"},"thumbnailUrl":"https:\/\/dev1.jogapiekna.com\/wp-content\/uploads\/2024\/11\/citrus-glow-jogapiekna_01.jpg","datePublished":"2025-09-18T08:05:00+00:00","dateModified":"2026-03-18T22:08:03+00:00","description":"Ekstremalnie od\u017cywcze serum olejowe do masa\u017cu i piel\u0119gnacji, o lekkiej formule i \u015bwie\u017cym zapachu cytrus\u00f3w. Zaprojektowane przez Mart\u0119 Kuci\u0144sk\u0105. Nowo\u015b\u0107!","breadcrumb":{"@id":"https:\/\/dev1.jogapiekna.com\/en\/product\/citrus-glow-olejek-do-masazu-joga-piekna-50-ml\/#breadcrumb"},"inLanguage":"en-GB","potentialAction":[{"@type":"ReadAction","target":["https:\/\/dev1.jogapiekna.com\/en\/product\/citrus-glow-olejek-do-masazu-joga-piekna-50-ml\/"]}]},{"@type":"ImageObject","inLanguage":"en-GB","@id":"https:\/\/dev1.jogapiekna.com\/en\/product\/citrus-glow-olejek-do-masazu-joga-piekna-50-ml\/#primaryimage","url":"https:\/\/dev1.jogapiekna.com\/wp-content\/uploads\/2024\/11\/citrus-glow-jogapiekna_01.jpg","contentUrl":"https:\/\/dev1.jogapiekna.com\/wp-content\/uploads\/2024\/11\/citrus-glow-jogapiekna_01.jpg","width":1000,"height":1000,"caption":"CITRUS GLOW olejek do masa\u017cu Joga Pi\u0119kna 50 ml"},{"@type":"BreadcrumbList","@id":"https:\/\/dev1.jogapiekna.com\/en\/product\/citrus-glow-olejek-do-masazu-joga-piekna-50-ml\/#breadcrumb","itemListElement":[{"@type":"ListItem","position":1,"name":"Strona g\u0142\u00f3wna","item":"https:\/\/dev1.jogapiekna.com\/"},{"@type":"ListItem","position":2,"name":"Sklep","item":"https:\/\/dev1.jogapiekna.com\/sklep\/"},{"@type":"ListItem","position":3,"name":"CITRUS GLOW olejek do masa\u017cu Joga Pi\u0119kna 50 ml"}]},{"@type":"WebSite","@id":"https:\/\/dev1.jogapiekna.com\/#website","url":"https:\/\/dev1.jogapiekna.com\/","name":"Yoga Beauty Marta Kuci\u0144ska","description":"Beauty Yoga helps women to maintain their beauty, reverse the signs of passing time and fatigue, regain a radiant appearance, natural smile and improve their self-esteem.","publisher":{"@id":"https:\/\/dev1.jogapiekna.com\/#organization"},"potentialAction":[{"@type":"SearchAction","target":{"@type":"EntryPoint","urlTemplate":"https:\/\/dev1.jogapiekna.com\/?s={search_term_string}"},"query-input":{"@type":"PropertyValueSpecification","valueRequired":true,"valueName":"search_term_string"}}],"inLanguage":"en-GB"},{"@type":"Organization","@id":"https:\/\/dev1.jogapiekna.com\/#organization","name":"Yoga Beauty Marta Kuci\u0144ska","url":"https:\/\/dev1.jogapiekna.com\/","logo":{"@type":"ImageObject","inLanguage":"en-GB","@id":"https:\/\/dev1.jogapiekna.com\/#\/schema\/logo\/image\/","url":"https:\/\/dev1.jogapiekna.com\/wp-content\/uploads\/2022\/09\/joga-piekna-logo_Rka.png","contentUrl":"https:\/\/dev1.jogapiekna.com\/wp-content\/uploads\/2022\/09\/joga-piekna-logo_Rka.png","width":231,"height":124,"caption":"Joga Pi\u0119kna Marta Kuci\u0144ska"},"image":{"@id":"https:\/\/dev1.jogapiekna.com\/#\/schema\/logo\/image\/"},"sameAs":["https:\/\/www.facebook.com\/JogaPieknaCom\/","https:\/\/www.instagram.com\/jogapieknacom\/"]}]}},"_links":{"self":[{"href":"https:\/\/dev1.jogapiekna.com\/en\/wp-json\/wp\/v2\/product\/204923","targetHints":{"allow":["GET"]}}],"collection":[{"href":"https:\/\/dev1.jogapiekna.com\/en\/wp-json\/wp\/v2\/product"}],"about":[{"href":"https:\/\/dev1.jogapiekna.com\/en\/wp-json\/wp\/v2\/types\/product"}],"replies":[{"embeddable":true,"href":"https:\/\/dev1.jogapiekna.com\/en\/wp-json\/wp\/v2\/comments?post=204923"}],"version-history":[{"count":4,"href":"https:\/\/dev1.jogapiekna.com\/en\/wp-json\/wp\/v2\/product\/204923\/revisions"}],"predecessor-version":[{"id":218104,"href":"https:\/\/dev1.jogapiekna.com\/en\/wp-json\/wp\/v2\/product\/204923\/revisions\/218104"}],"wp:featuredmedia":[{"embeddable":true,"href":"https:\/\/dev1.jogapiekna.com\/en\/wp-json\/wp\/v2\/media\/178253"}],"wp:attachment":[{"href":"https:\/\/dev1.jogapiekna.com\/en\/wp-json\/wp\/v2\/media?parent=204923"}],"wp:term":[{"taxonomy":"product_brand","embeddable":true,"href":"https:\/\/dev1.jogapiekna.com\/en\/wp-json\/wp\/v2\/product_brand?post=204923"},{"taxonomy":"product_cat","embeddable":true,"href":"https:\/\/dev1.jogapiekna.com\/en\/wp-json\/wp\/v2\/product_cat?post=204923"},{"taxonomy":"product_tag","embeddable":true,"href":"https:\/\/dev1.jogapiekna.com\/en\/wp-json\/wp\/v2\/product_tag?post=204923"}],"curies":[{"name":"wp","href":"https:\/\/api.w.org\/{rel}","templated":true}]}}