{"id":203006,"date":"2025-08-18T15:11:12","date_gmt":"2025-08-18T13:11:12","guid":{"rendered":"https:\/\/dev1.jogapiekna.com?post_type=product&#038;p=203006"},"modified":"2026-03-17T21:18:49","modified_gmt":"2026-03-17T20:18:49","slug":"hipoalergiczna-tasma-do-tapingu-twarzy-curetape-beauty-25-cm-x-5-m","status":"publish","type":"product","link":"https:\/\/dev1.jogapiekna.com\/en\/product\/hipoalergiczna-tasma-do-tapingu-twarzy-curetape-beauty-25-cm-x-5-m\/","title":{"rendered":"CureTape BEAUTY hypoallergenic facial tape (2.5 cm x 5 m)"},"content":{"rendered":"<p>&nbsp;<\/p>\n<h2>Gentle and safe facial taping patches for sensitive skin - CureTape Beauty<\/h2>\n<p>CureTape\u00ae Beauty is the highest quality kinesiotaping tape for the face and neck, designed for delicate and sensitive skin, including those prone to allergies. They are made of extra-thin and soft Extra Soft cotton and feature a waterproof, hypoallergenic acrylic adhesive with a pH that is natural to the skin. With a width of 2.5 cm, the patches are ready to use without the need for cutting, which is particularly convenient for facial work where narrow strips are usually used.<\/p>\n<p>CureTape Beauty is <strong>premium medical tapes<\/strong>, which promote skin rejuvenation and firming without irritating the skin.<\/p>\n<p>The tapes are ideal for cosmetic kinesiotaping, wrinkle reduction and skin regeneration. An added bonus - their beige colour discreetly blends in with the natural skin tone.<\/p>\n<p>&nbsp;<\/p>\n<h2>How do the CureTape Beauty patches work?<\/h2>\n<p>CureTape\u00ae Beauty are used in aesthetic taping, facelift, oval improvement, swelling reduction, wrinkle reduction and scar and lymphatic swelling therapy. They also work well for patients following cosmetic surgery and for those whose skin requires special delicacy, such as children, seniors and diabetic patients. Due to the delicate material and hypoallergenic adhesive, the tapes are easy to remove and do not irritate the skin, even with frequent use.<\/p>\n<p>They work by slightly lifting the skin, which improves blood and lymph circulation, reduces swelling and stimulates tissue regeneration.<\/p>\n<p>Regular use can lead to improvements in the firmness, elasticity and overall appearance of the skin.<\/p>\n<p>The tapes can be used as a stand-alone skincare method or as a support after aesthetic and surgical procedures, aiding skin regeneration and accelerating the absorption of swelling and haematomas.<\/p>\n<p>&nbsp;<\/p>\n<h2>What distinguishes CureTape Beauty taping?<\/h2>\n<p>As someone with sensitive facial skin myself, I often reach for CureTape Beauty. Their <strong>hypoallergenic adhesive and thin, delicate structure<\/strong> make them practically imperceptible on the skin. I don't have to worry about any irritation.<\/p>\n<p>Plus, I love their width (2.5 cm) - it's perfect for precise application to specific parts of the face, which makes application even easier. Here are the key differentiators of Cure Tape Beauty that you should know before you buy.<\/p>\n<p>&nbsp;<\/p>\n<h3>They are hypoallergenic and safe for the skin<\/h3>\n<p>CureTape Beauty are taping patches specifically designed for sensitive skin. They are suitable for people prone to irritation and those with very sensitive skin.<\/p>\n<p>&nbsp;<\/p>\n<h3>They have an ultra-thin and soft structure<\/h3>\n<p>The cotton used in CureTape Beauty tapes is much thinner and softer than in classic kinesiotaping tapes. This makes them not only more pleasant to the touch, but also comfortable to wear for longer periods.<br \/>\nThe softness of the tape makes it ideal for application around the eyes, neck and other sensitive areas of the face, providing a feeling of comfort.<\/p>\n<p>&nbsp;<\/p>\n<h3>They have a versatile therapeutic use<\/h3>\n<p>CureTape Beauty are tapes to be used not only in skin care, but also as a support for dermatological therapies. They are ideal for the first stage of scar therapy and for lymphoedema and skin problems that often occur in people with diabetes. The patches are also effective in reducing haematomas and swelling after surgical procedures, supporting the regeneration of the skin in its most sensitive areas.<\/p>\n<p>&nbsp;<\/p>\n<h3>No need to worry about irritation after removal<\/h3>\n<p>Thanks to their special construction and gentle glue, CureTape Beauty tights are <strong>easier to remove than standard tapes<\/strong>which avoids additional skin irritation during removal.<\/p>\n<p>This is particularly important on the face, where the skin is thin and sensitive. The tape also leaves no adhesive residue, which increases the comfort of application and allows the patch to be worn safely on a daily basis.<\/p>\n<p>&nbsp;<\/p>\n<h3>Tapes are waterproof and durable<\/h3>\n<p>Thanks to their high-quality cotton and waterproof adhesive, CureTape Beauty tapes are moisture-resistant. You can shower in them without losing the taping effect, making them a comfortable and durable solution for long-term wear, even throughout the day.<\/p>\n<p>&nbsp;<\/p>\n<h3>A premium medical device<\/h3>\n<p>CureTape Beauty is a quality-confirmed tape that is CE and TUV Rheinland certified, meaning it meets strict medical standards. This makes them considered the highest quality product on the market.<\/p>\n<p>&nbsp;<\/p>\n<h2>Effects of regular use of kinesiotaping patches<\/h2>\n<ul>\n<li style=\"list-style-type: none;\">\n<ul>\n<li>improved blood and lymph circulation<\/li>\n<li>smoothing of wrinkles such as the lion's wrinkle, transverse forehead wrinkles and nasolabial furrows<\/li>\n<li>improving your complexion<\/li>\n<li>firming of the skin on the neck, jaw and cheeks<\/li>\n<li>hamster reduction<\/li>\n<li>getting rid of swelling in the face and neck caused by lymphatic stagnation<\/li>\n<li>improvement of the facial oval<\/li>\n<\/ul>\n<\/li>\n<\/ul>\n<p>&nbsp;<\/p>\n<h2>Instructions for applying CureTape<\/h2>\n<ol>\n<li>Apply tapes only after prior taping training (you can, for example, use this course <a href=\"https:\/\/dev1.jogapiekna.comprodukt\/kinesiotaping-estetyczny-z-joga-piekna-kurs-online\/\">Aesthetic kinesiotaping with beauty yoga<\/a>).<\/li>\n<li>Cleanse the skin before application.<\/li>\n<li>Measure and cut the tape, e.g. into a \"V\" shape, using sharp scissors.<\/li>\n<li>Apply the beginning of the tape without stretching it, then stretch it and stick the end, pressing the tape so that it adheres well.<\/li>\n<\/ol>\n<p>&nbsp;<\/p>\n<h3>How often do I apply kinesiotaping to my face with CureTape Beauty plasters?<\/h3>\n<p>It is recommended to apply CureTape Beauty tapes 6 to 10 hours a day for the first 3-4 weeks. Taping is best applied overnight. After this period, application is recommended less frequently, 1-2 times a week.<\/p>\n<p>&nbsp;<\/p>\n<h3>Product specifications<\/h3>\n<ul>\n<li><strong>Colours available:<\/strong> light beige<\/li>\n<li><strong>Belt width:<\/strong> 2.5 cm<\/li>\n<li><strong>Belt length:<\/strong> 2 x 5 metres<\/li>\n<li><strong>Belt type:<\/strong> Elastic kinesiotaping plasters for face and neck<\/li>\n<li><strong>Material:<\/strong> natural cotton Extra Soft<\/li>\n<li><strong>Glue:<\/strong> 100% hypoallergenic acrylic adhesive<\/li>\n<li><strong>Special features: <\/strong>waterproof<\/li>\n<li><strong>Medical product with TUV Rheinland certification<\/strong><\/li>\n<li><strong>Country of production:<\/strong> South Korea<\/li>\n<li><strong>This is a medical device. Use it according to the instructions for use or the label.<\/strong><\/li>\n<\/ul>\n<p>&nbsp;<\/p>\n<h3>Contraindications to kinesiotaping<\/h3>\n<ul>\n<li>Open wounds or skin damage in the area where you intend to apply the tapes.<\/li>\n<li>Skin infections such as ringworm or bacterial dermatitis.<\/li>\n<li>Susceptibility to allergic reactions or sensitisation to acrylic adhesive.<\/li>\n<li>Deep or superficial vein thrombosis in the area where you plan to apply the tapes.<\/li>\n<li>Injuries to muscles, tendons or ligaments that require stabilisation with a traditional dressing or orthosis.<\/li>\n<li>Malignant tumours or tumours in the area where you plan to use the tapes.<\/li>\n<li>Severe circulatory disorders such as ischaemic heart disease.<\/li>\n<li>Pregnancy at an advanced stage if there is no consent from the attending physician.<\/li>\n<\/ul>\n<p>&nbsp;<\/p>\n<h3>Online course of aesthetic Kinesiotaping with beauty yoga<\/h3>\n<p>Do you want to use kinesioptaping at home? My name is Marta Kuci\u0144ska and I specialise in natural rejuvenation. I am a biologist by training, a third degree ayurveda consultant and a certified facial yoga teacher.<\/p>\n<p>Join the online course: <a href=\"https:\/\/dev1.jogapiekna.comprodukt\/kinesiotaping-estetyczny-z-joga-piekna-kurs-online\/\">Aesthetic kinesiotaping with beauty yoga<\/a>to learn how to apply taping correctly and safely. You will learn about the 16 applications of taping to the face, neck and d\u00e9collet\u00e9.<\/p>","protected":false},"excerpt":{"rendered":"<p>CureTape Beauty is a specialised hypoallergenic kinesiotape for the face and neck, designed for beauty professionals and people with sensitive skin. It is made from extra-thin and soft cotton and coated with a waterproof, acrylic adhesive with a skin-neutral pH. It is ideal for aesthetic therapy, wrinkle reduction, scar taping, as well as working with people after procedures and surgeries. CureTape Beauty provides high user comfort and easy removal without irritation. A medical product with CE and T\u00dcV Rheinland certification.<\/p>\n<ul>\n<li>The tape has a length of 5 m<\/li>\n<li>Width: 2.5 cm<\/li>\n<li>Colour: beige (flesh-coloured)<\/li>\n<li>Material: natural cotton, acrylic adhesive (hypoallergenic)<\/li>\n<li>It is a medical device and has a quality certificate<\/li>\n<li>Tapes are hypoallergenic, safe<\/li>\n<\/ul>","protected":false},"featured_media":203008,"comment_status":"closed","ping_status":"closed","template":"","meta":{"_acf_changed":false,"site-sidebar-layout":"default","site-content-layout":"","ast-site-content-layout":"default","site-content-style":"default","site-sidebar-style":"default","ast-global-header-display":"","ast-banner-title-visibility":"","ast-main-header-display":"","ast-hfb-above-header-display":"","ast-hfb-below-header-display":"","ast-hfb-mobile-header-display":"","site-post-title":"","ast-breadcrumbs-content":"","ast-featured-img":"","footer-sml-layout":"","ast-disable-related-posts":"","theme-transparent-header-meta":"default","adv-header-id-meta":"","stick-header-meta":"","header-above-stick-meta":"","header-main-stick-meta":"","header-below-stick-meta":"","astra-migrate-meta-layouts":"set","ast-page-background-enabled":"default","ast-page-background-meta":{"desktop":{"background-color":"var(--ast-global-color-5)","background-image":"","background-repeat":"repeat","background-position":"center center","background-size":"auto","background-attachment":"scroll","background-type":"","background-media":"","overlay-type":"","overlay-color":"","overlay-opacity":"","overlay-gradient":""},"tablet":{"background-color":"","background-image":"","background-repeat":"repeat","background-position":"center center","background-size":"auto","background-attachment":"scroll","background-type":"","background-media":"","overlay-type":"","overlay-color":"","overlay-opacity":"","overlay-gradient":""},"mobile":{"background-color":"","background-image":"","background-repeat":"repeat","background-position":"center center","background-size":"auto","background-attachment":"scroll","background-type":"","background-media":"","overlay-type":"","overlay-color":"","overlay-opacity":"","overlay-gradient":""}},"ast-content-background-meta":{"desktop":{"background-color":"var(--ast-global-color-4)","background-image":"","background-repeat":"repeat","background-position":"center center","background-size":"auto","background-attachment":"scroll","background-type":"","background-media":"","overlay-type":"","overlay-color":"","overlay-opacity":"","overlay-gradient":""},"tablet":{"background-color":"var(--ast-global-color-4)","background-image":"","background-repeat":"repeat","background-position":"center center","background-size":"auto","background-attachment":"scroll","background-type":"","background-media":"","overlay-type":"","overlay-color":"","overlay-opacity":"","overlay-gradient":""},"mobile":{"background-color":"var(--ast-global-color-4)","background-image":"","background-repeat":"repeat","background-position":"center center","background-size":"auto","background-attachment":"scroll","background-type":"","background-media":"","overlay-type":"","overlay-color":"","overlay-opacity":"","overlay-gradient":""}}},"product_brand":[],"product_cat":[21,621],"product_tag":[235,234],"class_list":{"0":"post-203006","1":"product","2":"type-product","3":"status-publish","4":"has-post-thumbnail","6":"product_cat-akcesoria","7":"product_cat-kinesiotaping-estetyczny","8":"product_tag-kinesiotaping","9":"product_tag-tasma","10":"desktop-align-left","11":"tablet-align-left","12":"mobile-align-left","14":"first","15":"instock","16":"featured","17":"taxable","18":"shipping-taxable","19":"purchasable","20":"product-type-simple"},"acf":[],"yoast_head":"<!-- This site is optimized with the Yoast SEO plugin v27.1.1 - https:\/\/yoast.com\/product\/yoast-seo-wordpress\/ -->\n<title>Hipoalergiczne plastry do tapingu twarzy CureTape BEAUTY (2,5 cm x 5 m)<\/title>\n<meta name=\"description\" content=\"Chcesz stosowa\u0107 kinesiotaping, ale Twoja sk\u00f3ra jest wra\u017cliwa, sk\u0142onna do alergii? Hipoalergiczne plastry do tapingu CureTape Beauty stworzono w\u0142a\u015bnie z my\u015bl\u0105 o tego typu wyzwaniach! Nie musisz rezygnowa\u0107 z tej techniki odm\u0142adzania i terapii tkanek. Materia\u0142 tych tejp\u00f3w jest bezpieczny nawet dla os\u00f3b, kt\u00f3re maj\u0105 sk\u0142onno\u015bci do podra\u017cnie\u0144.\" \/>\n<meta name=\"robots\" content=\"index, follow, max-snippet:-1, max-image-preview:large, max-video-preview:-1\" \/>\n<link rel=\"canonical\" href=\"https:\/\/dev1.jogapiekna.com\/en\/product\/hipoalergiczna-tasma-do-tapingu-twarzy-curetape-beauty-25-cm-x-5-m\/\" \/>\n<meta property=\"og:locale\" content=\"en_GB\" \/>\n<meta property=\"og:type\" content=\"article\" \/>\n<meta property=\"og:title\" content=\"Hipoalergiczne plastry do tapingu twarzy CureTape BEAUTY (2,5 cm x 5 m)\" \/>\n<meta property=\"og:description\" content=\"Chcesz stosowa\u0107 kinesiotaping, ale Twoja sk\u00f3ra jest wra\u017cliwa, sk\u0142onna do alergii? Hipoalergiczne plastry do tapingu CureTape Beauty stworzono w\u0142a\u015bnie z my\u015bl\u0105 o tego typu wyzwaniach! Nie musisz rezygnowa\u0107 z tej techniki odm\u0142adzania i terapii tkanek. Materia\u0142 tych tejp\u00f3w jest bezpieczny nawet dla os\u00f3b, kt\u00f3re maj\u0105 sk\u0142onno\u015bci do podra\u017cnie\u0144.\" \/>\n<meta property=\"og:url\" content=\"https:\/\/dev1.jogapiekna.com\/en\/product\/hipoalergiczna-tasma-do-tapingu-twarzy-curetape-beauty-25-cm-x-5-m\/\" \/>\n<meta property=\"og:site_name\" content=\"JOGA PI\u0118KNA | Joga Twarzy\" \/>\n<meta property=\"article:publisher\" content=\"https:\/\/www.facebook.com\/JogaPieknaCom\/\" \/>\n<meta property=\"article:modified_time\" content=\"2026-03-17T20:18:49+00:00\" \/>\n<meta property=\"og:image\" content=\"https:\/\/dev1.jogapiekna.com\/wp-content\/uploads\/2025\/08\/CureTape-BEAUTY-2-5x5-1.jpg\" \/>\n\t<meta property=\"og:image:width\" content=\"1000\" \/>\n\t<meta property=\"og:image:height\" content=\"1000\" \/>\n\t<meta property=\"og:image:type\" content=\"image\/jpeg\" \/>\n<meta name=\"twitter:card\" content=\"summary_large_image\" \/>\n<meta name=\"twitter:label1\" content=\"Estimated reading time\" \/>\n\t<meta name=\"twitter:data1\" content=\"7 minutes\" \/>\n<script type=\"application\/ld+json\" class=\"yoast-schema-graph\">{\"@context\":\"https:\/\/schema.org\",\"@graph\":[{\"@type\":\"WebPage\",\"@id\":\"https:\/\/dev1.jogapiekna.com\/en\/product\/hipoalergiczna-tasma-do-tapingu-twarzy-curetape-beauty-25-cm-x-5-m\/\",\"url\":\"https:\/\/dev1.jogapiekna.com\/en\/product\/hipoalergiczna-tasma-do-tapingu-twarzy-curetape-beauty-25-cm-x-5-m\/\",\"name\":\"Hipoalergiczne plastry do tapingu twarzy CureTape BEAUTY (2,5 cm x 5 m)\",\"isPartOf\":{\"@id\":\"https:\/\/dev1.jogapiekna.com\/#website\"},\"primaryImageOfPage\":{\"@id\":\"https:\/\/dev1.jogapiekna.com\/en\/product\/hipoalergiczna-tasma-do-tapingu-twarzy-curetape-beauty-25-cm-x-5-m\/#primaryimage\"},\"image\":{\"@id\":\"https:\/\/dev1.jogapiekna.com\/en\/product\/hipoalergiczna-tasma-do-tapingu-twarzy-curetape-beauty-25-cm-x-5-m\/#primaryimage\"},\"thumbnailUrl\":\"https:\/\/dev1.jogapiekna.com\/wp-content\/uploads\/2025\/08\/CureTape-BEAUTY-2-5x5-1.jpg\",\"datePublished\":\"2025-08-18T13:11:12+00:00\",\"dateModified\":\"2026-03-17T20:18:49+00:00\",\"description\":\"Chcesz stosowa\u0107 kinesiotaping, ale Twoja sk\u00f3ra jest wra\u017cliwa, sk\u0142onna do alergii? Hipoalergiczne plastry do tapingu CureTape Beauty stworzono w\u0142a\u015bnie z my\u015bl\u0105 o tego typu wyzwaniach! Nie musisz rezygnowa\u0107 z tej techniki odm\u0142adzania i terapii tkanek. Materia\u0142 tych tejp\u00f3w jest bezpieczny nawet dla os\u00f3b, kt\u00f3re maj\u0105 sk\u0142onno\u015bci do podra\u017cnie\u0144.\",\"breadcrumb\":{\"@id\":\"https:\/\/dev1.jogapiekna.com\/en\/product\/hipoalergiczna-tasma-do-tapingu-twarzy-curetape-beauty-25-cm-x-5-m\/#breadcrumb\"},\"inLanguage\":\"en-GB\",\"potentialAction\":[{\"@type\":\"ReadAction\",\"target\":[\"https:\/\/dev1.jogapiekna.com\/en\/product\/hipoalergiczna-tasma-do-tapingu-twarzy-curetape-beauty-25-cm-x-5-m\/\"]}]},{\"@type\":\"ImageObject\",\"inLanguage\":\"en-GB\",\"@id\":\"https:\/\/dev1.jogapiekna.com\/en\/product\/hipoalergiczna-tasma-do-tapingu-twarzy-curetape-beauty-25-cm-x-5-m\/#primaryimage\",\"url\":\"https:\/\/dev1.jogapiekna.com\/wp-content\/uploads\/2025\/08\/CureTape-BEAUTY-2-5x5-1.jpg\",\"contentUrl\":\"https:\/\/dev1.jogapiekna.com\/wp-content\/uploads\/2025\/08\/CureTape-BEAUTY-2-5x5-1.jpg\",\"width\":1000,\"height\":1000,\"caption\":\"Hipoalergiczne plastry do tapingu twarzy CureTape BEAUTY (2,5 cm x 5 m) 1 szt.\"},{\"@type\":\"BreadcrumbList\",\"@id\":\"https:\/\/dev1.jogapiekna.com\/en\/product\/hipoalergiczna-tasma-do-tapingu-twarzy-curetape-beauty-25-cm-x-5-m\/#breadcrumb\",\"itemListElement\":[{\"@type\":\"ListItem\",\"position\":1,\"name\":\"Strona g\u0142\u00f3wna\",\"item\":\"https:\/\/dev1.jogapiekna.com\/\"},{\"@type\":\"ListItem\",\"position\":2,\"name\":\"Sklep\",\"item\":\"https:\/\/dev1.jogapiekna.com\/sklep\/\"},{\"@type\":\"ListItem\",\"position\":3,\"name\":\"Hipoalergiczna ta\u015bma do tapingu twarzy CureTape BEAUTY (2,5 cm x 5 m)\"}]},{\"@type\":\"WebSite\",\"@id\":\"https:\/\/dev1.jogapiekna.com\/#website\",\"url\":\"https:\/\/dev1.jogapiekna.com\/\",\"name\":\"Joga Pi\u0119kna Marta Kuci\u0144ska\",\"description\":\"Joga Pi\u0119kna pomaga kobietom zachowa\u0107 urod\u0119, cofn\u0105\u0107 oznaki up\u0142ywaj\u0105cego czasu i zm\u0119czenia, odzyska\u0107 promienny wygl\u0105d, naturalny u\u015bmiech i popraw\u0119 w\u0142asnej samooceny.\",\"publisher\":{\"@id\":\"https:\/\/dev1.jogapiekna.com\/#organization\"},\"potentialAction\":[{\"@type\":\"SearchAction\",\"target\":{\"@type\":\"EntryPoint\",\"urlTemplate\":\"https:\/\/dev1.jogapiekna.com\/?s={search_term_string}\"},\"query-input\":{\"@type\":\"PropertyValueSpecification\",\"valueRequired\":true,\"valueName\":\"search_term_string\"}}],\"inLanguage\":\"en-GB\"},{\"@type\":\"Organization\",\"@id\":\"https:\/\/dev1.jogapiekna.com\/#organization\",\"name\":\"Joga Pi\u0119kna Marta Kuci\u0144ska\",\"url\":\"https:\/\/dev1.jogapiekna.com\/\",\"logo\":{\"@type\":\"ImageObject\",\"inLanguage\":\"en-GB\",\"@id\":\"https:\/\/dev1.jogapiekna.com\/#\/schema\/logo\/image\/\",\"url\":\"https:\/\/dev1.jogapiekna.com\/wp-content\/uploads\/2022\/09\/joga-piekna-logo_Rka.png\",\"contentUrl\":\"https:\/\/dev1.jogapiekna.com\/wp-content\/uploads\/2022\/09\/joga-piekna-logo_Rka.png\",\"width\":231,\"height\":124,\"caption\":\"Joga Pi\u0119kna Marta Kuci\u0144ska\"},\"image\":{\"@id\":\"https:\/\/dev1.jogapiekna.com\/#\/schema\/logo\/image\/\"},\"sameAs\":[\"https:\/\/www.facebook.com\/JogaPieknaCom\/\",\"https:\/\/www.instagram.com\/jogapieknacom\/\"]}]}<\/script>\n<!-- \/ Yoast SEO plugin. -->","yoast_head_json":{"title":"Hipoalergiczne plastry do tapingu twarzy CureTape BEAUTY (2,5 cm x 5 m)","description":"Do you want to use kinesiotaping but your skin is sensitive, prone to allergies? CureTape Beauty's hypoallergenic taping patches were created just for this type of challenge! You don't have to give up on this rejuvenation and tissue therapy technique. The material of these tejpas is safe even for people who are prone to irritation.","robots":{"index":"index","follow":"follow","max-snippet":"max-snippet:-1","max-image-preview":"max-image-preview:large","max-video-preview":"max-video-preview:-1"},"canonical":"https:\/\/dev1.jogapiekna.com\/en\/product\/hipoalergiczna-tasma-do-tapingu-twarzy-curetape-beauty-25-cm-x-5-m\/","og_locale":"en_GB","og_type":"article","og_title":"Hipoalergiczne plastry do tapingu twarzy CureTape BEAUTY (2,5 cm x 5 m)","og_description":"Chcesz stosowa\u0107 kinesiotaping, ale Twoja sk\u00f3ra jest wra\u017cliwa, sk\u0142onna do alergii? Hipoalergiczne plastry do tapingu CureTape Beauty stworzono w\u0142a\u015bnie z my\u015bl\u0105 o tego typu wyzwaniach! Nie musisz rezygnowa\u0107 z tej techniki odm\u0142adzania i terapii tkanek. Materia\u0142 tych tejp\u00f3w jest bezpieczny nawet dla os\u00f3b, kt\u00f3re maj\u0105 sk\u0142onno\u015bci do podra\u017cnie\u0144.","og_url":"https:\/\/dev1.jogapiekna.com\/en\/product\/hipoalergiczna-tasma-do-tapingu-twarzy-curetape-beauty-25-cm-x-5-m\/","og_site_name":"JOGA PI\u0118KNA | Joga Twarzy","article_publisher":"https:\/\/www.facebook.com\/JogaPieknaCom\/","article_modified_time":"2026-03-17T20:18:49+00:00","og_image":[{"width":1000,"height":1000,"url":"https:\/\/dev1.jogapiekna.com\/wp-content\/uploads\/2025\/08\/CureTape-BEAUTY-2-5x5-1.jpg","type":"image\/jpeg"}],"twitter_card":"summary_large_image","twitter_misc":{"Estimated reading time":"7 minutes"},"schema":{"@context":"https:\/\/schema.org","@graph":[{"@type":"WebPage","@id":"https:\/\/dev1.jogapiekna.com\/en\/product\/hipoalergiczna-tasma-do-tapingu-twarzy-curetape-beauty-25-cm-x-5-m\/","url":"https:\/\/dev1.jogapiekna.com\/en\/product\/hipoalergiczna-tasma-do-tapingu-twarzy-curetape-beauty-25-cm-x-5-m\/","name":"Hipoalergiczne plastry do tapingu twarzy CureTape BEAUTY (2,5 cm x 5 m)","isPartOf":{"@id":"https:\/\/dev1.jogapiekna.com\/#website"},"primaryImageOfPage":{"@id":"https:\/\/dev1.jogapiekna.com\/en\/product\/hipoalergiczna-tasma-do-tapingu-twarzy-curetape-beauty-25-cm-x-5-m\/#primaryimage"},"image":{"@id":"https:\/\/dev1.jogapiekna.com\/en\/product\/hipoalergiczna-tasma-do-tapingu-twarzy-curetape-beauty-25-cm-x-5-m\/#primaryimage"},"thumbnailUrl":"https:\/\/dev1.jogapiekna.com\/wp-content\/uploads\/2025\/08\/CureTape-BEAUTY-2-5x5-1.jpg","datePublished":"2025-08-18T13:11:12+00:00","dateModified":"2026-03-17T20:18:49+00:00","description":"Do you want to use kinesiotaping but your skin is sensitive, prone to allergies? CureTape Beauty's hypoallergenic taping patches were created just for this type of challenge! You don't have to give up on this rejuvenation and tissue therapy technique. The material of these tejpas is safe even for people who are prone to irritation.","breadcrumb":{"@id":"https:\/\/dev1.jogapiekna.com\/en\/product\/hipoalergiczna-tasma-do-tapingu-twarzy-curetape-beauty-25-cm-x-5-m\/#breadcrumb"},"inLanguage":"en-GB","potentialAction":[{"@type":"ReadAction","target":["https:\/\/dev1.jogapiekna.com\/en\/product\/hipoalergiczna-tasma-do-tapingu-twarzy-curetape-beauty-25-cm-x-5-m\/"]}]},{"@type":"ImageObject","inLanguage":"en-GB","@id":"https:\/\/dev1.jogapiekna.com\/en\/product\/hipoalergiczna-tasma-do-tapingu-twarzy-curetape-beauty-25-cm-x-5-m\/#primaryimage","url":"https:\/\/dev1.jogapiekna.com\/wp-content\/uploads\/2025\/08\/CureTape-BEAUTY-2-5x5-1.jpg","contentUrl":"https:\/\/dev1.jogapiekna.com\/wp-content\/uploads\/2025\/08\/CureTape-BEAUTY-2-5x5-1.jpg","width":1000,"height":1000,"caption":"Hipoalergiczne plastry do tapingu twarzy CureTape BEAUTY (2,5 cm x 5 m) 1 szt."},{"@type":"BreadcrumbList","@id":"https:\/\/dev1.jogapiekna.com\/en\/product\/hipoalergiczna-tasma-do-tapingu-twarzy-curetape-beauty-25-cm-x-5-m\/#breadcrumb","itemListElement":[{"@type":"ListItem","position":1,"name":"Strona g\u0142\u00f3wna","item":"https:\/\/dev1.jogapiekna.com\/"},{"@type":"ListItem","position":2,"name":"Sklep","item":"https:\/\/dev1.jogapiekna.com\/sklep\/"},{"@type":"ListItem","position":3,"name":"Hipoalergiczna ta\u015bma do tapingu twarzy CureTape BEAUTY (2,5 cm x 5 m)"}]},{"@type":"WebSite","@id":"https:\/\/dev1.jogapiekna.com\/#website","url":"https:\/\/dev1.jogapiekna.com\/","name":"Yoga Beauty Marta Kuci\u0144ska","description":"Beauty Yoga helps women to maintain their beauty, reverse the signs of passing time and fatigue, regain a radiant appearance, natural smile and improve their self-esteem.","publisher":{"@id":"https:\/\/dev1.jogapiekna.com\/#organization"},"potentialAction":[{"@type":"SearchAction","target":{"@type":"EntryPoint","urlTemplate":"https:\/\/dev1.jogapiekna.com\/?s={search_term_string}"},"query-input":{"@type":"PropertyValueSpecification","valueRequired":true,"valueName":"search_term_string"}}],"inLanguage":"en-GB"},{"@type":"Organization","@id":"https:\/\/dev1.jogapiekna.com\/#organization","name":"Yoga Beauty Marta Kuci\u0144ska","url":"https:\/\/dev1.jogapiekna.com\/","logo":{"@type":"ImageObject","inLanguage":"en-GB","@id":"https:\/\/dev1.jogapiekna.com\/#\/schema\/logo\/image\/","url":"https:\/\/dev1.jogapiekna.com\/wp-content\/uploads\/2022\/09\/joga-piekna-logo_Rka.png","contentUrl":"https:\/\/dev1.jogapiekna.com\/wp-content\/uploads\/2022\/09\/joga-piekna-logo_Rka.png","width":231,"height":124,"caption":"Joga Pi\u0119kna Marta Kuci\u0144ska"},"image":{"@id":"https:\/\/dev1.jogapiekna.com\/#\/schema\/logo\/image\/"},"sameAs":["https:\/\/www.facebook.com\/JogaPieknaCom\/","https:\/\/www.instagram.com\/jogapieknacom\/"]}]}},"_links":{"self":[{"href":"https:\/\/dev1.jogapiekna.com\/en\/wp-json\/wp\/v2\/product\/203006","targetHints":{"allow":["GET"]}}],"collection":[{"href":"https:\/\/dev1.jogapiekna.com\/en\/wp-json\/wp\/v2\/product"}],"about":[{"href":"https:\/\/dev1.jogapiekna.com\/en\/wp-json\/wp\/v2\/types\/product"}],"replies":[{"embeddable":true,"href":"https:\/\/dev1.jogapiekna.com\/en\/wp-json\/wp\/v2\/comments?post=203006"}],"version-history":[{"count":2,"href":"https:\/\/dev1.jogapiekna.com\/en\/wp-json\/wp\/v2\/product\/203006\/revisions"}],"predecessor-version":[{"id":217394,"href":"https:\/\/dev1.jogapiekna.com\/en\/wp-json\/wp\/v2\/product\/203006\/revisions\/217394"}],"wp:featuredmedia":[{"embeddable":true,"href":"https:\/\/dev1.jogapiekna.com\/en\/wp-json\/wp\/v2\/media\/203008"}],"wp:attachment":[{"href":"https:\/\/dev1.jogapiekna.com\/en\/wp-json\/wp\/v2\/media?parent=203006"}],"wp:term":[{"taxonomy":"product_brand","embeddable":true,"href":"https:\/\/dev1.jogapiekna.com\/en\/wp-json\/wp\/v2\/product_brand?post=203006"},{"taxonomy":"product_cat","embeddable":true,"href":"https:\/\/dev1.jogapiekna.com\/en\/wp-json\/wp\/v2\/product_cat?post=203006"},{"taxonomy":"product_tag","embeddable":true,"href":"https:\/\/dev1.jogapiekna.com\/en\/wp-json\/wp\/v2\/product_tag?post=203006"}],"curies":[{"name":"wp","href":"https:\/\/api.w.org\/{rel}","templated":true}]}}