{"id":200255,"date":"2025-07-04T15:48:12","date_gmt":"2025-07-04T13:48:12","guid":{"rendered":"https:\/\/dev1.jogapiekna.com?post_type=product&#038;p=200255"},"modified":"2026-02-03T11:23:27","modified_gmt":"2026-02-03T10:23:27","slug":"tape-expert-box","status":"publish","type":"product","link":"https:\/\/dev1.jogapiekna.com\/en\/product\/tape-expert-box\/","title":{"rendered":"TAPE EXPERT BOX \u2022 PRO facial taping"},"content":{"rendered":"<h2>What the kit contains:<\/h2>\n<ul>\n<li><a href=\"https:\/\/dev1.jogapiekna.comprodukt\/tasma-do-kinesiotapingu-classic-curetape5cm\/\"><strong>Kinesiotaping tape Classic CureTape 5 cm<\/strong><\/a> - Universal face taping tape. Ideal for larger applications, it is made of cotton and coated with hypoallergenic adhesive.<\/li>\n<li><a href=\"https:\/\/dev1.jogapiekna.comprodukt\/tasma-do-kinesiotapingu-twarzy-waska\/\"><strong>Facial kinesiotaping tape narrow<\/strong><\/a> - narrower tape for precise applications, e.g. around the eyes or mouth.<\/li>\n<li><a href=\"https:\/\/dev1.jogapiekna.comprodukt\/tasma-do-kinesiotapingu-centymetrowa\/\"><strong>Kinesiotaping centimetre tape<\/strong><\/a> - centimetre version ideal for the smallest details and musculo-fascial corrections.<\/li>\n<li><a href=\"https:\/\/dev1.jogapiekna.comprodukt\/kolorowa-tasma-do-tapingu-twarzy\/\"><strong>Coloured face taping<\/strong> <\/a>- A striking ribbon with a fashionable pattern that works like a classic, but provides a much more interesting look.<\/li>\n<li><a href=\"https:\/\/dev1.jogapiekna.comprodukt\/tasma-do-kinesiotapingu-z-otworami\/\"><strong>Kinesiotaping tape with holes<\/strong><\/a> - a tape with perforation that increases lymph flow and improves drainage effects, particularly recommended for swelling and stasis.<\/li>\n<li><a href=\"https:\/\/dev1.jogapiekna.comprodukt\/cure-tape-nozyczki-do-kinesiotapingu-soft-touching\/\"><strong>No\u017cyczki do kinesiotapingu Cure Tape Soft Touching<\/strong><\/a> - are sharp, precise and coated with a special coating to prevent glue sticking - indispensable when cutting facial taping.<\/li>\n<li><a href=\"https:\/\/dev1.jogapiekna.comprodukt\/cure-tape-dispenser-podajnik-na-tasmy\/\"><strong>Cure Tape Dispenser<\/strong><\/a> - facilitates convenient measuring and cutting of the tapes, perfect for use at home.<\/li>\n<\/ul>\n<p>&nbsp;<\/p>\n<h2>For whom?<\/h2>\n<p>For those who are practising aesthetic kinsiotaping tapes or want to get started right away with full equipment. This is an excellent choice for both professionals and enthusiasts of conscious care.<\/p>\n<p>&nbsp;<\/p>\n<h2>How to use?<\/h2>\n<ol>\n<li>Choose the right type, width and length of tape depending on the purpose of the application (lifting, drainage, muscle correction).<\/li>\n<li>Cutting will be made easier with the included scissors - they are sharp and extremely comfortable.<\/li>\n<li>Use the feeder to quickly measure the tape without tangles or loss of material.<\/li>\n<li>Apply the tapes to clean, dry skin. Rub gently after sticking to activate the adhesive.<\/li>\n<\/ol>\n<p>&nbsp;<\/p>\n<h2>Effects:<\/h2>\n<ul>\n<li>Improving the firmness and oval of the face.<\/li>\n<li>Reduction of muscle tension and wrinkles.<\/li>\n<li>Improve lymph flow and reduce swelling.<\/li>\n<li>Professional, precise tape application - no frustration or accidental cuts.<\/li>\n<\/ul>","protected":false},"excerpt":{"rendered":"<p>TAPE EXPERT BOX is a set of professional tools for those who want to take their taping care to the next level. Carefully selected tapes with different properties, practical accessories and precision scissors make this set ideal for both those already practising taping and those looking for top quality from the very beginning.<\/p>","protected":false},"featured_media":201011,"comment_status":"closed","ping_status":"closed","template":"","meta":{"_acf_changed":false,"site-sidebar-layout":"default","site-content-layout":"","ast-site-content-layout":"default","site-content-style":"default","site-sidebar-style":"default","ast-global-header-display":"","ast-banner-title-visibility":"","ast-main-header-display":"","ast-hfb-above-header-display":"","ast-hfb-below-header-display":"","ast-hfb-mobile-header-display":"","site-post-title":"","ast-breadcrumbs-content":"","ast-featured-img":"","footer-sml-layout":"","ast-disable-related-posts":"","theme-transparent-header-meta":"default","adv-header-id-meta":"","stick-header-meta":"","header-above-stick-meta":"","header-main-stick-meta":"","header-below-stick-meta":"","astra-migrate-meta-layouts":"set","ast-page-background-enabled":"default","ast-page-background-meta":{"desktop":{"background-color":"var(--ast-global-color-5)","background-image":"","background-repeat":"repeat","background-position":"center center","background-size":"auto","background-attachment":"scroll","background-type":"","background-media":"","overlay-type":"","overlay-color":"","overlay-opacity":"","overlay-gradient":""},"tablet":{"background-color":"","background-image":"","background-repeat":"repeat","background-position":"center center","background-size":"auto","background-attachment":"scroll","background-type":"","background-media":"","overlay-type":"","overlay-color":"","overlay-opacity":"","overlay-gradient":""},"mobile":{"background-color":"","background-image":"","background-repeat":"repeat","background-position":"center center","background-size":"auto","background-attachment":"scroll","background-type":"","background-media":"","overlay-type":"","overlay-color":"","overlay-opacity":"","overlay-gradient":""}},"ast-content-background-meta":{"desktop":{"background-color":"var(--ast-global-color-4)","background-image":"","background-repeat":"repeat","background-position":"center center","background-size":"auto","background-attachment":"scroll","background-type":"","background-media":"","overlay-type":"","overlay-color":"","overlay-opacity":"","overlay-gradient":""},"tablet":{"background-color":"var(--ast-global-color-4)","background-image":"","background-repeat":"repeat","background-position":"center center","background-size":"auto","background-attachment":"scroll","background-type":"","background-media":"","overlay-type":"","overlay-color":"","overlay-opacity":"","overlay-gradient":""},"mobile":{"background-color":"var(--ast-global-color-4)","background-image":"","background-repeat":"repeat","background-position":"center center","background-size":"auto","background-attachment":"scroll","background-type":"","background-media":"","overlay-type":"","overlay-color":"","overlay-opacity":"","overlay-gradient":""}}},"product_brand":[],"product_cat":[21,904,621,625,305],"product_tag":[],"class_list":{"0":"post-200255","1":"product","2":"type-product","3":"status-publish","4":"has-post-thumbnail","6":"product_cat-akcesoria","7":"product_cat-glow-box","8":"product_cat-kinesiotaping-estetyczny","9":"product_cat-promocje","10":"product_cat-zestawy","11":"desktop-align-left","12":"tablet-align-left","13":"mobile-align-left","15":"first","16":"instock","17":"sale","18":"taxable","19":"shipping-taxable","20":"purchasable","21":"product-type-simple"},"acf":[],"yoast_head":"<!-- This site is optimized with the Yoast SEO plugin v27.1.1 - https:\/\/yoast.com\/product\/yoast-seo-wordpress\/ -->\n<title>TAPE EXPERT BOX - Taping twarzy w wersji PRO<\/title>\n<meta name=\"description\" content=\"TAPE PREMIUM GLOW BOX to komplet profesjonalnych narz\u0119dzi dla os\u00f3b, kt\u00f3re chc\u0105 wynie\u015b\u0107 swoj\u0105 piel\u0119gnacj\u0119 na wy\u017cszy poziom. Starannie dobrane ta\u015bmy o r\u00f3\u017cnych w\u0142a\u015bciwo\u015bciach, praktyczne akcesoria oraz precyzyjne no\u017cyczki sprawiaj\u0105, \u017ce ten zestaw jest idealny zar\u00f3wno dla os\u00f3b ju\u017c praktykuj\u0105cych taping, jak i dla tych, kt\u00f3rzy szukaj\u0105 najwy\u017cszej jako\u015bci od samego pocz\u0105tku.\" \/>\n<meta name=\"robots\" content=\"index, follow, max-snippet:-1, max-image-preview:large, max-video-preview:-1\" \/>\n<link rel=\"canonical\" href=\"https:\/\/dev1.jogapiekna.com\/en\/product\/tape-expert-box\/\" \/>\n<meta property=\"og:locale\" content=\"en_GB\" \/>\n<meta property=\"og:type\" content=\"article\" \/>\n<meta property=\"og:title\" content=\"TAPE EXPERT BOX - Taping twarzy w wersji PRO\" \/>\n<meta property=\"og:description\" content=\"TAPE PREMIUM GLOW BOX to komplet profesjonalnych narz\u0119dzi dla os\u00f3b, kt\u00f3re chc\u0105 wynie\u015b\u0107 swoj\u0105 piel\u0119gnacj\u0119 na wy\u017cszy poziom. Starannie dobrane ta\u015bmy o r\u00f3\u017cnych w\u0142a\u015bciwo\u015bciach, praktyczne akcesoria oraz precyzyjne no\u017cyczki sprawiaj\u0105, \u017ce ten zestaw jest idealny zar\u00f3wno dla os\u00f3b ju\u017c praktykuj\u0105cych taping, jak i dla tych, kt\u00f3rzy szukaj\u0105 najwy\u017cszej jako\u015bci od samego pocz\u0105tku.\" \/>\n<meta property=\"og:url\" content=\"https:\/\/dev1.jogapiekna.com\/en\/product\/tape-expert-box\/\" \/>\n<meta property=\"og:site_name\" content=\"JOGA PI\u0118KNA | Joga Twarzy\" \/>\n<meta property=\"article:publisher\" content=\"https:\/\/www.facebook.com\/JogaPieknaCom\/\" \/>\n<meta property=\"article:modified_time\" content=\"2026-02-03T10:23:27+00:00\" \/>\n<meta property=\"og:image\" content=\"https:\/\/dev1.jogapiekna.com\/wp-content\/uploads\/2025\/07\/tape_expert-box-jogapiekna_sklep.jpg\" \/>\n\t<meta property=\"og:image:width\" content=\"1000\" \/>\n\t<meta property=\"og:image:height\" content=\"1000\" \/>\n\t<meta property=\"og:image:type\" content=\"image\/jpeg\" \/>\n<meta name=\"twitter:card\" content=\"summary_large_image\" \/>\n<meta name=\"twitter:label1\" content=\"Estimated reading time\" \/>\n\t<meta name=\"twitter:data1\" content=\"2 minutes\" \/>\n<script type=\"application\/ld+json\" class=\"yoast-schema-graph\">{\"@context\":\"https:\/\/schema.org\",\"@graph\":[{\"@type\":\"WebPage\",\"@id\":\"https:\/\/dev1.jogapiekna.com\/produkt\/tape-expert-box\/\",\"url\":\"https:\/\/dev1.jogapiekna.com\/produkt\/tape-expert-box\/\",\"name\":\"TAPE EXPERT BOX - Taping twarzy w wersji PRO\",\"isPartOf\":{\"@id\":\"https:\/\/dev1.jogapiekna.com\/#website\"},\"primaryImageOfPage\":{\"@id\":\"https:\/\/dev1.jogapiekna.com\/produkt\/tape-expert-box\/#primaryimage\"},\"image\":{\"@id\":\"https:\/\/dev1.jogapiekna.com\/produkt\/tape-expert-box\/#primaryimage\"},\"thumbnailUrl\":\"https:\/\/dev1.jogapiekna.com\/wp-content\/uploads\/2025\/07\/tape_expert-box-jogapiekna_sklep.jpg\",\"datePublished\":\"2025-07-04T13:48:12+00:00\",\"dateModified\":\"2026-02-03T10:23:27+00:00\",\"description\":\"TAPE PREMIUM GLOW BOX to komplet profesjonalnych narz\u0119dzi dla os\u00f3b, kt\u00f3re chc\u0105 wynie\u015b\u0107 swoj\u0105 piel\u0119gnacj\u0119 na wy\u017cszy poziom. Starannie dobrane ta\u015bmy o r\u00f3\u017cnych w\u0142a\u015bciwo\u015bciach, praktyczne akcesoria oraz precyzyjne no\u017cyczki sprawiaj\u0105, \u017ce ten zestaw jest idealny zar\u00f3wno dla os\u00f3b ju\u017c praktykuj\u0105cych taping, jak i dla tych, kt\u00f3rzy szukaj\u0105 najwy\u017cszej jako\u015bci od samego pocz\u0105tku.\",\"breadcrumb\":{\"@id\":\"https:\/\/dev1.jogapiekna.com\/produkt\/tape-expert-box\/#breadcrumb\"},\"inLanguage\":\"en-GB\",\"potentialAction\":[{\"@type\":\"ReadAction\",\"target\":[\"https:\/\/dev1.jogapiekna.com\/produkt\/tape-expert-box\/\"]}]},{\"@type\":\"ImageObject\",\"inLanguage\":\"en-GB\",\"@id\":\"https:\/\/dev1.jogapiekna.com\/produkt\/tape-expert-box\/#primaryimage\",\"url\":\"https:\/\/dev1.jogapiekna.com\/wp-content\/uploads\/2025\/07\/tape_expert-box-jogapiekna_sklep.jpg\",\"contentUrl\":\"https:\/\/dev1.jogapiekna.com\/wp-content\/uploads\/2025\/07\/tape_expert-box-jogapiekna_sklep.jpg\",\"width\":1000,\"height\":1000,\"caption\":\"TAPE EXPERT BOX - Taping twarzy w wersji PRO\"},{\"@type\":\"BreadcrumbList\",\"@id\":\"https:\/\/dev1.jogapiekna.com\/produkt\/tape-expert-box\/#breadcrumb\",\"itemListElement\":[{\"@type\":\"ListItem\",\"position\":1,\"name\":\"Strona g\u0142\u00f3wna\",\"item\":\"https:\/\/dev1.jogapiekna.com\/\"},{\"@type\":\"ListItem\",\"position\":2,\"name\":\"Sklep\",\"item\":\"https:\/\/dev1.jogapiekna.com\/sklep\/\"},{\"@type\":\"ListItem\",\"position\":3,\"name\":\"TAPE EXPERT BOX \u2022 Taping twarzy w wersji PRO\"}]},{\"@type\":\"WebSite\",\"@id\":\"https:\/\/dev1.jogapiekna.com\/#website\",\"url\":\"https:\/\/dev1.jogapiekna.com\/\",\"name\":\"Joga Pi\u0119kna Marta Kuci\u0144ska\",\"description\":\"Joga Pi\u0119kna pomaga kobietom zachowa\u0107 urod\u0119, cofn\u0105\u0107 oznaki up\u0142ywaj\u0105cego czasu i zm\u0119czenia, odzyska\u0107 promienny wygl\u0105d, naturalny u\u015bmiech i popraw\u0119 w\u0142asnej samooceny.\",\"publisher\":{\"@id\":\"https:\/\/dev1.jogapiekna.com\/#organization\"},\"potentialAction\":[{\"@type\":\"SearchAction\",\"target\":{\"@type\":\"EntryPoint\",\"urlTemplate\":\"https:\/\/dev1.jogapiekna.com\/?s={search_term_string}\"},\"query-input\":{\"@type\":\"PropertyValueSpecification\",\"valueRequired\":true,\"valueName\":\"search_term_string\"}}],\"inLanguage\":\"en-GB\"},{\"@type\":\"Organization\",\"@id\":\"https:\/\/dev1.jogapiekna.com\/#organization\",\"name\":\"Joga Pi\u0119kna Marta Kuci\u0144ska\",\"url\":\"https:\/\/dev1.jogapiekna.com\/\",\"logo\":{\"@type\":\"ImageObject\",\"inLanguage\":\"en-GB\",\"@id\":\"https:\/\/dev1.jogapiekna.com\/#\/schema\/logo\/image\/\",\"url\":\"https:\/\/dev1.jogapiekna.com\/wp-content\/uploads\/2022\/09\/joga-piekna-logo_Rka.png\",\"contentUrl\":\"https:\/\/dev1.jogapiekna.com\/wp-content\/uploads\/2022\/09\/joga-piekna-logo_Rka.png\",\"width\":231,\"height\":124,\"caption\":\"Joga Pi\u0119kna Marta Kuci\u0144ska\"},\"image\":{\"@id\":\"https:\/\/dev1.jogapiekna.com\/#\/schema\/logo\/image\/\"},\"sameAs\":[\"https:\/\/www.facebook.com\/JogaPieknaCom\/\",\"https:\/\/www.instagram.com\/jogapieknacom\/\"]}]}<\/script>\n<!-- \/ Yoast SEO plugin. -->","yoast_head_json":{"title":"TAPE EXPERT BOX - Taping twarzy w wersji PRO","description":"TAPE PREMIUM GLOW BOX to komplet profesjonalnych narz\u0119dzi dla os\u00f3b, kt\u00f3re chc\u0105 wynie\u015b\u0107 swoj\u0105 piel\u0119gnacj\u0119 na wy\u017cszy poziom. Starannie dobrane ta\u015bmy o r\u00f3\u017cnych w\u0142a\u015bciwo\u015bciach, praktyczne akcesoria oraz precyzyjne no\u017cyczki sprawiaj\u0105, \u017ce ten zestaw jest idealny zar\u00f3wno dla os\u00f3b ju\u017c praktykuj\u0105cych taping, jak i dla tych, kt\u00f3rzy szukaj\u0105 najwy\u017cszej jako\u015bci od samego pocz\u0105tku.","robots":{"index":"index","follow":"follow","max-snippet":"max-snippet:-1","max-image-preview":"max-image-preview:large","max-video-preview":"max-video-preview:-1"},"canonical":"https:\/\/dev1.jogapiekna.com\/en\/product\/tape-expert-box\/","og_locale":"en_GB","og_type":"article","og_title":"TAPE EXPERT BOX - Taping twarzy w wersji PRO","og_description":"TAPE PREMIUM GLOW BOX to komplet profesjonalnych narz\u0119dzi dla os\u00f3b, kt\u00f3re chc\u0105 wynie\u015b\u0107 swoj\u0105 piel\u0119gnacj\u0119 na wy\u017cszy poziom. Starannie dobrane ta\u015bmy o r\u00f3\u017cnych w\u0142a\u015bciwo\u015bciach, praktyczne akcesoria oraz precyzyjne no\u017cyczki sprawiaj\u0105, \u017ce ten zestaw jest idealny zar\u00f3wno dla os\u00f3b ju\u017c praktykuj\u0105cych taping, jak i dla tych, kt\u00f3rzy szukaj\u0105 najwy\u017cszej jako\u015bci od samego pocz\u0105tku.","og_url":"https:\/\/dev1.jogapiekna.com\/en\/product\/tape-expert-box\/","og_site_name":"JOGA PI\u0118KNA | Joga Twarzy","article_publisher":"https:\/\/www.facebook.com\/JogaPieknaCom\/","article_modified_time":"2026-02-03T10:23:27+00:00","og_image":[{"width":1000,"height":1000,"url":"https:\/\/dev1.jogapiekna.com\/wp-content\/uploads\/2025\/07\/tape_expert-box-jogapiekna_sklep.jpg","type":"image\/jpeg"}],"twitter_card":"summary_large_image","twitter_misc":{"Estimated reading time":"2 minutes"},"schema":{"@context":"https:\/\/schema.org","@graph":[{"@type":"WebPage","@id":"https:\/\/dev1.jogapiekna.com\/produkt\/tape-expert-box\/","url":"https:\/\/dev1.jogapiekna.com\/produkt\/tape-expert-box\/","name":"TAPE EXPERT BOX - Taping twarzy w wersji PRO","isPartOf":{"@id":"https:\/\/dev1.jogapiekna.com\/#website"},"primaryImageOfPage":{"@id":"https:\/\/dev1.jogapiekna.com\/produkt\/tape-expert-box\/#primaryimage"},"image":{"@id":"https:\/\/dev1.jogapiekna.com\/produkt\/tape-expert-box\/#primaryimage"},"thumbnailUrl":"https:\/\/dev1.jogapiekna.com\/wp-content\/uploads\/2025\/07\/tape_expert-box-jogapiekna_sklep.jpg","datePublished":"2025-07-04T13:48:12+00:00","dateModified":"2026-02-03T10:23:27+00:00","description":"TAPE PREMIUM GLOW BOX to komplet profesjonalnych narz\u0119dzi dla os\u00f3b, kt\u00f3re chc\u0105 wynie\u015b\u0107 swoj\u0105 piel\u0119gnacj\u0119 na wy\u017cszy poziom. Starannie dobrane ta\u015bmy o r\u00f3\u017cnych w\u0142a\u015bciwo\u015bciach, praktyczne akcesoria oraz precyzyjne no\u017cyczki sprawiaj\u0105, \u017ce ten zestaw jest idealny zar\u00f3wno dla os\u00f3b ju\u017c praktykuj\u0105cych taping, jak i dla tych, kt\u00f3rzy szukaj\u0105 najwy\u017cszej jako\u015bci od samego pocz\u0105tku.","breadcrumb":{"@id":"https:\/\/dev1.jogapiekna.com\/produkt\/tape-expert-box\/#breadcrumb"},"inLanguage":"en-GB","potentialAction":[{"@type":"ReadAction","target":["https:\/\/dev1.jogapiekna.com\/produkt\/tape-expert-box\/"]}]},{"@type":"ImageObject","inLanguage":"en-GB","@id":"https:\/\/dev1.jogapiekna.com\/produkt\/tape-expert-box\/#primaryimage","url":"https:\/\/dev1.jogapiekna.com\/wp-content\/uploads\/2025\/07\/tape_expert-box-jogapiekna_sklep.jpg","contentUrl":"https:\/\/dev1.jogapiekna.com\/wp-content\/uploads\/2025\/07\/tape_expert-box-jogapiekna_sklep.jpg","width":1000,"height":1000,"caption":"TAPE EXPERT BOX - Taping twarzy w wersji PRO"},{"@type":"BreadcrumbList","@id":"https:\/\/dev1.jogapiekna.com\/produkt\/tape-expert-box\/#breadcrumb","itemListElement":[{"@type":"ListItem","position":1,"name":"Strona g\u0142\u00f3wna","item":"https:\/\/dev1.jogapiekna.com\/"},{"@type":"ListItem","position":2,"name":"Sklep","item":"https:\/\/dev1.jogapiekna.com\/sklep\/"},{"@type":"ListItem","position":3,"name":"TAPE EXPERT BOX \u2022 Taping twarzy w wersji PRO"}]},{"@type":"WebSite","@id":"https:\/\/dev1.jogapiekna.com\/#website","url":"https:\/\/dev1.jogapiekna.com\/","name":"Yoga Beauty Marta Kuci\u0144ska","description":"Beauty Yoga helps women to maintain their beauty, reverse the signs of passing time and fatigue, regain a radiant appearance, natural smile and improve their self-esteem.","publisher":{"@id":"https:\/\/dev1.jogapiekna.com\/#organization"},"potentialAction":[{"@type":"SearchAction","target":{"@type":"EntryPoint","urlTemplate":"https:\/\/dev1.jogapiekna.com\/?s={search_term_string}"},"query-input":{"@type":"PropertyValueSpecification","valueRequired":true,"valueName":"search_term_string"}}],"inLanguage":"en-GB"},{"@type":"Organization","@id":"https:\/\/dev1.jogapiekna.com\/#organization","name":"Yoga Beauty Marta Kuci\u0144ska","url":"https:\/\/dev1.jogapiekna.com\/","logo":{"@type":"ImageObject","inLanguage":"en-GB","@id":"https:\/\/dev1.jogapiekna.com\/#\/schema\/logo\/image\/","url":"https:\/\/dev1.jogapiekna.com\/wp-content\/uploads\/2022\/09\/joga-piekna-logo_Rka.png","contentUrl":"https:\/\/dev1.jogapiekna.com\/wp-content\/uploads\/2022\/09\/joga-piekna-logo_Rka.png","width":231,"height":124,"caption":"Joga Pi\u0119kna Marta Kuci\u0144ska"},"image":{"@id":"https:\/\/dev1.jogapiekna.com\/#\/schema\/logo\/image\/"},"sameAs":["https:\/\/www.facebook.com\/JogaPieknaCom\/","https:\/\/www.instagram.com\/jogapieknacom\/"]}]}},"_links":{"self":[{"href":"https:\/\/dev1.jogapiekna.com\/en\/wp-json\/wp\/v2\/product\/200255","targetHints":{"allow":["GET"]}}],"collection":[{"href":"https:\/\/dev1.jogapiekna.com\/en\/wp-json\/wp\/v2\/product"}],"about":[{"href":"https:\/\/dev1.jogapiekna.com\/en\/wp-json\/wp\/v2\/types\/product"}],"replies":[{"embeddable":true,"href":"https:\/\/dev1.jogapiekna.com\/en\/wp-json\/wp\/v2\/comments?post=200255"}],"version-history":[{"count":1,"href":"https:\/\/dev1.jogapiekna.com\/en\/wp-json\/wp\/v2\/product\/200255\/revisions"}],"predecessor-version":[{"id":210896,"href":"https:\/\/dev1.jogapiekna.com\/en\/wp-json\/wp\/v2\/product\/200255\/revisions\/210896"}],"wp:featuredmedia":[{"embeddable":true,"href":"https:\/\/dev1.jogapiekna.com\/en\/wp-json\/wp\/v2\/media\/201011"}],"wp:attachment":[{"href":"https:\/\/dev1.jogapiekna.com\/en\/wp-json\/wp\/v2\/media?parent=200255"}],"wp:term":[{"taxonomy":"product_brand","embeddable":true,"href":"https:\/\/dev1.jogapiekna.com\/en\/wp-json\/wp\/v2\/product_brand?post=200255"},{"taxonomy":"product_cat","embeddable":true,"href":"https:\/\/dev1.jogapiekna.com\/en\/wp-json\/wp\/v2\/product_cat?post=200255"},{"taxonomy":"product_tag","embeddable":true,"href":"https:\/\/dev1.jogapiekna.com\/en\/wp-json\/wp\/v2\/product_tag?post=200255"}],"curies":[{"name":"wp","href":"https:\/\/api.w.org\/{rel}","templated":true}]}}