{"id":200252,"date":"2025-07-04T15:22:36","date_gmt":"2025-07-04T13:22:36","guid":{"rendered":"https:\/\/dev1.jogapiekna.com?post_type=product&#038;p=200252"},"modified":"2026-03-18T13:27:55","modified_gmt":"2026-03-18T12:27:55","slug":"luxe-glow-box","status":"publish","type":"product","link":"https:\/\/dev1.jogapiekna.com\/en\/product\/luxe-glow-box\/","title":{"rendered":"LUXE GLOW BOX - For skin that needs more."},"content":{"rendered":"<h2>What the kit contains:<\/h2>\n<ul>\n<li><a href=\"https:\/\/dev1.jogapiekna.comprodukt\/elektryczny-masazer-do-twarzy-guasha-jadeit-4w1\/\"><strong>Gua Sha 4-in-1 electric massager with white jade<\/strong><\/a> - The jade massager combines up to four rejuvenation technologies: infrared, vibration, LED light and natural jade massage. The effects? Smoothing of wrinkles, improvement of the facial oval and reduction of swelling.<\/li>\n<li><a href=\"https:\/\/dev1.jogapiekna.comprodukt\/zimne-lyzki-do-masazu-cryo-ice-joga-piekna\/\"><strong>CRYO ICE cold spoons<\/strong><\/a> - Ideal for morning puffiness and dark circles under the eyes. They cool, firm and oxygenate the skin, preparing it for the rest of the day.<\/li>\n<li><a href=\"https:\/\/dev1.jogapiekna.comprodukt\/masazer-galwaniczny-wieloiglowy-do-masazu-twarzy-szyi-i-dekoltu-deluxe\/\"><strong>Multi-needle massager DELUXE<\/strong><\/a> - Needle massage roller stimulates the skin, improves its elasticity and aids the absorption of cosmetics. Perfect for combating sagging skin and wrinkles.<\/li>\n<li><a href=\"https:\/\/dev1.jogapiekna.comprodukt\/citrus-glow-olejek-do-masazu-50ml\/\"><strong>Citrus Glow Oil 50 ml<\/strong><\/a> - a light oil serum with an energising citrus fragrance that intensively moisturises, regenerates and brightens the skin.<\/li>\n<li><a href=\"https:\/\/dev1.jogapiekna.comprodukt\/plastry-mimiczne-przeciwzmarszczkowe-joga-piekna-na-cala-twarz-160-sztuk\/\"><strong>Facial patches (160 pcs)<\/strong><\/a> - innovative Korean wrinkle patches that help reduce fine lines and perpetuate the effects of facial massages.<\/li>\n<\/ul>\n<p>&nbsp;<\/p>\n<h2>For whom?<\/h2>\n<p>For those who want intensive care that combines modern technology with natural methods. Ideal for those looking for a comprehensive solution in the fight against the signs of ageing.<\/p>\n<p>&nbsp;<\/p>\n<h2>How to use?<\/h2>\n<ol>\n<li>Apply a few drops of Citrus Glow massage oil to cleansed skin on the face and neck.<\/li>\n<li>Perform a massage with the Gua Sha electric massager, focusing on areas that need firming.<\/li>\n<li>Use cold spoons of CRYO ICE to reduce swelling and prepare the skin for further care.<\/li>\n<li>Use the DELUXE multi-needle massager to improve the absorption of cosmetics and stimulate the skin.<\/li>\n<li>Apply facial patches at night after thoroughly cleansing the skin to help smooth wrinkles.<\/li>\n<\/ol>\n<p>&nbsp;<\/p>\n<h2>Effects you will notice:<\/h2>\n<ul>\n<li>Smoother and firmer skin.<\/li>\n<li>Reduction of puffiness and dark circles under the eyes.<\/li>\n<li>Improving the facial oval.<\/li>\n<li>Intensive hydration and regeneration.<\/li>\n<li>Visible reduction of facial wrinkles.<\/li>\n<\/ul>","protected":false},"excerpt":{"rendered":"<p>LUXE GLOW BOX is an advanced skincare kit combining modern technology with natural methods of caring for the skin. It is a comprehensive ritual that works on many levels - from regeneration to lifting to relaxation. Ideal for those who want intensive care and visible results.<\/p>","protected":false},"featured_media":201007,"comment_status":"closed","ping_status":"closed","template":"","meta":{"_acf_changed":false,"site-sidebar-layout":"default","site-content-layout":"","ast-site-content-layout":"default","site-content-style":"default","site-sidebar-style":"default","ast-global-header-display":"","ast-banner-title-visibility":"","ast-main-header-display":"","ast-hfb-above-header-display":"","ast-hfb-below-header-display":"","ast-hfb-mobile-header-display":"","site-post-title":"","ast-breadcrumbs-content":"","ast-featured-img":"","footer-sml-layout":"","ast-disable-related-posts":"","theme-transparent-header-meta":"default","adv-header-id-meta":"","stick-header-meta":"","header-above-stick-meta":"","header-main-stick-meta":"","header-below-stick-meta":"","astra-migrate-meta-layouts":"set","ast-page-background-enabled":"default","ast-page-background-meta":{"desktop":{"background-color":"var(--ast-global-color-5)","background-image":"","background-repeat":"repeat","background-position":"center center","background-size":"auto","background-attachment":"scroll","background-type":"","background-media":"","overlay-type":"","overlay-color":"","overlay-opacity":"","overlay-gradient":""},"tablet":{"background-color":"","background-image":"","background-repeat":"repeat","background-position":"center center","background-size":"auto","background-attachment":"scroll","background-type":"","background-media":"","overlay-type":"","overlay-color":"","overlay-opacity":"","overlay-gradient":""},"mobile":{"background-color":"","background-image":"","background-repeat":"repeat","background-position":"center center","background-size":"auto","background-attachment":"scroll","background-type":"","background-media":"","overlay-type":"","overlay-color":"","overlay-opacity":"","overlay-gradient":""}},"ast-content-background-meta":{"desktop":{"background-color":"var(--ast-global-color-4)","background-image":"","background-repeat":"repeat","background-position":"center center","background-size":"auto","background-attachment":"scroll","background-type":"","background-media":"","overlay-type":"","overlay-color":"","overlay-opacity":"","overlay-gradient":""},"tablet":{"background-color":"var(--ast-global-color-4)","background-image":"","background-repeat":"repeat","background-position":"center center","background-size":"auto","background-attachment":"scroll","background-type":"","background-media":"","overlay-type":"","overlay-color":"","overlay-opacity":"","overlay-gradient":""},"mobile":{"background-color":"var(--ast-global-color-4)","background-image":"","background-repeat":"repeat","background-position":"center center","background-size":"auto","background-attachment":"scroll","background-type":"","background-media":"","overlay-type":"","overlay-color":"","overlay-opacity":"","overlay-gradient":""}}},"product_brand":[],"product_cat":[21,904,610,625,305],"product_tag":[],"class_list":{"0":"post-200252","1":"product","2":"type-product","3":"status-publish","4":"has-post-thumbnail","6":"product_cat-akcesoria","7":"product_cat-glow-box","8":"product_cat-masaz-twarzy-i-szyi","9":"product_cat-promocje","10":"product_cat-zestawy","11":"desktop-align-left","12":"tablet-align-left","13":"mobile-align-left","15":"first","16":"instock","17":"sale","18":"taxable","19":"shipping-taxable","20":"purchasable","21":"product-type-simple"},"acf":[],"yoast_head":"<!-- This site is optimized with the Yoast SEO plugin v27.1.1 - https:\/\/yoast.com\/product\/yoast-seo-wordpress\/ -->\n<title>LUXE GLOW BOX - Dla sk\u00f3ry, kt\u00f3ra potrzebuje wi\u0119cej.<\/title>\n<meta name=\"description\" content=\"LUXE GLOW BOX to zaawansowany zestaw piel\u0119gnacyjny \u0142\u0105cz\u0105cy nowoczesne technologie z naturalnymi metodami dbania o sk\u00f3r\u0119. To kompleksowy rytua\u0142, kt\u00f3ry dzia\u0142a na wielu poziomach \u2013 od regeneracji, przez lifting, po relaks. Idealny dla os\u00f3b, kt\u00f3re pragn\u0105 intensywnej piel\u0119gnacji i widocznych efekt\u00f3w.\" \/>\n<meta name=\"robots\" content=\"index, follow, max-snippet:-1, max-image-preview:large, max-video-preview:-1\" \/>\n<link rel=\"canonical\" href=\"https:\/\/dev1.jogapiekna.com\/en\/product\/luxe-glow-box\/\" \/>\n<meta property=\"og:locale\" content=\"en_GB\" \/>\n<meta property=\"og:type\" content=\"article\" \/>\n<meta property=\"og:title\" content=\"LUXE GLOW BOX - Dla sk\u00f3ry, kt\u00f3ra potrzebuje wi\u0119cej.\" \/>\n<meta property=\"og:description\" content=\"LUXE GLOW BOX to zaawansowany zestaw piel\u0119gnacyjny \u0142\u0105cz\u0105cy nowoczesne technologie z naturalnymi metodami dbania o sk\u00f3r\u0119. To kompleksowy rytua\u0142, kt\u00f3ry dzia\u0142a na wielu poziomach \u2013 od regeneracji, przez lifting, po relaks. Idealny dla os\u00f3b, kt\u00f3re pragn\u0105 intensywnej piel\u0119gnacji i widocznych efekt\u00f3w.\" \/>\n<meta property=\"og:url\" content=\"https:\/\/dev1.jogapiekna.com\/en\/product\/luxe-glow-box\/\" \/>\n<meta property=\"og:site_name\" content=\"JOGA PI\u0118KNA | Joga Twarzy\" \/>\n<meta property=\"article:publisher\" content=\"https:\/\/www.facebook.com\/JogaPieknaCom\/\" \/>\n<meta property=\"article:modified_time\" content=\"2026-03-18T12:27:55+00:00\" \/>\n<meta property=\"og:image\" content=\"https:\/\/dev1.jogapiekna.com\/wp-content\/uploads\/2025\/07\/luxe_glow-box-jogapiekna_sklep.jpg\" \/>\n\t<meta property=\"og:image:width\" content=\"1000\" \/>\n\t<meta property=\"og:image:height\" content=\"1000\" \/>\n\t<meta property=\"og:image:type\" content=\"image\/jpeg\" \/>\n<meta name=\"twitter:card\" content=\"summary_large_image\" \/>\n<meta name=\"twitter:label1\" content=\"Estimated reading time\" \/>\n\t<meta name=\"twitter:data1\" content=\"2 minutes\" \/>\n<script type=\"application\/ld+json\" class=\"yoast-schema-graph\">{\"@context\":\"https:\/\/schema.org\",\"@graph\":[{\"@type\":\"WebPage\",\"@id\":\"https:\/\/dev1.jogapiekna.com\/en\/product\/luxe-glow-box\/\",\"url\":\"https:\/\/dev1.jogapiekna.com\/en\/product\/luxe-glow-box\/\",\"name\":\"LUXE GLOW BOX - Dla sk\u00f3ry, kt\u00f3ra potrzebuje wi\u0119cej.\",\"isPartOf\":{\"@id\":\"https:\/\/dev1.jogapiekna.com\/#website\"},\"primaryImageOfPage\":{\"@id\":\"https:\/\/dev1.jogapiekna.com\/en\/product\/luxe-glow-box\/#primaryimage\"},\"image\":{\"@id\":\"https:\/\/dev1.jogapiekna.com\/en\/product\/luxe-glow-box\/#primaryimage\"},\"thumbnailUrl\":\"https:\/\/dev1.jogapiekna.com\/wp-content\/uploads\/2025\/07\/luxe_glow-box-jogapiekna_sklep.jpg\",\"datePublished\":\"2025-07-04T13:22:36+00:00\",\"dateModified\":\"2026-03-18T12:27:55+00:00\",\"description\":\"LUXE GLOW BOX to zaawansowany zestaw piel\u0119gnacyjny \u0142\u0105cz\u0105cy nowoczesne technologie z naturalnymi metodami dbania o sk\u00f3r\u0119. To kompleksowy rytua\u0142, kt\u00f3ry dzia\u0142a na wielu poziomach \u2013 od regeneracji, przez lifting, po relaks. Idealny dla os\u00f3b, kt\u00f3re pragn\u0105 intensywnej piel\u0119gnacji i widocznych efekt\u00f3w.\",\"breadcrumb\":{\"@id\":\"https:\/\/dev1.jogapiekna.com\/en\/product\/luxe-glow-box\/#breadcrumb\"},\"inLanguage\":\"en-GB\",\"potentialAction\":[{\"@type\":\"ReadAction\",\"target\":[\"https:\/\/dev1.jogapiekna.com\/en\/product\/luxe-glow-box\/\"]}]},{\"@type\":\"ImageObject\",\"inLanguage\":\"en-GB\",\"@id\":\"https:\/\/dev1.jogapiekna.com\/en\/product\/luxe-glow-box\/#primaryimage\",\"url\":\"https:\/\/dev1.jogapiekna.com\/wp-content\/uploads\/2025\/07\/luxe_glow-box-jogapiekna_sklep.jpg\",\"contentUrl\":\"https:\/\/dev1.jogapiekna.com\/wp-content\/uploads\/2025\/07\/luxe_glow-box-jogapiekna_sklep.jpg\",\"width\":1000,\"height\":1000,\"caption\":\"LUXE GLOW BOX - Dla sk\u00f3ry, kt\u00f3ra potrzebuje wi\u0119cej.\"},{\"@type\":\"BreadcrumbList\",\"@id\":\"https:\/\/dev1.jogapiekna.com\/en\/product\/luxe-glow-box\/#breadcrumb\",\"itemListElement\":[{\"@type\":\"ListItem\",\"position\":1,\"name\":\"Strona g\u0142\u00f3wna\",\"item\":\"https:\/\/dev1.jogapiekna.com\/\"},{\"@type\":\"ListItem\",\"position\":2,\"name\":\"Sklep\",\"item\":\"https:\/\/dev1.jogapiekna.com\/sklep\/\"},{\"@type\":\"ListItem\",\"position\":3,\"name\":\"LUXE GLOW BOX \u2022 Dla sk\u00f3ry, kt\u00f3ra potrzebuje wi\u0119cej.\"}]},{\"@type\":\"WebSite\",\"@id\":\"https:\/\/dev1.jogapiekna.com\/#website\",\"url\":\"https:\/\/dev1.jogapiekna.com\/\",\"name\":\"Joga Pi\u0119kna Marta Kuci\u0144ska\",\"description\":\"Joga Pi\u0119kna pomaga kobietom zachowa\u0107 urod\u0119, cofn\u0105\u0107 oznaki up\u0142ywaj\u0105cego czasu i zm\u0119czenia, odzyska\u0107 promienny wygl\u0105d, naturalny u\u015bmiech i popraw\u0119 w\u0142asnej samooceny.\",\"publisher\":{\"@id\":\"https:\/\/dev1.jogapiekna.com\/#organization\"},\"potentialAction\":[{\"@type\":\"SearchAction\",\"target\":{\"@type\":\"EntryPoint\",\"urlTemplate\":\"https:\/\/dev1.jogapiekna.com\/?s={search_term_string}\"},\"query-input\":{\"@type\":\"PropertyValueSpecification\",\"valueRequired\":true,\"valueName\":\"search_term_string\"}}],\"inLanguage\":\"en-GB\"},{\"@type\":\"Organization\",\"@id\":\"https:\/\/dev1.jogapiekna.com\/#organization\",\"name\":\"Joga Pi\u0119kna Marta Kuci\u0144ska\",\"url\":\"https:\/\/dev1.jogapiekna.com\/\",\"logo\":{\"@type\":\"ImageObject\",\"inLanguage\":\"en-GB\",\"@id\":\"https:\/\/dev1.jogapiekna.com\/#\/schema\/logo\/image\/\",\"url\":\"https:\/\/dev1.jogapiekna.com\/wp-content\/uploads\/2022\/09\/joga-piekna-logo_Rka.png\",\"contentUrl\":\"https:\/\/dev1.jogapiekna.com\/wp-content\/uploads\/2022\/09\/joga-piekna-logo_Rka.png\",\"width\":231,\"height\":124,\"caption\":\"Joga Pi\u0119kna Marta Kuci\u0144ska\"},\"image\":{\"@id\":\"https:\/\/dev1.jogapiekna.com\/#\/schema\/logo\/image\/\"},\"sameAs\":[\"https:\/\/www.facebook.com\/JogaPieknaCom\/\",\"https:\/\/www.instagram.com\/jogapieknacom\/\"]}]}<\/script>\n<!-- \/ Yoast SEO plugin. -->","yoast_head_json":{"title":"LUXE GLOW BOX - Dla sk\u00f3ry, kt\u00f3ra potrzebuje wi\u0119cej.","description":"LUXE GLOW BOX is an advanced skincare kit combining modern technology with natural methods of caring for the skin. It is a comprehensive ritual that works on many levels - from regeneration to lifting to relaxation. Ideal for those who want intensive care and visible results.","robots":{"index":"index","follow":"follow","max-snippet":"max-snippet:-1","max-image-preview":"max-image-preview:large","max-video-preview":"max-video-preview:-1"},"canonical":"https:\/\/dev1.jogapiekna.com\/en\/product\/luxe-glow-box\/","og_locale":"en_GB","og_type":"article","og_title":"LUXE GLOW BOX - Dla sk\u00f3ry, kt\u00f3ra potrzebuje wi\u0119cej.","og_description":"LUXE GLOW BOX to zaawansowany zestaw piel\u0119gnacyjny \u0142\u0105cz\u0105cy nowoczesne technologie z naturalnymi metodami dbania o sk\u00f3r\u0119. To kompleksowy rytua\u0142, kt\u00f3ry dzia\u0142a na wielu poziomach \u2013 od regeneracji, przez lifting, po relaks. Idealny dla os\u00f3b, kt\u00f3re pragn\u0105 intensywnej piel\u0119gnacji i widocznych efekt\u00f3w.","og_url":"https:\/\/dev1.jogapiekna.com\/en\/product\/luxe-glow-box\/","og_site_name":"JOGA PI\u0118KNA | Joga Twarzy","article_publisher":"https:\/\/www.facebook.com\/JogaPieknaCom\/","article_modified_time":"2026-03-18T12:27:55+00:00","og_image":[{"width":1000,"height":1000,"url":"https:\/\/dev1.jogapiekna.com\/wp-content\/uploads\/2025\/07\/luxe_glow-box-jogapiekna_sklep.jpg","type":"image\/jpeg"}],"twitter_card":"summary_large_image","twitter_misc":{"Estimated reading time":"2 minutes"},"schema":{"@context":"https:\/\/schema.org","@graph":[{"@type":"WebPage","@id":"https:\/\/dev1.jogapiekna.com\/en\/product\/luxe-glow-box\/","url":"https:\/\/dev1.jogapiekna.com\/en\/product\/luxe-glow-box\/","name":"LUXE GLOW BOX - Dla sk\u00f3ry, kt\u00f3ra potrzebuje wi\u0119cej.","isPartOf":{"@id":"https:\/\/dev1.jogapiekna.com\/#website"},"primaryImageOfPage":{"@id":"https:\/\/dev1.jogapiekna.com\/en\/product\/luxe-glow-box\/#primaryimage"},"image":{"@id":"https:\/\/dev1.jogapiekna.com\/en\/product\/luxe-glow-box\/#primaryimage"},"thumbnailUrl":"https:\/\/dev1.jogapiekna.com\/wp-content\/uploads\/2025\/07\/luxe_glow-box-jogapiekna_sklep.jpg","datePublished":"2025-07-04T13:22:36+00:00","dateModified":"2026-03-18T12:27:55+00:00","description":"LUXE GLOW BOX is an advanced skincare kit combining modern technology with natural methods of caring for the skin. It is a comprehensive ritual that works on many levels - from regeneration to lifting to relaxation. Ideal for those who want intensive care and visible results.","breadcrumb":{"@id":"https:\/\/dev1.jogapiekna.com\/en\/product\/luxe-glow-box\/#breadcrumb"},"inLanguage":"en-GB","potentialAction":[{"@type":"ReadAction","target":["https:\/\/dev1.jogapiekna.com\/en\/product\/luxe-glow-box\/"]}]},{"@type":"ImageObject","inLanguage":"en-GB","@id":"https:\/\/dev1.jogapiekna.com\/en\/product\/luxe-glow-box\/#primaryimage","url":"https:\/\/dev1.jogapiekna.com\/wp-content\/uploads\/2025\/07\/luxe_glow-box-jogapiekna_sklep.jpg","contentUrl":"https:\/\/dev1.jogapiekna.com\/wp-content\/uploads\/2025\/07\/luxe_glow-box-jogapiekna_sklep.jpg","width":1000,"height":1000,"caption":"LUXE GLOW BOX - Dla sk\u00f3ry, kt\u00f3ra potrzebuje wi\u0119cej."},{"@type":"BreadcrumbList","@id":"https:\/\/dev1.jogapiekna.com\/en\/product\/luxe-glow-box\/#breadcrumb","itemListElement":[{"@type":"ListItem","position":1,"name":"Strona g\u0142\u00f3wna","item":"https:\/\/dev1.jogapiekna.com\/"},{"@type":"ListItem","position":2,"name":"Sklep","item":"https:\/\/dev1.jogapiekna.com\/sklep\/"},{"@type":"ListItem","position":3,"name":"LUXE GLOW BOX \u2022 Dla sk\u00f3ry, kt\u00f3ra potrzebuje wi\u0119cej."}]},{"@type":"WebSite","@id":"https:\/\/dev1.jogapiekna.com\/#website","url":"https:\/\/dev1.jogapiekna.com\/","name":"Yoga Beauty Marta Kuci\u0144ska","description":"Beauty Yoga helps women to maintain their beauty, reverse the signs of passing time and fatigue, regain a radiant appearance, natural smile and improve their self-esteem.","publisher":{"@id":"https:\/\/dev1.jogapiekna.com\/#organization"},"potentialAction":[{"@type":"SearchAction","target":{"@type":"EntryPoint","urlTemplate":"https:\/\/dev1.jogapiekna.com\/?s={search_term_string}"},"query-input":{"@type":"PropertyValueSpecification","valueRequired":true,"valueName":"search_term_string"}}],"inLanguage":"en-GB"},{"@type":"Organization","@id":"https:\/\/dev1.jogapiekna.com\/#organization","name":"Yoga Beauty Marta Kuci\u0144ska","url":"https:\/\/dev1.jogapiekna.com\/","logo":{"@type":"ImageObject","inLanguage":"en-GB","@id":"https:\/\/dev1.jogapiekna.com\/#\/schema\/logo\/image\/","url":"https:\/\/dev1.jogapiekna.com\/wp-content\/uploads\/2022\/09\/joga-piekna-logo_Rka.png","contentUrl":"https:\/\/dev1.jogapiekna.com\/wp-content\/uploads\/2022\/09\/joga-piekna-logo_Rka.png","width":231,"height":124,"caption":"Joga Pi\u0119kna Marta Kuci\u0144ska"},"image":{"@id":"https:\/\/dev1.jogapiekna.com\/#\/schema\/logo\/image\/"},"sameAs":["https:\/\/www.facebook.com\/JogaPieknaCom\/","https:\/\/www.instagram.com\/jogapieknacom\/"]}]}},"_links":{"self":[{"href":"https:\/\/dev1.jogapiekna.com\/en\/wp-json\/wp\/v2\/product\/200252","targetHints":{"allow":["GET"]}}],"collection":[{"href":"https:\/\/dev1.jogapiekna.com\/en\/wp-json\/wp\/v2\/product"}],"about":[{"href":"https:\/\/dev1.jogapiekna.com\/en\/wp-json\/wp\/v2\/types\/product"}],"replies":[{"embeddable":true,"href":"https:\/\/dev1.jogapiekna.com\/en\/wp-json\/wp\/v2\/comments?post=200252"}],"version-history":[{"count":1,"href":"https:\/\/dev1.jogapiekna.com\/en\/wp-json\/wp\/v2\/product\/200252\/revisions"}],"predecessor-version":[{"id":210890,"href":"https:\/\/dev1.jogapiekna.com\/en\/wp-json\/wp\/v2\/product\/200252\/revisions\/210890"}],"wp:featuredmedia":[{"embeddable":true,"href":"https:\/\/dev1.jogapiekna.com\/en\/wp-json\/wp\/v2\/media\/201007"}],"wp:attachment":[{"href":"https:\/\/dev1.jogapiekna.com\/en\/wp-json\/wp\/v2\/media?parent=200252"}],"wp:term":[{"taxonomy":"product_brand","embeddable":true,"href":"https:\/\/dev1.jogapiekna.com\/en\/wp-json\/wp\/v2\/product_brand?post=200252"},{"taxonomy":"product_cat","embeddable":true,"href":"https:\/\/dev1.jogapiekna.com\/en\/wp-json\/wp\/v2\/product_cat?post=200252"},{"taxonomy":"product_tag","embeddable":true,"href":"https:\/\/dev1.jogapiekna.com\/en\/wp-json\/wp\/v2\/product_tag?post=200252"}],"curies":[{"name":"wp","href":"https:\/\/api.w.org\/{rel}","templated":true}]}}