{"id":195414,"date":"2025-04-27T17:24:07","date_gmt":"2025-04-27T15:24:07","guid":{"rendered":"https:\/\/dev1.jogapiekna.com?post_type=product&#038;p=195414"},"modified":"2026-02-22T14:33:50","modified_gmt":"2026-02-22T13:33:50","slug":"brahmi-pamiec-i-koncentracja-60-kapsulek-vanan","status":"publish","type":"product","link":"https:\/\/dev1.jogapiekna.com\/en\/product\/brahmi-pamiec-i-koncentracja-60-kapsulek-vanan\/","title":{"rendered":"Brahmi - Memory and Concentration - 60 Capsules - Vanan"},"content":{"rendered":"<h2>Vanan Brahmi - Memory and Concentration - 60 Capsules<\/h2>\n<p>Vanan Brahmi is a natural dietary supplement that supports memory, concentration and cognitive function. It contains extract of Bacopa minor (Bacopa monnieri), a well-known Ayurvedic plant that has been used for centuries to improve memory and concentration skills. Bacopa is valued for its brain-enhancing properties, improving the ability to learn, concentrate and remember new information.<\/p>\n<p>Thanks to its high-quality Bacopa extract, the Vanan Brahmi supplement supports the mind in daily tasks, helping to improve cognitive function and concentration, as well as keeping memory in top condition. It is vegan and free from artificial preservatives, flavours, colours and common allergens such as gluten, soya and dairy.<\/p>\n<p>Vanan Brahmi capsules are manufactured according to GMP (Good Manufacturing Practice) principles, guaranteeing their high quality and safe use. The supplement is an ideal choice for people who want to support their brain health and improve their intellectual abilities in a natural way.<\/p>\n<p>&nbsp;<\/p>\n<h2>Key Ingredients:<\/h2>\n<p>Extract of the plant Bacopa minor (Bacopa monnieri) - 200 mg per capsule.<\/p>\n<p>&nbsp;<\/p>\n<h3>Certificates<\/h3>\n<p>\u2714 Vegan product<br \/>\n\u2714 Kosher<br \/>\n\u2714 Halal<br \/>\n\u2714 GMP-compliant production<\/p>\n<p>Free of artificial preservatives, flavours and fragrances.<br \/>\nFree of sugar, salt, yeast, wheat, soya, gluten and dairy.<\/p>\n<p>&nbsp;<\/p>\n<h3>Dosage:<\/h3>\n<p>The recommended daily dose is 1 capsule, preferably with a meal.<\/p>\n<p>&nbsp;<\/p>\n<h3>Container:<\/h3>\n<p>60 capsules (1 pack is sufficient for 2 months of use).<\/p>\n<p>&nbsp;<\/p>\n<h2>Application<\/h2>\n<ul>\n<li>Positively influences memory.<\/li>\n<li>Improves concentration.<\/li>\n<li>Supports cognitive function.<\/li>\n<li>Suitable for vegans - vegetarian capsules, without artificial preservatives, flavours or colours.<\/li>\n<\/ul>\n<p>&nbsp;<\/p>\n<h3>Contraindications:<\/h3>\n<ul>\n<li>Do not use if pregnant or breastfeeding.<\/li>\n<li>Consult your doctor if you are taking anticoagulants or other medications.<\/li>\n<\/ul>\n<p>Vanan Brahmi is a natural support for the mind to maintain high intellectual performance, support memory and concentration processes. Take care of your memory and concentration in harmony with nature!<\/p>","protected":false},"excerpt":{"rendered":"<p>Take care of your concentration and cognitive function with Vanan Brahmi. This supplement supports memory, improves your ability to concentrate and supports cognitive function, helping to keep your mind in top form.<\/p>\n<ul>\n<li>Positive effects on memory<\/li>\n<li>Improves concentration<\/li>\n<li>Supports cognitive functions<\/li>\n<\/ul>\n<p>Product 100% vegan, allergen-free.<br \/>\nCapacity: 60 capsules (1 pack lasts for 2 months of use).<\/p>\n<p><strong>EXPIRY DATE: 03\/2026 !!!<\/strong><\/p>","protected":false},"featured_media":195417,"comment_status":"closed","ping_status":"closed","template":"","meta":{"_acf_changed":false,"site-sidebar-layout":"default","site-content-layout":"","ast-site-content-layout":"default","site-content-style":"default","site-sidebar-style":"default","ast-global-header-display":"","ast-banner-title-visibility":"","ast-main-header-display":"","ast-hfb-above-header-display":"","ast-hfb-below-header-display":"","ast-hfb-mobile-header-display":"","site-post-title":"","ast-breadcrumbs-content":"","ast-featured-img":"","footer-sml-layout":"","ast-disable-related-posts":"","theme-transparent-header-meta":"default","adv-header-id-meta":"","stick-header-meta":"","header-above-stick-meta":"","header-main-stick-meta":"","header-below-stick-meta":"","astra-migrate-meta-layouts":"set","ast-page-background-enabled":"default","ast-page-background-meta":{"desktop":{"background-color":"var(--ast-global-color-5)","background-image":"","background-repeat":"repeat","background-position":"center center","background-size":"auto","background-attachment":"scroll","background-type":"","background-media":"","overlay-type":"","overlay-color":"","overlay-opacity":"","overlay-gradient":""},"tablet":{"background-color":"","background-image":"","background-repeat":"repeat","background-position":"center center","background-size":"auto","background-attachment":"scroll","background-type":"","background-media":"","overlay-type":"","overlay-color":"","overlay-opacity":"","overlay-gradient":""},"mobile":{"background-color":"","background-image":"","background-repeat":"repeat","background-position":"center center","background-size":"auto","background-attachment":"scroll","background-type":"","background-media":"","overlay-type":"","overlay-color":"","overlay-opacity":"","overlay-gradient":""}},"ast-content-background-meta":{"desktop":{"background-color":"var(--ast-global-color-4)","background-image":"","background-repeat":"repeat","background-position":"center center","background-size":"auto","background-attachment":"scroll","background-type":"","background-media":"","overlay-type":"","overlay-color":"","overlay-opacity":"","overlay-gradient":""},"tablet":{"background-color":"var(--ast-global-color-4)","background-image":"","background-repeat":"repeat","background-position":"center center","background-size":"auto","background-attachment":"scroll","background-type":"","background-media":"","overlay-type":"","overlay-color":"","overlay-opacity":"","overlay-gradient":""},"mobile":{"background-color":"var(--ast-global-color-4)","background-image":"","background-repeat":"repeat","background-position":"center center","background-size":"auto","background-attachment":"scroll","background-type":"","background-media":"","overlay-type":"","overlay-color":"","overlay-opacity":"","overlay-gradient":""}}},"product_brand":[],"product_cat":[639],"product_tag":[365,364],"class_list":{"0":"post-195414","1":"product","2":"type-product","3":"status-publish","4":"has-post-thumbnail","6":"product_cat-suplementy","7":"product_tag-koncentracja","8":"product_tag-pamiec","9":"desktop-align-left","10":"tablet-align-left","11":"mobile-align-left","13":"first","14":"outofstock","15":"sale","16":"taxable","17":"shipping-taxable","18":"purchasable","19":"product-type-simple"},"acf":[],"yoast_head":"<!-- This site is optimized with the Yoast SEO plugin v27.1.1 - https:\/\/yoast.com\/product\/yoast-seo-wordpress\/ -->\n<title>Brahmi \u2022 Pami\u0119\u0107 i Koncentracja \u2022 60 Kapsu\u0142ek \u2022 Vanan<\/title>\n<meta name=\"description\" content=\"Vanan Brahmi to naturalne wsparcie dla umys\u0142u, kt\u00f3re pozwala utrzyma\u0107 wysok\u0105 sprawno\u015b\u0107 intelektualn\u0105, wspomaga procesy zapami\u0119tywania i koncentracji. Dbaj o swoj\u0105 pami\u0119\u0107 i koncentracj\u0119 w zgodzie z natur\u0105!\" \/>\n<meta name=\"robots\" content=\"index, follow, max-snippet:-1, max-image-preview:large, max-video-preview:-1\" \/>\n<link rel=\"canonical\" href=\"https:\/\/dev1.jogapiekna.com\/en\/product\/brahmi-pamiec-i-koncentracja-60-kapsulek-vanan\/\" \/>\n<meta property=\"og:locale\" content=\"en_GB\" \/>\n<meta property=\"og:type\" content=\"article\" \/>\n<meta property=\"og:title\" content=\"Brahmi \u2022 Pami\u0119\u0107 i Koncentracja \u2022 60 Kapsu\u0142ek \u2022 Vanan\" \/>\n<meta property=\"og:description\" content=\"Vanan Brahmi to naturalne wsparcie dla umys\u0142u, kt\u00f3re pozwala utrzyma\u0107 wysok\u0105 sprawno\u015b\u0107 intelektualn\u0105, wspomaga procesy zapami\u0119tywania i koncentracji. Dbaj o swoj\u0105 pami\u0119\u0107 i koncentracj\u0119 w zgodzie z natur\u0105!\" \/>\n<meta property=\"og:url\" content=\"https:\/\/dev1.jogapiekna.com\/en\/product\/brahmi-pamiec-i-koncentracja-60-kapsulek-vanan\/\" \/>\n<meta property=\"og:site_name\" content=\"JOGA PI\u0118KNA | Joga Twarzy\" \/>\n<meta property=\"article:publisher\" content=\"https:\/\/www.facebook.com\/JogaPieknaCom\/\" \/>\n<meta property=\"article:modified_time\" content=\"2026-02-22T13:33:50+00:00\" \/>\n<meta property=\"og:image\" content=\"https:\/\/dev1.jogapiekna.com\/wp-content\/uploads\/2025\/04\/brahmi-pamiec-i-koncentracja-60-kapsulek-vanan.jpg\" \/>\n\t<meta property=\"og:image:width\" content=\"1000\" \/>\n\t<meta property=\"og:image:height\" content=\"1000\" \/>\n\t<meta property=\"og:image:type\" content=\"image\/jpeg\" \/>\n<meta name=\"twitter:card\" content=\"summary_large_image\" \/>\n<meta name=\"twitter:label1\" content=\"Estimated reading time\" \/>\n\t<meta name=\"twitter:data1\" content=\"2 minutes\" \/>\n<script type=\"application\/ld+json\" class=\"yoast-schema-graph\">{\"@context\":\"https:\/\/schema.org\",\"@graph\":[{\"@type\":\"WebPage\",\"@id\":\"https:\/\/dev1.jogapiekna.com\/en\/product\/brahmi-pamiec-i-koncentracja-60-kapsulek-vanan\/\",\"url\":\"https:\/\/dev1.jogapiekna.com\/en\/product\/brahmi-pamiec-i-koncentracja-60-kapsulek-vanan\/\",\"name\":\"Brahmi \u2022 Pami\u0119\u0107 i Koncentracja \u2022 60 Kapsu\u0142ek \u2022 Vanan\",\"isPartOf\":{\"@id\":\"https:\/\/dev1.jogapiekna.com\/#website\"},\"primaryImageOfPage\":{\"@id\":\"https:\/\/dev1.jogapiekna.com\/en\/product\/brahmi-pamiec-i-koncentracja-60-kapsulek-vanan\/#primaryimage\"},\"image\":{\"@id\":\"https:\/\/dev1.jogapiekna.com\/en\/product\/brahmi-pamiec-i-koncentracja-60-kapsulek-vanan\/#primaryimage\"},\"thumbnailUrl\":\"https:\/\/dev1.jogapiekna.com\/wp-content\/uploads\/2025\/04\/brahmi-pamiec-i-koncentracja-60-kapsulek-vanan.jpg\",\"datePublished\":\"2025-04-27T15:24:07+00:00\",\"dateModified\":\"2026-02-22T13:33:50+00:00\",\"description\":\"Vanan Brahmi to naturalne wsparcie dla umys\u0142u, kt\u00f3re pozwala utrzyma\u0107 wysok\u0105 sprawno\u015b\u0107 intelektualn\u0105, wspomaga procesy zapami\u0119tywania i koncentracji. Dbaj o swoj\u0105 pami\u0119\u0107 i koncentracj\u0119 w zgodzie z natur\u0105!\",\"breadcrumb\":{\"@id\":\"https:\/\/dev1.jogapiekna.com\/en\/product\/brahmi-pamiec-i-koncentracja-60-kapsulek-vanan\/#breadcrumb\"},\"inLanguage\":\"en-GB\",\"potentialAction\":[{\"@type\":\"ReadAction\",\"target\":[\"https:\/\/dev1.jogapiekna.com\/en\/product\/brahmi-pamiec-i-koncentracja-60-kapsulek-vanan\/\"]}]},{\"@type\":\"ImageObject\",\"inLanguage\":\"en-GB\",\"@id\":\"https:\/\/dev1.jogapiekna.com\/en\/product\/brahmi-pamiec-i-koncentracja-60-kapsulek-vanan\/#primaryimage\",\"url\":\"https:\/\/dev1.jogapiekna.com\/wp-content\/uploads\/2025\/04\/brahmi-pamiec-i-koncentracja-60-kapsulek-vanan.jpg\",\"contentUrl\":\"https:\/\/dev1.jogapiekna.com\/wp-content\/uploads\/2025\/04\/brahmi-pamiec-i-koncentracja-60-kapsulek-vanan.jpg\",\"width\":1000,\"height\":1000,\"caption\":\"Brahmi \u2022 Pami\u0119\u0107 i Koncentracja \u2022 60 Kapsu\u0142ek \u2022 Vanan\"},{\"@type\":\"BreadcrumbList\",\"@id\":\"https:\/\/dev1.jogapiekna.com\/en\/product\/brahmi-pamiec-i-koncentracja-60-kapsulek-vanan\/#breadcrumb\",\"itemListElement\":[{\"@type\":\"ListItem\",\"position\":1,\"name\":\"Strona g\u0142\u00f3wna\",\"item\":\"https:\/\/dev1.jogapiekna.com\/\"},{\"@type\":\"ListItem\",\"position\":2,\"name\":\"Sklep\",\"item\":\"https:\/\/dev1.jogapiekna.com\/sklep\/\"},{\"@type\":\"ListItem\",\"position\":3,\"name\":\"Brahmi \u2022 Pami\u0119\u0107 i Koncentracja \u2022 60 Kapsu\u0142ek \u2022 Vanan\"}]},{\"@type\":\"WebSite\",\"@id\":\"https:\/\/dev1.jogapiekna.com\/#website\",\"url\":\"https:\/\/dev1.jogapiekna.com\/\",\"name\":\"Joga Pi\u0119kna Marta Kuci\u0144ska\",\"description\":\"Joga Pi\u0119kna pomaga kobietom zachowa\u0107 urod\u0119, cofn\u0105\u0107 oznaki up\u0142ywaj\u0105cego czasu i zm\u0119czenia, odzyska\u0107 promienny wygl\u0105d, naturalny u\u015bmiech i popraw\u0119 w\u0142asnej samooceny.\",\"publisher\":{\"@id\":\"https:\/\/dev1.jogapiekna.com\/#organization\"},\"potentialAction\":[{\"@type\":\"SearchAction\",\"target\":{\"@type\":\"EntryPoint\",\"urlTemplate\":\"https:\/\/dev1.jogapiekna.com\/?s={search_term_string}\"},\"query-input\":{\"@type\":\"PropertyValueSpecification\",\"valueRequired\":true,\"valueName\":\"search_term_string\"}}],\"inLanguage\":\"en-GB\"},{\"@type\":\"Organization\",\"@id\":\"https:\/\/dev1.jogapiekna.com\/#organization\",\"name\":\"Joga Pi\u0119kna Marta Kuci\u0144ska\",\"url\":\"https:\/\/dev1.jogapiekna.com\/\",\"logo\":{\"@type\":\"ImageObject\",\"inLanguage\":\"en-GB\",\"@id\":\"https:\/\/dev1.jogapiekna.com\/#\/schema\/logo\/image\/\",\"url\":\"https:\/\/dev1.jogapiekna.com\/wp-content\/uploads\/2022\/09\/joga-piekna-logo_Rka.png\",\"contentUrl\":\"https:\/\/dev1.jogapiekna.com\/wp-content\/uploads\/2022\/09\/joga-piekna-logo_Rka.png\",\"width\":231,\"height\":124,\"caption\":\"Joga Pi\u0119kna Marta Kuci\u0144ska\"},\"image\":{\"@id\":\"https:\/\/dev1.jogapiekna.com\/#\/schema\/logo\/image\/\"},\"sameAs\":[\"https:\/\/www.facebook.com\/JogaPieknaCom\/\",\"https:\/\/www.instagram.com\/jogapieknacom\/\"]}]}<\/script>\n<!-- \/ Yoast SEO plugin. -->","yoast_head_json":{"title":"Brahmi - Memory and Concentration - 60 Capsules - Vanan","description":"Vanan Brahmi is a natural support for the mind to maintain high intellectual performance, support memory and concentration processes. Take care of your memory and concentration in harmony with nature!","robots":{"index":"index","follow":"follow","max-snippet":"max-snippet:-1","max-image-preview":"max-image-preview:large","max-video-preview":"max-video-preview:-1"},"canonical":"https:\/\/dev1.jogapiekna.com\/en\/product\/brahmi-pamiec-i-koncentracja-60-kapsulek-vanan\/","og_locale":"en_GB","og_type":"article","og_title":"Brahmi \u2022 Pami\u0119\u0107 i Koncentracja \u2022 60 Kapsu\u0142ek \u2022 Vanan","og_description":"Vanan Brahmi to naturalne wsparcie dla umys\u0142u, kt\u00f3re pozwala utrzyma\u0107 wysok\u0105 sprawno\u015b\u0107 intelektualn\u0105, wspomaga procesy zapami\u0119tywania i koncentracji. Dbaj o swoj\u0105 pami\u0119\u0107 i koncentracj\u0119 w zgodzie z natur\u0105!","og_url":"https:\/\/dev1.jogapiekna.com\/en\/product\/brahmi-pamiec-i-koncentracja-60-kapsulek-vanan\/","og_site_name":"JOGA PI\u0118KNA | Joga Twarzy","article_publisher":"https:\/\/www.facebook.com\/JogaPieknaCom\/","article_modified_time":"2026-02-22T13:33:50+00:00","og_image":[{"width":1000,"height":1000,"url":"https:\/\/dev1.jogapiekna.com\/wp-content\/uploads\/2025\/04\/brahmi-pamiec-i-koncentracja-60-kapsulek-vanan.jpg","type":"image\/jpeg"}],"twitter_card":"summary_large_image","twitter_misc":{"Estimated reading time":"2 minutes"},"schema":{"@context":"https:\/\/schema.org","@graph":[{"@type":"WebPage","@id":"https:\/\/dev1.jogapiekna.com\/en\/product\/brahmi-pamiec-i-koncentracja-60-kapsulek-vanan\/","url":"https:\/\/dev1.jogapiekna.com\/en\/product\/brahmi-pamiec-i-koncentracja-60-kapsulek-vanan\/","name":"Brahmi - Memory and Concentration - 60 Capsules - Vanan","isPartOf":{"@id":"https:\/\/dev1.jogapiekna.com\/#website"},"primaryImageOfPage":{"@id":"https:\/\/dev1.jogapiekna.com\/en\/product\/brahmi-pamiec-i-koncentracja-60-kapsulek-vanan\/#primaryimage"},"image":{"@id":"https:\/\/dev1.jogapiekna.com\/en\/product\/brahmi-pamiec-i-koncentracja-60-kapsulek-vanan\/#primaryimage"},"thumbnailUrl":"https:\/\/dev1.jogapiekna.com\/wp-content\/uploads\/2025\/04\/brahmi-pamiec-i-koncentracja-60-kapsulek-vanan.jpg","datePublished":"2025-04-27T15:24:07+00:00","dateModified":"2026-02-22T13:33:50+00:00","description":"Vanan Brahmi is a natural support for the mind to maintain high intellectual performance, support memory and concentration processes. Take care of your memory and concentration in harmony with nature!","breadcrumb":{"@id":"https:\/\/dev1.jogapiekna.com\/en\/product\/brahmi-pamiec-i-koncentracja-60-kapsulek-vanan\/#breadcrumb"},"inLanguage":"en-GB","potentialAction":[{"@type":"ReadAction","target":["https:\/\/dev1.jogapiekna.com\/en\/product\/brahmi-pamiec-i-koncentracja-60-kapsulek-vanan\/"]}]},{"@type":"ImageObject","inLanguage":"en-GB","@id":"https:\/\/dev1.jogapiekna.com\/en\/product\/brahmi-pamiec-i-koncentracja-60-kapsulek-vanan\/#primaryimage","url":"https:\/\/dev1.jogapiekna.com\/wp-content\/uploads\/2025\/04\/brahmi-pamiec-i-koncentracja-60-kapsulek-vanan.jpg","contentUrl":"https:\/\/dev1.jogapiekna.com\/wp-content\/uploads\/2025\/04\/brahmi-pamiec-i-koncentracja-60-kapsulek-vanan.jpg","width":1000,"height":1000,"caption":"Brahmi \u2022 Pami\u0119\u0107 i Koncentracja \u2022 60 Kapsu\u0142ek \u2022 Vanan"},{"@type":"BreadcrumbList","@id":"https:\/\/dev1.jogapiekna.com\/en\/product\/brahmi-pamiec-i-koncentracja-60-kapsulek-vanan\/#breadcrumb","itemListElement":[{"@type":"ListItem","position":1,"name":"Strona g\u0142\u00f3wna","item":"https:\/\/dev1.jogapiekna.com\/"},{"@type":"ListItem","position":2,"name":"Sklep","item":"https:\/\/dev1.jogapiekna.com\/sklep\/"},{"@type":"ListItem","position":3,"name":"Brahmi \u2022 Pami\u0119\u0107 i Koncentracja \u2022 60 Kapsu\u0142ek \u2022 Vanan"}]},{"@type":"WebSite","@id":"https:\/\/dev1.jogapiekna.com\/#website","url":"https:\/\/dev1.jogapiekna.com\/","name":"Yoga Beauty Marta Kuci\u0144ska","description":"Beauty Yoga helps women to maintain their beauty, reverse the signs of passing time and fatigue, regain a radiant appearance, natural smile and improve their self-esteem.","publisher":{"@id":"https:\/\/dev1.jogapiekna.com\/#organization"},"potentialAction":[{"@type":"SearchAction","target":{"@type":"EntryPoint","urlTemplate":"https:\/\/dev1.jogapiekna.com\/?s={search_term_string}"},"query-input":{"@type":"PropertyValueSpecification","valueRequired":true,"valueName":"search_term_string"}}],"inLanguage":"en-GB"},{"@type":"Organization","@id":"https:\/\/dev1.jogapiekna.com\/#organization","name":"Yoga Beauty Marta Kuci\u0144ska","url":"https:\/\/dev1.jogapiekna.com\/","logo":{"@type":"ImageObject","inLanguage":"en-GB","@id":"https:\/\/dev1.jogapiekna.com\/#\/schema\/logo\/image\/","url":"https:\/\/dev1.jogapiekna.com\/wp-content\/uploads\/2022\/09\/joga-piekna-logo_Rka.png","contentUrl":"https:\/\/dev1.jogapiekna.com\/wp-content\/uploads\/2022\/09\/joga-piekna-logo_Rka.png","width":231,"height":124,"caption":"Joga Pi\u0119kna Marta Kuci\u0144ska"},"image":{"@id":"https:\/\/dev1.jogapiekna.com\/#\/schema\/logo\/image\/"},"sameAs":["https:\/\/www.facebook.com\/JogaPieknaCom\/","https:\/\/www.instagram.com\/jogapieknacom\/"]}]}},"_links":{"self":[{"href":"https:\/\/dev1.jogapiekna.com\/en\/wp-json\/wp\/v2\/product\/195414","targetHints":{"allow":["GET"]}}],"collection":[{"href":"https:\/\/dev1.jogapiekna.com\/en\/wp-json\/wp\/v2\/product"}],"about":[{"href":"https:\/\/dev1.jogapiekna.com\/en\/wp-json\/wp\/v2\/types\/product"}],"replies":[{"embeddable":true,"href":"https:\/\/dev1.jogapiekna.com\/en\/wp-json\/wp\/v2\/comments?post=195414"}],"version-history":[{"count":1,"href":"https:\/\/dev1.jogapiekna.com\/en\/wp-json\/wp\/v2\/product\/195414\/revisions"}],"predecessor-version":[{"id":214680,"href":"https:\/\/dev1.jogapiekna.com\/en\/wp-json\/wp\/v2\/product\/195414\/revisions\/214680"}],"wp:featuredmedia":[{"embeddable":true,"href":"https:\/\/dev1.jogapiekna.com\/en\/wp-json\/wp\/v2\/media\/195417"}],"wp:attachment":[{"href":"https:\/\/dev1.jogapiekna.com\/en\/wp-json\/wp\/v2\/media?parent=195414"}],"wp:term":[{"taxonomy":"product_brand","embeddable":true,"href":"https:\/\/dev1.jogapiekna.com\/en\/wp-json\/wp\/v2\/product_brand?post=195414"},{"taxonomy":"product_cat","embeddable":true,"href":"https:\/\/dev1.jogapiekna.com\/en\/wp-json\/wp\/v2\/product_cat?post=195414"},{"taxonomy":"product_tag","embeddable":true,"href":"https:\/\/dev1.jogapiekna.com\/en\/wp-json\/wp\/v2\/product_tag?post=195414"}],"curies":[{"name":"wp","href":"https:\/\/api.w.org\/{rel}","templated":true}]}}