{"id":195067,"date":"2025-04-23T00:43:03","date_gmt":"2025-04-22T22:43:03","guid":{"rendered":"https:\/\/dev1.jogapiekna.com?post_type=product&#038;p=195067"},"modified":"2026-01-28T22:09:06","modified_gmt":"2026-01-28T21:09:06","slug":"bonduc-nut-menopauza-60-kapsulek-vanan","status":"publish","type":"product","link":"https:\/\/dev1.jogapiekna.com\/en\/product\/bonduc-nut-menopauza-60-kapsulek-vanan\/","title":{"rendered":"Bonduc Nut - Menopause - 60 Capsules - Vanan"},"content":{"rendered":"<h2>Vanan Bonduc Nut - a supplement to support women's health and alleviate menopausal symptoms<\/h2>\n<p>Vanan Bonduc Nut capsules are a dietary supplement that benefits from the Ayurvedic herb Caesalpinia bonduc - a plant prized for its antimenopausal properties and support for women's health. Used for centuries in traditional Indian medicine, the seeds of this plant have unique adaptogenic properties that help to maintain hormonal balance and alleviate symptoms associated with menopause, such as hot flashes, night sweats, mood swings and reduced libido.<\/p>\n<p>Thanks to the presence of Caesalpinia bonduc seed extracts, the supplement also supports the health of the digestive system, reducing bloating, abdominal pain and other intestinal complaints, improving daily comfort. Its action is supported by the presence of black pepper extract, which increases the absorption of the active ingredients.<\/p>\n<p>&nbsp;<\/p>\n<h2>Benefits<\/h2>\n<ul>\n<li>Alleviates menopausal symptoms including hot flashes, night sweats and mood swings<\/li>\n<li>Helps maintain hormonal balance<\/li>\n<li>Has an antimicrobial effect, supporting the health of the immune system<\/li>\n<li>Relieves digestive discomfort, reduces bloating, abdominal pain and intestinal discomfort<\/li>\n<\/ul>\n<p>&nbsp;<\/p>\n<h2>Active ingredients<\/h2>\n<ul>\n<li><strong>Caesalpinia bonduc seed extract<\/strong> - supports hormone balance and women's health<\/li>\n<li><strong>Black pepper seed extract<\/strong> - improves bioavailability of active ingredients<\/li>\n<li><strong>Auxiliary substances<\/strong> - microcrystalline cellulose, hydroxypropyl methyl cellulose, silicon dioxide and other natural substances that ensure effective and safe action<\/li>\n<\/ul>\n<p><strong>Recommended dosage:<\/strong><br \/>\n1 capsule daily, preferably with a meal.<\/p>\n<p>&nbsp;<\/p>\n<h3>Certificates<\/h3>\n<p>\u2714 Vegan product<br \/>\n\u2714 GMO-free<br \/>\n\u2714 Kosher<br \/>\n\u2714 Halal<br \/>\n\u2714 GMP-compliant production<\/p>\n<p>No artificial preservatives, flavours or colours<br \/>\nFree of sugar, salt, yeast, wheat, soy, gluten and dairy products<\/p>\n<p>&nbsp;<\/p>\n<h3>Storage:<\/h3>\n<p>Keep out of the reach of children, protect from light and moisture.<\/p>\n<p>&nbsp;<\/p>\n<h3>Contraindications:<\/h3>\n<ul>\n<li>Do not use if pregnant or breastfeeding.<\/li>\n<li>Consult your doctor if you are taking anticoagulants at the same time.<\/li>\n<li>The product is not intended for children.<\/li>\n<\/ul>\n<p>The dietary supplement must not be used as a substitute for a varied diet. Follow dosage recommendations and maintain a healthy lifestyle. Consult your doctor or pharmacist in case of any doubt or interaction with other medicines.<\/p>","protected":false},"excerpt":{"rendered":"<p>Bonduc Nut is a natural supplement that supports the female body during menopause, relieving symptoms and supporting hormonal balance. Thanks to its antimicrobial properties, it also benefits the digestive system, reducing bloating, abdominal pain and intestinal discomfort. It is an ideal choice for women looking for natural support during this important stage of life.<\/p>\n<p><strong>Benefits:<\/strong><\/p>\n<ul>\n<li>Alleviates menopausal symptoms<\/li>\n<li>Supports hormone balance<\/li>\n<li>Has an antibacterial effect<\/li>\n<li>Reduces bloating, abdominal pain and intestinal discomfort<\/li>\n<\/ul>\n<p>100% vegan, allergen-free<br \/>\nCapacity: 60 capsules (2 months of use)<\/p>\n<p><strong>EXPIRY DATE: 03\/2026!!!<\/strong><\/p>","protected":false},"featured_media":195068,"comment_status":"closed","ping_status":"closed","template":"","meta":{"_acf_changed":false,"site-sidebar-layout":"default","site-content-layout":"","ast-site-content-layout":"default","site-content-style":"default","site-sidebar-style":"default","ast-global-header-display":"","ast-banner-title-visibility":"","ast-main-header-display":"","ast-hfb-above-header-display":"","ast-hfb-below-header-display":"","ast-hfb-mobile-header-display":"","site-post-title":"","ast-breadcrumbs-content":"","ast-featured-img":"","footer-sml-layout":"","ast-disable-related-posts":"","theme-transparent-header-meta":"default","adv-header-id-meta":"","stick-header-meta":"","header-above-stick-meta":"","header-main-stick-meta":"","header-below-stick-meta":"","astra-migrate-meta-layouts":"set","ast-page-background-enabled":"default","ast-page-background-meta":{"desktop":{"background-color":"var(--ast-global-color-5)","background-image":"","background-repeat":"repeat","background-position":"center center","background-size":"auto","background-attachment":"scroll","background-type":"","background-media":"","overlay-type":"","overlay-color":"","overlay-opacity":"","overlay-gradient":""},"tablet":{"background-color":"","background-image":"","background-repeat":"repeat","background-position":"center center","background-size":"auto","background-attachment":"scroll","background-type":"","background-media":"","overlay-type":"","overlay-color":"","overlay-opacity":"","overlay-gradient":""},"mobile":{"background-color":"","background-image":"","background-repeat":"repeat","background-position":"center center","background-size":"auto","background-attachment":"scroll","background-type":"","background-media":"","overlay-type":"","overlay-color":"","overlay-opacity":"","overlay-gradient":""}},"ast-content-background-meta":{"desktop":{"background-color":"var(--ast-global-color-4)","background-image":"","background-repeat":"repeat","background-position":"center center","background-size":"auto","background-attachment":"scroll","background-type":"","background-media":"","overlay-type":"","overlay-color":"","overlay-opacity":"","overlay-gradient":""},"tablet":{"background-color":"var(--ast-global-color-4)","background-image":"","background-repeat":"repeat","background-position":"center center","background-size":"auto","background-attachment":"scroll","background-type":"","background-media":"","overlay-type":"","overlay-color":"","overlay-opacity":"","overlay-gradient":""},"mobile":{"background-color":"var(--ast-global-color-4)","background-image":"","background-repeat":"repeat","background-position":"center center","background-size":"auto","background-attachment":"scroll","background-type":"","background-media":"","overlay-type":"","overlay-color":"","overlay-opacity":"","overlay-gradient":""}}},"product_brand":[],"product_cat":[639],"product_tag":[886,444],"class_list":{"0":"post-195067","1":"product","2":"type-product","3":"status-publish","4":"has-post-thumbnail","6":"product_cat-suplementy","7":"product_tag-lagodzi-objawy-menopauzy","8":"product_tag-uklad-trawienny","9":"desktop-align-left","10":"tablet-align-left","11":"mobile-align-left","13":"first","14":"outofstock","15":"sale","16":"taxable","17":"shipping-taxable","18":"purchasable","19":"product-type-simple"},"acf":[],"yoast_head":"<!-- This site is optimized with the Yoast SEO plugin v27.1.1 - https:\/\/yoast.com\/product\/yoast-seo-wordpress\/ -->\n<title>Bonduc Nut \u2022 Menopauza \u2022 60 Kapsu\u0142ek \u2022 Vanan<\/title>\n<meta name=\"description\" content=\"Bonduc Nut to naturalny suplement, kt\u00f3ry wspiera kobiece cia\u0142o podczas menopauzy, \u0142agodz\u0105c jej objawy i wspomagaj\u0105c r\u00f3wnowag\u0119 hormonaln\u0105. Dzi\u0119ki w\u0142a\u015bciwo\u015bciom przeciwbakteryjnym, dzia\u0142a r\u00f3wnie\u017c korzystnie na uk\u0142ad trawienny.\" \/>\n<meta name=\"robots\" content=\"index, follow, max-snippet:-1, max-image-preview:large, max-video-preview:-1\" \/>\n<link rel=\"canonical\" href=\"https:\/\/dev1.jogapiekna.com\/en\/product\/bonduc-nut-menopauza-60-kapsulek-vanan\/\" \/>\n<meta property=\"og:locale\" content=\"en_GB\" \/>\n<meta property=\"og:type\" content=\"article\" \/>\n<meta property=\"og:title\" content=\"Bonduc Nut \u2022 Menopauza \u2022 60 Kapsu\u0142ek \u2022 Vanan\" \/>\n<meta property=\"og:description\" content=\"Bonduc Nut to naturalny suplement, kt\u00f3ry wspiera kobiece cia\u0142o podczas menopauzy, \u0142agodz\u0105c jej objawy i wspomagaj\u0105c r\u00f3wnowag\u0119 hormonaln\u0105. Dzi\u0119ki w\u0142a\u015bciwo\u015bciom przeciwbakteryjnym, dzia\u0142a r\u00f3wnie\u017c korzystnie na uk\u0142ad trawienny.\" \/>\n<meta property=\"og:url\" content=\"https:\/\/dev1.jogapiekna.com\/en\/product\/bonduc-nut-menopauza-60-kapsulek-vanan\/\" \/>\n<meta property=\"og:site_name\" content=\"JOGA PI\u0118KNA | Joga Twarzy\" \/>\n<meta property=\"article:publisher\" content=\"https:\/\/www.facebook.com\/JogaPieknaCom\/\" \/>\n<meta property=\"article:modified_time\" content=\"2026-01-28T21:09:06+00:00\" \/>\n<meta property=\"og:image\" content=\"https:\/\/dev1.jogapiekna.com\/wp-content\/uploads\/2025\/04\/bonduc-nut-menopauza-60-kapsulek-vanan.jpg\" \/>\n\t<meta property=\"og:image:width\" content=\"1000\" \/>\n\t<meta property=\"og:image:height\" content=\"1000\" \/>\n\t<meta property=\"og:image:type\" content=\"image\/jpeg\" \/>\n<meta name=\"twitter:card\" content=\"summary_large_image\" \/>\n<meta name=\"twitter:label1\" content=\"Estimated reading time\" \/>\n\t<meta name=\"twitter:data1\" content=\"2 minutes\" \/>\n<script type=\"application\/ld+json\" class=\"yoast-schema-graph\">{\"@context\":\"https:\/\/schema.org\",\"@graph\":[{\"@type\":\"WebPage\",\"@id\":\"https:\/\/dev1.jogapiekna.com\/produkt\/bonduc-nut-menopauza-60-kapsulek-vanan\/\",\"url\":\"https:\/\/dev1.jogapiekna.com\/produkt\/bonduc-nut-menopauza-60-kapsulek-vanan\/\",\"name\":\"Bonduc Nut \u2022 Menopauza \u2022 60 Kapsu\u0142ek \u2022 Vanan\",\"isPartOf\":{\"@id\":\"https:\/\/dev1.jogapiekna.com\/#website\"},\"primaryImageOfPage\":{\"@id\":\"https:\/\/dev1.jogapiekna.com\/produkt\/bonduc-nut-menopauza-60-kapsulek-vanan\/#primaryimage\"},\"image\":{\"@id\":\"https:\/\/dev1.jogapiekna.com\/produkt\/bonduc-nut-menopauza-60-kapsulek-vanan\/#primaryimage\"},\"thumbnailUrl\":\"https:\/\/dev1.jogapiekna.com\/wp-content\/uploads\/2025\/04\/bonduc-nut-menopauza-60-kapsulek-vanan.jpg\",\"datePublished\":\"2025-04-22T22:43:03+00:00\",\"dateModified\":\"2026-01-28T21:09:06+00:00\",\"description\":\"Bonduc Nut to naturalny suplement, kt\u00f3ry wspiera kobiece cia\u0142o podczas menopauzy, \u0142agodz\u0105c jej objawy i wspomagaj\u0105c r\u00f3wnowag\u0119 hormonaln\u0105. Dzi\u0119ki w\u0142a\u015bciwo\u015bciom przeciwbakteryjnym, dzia\u0142a r\u00f3wnie\u017c korzystnie na uk\u0142ad trawienny.\",\"breadcrumb\":{\"@id\":\"https:\/\/dev1.jogapiekna.com\/produkt\/bonduc-nut-menopauza-60-kapsulek-vanan\/#breadcrumb\"},\"inLanguage\":\"en-GB\",\"potentialAction\":[{\"@type\":\"ReadAction\",\"target\":[\"https:\/\/dev1.jogapiekna.com\/produkt\/bonduc-nut-menopauza-60-kapsulek-vanan\/\"]}]},{\"@type\":\"ImageObject\",\"inLanguage\":\"en-GB\",\"@id\":\"https:\/\/dev1.jogapiekna.com\/produkt\/bonduc-nut-menopauza-60-kapsulek-vanan\/#primaryimage\",\"url\":\"https:\/\/dev1.jogapiekna.com\/wp-content\/uploads\/2025\/04\/bonduc-nut-menopauza-60-kapsulek-vanan.jpg\",\"contentUrl\":\"https:\/\/dev1.jogapiekna.com\/wp-content\/uploads\/2025\/04\/bonduc-nut-menopauza-60-kapsulek-vanan.jpg\",\"width\":1000,\"height\":1000,\"caption\":\"Bonduc Nut \u2013 Menopauza \u2013 60 Kapsu\u0142ek | Vanan\"},{\"@type\":\"BreadcrumbList\",\"@id\":\"https:\/\/dev1.jogapiekna.com\/produkt\/bonduc-nut-menopauza-60-kapsulek-vanan\/#breadcrumb\",\"itemListElement\":[{\"@type\":\"ListItem\",\"position\":1,\"name\":\"Strona g\u0142\u00f3wna\",\"item\":\"https:\/\/dev1.jogapiekna.com\/\"},{\"@type\":\"ListItem\",\"position\":2,\"name\":\"Sklep\",\"item\":\"https:\/\/dev1.jogapiekna.com\/sklep\/\"},{\"@type\":\"ListItem\",\"position\":3,\"name\":\"Bonduc Nut \u2022 Menopauza \u2022 60 Kapsu\u0142ek \u2022 Vanan\"}]},{\"@type\":\"WebSite\",\"@id\":\"https:\/\/dev1.jogapiekna.com\/#website\",\"url\":\"https:\/\/dev1.jogapiekna.com\/\",\"name\":\"Joga Pi\u0119kna Marta Kuci\u0144ska\",\"description\":\"Joga Pi\u0119kna pomaga kobietom zachowa\u0107 urod\u0119, cofn\u0105\u0107 oznaki up\u0142ywaj\u0105cego czasu i zm\u0119czenia, odzyska\u0107 promienny wygl\u0105d, naturalny u\u015bmiech i popraw\u0119 w\u0142asnej samooceny.\",\"publisher\":{\"@id\":\"https:\/\/dev1.jogapiekna.com\/#organization\"},\"potentialAction\":[{\"@type\":\"SearchAction\",\"target\":{\"@type\":\"EntryPoint\",\"urlTemplate\":\"https:\/\/dev1.jogapiekna.com\/?s={search_term_string}\"},\"query-input\":{\"@type\":\"PropertyValueSpecification\",\"valueRequired\":true,\"valueName\":\"search_term_string\"}}],\"inLanguage\":\"en-GB\"},{\"@type\":\"Organization\",\"@id\":\"https:\/\/dev1.jogapiekna.com\/#organization\",\"name\":\"Joga Pi\u0119kna Marta Kuci\u0144ska\",\"url\":\"https:\/\/dev1.jogapiekna.com\/\",\"logo\":{\"@type\":\"ImageObject\",\"inLanguage\":\"en-GB\",\"@id\":\"https:\/\/dev1.jogapiekna.com\/#\/schema\/logo\/image\/\",\"url\":\"https:\/\/dev1.jogapiekna.com\/wp-content\/uploads\/2022\/09\/joga-piekna-logo_Rka.png\",\"contentUrl\":\"https:\/\/dev1.jogapiekna.com\/wp-content\/uploads\/2022\/09\/joga-piekna-logo_Rka.png\",\"width\":231,\"height\":124,\"caption\":\"Joga Pi\u0119kna Marta Kuci\u0144ska\"},\"image\":{\"@id\":\"https:\/\/dev1.jogapiekna.com\/#\/schema\/logo\/image\/\"},\"sameAs\":[\"https:\/\/www.facebook.com\/JogaPieknaCom\/\",\"https:\/\/www.instagram.com\/jogapieknacom\/\"]}]}<\/script>\n<!-- \/ Yoast SEO plugin. -->","yoast_head_json":{"title":"Bonduc Nut - Menopause - 60 Capsules - Vanan","description":"Bonduc Nut to naturalny suplement, kt\u00f3ry wspiera kobiece cia\u0142o podczas menopauzy, \u0142agodz\u0105c jej objawy i wspomagaj\u0105c r\u00f3wnowag\u0119 hormonaln\u0105. Dzi\u0119ki w\u0142a\u015bciwo\u015bciom przeciwbakteryjnym, dzia\u0142a r\u00f3wnie\u017c korzystnie na uk\u0142ad trawienny.","robots":{"index":"index","follow":"follow","max-snippet":"max-snippet:-1","max-image-preview":"max-image-preview:large","max-video-preview":"max-video-preview:-1"},"canonical":"https:\/\/dev1.jogapiekna.com\/en\/product\/bonduc-nut-menopauza-60-kapsulek-vanan\/","og_locale":"en_GB","og_type":"article","og_title":"Bonduc Nut \u2022 Menopauza \u2022 60 Kapsu\u0142ek \u2022 Vanan","og_description":"Bonduc Nut to naturalny suplement, kt\u00f3ry wspiera kobiece cia\u0142o podczas menopauzy, \u0142agodz\u0105c jej objawy i wspomagaj\u0105c r\u00f3wnowag\u0119 hormonaln\u0105. Dzi\u0119ki w\u0142a\u015bciwo\u015bciom przeciwbakteryjnym, dzia\u0142a r\u00f3wnie\u017c korzystnie na uk\u0142ad trawienny.","og_url":"https:\/\/dev1.jogapiekna.com\/en\/product\/bonduc-nut-menopauza-60-kapsulek-vanan\/","og_site_name":"JOGA PI\u0118KNA | Joga Twarzy","article_publisher":"https:\/\/www.facebook.com\/JogaPieknaCom\/","article_modified_time":"2026-01-28T21:09:06+00:00","og_image":[{"width":1000,"height":1000,"url":"https:\/\/dev1.jogapiekna.com\/wp-content\/uploads\/2025\/04\/bonduc-nut-menopauza-60-kapsulek-vanan.jpg","type":"image\/jpeg"}],"twitter_card":"summary_large_image","twitter_misc":{"Estimated reading time":"2 minutes"},"schema":{"@context":"https:\/\/schema.org","@graph":[{"@type":"WebPage","@id":"https:\/\/dev1.jogapiekna.com\/produkt\/bonduc-nut-menopauza-60-kapsulek-vanan\/","url":"https:\/\/dev1.jogapiekna.com\/produkt\/bonduc-nut-menopauza-60-kapsulek-vanan\/","name":"Bonduc Nut - Menopause - 60 Capsules - Vanan","isPartOf":{"@id":"https:\/\/dev1.jogapiekna.com\/#website"},"primaryImageOfPage":{"@id":"https:\/\/dev1.jogapiekna.com\/produkt\/bonduc-nut-menopauza-60-kapsulek-vanan\/#primaryimage"},"image":{"@id":"https:\/\/dev1.jogapiekna.com\/produkt\/bonduc-nut-menopauza-60-kapsulek-vanan\/#primaryimage"},"thumbnailUrl":"https:\/\/dev1.jogapiekna.com\/wp-content\/uploads\/2025\/04\/bonduc-nut-menopauza-60-kapsulek-vanan.jpg","datePublished":"2025-04-22T22:43:03+00:00","dateModified":"2026-01-28T21:09:06+00:00","description":"Bonduc Nut to naturalny suplement, kt\u00f3ry wspiera kobiece cia\u0142o podczas menopauzy, \u0142agodz\u0105c jej objawy i wspomagaj\u0105c r\u00f3wnowag\u0119 hormonaln\u0105. Dzi\u0119ki w\u0142a\u015bciwo\u015bciom przeciwbakteryjnym, dzia\u0142a r\u00f3wnie\u017c korzystnie na uk\u0142ad trawienny.","breadcrumb":{"@id":"https:\/\/dev1.jogapiekna.com\/produkt\/bonduc-nut-menopauza-60-kapsulek-vanan\/#breadcrumb"},"inLanguage":"en-GB","potentialAction":[{"@type":"ReadAction","target":["https:\/\/dev1.jogapiekna.com\/produkt\/bonduc-nut-menopauza-60-kapsulek-vanan\/"]}]},{"@type":"ImageObject","inLanguage":"en-GB","@id":"https:\/\/dev1.jogapiekna.com\/produkt\/bonduc-nut-menopauza-60-kapsulek-vanan\/#primaryimage","url":"https:\/\/dev1.jogapiekna.com\/wp-content\/uploads\/2025\/04\/bonduc-nut-menopauza-60-kapsulek-vanan.jpg","contentUrl":"https:\/\/dev1.jogapiekna.com\/wp-content\/uploads\/2025\/04\/bonduc-nut-menopauza-60-kapsulek-vanan.jpg","width":1000,"height":1000,"caption":"Bonduc Nut \u2013 Menopauza \u2013 60 Kapsu\u0142ek | Vanan"},{"@type":"BreadcrumbList","@id":"https:\/\/dev1.jogapiekna.com\/produkt\/bonduc-nut-menopauza-60-kapsulek-vanan\/#breadcrumb","itemListElement":[{"@type":"ListItem","position":1,"name":"Strona g\u0142\u00f3wna","item":"https:\/\/dev1.jogapiekna.com\/"},{"@type":"ListItem","position":2,"name":"Sklep","item":"https:\/\/dev1.jogapiekna.com\/sklep\/"},{"@type":"ListItem","position":3,"name":"Bonduc Nut \u2022 Menopauza \u2022 60 Kapsu\u0142ek \u2022 Vanan"}]},{"@type":"WebSite","@id":"https:\/\/dev1.jogapiekna.com\/#website","url":"https:\/\/dev1.jogapiekna.com\/","name":"Yoga Beauty Marta Kuci\u0144ska","description":"Beauty Yoga helps women to maintain their beauty, reverse the signs of passing time and fatigue, regain a radiant appearance, natural smile and improve their self-esteem.","publisher":{"@id":"https:\/\/dev1.jogapiekna.com\/#organization"},"potentialAction":[{"@type":"SearchAction","target":{"@type":"EntryPoint","urlTemplate":"https:\/\/dev1.jogapiekna.com\/?s={search_term_string}"},"query-input":{"@type":"PropertyValueSpecification","valueRequired":true,"valueName":"search_term_string"}}],"inLanguage":"en-GB"},{"@type":"Organization","@id":"https:\/\/dev1.jogapiekna.com\/#organization","name":"Yoga Beauty Marta Kuci\u0144ska","url":"https:\/\/dev1.jogapiekna.com\/","logo":{"@type":"ImageObject","inLanguage":"en-GB","@id":"https:\/\/dev1.jogapiekna.com\/#\/schema\/logo\/image\/","url":"https:\/\/dev1.jogapiekna.com\/wp-content\/uploads\/2022\/09\/joga-piekna-logo_Rka.png","contentUrl":"https:\/\/dev1.jogapiekna.com\/wp-content\/uploads\/2022\/09\/joga-piekna-logo_Rka.png","width":231,"height":124,"caption":"Joga Pi\u0119kna Marta Kuci\u0144ska"},"image":{"@id":"https:\/\/dev1.jogapiekna.com\/#\/schema\/logo\/image\/"},"sameAs":["https:\/\/www.facebook.com\/JogaPieknaCom\/","https:\/\/www.instagram.com\/jogapieknacom\/"]}]}},"_links":{"self":[{"href":"https:\/\/dev1.jogapiekna.com\/en\/wp-json\/wp\/v2\/product\/195067","targetHints":{"allow":["GET"]}}],"collection":[{"href":"https:\/\/dev1.jogapiekna.com\/en\/wp-json\/wp\/v2\/product"}],"about":[{"href":"https:\/\/dev1.jogapiekna.com\/en\/wp-json\/wp\/v2\/types\/product"}],"replies":[{"embeddable":true,"href":"https:\/\/dev1.jogapiekna.com\/en\/wp-json\/wp\/v2\/comments?post=195067"}],"version-history":[{"count":2,"href":"https:\/\/dev1.jogapiekna.com\/en\/wp-json\/wp\/v2\/product\/195067\/revisions"}],"predecessor-version":[{"id":214682,"href":"https:\/\/dev1.jogapiekna.com\/en\/wp-json\/wp\/v2\/product\/195067\/revisions\/214682"}],"wp:featuredmedia":[{"embeddable":true,"href":"https:\/\/dev1.jogapiekna.com\/en\/wp-json\/wp\/v2\/media\/195068"}],"wp:attachment":[{"href":"https:\/\/dev1.jogapiekna.com\/en\/wp-json\/wp\/v2\/media?parent=195067"}],"wp:term":[{"taxonomy":"product_brand","embeddable":true,"href":"https:\/\/dev1.jogapiekna.com\/en\/wp-json\/wp\/v2\/product_brand?post=195067"},{"taxonomy":"product_cat","embeddable":true,"href":"https:\/\/dev1.jogapiekna.com\/en\/wp-json\/wp\/v2\/product_cat?post=195067"},{"taxonomy":"product_tag","embeddable":true,"href":"https:\/\/dev1.jogapiekna.com\/en\/wp-json\/wp\/v2\/product_tag?post=195067"}],"curies":[{"name":"wp","href":"https:\/\/api.w.org\/{rel}","templated":true}]}}