{"id":195055,"date":"2025-04-22T23:48:04","date_gmt":"2025-04-22T21:48:04","guid":{"rendered":"https:\/\/dev1.jogapiekna.com?post_type=product&#038;p=195055"},"modified":"2026-01-14T13:21:28","modified_gmt":"2026-01-14T12:21:28","slug":"methi-metabolizm-regulacja-poziomu-cukru-60-kapsulek-vanan","status":"publish","type":"product","link":"https:\/\/dev1.jogapiekna.com\/en\/product\/methi-metabolizm-regulacja-poziomu-cukru-60-kapsulek-vanan\/","title":{"rendered":"Methi - metabolism - sugar regulation - 60 capsules - Vanan"},"content":{"rendered":"<h2>Vanan Methi - Supplement to support metabolism and blood sugar regulation<\/h2>\n<p>Vanan Methi is a high quality dietary supplement that supports<br \/>\nmetabolism and helps to maintain normal blood sugar levels.<br \/>\nThe product contains fenugreek seed extract (Trigonella<br \/>\nfoenum-graecum), which is valued for its supportive properties<br \/>\ndigestion, as well as regulating glucose and fat levels in the body.<br \/>\nThanks to the traditional power of the Ayurvedic ingredient, the supplement contributes to<br \/>\nto improve metabolic balance, supporting everyday health.<\/p>\n<p>&nbsp;<\/p>\n<h2>Benefits<\/h2>\n<ul>\n<li>Supports metabolism, including fat metabolism<\/li>\n<li>Contributes to maintaining normal blood sugar levels<\/li>\n<li>Product 100% vegan, no artificial preservatives, flavours or fragrances<\/li>\n<li>Certificates: Vegan, Kosher, Halal, GMP<\/li>\n<li>Suitable for people on gluten-free, vegan, dairy-free and wheat-free diets<\/li>\n<\/ul>\n<p>&nbsp;<\/p>\n<h2>Recommended dosage<\/h2>\n<p>1 capsule daily, preferably with a meal.<\/p>\n<p>&nbsp;<\/p>\n<h2>Composition<\/h2>\n<ul>\n<li>Fenugreek seed extract (Trigonella foenum-graecum) - 290 mg<\/li>\n<li>Vegan capsule: hydroxypropyl methylcellulose, microcrystalline cellulose, sodium carboxymethylcellulose<\/li>\n<li>Other ingredients: magnesium salts of fatty acids, talc, silicon dioxide<\/li>\n<\/ul>\n<p>&nbsp;<\/p>\n<h3>Warnings and contraindications:<\/h3>\n<ul>\n<li>The product is not intended for pregnant or lactating women.<\/li>\n<li>Consult your doctor if you are taking anticoagulants or diabetes medication.<\/li>\n<li>The product is not intended for children.<\/li>\n<\/ul>\n<p>&nbsp;<\/p>\n<h3>Storage:<\/h3>\n<p>Keep out of the reach of children, protect from light and moisture.<\/p>\n<p>The product does not contain GMOs.<\/p>\n<p>Vanan Methi is a natural support for your body to help maintain metabolic balance and health, based on traditional Ayurvedic ingredients. Ideal for those looking for an effective vegan alternative to support metabolism and blood sugar levels.<\/p>","protected":false},"excerpt":{"rendered":"<ul>\n<li>A supplement to support metabolism and blood sugar control.<\/li>\n<li>Aids in the proper metabolism of fats.<\/li>\n<li>Supports the maintenance of healthy blood sugar levels<\/li>\n<\/ul>\n<p>100% vegan, allergen-free<\/p>\n<p><strong>Container:<\/strong> 60 capsules (2 months of use)<\/p>\n<p>EXPIRY DATE: 03\/2026<\/p>","protected":false},"featured_media":195056,"comment_status":"closed","ping_status":"closed","template":"","meta":{"_acf_changed":false,"site-sidebar-layout":"default","site-content-layout":"","ast-site-content-layout":"default","site-content-style":"default","site-sidebar-style":"default","ast-global-header-display":"","ast-banner-title-visibility":"","ast-main-header-display":"","ast-hfb-above-header-display":"","ast-hfb-below-header-display":"","ast-hfb-mobile-header-display":"","site-post-title":"","ast-breadcrumbs-content":"","ast-featured-img":"","footer-sml-layout":"","ast-disable-related-posts":"","theme-transparent-header-meta":"default","adv-header-id-meta":"","stick-header-meta":"","header-above-stick-meta":"","header-main-stick-meta":"","header-below-stick-meta":"","astra-migrate-meta-layouts":"set","ast-page-background-enabled":"default","ast-page-background-meta":{"desktop":{"background-color":"var(--ast-global-color-5)","background-image":"","background-repeat":"repeat","background-position":"center center","background-size":"auto","background-attachment":"scroll","background-type":"","background-media":"","overlay-type":"","overlay-color":"","overlay-opacity":"","overlay-gradient":""},"tablet":{"background-color":"","background-image":"","background-repeat":"repeat","background-position":"center center","background-size":"auto","background-attachment":"scroll","background-type":"","background-media":"","overlay-type":"","overlay-color":"","overlay-opacity":"","overlay-gradient":""},"mobile":{"background-color":"","background-image":"","background-repeat":"repeat","background-position":"center center","background-size":"auto","background-attachment":"scroll","background-type":"","background-media":"","overlay-type":"","overlay-color":"","overlay-opacity":"","overlay-gradient":""}},"ast-content-background-meta":{"desktop":{"background-color":"var(--ast-global-color-4)","background-image":"","background-repeat":"repeat","background-position":"center center","background-size":"auto","background-attachment":"scroll","background-type":"","background-media":"","overlay-type":"","overlay-color":"","overlay-opacity":"","overlay-gradient":""},"tablet":{"background-color":"var(--ast-global-color-4)","background-image":"","background-repeat":"repeat","background-position":"center center","background-size":"auto","background-attachment":"scroll","background-type":"","background-media":"","overlay-type":"","overlay-color":"","overlay-opacity":"","overlay-gradient":""},"mobile":{"background-color":"var(--ast-global-color-4)","background-image":"","background-repeat":"repeat","background-position":"center center","background-size":"auto","background-attachment":"scroll","background-type":"","background-media":"","overlay-type":"","overlay-color":"","overlay-opacity":"","overlay-gradient":""}}},"product_brand":[],"product_cat":[639],"product_tag":[445,885],"class_list":{"0":"post-195055","1":"product","2":"type-product","3":"status-publish","4":"has-post-thumbnail","6":"product_cat-suplementy","7":"product_tag-metabolizm","8":"product_tag-regulacja-poziomu-cukru","9":"desktop-align-left","10":"tablet-align-left","11":"mobile-align-left","13":"first","14":"instock","15":"sale","16":"taxable","17":"shipping-taxable","18":"purchasable","19":"product-type-simple"},"acf":[],"yoast_head":"<!-- This site is optimized with the Yoast SEO plugin v27.1.1 - https:\/\/yoast.com\/product\/yoast-seo-wordpress\/ -->\n<title>Methi \u2022 Metabolizm, Regulacja Poziomu Cukru \u2022 60 Kapsu\u0142ek \u2022 Vanan<\/title>\n<meta name=\"description\" content=\"Suplement wspieraj\u0105cy metabolizm i kontrol\u0119 poziomu cukru we krwi. Pomaga w prawid\u0142owym metabolizmie t\u0142uszcz\u00f3w.\" \/>\n<meta name=\"robots\" content=\"index, follow, max-snippet:-1, max-image-preview:large, max-video-preview:-1\" \/>\n<link rel=\"canonical\" href=\"https:\/\/dev1.jogapiekna.com\/en\/product\/methi-metabolizm-regulacja-poziomu-cukru-60-kapsulek-vanan\/\" \/>\n<meta property=\"og:locale\" content=\"en_GB\" \/>\n<meta property=\"og:type\" content=\"article\" \/>\n<meta property=\"og:title\" content=\"Methi \u2022 Metabolizm, Regulacja Poziomu Cukru \u2022 60 Kapsu\u0142ek \u2022 Vanan\" \/>\n<meta property=\"og:description\" content=\"Suplement wspieraj\u0105cy metabolizm i kontrol\u0119 poziomu cukru we krwi. Pomaga w prawid\u0142owym metabolizmie t\u0142uszcz\u00f3w.\" \/>\n<meta property=\"og:url\" content=\"https:\/\/dev1.jogapiekna.com\/en\/product\/methi-metabolizm-regulacja-poziomu-cukru-60-kapsulek-vanan\/\" \/>\n<meta property=\"og:site_name\" content=\"JOGA PI\u0118KNA | Joga Twarzy\" \/>\n<meta property=\"article:publisher\" content=\"https:\/\/www.facebook.com\/JogaPieknaCom\/\" \/>\n<meta property=\"article:modified_time\" content=\"2026-01-14T12:21:28+00:00\" \/>\n<meta property=\"og:image\" content=\"https:\/\/dev1.jogapiekna.com\/wp-content\/uploads\/2025\/04\/methi-metabolizm-regulacja-poziomu-cukru-60-kapsulek-vanan.jpg\" \/>\n\t<meta property=\"og:image:width\" content=\"1000\" \/>\n\t<meta property=\"og:image:height\" content=\"1000\" \/>\n\t<meta property=\"og:image:type\" content=\"image\/jpeg\" \/>\n<meta name=\"twitter:card\" content=\"summary_large_image\" \/>\n<meta name=\"twitter:label1\" content=\"Estimated reading time\" \/>\n\t<meta name=\"twitter:data1\" content=\"2 minutes\" \/>\n<script type=\"application\/ld+json\" class=\"yoast-schema-graph\">{\"@context\":\"https:\/\/schema.org\",\"@graph\":[{\"@type\":\"WebPage\",\"@id\":\"https:\/\/dev1.jogapiekna.com\/en\/product\/methi-metabolizm-regulacja-poziomu-cukru-60-kapsulek-vanan\/\",\"url\":\"https:\/\/dev1.jogapiekna.com\/en\/product\/methi-metabolizm-regulacja-poziomu-cukru-60-kapsulek-vanan\/\",\"name\":\"Methi \u2022 Metabolizm, Regulacja Poziomu Cukru \u2022 60 Kapsu\u0142ek \u2022 Vanan\",\"isPartOf\":{\"@id\":\"https:\/\/dev1.jogapiekna.com\/#website\"},\"primaryImageOfPage\":{\"@id\":\"https:\/\/dev1.jogapiekna.com\/en\/product\/methi-metabolizm-regulacja-poziomu-cukru-60-kapsulek-vanan\/#primaryimage\"},\"image\":{\"@id\":\"https:\/\/dev1.jogapiekna.com\/en\/product\/methi-metabolizm-regulacja-poziomu-cukru-60-kapsulek-vanan\/#primaryimage\"},\"thumbnailUrl\":\"https:\/\/dev1.jogapiekna.com\/wp-content\/uploads\/2025\/04\/methi-metabolizm-regulacja-poziomu-cukru-60-kapsulek-vanan.jpg\",\"datePublished\":\"2025-04-22T21:48:04+00:00\",\"dateModified\":\"2026-01-14T12:21:28+00:00\",\"description\":\"Suplement wspieraj\u0105cy metabolizm i kontrol\u0119 poziomu cukru we krwi. Pomaga w prawid\u0142owym metabolizmie t\u0142uszcz\u00f3w.\",\"breadcrumb\":{\"@id\":\"https:\/\/dev1.jogapiekna.com\/en\/product\/methi-metabolizm-regulacja-poziomu-cukru-60-kapsulek-vanan\/#breadcrumb\"},\"inLanguage\":\"en-GB\",\"potentialAction\":[{\"@type\":\"ReadAction\",\"target\":[\"https:\/\/dev1.jogapiekna.com\/en\/product\/methi-metabolizm-regulacja-poziomu-cukru-60-kapsulek-vanan\/\"]}]},{\"@type\":\"ImageObject\",\"inLanguage\":\"en-GB\",\"@id\":\"https:\/\/dev1.jogapiekna.com\/en\/product\/methi-metabolizm-regulacja-poziomu-cukru-60-kapsulek-vanan\/#primaryimage\",\"url\":\"https:\/\/dev1.jogapiekna.com\/wp-content\/uploads\/2025\/04\/methi-metabolizm-regulacja-poziomu-cukru-60-kapsulek-vanan.jpg\",\"contentUrl\":\"https:\/\/dev1.jogapiekna.com\/wp-content\/uploads\/2025\/04\/methi-metabolizm-regulacja-poziomu-cukru-60-kapsulek-vanan.jpg\",\"width\":1000,\"height\":1000,\"caption\":\"Methi \u2013 Metabolizm, Regulacja Poziomu Cukru \u2013 60 Kapsu\u0142ek | Vanan\"},{\"@type\":\"BreadcrumbList\",\"@id\":\"https:\/\/dev1.jogapiekna.com\/en\/product\/methi-metabolizm-regulacja-poziomu-cukru-60-kapsulek-vanan\/#breadcrumb\",\"itemListElement\":[{\"@type\":\"ListItem\",\"position\":1,\"name\":\"Strona g\u0142\u00f3wna\",\"item\":\"https:\/\/dev1.jogapiekna.com\/\"},{\"@type\":\"ListItem\",\"position\":2,\"name\":\"Sklep\",\"item\":\"https:\/\/dev1.jogapiekna.com\/sklep\/\"},{\"@type\":\"ListItem\",\"position\":3,\"name\":\"Methi \u2022 metabolizm \u2022 regulacja poziomu cukru \u2022 60 kapsu\u0142ek \u2022 Vanan\"}]},{\"@type\":\"WebSite\",\"@id\":\"https:\/\/dev1.jogapiekna.com\/#website\",\"url\":\"https:\/\/dev1.jogapiekna.com\/\",\"name\":\"Joga Pi\u0119kna Marta Kuci\u0144ska\",\"description\":\"Joga Pi\u0119kna pomaga kobietom zachowa\u0107 urod\u0119, cofn\u0105\u0107 oznaki up\u0142ywaj\u0105cego czasu i zm\u0119czenia, odzyska\u0107 promienny wygl\u0105d, naturalny u\u015bmiech i popraw\u0119 w\u0142asnej samooceny.\",\"publisher\":{\"@id\":\"https:\/\/dev1.jogapiekna.com\/#organization\"},\"potentialAction\":[{\"@type\":\"SearchAction\",\"target\":{\"@type\":\"EntryPoint\",\"urlTemplate\":\"https:\/\/dev1.jogapiekna.com\/?s={search_term_string}\"},\"query-input\":{\"@type\":\"PropertyValueSpecification\",\"valueRequired\":true,\"valueName\":\"search_term_string\"}}],\"inLanguage\":\"en-GB\"},{\"@type\":\"Organization\",\"@id\":\"https:\/\/dev1.jogapiekna.com\/#organization\",\"name\":\"Joga Pi\u0119kna Marta Kuci\u0144ska\",\"url\":\"https:\/\/dev1.jogapiekna.com\/\",\"logo\":{\"@type\":\"ImageObject\",\"inLanguage\":\"en-GB\",\"@id\":\"https:\/\/dev1.jogapiekna.com\/#\/schema\/logo\/image\/\",\"url\":\"https:\/\/dev1.jogapiekna.com\/wp-content\/uploads\/2022\/09\/joga-piekna-logo_Rka.png\",\"contentUrl\":\"https:\/\/dev1.jogapiekna.com\/wp-content\/uploads\/2022\/09\/joga-piekna-logo_Rka.png\",\"width\":231,\"height\":124,\"caption\":\"Joga Pi\u0119kna Marta Kuci\u0144ska\"},\"image\":{\"@id\":\"https:\/\/dev1.jogapiekna.com\/#\/schema\/logo\/image\/\"},\"sameAs\":[\"https:\/\/www.facebook.com\/JogaPieknaCom\/\",\"https:\/\/www.instagram.com\/jogapieknacom\/\"]}]}<\/script>\n<!-- \/ Yoast SEO plugin. -->","yoast_head_json":{"title":"Methi \u2022 Metabolizm, Regulacja Poziomu Cukru \u2022 60 Kapsu\u0142ek \u2022 Vanan","description":"Suplement wspieraj\u0105cy metabolizm i kontrol\u0119 poziomu cukru we krwi. Pomaga w prawid\u0142owym metabolizmie t\u0142uszcz\u00f3w.","robots":{"index":"index","follow":"follow","max-snippet":"max-snippet:-1","max-image-preview":"max-image-preview:large","max-video-preview":"max-video-preview:-1"},"canonical":"https:\/\/dev1.jogapiekna.com\/en\/product\/methi-metabolizm-regulacja-poziomu-cukru-60-kapsulek-vanan\/","og_locale":"en_GB","og_type":"article","og_title":"Methi \u2022 Metabolizm, Regulacja Poziomu Cukru \u2022 60 Kapsu\u0142ek \u2022 Vanan","og_description":"Suplement wspieraj\u0105cy metabolizm i kontrol\u0119 poziomu cukru we krwi. Pomaga w prawid\u0142owym metabolizmie t\u0142uszcz\u00f3w.","og_url":"https:\/\/dev1.jogapiekna.com\/en\/product\/methi-metabolizm-regulacja-poziomu-cukru-60-kapsulek-vanan\/","og_site_name":"JOGA PI\u0118KNA | Joga Twarzy","article_publisher":"https:\/\/www.facebook.com\/JogaPieknaCom\/","article_modified_time":"2026-01-14T12:21:28+00:00","og_image":[{"width":1000,"height":1000,"url":"https:\/\/dev1.jogapiekna.com\/wp-content\/uploads\/2025\/04\/methi-metabolizm-regulacja-poziomu-cukru-60-kapsulek-vanan.jpg","type":"image\/jpeg"}],"twitter_card":"summary_large_image","twitter_misc":{"Estimated reading time":"2 minutes"},"schema":{"@context":"https:\/\/schema.org","@graph":[{"@type":"WebPage","@id":"https:\/\/dev1.jogapiekna.com\/en\/product\/methi-metabolizm-regulacja-poziomu-cukru-60-kapsulek-vanan\/","url":"https:\/\/dev1.jogapiekna.com\/en\/product\/methi-metabolizm-regulacja-poziomu-cukru-60-kapsulek-vanan\/","name":"Methi \u2022 Metabolizm, Regulacja Poziomu Cukru \u2022 60 Kapsu\u0142ek \u2022 Vanan","isPartOf":{"@id":"https:\/\/dev1.jogapiekna.com\/#website"},"primaryImageOfPage":{"@id":"https:\/\/dev1.jogapiekna.com\/en\/product\/methi-metabolizm-regulacja-poziomu-cukru-60-kapsulek-vanan\/#primaryimage"},"image":{"@id":"https:\/\/dev1.jogapiekna.com\/en\/product\/methi-metabolizm-regulacja-poziomu-cukru-60-kapsulek-vanan\/#primaryimage"},"thumbnailUrl":"https:\/\/dev1.jogapiekna.com\/wp-content\/uploads\/2025\/04\/methi-metabolizm-regulacja-poziomu-cukru-60-kapsulek-vanan.jpg","datePublished":"2025-04-22T21:48:04+00:00","dateModified":"2026-01-14T12:21:28+00:00","description":"Suplement wspieraj\u0105cy metabolizm i kontrol\u0119 poziomu cukru we krwi. Pomaga w prawid\u0142owym metabolizmie t\u0142uszcz\u00f3w.","breadcrumb":{"@id":"https:\/\/dev1.jogapiekna.com\/en\/product\/methi-metabolizm-regulacja-poziomu-cukru-60-kapsulek-vanan\/#breadcrumb"},"inLanguage":"en-GB","potentialAction":[{"@type":"ReadAction","target":["https:\/\/dev1.jogapiekna.com\/en\/product\/methi-metabolizm-regulacja-poziomu-cukru-60-kapsulek-vanan\/"]}]},{"@type":"ImageObject","inLanguage":"en-GB","@id":"https:\/\/dev1.jogapiekna.com\/en\/product\/methi-metabolizm-regulacja-poziomu-cukru-60-kapsulek-vanan\/#primaryimage","url":"https:\/\/dev1.jogapiekna.com\/wp-content\/uploads\/2025\/04\/methi-metabolizm-regulacja-poziomu-cukru-60-kapsulek-vanan.jpg","contentUrl":"https:\/\/dev1.jogapiekna.com\/wp-content\/uploads\/2025\/04\/methi-metabolizm-regulacja-poziomu-cukru-60-kapsulek-vanan.jpg","width":1000,"height":1000,"caption":"Methi \u2013 Metabolizm, Regulacja Poziomu Cukru \u2013 60 Kapsu\u0142ek | Vanan"},{"@type":"BreadcrumbList","@id":"https:\/\/dev1.jogapiekna.com\/en\/product\/methi-metabolizm-regulacja-poziomu-cukru-60-kapsulek-vanan\/#breadcrumb","itemListElement":[{"@type":"ListItem","position":1,"name":"Strona g\u0142\u00f3wna","item":"https:\/\/dev1.jogapiekna.com\/"},{"@type":"ListItem","position":2,"name":"Sklep","item":"https:\/\/dev1.jogapiekna.com\/sklep\/"},{"@type":"ListItem","position":3,"name":"Methi \u2022 metabolizm \u2022 regulacja poziomu cukru \u2022 60 kapsu\u0142ek \u2022 Vanan"}]},{"@type":"WebSite","@id":"https:\/\/dev1.jogapiekna.com\/#website","url":"https:\/\/dev1.jogapiekna.com\/","name":"Yoga Beauty Marta Kuci\u0144ska","description":"Beauty Yoga helps women to maintain their beauty, reverse the signs of passing time and fatigue, regain a radiant appearance, natural smile and improve their self-esteem.","publisher":{"@id":"https:\/\/dev1.jogapiekna.com\/#organization"},"potentialAction":[{"@type":"SearchAction","target":{"@type":"EntryPoint","urlTemplate":"https:\/\/dev1.jogapiekna.com\/?s={search_term_string}"},"query-input":{"@type":"PropertyValueSpecification","valueRequired":true,"valueName":"search_term_string"}}],"inLanguage":"en-GB"},{"@type":"Organization","@id":"https:\/\/dev1.jogapiekna.com\/#organization","name":"Yoga Beauty Marta Kuci\u0144ska","url":"https:\/\/dev1.jogapiekna.com\/","logo":{"@type":"ImageObject","inLanguage":"en-GB","@id":"https:\/\/dev1.jogapiekna.com\/#\/schema\/logo\/image\/","url":"https:\/\/dev1.jogapiekna.com\/wp-content\/uploads\/2022\/09\/joga-piekna-logo_Rka.png","contentUrl":"https:\/\/dev1.jogapiekna.com\/wp-content\/uploads\/2022\/09\/joga-piekna-logo_Rka.png","width":231,"height":124,"caption":"Joga Pi\u0119kna Marta Kuci\u0144ska"},"image":{"@id":"https:\/\/dev1.jogapiekna.com\/#\/schema\/logo\/image\/"},"sameAs":["https:\/\/www.facebook.com\/JogaPieknaCom\/","https:\/\/www.instagram.com\/jogapieknacom\/"]}]}},"_links":{"self":[{"href":"https:\/\/dev1.jogapiekna.com\/en\/wp-json\/wp\/v2\/product\/195055","targetHints":{"allow":["GET"]}}],"collection":[{"href":"https:\/\/dev1.jogapiekna.com\/en\/wp-json\/wp\/v2\/product"}],"about":[{"href":"https:\/\/dev1.jogapiekna.com\/en\/wp-json\/wp\/v2\/types\/product"}],"replies":[{"embeddable":true,"href":"https:\/\/dev1.jogapiekna.com\/en\/wp-json\/wp\/v2\/comments?post=195055"}],"version-history":[{"count":2,"href":"https:\/\/dev1.jogapiekna.com\/en\/wp-json\/wp\/v2\/product\/195055\/revisions"}],"predecessor-version":[{"id":214676,"href":"https:\/\/dev1.jogapiekna.com\/en\/wp-json\/wp\/v2\/product\/195055\/revisions\/214676"}],"wp:featuredmedia":[{"embeddable":true,"href":"https:\/\/dev1.jogapiekna.com\/en\/wp-json\/wp\/v2\/media\/195056"}],"wp:attachment":[{"href":"https:\/\/dev1.jogapiekna.com\/en\/wp-json\/wp\/v2\/media?parent=195055"}],"wp:term":[{"taxonomy":"product_brand","embeddable":true,"href":"https:\/\/dev1.jogapiekna.com\/en\/wp-json\/wp\/v2\/product_brand?post=195055"},{"taxonomy":"product_cat","embeddable":true,"href":"https:\/\/dev1.jogapiekna.com\/en\/wp-json\/wp\/v2\/product_cat?post=195055"},{"taxonomy":"product_tag","embeddable":true,"href":"https:\/\/dev1.jogapiekna.com\/en\/wp-json\/wp\/v2\/product_tag?post=195055"}],"curies":[{"name":"wp","href":"https:\/\/api.w.org\/{rel}","templated":true}]}}