{"id":192695,"date":"2025-03-26T22:42:08","date_gmt":"2025-03-26T21:42:08","guid":{"rendered":"https:\/\/dev1.jogapiekna.com?post_type=product&#038;p=192695"},"modified":"2026-01-20T09:48:26","modified_gmt":"2026-01-20T08:48:26","slug":"vidanga-wsparcie-dla-jelit-i-zoladka-60-kapsulek-vanan","status":"publish","type":"product","link":"https:\/\/dev1.jogapiekna.com\/en\/product\/vidanga-wsparcie-dla-jelit-i-zoladka-60-kapsulek-vanan\/","title":{"rendered":"Vidanga - intestinal and stomach support - 60 capsules - Vanan"},"content":{"rendered":"<h2>Vanan Vidanga - natural support for the intestines and digestive system<\/h2>\n<p>Vanan Vidanga is a high-quality dietary supplement based on an Ayurvedic formula that supports normal bowel function and helps eliminate parasites. It contains extract of vidanga (Embelia ribes), also known as false black pepper, valued for its anti-inflammatory and digestive support properties.<\/p>\n<p>&nbsp;<\/p>\n<h2>Features:<\/h2>\n<ul>\n<li>Supports intestinal and gastrointestinal health<\/li>\n<li>Helps control worms and parasites<\/li>\n<li>Alleviates stomach discomfort<\/li>\n<li>A natural remedy to support detoxification of the body<\/li>\n<\/ul>\n<p>&nbsp;<\/p>\n<h2>Pure composition and certified quality:<\/h2>\n<ul>\n<li>100% vegan, kosher, halal<\/li>\n<li>Free from artificial preservatives, flavours and colours<\/li>\n<li>Free of sugar, salt, yeast, wheat, soy, gluten and dairy products<\/li>\n<li>Standardised extract (DER)<\/li>\n<li>Manufactured in accordance with GMP standards<\/li>\n<\/ul>\n<p>&nbsp;<\/p>\n<h2>Composition (1 capsule):<\/h2>\n<ul>\n<li>Vidanga fruit extract (Embelia ribes) - 300 mg<\/li>\n<li>Vegan capsule: hydroxypropyl methyl cellulose<\/li>\n<li>Excipients: microcrystalline cellulose, magnesium salts of fatty acids, silicon dioxide<\/li>\n<\/ul>\n<p>&nbsp;<\/p>\n<h2>Using:<\/h2>\n<p>Recommended intake: 1 capsule daily, preferably with a meal.<\/p>\n<p>&nbsp;<\/p>\n<h3>Additional information:<\/h3>\n<ul>\n<li>GMO-free product<\/li>\n<li>Do not exceed the recommended daily dose<\/li>\n<li>Food supplement is not a substitute for a varied diet and healthy lifestyle<br \/>\nKeep out of the reach of children, protect from light and moisture<\/li>\n<\/ul>\n<p>&nbsp;<\/p>\n<h3>Contraindications:<\/h3>\n<ul>\n<li>Not to be used during pregnancy and lactation<\/li>\n<li>If you are taking anticoagulants or other medications, consult your doctor<\/li>\n<\/ul>\n<p><strong>Country of origin:<\/strong> India<br \/>\n<strong>Packaging:<\/strong> 60 capsules (2 months of use)<\/p>","protected":false},"excerpt":{"rendered":"<p>Natural support for the digestive system. Vidanga helps maintain normal bowel function, relieves stomach discomfort and supports the cleansing of the body of parasites.<\/p>\n<p>Supports intestinal health and digestion<br \/>\nRelieves stomach discomfort<br \/>\nHelps fight parasites and worms<br \/>\n100% vegan, allergen-free<\/p>\n<p><strong>Packaging:<\/strong> 60 capsules (enough for 2 months)<br \/>\n<strong>Destiny<\/strong> Digestion and purification<\/p>\n<p><strong>EXPIRY DATE: 03\/2026<\/strong><\/p>","protected":false},"featured_media":192696,"comment_status":"closed","ping_status":"closed","template":"","meta":{"_acf_changed":false,"site-sidebar-layout":"default","site-content-layout":"","ast-site-content-layout":"default","site-content-style":"default","site-sidebar-style":"default","ast-global-header-display":"","ast-banner-title-visibility":"","ast-main-header-display":"","ast-hfb-above-header-display":"","ast-hfb-below-header-display":"","ast-hfb-mobile-header-display":"","site-post-title":"","ast-breadcrumbs-content":"","ast-featured-img":"","footer-sml-layout":"","ast-disable-related-posts":"","theme-transparent-header-meta":"default","adv-header-id-meta":"","stick-header-meta":"","header-above-stick-meta":"","header-main-stick-meta":"","header-below-stick-meta":"","astra-migrate-meta-layouts":"set","ast-page-background-enabled":"default","ast-page-background-meta":{"desktop":{"background-color":"var(--ast-global-color-5)","background-image":"","background-repeat":"repeat","background-position":"center center","background-size":"auto","background-attachment":"scroll","background-type":"","background-media":"","overlay-type":"","overlay-color":"","overlay-opacity":"","overlay-gradient":""},"tablet":{"background-color":"","background-image":"","background-repeat":"repeat","background-position":"center center","background-size":"auto","background-attachment":"scroll","background-type":"","background-media":"","overlay-type":"","overlay-color":"","overlay-opacity":"","overlay-gradient":""},"mobile":{"background-color":"","background-image":"","background-repeat":"repeat","background-position":"center center","background-size":"auto","background-attachment":"scroll","background-type":"","background-media":"","overlay-type":"","overlay-color":"","overlay-opacity":"","overlay-gradient":""}},"ast-content-background-meta":{"desktop":{"background-color":"var(--ast-global-color-4)","background-image":"","background-repeat":"repeat","background-position":"center center","background-size":"auto","background-attachment":"scroll","background-type":"","background-media":"","overlay-type":"","overlay-color":"","overlay-opacity":"","overlay-gradient":""},"tablet":{"background-color":"var(--ast-global-color-4)","background-image":"","background-repeat":"repeat","background-position":"center center","background-size":"auto","background-attachment":"scroll","background-type":"","background-media":"","overlay-type":"","overlay-color":"","overlay-opacity":"","overlay-gradient":""},"mobile":{"background-color":"var(--ast-global-color-4)","background-image":"","background-repeat":"repeat","background-position":"center center","background-size":"auto","background-attachment":"scroll","background-type":"","background-media":"","overlay-type":"","overlay-color":"","overlay-opacity":"","overlay-gradient":""}}},"product_brand":[],"product_cat":[639],"product_tag":[842,303,843],"class_list":{"0":"post-192695","1":"product","2":"type-product","3":"status-publish","4":"has-post-thumbnail","6":"product_cat-suplementy","7":"product_tag-moringa-extract","8":"product_tag-oczyszczanie","9":"product_tag-wspomaganie-trawienia","10":"desktop-align-left","11":"tablet-align-left","12":"mobile-align-left","14":"first","15":"outofstock","16":"sale","17":"taxable","18":"shipping-taxable","19":"purchasable","20":"product-type-simple"},"acf":[],"yoast_head":"<!-- This site is optimized with the Yoast SEO plugin v27.1.1 - https:\/\/yoast.com\/product\/yoast-seo-wordpress\/ -->\n<title>Vidanga \u2022 wsparcie dla jelit i \u017co\u0142\u0105dka \u2022 60 kapsu\u0142ek \u2022 Vanan<\/title>\n<meta name=\"description\" content=\"Naturalne wsparcie dla uk\u0142adu trawiennego. Vidanga pomaga w utrzymaniu prawid\u0142owej pracy jelit, \u0142agodzi dolegliwo\u015bci \u017co\u0142\u0105dkowe i wspiera oczyszczanie organizmu z paso\u017cyt\u00f3w.\" \/>\n<meta name=\"robots\" content=\"index, follow, max-snippet:-1, max-image-preview:large, max-video-preview:-1\" \/>\n<link rel=\"canonical\" href=\"https:\/\/dev1.jogapiekna.com\/en\/product\/vidanga-wsparcie-dla-jelit-i-zoladka-60-kapsulek-vanan\/\" \/>\n<meta property=\"og:locale\" content=\"en_GB\" \/>\n<meta property=\"og:type\" content=\"article\" \/>\n<meta property=\"og:title\" content=\"Vidanga \u2022 wsparcie dla jelit i \u017co\u0142\u0105dka \u2022 60 kapsu\u0142ek \u2022 Vanan\" \/>\n<meta property=\"og:description\" content=\"Naturalne wsparcie dla uk\u0142adu trawiennego. Vidanga pomaga w utrzymaniu prawid\u0142owej pracy jelit, \u0142agodzi dolegliwo\u015bci \u017co\u0142\u0105dkowe i wspiera oczyszczanie organizmu z paso\u017cyt\u00f3w.\" \/>\n<meta property=\"og:url\" content=\"https:\/\/dev1.jogapiekna.com\/en\/product\/vidanga-wsparcie-dla-jelit-i-zoladka-60-kapsulek-vanan\/\" \/>\n<meta property=\"og:site_name\" content=\"JOGA PI\u0118KNA | Joga Twarzy\" \/>\n<meta property=\"article:publisher\" content=\"https:\/\/www.facebook.com\/JogaPieknaCom\/\" \/>\n<meta property=\"article:modified_time\" content=\"2026-01-20T08:48:26+00:00\" \/>\n<meta property=\"og:image\" content=\"https:\/\/dev1.jogapiekna.com\/wp-content\/uploads\/2025\/03\/vidanga-wsparcie-dla-jelit-i-zoladka-60-kapsulek.jpg\" \/>\n\t<meta property=\"og:image:width\" content=\"1000\" \/>\n\t<meta property=\"og:image:height\" content=\"1000\" \/>\n\t<meta property=\"og:image:type\" content=\"image\/jpeg\" \/>\n<meta name=\"twitter:card\" content=\"summary_large_image\" \/>\n<meta name=\"twitter:label1\" content=\"Estimated reading time\" \/>\n\t<meta name=\"twitter:data1\" content=\"2 minutes\" \/>\n<script type=\"application\/ld+json\" class=\"yoast-schema-graph\">{\"@context\":\"https:\/\/schema.org\",\"@graph\":[{\"@type\":\"WebPage\",\"@id\":\"https:\/\/dev1.jogapiekna.com\/en\/product\/vidanga-wsparcie-dla-jelit-i-zoladka-60-kapsulek-vanan\/\",\"url\":\"https:\/\/dev1.jogapiekna.com\/en\/product\/vidanga-wsparcie-dla-jelit-i-zoladka-60-kapsulek-vanan\/\",\"name\":\"Vidanga \u2022 wsparcie dla jelit i \u017co\u0142\u0105dka \u2022 60 kapsu\u0142ek \u2022 Vanan\",\"isPartOf\":{\"@id\":\"https:\/\/dev1.jogapiekna.com\/#website\"},\"primaryImageOfPage\":{\"@id\":\"https:\/\/dev1.jogapiekna.com\/en\/product\/vidanga-wsparcie-dla-jelit-i-zoladka-60-kapsulek-vanan\/#primaryimage\"},\"image\":{\"@id\":\"https:\/\/dev1.jogapiekna.com\/en\/product\/vidanga-wsparcie-dla-jelit-i-zoladka-60-kapsulek-vanan\/#primaryimage\"},\"thumbnailUrl\":\"https:\/\/dev1.jogapiekna.com\/wp-content\/uploads\/2025\/03\/vidanga-wsparcie-dla-jelit-i-zoladka-60-kapsulek.jpg\",\"datePublished\":\"2025-03-26T21:42:08+00:00\",\"dateModified\":\"2026-01-20T08:48:26+00:00\",\"description\":\"Naturalne wsparcie dla uk\u0142adu trawiennego. Vidanga pomaga w utrzymaniu prawid\u0142owej pracy jelit, \u0142agodzi dolegliwo\u015bci \u017co\u0142\u0105dkowe i wspiera oczyszczanie organizmu z paso\u017cyt\u00f3w.\",\"breadcrumb\":{\"@id\":\"https:\/\/dev1.jogapiekna.com\/en\/product\/vidanga-wsparcie-dla-jelit-i-zoladka-60-kapsulek-vanan\/#breadcrumb\"},\"inLanguage\":\"en-GB\",\"potentialAction\":[{\"@type\":\"ReadAction\",\"target\":[\"https:\/\/dev1.jogapiekna.com\/en\/product\/vidanga-wsparcie-dla-jelit-i-zoladka-60-kapsulek-vanan\/\"]}]},{\"@type\":\"ImageObject\",\"inLanguage\":\"en-GB\",\"@id\":\"https:\/\/dev1.jogapiekna.com\/en\/product\/vidanga-wsparcie-dla-jelit-i-zoladka-60-kapsulek-vanan\/#primaryimage\",\"url\":\"https:\/\/dev1.jogapiekna.com\/wp-content\/uploads\/2025\/03\/vidanga-wsparcie-dla-jelit-i-zoladka-60-kapsulek.jpg\",\"contentUrl\":\"https:\/\/dev1.jogapiekna.com\/wp-content\/uploads\/2025\/03\/vidanga-wsparcie-dla-jelit-i-zoladka-60-kapsulek.jpg\",\"width\":1000,\"height\":1000,\"caption\":\"Vidanga \u2022 wsparcie dla jelit i \u017co\u0142\u0105dka \u2022 60 kapsu\u0142ek \u2022 Vanan\"},{\"@type\":\"BreadcrumbList\",\"@id\":\"https:\/\/dev1.jogapiekna.com\/en\/product\/vidanga-wsparcie-dla-jelit-i-zoladka-60-kapsulek-vanan\/#breadcrumb\",\"itemListElement\":[{\"@type\":\"ListItem\",\"position\":1,\"name\":\"Strona g\u0142\u00f3wna\",\"item\":\"https:\/\/dev1.jogapiekna.com\/\"},{\"@type\":\"ListItem\",\"position\":2,\"name\":\"Sklep\",\"item\":\"https:\/\/dev1.jogapiekna.com\/sklep\/\"},{\"@type\":\"ListItem\",\"position\":3,\"name\":\"Vidanga \u2022 wsparcie dla jelit i \u017co\u0142\u0105dka \u2022 60 kapsu\u0142ek \u2022 Vanan\"}]},{\"@type\":\"WebSite\",\"@id\":\"https:\/\/dev1.jogapiekna.com\/#website\",\"url\":\"https:\/\/dev1.jogapiekna.com\/\",\"name\":\"Joga Pi\u0119kna Marta Kuci\u0144ska\",\"description\":\"Joga Pi\u0119kna pomaga kobietom zachowa\u0107 urod\u0119, cofn\u0105\u0107 oznaki up\u0142ywaj\u0105cego czasu i zm\u0119czenia, odzyska\u0107 promienny wygl\u0105d, naturalny u\u015bmiech i popraw\u0119 w\u0142asnej samooceny.\",\"publisher\":{\"@id\":\"https:\/\/dev1.jogapiekna.com\/#organization\"},\"potentialAction\":[{\"@type\":\"SearchAction\",\"target\":{\"@type\":\"EntryPoint\",\"urlTemplate\":\"https:\/\/dev1.jogapiekna.com\/?s={search_term_string}\"},\"query-input\":{\"@type\":\"PropertyValueSpecification\",\"valueRequired\":true,\"valueName\":\"search_term_string\"}}],\"inLanguage\":\"en-GB\"},{\"@type\":\"Organization\",\"@id\":\"https:\/\/dev1.jogapiekna.com\/#organization\",\"name\":\"Joga Pi\u0119kna Marta Kuci\u0144ska\",\"url\":\"https:\/\/dev1.jogapiekna.com\/\",\"logo\":{\"@type\":\"ImageObject\",\"inLanguage\":\"en-GB\",\"@id\":\"https:\/\/dev1.jogapiekna.com\/#\/schema\/logo\/image\/\",\"url\":\"https:\/\/dev1.jogapiekna.com\/wp-content\/uploads\/2022\/09\/joga-piekna-logo_Rka.png\",\"contentUrl\":\"https:\/\/dev1.jogapiekna.com\/wp-content\/uploads\/2022\/09\/joga-piekna-logo_Rka.png\",\"width\":231,\"height\":124,\"caption\":\"Joga Pi\u0119kna Marta Kuci\u0144ska\"},\"image\":{\"@id\":\"https:\/\/dev1.jogapiekna.com\/#\/schema\/logo\/image\/\"},\"sameAs\":[\"https:\/\/www.facebook.com\/JogaPieknaCom\/\",\"https:\/\/www.instagram.com\/jogapieknacom\/\"]}]}<\/script>\n<!-- \/ Yoast SEO plugin. -->","yoast_head_json":{"title":"Vidanga - intestinal and stomach support - 60 capsules - Vanan","description":"Natural support for the digestive system. Vidanga helps maintain normal bowel function, relieves stomach discomfort and supports the cleansing of the body of parasites.","robots":{"index":"index","follow":"follow","max-snippet":"max-snippet:-1","max-image-preview":"max-image-preview:large","max-video-preview":"max-video-preview:-1"},"canonical":"https:\/\/dev1.jogapiekna.com\/en\/product\/vidanga-wsparcie-dla-jelit-i-zoladka-60-kapsulek-vanan\/","og_locale":"en_GB","og_type":"article","og_title":"Vidanga \u2022 wsparcie dla jelit i \u017co\u0142\u0105dka \u2022 60 kapsu\u0142ek \u2022 Vanan","og_description":"Naturalne wsparcie dla uk\u0142adu trawiennego. Vidanga pomaga w utrzymaniu prawid\u0142owej pracy jelit, \u0142agodzi dolegliwo\u015bci \u017co\u0142\u0105dkowe i wspiera oczyszczanie organizmu z paso\u017cyt\u00f3w.","og_url":"https:\/\/dev1.jogapiekna.com\/en\/product\/vidanga-wsparcie-dla-jelit-i-zoladka-60-kapsulek-vanan\/","og_site_name":"JOGA PI\u0118KNA | Joga Twarzy","article_publisher":"https:\/\/www.facebook.com\/JogaPieknaCom\/","article_modified_time":"2026-01-20T08:48:26+00:00","og_image":[{"width":1000,"height":1000,"url":"https:\/\/dev1.jogapiekna.com\/wp-content\/uploads\/2025\/03\/vidanga-wsparcie-dla-jelit-i-zoladka-60-kapsulek.jpg","type":"image\/jpeg"}],"twitter_card":"summary_large_image","twitter_misc":{"Estimated reading time":"2 minutes"},"schema":{"@context":"https:\/\/schema.org","@graph":[{"@type":"WebPage","@id":"https:\/\/dev1.jogapiekna.com\/en\/product\/vidanga-wsparcie-dla-jelit-i-zoladka-60-kapsulek-vanan\/","url":"https:\/\/dev1.jogapiekna.com\/en\/product\/vidanga-wsparcie-dla-jelit-i-zoladka-60-kapsulek-vanan\/","name":"Vidanga - intestinal and stomach support - 60 capsules - Vanan","isPartOf":{"@id":"https:\/\/dev1.jogapiekna.com\/#website"},"primaryImageOfPage":{"@id":"https:\/\/dev1.jogapiekna.com\/en\/product\/vidanga-wsparcie-dla-jelit-i-zoladka-60-kapsulek-vanan\/#primaryimage"},"image":{"@id":"https:\/\/dev1.jogapiekna.com\/en\/product\/vidanga-wsparcie-dla-jelit-i-zoladka-60-kapsulek-vanan\/#primaryimage"},"thumbnailUrl":"https:\/\/dev1.jogapiekna.com\/wp-content\/uploads\/2025\/03\/vidanga-wsparcie-dla-jelit-i-zoladka-60-kapsulek.jpg","datePublished":"2025-03-26T21:42:08+00:00","dateModified":"2026-01-20T08:48:26+00:00","description":"Natural support for the digestive system. Vidanga helps maintain normal bowel function, relieves stomach discomfort and supports the cleansing of the body of parasites.","breadcrumb":{"@id":"https:\/\/dev1.jogapiekna.com\/en\/product\/vidanga-wsparcie-dla-jelit-i-zoladka-60-kapsulek-vanan\/#breadcrumb"},"inLanguage":"en-GB","potentialAction":[{"@type":"ReadAction","target":["https:\/\/dev1.jogapiekna.com\/en\/product\/vidanga-wsparcie-dla-jelit-i-zoladka-60-kapsulek-vanan\/"]}]},{"@type":"ImageObject","inLanguage":"en-GB","@id":"https:\/\/dev1.jogapiekna.com\/en\/product\/vidanga-wsparcie-dla-jelit-i-zoladka-60-kapsulek-vanan\/#primaryimage","url":"https:\/\/dev1.jogapiekna.com\/wp-content\/uploads\/2025\/03\/vidanga-wsparcie-dla-jelit-i-zoladka-60-kapsulek.jpg","contentUrl":"https:\/\/dev1.jogapiekna.com\/wp-content\/uploads\/2025\/03\/vidanga-wsparcie-dla-jelit-i-zoladka-60-kapsulek.jpg","width":1000,"height":1000,"caption":"Vidanga \u2022 wsparcie dla jelit i \u017co\u0142\u0105dka \u2022 60 kapsu\u0142ek \u2022 Vanan"},{"@type":"BreadcrumbList","@id":"https:\/\/dev1.jogapiekna.com\/en\/product\/vidanga-wsparcie-dla-jelit-i-zoladka-60-kapsulek-vanan\/#breadcrumb","itemListElement":[{"@type":"ListItem","position":1,"name":"Strona g\u0142\u00f3wna","item":"https:\/\/dev1.jogapiekna.com\/"},{"@type":"ListItem","position":2,"name":"Sklep","item":"https:\/\/dev1.jogapiekna.com\/sklep\/"},{"@type":"ListItem","position":3,"name":"Vidanga \u2022 wsparcie dla jelit i \u017co\u0142\u0105dka \u2022 60 kapsu\u0142ek \u2022 Vanan"}]},{"@type":"WebSite","@id":"https:\/\/dev1.jogapiekna.com\/#website","url":"https:\/\/dev1.jogapiekna.com\/","name":"Yoga Beauty Marta Kuci\u0144ska","description":"Beauty Yoga helps women to maintain their beauty, reverse the signs of passing time and fatigue, regain a radiant appearance, natural smile and improve their self-esteem.","publisher":{"@id":"https:\/\/dev1.jogapiekna.com\/#organization"},"potentialAction":[{"@type":"SearchAction","target":{"@type":"EntryPoint","urlTemplate":"https:\/\/dev1.jogapiekna.com\/?s={search_term_string}"},"query-input":{"@type":"PropertyValueSpecification","valueRequired":true,"valueName":"search_term_string"}}],"inLanguage":"en-GB"},{"@type":"Organization","@id":"https:\/\/dev1.jogapiekna.com\/#organization","name":"Yoga Beauty Marta Kuci\u0144ska","url":"https:\/\/dev1.jogapiekna.com\/","logo":{"@type":"ImageObject","inLanguage":"en-GB","@id":"https:\/\/dev1.jogapiekna.com\/#\/schema\/logo\/image\/","url":"https:\/\/dev1.jogapiekna.com\/wp-content\/uploads\/2022\/09\/joga-piekna-logo_Rka.png","contentUrl":"https:\/\/dev1.jogapiekna.com\/wp-content\/uploads\/2022\/09\/joga-piekna-logo_Rka.png","width":231,"height":124,"caption":"Joga Pi\u0119kna Marta Kuci\u0144ska"},"image":{"@id":"https:\/\/dev1.jogapiekna.com\/#\/schema\/logo\/image\/"},"sameAs":["https:\/\/www.facebook.com\/JogaPieknaCom\/","https:\/\/www.instagram.com\/jogapieknacom\/"]}]}},"_links":{"self":[{"href":"https:\/\/dev1.jogapiekna.com\/en\/wp-json\/wp\/v2\/product\/192695","targetHints":{"allow":["GET"]}}],"collection":[{"href":"https:\/\/dev1.jogapiekna.com\/en\/wp-json\/wp\/v2\/product"}],"about":[{"href":"https:\/\/dev1.jogapiekna.com\/en\/wp-json\/wp\/v2\/types\/product"}],"replies":[{"embeddable":true,"href":"https:\/\/dev1.jogapiekna.com\/en\/wp-json\/wp\/v2\/comments?post=192695"}],"version-history":[{"count":1,"href":"https:\/\/dev1.jogapiekna.com\/en\/wp-json\/wp\/v2\/product\/192695\/revisions"}],"predecessor-version":[{"id":214671,"href":"https:\/\/dev1.jogapiekna.com\/en\/wp-json\/wp\/v2\/product\/192695\/revisions\/214671"}],"wp:featuredmedia":[{"embeddable":true,"href":"https:\/\/dev1.jogapiekna.com\/en\/wp-json\/wp\/v2\/media\/192696"}],"wp:attachment":[{"href":"https:\/\/dev1.jogapiekna.com\/en\/wp-json\/wp\/v2\/media?parent=192695"}],"wp:term":[{"taxonomy":"product_brand","embeddable":true,"href":"https:\/\/dev1.jogapiekna.com\/en\/wp-json\/wp\/v2\/product_brand?post=192695"},{"taxonomy":"product_cat","embeddable":true,"href":"https:\/\/dev1.jogapiekna.com\/en\/wp-json\/wp\/v2\/product_cat?post=192695"},{"taxonomy":"product_tag","embeddable":true,"href":"https:\/\/dev1.jogapiekna.com\/en\/wp-json\/wp\/v2\/product_tag?post=192695"}],"curies":[{"name":"wp","href":"https:\/\/api.w.org\/{rel}","templated":true}]}}