{"id":189154,"date":"2025-02-18T18:07:15","date_gmt":"2025-02-18T17:07:15","guid":{"rendered":"https:\/\/dev1.jogapiekna.com?post_type=product&#038;p=189154"},"modified":"2025-10-09T20:20:37","modified_gmt":"2025-10-09T18:20:37","slug":"sattva-shilajit-proszek-15g","status":"publish","type":"product","link":"https:\/\/dev1.jogapiekna.com\/en\/product\/sattva-shilajit-proszek-15g\/","title":{"rendered":"Sattva - Himalayan Shilajit (Mumio) - powder 15 g"},"content":{"rendered":"<p>Sattva Shilajit is a high quality resin (mummy) from the Himalayas, valued in Ayurveda for its versatile properties. The product in powder form is 100% natural, vegan and suitable for vegetarians.<\/p>\n<p>&nbsp;<\/p>\n<h2>Features and Benefits:<\/h2>\n<ul>\n<li>Supports energy levels, strength and stamina<\/li>\n<li>Can support sexual health<\/li>\n<li>Recommended for diabetics<\/li>\n<li>Strengthens the body and supports immunity<\/li>\n<li>Natural source of minerals and fulvic acids<\/li>\n<\/ul>\n<p>&nbsp;<\/p>\n<h2>Contents of Packaging:<\/h2>\n<p><strong>Container:<\/strong> 15g<br \/>\n<strong>Measuring cup included for easy dosing<\/strong><br \/>\n<strong>1 pack lasts 2 months of use<\/strong><\/p>\n<p>&nbsp;<\/p>\n<h2>Method of Use:<\/h2>\n<ul>\n<li>Recommended daily dose: 1\/2 scoop (250 mg) once a day.<\/li>\n<li>Can be consumed with water, plant milk or warm tea.<\/li>\n<\/ul>\n<p>&nbsp;<\/p>\n<h2>Composition:<\/h2>\n<p>100% pure Himalayan Shilajit (mumio) in powder form. Free of additives, preservatives and GMOs.<\/p>\n<p>&nbsp;<\/p>\n<h3>Additional information:<\/h3>\n<p><strong>Manufacturer:<\/strong> Sattva Ayurveda Ltd.<br \/>\n<strong>Country of origin:<\/strong> India<\/p>\n<p><strong>Contraindications:<\/strong><\/p>\n<ul>\n<li>Do not use in case of hypersensitivity to product ingredients.<\/li>\n<li>The product is not intended for children, pregnant or nursing women.<\/li>\n<li>Do not exceed the recommended daily dose.<\/li>\n<li>A dietary supplement is not a substitute for a varied diet and a healthy lifestyle.<\/li>\n<\/ul>\n<p>&nbsp;<\/p>\n<h3>Storage:<\/h3>\n<ul>\n<li>Store in a dry and cool place, away from light and moisture.<\/li>\n<li>Keep out of the reach of children.<\/li>\n<\/ul>","protected":false},"excerpt":{"rendered":"<p>Sattva Shilajit is a high quality resin (mummy) from the Himalayas, valued in Ayurveda for its versatile properties. The product in powder form is 100% natural, vegan and suitable for vegetarians.<\/p>","protected":false},"featured_media":189157,"comment_status":"closed","ping_status":"closed","template":"","meta":{"_acf_changed":false,"site-sidebar-layout":"default","site-content-layout":"","ast-site-content-layout":"default","site-content-style":"default","site-sidebar-style":"default","ast-global-header-display":"","ast-banner-title-visibility":"","ast-main-header-display":"","ast-hfb-above-header-display":"","ast-hfb-below-header-display":"","ast-hfb-mobile-header-display":"","site-post-title":"","ast-breadcrumbs-content":"","ast-featured-img":"","footer-sml-layout":"","ast-disable-related-posts":"","theme-transparent-header-meta":"","adv-header-id-meta":"","stick-header-meta":"","header-above-stick-meta":"","header-main-stick-meta":"","header-below-stick-meta":"","astra-migrate-meta-layouts":"default","ast-page-background-enabled":"default","ast-page-background-meta":{"desktop":{"background-color":"var(--ast-global-color-5)","background-image":"","background-repeat":"repeat","background-position":"center center","background-size":"auto","background-attachment":"scroll","background-type":"","background-media":"","overlay-type":"","overlay-color":"","overlay-opacity":"","overlay-gradient":""},"tablet":{"background-color":"","background-image":"","background-repeat":"repeat","background-position":"center center","background-size":"auto","background-attachment":"scroll","background-type":"","background-media":"","overlay-type":"","overlay-color":"","overlay-opacity":"","overlay-gradient":""},"mobile":{"background-color":"","background-image":"","background-repeat":"repeat","background-position":"center center","background-size":"auto","background-attachment":"scroll","background-type":"","background-media":"","overlay-type":"","overlay-color":"","overlay-opacity":"","overlay-gradient":""}},"ast-content-background-meta":{"desktop":{"background-color":"var(--ast-global-color-4)","background-image":"","background-repeat":"repeat","background-position":"center center","background-size":"auto","background-attachment":"scroll","background-type":"","background-media":"","overlay-type":"","overlay-color":"","overlay-opacity":"","overlay-gradient":""},"tablet":{"background-color":"var(--ast-global-color-4)","background-image":"","background-repeat":"repeat","background-position":"center center","background-size":"auto","background-attachment":"scroll","background-type":"","background-media":"","overlay-type":"","overlay-color":"","overlay-opacity":"","overlay-gradient":""},"mobile":{"background-color":"var(--ast-global-color-4)","background-image":"","background-repeat":"repeat","background-position":"center center","background-size":"auto","background-attachment":"scroll","background-type":"","background-media":"","overlay-type":"","overlay-color":"","overlay-opacity":"","overlay-gradient":""}}},"product_brand":[],"product_cat":[639],"product_tag":[788,849,848],"class_list":{"0":"post-189154","1":"product","2":"type-product","3":"status-publish","4":"has-post-thumbnail","6":"product_cat-suplementy","7":"product_tag-energia","8":"product_tag-sila","9":"product_tag-wytrzymalosc","10":"desktop-align-left","11":"tablet-align-left","12":"mobile-align-left","14":"first","15":"outofstock","16":"taxable","17":"shipping-taxable","18":"purchasable","19":"product-type-simple"},"acf":[],"yoast_head":"<!-- This site is optimized with the Yoast SEO plugin v27.1.1 - https:\/\/yoast.com\/product\/yoast-seo-wordpress\/ -->\n<title>Sattva \u2022 Shilajit Himalajski (Mumio) \u2022 proszek 15 g<\/title>\n<meta name=\"description\" content=\"Sattva Shilajit to wysokiej jako\u015bci \u017cywica (mumio) pochodz\u0105ca z Himalaj\u00f3w, ceniona w ajurwedzie za swoje wszechstronne w\u0142a\u015bciwo\u015bci. Produkt w formie proszku jest w 100% naturalny, wega\u0144ski i odpowiedni dla wegetarian.\" \/>\n<meta name=\"robots\" content=\"index, follow, max-snippet:-1, max-image-preview:large, max-video-preview:-1\" \/>\n<link rel=\"canonical\" href=\"https:\/\/dev1.jogapiekna.com\/en\/product\/sattva-shilajit-proszek-15g\/\" \/>\n<meta property=\"og:locale\" content=\"en_GB\" \/>\n<meta property=\"og:type\" content=\"article\" \/>\n<meta property=\"og:title\" content=\"Sattva \u2022 Shilajit Himalajski (Mumio) \u2022 proszek 15 g\" \/>\n<meta property=\"og:description\" content=\"Sattva Shilajit to wysokiej jako\u015bci \u017cywica (mumio) pochodz\u0105ca z Himalaj\u00f3w, ceniona w ajurwedzie za swoje wszechstronne w\u0142a\u015bciwo\u015bci. Produkt w formie proszku jest w 100% naturalny, wega\u0144ski i odpowiedni dla wegetarian.\" \/>\n<meta property=\"og:url\" content=\"https:\/\/dev1.jogapiekna.com\/en\/product\/sattva-shilajit-proszek-15g\/\" \/>\n<meta property=\"og:site_name\" content=\"JOGA PI\u0118KNA | Joga Twarzy\" \/>\n<meta property=\"article:publisher\" content=\"https:\/\/www.facebook.com\/JogaPieknaCom\/\" \/>\n<meta property=\"article:modified_time\" content=\"2025-10-09T18:20:37+00:00\" \/>\n<meta property=\"og:image\" content=\"https:\/\/dev1.jogapiekna.com\/wp-content\/uploads\/2025\/02\/sattva-shilajit-proszek-15g.jpg\" \/>\n\t<meta property=\"og:image:width\" content=\"1000\" \/>\n\t<meta property=\"og:image:height\" content=\"1000\" \/>\n\t<meta property=\"og:image:type\" content=\"image\/jpeg\" \/>\n<meta name=\"twitter:card\" content=\"summary_large_image\" \/>\n<meta name=\"twitter:label1\" content=\"Estimated reading time\" \/>\n\t<meta name=\"twitter:data1\" content=\"2 minutes\" \/>\n<script type=\"application\/ld+json\" class=\"yoast-schema-graph\">{\"@context\":\"https:\/\/schema.org\",\"@graph\":[{\"@type\":\"WebPage\",\"@id\":\"https:\/\/dev1.jogapiekna.com\/produkt\/sattva-shilajit-proszek-15g\/\",\"url\":\"https:\/\/dev1.jogapiekna.com\/produkt\/sattva-shilajit-proszek-15g\/\",\"name\":\"Sattva \u2022 Shilajit Himalajski (Mumio) \u2022 proszek 15 g\",\"isPartOf\":{\"@id\":\"https:\/\/dev1.jogapiekna.com\/#website\"},\"primaryImageOfPage\":{\"@id\":\"https:\/\/dev1.jogapiekna.com\/produkt\/sattva-shilajit-proszek-15g\/#primaryimage\"},\"image\":{\"@id\":\"https:\/\/dev1.jogapiekna.com\/produkt\/sattva-shilajit-proszek-15g\/#primaryimage\"},\"thumbnailUrl\":\"https:\/\/dev1.jogapiekna.com\/wp-content\/uploads\/2025\/02\/sattva-shilajit-proszek-15g.jpg\",\"datePublished\":\"2025-02-18T17:07:15+00:00\",\"dateModified\":\"2025-10-09T18:20:37+00:00\",\"description\":\"Sattva Shilajit to wysokiej jako\u015bci \u017cywica (mumio) pochodz\u0105ca z Himalaj\u00f3w, ceniona w ajurwedzie za swoje wszechstronne w\u0142a\u015bciwo\u015bci. Produkt w formie proszku jest w 100% naturalny, wega\u0144ski i odpowiedni dla wegetarian.\",\"breadcrumb\":{\"@id\":\"https:\/\/dev1.jogapiekna.com\/produkt\/sattva-shilajit-proszek-15g\/#breadcrumb\"},\"inLanguage\":\"en-GB\",\"potentialAction\":[{\"@type\":\"ReadAction\",\"target\":[\"https:\/\/dev1.jogapiekna.com\/produkt\/sattva-shilajit-proszek-15g\/\"]}]},{\"@type\":\"ImageObject\",\"inLanguage\":\"en-GB\",\"@id\":\"https:\/\/dev1.jogapiekna.com\/produkt\/sattva-shilajit-proszek-15g\/#primaryimage\",\"url\":\"https:\/\/dev1.jogapiekna.com\/wp-content\/uploads\/2025\/02\/sattva-shilajit-proszek-15g.jpg\",\"contentUrl\":\"https:\/\/dev1.jogapiekna.com\/wp-content\/uploads\/2025\/02\/sattva-shilajit-proszek-15g.jpg\",\"width\":1000,\"height\":1000,\"caption\":\"Sattva \u2022 Shilajit Himalajski (Mumio) \u2022 proszek 15 g\"},{\"@type\":\"BreadcrumbList\",\"@id\":\"https:\/\/dev1.jogapiekna.com\/produkt\/sattva-shilajit-proszek-15g\/#breadcrumb\",\"itemListElement\":[{\"@type\":\"ListItem\",\"position\":1,\"name\":\"Strona g\u0142\u00f3wna\",\"item\":\"https:\/\/dev1.jogapiekna.com\/\"},{\"@type\":\"ListItem\",\"position\":2,\"name\":\"Sklep\",\"item\":\"https:\/\/dev1.jogapiekna.com\/sklep\/\"},{\"@type\":\"ListItem\",\"position\":3,\"name\":\"Sattva \u2022 Shilajit Himalajski (Mumio) \u2022 proszek 15 g\"}]},{\"@type\":\"WebSite\",\"@id\":\"https:\/\/dev1.jogapiekna.com\/#website\",\"url\":\"https:\/\/dev1.jogapiekna.com\/\",\"name\":\"Joga Pi\u0119kna Marta Kuci\u0144ska\",\"description\":\"Joga Pi\u0119kna pomaga kobietom zachowa\u0107 urod\u0119, cofn\u0105\u0107 oznaki up\u0142ywaj\u0105cego czasu i zm\u0119czenia, odzyska\u0107 promienny wygl\u0105d, naturalny u\u015bmiech i popraw\u0119 w\u0142asnej samooceny.\",\"publisher\":{\"@id\":\"https:\/\/dev1.jogapiekna.com\/#organization\"},\"potentialAction\":[{\"@type\":\"SearchAction\",\"target\":{\"@type\":\"EntryPoint\",\"urlTemplate\":\"https:\/\/dev1.jogapiekna.com\/?s={search_term_string}\"},\"query-input\":{\"@type\":\"PropertyValueSpecification\",\"valueRequired\":true,\"valueName\":\"search_term_string\"}}],\"inLanguage\":\"en-GB\"},{\"@type\":\"Organization\",\"@id\":\"https:\/\/dev1.jogapiekna.com\/#organization\",\"name\":\"Joga Pi\u0119kna Marta Kuci\u0144ska\",\"url\":\"https:\/\/dev1.jogapiekna.com\/\",\"logo\":{\"@type\":\"ImageObject\",\"inLanguage\":\"en-GB\",\"@id\":\"https:\/\/dev1.jogapiekna.com\/#\/schema\/logo\/image\/\",\"url\":\"https:\/\/dev1.jogapiekna.com\/wp-content\/uploads\/2022\/09\/joga-piekna-logo_Rka.png\",\"contentUrl\":\"https:\/\/dev1.jogapiekna.com\/wp-content\/uploads\/2022\/09\/joga-piekna-logo_Rka.png\",\"width\":231,\"height\":124,\"caption\":\"Joga Pi\u0119kna Marta Kuci\u0144ska\"},\"image\":{\"@id\":\"https:\/\/dev1.jogapiekna.com\/#\/schema\/logo\/image\/\"},\"sameAs\":[\"https:\/\/www.facebook.com\/JogaPieknaCom\/\",\"https:\/\/www.instagram.com\/jogapieknacom\/\"]}]}<\/script>\n<!-- \/ Yoast SEO plugin. -->","yoast_head_json":{"title":"Sattva - Himalayan Shilajit (Mumio) - powder 15 g","description":"Sattva Shilajit is a high quality resin (mummy) from the Himalayas, valued in Ayurveda for its versatile properties. The product in powder form is 100% natural, vegan and suitable for vegetarians.","robots":{"index":"index","follow":"follow","max-snippet":"max-snippet:-1","max-image-preview":"max-image-preview:large","max-video-preview":"max-video-preview:-1"},"canonical":"https:\/\/dev1.jogapiekna.com\/en\/product\/sattva-shilajit-proszek-15g\/","og_locale":"en_GB","og_type":"article","og_title":"Sattva \u2022 Shilajit Himalajski (Mumio) \u2022 proszek 15 g","og_description":"Sattva Shilajit to wysokiej jako\u015bci \u017cywica (mumio) pochodz\u0105ca z Himalaj\u00f3w, ceniona w ajurwedzie za swoje wszechstronne w\u0142a\u015bciwo\u015bci. Produkt w formie proszku jest w 100% naturalny, wega\u0144ski i odpowiedni dla wegetarian.","og_url":"https:\/\/dev1.jogapiekna.com\/en\/product\/sattva-shilajit-proszek-15g\/","og_site_name":"JOGA PI\u0118KNA | Joga Twarzy","article_publisher":"https:\/\/www.facebook.com\/JogaPieknaCom\/","article_modified_time":"2025-10-09T18:20:37+00:00","og_image":[{"width":1000,"height":1000,"url":"https:\/\/dev1.jogapiekna.com\/wp-content\/uploads\/2025\/02\/sattva-shilajit-proszek-15g.jpg","type":"image\/jpeg"}],"twitter_card":"summary_large_image","twitter_misc":{"Estimated reading time":"2 minutes"},"schema":{"@context":"https:\/\/schema.org","@graph":[{"@type":"WebPage","@id":"https:\/\/dev1.jogapiekna.com\/produkt\/sattva-shilajit-proszek-15g\/","url":"https:\/\/dev1.jogapiekna.com\/produkt\/sattva-shilajit-proszek-15g\/","name":"Sattva - Himalayan Shilajit (Mumio) - powder 15 g","isPartOf":{"@id":"https:\/\/dev1.jogapiekna.com\/#website"},"primaryImageOfPage":{"@id":"https:\/\/dev1.jogapiekna.com\/produkt\/sattva-shilajit-proszek-15g\/#primaryimage"},"image":{"@id":"https:\/\/dev1.jogapiekna.com\/produkt\/sattva-shilajit-proszek-15g\/#primaryimage"},"thumbnailUrl":"https:\/\/dev1.jogapiekna.com\/wp-content\/uploads\/2025\/02\/sattva-shilajit-proszek-15g.jpg","datePublished":"2025-02-18T17:07:15+00:00","dateModified":"2025-10-09T18:20:37+00:00","description":"Sattva Shilajit is a high quality resin (mummy) from the Himalayas, valued in Ayurveda for its versatile properties. The product in powder form is 100% natural, vegan and suitable for vegetarians.","breadcrumb":{"@id":"https:\/\/dev1.jogapiekna.com\/produkt\/sattva-shilajit-proszek-15g\/#breadcrumb"},"inLanguage":"en-GB","potentialAction":[{"@type":"ReadAction","target":["https:\/\/dev1.jogapiekna.com\/produkt\/sattva-shilajit-proszek-15g\/"]}]},{"@type":"ImageObject","inLanguage":"en-GB","@id":"https:\/\/dev1.jogapiekna.com\/produkt\/sattva-shilajit-proszek-15g\/#primaryimage","url":"https:\/\/dev1.jogapiekna.com\/wp-content\/uploads\/2025\/02\/sattva-shilajit-proszek-15g.jpg","contentUrl":"https:\/\/dev1.jogapiekna.com\/wp-content\/uploads\/2025\/02\/sattva-shilajit-proszek-15g.jpg","width":1000,"height":1000,"caption":"Sattva \u2022 Shilajit Himalajski (Mumio) \u2022 proszek 15 g"},{"@type":"BreadcrumbList","@id":"https:\/\/dev1.jogapiekna.com\/produkt\/sattva-shilajit-proszek-15g\/#breadcrumb","itemListElement":[{"@type":"ListItem","position":1,"name":"Strona g\u0142\u00f3wna","item":"https:\/\/dev1.jogapiekna.com\/"},{"@type":"ListItem","position":2,"name":"Sklep","item":"https:\/\/dev1.jogapiekna.com\/sklep\/"},{"@type":"ListItem","position":3,"name":"Sattva \u2022 Shilajit Himalajski (Mumio) \u2022 proszek 15 g"}]},{"@type":"WebSite","@id":"https:\/\/dev1.jogapiekna.com\/#website","url":"https:\/\/dev1.jogapiekna.com\/","name":"Yoga Beauty Marta Kuci\u0144ska","description":"Beauty Yoga helps women to maintain their beauty, reverse the signs of passing time and fatigue, regain a radiant appearance, natural smile and improve their self-esteem.","publisher":{"@id":"https:\/\/dev1.jogapiekna.com\/#organization"},"potentialAction":[{"@type":"SearchAction","target":{"@type":"EntryPoint","urlTemplate":"https:\/\/dev1.jogapiekna.com\/?s={search_term_string}"},"query-input":{"@type":"PropertyValueSpecification","valueRequired":true,"valueName":"search_term_string"}}],"inLanguage":"en-GB"},{"@type":"Organization","@id":"https:\/\/dev1.jogapiekna.com\/#organization","name":"Yoga Beauty Marta Kuci\u0144ska","url":"https:\/\/dev1.jogapiekna.com\/","logo":{"@type":"ImageObject","inLanguage":"en-GB","@id":"https:\/\/dev1.jogapiekna.com\/#\/schema\/logo\/image\/","url":"https:\/\/dev1.jogapiekna.com\/wp-content\/uploads\/2022\/09\/joga-piekna-logo_Rka.png","contentUrl":"https:\/\/dev1.jogapiekna.com\/wp-content\/uploads\/2022\/09\/joga-piekna-logo_Rka.png","width":231,"height":124,"caption":"Joga Pi\u0119kna Marta Kuci\u0144ska"},"image":{"@id":"https:\/\/dev1.jogapiekna.com\/#\/schema\/logo\/image\/"},"sameAs":["https:\/\/www.facebook.com\/JogaPieknaCom\/","https:\/\/www.instagram.com\/jogapieknacom\/"]}]}},"_links":{"self":[{"href":"https:\/\/dev1.jogapiekna.com\/en\/wp-json\/wp\/v2\/product\/189154","targetHints":{"allow":["GET"]}}],"collection":[{"href":"https:\/\/dev1.jogapiekna.com\/en\/wp-json\/wp\/v2\/product"}],"about":[{"href":"https:\/\/dev1.jogapiekna.com\/en\/wp-json\/wp\/v2\/types\/product"}],"replies":[{"embeddable":true,"href":"https:\/\/dev1.jogapiekna.com\/en\/wp-json\/wp\/v2\/comments?post=189154"}],"version-history":[{"count":0,"href":"https:\/\/dev1.jogapiekna.com\/en\/wp-json\/wp\/v2\/product\/189154\/revisions"}],"wp:featuredmedia":[{"embeddable":true,"href":"https:\/\/dev1.jogapiekna.com\/en\/wp-json\/wp\/v2\/media\/189157"}],"wp:attachment":[{"href":"https:\/\/dev1.jogapiekna.com\/en\/wp-json\/wp\/v2\/media?parent=189154"}],"wp:term":[{"taxonomy":"product_brand","embeddable":true,"href":"https:\/\/dev1.jogapiekna.com\/en\/wp-json\/wp\/v2\/product_brand?post=189154"},{"taxonomy":"product_cat","embeddable":true,"href":"https:\/\/dev1.jogapiekna.com\/en\/wp-json\/wp\/v2\/product_cat?post=189154"},{"taxonomy":"product_tag","embeddable":true,"href":"https:\/\/dev1.jogapiekna.com\/en\/wp-json\/wp\/v2\/product_tag?post=189154"}],"curies":[{"name":"wp","href":"https:\/\/api.w.org\/{rel}","templated":true}]}}