{"id":189142,"date":"2025-02-18T17:41:58","date_gmt":"2025-02-18T16:41:58","guid":{"rendered":"https:\/\/dev1.jogapiekna.com?post_type=product&#038;p=189142"},"modified":"2026-02-01T19:36:18","modified_gmt":"2026-02-01T18:36:18","slug":"sattva-guggul-extract-cholesterol-60-kapsulek","status":"publish","type":"product","link":"https:\/\/dev1.jogapiekna.com\/en\/product\/sattva-guggul-extract-cholesterol-60-kapsulek\/","title":{"rendered":"Sattva Guggul Extract - normal cholesterol levels - 60 capsules"},"content":{"rendered":"<p>&nbsp;<\/p>\n<h2>Natural support for the heart, skin and metabolism.<\/h2>\n<p>Guggul is an extract from the resin of the Indian balsam tree, known in ayurveda for its health-promoting properties. It supports the maintenance of normal cholesterol levels, has anti-inflammatory effects and supports metabolism and skin health.<\/p>\n<p>&nbsp;<\/p>\n<h2>Benefits:<\/h2>\n<ul>\n<li>Supports heart health - regulates cholesterol and triglyceride levels<\/li>\n<li>Anti-inflammatory - helpful with joint problems<\/li>\n<li>Supports healthy skin - helps fight acne<\/li>\n<li>Contributes to weight control - can support metabolism<\/li>\n<\/ul>\n<p>&nbsp;<\/p>\n<h2>Ingredients:<\/h2>\n<p>Indian balsam tree (Commiphora mukul) resin extract standardised to 2.5% guggulsterones (DER 8:1) - 450 mg<br \/>\nCapsule: hydroxypropyl methyl cellulose<\/p>\n<p><strong>Dosage:<\/strong> 1 capsule per day, preferably with a meal<br \/>\n<strong>Packaging:<\/strong> 60 capsules<\/p>\n<p><em>Dietary supplement. Do not exceed recommended dosage for consumption. The product is not a substitute for a varied diet and healthy lifestyle.<\/em><\/p>","protected":false},"excerpt":{"rendered":"<p>Natural support for the heart, skin and metabolism.<\/p>\n<p>Guggul is an extract from the resin of the Indian balsam tree, known in ayurveda for its health-promoting properties. It supports the maintenance of normal cholesterol levels, has anti-inflammatory effects and supports metabolism and skin health.<\/p>","protected":false},"featured_media":189147,"comment_status":"closed","ping_status":"closed","template":"","meta":{"_acf_changed":false,"site-sidebar-layout":"default","site-content-layout":"","ast-site-content-layout":"default","site-content-style":"default","site-sidebar-style":"default","ast-global-header-display":"","ast-banner-title-visibility":"","ast-main-header-display":"","ast-hfb-above-header-display":"","ast-hfb-below-header-display":"","ast-hfb-mobile-header-display":"","site-post-title":"","ast-breadcrumbs-content":"","ast-featured-img":"","footer-sml-layout":"","ast-disable-related-posts":"","theme-transparent-header-meta":"","adv-header-id-meta":"","stick-header-meta":"","header-above-stick-meta":"","header-main-stick-meta":"","header-below-stick-meta":"","astra-migrate-meta-layouts":"default","ast-page-background-enabled":"default","ast-page-background-meta":{"desktop":{"background-color":"var(--ast-global-color-5)","background-image":"","background-repeat":"repeat","background-position":"center center","background-size":"auto","background-attachment":"scroll","background-type":"","background-media":"","overlay-type":"","overlay-color":"","overlay-opacity":"","overlay-gradient":""},"tablet":{"background-color":"","background-image":"","background-repeat":"repeat","background-position":"center center","background-size":"auto","background-attachment":"scroll","background-type":"","background-media":"","overlay-type":"","overlay-color":"","overlay-opacity":"","overlay-gradient":""},"mobile":{"background-color":"","background-image":"","background-repeat":"repeat","background-position":"center center","background-size":"auto","background-attachment":"scroll","background-type":"","background-media":"","overlay-type":"","overlay-color":"","overlay-opacity":"","overlay-gradient":""}},"ast-content-background-meta":{"desktop":{"background-color":"var(--ast-global-color-4)","background-image":"","background-repeat":"repeat","background-position":"center center","background-size":"auto","background-attachment":"scroll","background-type":"","background-media":"","overlay-type":"","overlay-color":"","overlay-opacity":"","overlay-gradient":""},"tablet":{"background-color":"var(--ast-global-color-4)","background-image":"","background-repeat":"repeat","background-position":"center center","background-size":"auto","background-attachment":"scroll","background-type":"","background-media":"","overlay-type":"","overlay-color":"","overlay-opacity":"","overlay-gradient":""},"mobile":{"background-color":"var(--ast-global-color-4)","background-image":"","background-repeat":"repeat","background-position":"center center","background-size":"auto","background-attachment":"scroll","background-type":"","background-media":"","overlay-type":"","overlay-color":"","overlay-opacity":"","overlay-gradient":""}}},"product_brand":[],"product_cat":[639],"product_tag":[396,847,846,845],"class_list":{"0":"post-189142","1":"product","2":"type-product","3":"status-publish","4":"has-post-thumbnail","6":"product_cat-suplementy","7":"product_tag-cholesterol","8":"product_tag-kontrola-masy-ciala","9":"product_tag-wspomaganie-zdrowia-serca","10":"product_tag-zdrowa-skora","11":"desktop-align-left","12":"tablet-align-left","13":"mobile-align-left","15":"first","16":"outofstock","17":"taxable","18":"shipping-taxable","19":"purchasable","20":"product-type-simple"},"acf":[],"yoast_head":"<!-- This site is optimized with the Yoast SEO plugin v27.1.1 - https:\/\/yoast.com\/product\/yoast-seo-wordpress\/ -->\n<title>Sattva Guggul Extract \u2013 prawid\u0142owy poziom cholesterolu \u2013 60 kapsu\u0142ek<\/title>\n<meta name=\"description\" content=\"Naturalne wsparcie dla serca, sk\u00f3ry i metabolizmu.Guggul to ekstrakt z \u017cywicy balsamowca indyjskiego, znany w ajurwedzie ze swoich w\u0142a\u015bciwo\u015bci prozdrowotnych. Wspomaga utrzymanie prawid\u0142owego poziomu cholesterolu, dzia\u0142a przeciwzapalnie oraz wspiera metabolizm i zdrowie sk\u00f3ry.\" \/>\n<meta name=\"robots\" content=\"index, follow, max-snippet:-1, max-image-preview:large, max-video-preview:-1\" \/>\n<link rel=\"canonical\" href=\"https:\/\/dev1.jogapiekna.com\/en\/product\/sattva-guggul-extract-cholesterol-60-kapsulek\/\" \/>\n<meta property=\"og:locale\" content=\"en_GB\" \/>\n<meta property=\"og:type\" content=\"article\" \/>\n<meta property=\"og:title\" content=\"Sattva Guggul Extract \u2013 prawid\u0142owy poziom cholesterolu \u2013 60 kapsu\u0142ek\" \/>\n<meta property=\"og:description\" content=\"Naturalne wsparcie dla serca, sk\u00f3ry i metabolizmu.Guggul to ekstrakt z \u017cywicy balsamowca indyjskiego, znany w ajurwedzie ze swoich w\u0142a\u015bciwo\u015bci prozdrowotnych. Wspomaga utrzymanie prawid\u0142owego poziomu cholesterolu, dzia\u0142a przeciwzapalnie oraz wspiera metabolizm i zdrowie sk\u00f3ry.\" \/>\n<meta property=\"og:url\" content=\"https:\/\/dev1.jogapiekna.com\/en\/product\/sattva-guggul-extract-cholesterol-60-kapsulek\/\" \/>\n<meta property=\"og:site_name\" content=\"JOGA PI\u0118KNA | Joga Twarzy\" \/>\n<meta property=\"article:publisher\" content=\"https:\/\/www.facebook.com\/JogaPieknaCom\/\" \/>\n<meta property=\"article:modified_time\" content=\"2026-02-01T18:36:18+00:00\" \/>\n<meta property=\"og:image\" content=\"https:\/\/dev1.jogapiekna.com\/wp-content\/uploads\/2025\/02\/sattva-guggul-extract-cholesterol-60-kapsulek.jpg\" \/>\n\t<meta property=\"og:image:width\" content=\"1000\" \/>\n\t<meta property=\"og:image:height\" content=\"1000\" \/>\n\t<meta property=\"og:image:type\" content=\"image\/jpeg\" \/>\n<meta name=\"twitter:card\" content=\"summary_large_image\" \/>\n<meta name=\"twitter:label1\" content=\"Estimated reading time\" \/>\n\t<meta name=\"twitter:data1\" content=\"1 minute\" \/>\n<script type=\"application\/ld+json\" class=\"yoast-schema-graph\">{\"@context\":\"https:\/\/schema.org\",\"@graph\":[{\"@type\":\"WebPage\",\"@id\":\"https:\/\/dev1.jogapiekna.com\/produkt\/sattva-guggul-extract-cholesterol-60-kapsulek\/\",\"url\":\"https:\/\/dev1.jogapiekna.com\/produkt\/sattva-guggul-extract-cholesterol-60-kapsulek\/\",\"name\":\"Sattva Guggul Extract \u2013 prawid\u0142owy poziom cholesterolu \u2013 60 kapsu\u0142ek\",\"isPartOf\":{\"@id\":\"https:\/\/dev1.jogapiekna.com\/#website\"},\"primaryImageOfPage\":{\"@id\":\"https:\/\/dev1.jogapiekna.com\/produkt\/sattva-guggul-extract-cholesterol-60-kapsulek\/#primaryimage\"},\"image\":{\"@id\":\"https:\/\/dev1.jogapiekna.com\/produkt\/sattva-guggul-extract-cholesterol-60-kapsulek\/#primaryimage\"},\"thumbnailUrl\":\"https:\/\/dev1.jogapiekna.com\/wp-content\/uploads\/2025\/02\/sattva-guggul-extract-cholesterol-60-kapsulek.jpg\",\"datePublished\":\"2025-02-18T16:41:58+00:00\",\"dateModified\":\"2026-02-01T18:36:18+00:00\",\"description\":\"Naturalne wsparcie dla serca, sk\u00f3ry i metabolizmu.Guggul to ekstrakt z \u017cywicy balsamowca indyjskiego, znany w ajurwedzie ze swoich w\u0142a\u015bciwo\u015bci prozdrowotnych. Wspomaga utrzymanie prawid\u0142owego poziomu cholesterolu, dzia\u0142a przeciwzapalnie oraz wspiera metabolizm i zdrowie sk\u00f3ry.\",\"breadcrumb\":{\"@id\":\"https:\/\/dev1.jogapiekna.com\/produkt\/sattva-guggul-extract-cholesterol-60-kapsulek\/#breadcrumb\"},\"inLanguage\":\"en-GB\",\"potentialAction\":[{\"@type\":\"ReadAction\",\"target\":[\"https:\/\/dev1.jogapiekna.com\/produkt\/sattva-guggul-extract-cholesterol-60-kapsulek\/\"]}]},{\"@type\":\"ImageObject\",\"inLanguage\":\"en-GB\",\"@id\":\"https:\/\/dev1.jogapiekna.com\/produkt\/sattva-guggul-extract-cholesterol-60-kapsulek\/#primaryimage\",\"url\":\"https:\/\/dev1.jogapiekna.com\/wp-content\/uploads\/2025\/02\/sattva-guggul-extract-cholesterol-60-kapsulek.jpg\",\"contentUrl\":\"https:\/\/dev1.jogapiekna.com\/wp-content\/uploads\/2025\/02\/sattva-guggul-extract-cholesterol-60-kapsulek.jpg\",\"width\":1000,\"height\":1000,\"caption\":\"Sattva Guggul Extract \u2013 prawid\u0142owy poziom cholesterolu \u2013 60 kapsu\u0142ek\"},{\"@type\":\"BreadcrumbList\",\"@id\":\"https:\/\/dev1.jogapiekna.com\/produkt\/sattva-guggul-extract-cholesterol-60-kapsulek\/#breadcrumb\",\"itemListElement\":[{\"@type\":\"ListItem\",\"position\":1,\"name\":\"Strona g\u0142\u00f3wna\",\"item\":\"https:\/\/dev1.jogapiekna.com\/\"},{\"@type\":\"ListItem\",\"position\":2,\"name\":\"Sklep\",\"item\":\"https:\/\/dev1.jogapiekna.com\/sklep\/\"},{\"@type\":\"ListItem\",\"position\":3,\"name\":\"Sattva Guggul Extract \u2022 prawid\u0142owy poziom cholesterolu \u2022 60 kapsu\u0142ek\"}]},{\"@type\":\"WebSite\",\"@id\":\"https:\/\/dev1.jogapiekna.com\/#website\",\"url\":\"https:\/\/dev1.jogapiekna.com\/\",\"name\":\"Joga Pi\u0119kna Marta Kuci\u0144ska\",\"description\":\"Joga Pi\u0119kna pomaga kobietom zachowa\u0107 urod\u0119, cofn\u0105\u0107 oznaki up\u0142ywaj\u0105cego czasu i zm\u0119czenia, odzyska\u0107 promienny wygl\u0105d, naturalny u\u015bmiech i popraw\u0119 w\u0142asnej samooceny.\",\"publisher\":{\"@id\":\"https:\/\/dev1.jogapiekna.com\/#organization\"},\"potentialAction\":[{\"@type\":\"SearchAction\",\"target\":{\"@type\":\"EntryPoint\",\"urlTemplate\":\"https:\/\/dev1.jogapiekna.com\/?s={search_term_string}\"},\"query-input\":{\"@type\":\"PropertyValueSpecification\",\"valueRequired\":true,\"valueName\":\"search_term_string\"}}],\"inLanguage\":\"en-GB\"},{\"@type\":\"Organization\",\"@id\":\"https:\/\/dev1.jogapiekna.com\/#organization\",\"name\":\"Joga Pi\u0119kna Marta Kuci\u0144ska\",\"url\":\"https:\/\/dev1.jogapiekna.com\/\",\"logo\":{\"@type\":\"ImageObject\",\"inLanguage\":\"en-GB\",\"@id\":\"https:\/\/dev1.jogapiekna.com\/#\/schema\/logo\/image\/\",\"url\":\"https:\/\/dev1.jogapiekna.com\/wp-content\/uploads\/2022\/09\/joga-piekna-logo_Rka.png\",\"contentUrl\":\"https:\/\/dev1.jogapiekna.com\/wp-content\/uploads\/2022\/09\/joga-piekna-logo_Rka.png\",\"width\":231,\"height\":124,\"caption\":\"Joga Pi\u0119kna Marta Kuci\u0144ska\"},\"image\":{\"@id\":\"https:\/\/dev1.jogapiekna.com\/#\/schema\/logo\/image\/\"},\"sameAs\":[\"https:\/\/www.facebook.com\/JogaPieknaCom\/\",\"https:\/\/www.instagram.com\/jogapieknacom\/\"]}]}<\/script>\n<!-- \/ Yoast SEO plugin. -->","yoast_head_json":{"title":"Sattva Guggul Extract \u2013 prawid\u0142owy poziom cholesterolu \u2013 60 kapsu\u0142ek","description":"Naturalne wsparcie dla serca, sk\u00f3ry i metabolizmu.Guggul to ekstrakt z \u017cywicy balsamowca indyjskiego, znany w ajurwedzie ze swoich w\u0142a\u015bciwo\u015bci prozdrowotnych. Wspomaga utrzymanie prawid\u0142owego poziomu cholesterolu, dzia\u0142a przeciwzapalnie oraz wspiera metabolizm i zdrowie sk\u00f3ry.","robots":{"index":"index","follow":"follow","max-snippet":"max-snippet:-1","max-image-preview":"max-image-preview:large","max-video-preview":"max-video-preview:-1"},"canonical":"https:\/\/dev1.jogapiekna.com\/en\/product\/sattva-guggul-extract-cholesterol-60-kapsulek\/","og_locale":"en_GB","og_type":"article","og_title":"Sattva Guggul Extract \u2013 prawid\u0142owy poziom cholesterolu \u2013 60 kapsu\u0142ek","og_description":"Naturalne wsparcie dla serca, sk\u00f3ry i metabolizmu.Guggul to ekstrakt z \u017cywicy balsamowca indyjskiego, znany w ajurwedzie ze swoich w\u0142a\u015bciwo\u015bci prozdrowotnych. Wspomaga utrzymanie prawid\u0142owego poziomu cholesterolu, dzia\u0142a przeciwzapalnie oraz wspiera metabolizm i zdrowie sk\u00f3ry.","og_url":"https:\/\/dev1.jogapiekna.com\/en\/product\/sattva-guggul-extract-cholesterol-60-kapsulek\/","og_site_name":"JOGA PI\u0118KNA | Joga Twarzy","article_publisher":"https:\/\/www.facebook.com\/JogaPieknaCom\/","article_modified_time":"2026-02-01T18:36:18+00:00","og_image":[{"width":1000,"height":1000,"url":"https:\/\/dev1.jogapiekna.com\/wp-content\/uploads\/2025\/02\/sattva-guggul-extract-cholesterol-60-kapsulek.jpg","type":"image\/jpeg"}],"twitter_card":"summary_large_image","twitter_misc":{"Estimated reading time":"1 minute"},"schema":{"@context":"https:\/\/schema.org","@graph":[{"@type":"WebPage","@id":"https:\/\/dev1.jogapiekna.com\/produkt\/sattva-guggul-extract-cholesterol-60-kapsulek\/","url":"https:\/\/dev1.jogapiekna.com\/produkt\/sattva-guggul-extract-cholesterol-60-kapsulek\/","name":"Sattva Guggul Extract \u2013 prawid\u0142owy poziom cholesterolu \u2013 60 kapsu\u0142ek","isPartOf":{"@id":"https:\/\/dev1.jogapiekna.com\/#website"},"primaryImageOfPage":{"@id":"https:\/\/dev1.jogapiekna.com\/produkt\/sattva-guggul-extract-cholesterol-60-kapsulek\/#primaryimage"},"image":{"@id":"https:\/\/dev1.jogapiekna.com\/produkt\/sattva-guggul-extract-cholesterol-60-kapsulek\/#primaryimage"},"thumbnailUrl":"https:\/\/dev1.jogapiekna.com\/wp-content\/uploads\/2025\/02\/sattva-guggul-extract-cholesterol-60-kapsulek.jpg","datePublished":"2025-02-18T16:41:58+00:00","dateModified":"2026-02-01T18:36:18+00:00","description":"Naturalne wsparcie dla serca, sk\u00f3ry i metabolizmu.Guggul to ekstrakt z \u017cywicy balsamowca indyjskiego, znany w ajurwedzie ze swoich w\u0142a\u015bciwo\u015bci prozdrowotnych. Wspomaga utrzymanie prawid\u0142owego poziomu cholesterolu, dzia\u0142a przeciwzapalnie oraz wspiera metabolizm i zdrowie sk\u00f3ry.","breadcrumb":{"@id":"https:\/\/dev1.jogapiekna.com\/produkt\/sattva-guggul-extract-cholesterol-60-kapsulek\/#breadcrumb"},"inLanguage":"en-GB","potentialAction":[{"@type":"ReadAction","target":["https:\/\/dev1.jogapiekna.com\/produkt\/sattva-guggul-extract-cholesterol-60-kapsulek\/"]}]},{"@type":"ImageObject","inLanguage":"en-GB","@id":"https:\/\/dev1.jogapiekna.com\/produkt\/sattva-guggul-extract-cholesterol-60-kapsulek\/#primaryimage","url":"https:\/\/dev1.jogapiekna.com\/wp-content\/uploads\/2025\/02\/sattva-guggul-extract-cholesterol-60-kapsulek.jpg","contentUrl":"https:\/\/dev1.jogapiekna.com\/wp-content\/uploads\/2025\/02\/sattva-guggul-extract-cholesterol-60-kapsulek.jpg","width":1000,"height":1000,"caption":"Sattva Guggul Extract \u2013 prawid\u0142owy poziom cholesterolu \u2013 60 kapsu\u0142ek"},{"@type":"BreadcrumbList","@id":"https:\/\/dev1.jogapiekna.com\/produkt\/sattva-guggul-extract-cholesterol-60-kapsulek\/#breadcrumb","itemListElement":[{"@type":"ListItem","position":1,"name":"Strona g\u0142\u00f3wna","item":"https:\/\/dev1.jogapiekna.com\/"},{"@type":"ListItem","position":2,"name":"Sklep","item":"https:\/\/dev1.jogapiekna.com\/sklep\/"},{"@type":"ListItem","position":3,"name":"Sattva Guggul Extract \u2022 prawid\u0142owy poziom cholesterolu \u2022 60 kapsu\u0142ek"}]},{"@type":"WebSite","@id":"https:\/\/dev1.jogapiekna.com\/#website","url":"https:\/\/dev1.jogapiekna.com\/","name":"Yoga Beauty Marta Kuci\u0144ska","description":"Beauty Yoga helps women to maintain their beauty, reverse the signs of passing time and fatigue, regain a radiant appearance, natural smile and improve their self-esteem.","publisher":{"@id":"https:\/\/dev1.jogapiekna.com\/#organization"},"potentialAction":[{"@type":"SearchAction","target":{"@type":"EntryPoint","urlTemplate":"https:\/\/dev1.jogapiekna.com\/?s={search_term_string}"},"query-input":{"@type":"PropertyValueSpecification","valueRequired":true,"valueName":"search_term_string"}}],"inLanguage":"en-GB"},{"@type":"Organization","@id":"https:\/\/dev1.jogapiekna.com\/#organization","name":"Yoga Beauty Marta Kuci\u0144ska","url":"https:\/\/dev1.jogapiekna.com\/","logo":{"@type":"ImageObject","inLanguage":"en-GB","@id":"https:\/\/dev1.jogapiekna.com\/#\/schema\/logo\/image\/","url":"https:\/\/dev1.jogapiekna.com\/wp-content\/uploads\/2022\/09\/joga-piekna-logo_Rka.png","contentUrl":"https:\/\/dev1.jogapiekna.com\/wp-content\/uploads\/2022\/09\/joga-piekna-logo_Rka.png","width":231,"height":124,"caption":"Joga Pi\u0119kna Marta Kuci\u0144ska"},"image":{"@id":"https:\/\/dev1.jogapiekna.com\/#\/schema\/logo\/image\/"},"sameAs":["https:\/\/www.facebook.com\/JogaPieknaCom\/","https:\/\/www.instagram.com\/jogapieknacom\/"]}]}},"_links":{"self":[{"href":"https:\/\/dev1.jogapiekna.com\/en\/wp-json\/wp\/v2\/product\/189142","targetHints":{"allow":["GET"]}}],"collection":[{"href":"https:\/\/dev1.jogapiekna.com\/en\/wp-json\/wp\/v2\/product"}],"about":[{"href":"https:\/\/dev1.jogapiekna.com\/en\/wp-json\/wp\/v2\/types\/product"}],"replies":[{"embeddable":true,"href":"https:\/\/dev1.jogapiekna.com\/en\/wp-json\/wp\/v2\/comments?post=189142"}],"version-history":[{"count":0,"href":"https:\/\/dev1.jogapiekna.com\/en\/wp-json\/wp\/v2\/product\/189142\/revisions"}],"wp:featuredmedia":[{"embeddable":true,"href":"https:\/\/dev1.jogapiekna.com\/en\/wp-json\/wp\/v2\/media\/189147"}],"wp:attachment":[{"href":"https:\/\/dev1.jogapiekna.com\/en\/wp-json\/wp\/v2\/media?parent=189142"}],"wp:term":[{"taxonomy":"product_brand","embeddable":true,"href":"https:\/\/dev1.jogapiekna.com\/en\/wp-json\/wp\/v2\/product_brand?post=189142"},{"taxonomy":"product_cat","embeddable":true,"href":"https:\/\/dev1.jogapiekna.com\/en\/wp-json\/wp\/v2\/product_cat?post=189142"},{"taxonomy":"product_tag","embeddable":true,"href":"https:\/\/dev1.jogapiekna.com\/en\/wp-json\/wp\/v2\/product_tag?post=189142"}],"curies":[{"name":"wp","href":"https:\/\/api.w.org\/{rel}","templated":true}]}}