{"id":188293,"date":"2025-02-11T12:31:34","date_gmt":"2025-02-11T11:31:34","guid":{"rendered":"https:\/\/dev1.jogapiekna.com?post_type=product&#038;p=188293"},"modified":"2026-01-23T23:02:59","modified_gmt":"2026-01-23T22:02:59","slug":"sattva-tulsi-stres-odpornosc-60-kapsulek","status":"publish","type":"product","link":"https:\/\/dev1.jogapiekna.com\/en\/product\/sattva-tulsi-stres-odpornosc-60-kapsulek\/","title":{"rendered":"Sattva Tulsi - stress and immunity - 60 capsules"},"content":{"rendered":"<p>Sattva Tulsi is a dietary supplement containing an extract standardised from Ocimum Sanctum, known as Holy Basil (Tulsi). The extract is standardised to contain 10% tannins, providing effective action in supporting respiratory function and immune support.<\/p>\n<p><strong>Ingredients in daily serving (1 capsule) - 450 mg:<\/strong><\/p>\n<ul>\n<li>10:1 extract of Tulsi, Holy Basil (Ocimum Sanctum), including 10% tannins - 45 mg<\/li>\n<li>Capsule: hydroxypropyl methyl cellulose (HPMC)<\/li>\n<\/ul>\n<p>&nbsp;<\/p>\n<h2>Benefits and effects of Tulsi<\/h2>\n<ul>\n<li>Supports the respiratory system.<\/li>\n<li>Strengthens immunity.<\/li>\n<li>Helps to manage stress and emotions.<\/li>\n<\/ul>\n<p><strong>Recommended intake:<\/strong><br \/>\n1 capsule daily, washed down with water.<\/p>","protected":false},"excerpt":{"rendered":"<p>Sattva Tulsi is a dietary supplement that contains the extract of Ocimum Sanctum, also known as Holy Basil. Tulsi is valued for its immune-supporting and stress-reducing properties, helping to maintain emotional balance and better sleep quality.<\/p>\n<p><strong>Destiny<\/strong><\/p>\n<ul>\n<li>Supports immunity and health.<\/li>\n<li>It reduces stress and promotes healthy sleep and emotional balance.<\/li>\n<\/ul>\n<p><strong>Container:<\/strong> 60 capsules<\/p>","protected":false},"featured_media":188295,"comment_status":"closed","ping_status":"closed","template":"","meta":{"_acf_changed":false,"site-sidebar-layout":"default","site-content-layout":"","ast-site-content-layout":"default","site-content-style":"default","site-sidebar-style":"default","ast-global-header-display":"","ast-banner-title-visibility":"","ast-main-header-display":"","ast-hfb-above-header-display":"","ast-hfb-below-header-display":"","ast-hfb-mobile-header-display":"","site-post-title":"","ast-breadcrumbs-content":"","ast-featured-img":"","footer-sml-layout":"","ast-disable-related-posts":"","theme-transparent-header-meta":"","adv-header-id-meta":"","stick-header-meta":"","header-above-stick-meta":"","header-main-stick-meta":"","header-below-stick-meta":"","astra-migrate-meta-layouts":"default","ast-page-background-enabled":"default","ast-page-background-meta":{"desktop":{"background-color":"var(--ast-global-color-5)","background-image":"","background-repeat":"repeat","background-position":"center center","background-size":"auto","background-attachment":"scroll","background-type":"","background-media":"","overlay-type":"","overlay-color":"","overlay-opacity":"","overlay-gradient":""},"tablet":{"background-color":"","background-image":"","background-repeat":"repeat","background-position":"center center","background-size":"auto","background-attachment":"scroll","background-type":"","background-media":"","overlay-type":"","overlay-color":"","overlay-opacity":"","overlay-gradient":""},"mobile":{"background-color":"","background-image":"","background-repeat":"repeat","background-position":"center center","background-size":"auto","background-attachment":"scroll","background-type":"","background-media":"","overlay-type":"","overlay-color":"","overlay-opacity":"","overlay-gradient":""}},"ast-content-background-meta":{"desktop":{"background-color":"var(--ast-global-color-4)","background-image":"","background-repeat":"repeat","background-position":"center center","background-size":"auto","background-attachment":"scroll","background-type":"","background-media":"","overlay-type":"","overlay-color":"","overlay-opacity":"","overlay-gradient":""},"tablet":{"background-color":"var(--ast-global-color-4)","background-image":"","background-repeat":"repeat","background-position":"center center","background-size":"auto","background-attachment":"scroll","background-type":"","background-media":"","overlay-type":"","overlay-color":"","overlay-opacity":"","overlay-gradient":""},"mobile":{"background-color":"var(--ast-global-color-4)","background-image":"","background-repeat":"repeat","background-position":"center center","background-size":"auto","background-attachment":"scroll","background-type":"","background-media":"","overlay-type":"","overlay-color":"","overlay-opacity":"","overlay-gradient":""}}},"product_brand":[],"product_cat":[639],"product_tag":[502,358,402,598],"class_list":{"0":"post-188293","1":"product","2":"type-product","3":"status-publish","4":"has-post-thumbnail","6":"product_cat-suplementy","7":"product_tag-redukcja-stresu","8":"product_tag-stres","9":"product_tag-uklad-odpornosciowy","10":"product_tag-wzmocnienie-odpornosci","11":"desktop-align-left","12":"tablet-align-left","13":"mobile-align-left","15":"first","16":"instock","17":"taxable","18":"shipping-taxable","19":"purchasable","20":"product-type-simple"},"acf":[],"yoast_head":"<!-- This site is optimized with the Yoast SEO plugin v27.1.1 - https:\/\/yoast.com\/product\/yoast-seo-wordpress\/ -->\n<title>Sattva Tulsi \u2022 stres i odporno\u015b\u0107 \u2022 60 kapsu\u0142ek<\/title>\n<meta name=\"description\" content=\"Sattva Tulsi to suplement diety, kt\u00f3ry zawiera ekstrakt z Ocimum Sanctum, znanej r\u00f3wnie\u017c jako \u015awi\u0119ta Bazylia. Tulsi jest ceniona za swoje w\u0142a\u015bciwo\u015bci wspomagaj\u0105ce odporno\u015b\u0107 organizmu oraz redukuj\u0105ce stres, pomagaj\u0105c w utrzymaniu r\u00f3wnowagi emocjonalnej i lepszej jako\u015bci snu.\" \/>\n<meta name=\"robots\" content=\"index, follow, max-snippet:-1, max-image-preview:large, max-video-preview:-1\" \/>\n<link rel=\"canonical\" href=\"https:\/\/dev1.jogapiekna.com\/en\/product\/sattva-tulsi-stres-odpornosc-60-kapsulek\/\" \/>\n<meta property=\"og:locale\" content=\"en_GB\" \/>\n<meta property=\"og:type\" content=\"article\" \/>\n<meta property=\"og:title\" content=\"Sattva Tulsi \u2022 stres i odporno\u015b\u0107 \u2022 60 kapsu\u0142ek\" \/>\n<meta property=\"og:description\" content=\"Sattva Tulsi to suplement diety, kt\u00f3ry zawiera ekstrakt z Ocimum Sanctum, znanej r\u00f3wnie\u017c jako \u015awi\u0119ta Bazylia. Tulsi jest ceniona za swoje w\u0142a\u015bciwo\u015bci wspomagaj\u0105ce odporno\u015b\u0107 organizmu oraz redukuj\u0105ce stres, pomagaj\u0105c w utrzymaniu r\u00f3wnowagi emocjonalnej i lepszej jako\u015bci snu.\" \/>\n<meta property=\"og:url\" content=\"https:\/\/dev1.jogapiekna.com\/en\/product\/sattva-tulsi-stres-odpornosc-60-kapsulek\/\" \/>\n<meta property=\"og:site_name\" content=\"JOGA PI\u0118KNA | Joga Twarzy\" \/>\n<meta property=\"article:publisher\" content=\"https:\/\/www.facebook.com\/JogaPieknaCom\/\" \/>\n<meta property=\"article:modified_time\" content=\"2026-01-23T22:02:59+00:00\" \/>\n<meta property=\"og:image\" content=\"https:\/\/dev1.jogapiekna.com\/wp-content\/uploads\/2025\/02\/sattva-tulsi-stres-odpornosc-60-kapsulek.jpg\" \/>\n\t<meta property=\"og:image:width\" content=\"1000\" \/>\n\t<meta property=\"og:image:height\" content=\"1000\" \/>\n\t<meta property=\"og:image:type\" content=\"image\/jpeg\" \/>\n<meta name=\"twitter:card\" content=\"summary_large_image\" \/>\n<meta name=\"twitter:label1\" content=\"Estimated reading time\" \/>\n\t<meta name=\"twitter:data1\" content=\"1 minute\" \/>\n<script type=\"application\/ld+json\" class=\"yoast-schema-graph\">{\"@context\":\"https:\/\/schema.org\",\"@graph\":[{\"@type\":\"WebPage\",\"@id\":\"https:\/\/dev1.jogapiekna.com\/produkt\/sattva-tulsi-stres-odpornosc-60-kapsulek\/\",\"url\":\"https:\/\/dev1.jogapiekna.com\/produkt\/sattva-tulsi-stres-odpornosc-60-kapsulek\/\",\"name\":\"Sattva Tulsi \u2022 stres i odporno\u015b\u0107 \u2022 60 kapsu\u0142ek\",\"isPartOf\":{\"@id\":\"https:\/\/dev1.jogapiekna.com\/#website\"},\"primaryImageOfPage\":{\"@id\":\"https:\/\/dev1.jogapiekna.com\/produkt\/sattva-tulsi-stres-odpornosc-60-kapsulek\/#primaryimage\"},\"image\":{\"@id\":\"https:\/\/dev1.jogapiekna.com\/produkt\/sattva-tulsi-stres-odpornosc-60-kapsulek\/#primaryimage\"},\"thumbnailUrl\":\"https:\/\/dev1.jogapiekna.com\/wp-content\/uploads\/2025\/02\/sattva-tulsi-stres-odpornosc-60-kapsulek.jpg\",\"datePublished\":\"2025-02-11T11:31:34+00:00\",\"dateModified\":\"2026-01-23T22:02:59+00:00\",\"description\":\"Sattva Tulsi to suplement diety, kt\u00f3ry zawiera ekstrakt z Ocimum Sanctum, znanej r\u00f3wnie\u017c jako \u015awi\u0119ta Bazylia. Tulsi jest ceniona za swoje w\u0142a\u015bciwo\u015bci wspomagaj\u0105ce odporno\u015b\u0107 organizmu oraz redukuj\u0105ce stres, pomagaj\u0105c w utrzymaniu r\u00f3wnowagi emocjonalnej i lepszej jako\u015bci snu.\",\"breadcrumb\":{\"@id\":\"https:\/\/dev1.jogapiekna.com\/produkt\/sattva-tulsi-stres-odpornosc-60-kapsulek\/#breadcrumb\"},\"inLanguage\":\"en-GB\",\"potentialAction\":[{\"@type\":\"ReadAction\",\"target\":[\"https:\/\/dev1.jogapiekna.com\/produkt\/sattva-tulsi-stres-odpornosc-60-kapsulek\/\"]}]},{\"@type\":\"ImageObject\",\"inLanguage\":\"en-GB\",\"@id\":\"https:\/\/dev1.jogapiekna.com\/produkt\/sattva-tulsi-stres-odpornosc-60-kapsulek\/#primaryimage\",\"url\":\"https:\/\/dev1.jogapiekna.com\/wp-content\/uploads\/2025\/02\/sattva-tulsi-stres-odpornosc-60-kapsulek.jpg\",\"contentUrl\":\"https:\/\/dev1.jogapiekna.com\/wp-content\/uploads\/2025\/02\/sattva-tulsi-stres-odpornosc-60-kapsulek.jpg\",\"width\":1000,\"height\":1000,\"caption\":\"Sattva Tulsi \u2022 stres i odporno\u015b\u0107 \u2022 60 kapsu\u0142ek\"},{\"@type\":\"BreadcrumbList\",\"@id\":\"https:\/\/dev1.jogapiekna.com\/produkt\/sattva-tulsi-stres-odpornosc-60-kapsulek\/#breadcrumb\",\"itemListElement\":[{\"@type\":\"ListItem\",\"position\":1,\"name\":\"Strona g\u0142\u00f3wna\",\"item\":\"https:\/\/dev1.jogapiekna.com\/\"},{\"@type\":\"ListItem\",\"position\":2,\"name\":\"Sklep\",\"item\":\"https:\/\/dev1.jogapiekna.com\/sklep\/\"},{\"@type\":\"ListItem\",\"position\":3,\"name\":\"Sattva Tulsi \u2022 stres i odporno\u015b\u0107 \u2022 60 kapsu\u0142ek\"}]},{\"@type\":\"WebSite\",\"@id\":\"https:\/\/dev1.jogapiekna.com\/#website\",\"url\":\"https:\/\/dev1.jogapiekna.com\/\",\"name\":\"Joga Pi\u0119kna Marta Kuci\u0144ska\",\"description\":\"Joga Pi\u0119kna pomaga kobietom zachowa\u0107 urod\u0119, cofn\u0105\u0107 oznaki up\u0142ywaj\u0105cego czasu i zm\u0119czenia, odzyska\u0107 promienny wygl\u0105d, naturalny u\u015bmiech i popraw\u0119 w\u0142asnej samooceny.\",\"publisher\":{\"@id\":\"https:\/\/dev1.jogapiekna.com\/#organization\"},\"potentialAction\":[{\"@type\":\"SearchAction\",\"target\":{\"@type\":\"EntryPoint\",\"urlTemplate\":\"https:\/\/dev1.jogapiekna.com\/?s={search_term_string}\"},\"query-input\":{\"@type\":\"PropertyValueSpecification\",\"valueRequired\":true,\"valueName\":\"search_term_string\"}}],\"inLanguage\":\"en-GB\"},{\"@type\":\"Organization\",\"@id\":\"https:\/\/dev1.jogapiekna.com\/#organization\",\"name\":\"Joga Pi\u0119kna Marta Kuci\u0144ska\",\"url\":\"https:\/\/dev1.jogapiekna.com\/\",\"logo\":{\"@type\":\"ImageObject\",\"inLanguage\":\"en-GB\",\"@id\":\"https:\/\/dev1.jogapiekna.com\/#\/schema\/logo\/image\/\",\"url\":\"https:\/\/dev1.jogapiekna.com\/wp-content\/uploads\/2022\/09\/joga-piekna-logo_Rka.png\",\"contentUrl\":\"https:\/\/dev1.jogapiekna.com\/wp-content\/uploads\/2022\/09\/joga-piekna-logo_Rka.png\",\"width\":231,\"height\":124,\"caption\":\"Joga Pi\u0119kna Marta Kuci\u0144ska\"},\"image\":{\"@id\":\"https:\/\/dev1.jogapiekna.com\/#\/schema\/logo\/image\/\"},\"sameAs\":[\"https:\/\/www.facebook.com\/JogaPieknaCom\/\",\"https:\/\/www.instagram.com\/jogapieknacom\/\"]}]}<\/script>\n<!-- \/ Yoast SEO plugin. -->","yoast_head_json":{"title":"Sattva Tulsi - stress and immunity - 60 capsules","description":"Sattva Tulsi is a dietary supplement that contains the extract of Ocimum Sanctum, also known as Holy Basil. Tulsi is valued for its immune-supporting and stress-reducing properties, helping to maintain emotional balance and better sleep quality.","robots":{"index":"index","follow":"follow","max-snippet":"max-snippet:-1","max-image-preview":"max-image-preview:large","max-video-preview":"max-video-preview:-1"},"canonical":"https:\/\/dev1.jogapiekna.com\/en\/product\/sattva-tulsi-stres-odpornosc-60-kapsulek\/","og_locale":"en_GB","og_type":"article","og_title":"Sattva Tulsi \u2022 stres i odporno\u015b\u0107 \u2022 60 kapsu\u0142ek","og_description":"Sattva Tulsi to suplement diety, kt\u00f3ry zawiera ekstrakt z Ocimum Sanctum, znanej r\u00f3wnie\u017c jako \u015awi\u0119ta Bazylia. Tulsi jest ceniona za swoje w\u0142a\u015bciwo\u015bci wspomagaj\u0105ce odporno\u015b\u0107 organizmu oraz redukuj\u0105ce stres, pomagaj\u0105c w utrzymaniu r\u00f3wnowagi emocjonalnej i lepszej jako\u015bci snu.","og_url":"https:\/\/dev1.jogapiekna.com\/en\/product\/sattva-tulsi-stres-odpornosc-60-kapsulek\/","og_site_name":"JOGA PI\u0118KNA | Joga Twarzy","article_publisher":"https:\/\/www.facebook.com\/JogaPieknaCom\/","article_modified_time":"2026-01-23T22:02:59+00:00","og_image":[{"width":1000,"height":1000,"url":"https:\/\/dev1.jogapiekna.com\/wp-content\/uploads\/2025\/02\/sattva-tulsi-stres-odpornosc-60-kapsulek.jpg","type":"image\/jpeg"}],"twitter_card":"summary_large_image","twitter_misc":{"Estimated reading time":"1 minute"},"schema":{"@context":"https:\/\/schema.org","@graph":[{"@type":"WebPage","@id":"https:\/\/dev1.jogapiekna.com\/produkt\/sattva-tulsi-stres-odpornosc-60-kapsulek\/","url":"https:\/\/dev1.jogapiekna.com\/produkt\/sattva-tulsi-stres-odpornosc-60-kapsulek\/","name":"Sattva Tulsi - stress and immunity - 60 capsules","isPartOf":{"@id":"https:\/\/dev1.jogapiekna.com\/#website"},"primaryImageOfPage":{"@id":"https:\/\/dev1.jogapiekna.com\/produkt\/sattva-tulsi-stres-odpornosc-60-kapsulek\/#primaryimage"},"image":{"@id":"https:\/\/dev1.jogapiekna.com\/produkt\/sattva-tulsi-stres-odpornosc-60-kapsulek\/#primaryimage"},"thumbnailUrl":"https:\/\/dev1.jogapiekna.com\/wp-content\/uploads\/2025\/02\/sattva-tulsi-stres-odpornosc-60-kapsulek.jpg","datePublished":"2025-02-11T11:31:34+00:00","dateModified":"2026-01-23T22:02:59+00:00","description":"Sattva Tulsi is a dietary supplement that contains the extract of Ocimum Sanctum, also known as Holy Basil. Tulsi is valued for its immune-supporting and stress-reducing properties, helping to maintain emotional balance and better sleep quality.","breadcrumb":{"@id":"https:\/\/dev1.jogapiekna.com\/produkt\/sattva-tulsi-stres-odpornosc-60-kapsulek\/#breadcrumb"},"inLanguage":"en-GB","potentialAction":[{"@type":"ReadAction","target":["https:\/\/dev1.jogapiekna.com\/produkt\/sattva-tulsi-stres-odpornosc-60-kapsulek\/"]}]},{"@type":"ImageObject","inLanguage":"en-GB","@id":"https:\/\/dev1.jogapiekna.com\/produkt\/sattva-tulsi-stres-odpornosc-60-kapsulek\/#primaryimage","url":"https:\/\/dev1.jogapiekna.com\/wp-content\/uploads\/2025\/02\/sattva-tulsi-stres-odpornosc-60-kapsulek.jpg","contentUrl":"https:\/\/dev1.jogapiekna.com\/wp-content\/uploads\/2025\/02\/sattva-tulsi-stres-odpornosc-60-kapsulek.jpg","width":1000,"height":1000,"caption":"Sattva Tulsi \u2022 stres i odporno\u015b\u0107 \u2022 60 kapsu\u0142ek"},{"@type":"BreadcrumbList","@id":"https:\/\/dev1.jogapiekna.com\/produkt\/sattva-tulsi-stres-odpornosc-60-kapsulek\/#breadcrumb","itemListElement":[{"@type":"ListItem","position":1,"name":"Strona g\u0142\u00f3wna","item":"https:\/\/dev1.jogapiekna.com\/"},{"@type":"ListItem","position":2,"name":"Sklep","item":"https:\/\/dev1.jogapiekna.com\/sklep\/"},{"@type":"ListItem","position":3,"name":"Sattva Tulsi \u2022 stres i odporno\u015b\u0107 \u2022 60 kapsu\u0142ek"}]},{"@type":"WebSite","@id":"https:\/\/dev1.jogapiekna.com\/#website","url":"https:\/\/dev1.jogapiekna.com\/","name":"Yoga Beauty Marta Kuci\u0144ska","description":"Beauty Yoga helps women to maintain their beauty, reverse the signs of passing time and fatigue, regain a radiant appearance, natural smile and improve their self-esteem.","publisher":{"@id":"https:\/\/dev1.jogapiekna.com\/#organization"},"potentialAction":[{"@type":"SearchAction","target":{"@type":"EntryPoint","urlTemplate":"https:\/\/dev1.jogapiekna.com\/?s={search_term_string}"},"query-input":{"@type":"PropertyValueSpecification","valueRequired":true,"valueName":"search_term_string"}}],"inLanguage":"en-GB"},{"@type":"Organization","@id":"https:\/\/dev1.jogapiekna.com\/#organization","name":"Yoga Beauty Marta Kuci\u0144ska","url":"https:\/\/dev1.jogapiekna.com\/","logo":{"@type":"ImageObject","inLanguage":"en-GB","@id":"https:\/\/dev1.jogapiekna.com\/#\/schema\/logo\/image\/","url":"https:\/\/dev1.jogapiekna.com\/wp-content\/uploads\/2022\/09\/joga-piekna-logo_Rka.png","contentUrl":"https:\/\/dev1.jogapiekna.com\/wp-content\/uploads\/2022\/09\/joga-piekna-logo_Rka.png","width":231,"height":124,"caption":"Joga Pi\u0119kna Marta Kuci\u0144ska"},"image":{"@id":"https:\/\/dev1.jogapiekna.com\/#\/schema\/logo\/image\/"},"sameAs":["https:\/\/www.facebook.com\/JogaPieknaCom\/","https:\/\/www.instagram.com\/jogapieknacom\/"]}]}},"_links":{"self":[{"href":"https:\/\/dev1.jogapiekna.com\/en\/wp-json\/wp\/v2\/product\/188293","targetHints":{"allow":["GET"]}}],"collection":[{"href":"https:\/\/dev1.jogapiekna.com\/en\/wp-json\/wp\/v2\/product"}],"about":[{"href":"https:\/\/dev1.jogapiekna.com\/en\/wp-json\/wp\/v2\/types\/product"}],"replies":[{"embeddable":true,"href":"https:\/\/dev1.jogapiekna.com\/en\/wp-json\/wp\/v2\/comments?post=188293"}],"version-history":[{"count":0,"href":"https:\/\/dev1.jogapiekna.com\/en\/wp-json\/wp\/v2\/product\/188293\/revisions"}],"wp:featuredmedia":[{"embeddable":true,"href":"https:\/\/dev1.jogapiekna.com\/en\/wp-json\/wp\/v2\/media\/188295"}],"wp:attachment":[{"href":"https:\/\/dev1.jogapiekna.com\/en\/wp-json\/wp\/v2\/media?parent=188293"}],"wp:term":[{"taxonomy":"product_brand","embeddable":true,"href":"https:\/\/dev1.jogapiekna.com\/en\/wp-json\/wp\/v2\/product_brand?post=188293"},{"taxonomy":"product_cat","embeddable":true,"href":"https:\/\/dev1.jogapiekna.com\/en\/wp-json\/wp\/v2\/product_cat?post=188293"},{"taxonomy":"product_tag","embeddable":true,"href":"https:\/\/dev1.jogapiekna.com\/en\/wp-json\/wp\/v2\/product_tag?post=188293"}],"curies":[{"name":"wp","href":"https:\/\/api.w.org\/{rel}","templated":true}]}}