{"id":188289,"date":"2025-02-11T12:21:49","date_gmt":"2025-02-11T11:21:49","guid":{"rendered":"https:\/\/dev1.jogapiekna.com?post_type=product&#038;p=188289"},"modified":"2025-02-12T08:33:56","modified_gmt":"2025-02-12T07:33:56","slug":"sattva-arjuna-uklad-sercowo-naczyniowy-60-kapsulek","status":"publish","type":"product","link":"https:\/\/dev1.jogapiekna.com\/en\/product\/sattva-arjuna-uklad-sercowo-naczyniowy-60-kapsulek\/","title":{"rendered":"Sattva Arjuna - cardiovascular system - 60 capsules"},"content":{"rendered":"<p><strong>Ingredients in daily serving (1 capsule) - 450 mg:<\/strong><\/p>\n<ul>\n<li>4:1 extract of arjuna bark (Terminalia arjuna), including 20% tannins<\/li>\n<li>Capsule: hydroxypropyl methyl cellulose (HPMC)<\/li>\n<\/ul>\n<p><strong>Recommended daily intake:<\/strong> 1 capsule<br \/>\n<strong>Container:<\/strong> 60 capsules<\/p>\n<p>&nbsp;<\/p>\n<h2>Destiny<\/h2>\n<p>Supports cardiovascular health.<\/p>\n<p>&nbsp;<\/p>\n<h3>Important information:<\/h3>\n<ul>\n<li>The product is not suitable for pregnant or lactating women or children.<\/li>\n<li>Store in a dry place, out of the reach of children, protect from light and moisture.<\/li>\n<li>The product is not a substitute for a varied diet or a healthy lifestyle.<\/li>\n<li>The recommended daily dose should be observed.<\/li>\n<li>It is advisable to consult your doctor or pharmacist before use, especially if you are taking other medicines.<\/li>\n<\/ul>\n<p><strong>Manufacturer:<\/strong> Sattva Ayurveda Ltd.<br \/>\n<strong>Country of origin: <\/strong>India<\/p>","protected":false},"excerpt":{"rendered":"<p>Arjuna almond is a plant that supports cardiovascular health, helping to maintain the normal functioning of the heart and blood vessels. Sattva Arjuna is a 100% vegan dietary supplement, ideal for those concerned about natural supplementation.<\/p>","protected":false},"featured_media":188290,"comment_status":"closed","ping_status":"closed","template":"","meta":{"_acf_changed":false,"site-sidebar-layout":"default","site-content-layout":"","ast-site-content-layout":"default","site-content-style":"default","site-sidebar-style":"default","ast-global-header-display":"","ast-banner-title-visibility":"","ast-main-header-display":"","ast-hfb-above-header-display":"","ast-hfb-below-header-display":"","ast-hfb-mobile-header-display":"","site-post-title":"","ast-breadcrumbs-content":"","ast-featured-img":"","footer-sml-layout":"","ast-disable-related-posts":"","theme-transparent-header-meta":"","adv-header-id-meta":"","stick-header-meta":"","header-above-stick-meta":"","header-main-stick-meta":"","header-below-stick-meta":"","astra-migrate-meta-layouts":"default","ast-page-background-enabled":"default","ast-page-background-meta":{"desktop":{"background-color":"var(--ast-global-color-5)","background-image":"","background-repeat":"repeat","background-position":"center center","background-size":"auto","background-attachment":"scroll","background-type":"","background-media":"","overlay-type":"","overlay-color":"","overlay-opacity":"","overlay-gradient":""},"tablet":{"background-color":"","background-image":"","background-repeat":"repeat","background-position":"center center","background-size":"auto","background-attachment":"scroll","background-type":"","background-media":"","overlay-type":"","overlay-color":"","overlay-opacity":"","overlay-gradient":""},"mobile":{"background-color":"","background-image":"","background-repeat":"repeat","background-position":"center center","background-size":"auto","background-attachment":"scroll","background-type":"","background-media":"","overlay-type":"","overlay-color":"","overlay-opacity":"","overlay-gradient":""}},"ast-content-background-meta":{"desktop":{"background-color":"var(--ast-global-color-4)","background-image":"","background-repeat":"repeat","background-position":"center center","background-size":"auto","background-attachment":"scroll","background-type":"","background-media":"","overlay-type":"","overlay-color":"","overlay-opacity":"","overlay-gradient":""},"tablet":{"background-color":"var(--ast-global-color-4)","background-image":"","background-repeat":"repeat","background-position":"center center","background-size":"auto","background-attachment":"scroll","background-type":"","background-media":"","overlay-type":"","overlay-color":"","overlay-opacity":"","overlay-gradient":""},"mobile":{"background-color":"var(--ast-global-color-4)","background-image":"","background-repeat":"repeat","background-position":"center center","background-size":"auto","background-attachment":"scroll","background-type":"","background-media":"","overlay-type":"","overlay-color":"","overlay-opacity":"","overlay-gradient":""}}},"product_brand":[],"product_cat":[639],"product_tag":[844],"class_list":{"0":"post-188289","1":"product","2":"type-product","3":"status-publish","4":"has-post-thumbnail","6":"product_cat-suplementy","7":"product_tag-uklad-sercowo-naczyniowy","8":"desktop-align-left","9":"tablet-align-left","10":"mobile-align-left","12":"first","13":"instock","14":"taxable","15":"shipping-taxable","16":"purchasable","17":"product-type-simple"},"acf":[],"yoast_head":"<!-- This site is optimized with the Yoast SEO plugin v27.1.1 - https:\/\/yoast.com\/product\/yoast-seo-wordpress\/ -->\n<title>Sattva Arjuna \u2022 uk\u0142ad sercowo-naczyniowy \u2022 60 kapsu\u0142ek<\/title>\n<meta name=\"description\" content=\"Migda\u0142ecznik arjuna to ro\u015blina, kt\u00f3ra wspiera zdrowie uk\u0142adu sercowo-naczyniowego, pomagaj\u0105c utrzyma\u0107 prawid\u0142owe funkcjonowanie serca i naczy\u0144 krwiono\u015bnych. Sattva Arjuna to suplement diety w 100% wega\u0144ski, idealny dla os\u00f3b dbaj\u0105cych o naturaln\u0105 suplementacj\u0119.\" \/>\n<meta name=\"robots\" content=\"index, follow, max-snippet:-1, max-image-preview:large, max-video-preview:-1\" \/>\n<link rel=\"canonical\" href=\"https:\/\/dev1.jogapiekna.com\/en\/product\/sattva-arjuna-uklad-sercowo-naczyniowy-60-kapsulek\/\" \/>\n<meta property=\"og:locale\" content=\"en_GB\" \/>\n<meta property=\"og:type\" content=\"article\" \/>\n<meta property=\"og:title\" content=\"Sattva Arjuna \u2022 uk\u0142ad sercowo-naczyniowy \u2022 60 kapsu\u0142ek\" \/>\n<meta property=\"og:description\" content=\"Migda\u0142ecznik arjuna to ro\u015blina, kt\u00f3ra wspiera zdrowie uk\u0142adu sercowo-naczyniowego, pomagaj\u0105c utrzyma\u0107 prawid\u0142owe funkcjonowanie serca i naczy\u0144 krwiono\u015bnych. Sattva Arjuna to suplement diety w 100% wega\u0144ski, idealny dla os\u00f3b dbaj\u0105cych o naturaln\u0105 suplementacj\u0119.\" \/>\n<meta property=\"og:url\" content=\"https:\/\/dev1.jogapiekna.com\/en\/product\/sattva-arjuna-uklad-sercowo-naczyniowy-60-kapsulek\/\" \/>\n<meta property=\"og:site_name\" content=\"JOGA PI\u0118KNA | Joga Twarzy\" \/>\n<meta property=\"article:publisher\" content=\"https:\/\/www.facebook.com\/JogaPieknaCom\/\" \/>\n<meta property=\"article:modified_time\" content=\"2025-02-12T07:33:56+00:00\" \/>\n<meta property=\"og:image\" content=\"https:\/\/dev1.jogapiekna.com\/wp-content\/uploads\/2025\/02\/sattva-arjuna-uklad-sercowo-naczyniowy-60-kapsulek.jpg\" \/>\n\t<meta property=\"og:image:width\" content=\"1000\" \/>\n\t<meta property=\"og:image:height\" content=\"1000\" \/>\n\t<meta property=\"og:image:type\" content=\"image\/jpeg\" \/>\n<meta name=\"twitter:card\" content=\"summary_large_image\" \/>\n<meta name=\"twitter:label1\" content=\"Estimated reading time\" \/>\n\t<meta name=\"twitter:data1\" content=\"1 minute\" \/>\n<script type=\"application\/ld+json\" class=\"yoast-schema-graph\">{\"@context\":\"https:\/\/schema.org\",\"@graph\":[{\"@type\":\"WebPage\",\"@id\":\"https:\/\/dev1.jogapiekna.com\/produkt\/sattva-arjuna-uklad-sercowo-naczyniowy-60-kapsulek\/\",\"url\":\"https:\/\/dev1.jogapiekna.com\/produkt\/sattva-arjuna-uklad-sercowo-naczyniowy-60-kapsulek\/\",\"name\":\"Sattva Arjuna \u2022 uk\u0142ad sercowo-naczyniowy \u2022 60 kapsu\u0142ek\",\"isPartOf\":{\"@id\":\"https:\/\/dev1.jogapiekna.com\/#website\"},\"primaryImageOfPage\":{\"@id\":\"https:\/\/dev1.jogapiekna.com\/produkt\/sattva-arjuna-uklad-sercowo-naczyniowy-60-kapsulek\/#primaryimage\"},\"image\":{\"@id\":\"https:\/\/dev1.jogapiekna.com\/produkt\/sattva-arjuna-uklad-sercowo-naczyniowy-60-kapsulek\/#primaryimage\"},\"thumbnailUrl\":\"https:\/\/dev1.jogapiekna.com\/wp-content\/uploads\/2025\/02\/sattva-arjuna-uklad-sercowo-naczyniowy-60-kapsulek.jpg\",\"datePublished\":\"2025-02-11T11:21:49+00:00\",\"dateModified\":\"2025-02-12T07:33:56+00:00\",\"description\":\"Migda\u0142ecznik arjuna to ro\u015blina, kt\u00f3ra wspiera zdrowie uk\u0142adu sercowo-naczyniowego, pomagaj\u0105c utrzyma\u0107 prawid\u0142owe funkcjonowanie serca i naczy\u0144 krwiono\u015bnych. Sattva Arjuna to suplement diety w 100% wega\u0144ski, idealny dla os\u00f3b dbaj\u0105cych o naturaln\u0105 suplementacj\u0119.\",\"breadcrumb\":{\"@id\":\"https:\/\/dev1.jogapiekna.com\/produkt\/sattva-arjuna-uklad-sercowo-naczyniowy-60-kapsulek\/#breadcrumb\"},\"inLanguage\":\"en-GB\",\"potentialAction\":[{\"@type\":\"ReadAction\",\"target\":[\"https:\/\/dev1.jogapiekna.com\/produkt\/sattva-arjuna-uklad-sercowo-naczyniowy-60-kapsulek\/\"]}]},{\"@type\":\"ImageObject\",\"inLanguage\":\"en-GB\",\"@id\":\"https:\/\/dev1.jogapiekna.com\/produkt\/sattva-arjuna-uklad-sercowo-naczyniowy-60-kapsulek\/#primaryimage\",\"url\":\"https:\/\/dev1.jogapiekna.com\/wp-content\/uploads\/2025\/02\/sattva-arjuna-uklad-sercowo-naczyniowy-60-kapsulek.jpg\",\"contentUrl\":\"https:\/\/dev1.jogapiekna.com\/wp-content\/uploads\/2025\/02\/sattva-arjuna-uklad-sercowo-naczyniowy-60-kapsulek.jpg\",\"width\":1000,\"height\":1000,\"caption\":\"Sattva Arjuna \u2022 uk\u0142ad sercowo-naczyniowy \u2022 60 kapsu\u0142ek\"},{\"@type\":\"BreadcrumbList\",\"@id\":\"https:\/\/dev1.jogapiekna.com\/produkt\/sattva-arjuna-uklad-sercowo-naczyniowy-60-kapsulek\/#breadcrumb\",\"itemListElement\":[{\"@type\":\"ListItem\",\"position\":1,\"name\":\"Strona g\u0142\u00f3wna\",\"item\":\"https:\/\/dev1.jogapiekna.com\/\"},{\"@type\":\"ListItem\",\"position\":2,\"name\":\"Sklep\",\"item\":\"https:\/\/dev1.jogapiekna.com\/sklep\/\"},{\"@type\":\"ListItem\",\"position\":3,\"name\":\"Sattva Arjuna \u2022 uk\u0142ad sercowo-naczyniowy \u2022 60 kapsu\u0142ek\"}]},{\"@type\":\"WebSite\",\"@id\":\"https:\/\/dev1.jogapiekna.com\/#website\",\"url\":\"https:\/\/dev1.jogapiekna.com\/\",\"name\":\"Joga Pi\u0119kna Marta Kuci\u0144ska\",\"description\":\"Joga Pi\u0119kna pomaga kobietom zachowa\u0107 urod\u0119, cofn\u0105\u0107 oznaki up\u0142ywaj\u0105cego czasu i zm\u0119czenia, odzyska\u0107 promienny wygl\u0105d, naturalny u\u015bmiech i popraw\u0119 w\u0142asnej samooceny.\",\"publisher\":{\"@id\":\"https:\/\/dev1.jogapiekna.com\/#organization\"},\"potentialAction\":[{\"@type\":\"SearchAction\",\"target\":{\"@type\":\"EntryPoint\",\"urlTemplate\":\"https:\/\/dev1.jogapiekna.com\/?s={search_term_string}\"},\"query-input\":{\"@type\":\"PropertyValueSpecification\",\"valueRequired\":true,\"valueName\":\"search_term_string\"}}],\"inLanguage\":\"en-GB\"},{\"@type\":\"Organization\",\"@id\":\"https:\/\/dev1.jogapiekna.com\/#organization\",\"name\":\"Joga Pi\u0119kna Marta Kuci\u0144ska\",\"url\":\"https:\/\/dev1.jogapiekna.com\/\",\"logo\":{\"@type\":\"ImageObject\",\"inLanguage\":\"en-GB\",\"@id\":\"https:\/\/dev1.jogapiekna.com\/#\/schema\/logo\/image\/\",\"url\":\"https:\/\/dev1.jogapiekna.com\/wp-content\/uploads\/2022\/09\/joga-piekna-logo_Rka.png\",\"contentUrl\":\"https:\/\/dev1.jogapiekna.com\/wp-content\/uploads\/2022\/09\/joga-piekna-logo_Rka.png\",\"width\":231,\"height\":124,\"caption\":\"Joga Pi\u0119kna Marta Kuci\u0144ska\"},\"image\":{\"@id\":\"https:\/\/dev1.jogapiekna.com\/#\/schema\/logo\/image\/\"},\"sameAs\":[\"https:\/\/www.facebook.com\/JogaPieknaCom\/\",\"https:\/\/www.instagram.com\/jogapieknacom\/\"]}]}<\/script>\n<!-- \/ Yoast SEO plugin. -->","yoast_head_json":{"title":"Sattva Arjuna - cardiovascular system - 60 capsules","description":"Arjuna almond is a plant that supports cardiovascular health, helping to maintain the normal functioning of the heart and blood vessels. Sattva Arjuna is a 100% vegan dietary supplement, ideal for those concerned about natural supplementation.","robots":{"index":"index","follow":"follow","max-snippet":"max-snippet:-1","max-image-preview":"max-image-preview:large","max-video-preview":"max-video-preview:-1"},"canonical":"https:\/\/dev1.jogapiekna.com\/en\/product\/sattva-arjuna-uklad-sercowo-naczyniowy-60-kapsulek\/","og_locale":"en_GB","og_type":"article","og_title":"Sattva Arjuna \u2022 uk\u0142ad sercowo-naczyniowy \u2022 60 kapsu\u0142ek","og_description":"Migda\u0142ecznik arjuna to ro\u015blina, kt\u00f3ra wspiera zdrowie uk\u0142adu sercowo-naczyniowego, pomagaj\u0105c utrzyma\u0107 prawid\u0142owe funkcjonowanie serca i naczy\u0144 krwiono\u015bnych. Sattva Arjuna to suplement diety w 100% wega\u0144ski, idealny dla os\u00f3b dbaj\u0105cych o naturaln\u0105 suplementacj\u0119.","og_url":"https:\/\/dev1.jogapiekna.com\/en\/product\/sattva-arjuna-uklad-sercowo-naczyniowy-60-kapsulek\/","og_site_name":"JOGA PI\u0118KNA | Joga Twarzy","article_publisher":"https:\/\/www.facebook.com\/JogaPieknaCom\/","article_modified_time":"2025-02-12T07:33:56+00:00","og_image":[{"width":1000,"height":1000,"url":"https:\/\/dev1.jogapiekna.com\/wp-content\/uploads\/2025\/02\/sattva-arjuna-uklad-sercowo-naczyniowy-60-kapsulek.jpg","type":"image\/jpeg"}],"twitter_card":"summary_large_image","twitter_misc":{"Estimated reading time":"1 minute"},"schema":{"@context":"https:\/\/schema.org","@graph":[{"@type":"WebPage","@id":"https:\/\/dev1.jogapiekna.com\/produkt\/sattva-arjuna-uklad-sercowo-naczyniowy-60-kapsulek\/","url":"https:\/\/dev1.jogapiekna.com\/produkt\/sattva-arjuna-uklad-sercowo-naczyniowy-60-kapsulek\/","name":"Sattva Arjuna - cardiovascular system - 60 capsules","isPartOf":{"@id":"https:\/\/dev1.jogapiekna.com\/#website"},"primaryImageOfPage":{"@id":"https:\/\/dev1.jogapiekna.com\/produkt\/sattva-arjuna-uklad-sercowo-naczyniowy-60-kapsulek\/#primaryimage"},"image":{"@id":"https:\/\/dev1.jogapiekna.com\/produkt\/sattva-arjuna-uklad-sercowo-naczyniowy-60-kapsulek\/#primaryimage"},"thumbnailUrl":"https:\/\/dev1.jogapiekna.com\/wp-content\/uploads\/2025\/02\/sattva-arjuna-uklad-sercowo-naczyniowy-60-kapsulek.jpg","datePublished":"2025-02-11T11:21:49+00:00","dateModified":"2025-02-12T07:33:56+00:00","description":"Arjuna almond is a plant that supports cardiovascular health, helping to maintain the normal functioning of the heart and blood vessels. Sattva Arjuna is a 100% vegan dietary supplement, ideal for those concerned about natural supplementation.","breadcrumb":{"@id":"https:\/\/dev1.jogapiekna.com\/produkt\/sattva-arjuna-uklad-sercowo-naczyniowy-60-kapsulek\/#breadcrumb"},"inLanguage":"en-GB","potentialAction":[{"@type":"ReadAction","target":["https:\/\/dev1.jogapiekna.com\/produkt\/sattva-arjuna-uklad-sercowo-naczyniowy-60-kapsulek\/"]}]},{"@type":"ImageObject","inLanguage":"en-GB","@id":"https:\/\/dev1.jogapiekna.com\/produkt\/sattva-arjuna-uklad-sercowo-naczyniowy-60-kapsulek\/#primaryimage","url":"https:\/\/dev1.jogapiekna.com\/wp-content\/uploads\/2025\/02\/sattva-arjuna-uklad-sercowo-naczyniowy-60-kapsulek.jpg","contentUrl":"https:\/\/dev1.jogapiekna.com\/wp-content\/uploads\/2025\/02\/sattva-arjuna-uklad-sercowo-naczyniowy-60-kapsulek.jpg","width":1000,"height":1000,"caption":"Sattva Arjuna \u2022 uk\u0142ad sercowo-naczyniowy \u2022 60 kapsu\u0142ek"},{"@type":"BreadcrumbList","@id":"https:\/\/dev1.jogapiekna.com\/produkt\/sattva-arjuna-uklad-sercowo-naczyniowy-60-kapsulek\/#breadcrumb","itemListElement":[{"@type":"ListItem","position":1,"name":"Strona g\u0142\u00f3wna","item":"https:\/\/dev1.jogapiekna.com\/"},{"@type":"ListItem","position":2,"name":"Sklep","item":"https:\/\/dev1.jogapiekna.com\/sklep\/"},{"@type":"ListItem","position":3,"name":"Sattva Arjuna \u2022 uk\u0142ad sercowo-naczyniowy \u2022 60 kapsu\u0142ek"}]},{"@type":"WebSite","@id":"https:\/\/dev1.jogapiekna.com\/#website","url":"https:\/\/dev1.jogapiekna.com\/","name":"Yoga Beauty Marta Kuci\u0144ska","description":"Beauty Yoga helps women to maintain their beauty, reverse the signs of passing time and fatigue, regain a radiant appearance, natural smile and improve their self-esteem.","publisher":{"@id":"https:\/\/dev1.jogapiekna.com\/#organization"},"potentialAction":[{"@type":"SearchAction","target":{"@type":"EntryPoint","urlTemplate":"https:\/\/dev1.jogapiekna.com\/?s={search_term_string}"},"query-input":{"@type":"PropertyValueSpecification","valueRequired":true,"valueName":"search_term_string"}}],"inLanguage":"en-GB"},{"@type":"Organization","@id":"https:\/\/dev1.jogapiekna.com\/#organization","name":"Yoga Beauty Marta Kuci\u0144ska","url":"https:\/\/dev1.jogapiekna.com\/","logo":{"@type":"ImageObject","inLanguage":"en-GB","@id":"https:\/\/dev1.jogapiekna.com\/#\/schema\/logo\/image\/","url":"https:\/\/dev1.jogapiekna.com\/wp-content\/uploads\/2022\/09\/joga-piekna-logo_Rka.png","contentUrl":"https:\/\/dev1.jogapiekna.com\/wp-content\/uploads\/2022\/09\/joga-piekna-logo_Rka.png","width":231,"height":124,"caption":"Joga Pi\u0119kna Marta Kuci\u0144ska"},"image":{"@id":"https:\/\/dev1.jogapiekna.com\/#\/schema\/logo\/image\/"},"sameAs":["https:\/\/www.facebook.com\/JogaPieknaCom\/","https:\/\/www.instagram.com\/jogapieknacom\/"]}]}},"_links":{"self":[{"href":"https:\/\/dev1.jogapiekna.com\/en\/wp-json\/wp\/v2\/product\/188289","targetHints":{"allow":["GET"]}}],"collection":[{"href":"https:\/\/dev1.jogapiekna.com\/en\/wp-json\/wp\/v2\/product"}],"about":[{"href":"https:\/\/dev1.jogapiekna.com\/en\/wp-json\/wp\/v2\/types\/product"}],"replies":[{"embeddable":true,"href":"https:\/\/dev1.jogapiekna.com\/en\/wp-json\/wp\/v2\/comments?post=188289"}],"version-history":[{"count":0,"href":"https:\/\/dev1.jogapiekna.com\/en\/wp-json\/wp\/v2\/product\/188289\/revisions"}],"wp:featuredmedia":[{"embeddable":true,"href":"https:\/\/dev1.jogapiekna.com\/en\/wp-json\/wp\/v2\/media\/188290"}],"wp:attachment":[{"href":"https:\/\/dev1.jogapiekna.com\/en\/wp-json\/wp\/v2\/media?parent=188289"}],"wp:term":[{"taxonomy":"product_brand","embeddable":true,"href":"https:\/\/dev1.jogapiekna.com\/en\/wp-json\/wp\/v2\/product_brand?post=188289"},{"taxonomy":"product_cat","embeddable":true,"href":"https:\/\/dev1.jogapiekna.com\/en\/wp-json\/wp\/v2\/product_cat?post=188289"},{"taxonomy":"product_tag","embeddable":true,"href":"https:\/\/dev1.jogapiekna.com\/en\/wp-json\/wp\/v2\/product_tag?post=188289"}],"curies":[{"name":"wp","href":"https:\/\/api.w.org\/{rel}","templated":true}]}}