{"id":188285,"date":"2025-02-11T12:09:53","date_gmt":"2025-02-11T11:09:53","guid":{"rendered":"https:\/\/dev1.jogapiekna.com?post_type=product&#038;p=188285"},"modified":"2025-08-07T12:57:56","modified_gmt":"2025-08-07T10:57:56","slug":"sattva-moringa-extract-60-kapsulek","status":"publish","type":"product","link":"https:\/\/dev1.jogapiekna.com\/en\/product\/sattva-moringa-extract-60-kapsulek\/","title":{"rendered":"Sattva Moringa Extract - supports digestion and cleansing of the body - 60 capsules"},"content":{"rendered":"<p>Sattva Moringa Extract is a dietary supplement based on a standardised extract of moringa oleifera leaves, which contains 30% saponins (DER 6:1). This extract supports the maintenance of normal blood glucose levels, making it particularly recommended for diabetics. The capsules are vegan and made of hydroxypropyl methyl cellulose (HPMC), ensuring that they are easy to ingest.<\/p>\n<p>&nbsp;<\/p>\n<h2>Benefits and action<\/h2>\n<ul>\n<li>Helps maintain normal blood glucose levels.<\/li>\n<li>Supports health and purification of the body.<\/li>\n<\/ul>\n<p>&nbsp;<\/p>\n<h2>Recommended intake<\/h2>\n<p>Take 1 capsule daily with a meal, sipped with water. Do not exceed the recommended serving for consumption.<\/p>\n<p>&nbsp;<\/p>\n<h2>Ingredients per daily serving (1 capsule)<\/h2>\n<p>Moringa oleifera leaf extract - 450 mg (standardised to 30% saponins).<\/p>","protected":false},"excerpt":{"rendered":"<p>Sattva Moringa Extract is a dietary supplement based on the leaf extract of moringa oleifera, known for its numerous health properties. Moringa supports digestive processes, cleanses the body and is particularly recommended for people with diabetes, helping to maintain normal blood glucose levels.<\/p>\n<p><strong>Destiny<\/strong><\/p>\n<ul>\n<li>Supports digestion and detoxification<\/li>\n<li>Recommended for diabetics<\/li>\n<\/ul>\n<p><strong>Container:<\/strong> 60 capsules<\/p>","protected":false},"featured_media":188286,"comment_status":"closed","ping_status":"closed","template":"","meta":{"_acf_changed":false,"site-sidebar-layout":"default","site-content-layout":"","ast-site-content-layout":"default","site-content-style":"default","site-sidebar-style":"default","ast-global-header-display":"","ast-banner-title-visibility":"","ast-main-header-display":"","ast-hfb-above-header-display":"","ast-hfb-below-header-display":"","ast-hfb-mobile-header-display":"","site-post-title":"","ast-breadcrumbs-content":"","ast-featured-img":"","footer-sml-layout":"","ast-disable-related-posts":"","theme-transparent-header-meta":"","adv-header-id-meta":"","stick-header-meta":"","header-above-stick-meta":"","header-main-stick-meta":"","header-below-stick-meta":"","astra-migrate-meta-layouts":"default","ast-page-background-enabled":"default","ast-page-background-meta":{"desktop":{"background-color":"var(--ast-global-color-5)","background-image":"","background-repeat":"repeat","background-position":"center center","background-size":"auto","background-attachment":"scroll","background-type":"","background-media":"","overlay-type":"","overlay-color":"","overlay-opacity":"","overlay-gradient":""},"tablet":{"background-color":"","background-image":"","background-repeat":"repeat","background-position":"center center","background-size":"auto","background-attachment":"scroll","background-type":"","background-media":"","overlay-type":"","overlay-color":"","overlay-opacity":"","overlay-gradient":""},"mobile":{"background-color":"","background-image":"","background-repeat":"repeat","background-position":"center center","background-size":"auto","background-attachment":"scroll","background-type":"","background-media":"","overlay-type":"","overlay-color":"","overlay-opacity":"","overlay-gradient":""}},"ast-content-background-meta":{"desktop":{"background-color":"var(--ast-global-color-4)","background-image":"","background-repeat":"repeat","background-position":"center center","background-size":"auto","background-attachment":"scroll","background-type":"","background-media":"","overlay-type":"","overlay-color":"","overlay-opacity":"","overlay-gradient":""},"tablet":{"background-color":"var(--ast-global-color-4)","background-image":"","background-repeat":"repeat","background-position":"center center","background-size":"auto","background-attachment":"scroll","background-type":"","background-media":"","overlay-type":"","overlay-color":"","overlay-opacity":"","overlay-gradient":""},"mobile":{"background-color":"var(--ast-global-color-4)","background-image":"","background-repeat":"repeat","background-position":"center center","background-size":"auto","background-attachment":"scroll","background-type":"","background-media":"","overlay-type":"","overlay-color":"","overlay-opacity":"","overlay-gradient":""}}},"product_brand":[],"product_cat":[639],"product_tag":[842,303,843],"class_list":{"0":"post-188285","1":"product","2":"type-product","3":"status-publish","4":"has-post-thumbnail","6":"product_cat-suplementy","7":"product_tag-moringa-extract","8":"product_tag-oczyszczanie","9":"product_tag-wspomaganie-trawienia","10":"desktop-align-left","11":"tablet-align-left","12":"mobile-align-left","14":"first","15":"instock","16":"taxable","17":"shipping-taxable","18":"purchasable","19":"product-type-simple"},"acf":[],"yoast_head":"<!-- This site is optimized with the Yoast SEO plugin v27.1.1 - https:\/\/yoast.com\/product\/yoast-seo-wordpress\/ -->\n<title>Sattva Moringa Extract \u2022 wspomaga trawienie i oczyszczanie organizmu<\/title>\n<meta name=\"description\" content=\"Sattva Moringa Extract to suplement diety oparty na ekstrakcie z li\u015bci moringi olejodajnej, znanej ze swoich licznych w\u0142a\u015bciwo\u015bci zdrowotnych. Moringa wspiera procesy trawienne, oczyszcza organizm i jest szczeg\u00f3lnie polecana dla os\u00f3b z cukrzyc\u0105, pomagaj\u0105c utrzyma\u0107 prawid\u0142owy poziom glukozy we krwi.\" \/>\n<meta name=\"robots\" content=\"index, follow, max-snippet:-1, max-image-preview:large, max-video-preview:-1\" \/>\n<link rel=\"canonical\" href=\"https:\/\/dev1.jogapiekna.com\/en\/product\/sattva-moringa-extract-60-kapsulek\/\" \/>\n<meta property=\"og:locale\" content=\"en_GB\" \/>\n<meta property=\"og:type\" content=\"article\" \/>\n<meta property=\"og:title\" content=\"Sattva Moringa Extract \u2022 wspomaga trawienie i oczyszczanie organizmu\" \/>\n<meta property=\"og:description\" content=\"Sattva Moringa Extract to suplement diety oparty na ekstrakcie z li\u015bci moringi olejodajnej, znanej ze swoich licznych w\u0142a\u015bciwo\u015bci zdrowotnych. Moringa wspiera procesy trawienne, oczyszcza organizm i jest szczeg\u00f3lnie polecana dla os\u00f3b z cukrzyc\u0105, pomagaj\u0105c utrzyma\u0107 prawid\u0142owy poziom glukozy we krwi.\" \/>\n<meta property=\"og:url\" content=\"https:\/\/dev1.jogapiekna.com\/en\/product\/sattva-moringa-extract-60-kapsulek\/\" \/>\n<meta property=\"og:site_name\" content=\"JOGA PI\u0118KNA | Joga Twarzy\" \/>\n<meta property=\"article:publisher\" content=\"https:\/\/www.facebook.com\/JogaPieknaCom\/\" \/>\n<meta property=\"article:modified_time\" content=\"2025-08-07T10:57:56+00:00\" \/>\n<meta property=\"og:image\" content=\"https:\/\/dev1.jogapiekna.com\/wp-content\/uploads\/2025\/02\/sattva-moringa-extract-60-kapsulek.jpg\" \/>\n\t<meta property=\"og:image:width\" content=\"1000\" \/>\n\t<meta property=\"og:image:height\" content=\"1000\" \/>\n\t<meta property=\"og:image:type\" content=\"image\/jpeg\" \/>\n<meta name=\"twitter:card\" content=\"summary_large_image\" \/>\n<meta name=\"twitter:label1\" content=\"Estimated reading time\" \/>\n\t<meta name=\"twitter:data1\" content=\"3 minutes\" \/>\n<script type=\"application\/ld+json\" class=\"yoast-schema-graph\">{\"@context\":\"https:\/\/schema.org\",\"@graph\":[{\"@type\":\"WebPage\",\"@id\":\"https:\/\/dev1.jogapiekna.com\/produkt\/sattva-moringa-extract-60-kapsulek\/\",\"url\":\"https:\/\/dev1.jogapiekna.com\/produkt\/sattva-moringa-extract-60-kapsulek\/\",\"name\":\"Sattva Moringa Extract \u2022 wspomaga trawienie i oczyszczanie organizmu\",\"isPartOf\":{\"@id\":\"https:\/\/dev1.jogapiekna.com\/#website\"},\"primaryImageOfPage\":{\"@id\":\"https:\/\/dev1.jogapiekna.com\/produkt\/sattva-moringa-extract-60-kapsulek\/#primaryimage\"},\"image\":{\"@id\":\"https:\/\/dev1.jogapiekna.com\/produkt\/sattva-moringa-extract-60-kapsulek\/#primaryimage\"},\"thumbnailUrl\":\"https:\/\/dev1.jogapiekna.com\/wp-content\/uploads\/2025\/02\/sattva-moringa-extract-60-kapsulek.jpg\",\"datePublished\":\"2025-02-11T11:09:53+00:00\",\"dateModified\":\"2025-08-07T10:57:56+00:00\",\"description\":\"Sattva Moringa Extract to suplement diety oparty na ekstrakcie z li\u015bci moringi olejodajnej, znanej ze swoich licznych w\u0142a\u015bciwo\u015bci zdrowotnych. Moringa wspiera procesy trawienne, oczyszcza organizm i jest szczeg\u00f3lnie polecana dla os\u00f3b z cukrzyc\u0105, pomagaj\u0105c utrzyma\u0107 prawid\u0142owy poziom glukozy we krwi.\",\"breadcrumb\":{\"@id\":\"https:\/\/dev1.jogapiekna.com\/produkt\/sattva-moringa-extract-60-kapsulek\/#breadcrumb\"},\"inLanguage\":\"en-GB\",\"potentialAction\":[{\"@type\":\"ReadAction\",\"target\":[\"https:\/\/dev1.jogapiekna.com\/produkt\/sattva-moringa-extract-60-kapsulek\/\"]}]},{\"@type\":\"ImageObject\",\"inLanguage\":\"en-GB\",\"@id\":\"https:\/\/dev1.jogapiekna.com\/produkt\/sattva-moringa-extract-60-kapsulek\/#primaryimage\",\"url\":\"https:\/\/dev1.jogapiekna.com\/wp-content\/uploads\/2025\/02\/sattva-moringa-extract-60-kapsulek.jpg\",\"contentUrl\":\"https:\/\/dev1.jogapiekna.com\/wp-content\/uploads\/2025\/02\/sattva-moringa-extract-60-kapsulek.jpg\",\"width\":1000,\"height\":1000,\"caption\":\"Sattva Moringa Extract \/ Wspomaga trawienie i oczyszczanie organizmu\/ 60 kapsu\u0142ek\"},{\"@type\":\"BreadcrumbList\",\"@id\":\"https:\/\/dev1.jogapiekna.com\/produkt\/sattva-moringa-extract-60-kapsulek\/#breadcrumb\",\"itemListElement\":[{\"@type\":\"ListItem\",\"position\":1,\"name\":\"Strona g\u0142\u00f3wna\",\"item\":\"https:\/\/dev1.jogapiekna.com\/\"},{\"@type\":\"ListItem\",\"position\":2,\"name\":\"Sklep\",\"item\":\"https:\/\/dev1.jogapiekna.com\/sklep\/\"},{\"@type\":\"ListItem\",\"position\":3,\"name\":\"Sattva Moringa Extract \u2022 wspomaga trawienie i oczyszczanie organizmu \u2022 60 kapsu\u0142ek\"}]},{\"@type\":\"WebSite\",\"@id\":\"https:\/\/dev1.jogapiekna.com\/#website\",\"url\":\"https:\/\/dev1.jogapiekna.com\/\",\"name\":\"Joga Pi\u0119kna Marta Kuci\u0144ska\",\"description\":\"Joga Pi\u0119kna pomaga kobietom zachowa\u0107 urod\u0119, cofn\u0105\u0107 oznaki up\u0142ywaj\u0105cego czasu i zm\u0119czenia, odzyska\u0107 promienny wygl\u0105d, naturalny u\u015bmiech i popraw\u0119 w\u0142asnej samooceny.\",\"publisher\":{\"@id\":\"https:\/\/dev1.jogapiekna.com\/#organization\"},\"potentialAction\":[{\"@type\":\"SearchAction\",\"target\":{\"@type\":\"EntryPoint\",\"urlTemplate\":\"https:\/\/dev1.jogapiekna.com\/?s={search_term_string}\"},\"query-input\":{\"@type\":\"PropertyValueSpecification\",\"valueRequired\":true,\"valueName\":\"search_term_string\"}}],\"inLanguage\":\"en-GB\"},{\"@type\":\"Organization\",\"@id\":\"https:\/\/dev1.jogapiekna.com\/#organization\",\"name\":\"Joga Pi\u0119kna Marta Kuci\u0144ska\",\"url\":\"https:\/\/dev1.jogapiekna.com\/\",\"logo\":{\"@type\":\"ImageObject\",\"inLanguage\":\"en-GB\",\"@id\":\"https:\/\/dev1.jogapiekna.com\/#\/schema\/logo\/image\/\",\"url\":\"https:\/\/dev1.jogapiekna.com\/wp-content\/uploads\/2022\/09\/joga-piekna-logo_Rka.png\",\"contentUrl\":\"https:\/\/dev1.jogapiekna.com\/wp-content\/uploads\/2022\/09\/joga-piekna-logo_Rka.png\",\"width\":231,\"height\":124,\"caption\":\"Joga Pi\u0119kna Marta Kuci\u0144ska\"},\"image\":{\"@id\":\"https:\/\/dev1.jogapiekna.com\/#\/schema\/logo\/image\/\"},\"sameAs\":[\"https:\/\/www.facebook.com\/JogaPieknaCom\/\",\"https:\/\/www.instagram.com\/jogapieknacom\/\"]}]}<\/script>\n<!-- \/ Yoast SEO plugin. -->","yoast_head_json":{"title":"Sattva Moringa Extract \u2022 wspomaga trawienie i oczyszczanie organizmu","description":"Sattva Moringa Extract is a dietary supplement based on the leaf extract of moringa oleifera, known for its numerous health properties. Moringa supports digestive processes, cleanses the body and is particularly recommended for people with diabetes, helping to maintain normal blood glucose levels.","robots":{"index":"index","follow":"follow","max-snippet":"max-snippet:-1","max-image-preview":"max-image-preview:large","max-video-preview":"max-video-preview:-1"},"canonical":"https:\/\/dev1.jogapiekna.com\/en\/product\/sattva-moringa-extract-60-kapsulek\/","og_locale":"en_GB","og_type":"article","og_title":"Sattva Moringa Extract \u2022 wspomaga trawienie i oczyszczanie organizmu","og_description":"Sattva Moringa Extract to suplement diety oparty na ekstrakcie z li\u015bci moringi olejodajnej, znanej ze swoich licznych w\u0142a\u015bciwo\u015bci zdrowotnych. Moringa wspiera procesy trawienne, oczyszcza organizm i jest szczeg\u00f3lnie polecana dla os\u00f3b z cukrzyc\u0105, pomagaj\u0105c utrzyma\u0107 prawid\u0142owy poziom glukozy we krwi.","og_url":"https:\/\/dev1.jogapiekna.com\/en\/product\/sattva-moringa-extract-60-kapsulek\/","og_site_name":"JOGA PI\u0118KNA | Joga Twarzy","article_publisher":"https:\/\/www.facebook.com\/JogaPieknaCom\/","article_modified_time":"2025-08-07T10:57:56+00:00","og_image":[{"width":1000,"height":1000,"url":"https:\/\/dev1.jogapiekna.com\/wp-content\/uploads\/2025\/02\/sattva-moringa-extract-60-kapsulek.jpg","type":"image\/jpeg"}],"twitter_card":"summary_large_image","twitter_misc":{"Estimated reading time":"3 minutes"},"schema":{"@context":"https:\/\/schema.org","@graph":[{"@type":"WebPage","@id":"https:\/\/dev1.jogapiekna.com\/produkt\/sattva-moringa-extract-60-kapsulek\/","url":"https:\/\/dev1.jogapiekna.com\/produkt\/sattva-moringa-extract-60-kapsulek\/","name":"Sattva Moringa Extract \u2022 wspomaga trawienie i oczyszczanie organizmu","isPartOf":{"@id":"https:\/\/dev1.jogapiekna.com\/#website"},"primaryImageOfPage":{"@id":"https:\/\/dev1.jogapiekna.com\/produkt\/sattva-moringa-extract-60-kapsulek\/#primaryimage"},"image":{"@id":"https:\/\/dev1.jogapiekna.com\/produkt\/sattva-moringa-extract-60-kapsulek\/#primaryimage"},"thumbnailUrl":"https:\/\/dev1.jogapiekna.com\/wp-content\/uploads\/2025\/02\/sattva-moringa-extract-60-kapsulek.jpg","datePublished":"2025-02-11T11:09:53+00:00","dateModified":"2025-08-07T10:57:56+00:00","description":"Sattva Moringa Extract is a dietary supplement based on the leaf extract of moringa oleifera, known for its numerous health properties. Moringa supports digestive processes, cleanses the body and is particularly recommended for people with diabetes, helping to maintain normal blood glucose levels.","breadcrumb":{"@id":"https:\/\/dev1.jogapiekna.com\/produkt\/sattva-moringa-extract-60-kapsulek\/#breadcrumb"},"inLanguage":"en-GB","potentialAction":[{"@type":"ReadAction","target":["https:\/\/dev1.jogapiekna.com\/produkt\/sattva-moringa-extract-60-kapsulek\/"]}]},{"@type":"ImageObject","inLanguage":"en-GB","@id":"https:\/\/dev1.jogapiekna.com\/produkt\/sattva-moringa-extract-60-kapsulek\/#primaryimage","url":"https:\/\/dev1.jogapiekna.com\/wp-content\/uploads\/2025\/02\/sattva-moringa-extract-60-kapsulek.jpg","contentUrl":"https:\/\/dev1.jogapiekna.com\/wp-content\/uploads\/2025\/02\/sattva-moringa-extract-60-kapsulek.jpg","width":1000,"height":1000,"caption":"Sattva Moringa Extract \/ Wspomaga trawienie i oczyszczanie organizmu\/ 60 kapsu\u0142ek"},{"@type":"BreadcrumbList","@id":"https:\/\/dev1.jogapiekna.com\/produkt\/sattva-moringa-extract-60-kapsulek\/#breadcrumb","itemListElement":[{"@type":"ListItem","position":1,"name":"Strona g\u0142\u00f3wna","item":"https:\/\/dev1.jogapiekna.com\/"},{"@type":"ListItem","position":2,"name":"Sklep","item":"https:\/\/dev1.jogapiekna.com\/sklep\/"},{"@type":"ListItem","position":3,"name":"Sattva Moringa Extract \u2022 wspomaga trawienie i oczyszczanie organizmu \u2022 60 kapsu\u0142ek"}]},{"@type":"WebSite","@id":"https:\/\/dev1.jogapiekna.com\/#website","url":"https:\/\/dev1.jogapiekna.com\/","name":"Yoga Beauty Marta Kuci\u0144ska","description":"Beauty Yoga helps women to maintain their beauty, reverse the signs of passing time and fatigue, regain a radiant appearance, natural smile and improve their self-esteem.","publisher":{"@id":"https:\/\/dev1.jogapiekna.com\/#organization"},"potentialAction":[{"@type":"SearchAction","target":{"@type":"EntryPoint","urlTemplate":"https:\/\/dev1.jogapiekna.com\/?s={search_term_string}"},"query-input":{"@type":"PropertyValueSpecification","valueRequired":true,"valueName":"search_term_string"}}],"inLanguage":"en-GB"},{"@type":"Organization","@id":"https:\/\/dev1.jogapiekna.com\/#organization","name":"Yoga Beauty Marta Kuci\u0144ska","url":"https:\/\/dev1.jogapiekna.com\/","logo":{"@type":"ImageObject","inLanguage":"en-GB","@id":"https:\/\/dev1.jogapiekna.com\/#\/schema\/logo\/image\/","url":"https:\/\/dev1.jogapiekna.com\/wp-content\/uploads\/2022\/09\/joga-piekna-logo_Rka.png","contentUrl":"https:\/\/dev1.jogapiekna.com\/wp-content\/uploads\/2022\/09\/joga-piekna-logo_Rka.png","width":231,"height":124,"caption":"Joga Pi\u0119kna Marta Kuci\u0144ska"},"image":{"@id":"https:\/\/dev1.jogapiekna.com\/#\/schema\/logo\/image\/"},"sameAs":["https:\/\/www.facebook.com\/JogaPieknaCom\/","https:\/\/www.instagram.com\/jogapieknacom\/"]}]}},"_links":{"self":[{"href":"https:\/\/dev1.jogapiekna.com\/en\/wp-json\/wp\/v2\/product\/188285","targetHints":{"allow":["GET"]}}],"collection":[{"href":"https:\/\/dev1.jogapiekna.com\/en\/wp-json\/wp\/v2\/product"}],"about":[{"href":"https:\/\/dev1.jogapiekna.com\/en\/wp-json\/wp\/v2\/types\/product"}],"replies":[{"embeddable":true,"href":"https:\/\/dev1.jogapiekna.com\/en\/wp-json\/wp\/v2\/comments?post=188285"}],"version-history":[{"count":0,"href":"https:\/\/dev1.jogapiekna.com\/en\/wp-json\/wp\/v2\/product\/188285\/revisions"}],"wp:featuredmedia":[{"embeddable":true,"href":"https:\/\/dev1.jogapiekna.com\/en\/wp-json\/wp\/v2\/media\/188286"}],"wp:attachment":[{"href":"https:\/\/dev1.jogapiekna.com\/en\/wp-json\/wp\/v2\/media?parent=188285"}],"wp:term":[{"taxonomy":"product_brand","embeddable":true,"href":"https:\/\/dev1.jogapiekna.com\/en\/wp-json\/wp\/v2\/product_brand?post=188285"},{"taxonomy":"product_cat","embeddable":true,"href":"https:\/\/dev1.jogapiekna.com\/en\/wp-json\/wp\/v2\/product_cat?post=188285"},{"taxonomy":"product_tag","embeddable":true,"href":"https:\/\/dev1.jogapiekna.com\/en\/wp-json\/wp\/v2\/product_tag?post=188285"}],"curies":[{"name":"wp","href":"https:\/\/api.w.org\/{rel}","templated":true}]}}