{"id":179495,"date":"2024-11-22T14:27:33","date_gmt":"2024-11-22T13:27:33","guid":{"rendered":"https:\/\/dev1.jogapiekna.com?post_type=product&#038;p=179495"},"modified":"2026-02-23T13:44:21","modified_gmt":"2026-02-23T12:44:21","slug":"spray-do-dezynfekcji-skory-przed-tapingiem","status":"publish","type":"product","link":"https:\/\/dev1.jogapiekna.com\/en\/product\/spray-do-dezynfekcji-skory-przed-tapingiem\/","title":{"rendered":"CureTape Pre-Taping Clean Skin Disinfection Spray"},"content":{"rendered":"<h2>Perfect base for taping: effective disinfection and improved application durability<\/h2>\n<p>Kinesiology tape spray <strong>Pre-Taping Clean Skin CureTape<\/strong> This is an essential for anyone who uses tape in their daily rejuvenation practice. <strong>Effectively cleans<\/strong> i <strong>Disinfects skin<\/strong>, preparing it for application. With a 70% alcohol content, it improves tape adhesion, which significantly extends the duration of the application and enhances the treatment results.<\/p>\n<p>The convenient packaging with a spill-free spray makes the product <strong>easy and quick to use<\/strong>, and its delicate scent is not irritating even with intensive use.<\/p>\n<p>&nbsp;<\/p>\n<h3>Who is the skin disinfectant spray before taping for?<\/h3>\n<p>Pre-Taping Clean Skin CureTape will be an indispensable support in any therapy and care. It is an excellent choice for people who want to increase the effectiveness of kinesiotaping applications. It is recommended for both professionals and those using tape for personal use.<\/p>\n<ul>\n<li>For professionals: physiotherapists, manual therapists, cosmetologists, osteopaths etc.<\/li>\n<li>When using kinesiology tape for pain therapy, injuries, swelling, and posture correction.<\/li>\n<li>Can also be used in daily skincare for skin requiring disinfection.<\/li>\n<\/ul>\n<p>&nbsp;<\/p>\n<h2>Here's why you should choose Pre-Taping Clean Skin CureTape:<\/h2>\n<ul>\n<li><strong>Improves tape adhesion<\/strong><br \/>\nThe spray effectively cleanses and disinfects the skin, providing an ideal base for applying kinesiology tape. Thanks to it, the tape adheres for longer, which positively affects the effectiveness of the treatment.<\/li>\n<li><strong>It has a skin-friendly formula<\/strong><br \/>\nThe formula is gentle, meaning the spray does not cause irritation or allergic reactions. It is a product that is safe even for sensitive skin.<\/li>\n<li><strong>A splash-free spray bottle is convenient to use<\/strong><br \/>\nThe precise applicator allows you to apply the spray exactly where needed, without unnecessary overspray.<\/li>\n<li><strong>Top-level performance<\/strong><br \/>\nOne bottle lasts a long time, even with intensive use. Ideal for professionals and those who use tape regularly.<\/li>\n<li><strong>The app is fast and easy<\/strong><br \/>\nThe spray is easy to use \u2013 just spray, wipe the skin, and wait for it to dry. In a few seconds, the skin is ready for tape application.<\/li>\n<li><strong>It has a disinfecting effect<\/strong><br \/>\nThe 70% alcohol content ensures effective disinfection, helping to prevent infections and maintain the highest level of hygiene.<\/li>\n<li><strong>I have a neutral scent<\/strong><br \/>\nDespite the high alcohol content, the spray has a minimised, non-irritating scent, making it comfortable to use even during long sessions.<\/li>\n<\/ul>\n<p>&nbsp;<\/p>\n<h3>Technical specification<\/h3>\n<p><strong>Container:<\/strong> 200 ml<br \/>\n<strong>Alcohol content:<\/strong> 70%<br \/>\n<strong>Spray pattern:<\/strong> anti-splash spray<br \/>\n<strong>Destiny<\/strong> Taping<br \/>\n<strong>Packaging:<\/strong> spray bottle<br \/>\n<strong>Composition:<\/strong> Aqua, Cyclohexasiloxane, Glycerin, Alcohol Denat., PPG-15 Stearyl Ether, Panthenol, Polyethylene Glycol, Parfum, Lactic Acid<\/p>\n<p>&nbsp;<\/p>\n<h2>How to use skin disinfectant before taping?<\/h2>\n<ul>\n<li>Ensure the skin surface you wish to apply the spray to is dry and free from impurities.<\/li>\n<li>Hold the bottle 10-15 cm from the skin and spray evenly onto the desired area.<\/li>\n<li>After application, use a clean tissue or towel to gently wipe the skin and remove any excess liquid.<\/li>\n<li>Allow the skin to dry. This usually takes only a few seconds.<\/li>\n<li>When the skin is dry, you can apply kinesiology tape without worry.<\/li>\n<\/ul>\n<p>Pre-taping spray <strong>It is intended for external use only and should not come into contact with the eyes, open wounds, abrasions, or mucous membranes.<\/strong>. In case of ingestion or adverse effects from the use of the preparation, inform your doctor immediately. The skin cleansing spray should be stored out of reach of children.<\/p>\n<p>&nbsp;<\/p>\n<h2>How to apply kinesiology tape? Online course from Yoga of Beauty<\/h2>\n<p>Do you want to use kinesioptaping at home? My name is Marta Kuci\u0144ska and I specialise in natural rejuvenation. I am a biologist by training, a third degree ayurveda consultant and a certified facial yoga teacher.<\/p>\n<p>Join the online course: <a href=\"https:\/\/dev1.jogapiekna.comprodukt\/kinesiotaping-estetyczny-z-joga-piekna-kurs-online\/\">Aesthetic kinesiotaping with beauty yoga<\/a>to learn how to apply taping correctly and safely. You will learn about the 16 applications of taping to the face, neck and d\u00e9collet\u00e9.<\/p>","protected":false},"excerpt":{"rendered":"<p>Prepare your skin for the application of kinesiology taping strips. The Pre-Taping Clean Skin CureTape disinfectant spray is an excellent base that improves the durability of the taping while also ensuring the safety of your skin by disinfecting it and protecting it from potential irritation.<\/p>\n<ul>\n<li>Practical 200 ml packaging with a convenient atomiser<\/li>\n<li>Alcohol content: 70%<\/li>\n<li>Skin-friendly formula, minimisation of irritation risk<\/li>\n<li>Improved tape adhesion<\/li>\n<\/ul>","protected":false},"featured_media":179496,"comment_status":"closed","ping_status":"closed","template":"","meta":{"_acf_changed":false,"site-sidebar-layout":"default","site-content-layout":"","ast-site-content-layout":"default","site-content-style":"default","site-sidebar-style":"default","ast-global-header-display":"","ast-banner-title-visibility":"","ast-main-header-display":"","ast-hfb-above-header-display":"","ast-hfb-below-header-display":"","ast-hfb-mobile-header-display":"","site-post-title":"","ast-breadcrumbs-content":"","ast-featured-img":"","footer-sml-layout":"","ast-disable-related-posts":"","theme-transparent-header-meta":"default","adv-header-id-meta":"","stick-header-meta":"","header-above-stick-meta":"","header-main-stick-meta":"","header-below-stick-meta":"","astra-migrate-meta-layouts":"set","ast-page-background-enabled":"default","ast-page-background-meta":{"desktop":{"background-color":"var(--ast-global-color-5)","background-image":"","background-repeat":"repeat","background-position":"center center","background-size":"auto","background-attachment":"scroll","background-type":"","background-media":"","overlay-type":"","overlay-color":"","overlay-opacity":"","overlay-gradient":""},"tablet":{"background-color":"","background-image":"","background-repeat":"repeat","background-position":"center center","background-size":"auto","background-attachment":"scroll","background-type":"","background-media":"","overlay-type":"","overlay-color":"","overlay-opacity":"","overlay-gradient":""},"mobile":{"background-color":"","background-image":"","background-repeat":"repeat","background-position":"center center","background-size":"auto","background-attachment":"scroll","background-type":"","background-media":"","overlay-type":"","overlay-color":"","overlay-opacity":"","overlay-gradient":""}},"ast-content-background-meta":{"desktop":{"background-color":"var(--ast-global-color-4)","background-image":"","background-repeat":"repeat","background-position":"center center","background-size":"auto","background-attachment":"scroll","background-type":"","background-media":"","overlay-type":"","overlay-color":"","overlay-opacity":"","overlay-gradient":""},"tablet":{"background-color":"var(--ast-global-color-4)","background-image":"","background-repeat":"repeat","background-position":"center center","background-size":"auto","background-attachment":"scroll","background-type":"","background-media":"","overlay-type":"","overlay-color":"","overlay-opacity":"","overlay-gradient":""},"mobile":{"background-color":"var(--ast-global-color-4)","background-image":"","background-repeat":"repeat","background-position":"center center","background-size":"auto","background-attachment":"scroll","background-type":"","background-media":"","overlay-type":"","overlay-color":"","overlay-opacity":"","overlay-gradient":""}}},"product_brand":[],"product_cat":[21,621],"product_tag":[235],"class_list":{"0":"post-179495","1":"product","2":"type-product","3":"status-publish","4":"has-post-thumbnail","6":"product_cat-akcesoria","7":"product_cat-kinesiotaping-estetyczny","8":"product_tag-kinesiotaping","9":"desktop-align-left","10":"tablet-align-left","11":"mobile-align-left","13":"first","14":"instock","15":"taxable","16":"shipping-taxable","17":"purchasable","18":"product-type-simple"},"acf":[],"yoast_head":"<!-- This site is optimized with the Yoast SEO plugin v27.1.1 - https:\/\/yoast.com\/product\/yoast-seo-wordpress\/ -->\n<title>Spray do dezynfekcji sk\u00f3ry przed tapingiem CureTape Pre-Taping Clean Skin<\/title>\n<meta name=\"description\" content=\"Przygotuj swoj\u0105 sk\u00f3r\u0119 do aplikacji ta\u015bm do kinesiotapingu. Spray do dezynfekcji sk\u00f3ry Pre-Taping Clean Skin CureTape to doskona\u0142a baza, kt\u00f3ra poprawia trwa\u0142o\u015b\u0107 tapingu, ale te\u017c dba o bezpiecze\u0144stwo Twojej sk\u00f3ry, dezynfekuj\u0105c j\u0105 i chroni\u0105c przed ewentualnymi podra\u017cnieniami.\" \/>\n<meta name=\"robots\" content=\"index, follow, max-snippet:-1, max-image-preview:large, max-video-preview:-1\" \/>\n<link rel=\"canonical\" href=\"https:\/\/dev1.jogapiekna.com\/en\/product\/spray-do-dezynfekcji-skory-przed-tapingiem\/\" \/>\n<meta property=\"og:locale\" content=\"en_GB\" \/>\n<meta property=\"og:type\" content=\"article\" \/>\n<meta property=\"og:title\" content=\"Spray do dezynfekcji sk\u00f3ry przed tapingiem CureTape Pre-Taping Clean Skin\" \/>\n<meta property=\"og:description\" content=\"Przygotuj swoj\u0105 sk\u00f3r\u0119 do aplikacji ta\u015bm do kinesiotapingu. Spray do dezynfekcji sk\u00f3ry Pre-Taping Clean Skin CureTape to doskona\u0142a baza, kt\u00f3ra poprawia trwa\u0142o\u015b\u0107 tapingu, ale te\u017c dba o bezpiecze\u0144stwo Twojej sk\u00f3ry, dezynfekuj\u0105c j\u0105 i chroni\u0105c przed ewentualnymi podra\u017cnieniami.\" \/>\n<meta property=\"og:url\" content=\"https:\/\/dev1.jogapiekna.com\/en\/product\/spray-do-dezynfekcji-skory-przed-tapingiem\/\" \/>\n<meta property=\"og:site_name\" content=\"JOGA PI\u0118KNA | Joga Twarzy\" \/>\n<meta property=\"article:publisher\" content=\"https:\/\/www.facebook.com\/JogaPieknaCom\/\" \/>\n<meta property=\"article:modified_time\" content=\"2026-02-23T12:44:21+00:00\" \/>\n<meta property=\"og:image\" content=\"https:\/\/dev1.jogapiekna.com\/wp-content\/uploads\/2024\/11\/spray-dezynfekujacy-do-kinesiotapingu-CureTape-Pre-Taping-Clean-Skin_jogapiekna.jpg\" \/>\n\t<meta property=\"og:image:width\" content=\"1000\" \/>\n\t<meta property=\"og:image:height\" content=\"1000\" \/>\n\t<meta property=\"og:image:type\" content=\"image\/jpeg\" \/>\n<meta name=\"twitter:card\" content=\"summary_large_image\" \/>\n<meta name=\"twitter:label1\" content=\"Estimated reading time\" \/>\n\t<meta name=\"twitter:data1\" content=\"4 minutes\" \/>\n<script type=\"application\/ld+json\" class=\"yoast-schema-graph\">{\"@context\":\"https:\/\/schema.org\",\"@graph\":[{\"@type\":\"WebPage\",\"@id\":\"https:\/\/dev1.jogapiekna.com\/en\/product\/spray-do-dezynfekcji-skory-przed-tapingiem\/\",\"url\":\"https:\/\/dev1.jogapiekna.com\/en\/product\/spray-do-dezynfekcji-skory-przed-tapingiem\/\",\"name\":\"Spray do dezynfekcji sk\u00f3ry przed tapingiem CureTape Pre-Taping Clean Skin\",\"isPartOf\":{\"@id\":\"https:\/\/dev1.jogapiekna.com\/#website\"},\"primaryImageOfPage\":{\"@id\":\"https:\/\/dev1.jogapiekna.com\/en\/product\/spray-do-dezynfekcji-skory-przed-tapingiem\/#primaryimage\"},\"image\":{\"@id\":\"https:\/\/dev1.jogapiekna.com\/en\/product\/spray-do-dezynfekcji-skory-przed-tapingiem\/#primaryimage\"},\"thumbnailUrl\":\"https:\/\/dev1.jogapiekna.com\/wp-content\/uploads\/2024\/11\/spray-dezynfekujacy-do-kinesiotapingu-CureTape-Pre-Taping-Clean-Skin_jogapiekna.jpg\",\"datePublished\":\"2024-11-22T13:27:33+00:00\",\"dateModified\":\"2026-02-23T12:44:21+00:00\",\"description\":\"Przygotuj swoj\u0105 sk\u00f3r\u0119 do aplikacji ta\u015bm do kinesiotapingu. Spray do dezynfekcji sk\u00f3ry Pre-Taping Clean Skin CureTape to doskona\u0142a baza, kt\u00f3ra poprawia trwa\u0142o\u015b\u0107 tapingu, ale te\u017c dba o bezpiecze\u0144stwo Twojej sk\u00f3ry, dezynfekuj\u0105c j\u0105 i chroni\u0105c przed ewentualnymi podra\u017cnieniami.\",\"breadcrumb\":{\"@id\":\"https:\/\/dev1.jogapiekna.com\/en\/product\/spray-do-dezynfekcji-skory-przed-tapingiem\/#breadcrumb\"},\"inLanguage\":\"en-GB\",\"potentialAction\":[{\"@type\":\"ReadAction\",\"target\":[\"https:\/\/dev1.jogapiekna.com\/en\/product\/spray-do-dezynfekcji-skory-przed-tapingiem\/\"]}]},{\"@type\":\"ImageObject\",\"inLanguage\":\"en-GB\",\"@id\":\"https:\/\/dev1.jogapiekna.com\/en\/product\/spray-do-dezynfekcji-skory-przed-tapingiem\/#primaryimage\",\"url\":\"https:\/\/dev1.jogapiekna.com\/wp-content\/uploads\/2024\/11\/spray-dezynfekujacy-do-kinesiotapingu-CureTape-Pre-Taping-Clean-Skin_jogapiekna.jpg\",\"contentUrl\":\"https:\/\/dev1.jogapiekna.com\/wp-content\/uploads\/2024\/11\/spray-dezynfekujacy-do-kinesiotapingu-CureTape-Pre-Taping-Clean-Skin_jogapiekna.jpg\",\"width\":1000,\"height\":1000,\"caption\":\"CureTape Pre-Taping Clean Skin - Spray do dezynfekcji sk\u00f3ry przed tejpowaniem (70% alkoholu)\"},{\"@type\":\"BreadcrumbList\",\"@id\":\"https:\/\/dev1.jogapiekna.com\/en\/product\/spray-do-dezynfekcji-skory-przed-tapingiem\/#breadcrumb\",\"itemListElement\":[{\"@type\":\"ListItem\",\"position\":1,\"name\":\"Strona g\u0142\u00f3wna\",\"item\":\"https:\/\/dev1.jogapiekna.com\/\"},{\"@type\":\"ListItem\",\"position\":2,\"name\":\"Sklep\",\"item\":\"https:\/\/dev1.jogapiekna.com\/sklep\/\"},{\"@type\":\"ListItem\",\"position\":3,\"name\":\"Spray do dezynfekcji sk\u00f3ry przed tapingiem CureTape Pre-Taping Clean Skin\"}]},{\"@type\":\"WebSite\",\"@id\":\"https:\/\/dev1.jogapiekna.com\/#website\",\"url\":\"https:\/\/dev1.jogapiekna.com\/\",\"name\":\"Joga Pi\u0119kna Marta Kuci\u0144ska\",\"description\":\"Joga Pi\u0119kna pomaga kobietom zachowa\u0107 urod\u0119, cofn\u0105\u0107 oznaki up\u0142ywaj\u0105cego czasu i zm\u0119czenia, odzyska\u0107 promienny wygl\u0105d, naturalny u\u015bmiech i popraw\u0119 w\u0142asnej samooceny.\",\"publisher\":{\"@id\":\"https:\/\/dev1.jogapiekna.com\/#organization\"},\"potentialAction\":[{\"@type\":\"SearchAction\",\"target\":{\"@type\":\"EntryPoint\",\"urlTemplate\":\"https:\/\/dev1.jogapiekna.com\/?s={search_term_string}\"},\"query-input\":{\"@type\":\"PropertyValueSpecification\",\"valueRequired\":true,\"valueName\":\"search_term_string\"}}],\"inLanguage\":\"en-GB\"},{\"@type\":\"Organization\",\"@id\":\"https:\/\/dev1.jogapiekna.com\/#organization\",\"name\":\"Joga Pi\u0119kna Marta Kuci\u0144ska\",\"url\":\"https:\/\/dev1.jogapiekna.com\/\",\"logo\":{\"@type\":\"ImageObject\",\"inLanguage\":\"en-GB\",\"@id\":\"https:\/\/dev1.jogapiekna.com\/#\/schema\/logo\/image\/\",\"url\":\"https:\/\/dev1.jogapiekna.com\/wp-content\/uploads\/2022\/09\/joga-piekna-logo_Rka.png\",\"contentUrl\":\"https:\/\/dev1.jogapiekna.com\/wp-content\/uploads\/2022\/09\/joga-piekna-logo_Rka.png\",\"width\":231,\"height\":124,\"caption\":\"Joga Pi\u0119kna Marta Kuci\u0144ska\"},\"image\":{\"@id\":\"https:\/\/dev1.jogapiekna.com\/#\/schema\/logo\/image\/\"},\"sameAs\":[\"https:\/\/www.facebook.com\/JogaPieknaCom\/\",\"https:\/\/www.instagram.com\/jogapieknacom\/\"]}]}<\/script>\n<!-- \/ Yoast SEO plugin. -->","yoast_head_json":{"title":"CureTape Pre-Taping Clean Skin Disinfection Spray","description":"Prepare your skin for the application of kinesiology taping strips. The Pre-Taping Clean Skin CureTape disinfectant spray is an excellent base that improves the durability of the taping while also ensuring the safety of your skin by disinfecting it and protecting it from potential irritation.","robots":{"index":"index","follow":"follow","max-snippet":"max-snippet:-1","max-image-preview":"max-image-preview:large","max-video-preview":"max-video-preview:-1"},"canonical":"https:\/\/dev1.jogapiekna.com\/en\/product\/spray-do-dezynfekcji-skory-przed-tapingiem\/","og_locale":"en_GB","og_type":"article","og_title":"Spray do dezynfekcji sk\u00f3ry przed tapingiem CureTape Pre-Taping Clean Skin","og_description":"Przygotuj swoj\u0105 sk\u00f3r\u0119 do aplikacji ta\u015bm do kinesiotapingu. Spray do dezynfekcji sk\u00f3ry Pre-Taping Clean Skin CureTape to doskona\u0142a baza, kt\u00f3ra poprawia trwa\u0142o\u015b\u0107 tapingu, ale te\u017c dba o bezpiecze\u0144stwo Twojej sk\u00f3ry, dezynfekuj\u0105c j\u0105 i chroni\u0105c przed ewentualnymi podra\u017cnieniami.","og_url":"https:\/\/dev1.jogapiekna.com\/en\/product\/spray-do-dezynfekcji-skory-przed-tapingiem\/","og_site_name":"JOGA PI\u0118KNA | Joga Twarzy","article_publisher":"https:\/\/www.facebook.com\/JogaPieknaCom\/","article_modified_time":"2026-02-23T12:44:21+00:00","og_image":[{"width":1000,"height":1000,"url":"https:\/\/dev1.jogapiekna.com\/wp-content\/uploads\/2024\/11\/spray-dezynfekujacy-do-kinesiotapingu-CureTape-Pre-Taping-Clean-Skin_jogapiekna.jpg","type":"image\/jpeg"}],"twitter_card":"summary_large_image","twitter_misc":{"Estimated reading time":"4 minutes"},"schema":{"@context":"https:\/\/schema.org","@graph":[{"@type":"WebPage","@id":"https:\/\/dev1.jogapiekna.com\/en\/product\/spray-do-dezynfekcji-skory-przed-tapingiem\/","url":"https:\/\/dev1.jogapiekna.com\/en\/product\/spray-do-dezynfekcji-skory-przed-tapingiem\/","name":"CureTape Pre-Taping Clean Skin Disinfection Spray","isPartOf":{"@id":"https:\/\/dev1.jogapiekna.com\/#website"},"primaryImageOfPage":{"@id":"https:\/\/dev1.jogapiekna.com\/en\/product\/spray-do-dezynfekcji-skory-przed-tapingiem\/#primaryimage"},"image":{"@id":"https:\/\/dev1.jogapiekna.com\/en\/product\/spray-do-dezynfekcji-skory-przed-tapingiem\/#primaryimage"},"thumbnailUrl":"https:\/\/dev1.jogapiekna.com\/wp-content\/uploads\/2024\/11\/spray-dezynfekujacy-do-kinesiotapingu-CureTape-Pre-Taping-Clean-Skin_jogapiekna.jpg","datePublished":"2024-11-22T13:27:33+00:00","dateModified":"2026-02-23T12:44:21+00:00","description":"Prepare your skin for the application of kinesiology taping strips. The Pre-Taping Clean Skin CureTape disinfectant spray is an excellent base that improves the durability of the taping while also ensuring the safety of your skin by disinfecting it and protecting it from potential irritation.","breadcrumb":{"@id":"https:\/\/dev1.jogapiekna.com\/en\/product\/spray-do-dezynfekcji-skory-przed-tapingiem\/#breadcrumb"},"inLanguage":"en-GB","potentialAction":[{"@type":"ReadAction","target":["https:\/\/dev1.jogapiekna.com\/en\/product\/spray-do-dezynfekcji-skory-przed-tapingiem\/"]}]},{"@type":"ImageObject","inLanguage":"en-GB","@id":"https:\/\/dev1.jogapiekna.com\/en\/product\/spray-do-dezynfekcji-skory-przed-tapingiem\/#primaryimage","url":"https:\/\/dev1.jogapiekna.com\/wp-content\/uploads\/2024\/11\/spray-dezynfekujacy-do-kinesiotapingu-CureTape-Pre-Taping-Clean-Skin_jogapiekna.jpg","contentUrl":"https:\/\/dev1.jogapiekna.com\/wp-content\/uploads\/2024\/11\/spray-dezynfekujacy-do-kinesiotapingu-CureTape-Pre-Taping-Clean-Skin_jogapiekna.jpg","width":1000,"height":1000,"caption":"CureTape Pre-Taping Clean Skin - Spray do dezynfekcji sk\u00f3ry przed tejpowaniem (70% alkoholu)"},{"@type":"BreadcrumbList","@id":"https:\/\/dev1.jogapiekna.com\/en\/product\/spray-do-dezynfekcji-skory-przed-tapingiem\/#breadcrumb","itemListElement":[{"@type":"ListItem","position":1,"name":"Strona g\u0142\u00f3wna","item":"https:\/\/dev1.jogapiekna.com\/"},{"@type":"ListItem","position":2,"name":"Sklep","item":"https:\/\/dev1.jogapiekna.com\/sklep\/"},{"@type":"ListItem","position":3,"name":"Spray do dezynfekcji sk\u00f3ry przed tapingiem CureTape Pre-Taping Clean Skin"}]},{"@type":"WebSite","@id":"https:\/\/dev1.jogapiekna.com\/#website","url":"https:\/\/dev1.jogapiekna.com\/","name":"Yoga Beauty Marta Kuci\u0144ska","description":"Beauty Yoga helps women to maintain their beauty, reverse the signs of passing time and fatigue, regain a radiant appearance, natural smile and improve their self-esteem.","publisher":{"@id":"https:\/\/dev1.jogapiekna.com\/#organization"},"potentialAction":[{"@type":"SearchAction","target":{"@type":"EntryPoint","urlTemplate":"https:\/\/dev1.jogapiekna.com\/?s={search_term_string}"},"query-input":{"@type":"PropertyValueSpecification","valueRequired":true,"valueName":"search_term_string"}}],"inLanguage":"en-GB"},{"@type":"Organization","@id":"https:\/\/dev1.jogapiekna.com\/#organization","name":"Yoga Beauty Marta Kuci\u0144ska","url":"https:\/\/dev1.jogapiekna.com\/","logo":{"@type":"ImageObject","inLanguage":"en-GB","@id":"https:\/\/dev1.jogapiekna.com\/#\/schema\/logo\/image\/","url":"https:\/\/dev1.jogapiekna.com\/wp-content\/uploads\/2022\/09\/joga-piekna-logo_Rka.png","contentUrl":"https:\/\/dev1.jogapiekna.com\/wp-content\/uploads\/2022\/09\/joga-piekna-logo_Rka.png","width":231,"height":124,"caption":"Joga Pi\u0119kna Marta Kuci\u0144ska"},"image":{"@id":"https:\/\/dev1.jogapiekna.com\/#\/schema\/logo\/image\/"},"sameAs":["https:\/\/www.facebook.com\/JogaPieknaCom\/","https:\/\/www.instagram.com\/jogapieknacom\/"]}]}},"_links":{"self":[{"href":"https:\/\/dev1.jogapiekna.com\/en\/wp-json\/wp\/v2\/product\/179495","targetHints":{"allow":["GET"]}}],"collection":[{"href":"https:\/\/dev1.jogapiekna.com\/en\/wp-json\/wp\/v2\/product"}],"about":[{"href":"https:\/\/dev1.jogapiekna.com\/en\/wp-json\/wp\/v2\/types\/product"}],"replies":[{"embeddable":true,"href":"https:\/\/dev1.jogapiekna.com\/en\/wp-json\/wp\/v2\/comments?post=179495"}],"version-history":[{"count":1,"href":"https:\/\/dev1.jogapiekna.com\/en\/wp-json\/wp\/v2\/product\/179495\/revisions"}],"predecessor-version":[{"id":215858,"href":"https:\/\/dev1.jogapiekna.com\/en\/wp-json\/wp\/v2\/product\/179495\/revisions\/215858"}],"wp:featuredmedia":[{"embeddable":true,"href":"https:\/\/dev1.jogapiekna.com\/en\/wp-json\/wp\/v2\/media\/179496"}],"wp:attachment":[{"href":"https:\/\/dev1.jogapiekna.com\/en\/wp-json\/wp\/v2\/media?parent=179495"}],"wp:term":[{"taxonomy":"product_brand","embeddable":true,"href":"https:\/\/dev1.jogapiekna.com\/en\/wp-json\/wp\/v2\/product_brand?post=179495"},{"taxonomy":"product_cat","embeddable":true,"href":"https:\/\/dev1.jogapiekna.com\/en\/wp-json\/wp\/v2\/product_cat?post=179495"},{"taxonomy":"product_tag","embeddable":true,"href":"https:\/\/dev1.jogapiekna.com\/en\/wp-json\/wp\/v2\/product_tag?post=179495"}],"curies":[{"name":"wp","href":"https:\/\/api.w.org\/{rel}","templated":true}]}}