{"id":178349,"date":"2024-11-07T10:17:00","date_gmt":"2024-11-07T09:17:00","guid":{"rendered":"https:\/\/dev1.jogapiekna.com?post_type=product&#038;p=178349"},"modified":"2026-02-07T15:28:13","modified_gmt":"2026-02-07T14:28:13","slug":"zestaw-olejek-citrus-glow-i-kamien-gua-sha-joga-piekna","status":"publish","type":"product","link":"https:\/\/dev1.jogapiekna.com\/en\/product\/zestaw-olejek-citrus-glow-i-kamien-gua-sha-joga-piekna\/","title":{"rendered":"Set: Citrus Glow oil and Gua Sha Yoga Beauty stone"},"content":{"rendered":"<h2>Gua-Sha massage set: gua sha oil and stone<\/h2>\n<p>Gua-Sha massage is an ancient Chinese technique that involves scraping the skin with a plate made of natural stone. If you combine it with <strong>oiling the skin<\/strong>, you will gain double benefits. Your skin will absorb more nutrients, improve blood circulation, oxygenation and naturally stimulate collagen fibres that are responsible for a youthful appearance.<\/p>\n<h3>Benefits of massage with Gua-Sha oil<\/h3>\n<ul>\n<li style=\"font-weight: 400;\" aria-level=\"1\">relaxing care ritual<\/li>\n<li style=\"font-weight: 400;\" aria-level=\"1\">Improved absorption of nutrients and vitamins<\/li>\n<li style=\"font-weight: 400;\" aria-level=\"1\">improving blood supply to the skin<\/li>\n<li style=\"font-weight: 400;\" aria-level=\"1\">cleansing the skin of toxins<\/li>\n<li style=\"font-weight: 400;\" aria-level=\"1\">subtle lifting and firming of tissues<\/li>\n<li style=\"font-weight: 400;\" aria-level=\"1\">wrinkle reduction, smoothing<\/li>\n<li style=\"font-weight: 400;\" aria-level=\"1\">radiant, happy skin<\/li>\n<\/ul>\n<p>Use of <strong>gua sha oil<\/strong> is more than care, it is a way to slow down for a while and feel closer to yourself. Its texture makes it easy to massage, making every movement softer and more intuitive. Soft texture <b>Citrus Glow oil <\/b>enables smooth, soft movements that allow the stone to glide across the skin without resistance, without jerking. As a result, a daily massage can become your peaceful ritual that gives you strength and balance.<\/p>\n<h2>What is included in the kit?<\/h2>\n<p>&nbsp;<\/p>\n<h3><strong>Gua sha oil<\/strong> Citrus Glow Yoga Beauty<\/h3>\n<p>Multifunctional oil serum Citrus Glow <b>Extremely regenerates, nourishes and moisturises the skin<\/b>, leaving it velvety soft. It absorbs quickly, so you don't have to worry about a greasy layer on your skin. After just a few minutes, you can see the effect of a naturally brightened and smoother complexion.<\/p>\n<p>Base <strong>Citrus Glow Yoga Beauty Oil<\/strong> are natural oils that are light, rich and full of valuable ingredients that support the skin in its daily work. It is thanks to these that the oil works gently but effectively, restoring hydration, elasticity and a sense of comfort to the skin.<\/p>\n<p><strong>Gua sha oil <\/strong>use for massage and at night - when your skin is tired, dull, dry or exposed.<\/p>\n<p><b>Top ingredients: <\/b>Sweet almond oil, grape seed oil, sunflower oil, sea buckthorn oil, squalane, vitamin C and E.<\/p>\n<h3>Benefits <strong>gua sha oil<\/strong> Citrus Glow<\/h3>\n<ul>\n<li style=\"font-weight: 400;\" aria-level=\"1\">aromatherapy power<\/li>\n<li style=\"font-weight: 400;\" aria-level=\"1\">strong skin regeneration<\/li>\n<li style=\"font-weight: 400;\" aria-level=\"1\">a citrus fragrance that boosts energy<\/li>\n<li style=\"font-weight: 400;\" aria-level=\"1\">radiant complexion illumination<\/li>\n<li style=\"font-weight: 400;\" aria-level=\"1\">lightweight formula that does not leave a greasy film for long<\/li>\n<li style=\"font-weight: 400;\" aria-level=\"1\">velvety softness and smoothness<\/li>\n<li style=\"font-weight: 400;\" aria-level=\"1\">for face, neck, d\u00e9collet\u00e9, hands<\/li>\n<li style=\"font-weight: 400;\" aria-level=\"1\">for mature, problematic, dull skin in need of hydration<\/li>\n<\/ul>\n<p><b>The gua sha oil has a relaxing, citrusy scent of orange, neroli and bergamot that makes any skincare ritual extremely relaxing (just in time for the evening after a hard day).<\/b><\/p>\n<p>Active ingredients <strong>gua sha oil<\/strong> supports the natural regenerative processes. It allows the skin to regain its elasticity, tension to slowly recede and fine lines and wrinkles to become less visible. This is not the result of an immediate change, but of a peaceful recovery that happens in its own rhythm.<\/p>\n<h3>Gua-Sha natural quartz stone<\/h3>\n<p>The Gua-Sha massage stone is a useful accessory for cleavage, neck and facial massage. It is made in 100% from natural quartz. It helps to increase the flow of Qi energy in the body. It relieves muscle tension and improves blood and lymph circulation.<\/p>\n<p>The plate has the shape of a stretched heart. It is flat and smooth. Its edges are gently rounded, making it easy to slide the massager over the skin.<\/p>\n<p>Regular facial self-massage is a fantastic form of relaxation and a way to show kindness to your body. All you need to do is set aside 10-15 minutes for your skin, free from overwhelming external stimuli.<\/p>\n<h3><strong>Effects of Gua-Sha stone massage<\/strong><\/h3>\n<ul>\n<li style=\"font-weight: 400;\" aria-level=\"1\">improves blood circulation, which increases its oxygenation and nutrition<\/li>\n<li style=\"font-weight: 400;\" aria-level=\"1\">makes the skin supple on the neck and face<\/li>\n<li style=\"font-weight: 400;\" aria-level=\"1\">helps reduce transverse wrinkles on the neck<\/li>\n<li style=\"font-weight: 400;\" aria-level=\"1\">evens out the complexion<\/li>\n<li style=\"font-weight: 400;\" aria-level=\"1\">removes toxins, gives your complexion a natural glow<\/li>\n<li style=\"font-weight: 400;\" aria-level=\"1\">relieves stress and anxiety, reduces tension on the face<\/li>\n<li style=\"font-weight: 400;\" aria-level=\"1\">getting rid of fatigue and negative emotions<\/li>\n<li style=\"font-weight: 400;\" aria-level=\"1\">simulates the contour of the face<\/li>\n<li style=\"font-weight: 400;\" aria-level=\"1\">it naturally stimulates the synthesis of collagen, that is, it rejuvenates the skin<\/li>\n<\/ul>\n<h3><b>A massage set including massage oil, a gua sha stone, and a gua sha board is the perfect gift for fans of natural skincare.<\/b><\/h3>\n<p>Massage set with <strong>gua sha oil<\/strong> Citrus Glow with Gua-Sha Beauty Yoga is an excellent <strong>Gift idea<\/strong>\u2013 both for yourself and a loved one. It is a unique duo that combines natural skincare and ancient massage techniques, offering comprehensive skin care and moments of deep relaxation.<\/p>\n<p>The set includes an aesthetic, pink pouch made of soft Yoga Beauty material., <strong>Gua sha oil<\/strong> and a massager.<\/p>\n<h2>How to perform a massage with <strong>with Gua Sha oil?<\/strong><\/h2>\n<p>Gua sha massage can be done even daily, if you massage the skin gently and quite briefly \u2013 a few minutes. A stronger and longer massage (about 15-20 minutes) is recommended two, maximum three times a week.<\/p>\n<ul>\n<li style=\"font-weight: 400;\" aria-level=\"1\">A few drops <strong>gua sha oil<\/strong> Apply to cleansed skin on the face, neck, d\u00e9colletage, and hands.<\/li>\n<li style=\"font-weight: 400;\" aria-level=\"1\">Plate massage<strong> each time we start with the lower part of the face.<\/strong>, moving gradually upwards following the direction of the arrows \u2013 Fig. 1 and in accordance with the numbered stages.<\/li>\n<\/ul>\n<p><img decoding=\"async\" class=\"alignleft size-full wp-image-10664\" src=\"https:\/\/dev1.jogapiekna.comwp-content\/uploads\/2020\/05\/kamien-gua-sha_technika-od-dolu.jpg\" alt=\"\" width=\"\u201e399\u201d\" height=\"\u201e600\u201d\" \/><\/p>\n<p>&nbsp;<\/p>\n<h2>Contraindications to gua sha massage<\/h2>\n<ul>\n<li>damaged skin<\/li>\n<li>damaged veins<\/li>\n<li>highly capillary skin<\/li>\n<li>moles<\/li>\n<li>cuts and bruises<\/li>\n<li>extensive acne lesions<\/li>\n<li>rosacea in the active phase<\/li>\n<li>cancer diseases<\/li>\n<\/ul>","protected":false},"excerpt":{"rendered":"<p>Set with nourishing, multifunctional <strong>gua sha oil<\/strong> <b>Citrus Glow<\/b> and the natural stone Gua-Sha Yoga Beauty are the perfect duo - for daily rituals, a relaxing massage and evening care.<\/p>\n<p>Take care of your skin after a hard day or give a set like this to a loved one - in the name of love for beauty, harmony and natural care.<\/p>\n<p>The kit includes:<\/p>\n<ul>\n<li style=\"font-weight: 400;\" aria-level=\"1\">Gua sha Citrus Glow Oil 50 ml<\/li>\n<li style=\"font-weight: 400;\" aria-level=\"1\">Gua-Sha Yoga Beauty Stone<\/li>\n<li style=\"font-weight: 400;\" aria-level=\"1\">Aesthetic Yoga Beauty Bag<\/li>\n<\/ul>","protected":false},"featured_media":178280,"comment_status":"closed","ping_status":"closed","template":"","meta":{"_acf_changed":false,"site-sidebar-layout":"default","site-content-layout":"","ast-site-content-layout":"default","site-content-style":"default","site-sidebar-style":"default","ast-global-header-display":"","ast-banner-title-visibility":"","ast-main-header-display":"","ast-hfb-above-header-display":"","ast-hfb-below-header-display":"","ast-hfb-mobile-header-display":"","site-post-title":"","ast-breadcrumbs-content":"","ast-featured-img":"","footer-sml-layout":"","ast-disable-related-posts":"","theme-transparent-header-meta":"","adv-header-id-meta":"","stick-header-meta":"","header-above-stick-meta":"","header-main-stick-meta":"","header-below-stick-meta":"","astra-migrate-meta-layouts":"default","ast-page-background-enabled":"default","ast-page-background-meta":{"desktop":{"background-color":"var(--ast-global-color-5)","background-image":"","background-repeat":"repeat","background-position":"center center","background-size":"auto","background-attachment":"scroll","background-type":"","background-media":"","overlay-type":"","overlay-color":"","overlay-opacity":"","overlay-gradient":""},"tablet":{"background-color":"","background-image":"","background-repeat":"repeat","background-position":"center center","background-size":"auto","background-attachment":"scroll","background-type":"","background-media":"","overlay-type":"","overlay-color":"","overlay-opacity":"","overlay-gradient":""},"mobile":{"background-color":"","background-image":"","background-repeat":"repeat","background-position":"center center","background-size":"auto","background-attachment":"scroll","background-type":"","background-media":"","overlay-type":"","overlay-color":"","overlay-opacity":"","overlay-gradient":""}},"ast-content-background-meta":{"desktop":{"background-color":"var(--ast-global-color-4)","background-image":"","background-repeat":"repeat","background-position":"center center","background-size":"auto","background-attachment":"scroll","background-type":"","background-media":"","overlay-type":"","overlay-color":"","overlay-opacity":"","overlay-gradient":""},"tablet":{"background-color":"var(--ast-global-color-4)","background-image":"","background-repeat":"repeat","background-position":"center center","background-size":"auto","background-attachment":"scroll","background-type":"","background-media":"","overlay-type":"","overlay-color":"","overlay-opacity":"","overlay-gradient":""},"mobile":{"background-color":"var(--ast-global-color-4)","background-image":"","background-repeat":"repeat","background-position":"center center","background-size":"auto","background-attachment":"scroll","background-type":"","background-media":"","overlay-type":"","overlay-color":"","overlay-opacity":"","overlay-gradient":""}}},"product_brand":[],"product_cat":[796,331],"product_tag":[790,762,654,792,794,791,793,281,485,566,795,484,561],"class_list":{"0":"post-178349","1":"product","2":"type-product","3":"status-publish","4":"has-post-thumbnail","6":"product_cat-citrus-glow","7":"product_cat-kosmetyki","8":"product_tag-citrus-glow","9":"product_tag-nawilzenie","10":"product_tag-olej","11":"product_tag-olej-z-pestek-winogron","12":"product_tag-olej-z-rokitnika","13":"product_tag-olej-ze-slodkich-migdalow","14":"product_tag-olej-ze-slonecznika","15":"product_tag-olejek","16":"product_tag-regeneracja","17":"product_tag-relaks","18":"product_tag-skwalan","19":"product_tag-witamina-c","20":"product_tag-witamina-e","21":"desktop-align-left","22":"tablet-align-left","23":"mobile-align-left","25":"first","26":"instock","27":"sale","28":"taxable","29":"shipping-taxable","30":"purchasable","31":"product-type-simple"},"acf":[],"yoast_head":"<!-- This site is optimized with the Yoast SEO plugin v27.1.1 - https:\/\/yoast.com\/product\/yoast-seo-wordpress\/ -->\n<title>Olejek do gua sha Citrus Glow i kamie\u0144 gua sha zestaw Joga Pi\u0119kna<\/title>\n<meta name=\"description\" content=\"Odkryj moc naturalnych sk\u0142adnik\u00f3w! Wybierz olejek do masa\u017cu gua sha, kt\u00f3ry u\u0142atwia masa\u017c i poprawia kondycj\u0119 sk\u00f3ry. Zam\u00f3w online z szybk\u0105 dostaw\u0105!\" \/>\n<meta name=\"robots\" content=\"index, follow, max-snippet:-1, max-image-preview:large, max-video-preview:-1\" \/>\n<link rel=\"canonical\" href=\"https:\/\/dev1.jogapiekna.com\/en\/product\/zestaw-olejek-citrus-glow-i-kamien-gua-sha-joga-piekna\/\" \/>\n<meta property=\"og:locale\" content=\"en_GB\" \/>\n<meta property=\"og:type\" content=\"article\" \/>\n<meta property=\"og:title\" content=\"Olejek do gua sha Citrus Glow i kamie\u0144 gua sha zestaw Joga Pi\u0119kna\" \/>\n<meta property=\"og:description\" content=\"Odkryj moc naturalnych sk\u0142adnik\u00f3w! Wybierz olejek do masa\u017cu gua sha, kt\u00f3ry u\u0142atwia masa\u017c i poprawia kondycj\u0119 sk\u00f3ry. Zam\u00f3w online z szybk\u0105 dostaw\u0105!\" \/>\n<meta property=\"og:url\" content=\"https:\/\/dev1.jogapiekna.com\/en\/product\/zestaw-olejek-citrus-glow-i-kamien-gua-sha-joga-piekna\/\" \/>\n<meta property=\"og:site_name\" content=\"JOGA PI\u0118KNA | Joga Twarzy\" \/>\n<meta property=\"article:publisher\" content=\"https:\/\/www.facebook.com\/JogaPieknaCom\/\" \/>\n<meta property=\"article:modified_time\" content=\"2026-02-07T14:28:13+00:00\" \/>\n<meta property=\"og:image\" content=\"https:\/\/dev1.jogapiekna.com\/wp-content\/uploads\/2024\/11\/zestaw-citrus-glow-gua-sha-jogapiekna_01.jpg\" \/>\n\t<meta property=\"og:image:width\" content=\"1000\" \/>\n\t<meta property=\"og:image:height\" content=\"1000\" \/>\n\t<meta property=\"og:image:type\" content=\"image\/jpeg\" \/>\n<meta name=\"twitter:card\" content=\"summary_large_image\" \/>\n<meta name=\"twitter:label1\" content=\"Estimated reading time\" \/>\n\t<meta name=\"twitter:data1\" content=\"5 minutes\" \/>\n<script type=\"application\/ld+json\" class=\"yoast-schema-graph\">{\"@context\":\"https:\/\/schema.org\",\"@graph\":[{\"@type\":\"WebPage\",\"@id\":\"https:\/\/dev1.jogapiekna.com\/en\/product\/zestaw-olejek-citrus-glow-i-kamien-gua-sha-joga-piekna\/\",\"url\":\"https:\/\/dev1.jogapiekna.com\/en\/product\/zestaw-olejek-citrus-glow-i-kamien-gua-sha-joga-piekna\/\",\"name\":\"Olejek do gua sha Citrus Glow i kamie\u0144 gua sha zestaw Joga Pi\u0119kna\",\"isPartOf\":{\"@id\":\"https:\/\/dev1.jogapiekna.com\/#website\"},\"primaryImageOfPage\":{\"@id\":\"https:\/\/dev1.jogapiekna.com\/en\/product\/zestaw-olejek-citrus-glow-i-kamien-gua-sha-joga-piekna\/#primaryimage\"},\"image\":{\"@id\":\"https:\/\/dev1.jogapiekna.com\/en\/product\/zestaw-olejek-citrus-glow-i-kamien-gua-sha-joga-piekna\/#primaryimage\"},\"thumbnailUrl\":\"https:\/\/dev1.jogapiekna.com\/wp-content\/uploads\/2024\/11\/zestaw-citrus-glow-gua-sha-jogapiekna_01.jpg\",\"datePublished\":\"2024-11-07T09:17:00+00:00\",\"dateModified\":\"2026-02-07T14:28:13+00:00\",\"description\":\"Odkryj moc naturalnych sk\u0142adnik\u00f3w! Wybierz olejek do masa\u017cu gua sha, kt\u00f3ry u\u0142atwia masa\u017c i poprawia kondycj\u0119 sk\u00f3ry. Zam\u00f3w online z szybk\u0105 dostaw\u0105!\",\"breadcrumb\":{\"@id\":\"https:\/\/dev1.jogapiekna.com\/en\/product\/zestaw-olejek-citrus-glow-i-kamien-gua-sha-joga-piekna\/#breadcrumb\"},\"inLanguage\":\"en-GB\",\"potentialAction\":[{\"@type\":\"ReadAction\",\"target\":[\"https:\/\/dev1.jogapiekna.com\/en\/product\/zestaw-olejek-citrus-glow-i-kamien-gua-sha-joga-piekna\/\"]}]},{\"@type\":\"ImageObject\",\"inLanguage\":\"en-GB\",\"@id\":\"https:\/\/dev1.jogapiekna.com\/en\/product\/zestaw-olejek-citrus-glow-i-kamien-gua-sha-joga-piekna\/#primaryimage\",\"url\":\"https:\/\/dev1.jogapiekna.com\/wp-content\/uploads\/2024\/11\/zestaw-citrus-glow-gua-sha-jogapiekna_01.jpg\",\"contentUrl\":\"https:\/\/dev1.jogapiekna.com\/wp-content\/uploads\/2024\/11\/zestaw-citrus-glow-gua-sha-jogapiekna_01.jpg\",\"width\":1000,\"height\":1000,\"caption\":\"Zestaw: Olejek Citrus Glow i kamie\u0144 Gua Sha Joga Pi\u0119kna\"},{\"@type\":\"BreadcrumbList\",\"@id\":\"https:\/\/dev1.jogapiekna.com\/en\/product\/zestaw-olejek-citrus-glow-i-kamien-gua-sha-joga-piekna\/#breadcrumb\",\"itemListElement\":[{\"@type\":\"ListItem\",\"position\":1,\"name\":\"Strona g\u0142\u00f3wna\",\"item\":\"https:\/\/dev1.jogapiekna.com\/\"},{\"@type\":\"ListItem\",\"position\":2,\"name\":\"Sklep\",\"item\":\"https:\/\/dev1.jogapiekna.com\/sklep\/\"},{\"@type\":\"ListItem\",\"position\":3,\"name\":\"Zestaw: Olejek Citrus Glow i kamie\u0144 Gua Sha Joga Pi\u0119kna\"}]},{\"@type\":\"WebSite\",\"@id\":\"https:\/\/dev1.jogapiekna.com\/#website\",\"url\":\"https:\/\/dev1.jogapiekna.com\/\",\"name\":\"Joga Pi\u0119kna Marta Kuci\u0144ska\",\"description\":\"Joga Pi\u0119kna pomaga kobietom zachowa\u0107 urod\u0119, cofn\u0105\u0107 oznaki up\u0142ywaj\u0105cego czasu i zm\u0119czenia, odzyska\u0107 promienny wygl\u0105d, naturalny u\u015bmiech i popraw\u0119 w\u0142asnej samooceny.\",\"publisher\":{\"@id\":\"https:\/\/dev1.jogapiekna.com\/#organization\"},\"potentialAction\":[{\"@type\":\"SearchAction\",\"target\":{\"@type\":\"EntryPoint\",\"urlTemplate\":\"https:\/\/dev1.jogapiekna.com\/?s={search_term_string}\"},\"query-input\":{\"@type\":\"PropertyValueSpecification\",\"valueRequired\":true,\"valueName\":\"search_term_string\"}}],\"inLanguage\":\"en-GB\"},{\"@type\":\"Organization\",\"@id\":\"https:\/\/dev1.jogapiekna.com\/#organization\",\"name\":\"Joga Pi\u0119kna Marta Kuci\u0144ska\",\"url\":\"https:\/\/dev1.jogapiekna.com\/\",\"logo\":{\"@type\":\"ImageObject\",\"inLanguage\":\"en-GB\",\"@id\":\"https:\/\/dev1.jogapiekna.com\/#\/schema\/logo\/image\/\",\"url\":\"https:\/\/dev1.jogapiekna.com\/wp-content\/uploads\/2022\/09\/joga-piekna-logo_Rka.png\",\"contentUrl\":\"https:\/\/dev1.jogapiekna.com\/wp-content\/uploads\/2022\/09\/joga-piekna-logo_Rka.png\",\"width\":231,\"height\":124,\"caption\":\"Joga Pi\u0119kna Marta Kuci\u0144ska\"},\"image\":{\"@id\":\"https:\/\/dev1.jogapiekna.com\/#\/schema\/logo\/image\/\"},\"sameAs\":[\"https:\/\/www.facebook.com\/JogaPieknaCom\/\",\"https:\/\/www.instagram.com\/jogapieknacom\/\"]}]}<\/script>\n<!-- \/ Yoast SEO plugin. -->","yoast_head_json":{"title":"Olejek do gua sha Citrus Glow i kamie\u0144 gua sha zestaw Joga Pi\u0119kna","description":"Odkryj moc naturalnych sk\u0142adnik\u00f3w! Wybierz olejek do masa\u017cu gua sha, kt\u00f3ry u\u0142atwia masa\u017c i poprawia kondycj\u0119 sk\u00f3ry. Zam\u00f3w online z szybk\u0105 dostaw\u0105!","robots":{"index":"index","follow":"follow","max-snippet":"max-snippet:-1","max-image-preview":"max-image-preview:large","max-video-preview":"max-video-preview:-1"},"canonical":"https:\/\/dev1.jogapiekna.com\/en\/product\/zestaw-olejek-citrus-glow-i-kamien-gua-sha-joga-piekna\/","og_locale":"en_GB","og_type":"article","og_title":"Olejek do gua sha Citrus Glow i kamie\u0144 gua sha zestaw Joga Pi\u0119kna","og_description":"Odkryj moc naturalnych sk\u0142adnik\u00f3w! Wybierz olejek do masa\u017cu gua sha, kt\u00f3ry u\u0142atwia masa\u017c i poprawia kondycj\u0119 sk\u00f3ry. Zam\u00f3w online z szybk\u0105 dostaw\u0105!","og_url":"https:\/\/dev1.jogapiekna.com\/en\/product\/zestaw-olejek-citrus-glow-i-kamien-gua-sha-joga-piekna\/","og_site_name":"JOGA PI\u0118KNA | Joga Twarzy","article_publisher":"https:\/\/www.facebook.com\/JogaPieknaCom\/","article_modified_time":"2026-02-07T14:28:13+00:00","og_image":[{"width":1000,"height":1000,"url":"https:\/\/dev1.jogapiekna.com\/wp-content\/uploads\/2024\/11\/zestaw-citrus-glow-gua-sha-jogapiekna_01.jpg","type":"image\/jpeg"}],"twitter_card":"summary_large_image","twitter_misc":{"Estimated reading time":"5 minutes"},"schema":{"@context":"https:\/\/schema.org","@graph":[{"@type":"WebPage","@id":"https:\/\/dev1.jogapiekna.com\/en\/product\/zestaw-olejek-citrus-glow-i-kamien-gua-sha-joga-piekna\/","url":"https:\/\/dev1.jogapiekna.com\/en\/product\/zestaw-olejek-citrus-glow-i-kamien-gua-sha-joga-piekna\/","name":"Olejek do gua sha Citrus Glow i kamie\u0144 gua sha zestaw Joga Pi\u0119kna","isPartOf":{"@id":"https:\/\/dev1.jogapiekna.com\/#website"},"primaryImageOfPage":{"@id":"https:\/\/dev1.jogapiekna.com\/en\/product\/zestaw-olejek-citrus-glow-i-kamien-gua-sha-joga-piekna\/#primaryimage"},"image":{"@id":"https:\/\/dev1.jogapiekna.com\/en\/product\/zestaw-olejek-citrus-glow-i-kamien-gua-sha-joga-piekna\/#primaryimage"},"thumbnailUrl":"https:\/\/dev1.jogapiekna.com\/wp-content\/uploads\/2024\/11\/zestaw-citrus-glow-gua-sha-jogapiekna_01.jpg","datePublished":"2024-11-07T09:17:00+00:00","dateModified":"2026-02-07T14:28:13+00:00","description":"Odkryj moc naturalnych sk\u0142adnik\u00f3w! Wybierz olejek do masa\u017cu gua sha, kt\u00f3ry u\u0142atwia masa\u017c i poprawia kondycj\u0119 sk\u00f3ry. Zam\u00f3w online z szybk\u0105 dostaw\u0105!","breadcrumb":{"@id":"https:\/\/dev1.jogapiekna.com\/en\/product\/zestaw-olejek-citrus-glow-i-kamien-gua-sha-joga-piekna\/#breadcrumb"},"inLanguage":"en-GB","potentialAction":[{"@type":"ReadAction","target":["https:\/\/dev1.jogapiekna.com\/en\/product\/zestaw-olejek-citrus-glow-i-kamien-gua-sha-joga-piekna\/"]}]},{"@type":"ImageObject","inLanguage":"en-GB","@id":"https:\/\/dev1.jogapiekna.com\/en\/product\/zestaw-olejek-citrus-glow-i-kamien-gua-sha-joga-piekna\/#primaryimage","url":"https:\/\/dev1.jogapiekna.com\/wp-content\/uploads\/2024\/11\/zestaw-citrus-glow-gua-sha-jogapiekna_01.jpg","contentUrl":"https:\/\/dev1.jogapiekna.com\/wp-content\/uploads\/2024\/11\/zestaw-citrus-glow-gua-sha-jogapiekna_01.jpg","width":1000,"height":1000,"caption":"Zestaw: Olejek Citrus Glow i kamie\u0144 Gua Sha Joga Pi\u0119kna"},{"@type":"BreadcrumbList","@id":"https:\/\/dev1.jogapiekna.com\/en\/product\/zestaw-olejek-citrus-glow-i-kamien-gua-sha-joga-piekna\/#breadcrumb","itemListElement":[{"@type":"ListItem","position":1,"name":"Strona g\u0142\u00f3wna","item":"https:\/\/dev1.jogapiekna.com\/"},{"@type":"ListItem","position":2,"name":"Sklep","item":"https:\/\/dev1.jogapiekna.com\/sklep\/"},{"@type":"ListItem","position":3,"name":"Zestaw: Olejek Citrus Glow i kamie\u0144 Gua Sha Joga Pi\u0119kna"}]},{"@type":"WebSite","@id":"https:\/\/dev1.jogapiekna.com\/#website","url":"https:\/\/dev1.jogapiekna.com\/","name":"Yoga Beauty Marta Kuci\u0144ska","description":"Beauty Yoga helps women to maintain their beauty, reverse the signs of passing time and fatigue, regain a radiant appearance, natural smile and improve their self-esteem.","publisher":{"@id":"https:\/\/dev1.jogapiekna.com\/#organization"},"potentialAction":[{"@type":"SearchAction","target":{"@type":"EntryPoint","urlTemplate":"https:\/\/dev1.jogapiekna.com\/?s={search_term_string}"},"query-input":{"@type":"PropertyValueSpecification","valueRequired":true,"valueName":"search_term_string"}}],"inLanguage":"en-GB"},{"@type":"Organization","@id":"https:\/\/dev1.jogapiekna.com\/#organization","name":"Yoga Beauty Marta Kuci\u0144ska","url":"https:\/\/dev1.jogapiekna.com\/","logo":{"@type":"ImageObject","inLanguage":"en-GB","@id":"https:\/\/dev1.jogapiekna.com\/#\/schema\/logo\/image\/","url":"https:\/\/dev1.jogapiekna.com\/wp-content\/uploads\/2022\/09\/joga-piekna-logo_Rka.png","contentUrl":"https:\/\/dev1.jogapiekna.com\/wp-content\/uploads\/2022\/09\/joga-piekna-logo_Rka.png","width":231,"height":124,"caption":"Joga Pi\u0119kna Marta Kuci\u0144ska"},"image":{"@id":"https:\/\/dev1.jogapiekna.com\/#\/schema\/logo\/image\/"},"sameAs":["https:\/\/www.facebook.com\/JogaPieknaCom\/","https:\/\/www.instagram.com\/jogapieknacom\/"]}]}},"_links":{"self":[{"href":"https:\/\/dev1.jogapiekna.com\/en\/wp-json\/wp\/v2\/product\/178349","targetHints":{"allow":["GET"]}}],"collection":[{"href":"https:\/\/dev1.jogapiekna.com\/en\/wp-json\/wp\/v2\/product"}],"about":[{"href":"https:\/\/dev1.jogapiekna.com\/en\/wp-json\/wp\/v2\/types\/product"}],"replies":[{"embeddable":true,"href":"https:\/\/dev1.jogapiekna.com\/en\/wp-json\/wp\/v2\/comments?post=178349"}],"version-history":[{"count":1,"href":"https:\/\/dev1.jogapiekna.com\/en\/wp-json\/wp\/v2\/product\/178349\/revisions"}],"predecessor-version":[{"id":204542,"href":"https:\/\/dev1.jogapiekna.com\/en\/wp-json\/wp\/v2\/product\/178349\/revisions\/204542"}],"wp:featuredmedia":[{"embeddable":true,"href":"https:\/\/dev1.jogapiekna.com\/en\/wp-json\/wp\/v2\/media\/178280"}],"wp:attachment":[{"href":"https:\/\/dev1.jogapiekna.com\/en\/wp-json\/wp\/v2\/media?parent=178349"}],"wp:term":[{"taxonomy":"product_brand","embeddable":true,"href":"https:\/\/dev1.jogapiekna.com\/en\/wp-json\/wp\/v2\/product_brand?post=178349"},{"taxonomy":"product_cat","embeddable":true,"href":"https:\/\/dev1.jogapiekna.com\/en\/wp-json\/wp\/v2\/product_cat?post=178349"},{"taxonomy":"product_tag","embeddable":true,"href":"https:\/\/dev1.jogapiekna.com\/en\/wp-json\/wp\/v2\/product_tag?post=178349"}],"curies":[{"name":"wp","href":"https:\/\/api.w.org\/{rel}","templated":true}]}}