{"id":172096,"date":"2024-07-31T12:46:28","date_gmt":"2024-07-31T10:46:28","guid":{"rendered":"https:\/\/dev1.jogapiekna.com?post_type=product&#038;p=172096"},"modified":"2026-02-19T15:00:31","modified_gmt":"2026-02-19T14:00:31","slug":"curetape-cutter-przyrzad-do-przecinania-tasm-do-tapingu","status":"publish","type":"product","link":"https:\/\/dev1.jogapiekna.com\/en\/product\/curetape-cutter-przyrzad-do-przecinania-tasm-do-tapingu\/","title":{"rendered":"Tape cutter - CureTape Cutter"},"content":{"rendered":"<p>Want to make cutting kinesiotaping tapes easier and save a lot of time? Meet the CureTape Cutter - a state-of-the-art tool designed for easy and precise cutting of the tapes. This innovative tool allows you to <strong>fast cutting of even<\/strong> 2, 3, 4 or 5 <strong>5 cm wide strips of kinesiotaping tape<\/strong>.<\/p>\n<p>It is ideal for physiotherapists and anyone else who uses kinesiotaping in patient therapy on a daily basis.<br \/>\nThe compact design of the CureTape Cutter makes it convenient to use and resistant to damage, while the high-quality blades ensure long-lasting sharpness.<\/p>\n<p>This not only saves you time, but also maximises waste reduction, precision and convenience.<\/p>\n<p>&nbsp;<\/p>\n<h2>Who could use a Tape Cutter?<\/h2>\n<ul>\n<li>physiotherapists<\/li>\n<li>cosmetologists<\/li>\n<li>coaches, athletes<\/li>\n<li>massage therapists<\/li>\n<li>anyone who regularly uses tejping<\/li>\n<\/ul>\n<p>See also: <a href=\"https:\/\/dev1.jogapiekna.comprodukt\/cure-tape-nozyczki-do-kinesiotapingu-soft-touching\/\">Kinesiotaping scissors <\/a><\/p>\n<p>&nbsp;<\/p>\n<h2>What is kinesiotaping?<\/h2>\n<p>Kinesiotaping is a therapeutic method which consists of <strong>flexible tape application<\/strong> (known as tensors) on the skin to support healing processes and improve soft tissue function. Kinesiotaping tapes are designed to be close to the elasticity of the skin, allowing them to move with the skin and adapt to the body's movements.<\/p>\n<p>What is worth knowing?<\/p>\n<ul>\n<li>Tapes used in kinesiotaping <strong>helps reduce pain<\/strong> by reducing pressure on pain receptors in the skin.<\/li>\n<li>In addition, the application of the tape <strong>improves blood and lymph circulation<\/strong> in the area in question, which aids the healing process.<\/li>\n<li>In addition, the tapes are used for <strong>muscle and joint support<\/strong> without restricting their full mobility. In this way, they help to stabilise and optimise muscle function and prevent injuries.<\/li>\n<li>Kinesiotaping is also used <strong>to consolidate the effects of yoga facials and massages<\/strong>, which aim to rejuvenate the skin.<\/li>\n<li>Tapes <strong>helps reduce swelling<\/strong> and promote mobility by creating space between the skin and muscles, which facilitates fluid drainage and reduces tension in the tissues.<\/li>\n<li>Kinesiotaping tapes are usually waterproof, elastic and hypoallergenic, making them comfortable to wear and safe for the skin.<\/li>\n<\/ul>\n<p>&nbsp;<\/p>\n<h2>How does the kinesiotape cutting tool work?<\/h2>\n<p>The CureTape kinesiotape cutting tool allows you to <strong>precise, fast and efficient cutting of taffy strips<\/strong> with defined, equal widths. Application of the tool is extremely intuitive.<\/p>\n<ul>\n<li>The kinesiotaping tape must be placed in the tool, or more precisely in the specially adapted slot. It is important that the tape is placed evenly to ensure accurate cutting.<\/li>\n<li>Choose the number of strips you want to get from the tape. You can choose from different options - 2, 3, 4 or 5 strips from one wide strip.<\/li>\n<li>After setting the appropriate parameters, move the tape from one end to the other. During this time, the tool makes a precise cut using the built-in blades.<\/li>\n<li>Once the cutting has been carried out, you receive ready-to-use strips of tape.<\/li>\n<\/ul>\n<p>&nbsp;<\/p>\n<h2>Key benefits<\/h2>\n<ul>\n<li>Precision-cut, evenly trimmed tarpaulins<\/li>\n<li>Saving you time<\/li>\n<li>Reduced waste - Tape is always perfectly cut<\/li>\n<li>Convenience of use<\/li>\n<li>Small tool size<\/li>\n<li>Various options to choose from (2, 3, 4 or 5 bars)<\/li>\n<\/ul>\n<p>&nbsp;<\/p>\n<h2>How to learn kinesiotaping?<\/h2>\n<p>To learn kinesiotaping, start by understanding its basics and how it works. There are at least a few kinesiotaping techniques and they should be tailored to your individual aesthetic needs. Take an online course <a href=\"https:\/\/dev1.jogapiekna.comprodukt\/kinesiotaping-estetyczny-z-joga-piekna-kurs-online\/\">Aesthetic Kinesiotaping with Yoga Beauty<\/a>, through which you will learn different tape application techniques, especially in the context of facial aesthetics.<\/p>","protected":false},"excerpt":{"rendered":"<p>Cutting taupes has never been easier! Here is a simple tool for cutting kinesiotaping tape precisely and quickly. It only takes a few seconds to get your tights perfectly cut and ready for application. This <strong>great convenience<\/strong> for physiotherapists, massage therapists, cosmetologists, trainers, but also any other person who regularly applies tights for aesthetic or health purposes.<\/p>\n<p>Cutting option <strong>2, 3, 4 or 5 strips<\/strong><br \/>\n<strong>Brand:<\/strong> CureTape<br \/>\n<strong>Handy size:<\/strong> 11 x 7 x 3 cm<\/p>","protected":false},"featured_media":172093,"comment_status":"open","ping_status":"closed","template":"","meta":{"_acf_changed":false,"site-sidebar-layout":"default","site-content-layout":"","ast-site-content-layout":"default","site-content-style":"default","site-sidebar-style":"default","ast-global-header-display":"","ast-banner-title-visibility":"","ast-main-header-display":"","ast-hfb-above-header-display":"","ast-hfb-below-header-display":"","ast-hfb-mobile-header-display":"","site-post-title":"","ast-breadcrumbs-content":"","ast-featured-img":"","footer-sml-layout":"","ast-disable-related-posts":"","theme-transparent-header-meta":"default","adv-header-id-meta":"","stick-header-meta":"","header-above-stick-meta":"","header-main-stick-meta":"","header-below-stick-meta":"","astra-migrate-meta-layouts":"set","ast-page-background-enabled":"default","ast-page-background-meta":{"desktop":{"background-color":"var(--ast-global-color-5)","background-image":"","background-repeat":"repeat","background-position":"center center","background-size":"auto","background-attachment":"scroll","background-type":"","background-media":"","overlay-type":"","overlay-color":"","overlay-opacity":"","overlay-gradient":""},"tablet":{"background-color":"","background-image":"","background-repeat":"repeat","background-position":"center center","background-size":"auto","background-attachment":"scroll","background-type":"","background-media":"","overlay-type":"","overlay-color":"","overlay-opacity":"","overlay-gradient":""},"mobile":{"background-color":"","background-image":"","background-repeat":"repeat","background-position":"center center","background-size":"auto","background-attachment":"scroll","background-type":"","background-media":"","overlay-type":"","overlay-color":"","overlay-opacity":"","overlay-gradient":""}},"ast-content-background-meta":{"desktop":{"background-color":"var(--ast-global-color-4)","background-image":"","background-repeat":"repeat","background-position":"center center","background-size":"auto","background-attachment":"scroll","background-type":"","background-media":"","overlay-type":"","overlay-color":"","overlay-opacity":"","overlay-gradient":""},"tablet":{"background-color":"var(--ast-global-color-4)","background-image":"","background-repeat":"repeat","background-position":"center center","background-size":"auto","background-attachment":"scroll","background-type":"","background-media":"","overlay-type":"","overlay-color":"","overlay-opacity":"","overlay-gradient":""},"mobile":{"background-color":"var(--ast-global-color-4)","background-image":"","background-repeat":"repeat","background-position":"center center","background-size":"auto","background-attachment":"scroll","background-type":"","background-media":"","overlay-type":"","overlay-color":"","overlay-opacity":"","overlay-gradient":""}}},"product_brand":[],"product_cat":[621],"product_tag":[],"class_list":{"0":"post-172096","1":"product","2":"type-product","3":"status-publish","4":"has-post-thumbnail","6":"product_cat-kinesiotaping-estetyczny","7":"desktop-align-left","8":"tablet-align-left","9":"mobile-align-left","11":"first","12":"instock","13":"taxable","14":"shipping-taxable","15":"purchasable","16":"product-type-simple"},"acf":[],"yoast_head":"<!-- This site is optimized with the Yoast SEO plugin v27.1.1 - https:\/\/yoast.com\/product\/yoast-seo-wordpress\/ -->\n<title>Przyrz\u0105d do ci\u0119cia tejp\u00f3w \u2022 CureTape \u2022 Joga Pi\u0119kna<\/title>\n<meta name=\"description\" content=\"Precyzyjne narz\u0119dzie do ci\u0119cia tejp\u00f3w z CureTape - idealne dla fizjoterapeut\u00f3w i kosmetolog\u00f3w. Szybko i \u0142atwo uzyskaj 2, 3, 4 lub 5 r\u00f3wnych pask\u00f3w ta\u015bmy.\" \/>\n<meta name=\"robots\" content=\"index, follow, max-snippet:-1, max-image-preview:large, max-video-preview:-1\" \/>\n<link rel=\"canonical\" href=\"https:\/\/dev1.jogapiekna.com\/en\/product\/curetape-cutter-przyrzad-do-przecinania-tasm-do-tapingu\/\" \/>\n<meta property=\"og:locale\" content=\"en_GB\" \/>\n<meta property=\"og:type\" content=\"article\" \/>\n<meta property=\"og:title\" content=\"Przyrz\u0105d do ci\u0119cia tejp\u00f3w \u2022 CureTape \u2022 Joga Pi\u0119kna\" \/>\n<meta property=\"og:description\" content=\"Precyzyjne narz\u0119dzie do ci\u0119cia tejp\u00f3w z CureTape - idealne dla fizjoterapeut\u00f3w i kosmetolog\u00f3w. Szybko i \u0142atwo uzyskaj 2, 3, 4 lub 5 r\u00f3wnych pask\u00f3w ta\u015bmy.\" \/>\n<meta property=\"og:url\" content=\"https:\/\/dev1.jogapiekna.com\/en\/product\/curetape-cutter-przyrzad-do-przecinania-tasm-do-tapingu\/\" \/>\n<meta property=\"og:site_name\" content=\"JOGA PI\u0118KNA | Joga Twarzy\" \/>\n<meta property=\"article:publisher\" content=\"https:\/\/www.facebook.com\/JogaPieknaCom\/\" \/>\n<meta property=\"article:modified_time\" content=\"2026-02-19T14:00:31+00:00\" \/>\n<meta property=\"og:image\" content=\"https:\/\/dev1.jogapiekna.com\/wp-content\/uploads\/2024\/07\/tape-cutter-for-kinesiology_joga-piekna.jpg\" \/>\n\t<meta property=\"og:image:width\" content=\"1000\" \/>\n\t<meta property=\"og:image:height\" content=\"1000\" \/>\n\t<meta property=\"og:image:type\" content=\"image\/jpeg\" \/>\n<meta name=\"twitter:card\" content=\"summary_large_image\" \/>\n<meta name=\"twitter:label1\" content=\"Estimated reading time\" \/>\n\t<meta name=\"twitter:data1\" content=\"4 minutes\" \/>\n<script type=\"application\/ld+json\" class=\"yoast-schema-graph\">{\"@context\":\"https:\/\/schema.org\",\"@graph\":[{\"@type\":\"WebPage\",\"@id\":\"https:\/\/dev1.jogapiekna.com\/en\/product\/curetape-cutter-przyrzad-do-przecinania-tasm-do-tapingu\/\",\"url\":\"https:\/\/dev1.jogapiekna.com\/en\/product\/curetape-cutter-przyrzad-do-przecinania-tasm-do-tapingu\/\",\"name\":\"Przyrz\u0105d do ci\u0119cia tejp\u00f3w \u2022 CureTape \u2022 Joga Pi\u0119kna\",\"isPartOf\":{\"@id\":\"https:\/\/dev1.jogapiekna.com\/#website\"},\"primaryImageOfPage\":{\"@id\":\"https:\/\/dev1.jogapiekna.com\/en\/product\/curetape-cutter-przyrzad-do-przecinania-tasm-do-tapingu\/#primaryimage\"},\"image\":{\"@id\":\"https:\/\/dev1.jogapiekna.com\/en\/product\/curetape-cutter-przyrzad-do-przecinania-tasm-do-tapingu\/#primaryimage\"},\"thumbnailUrl\":\"https:\/\/dev1.jogapiekna.com\/wp-content\/uploads\/2024\/07\/tape-cutter-for-kinesiology_joga-piekna.jpg\",\"datePublished\":\"2024-07-31T10:46:28+00:00\",\"dateModified\":\"2026-02-19T14:00:31+00:00\",\"description\":\"Precyzyjne narz\u0119dzie do ci\u0119cia tejp\u00f3w z CureTape - idealne dla fizjoterapeut\u00f3w i kosmetolog\u00f3w. Szybko i \u0142atwo uzyskaj 2, 3, 4 lub 5 r\u00f3wnych pask\u00f3w ta\u015bmy.\",\"breadcrumb\":{\"@id\":\"https:\/\/dev1.jogapiekna.com\/en\/product\/curetape-cutter-przyrzad-do-przecinania-tasm-do-tapingu\/#breadcrumb\"},\"inLanguage\":\"en-GB\",\"potentialAction\":[{\"@type\":\"ReadAction\",\"target\":[\"https:\/\/dev1.jogapiekna.com\/en\/product\/curetape-cutter-przyrzad-do-przecinania-tasm-do-tapingu\/\"]}]},{\"@type\":\"ImageObject\",\"inLanguage\":\"en-GB\",\"@id\":\"https:\/\/dev1.jogapiekna.com\/en\/product\/curetape-cutter-przyrzad-do-przecinania-tasm-do-tapingu\/#primaryimage\",\"url\":\"https:\/\/dev1.jogapiekna.com\/wp-content\/uploads\/2024\/07\/tape-cutter-for-kinesiology_joga-piekna.jpg\",\"contentUrl\":\"https:\/\/dev1.jogapiekna.com\/wp-content\/uploads\/2024\/07\/tape-cutter-for-kinesiology_joga-piekna.jpg\",\"width\":1000,\"height\":1000,\"caption\":\"Przyrz\u0105d do przecinania ta\u015bm do tapingu\"},{\"@type\":\"BreadcrumbList\",\"@id\":\"https:\/\/dev1.jogapiekna.com\/en\/product\/curetape-cutter-przyrzad-do-przecinania-tasm-do-tapingu\/#breadcrumb\",\"itemListElement\":[{\"@type\":\"ListItem\",\"position\":1,\"name\":\"Strona g\u0142\u00f3wna\",\"item\":\"https:\/\/dev1.jogapiekna.com\/\"},{\"@type\":\"ListItem\",\"position\":2,\"name\":\"Sklep\",\"item\":\"https:\/\/dev1.jogapiekna.com\/sklep\/\"},{\"@type\":\"ListItem\",\"position\":3,\"name\":\"Przyrz\u0105d do ci\u0119cia tejp\u00f3w \u2022 CureTape Cutter\"}]},{\"@type\":\"WebSite\",\"@id\":\"https:\/\/dev1.jogapiekna.com\/#website\",\"url\":\"https:\/\/dev1.jogapiekna.com\/\",\"name\":\"Joga Pi\u0119kna Marta Kuci\u0144ska\",\"description\":\"Joga Pi\u0119kna pomaga kobietom zachowa\u0107 urod\u0119, cofn\u0105\u0107 oznaki up\u0142ywaj\u0105cego czasu i zm\u0119czenia, odzyska\u0107 promienny wygl\u0105d, naturalny u\u015bmiech i popraw\u0119 w\u0142asnej samooceny.\",\"publisher\":{\"@id\":\"https:\/\/dev1.jogapiekna.com\/#organization\"},\"potentialAction\":[{\"@type\":\"SearchAction\",\"target\":{\"@type\":\"EntryPoint\",\"urlTemplate\":\"https:\/\/dev1.jogapiekna.com\/?s={search_term_string}\"},\"query-input\":{\"@type\":\"PropertyValueSpecification\",\"valueRequired\":true,\"valueName\":\"search_term_string\"}}],\"inLanguage\":\"en-GB\"},{\"@type\":\"Organization\",\"@id\":\"https:\/\/dev1.jogapiekna.com\/#organization\",\"name\":\"Joga Pi\u0119kna Marta Kuci\u0144ska\",\"url\":\"https:\/\/dev1.jogapiekna.com\/\",\"logo\":{\"@type\":\"ImageObject\",\"inLanguage\":\"en-GB\",\"@id\":\"https:\/\/dev1.jogapiekna.com\/#\/schema\/logo\/image\/\",\"url\":\"https:\/\/dev1.jogapiekna.com\/wp-content\/uploads\/2022\/09\/joga-piekna-logo_Rka.png\",\"contentUrl\":\"https:\/\/dev1.jogapiekna.com\/wp-content\/uploads\/2022\/09\/joga-piekna-logo_Rka.png\",\"width\":231,\"height\":124,\"caption\":\"Joga Pi\u0119kna Marta Kuci\u0144ska\"},\"image\":{\"@id\":\"https:\/\/dev1.jogapiekna.com\/#\/schema\/logo\/image\/\"},\"sameAs\":[\"https:\/\/www.facebook.com\/JogaPieknaCom\/\",\"https:\/\/www.instagram.com\/jogapieknacom\/\"]}]}<\/script>\n<!-- \/ Yoast SEO plugin. -->","yoast_head_json":{"title":"Przyrz\u0105d do ci\u0119cia tejp\u00f3w \u2022 CureTape \u2022 Joga Pi\u0119kna","description":"Precyzyjne narz\u0119dzie do ci\u0119cia tejp\u00f3w z CureTape - idealne dla fizjoterapeut\u00f3w i kosmetolog\u00f3w. Szybko i \u0142atwo uzyskaj 2, 3, 4 lub 5 r\u00f3wnych pask\u00f3w ta\u015bmy.","robots":{"index":"index","follow":"follow","max-snippet":"max-snippet:-1","max-image-preview":"max-image-preview:large","max-video-preview":"max-video-preview:-1"},"canonical":"https:\/\/dev1.jogapiekna.com\/en\/product\/curetape-cutter-przyrzad-do-przecinania-tasm-do-tapingu\/","og_locale":"en_GB","og_type":"article","og_title":"Przyrz\u0105d do ci\u0119cia tejp\u00f3w \u2022 CureTape \u2022 Joga Pi\u0119kna","og_description":"Precyzyjne narz\u0119dzie do ci\u0119cia tejp\u00f3w z CureTape - idealne dla fizjoterapeut\u00f3w i kosmetolog\u00f3w. Szybko i \u0142atwo uzyskaj 2, 3, 4 lub 5 r\u00f3wnych pask\u00f3w ta\u015bmy.","og_url":"https:\/\/dev1.jogapiekna.com\/en\/product\/curetape-cutter-przyrzad-do-przecinania-tasm-do-tapingu\/","og_site_name":"JOGA PI\u0118KNA | Joga Twarzy","article_publisher":"https:\/\/www.facebook.com\/JogaPieknaCom\/","article_modified_time":"2026-02-19T14:00:31+00:00","og_image":[{"width":1000,"height":1000,"url":"https:\/\/dev1.jogapiekna.com\/wp-content\/uploads\/2024\/07\/tape-cutter-for-kinesiology_joga-piekna.jpg","type":"image\/jpeg"}],"twitter_card":"summary_large_image","twitter_misc":{"Estimated reading time":"4 minutes"},"schema":{"@context":"https:\/\/schema.org","@graph":[{"@type":"WebPage","@id":"https:\/\/dev1.jogapiekna.com\/en\/product\/curetape-cutter-przyrzad-do-przecinania-tasm-do-tapingu\/","url":"https:\/\/dev1.jogapiekna.com\/en\/product\/curetape-cutter-przyrzad-do-przecinania-tasm-do-tapingu\/","name":"Przyrz\u0105d do ci\u0119cia tejp\u00f3w \u2022 CureTape \u2022 Joga Pi\u0119kna","isPartOf":{"@id":"https:\/\/dev1.jogapiekna.com\/#website"},"primaryImageOfPage":{"@id":"https:\/\/dev1.jogapiekna.com\/en\/product\/curetape-cutter-przyrzad-do-przecinania-tasm-do-tapingu\/#primaryimage"},"image":{"@id":"https:\/\/dev1.jogapiekna.com\/en\/product\/curetape-cutter-przyrzad-do-przecinania-tasm-do-tapingu\/#primaryimage"},"thumbnailUrl":"https:\/\/dev1.jogapiekna.com\/wp-content\/uploads\/2024\/07\/tape-cutter-for-kinesiology_joga-piekna.jpg","datePublished":"2024-07-31T10:46:28+00:00","dateModified":"2026-02-19T14:00:31+00:00","description":"Precyzyjne narz\u0119dzie do ci\u0119cia tejp\u00f3w z CureTape - idealne dla fizjoterapeut\u00f3w i kosmetolog\u00f3w. Szybko i \u0142atwo uzyskaj 2, 3, 4 lub 5 r\u00f3wnych pask\u00f3w ta\u015bmy.","breadcrumb":{"@id":"https:\/\/dev1.jogapiekna.com\/en\/product\/curetape-cutter-przyrzad-do-przecinania-tasm-do-tapingu\/#breadcrumb"},"inLanguage":"en-GB","potentialAction":[{"@type":"ReadAction","target":["https:\/\/dev1.jogapiekna.com\/en\/product\/curetape-cutter-przyrzad-do-przecinania-tasm-do-tapingu\/"]}]},{"@type":"ImageObject","inLanguage":"en-GB","@id":"https:\/\/dev1.jogapiekna.com\/en\/product\/curetape-cutter-przyrzad-do-przecinania-tasm-do-tapingu\/#primaryimage","url":"https:\/\/dev1.jogapiekna.com\/wp-content\/uploads\/2024\/07\/tape-cutter-for-kinesiology_joga-piekna.jpg","contentUrl":"https:\/\/dev1.jogapiekna.com\/wp-content\/uploads\/2024\/07\/tape-cutter-for-kinesiology_joga-piekna.jpg","width":1000,"height":1000,"caption":"Przyrz\u0105d do przecinania ta\u015bm do tapingu"},{"@type":"BreadcrumbList","@id":"https:\/\/dev1.jogapiekna.com\/en\/product\/curetape-cutter-przyrzad-do-przecinania-tasm-do-tapingu\/#breadcrumb","itemListElement":[{"@type":"ListItem","position":1,"name":"Strona g\u0142\u00f3wna","item":"https:\/\/dev1.jogapiekna.com\/"},{"@type":"ListItem","position":2,"name":"Sklep","item":"https:\/\/dev1.jogapiekna.com\/sklep\/"},{"@type":"ListItem","position":3,"name":"Przyrz\u0105d do ci\u0119cia tejp\u00f3w \u2022 CureTape Cutter"}]},{"@type":"WebSite","@id":"https:\/\/dev1.jogapiekna.com\/#website","url":"https:\/\/dev1.jogapiekna.com\/","name":"Yoga Beauty Marta Kuci\u0144ska","description":"Beauty Yoga helps women to maintain their beauty, reverse the signs of passing time and fatigue, regain a radiant appearance, natural smile and improve their self-esteem.","publisher":{"@id":"https:\/\/dev1.jogapiekna.com\/#organization"},"potentialAction":[{"@type":"SearchAction","target":{"@type":"EntryPoint","urlTemplate":"https:\/\/dev1.jogapiekna.com\/?s={search_term_string}"},"query-input":{"@type":"PropertyValueSpecification","valueRequired":true,"valueName":"search_term_string"}}],"inLanguage":"en-GB"},{"@type":"Organization","@id":"https:\/\/dev1.jogapiekna.com\/#organization","name":"Yoga Beauty Marta Kuci\u0144ska","url":"https:\/\/dev1.jogapiekna.com\/","logo":{"@type":"ImageObject","inLanguage":"en-GB","@id":"https:\/\/dev1.jogapiekna.com\/#\/schema\/logo\/image\/","url":"https:\/\/dev1.jogapiekna.com\/wp-content\/uploads\/2022\/09\/joga-piekna-logo_Rka.png","contentUrl":"https:\/\/dev1.jogapiekna.com\/wp-content\/uploads\/2022\/09\/joga-piekna-logo_Rka.png","width":231,"height":124,"caption":"Joga Pi\u0119kna Marta Kuci\u0144ska"},"image":{"@id":"https:\/\/dev1.jogapiekna.com\/#\/schema\/logo\/image\/"},"sameAs":["https:\/\/www.facebook.com\/JogaPieknaCom\/","https:\/\/www.instagram.com\/jogapieknacom\/"]}]}},"_links":{"self":[{"href":"https:\/\/dev1.jogapiekna.com\/en\/wp-json\/wp\/v2\/product\/172096","targetHints":{"allow":["GET"]}}],"collection":[{"href":"https:\/\/dev1.jogapiekna.com\/en\/wp-json\/wp\/v2\/product"}],"about":[{"href":"https:\/\/dev1.jogapiekna.com\/en\/wp-json\/wp\/v2\/types\/product"}],"replies":[{"embeddable":true,"href":"https:\/\/dev1.jogapiekna.com\/en\/wp-json\/wp\/v2\/comments?post=172096"}],"version-history":[{"count":3,"href":"https:\/\/dev1.jogapiekna.com\/en\/wp-json\/wp\/v2\/product\/172096\/revisions"}],"predecessor-version":[{"id":217389,"href":"https:\/\/dev1.jogapiekna.com\/en\/wp-json\/wp\/v2\/product\/172096\/revisions\/217389"}],"wp:featuredmedia":[{"embeddable":true,"href":"https:\/\/dev1.jogapiekna.com\/en\/wp-json\/wp\/v2\/media\/172093"}],"wp:attachment":[{"href":"https:\/\/dev1.jogapiekna.com\/en\/wp-json\/wp\/v2\/media?parent=172096"}],"wp:term":[{"taxonomy":"product_brand","embeddable":true,"href":"https:\/\/dev1.jogapiekna.com\/en\/wp-json\/wp\/v2\/product_brand?post=172096"},{"taxonomy":"product_cat","embeddable":true,"href":"https:\/\/dev1.jogapiekna.com\/en\/wp-json\/wp\/v2\/product_cat?post=172096"},{"taxonomy":"product_tag","embeddable":true,"href":"https:\/\/dev1.jogapiekna.com\/en\/wp-json\/wp\/v2\/product_tag?post=172096"}],"curies":[{"name":"wp","href":"https:\/\/api.w.org\/{rel}","templated":true}]}}