{"id":161340,"date":"2024-03-18T11:42:04","date_gmt":"2024-03-18T10:42:04","guid":{"rendered":"https:\/\/dev1.jogapiekna.com?post_type=product&#038;p=161340"},"modified":"2026-03-15T23:54:15","modified_gmt":"2026-03-15T22:54:15","slug":"elektryczny-masazer-do-twarzy-guasha-jadeit-4w1","status":"publish","type":"product","link":"https:\/\/dev1.jogapiekna.com\/en\/product\/elektryczny-masazer-do-twarzy-guasha-jadeit-4w1\/","title":{"rendered":"Gua Sha Electric Facial Massager with White Jade 4in1"},"content":{"rendered":"<h2><strong>Jade facial massager<\/strong> premium<\/h2>\n<p>Looking for a premium massager that will give you a quick firming and smoothing effect? Do you care about a complex action-reducing puffiness, shaping the face oval, smoothing wrinkles and improving the complexion? Work in multiple areas simultaneously!<\/p>\n<p><b>Electric<\/b> <strong>jade facial massager<\/strong> <b>Gua Sha Yoga Beauty<\/b> it combines up to 4 effective skin rejuvenation technologies that you can safely use at home:<\/p>\n<ul>\n<li style=\"font-weight: 400;\" aria-level=\"1\">LED light therapy,<\/li>\n<li style=\"font-weight: 400;\" aria-level=\"1\">vibration therapy,<\/li>\n<li style=\"font-weight: 400;\" aria-level=\"1\">mechanical skin stimulation with natural jade,<\/li>\n<li style=\"font-weight: 400;\" aria-level=\"1\">heating of fabrics.<\/li>\n<\/ul>\n<p>Thanks to the combination of these functions, this remarkable <strong>jade facial massager<\/strong> will revolutionise your beauty routine. It will not only give you an extremely relaxing facial massage, but also a powerful tissue regeneration that leads to improved skin condition on many levels - from smoothing wrinkles and reducing puffiness to oval contouring and skin firming.<\/p>\n<h2>Gua Sha 4-in-1 electric jade massager - how do the different technologies work?<\/h2>\n<h3><strong>Jade facial massager<\/strong> Gua Sha with LED technology<\/h3>\n<p><strong>Jade massager<\/strong> <b>Gua Sha with LED technology<\/b> is an innovative combination of the traditional Chinese therapeutic method of massaging the skin with modern LED light technology. This synergy brings unique benefits.<\/p>\n<p><b>Red Led Light<\/b> with a wavelength of 618-621 nm stimulates collagen production, which helps to reduce wrinkles. In addition, it improves skin elasticity and reduces minor discolouration. Importantly - it also has an anti-inflammatory effect, relieving skin inflammation and promoting healing.618-621 nm<\/p>\n<p>Regular use of electro <strong>jade massager<\/strong> <b>with red LED light function<\/b> can contribute to healthier, more radiant skin.<\/p>\n<h3>Gua Sha jade vibrating facial massager<\/h3>\n<p>Enrichment <strong>Gua Sha jade massager<\/strong> <b>o Vibration module<\/b> this allows vibrations to penetrate more deeply and affect the skin and muscles more effectively. Through vibration, you will improve blood circulation, reduce muscle tension, and release blocked energy, which can ease pain and stiffness.<\/p>\n<h3>Gua sha heated natural jade<\/h3>\n<p>Additionally <b>electric<\/b> <strong>jade massager<\/strong> <b>Gua Sha Yoga Beauty<\/b> allows you to heat the white jade stone to a temperature of 43 to 53 degrees.<\/p>\n<p>How does this affect the skin and the effectiveness of massage? Gentle heating of the stone helps open the skin&#039;s pores (which increases the absorption of nutrients from cosmetics and oils), relieves muscle tone, stimulates blood circulation and relaxes the tissues, which helps to improve the appearance of the skin.<\/p>\n<p>Jade itself has been prized for centuries for its soothing and energising properties. In traditional Chinese medicine, it is considered a stone of harmony and balance. When used in massage, it promotes relaxation, stress reduction and restores the body's energy balance. Therefore, the choice of <strong>jade facial massager<\/strong> is the perfect step towards beauty.<\/p>\n<h2>Massage effects of the Gua Sha 4-in-1 electric jade facial massager<\/h2>\n<ul>\n<li style=\"font-weight: 400;\" aria-level=\"1\">reduces <a href=\"https:\/\/dev1.jogapiekna.comopuchnieta-twarz-co-dalej\/\">puffiness on the face<\/a><\/li>\n<li style=\"font-weight: 400;\" aria-level=\"1\">simulates the oval of the face<\/li>\n<li style=\"font-weight: 400;\" aria-level=\"1\">cheek contour<\/li>\n<li style=\"font-weight: 400;\" aria-level=\"1\">strongly strengthens and oxygenates the skin<\/li>\n<li style=\"font-weight: 400;\" aria-level=\"1\">stimulates collagen synthesis, which reduces the appearance of wrinkles<\/li>\n<li style=\"font-weight: 400;\" aria-level=\"1\">massages tense muscles<\/li>\n<li style=\"font-weight: 400;\" aria-level=\"1\">reduces second chin and lower jaw sagging<\/li>\n<li style=\"font-weight: 400;\" aria-level=\"1\">it makes your face look refreshed and your skin regains its natural glow.<\/li>\n<\/ul>\n<p><em>Electric <\/em><strong><em>jade massager<\/em><\/strong><em> Gua Sha is a PREMIUM product for discerning women who want to take care of their skin and well-being at home.<\/em><\/p>\n<h2>How to use the electric <strong>jade massager<\/strong> Gua Sha?<\/h2>\n<h3>Skin preparation before use <strong>jade facial massager<\/strong> Gua Sha<\/h3>\n<ul>\n<li style=\"font-weight: 400;\" aria-level=\"1\">Start by gently cleansing your face with <a href=\"https:\/\/dev1.jogapiekna.comprodukt\/zel-nawilzajacy-do-mycia-twarzy-150ml\/\">soft wash gel or foam<\/a>. This will help remove dirt and excess sebum, preparing the skin for massage.<\/li>\n<li style=\"font-weight: 400;\" aria-level=\"1\">Then use an alcohol-free toner to restore the skin&#039;s natural pH balance.<\/li>\n<li style=\"font-weight: 400;\" aria-level=\"1\">Apply a light moisturizer or serum with a neutral fragrance. This will help strengthen the skin&#039;s protective barrier.<\/li>\n<li style=\"font-weight: 400;\" aria-level=\"1\">Then wait for a while and use <a href=\"https:\/\/dev1.jogapiekna.comprodukt\/citrus-glow-olejek-do-masazu-50ml\/\">facial massage oil<\/a>, to make it easier to move <strong>jade facial massager<\/strong> Gua Sha, while providing even better stimulation results.<\/li>\n<li style=\"font-weight: 400;\" aria-level=\"1\">Make sure the Gua Sha device is switched on and set up properly and the jade is heated.<\/li>\n<li style=\"font-weight: 400;\" aria-level=\"1\">Before you start your massage, take a few deep breaths to relax and focus on the massage experience.<\/li>\n<\/ul>\n<h3>How to perform an electric massage <strong>jade massager<\/strong> Gua Sha?<\/h3>\n<p>Electric massage <strong>jade facial massager<\/strong> Gua Sha can even be performed daily, as long as you massage the skin gently and briefly, i.e. about 3-5 minutes. Stronger and longer massages (about 15-20 minutes) are recommended:<\/p>\n<ul>\n<li>1-2 times a week (for those with fine faces)<\/li>\n<li>2-3 times a week (for those with fuller faces)<\/li>\n<\/ul>\n<p>Massage <strong>jade facial massager<\/strong> we start each time with <b>lower parts of the face<\/b>moving gradually upwards in accordance with the direction of the arrows-see Figure 1. Move according to the numbered stages.<\/p>\n<p><strong>Jade massager<\/strong> Move the gua sha at a slight angle (do not hold the massager perpendicular to your face). It is important that the device moves easily, and does not put pressure on the skin, creating additional folds.<\/p>\n<p>After the massage is complete, clean your skin of excess massage oil and apply your favorite beauty products.<\/p>\n<p>Here you will find an example of a video tutorial on gua sha massage: <a href=\"https:\/\/www.youtube.com\/watch?v=97W6rL5zEXQ\" target=\"_blank\" rel=\"noopener\">Lifting and rejuvenating facial massage GuaSha<\/a><\/p>\n<p><iframe title=\"YouTube video player\" src=\"https:\/\/www.youtube.com\/embed\/97W6rL5zEXQ?si=zLwCUWG3kRxWIDoI\" width=\"560\" height=\"315\" frameborder=\"0\" allowfullscreen=\"allowfullscreen\"><\/iframe><\/p>\n<p>&nbsp;<\/p>\n<h2>Contraindications for gua sha facial massage<\/h2>\n<ul>\n<li>damaged skin<\/li>\n<li>damaged veins<\/li>\n<li>highly capillary skin<\/li>\n<li>moles<\/li>\n<li>cuts and bruises<\/li>\n<li>extensive acne lesions<\/li>\n<li>rosacea in the active phase<\/li>\n<li>cancer diseases<\/li>\n<li>fever<\/li>\n<li>pacemaker, heart failure<\/li>\n<li>oncological diseases<\/li>\n<li>skin diseases, inflammations, wounds<\/li>\n<li>bleeding, thrombocytopenia, leukemia, hemophilia<\/li>\n<li>pregnancy<\/li>\n<li>state under the influence of alcohol<\/li>\n<li>difficulty feeling the temperature<\/li>\n<\/ul>\n<hr \/>\n<p>Regular massage is a great addition <a href=\"https:\/\/dev1.jogapiekna.comjoga-twarzy\/\" target=\"_blank\" rel=\"noopener\">face yoga<\/a>. If you want to learn more about this, please visit my channel at <a href=\"https:\/\/www.youtube.com\/@jogapiekna\" target=\"_blank\" rel=\"noopener\">YouTube: Beauty Yoga<\/a>, where I share proven exercises for facial muscles, instructions for rejuvenating massage, as well as tips for holistic care of health, well-being and youth.<\/p>","protected":false},"excerpt":{"rendered":"<p>Amplify the results of a natural facial massage. Electric <strong>jade massager<\/strong> Gua Sha combines up to 4 rejuvenation technologies: it warms up the tissues, mechanically stimulates the skin with natural jade, vibration and LED light. This maximises the effectiveness of the facial massage and achieves an even better effect of smoothing, firming and regenerating the skin, in a short period of time.<\/p>\n<p><strong>Colour:<\/strong>\u00a0white \/ rose gold<br \/>\n<strong>Composition:<\/strong>\u00a0natural stone jade white, ABS, PC<br \/>\n<strong>Massager size:<\/strong>\u00a0about 80mm x 90mm X 25mm<br \/>\n<strong>Guarantee:<\/strong> 1 year old<br \/>\nComes with instruction manual and USB cable + large beauty yoga bag.<br \/>\nWe do not include any plugs to the device (a 5V 2A plug is required).<\/p>\n<p><a href=\"https:\/\/dev1.jogapiekna.comwp-content\/uploads\/2024\/03\/jogapiekna-ulotka-masazer-elektryczna-guasha_online.pdf\" target=\"_blank\" rel=\"noopener\"><strong>Download the leaflet.<\/strong><\/a><\/p>","protected":false},"featured_media":161344,"comment_status":"closed","ping_status":"closed","template":"","meta":{"_acf_changed":false,"site-sidebar-layout":"default","site-content-layout":"","ast-site-content-layout":"default","site-content-style":"default","site-sidebar-style":"default","ast-global-header-display":"","ast-banner-title-visibility":"","ast-main-header-display":"","ast-hfb-above-header-display":"","ast-hfb-below-header-display":"","ast-hfb-mobile-header-display":"","site-post-title":"","ast-breadcrumbs-content":"","ast-featured-img":"","footer-sml-layout":"","ast-disable-related-posts":"","theme-transparent-header-meta":"default","adv-header-id-meta":"","stick-header-meta":"","header-above-stick-meta":"","header-main-stick-meta":"","header-below-stick-meta":"","astra-migrate-meta-layouts":"set","ast-page-background-enabled":"default","ast-page-background-meta":{"desktop":{"background-color":"var(--ast-global-color-5)","background-image":"","background-repeat":"repeat","background-position":"center center","background-size":"auto","background-attachment":"scroll","background-type":"","background-media":"","overlay-type":"","overlay-color":"","overlay-opacity":"","overlay-gradient":""},"tablet":{"background-color":"","background-image":"","background-repeat":"repeat","background-position":"center center","background-size":"auto","background-attachment":"scroll","background-type":"","background-media":"","overlay-type":"","overlay-color":"","overlay-opacity":"","overlay-gradient":""},"mobile":{"background-color":"","background-image":"","background-repeat":"repeat","background-position":"center center","background-size":"auto","background-attachment":"scroll","background-type":"","background-media":"","overlay-type":"","overlay-color":"","overlay-opacity":"","overlay-gradient":""}},"ast-content-background-meta":{"desktop":{"background-color":"var(--ast-global-color-4)","background-image":"","background-repeat":"repeat","background-position":"center center","background-size":"auto","background-attachment":"scroll","background-type":"","background-media":"","overlay-type":"","overlay-color":"","overlay-opacity":"","overlay-gradient":""},"tablet":{"background-color":"var(--ast-global-color-4)","background-image":"","background-repeat":"repeat","background-position":"center center","background-size":"auto","background-attachment":"scroll","background-type":"","background-media":"","overlay-type":"","overlay-color":"","overlay-opacity":"","overlay-gradient":""},"mobile":{"background-color":"var(--ast-global-color-4)","background-image":"","background-repeat":"repeat","background-position":"center center","background-size":"auto","background-attachment":"scroll","background-type":"","background-media":"","overlay-type":"","overlay-color":"","overlay-opacity":"","overlay-gradient":""}}},"product_brand":[],"product_cat":[21,610,666],"product_tag":[250,547,676,359,766,208,663,689,767,566,697],"class_list":{"0":"post-161340","1":"product","2":"type-product","3":"status-publish","4":"has-post-thumbnail","6":"product_cat-akcesoria","7":"product_cat-masaz-twarzy-i-szyi","8":"product_cat-masazery-premium","9":"product_tag-akcesoria","10":"product_tag-akcesoria-do-masazu","11":"product_tag-czerwone-swiatlo-led","12":"product_tag-dobre-samopoczucie","13":"product_tag-jadeit","14":"product_tag-kamien-gua-sha","15":"product_tag-masaz-guasha","16":"product_tag-premium","17":"product_tag-redukcja-przebarwien","18":"product_tag-relaks","19":"product_tag-splycenie-zmarszczek","20":"desktop-align-left","21":"tablet-align-left","22":"mobile-align-left","24":"first","25":"instock","26":"taxable","27":"shipping-taxable","28":"purchasable","29":"product-type-simple"},"acf":[],"yoast_head":"<!-- This site is optimized with the Yoast SEO plugin v27.1.1 - https:\/\/yoast.com\/product\/yoast-seo-wordpress\/ -->\n<title>Elektryczny masa\u017cer do twarzy z jadeitu Gua Sha Joga Pi\u0119kna<\/title>\n<meta name=\"description\" content=\"Elektryczny masa\u017cer do twarzy Gua Sha rozgrzewa tkanki, stymuluje sk\u00f3r\u0119 mechanicznie naturalnym jadeitem, wibracjami oraz \u015bwiat\u0142em LED. Sprawd\u017a!\" \/>\n<meta name=\"robots\" content=\"index, follow, max-snippet:-1, max-image-preview:large, max-video-preview:-1\" \/>\n<link rel=\"canonical\" href=\"https:\/\/dev1.jogapiekna.com\/en\/product\/elektryczny-masazer-do-twarzy-guasha-jadeit-4w1\/\" \/>\n<meta property=\"og:locale\" content=\"en_GB\" \/>\n<meta property=\"og:type\" content=\"article\" \/>\n<meta property=\"og:title\" content=\"Elektryczny masa\u017cer do twarzy z jadeitu Gua Sha Joga Pi\u0119kna\" \/>\n<meta property=\"og:description\" content=\"Elektryczny masa\u017cer do twarzy Gua Sha rozgrzewa tkanki, stymuluje sk\u00f3r\u0119 mechanicznie naturalnym jadeitem, wibracjami oraz \u015bwiat\u0142em LED. Sprawd\u017a!\" \/>\n<meta property=\"og:url\" content=\"https:\/\/dev1.jogapiekna.com\/en\/product\/elektryczny-masazer-do-twarzy-guasha-jadeit-4w1\/\" \/>\n<meta property=\"og:site_name\" content=\"JOGA PI\u0118KNA | Joga Twarzy\" \/>\n<meta property=\"article:publisher\" content=\"https:\/\/www.facebook.com\/JogaPieknaCom\/\" \/>\n<meta property=\"article:modified_time\" content=\"2026-03-15T22:54:15+00:00\" \/>\n<meta property=\"og:image\" content=\"https:\/\/dev1.jogapiekna.com\/wp-content\/uploads\/2024\/03\/elektryczny-masazer-guasha-jadeit_jogapiekna_04.jpg\" \/>\n\t<meta property=\"og:image:width\" content=\"1000\" \/>\n\t<meta property=\"og:image:height\" content=\"1000\" \/>\n\t<meta property=\"og:image:type\" content=\"image\/jpeg\" \/>\n<meta name=\"twitter:card\" content=\"summary_large_image\" \/>\n<meta name=\"twitter:label1\" content=\"Estimated reading time\" \/>\n\t<meta name=\"twitter:data1\" content=\"6 minutes\" \/>\n<script type=\"application\/ld+json\" class=\"yoast-schema-graph\">{\"@context\":\"https:\/\/schema.org\",\"@graph\":[{\"@type\":\"WebPage\",\"@id\":\"https:\/\/dev1.jogapiekna.com\/en\/product\/elektryczny-masazer-do-twarzy-guasha-jadeit-4w1\/\",\"url\":\"https:\/\/dev1.jogapiekna.com\/en\/product\/elektryczny-masazer-do-twarzy-guasha-jadeit-4w1\/\",\"name\":\"Elektryczny masa\u017cer do twarzy z jadeitu Gua Sha Joga Pi\u0119kna\",\"isPartOf\":{\"@id\":\"https:\/\/dev1.jogapiekna.com\/#website\"},\"primaryImageOfPage\":{\"@id\":\"https:\/\/dev1.jogapiekna.com\/en\/product\/elektryczny-masazer-do-twarzy-guasha-jadeit-4w1\/#primaryimage\"},\"image\":{\"@id\":\"https:\/\/dev1.jogapiekna.com\/en\/product\/elektryczny-masazer-do-twarzy-guasha-jadeit-4w1\/#primaryimage\"},\"thumbnailUrl\":\"https:\/\/dev1.jogapiekna.com\/wp-content\/uploads\/2024\/03\/elektryczny-masazer-guasha-jadeit_jogapiekna_04.jpg\",\"datePublished\":\"2024-03-18T10:42:04+00:00\",\"dateModified\":\"2026-03-15T22:54:15+00:00\",\"description\":\"Elektryczny masa\u017cer do twarzy Gua Sha rozgrzewa tkanki, stymuluje sk\u00f3r\u0119 mechanicznie naturalnym jadeitem, wibracjami oraz \u015bwiat\u0142em LED. Sprawd\u017a!\",\"breadcrumb\":{\"@id\":\"https:\/\/dev1.jogapiekna.com\/en\/product\/elektryczny-masazer-do-twarzy-guasha-jadeit-4w1\/#breadcrumb\"},\"inLanguage\":\"en-GB\",\"potentialAction\":[{\"@type\":\"ReadAction\",\"target\":[\"https:\/\/dev1.jogapiekna.com\/en\/product\/elektryczny-masazer-do-twarzy-guasha-jadeit-4w1\/\"]}]},{\"@type\":\"ImageObject\",\"inLanguage\":\"en-GB\",\"@id\":\"https:\/\/dev1.jogapiekna.com\/en\/product\/elektryczny-masazer-do-twarzy-guasha-jadeit-4w1\/#primaryimage\",\"url\":\"https:\/\/dev1.jogapiekna.com\/wp-content\/uploads\/2024\/03\/elektryczny-masazer-guasha-jadeit_jogapiekna_04.jpg\",\"contentUrl\":\"https:\/\/dev1.jogapiekna.com\/wp-content\/uploads\/2024\/03\/elektryczny-masazer-guasha-jadeit_jogapiekna_04.jpg\",\"width\":1000,\"height\":1000,\"caption\":\"Elektryczny masa\u017cer do twarzy Gua Sha z bia\u0142ym jadeitem 4w1\"},{\"@type\":\"BreadcrumbList\",\"@id\":\"https:\/\/dev1.jogapiekna.com\/en\/product\/elektryczny-masazer-do-twarzy-guasha-jadeit-4w1\/#breadcrumb\",\"itemListElement\":[{\"@type\":\"ListItem\",\"position\":1,\"name\":\"Strona g\u0142\u00f3wna\",\"item\":\"https:\/\/dev1.jogapiekna.com\/\"},{\"@type\":\"ListItem\",\"position\":2,\"name\":\"Sklep\",\"item\":\"https:\/\/dev1.jogapiekna.com\/sklep\/\"},{\"@type\":\"ListItem\",\"position\":3,\"name\":\"Elektryczny Gua Sha masa\u017cer do twarzy z bia\u0142ym jadeitem 4w1\"}]},{\"@type\":\"WebSite\",\"@id\":\"https:\/\/dev1.jogapiekna.com\/#website\",\"url\":\"https:\/\/dev1.jogapiekna.com\/\",\"name\":\"Joga Pi\u0119kna Marta Kuci\u0144ska\",\"description\":\"Joga Pi\u0119kna pomaga kobietom zachowa\u0107 urod\u0119, cofn\u0105\u0107 oznaki up\u0142ywaj\u0105cego czasu i zm\u0119czenia, odzyska\u0107 promienny wygl\u0105d, naturalny u\u015bmiech i popraw\u0119 w\u0142asnej samooceny.\",\"publisher\":{\"@id\":\"https:\/\/dev1.jogapiekna.com\/#organization\"},\"potentialAction\":[{\"@type\":\"SearchAction\",\"target\":{\"@type\":\"EntryPoint\",\"urlTemplate\":\"https:\/\/dev1.jogapiekna.com\/?s={search_term_string}\"},\"query-input\":{\"@type\":\"PropertyValueSpecification\",\"valueRequired\":true,\"valueName\":\"search_term_string\"}}],\"inLanguage\":\"en-GB\"},{\"@type\":\"Organization\",\"@id\":\"https:\/\/dev1.jogapiekna.com\/#organization\",\"name\":\"Joga Pi\u0119kna Marta Kuci\u0144ska\",\"url\":\"https:\/\/dev1.jogapiekna.com\/\",\"logo\":{\"@type\":\"ImageObject\",\"inLanguage\":\"en-GB\",\"@id\":\"https:\/\/dev1.jogapiekna.com\/#\/schema\/logo\/image\/\",\"url\":\"https:\/\/dev1.jogapiekna.com\/wp-content\/uploads\/2022\/09\/joga-piekna-logo_Rka.png\",\"contentUrl\":\"https:\/\/dev1.jogapiekna.com\/wp-content\/uploads\/2022\/09\/joga-piekna-logo_Rka.png\",\"width\":231,\"height\":124,\"caption\":\"Joga Pi\u0119kna Marta Kuci\u0144ska\"},\"image\":{\"@id\":\"https:\/\/dev1.jogapiekna.com\/#\/schema\/logo\/image\/\"},\"sameAs\":[\"https:\/\/www.facebook.com\/JogaPieknaCom\/\",\"https:\/\/www.instagram.com\/jogapieknacom\/\"]}]}<\/script>\n<!-- \/ Yoast SEO plugin. -->","yoast_head_json":{"title":"Elektryczny masa\u017cer do twarzy z jadeitu Gua Sha Joga Pi\u0119kna","description":"Elektryczny masa\u017cer do twarzy Gua Sha rozgrzewa tkanki, stymuluje sk\u00f3r\u0119 mechanicznie naturalnym jadeitem, wibracjami oraz \u015bwiat\u0142em LED. Sprawd\u017a!","robots":{"index":"index","follow":"follow","max-snippet":"max-snippet:-1","max-image-preview":"max-image-preview:large","max-video-preview":"max-video-preview:-1"},"canonical":"https:\/\/dev1.jogapiekna.com\/en\/product\/elektryczny-masazer-do-twarzy-guasha-jadeit-4w1\/","og_locale":"en_GB","og_type":"article","og_title":"Elektryczny masa\u017cer do twarzy z jadeitu Gua Sha Joga Pi\u0119kna","og_description":"Elektryczny masa\u017cer do twarzy Gua Sha rozgrzewa tkanki, stymuluje sk\u00f3r\u0119 mechanicznie naturalnym jadeitem, wibracjami oraz \u015bwiat\u0142em LED. Sprawd\u017a!","og_url":"https:\/\/dev1.jogapiekna.com\/en\/product\/elektryczny-masazer-do-twarzy-guasha-jadeit-4w1\/","og_site_name":"JOGA PI\u0118KNA | Joga Twarzy","article_publisher":"https:\/\/www.facebook.com\/JogaPieknaCom\/","article_modified_time":"2026-03-15T22:54:15+00:00","og_image":[{"width":1000,"height":1000,"url":"https:\/\/dev1.jogapiekna.com\/wp-content\/uploads\/2024\/03\/elektryczny-masazer-guasha-jadeit_jogapiekna_04.jpg","type":"image\/jpeg"}],"twitter_card":"summary_large_image","twitter_misc":{"Estimated reading time":"6 minutes"},"schema":{"@context":"https:\/\/schema.org","@graph":[{"@type":"WebPage","@id":"https:\/\/dev1.jogapiekna.com\/en\/product\/elektryczny-masazer-do-twarzy-guasha-jadeit-4w1\/","url":"https:\/\/dev1.jogapiekna.com\/en\/product\/elektryczny-masazer-do-twarzy-guasha-jadeit-4w1\/","name":"Elektryczny masa\u017cer do twarzy z jadeitu Gua Sha Joga Pi\u0119kna","isPartOf":{"@id":"https:\/\/dev1.jogapiekna.com\/#website"},"primaryImageOfPage":{"@id":"https:\/\/dev1.jogapiekna.com\/en\/product\/elektryczny-masazer-do-twarzy-guasha-jadeit-4w1\/#primaryimage"},"image":{"@id":"https:\/\/dev1.jogapiekna.com\/en\/product\/elektryczny-masazer-do-twarzy-guasha-jadeit-4w1\/#primaryimage"},"thumbnailUrl":"https:\/\/dev1.jogapiekna.com\/wp-content\/uploads\/2024\/03\/elektryczny-masazer-guasha-jadeit_jogapiekna_04.jpg","datePublished":"2024-03-18T10:42:04+00:00","dateModified":"2026-03-15T22:54:15+00:00","description":"Elektryczny masa\u017cer do twarzy Gua Sha rozgrzewa tkanki, stymuluje sk\u00f3r\u0119 mechanicznie naturalnym jadeitem, wibracjami oraz \u015bwiat\u0142em LED. Sprawd\u017a!","breadcrumb":{"@id":"https:\/\/dev1.jogapiekna.com\/en\/product\/elektryczny-masazer-do-twarzy-guasha-jadeit-4w1\/#breadcrumb"},"inLanguage":"en-GB","potentialAction":[{"@type":"ReadAction","target":["https:\/\/dev1.jogapiekna.com\/en\/product\/elektryczny-masazer-do-twarzy-guasha-jadeit-4w1\/"]}]},{"@type":"ImageObject","inLanguage":"en-GB","@id":"https:\/\/dev1.jogapiekna.com\/en\/product\/elektryczny-masazer-do-twarzy-guasha-jadeit-4w1\/#primaryimage","url":"https:\/\/dev1.jogapiekna.com\/wp-content\/uploads\/2024\/03\/elektryczny-masazer-guasha-jadeit_jogapiekna_04.jpg","contentUrl":"https:\/\/dev1.jogapiekna.com\/wp-content\/uploads\/2024\/03\/elektryczny-masazer-guasha-jadeit_jogapiekna_04.jpg","width":1000,"height":1000,"caption":"Elektryczny masa\u017cer do twarzy Gua Sha z bia\u0142ym jadeitem 4w1"},{"@type":"BreadcrumbList","@id":"https:\/\/dev1.jogapiekna.com\/en\/product\/elektryczny-masazer-do-twarzy-guasha-jadeit-4w1\/#breadcrumb","itemListElement":[{"@type":"ListItem","position":1,"name":"Strona g\u0142\u00f3wna","item":"https:\/\/dev1.jogapiekna.com\/"},{"@type":"ListItem","position":2,"name":"Sklep","item":"https:\/\/dev1.jogapiekna.com\/sklep\/"},{"@type":"ListItem","position":3,"name":"Elektryczny Gua Sha masa\u017cer do twarzy z bia\u0142ym jadeitem 4w1"}]},{"@type":"WebSite","@id":"https:\/\/dev1.jogapiekna.com\/#website","url":"https:\/\/dev1.jogapiekna.com\/","name":"Yoga Beauty Marta Kuci\u0144ska","description":"Beauty Yoga helps women to maintain their beauty, reverse the signs of passing time and fatigue, regain a radiant appearance, natural smile and improve their self-esteem.","publisher":{"@id":"https:\/\/dev1.jogapiekna.com\/#organization"},"potentialAction":[{"@type":"SearchAction","target":{"@type":"EntryPoint","urlTemplate":"https:\/\/dev1.jogapiekna.com\/?s={search_term_string}"},"query-input":{"@type":"PropertyValueSpecification","valueRequired":true,"valueName":"search_term_string"}}],"inLanguage":"en-GB"},{"@type":"Organization","@id":"https:\/\/dev1.jogapiekna.com\/#organization","name":"Yoga Beauty Marta Kuci\u0144ska","url":"https:\/\/dev1.jogapiekna.com\/","logo":{"@type":"ImageObject","inLanguage":"en-GB","@id":"https:\/\/dev1.jogapiekna.com\/#\/schema\/logo\/image\/","url":"https:\/\/dev1.jogapiekna.com\/wp-content\/uploads\/2022\/09\/joga-piekna-logo_Rka.png","contentUrl":"https:\/\/dev1.jogapiekna.com\/wp-content\/uploads\/2022\/09\/joga-piekna-logo_Rka.png","width":231,"height":124,"caption":"Joga Pi\u0119kna Marta Kuci\u0144ska"},"image":{"@id":"https:\/\/dev1.jogapiekna.com\/#\/schema\/logo\/image\/"},"sameAs":["https:\/\/www.facebook.com\/JogaPieknaCom\/","https:\/\/www.instagram.com\/jogapieknacom\/"]}]}},"_links":{"self":[{"href":"https:\/\/dev1.jogapiekna.com\/en\/wp-json\/wp\/v2\/product\/161340","targetHints":{"allow":["GET"]}}],"collection":[{"href":"https:\/\/dev1.jogapiekna.com\/en\/wp-json\/wp\/v2\/product"}],"about":[{"href":"https:\/\/dev1.jogapiekna.com\/en\/wp-json\/wp\/v2\/types\/product"}],"replies":[{"embeddable":true,"href":"https:\/\/dev1.jogapiekna.com\/en\/wp-json\/wp\/v2\/comments?post=161340"}],"version-history":[{"count":5,"href":"https:\/\/dev1.jogapiekna.com\/en\/wp-json\/wp\/v2\/product\/161340\/revisions"}],"predecessor-version":[{"id":215300,"href":"https:\/\/dev1.jogapiekna.com\/en\/wp-json\/wp\/v2\/product\/161340\/revisions\/215300"}],"wp:featuredmedia":[{"embeddable":true,"href":"https:\/\/dev1.jogapiekna.com\/en\/wp-json\/wp\/v2\/media\/161344"}],"wp:attachment":[{"href":"https:\/\/dev1.jogapiekna.com\/en\/wp-json\/wp\/v2\/media?parent=161340"}],"wp:term":[{"taxonomy":"product_brand","embeddable":true,"href":"https:\/\/dev1.jogapiekna.com\/en\/wp-json\/wp\/v2\/product_brand?post=161340"},{"taxonomy":"product_cat","embeddable":true,"href":"https:\/\/dev1.jogapiekna.com\/en\/wp-json\/wp\/v2\/product_cat?post=161340"},{"taxonomy":"product_tag","embeddable":true,"href":"https:\/\/dev1.jogapiekna.com\/en\/wp-json\/wp\/v2\/product_tag?post=161340"}],"curies":[{"name":"wp","href":"https:\/\/api.w.org\/{rel}","templated":true}]}}