{"id":1599,"date":"2019-04-07T22:37:30","date_gmt":"2019-04-07T20:37:30","guid":{"rendered":"https:\/\/dev1.jogapiekna.com?post_type=product&#038;p=1599"},"modified":"2026-03-19T13:09:57","modified_gmt":"2026-03-19T12:09:57","slug":"poduszka-antyzmarszczkowa-z-poszewka-jedwabna","status":"publish","type":"product","link":"https:\/\/dev1.jogapiekna.com\/en\/product\/poduszka-antyzmarszczkowa-z-poszewka-jedwabna\/","title":{"rendered":"Classic Anti-wrinkle Pillow with Silk Pillowcase * for Sleep wrinkles"},"content":{"rendered":"<h2><strong>Anti-wrinkle Pillow<\/strong> Bye Bye Wrinkles CLASSIC with natural silk pillowcase<\/h2>\n<p>Did you know that your sleeping position is one of the most important factors that affect the appearance of your face, as well as your cleavage? If you don't like sleeping on your back, a great solution for you would be to <strong>anti-wrinkle cushion<\/strong> <b>Bye Bye Wrinkles YOGA CLASSIC<\/b>, the shape of which protects the face from creases and provides excellent support for the cervical spine.<\/p>\n<p><b>This is a guarantee of rest without wrinkles of sleep.<\/b> Due to the fact that your face does not crumple at night under the pressure of the pillow, the formation of sleepy wrinkles under the eyes, on the temples, between the eyebrows, on the chin and on the cheeks becomes completely inhibited.<\/p>\n<p><strong>Anti-wrinkle Pillow<\/strong> <b>Bye Bye Wrinkles<\/b> it has a comfortable ergonomic butterfly shape. Its optimal size ensures that the face does not move to another place during sleep, and when turning the head to the side, the skin is constantly protected from wrinkles.<\/p>\n<p><img fetchpriority=\"high\" decoding=\"async\" class=\"img-responsive\" src=\"https:\/\/dev1.jogapiekna.comwp-content\/uploads\/2021\/04\/poduszka-zwykla-poduszka-bbw-porownanie.jpg\" alt=\"Dlaczego warto wybra\u0107 poduszk\u0119 przeciwzmarszczkow\u0105 Bye Bye Wrinkles?\" width=\"800\" height=\"273\" \/><\/p>\n<h2>Why choose <strong>anti-wrinkle cushion<\/strong> Bye Bye Wrinkles?<\/h2>\n<p><b>Manufacturing accuracy<\/b><br \/>\nMore than 17 years' experience of running a clothing company has taught me that quality is the most important thing. Already at the design stage <strong>anti-wrinkle pillow<\/strong> A large number of so-called test and sewing prototypes were created. Then came the testing of the cushion before it went on sale. Every detail matters.<\/p>\n<p><b>Poland production<\/b><br \/>\n<strong>Anti-wrinkle Pillows<\/strong> Bye Bye Wrinkles Yoga Beauties are made in Polish sewing factories, so we support home-grown businesses.<\/p>\n<p><b>National Institute of Public Health PZH Certificate<\/b><br \/>\nThe pillow has been carefully analyzed in terms of chemical composition, mechanical properties and quality. You are sure that this does not have a negative impact on human health and the environment in any way.<\/p>\n<p><b>The design of the anti-wrinkle cushion is proprietary<\/b><br \/>\nFinal appearance <strong>anti-wrinkle pillow<\/strong> was developed on the basis of many trials and tests so that it not only protects the face from sleep wrinkles, but also provides support for the cervical region.<\/p>\n<h2><strong>Anti-wrinkle Pillow<\/strong> classic - check if this size is for you<\/h2>\n<p><strong>Anti-wrinkle Pillow<\/strong> Bye Bye Wrinkles Classic will successfully replace your standard sleeping pillow. The larger wings have a span of approximately 45 cm. Of course, you will need 2-3 nights to get used to your new head position. However, after a few days, I assure you that you will find it difficult to part with the <strong>anti-wrinkle cushion - opinions<\/strong> clients most often talk about it.<\/p>\n<p>Do you like to sleep &#034;high&#034;? You can adjust the thickness of the pillow yourself (by adding \/ subtracting the filler) or choose <a href=\"https:\/\/dev1.jogapiekna.comprodukt\/poduszka-antyzmarszczkowa-mini-bye-bye-wrinkles-joga-piekna-z-poszewka-jedwabna\/\">mini anti-wrinkle pillow<\/a>, which works as a yasek placed on a standard pillow.<\/p>\n<p>Do you want to know which pillow to choose? Take a look at the tutorial video I&#039;ve prepared:<a href=\"https:\/\/www.youtube.com\/watch?v=TnspmD1CNOQ\"> Bye Bye Wrinkles Classic Natural vs Mini Anti-wrinkle Pillow<\/a><\/p>\n<p><iframe title=\"YouTube video player\" src=\"https:\/\/www.youtube.com\/embed\/TnspmD1CNOQ?si=oziZLzjR0rcQeizF\" width=\"800\" height=\"450\" frameborder=\"0\" allowfullscreen=\"allowfullscreen\"><\/iframe><\/p>\n<h2><strong>Anti-wrinkle Pillow<\/strong> Classic - size<\/h2>\n<p><img decoding=\"async\" class=\"alignnone size-full wp-image-145973\" src=\"https:\/\/dev1.jogapiekna.comwp-content\/uploads\/2019\/04\/classic_byebye-wrinkles-poduszka_wymiar.jpg\" alt=\"Poduszka przeciwzmarszczkowa Classic \u2014 rozmiar\" width=\"800\" height=\"642\" srcset=\"https:\/\/dev1.jogapiekna.com\/wp-content\/uploads\/2019\/04\/classic_byebye-wrinkles-poduszka_wymiar.jpg 800w, https:\/\/dev1.jogapiekna.com\/wp-content\/uploads\/2019\/04\/classic_byebye-wrinkles-poduszka_wymiar-300x241.jpg 300w, https:\/\/dev1.jogapiekna.com\/wp-content\/uploads\/2019\/04\/classic_byebye-wrinkles-poduszka_wymiar-768x616.jpg 768w, https:\/\/dev1.jogapiekna.com\/wp-content\/uploads\/2019\/04\/classic_byebye-wrinkles-poduszka_wymiar-600x482.jpg 600w\" sizes=\"(max-width: 800px) 100vw, 800px\" \/><\/p>\n<p><b>Width of upper wings:<\/b> 45 cm<br \/>\n<b>Width of lower wings:<\/b> 30 cm<br \/>\nHeight: 28 cm<\/p>\n<ul>\n<li>The dimension of the anti-wrinkle cushion is measured flat and may change due to the filling.<\/li>\n<li>A unique advantage of the Bye Bye Wrinkles CLASSIC cushion is that it can be independently adjusted in thickness. <strong>Anti-wrinkle Pillow<\/strong> It is zippered, so you can remove or add the filling yourself.<\/li>\n<\/ul>\n<h2><strong>Anti-wrinkle Pillow<\/strong> with anti-allergenic filling<\/h2>\n<p>The Bye Bye Wrinkles CLASSIC pillow with silk pillowcase is filled with a specially created polyester fibre blend. It is one of the best substitutes for natural down and does not cause allergies.<\/p>\n<p>The pillow with polyester filling is very comfortable. It fits perfectly on the head, is durable and has no tendency to twist.<\/p>\n<h2>Features of Polyester Fiber Filler:<\/h2>\n<ul>\n<li>high elasticity<\/li>\n<li>deformation resistance<\/li>\n<li>alternative to natural down<\/li>\n<li>anti-allergic properties<\/li>\n<li>high strength<\/li>\n<li>easy care (pillow is machine washable)<\/li>\n<\/ul>\n<h2>Features of the silk pillowcase for <strong>anti-wrinkle cushion<\/strong><\/h2>\n<ul>\n<li>Contained in silk <b>amino acids have a positive effect on the nervous system<\/b> and they allow the body to relax and unwind.<\/li>\n<li>In addition, the special structure of the silk does not allow the skin to \u201eresist\u201d during sleep on the <strong>anti-wrinkle cushion<\/strong> - which is beneficial for eliminating morning wrinkles and bumps on the face.<\/li>\n<li>Silk is extraordinary <b>soft and smooth<\/b> to the touch, which makes it very pleasant for the skin.<\/li>\n<li>Ma <b>ability to regulate body temperature<\/b>which means that it supports maintaining a comfortable temperature during<\/li>\n<li>sleep, both in summer and winter.<\/li>\n<li><b>Antibacterial properties<\/b> and mite resistance makes silk a popular choice among people with allergies and acne problems.<\/li>\n<li>Optional silk <b>promotes your hair<\/b>! This reduces the friction between the hair and the pillow, which reduces the problem of hair loss, brittleness and shredding during sleep.<\/li>\n<li>Although the silk is soft to the touch, it is also durable and <b>wear-resistant.<\/b><\/li>\n<li>Improves the metabolism of the skin, which <b>supports night-time regeneration.<\/b> In the morning, your skin is full of radiance. It has an even tone and wrinkles are significantly less visible.<\/li>\n<\/ul>\n<h2><strong>Anti-wrinkle Pillow<\/strong> with silk pillowcase - maintenance and care<\/h2>\n<p>The sleep wrinkle pillow cover is equipped with a zip, so you can remove it easily and quickly. You can wash the inside of the pillow according to the instructions we included with the product.<\/p>\n<ul>\n<li><b>Silk pillowcases are best washed by hand in warm water<\/b> use of delicate detergents.<\/li>\n<li>Silk fabrics should never be soaked for too long, nor should they be wrung out and rubbed during washing.<\/li>\n<li>For fabrics made of natural silk, you can not use emollient liquids, as they cause tarnishing of the fabric.<\/li>\n<li>After washing, it is best to dry with a towel in the unfolded position. This ensures that the fabric does not stretch.<\/li>\n<li>Silk should not be exposed to sunlight during drying.<\/li>\n<li>Silk pillowcases are always ironed on the left side and it is desirable that it is slightly wet.<\/li>\n<\/ul>\n<h2><strong>Anti-wrinkle pillow - opinions<\/strong> clients who no longer return to ordinary cushions<\/h2>\n<p>There are products that only need to be tried once to understand that they are the ones that should be with us every day, such as my <strong>anti-wrinkle cushion. Feedback<\/strong>, that I receive from clients in messages and under YouTube videos are surprisingly consistent: many of them say they will not go back to a regular cushion.<\/p>\n<p>It is in this repetition that the strength lies. Regardless of skin type, age or previous habits. Although initially it takes some getting used to the new shape of the cushion, women choose it once and stay for a long time because it helps them to take care of their skin and gain comfort, peaceful sleep and the feeling that they are doing something good for themselves.<\/p>\n<p><b>Additional information<\/b><\/p>\n<ul>\n<li>The anti-wrinkle cushion is a hygienic product and is non-returnable.<\/li>\n<\/ul>","protected":false},"excerpt":{"rendered":"<p>Stop the formation of sleep wrinkles and forget about morning swelling. <strong>Anti-wrinkle Pillow<\/strong> <b>Bye Bye Wrinkles YOGA CLASSIC<\/b> with silk pillowcase and anti-allergenic filling is a guarantee of the correct position of your face, forehead and cervical spine during sleep.<\/p>\n<ul>\n<li>prevents the deepening of sleep wrinkles<\/li>\n<li>it takes care of your comfort and the correct position of the spine<\/li>\n<li>recommended for allergy sufferers<\/li>\n<li>great for owners of problem skin (silk brings comfort and takes care of regeneration)<\/li>\n<li>it also has a positive effect on the condition of the hair.<\/li>\n<\/ul>","protected":false},"featured_media":202128,"comment_status":"closed","ping_status":"closed","template":"","meta":{"_acf_changed":false,"site-sidebar-layout":"default","site-content-layout":"","ast-site-content-layout":"default","site-content-style":"default","site-sidebar-style":"default","ast-global-header-display":"","ast-banner-title-visibility":"","ast-main-header-display":"","ast-hfb-above-header-display":"","ast-hfb-below-header-display":"","ast-hfb-mobile-header-display":"","site-post-title":"","ast-breadcrumbs-content":"","ast-featured-img":"","footer-sml-layout":"","ast-disable-related-posts":"","theme-transparent-header-meta":"default","adv-header-id-meta":"","stick-header-meta":"","header-above-stick-meta":"","header-main-stick-meta":"","header-below-stick-meta":"","astra-migrate-meta-layouts":"set","ast-page-background-enabled":"default","ast-page-background-meta":{"desktop":{"background-color":"var(--ast-global-color-5)","background-image":"","background-repeat":"repeat","background-position":"center center","background-size":"auto","background-attachment":"scroll","background-type":"","background-media":"","overlay-type":"","overlay-color":"","overlay-opacity":"","overlay-gradient":""},"tablet":{"background-color":"","background-image":"","background-repeat":"repeat","background-position":"center center","background-size":"auto","background-attachment":"scroll","background-type":"","background-media":"","overlay-type":"","overlay-color":"","overlay-opacity":"","overlay-gradient":""},"mobile":{"background-color":"","background-image":"","background-repeat":"repeat","background-position":"center center","background-size":"auto","background-attachment":"scroll","background-type":"","background-media":"","overlay-type":"","overlay-color":"","overlay-opacity":"","overlay-gradient":""}},"ast-content-background-meta":{"desktop":{"background-color":"var(--ast-global-color-4)","background-image":"","background-repeat":"repeat","background-position":"center center","background-size":"auto","background-attachment":"scroll","background-type":"","background-media":"","overlay-type":"","overlay-color":"","overlay-opacity":"","overlay-gradient":""},"tablet":{"background-color":"var(--ast-global-color-4)","background-image":"","background-repeat":"repeat","background-position":"center center","background-size":"auto","background-attachment":"scroll","background-type":"","background-media":"","overlay-type":"","overlay-color":"","overlay-opacity":"","overlay-gradient":""},"mobile":{"background-color":"var(--ast-global-color-4)","background-image":"","background-repeat":"repeat","background-position":"center center","background-size":"auto","background-attachment":"scroll","background-type":"","background-media":"","overlay-type":"","overlay-color":"","overlay-opacity":"","overlay-gradient":""}}},"product_brand":[],"product_cat":[216,112],"product_tag":[174,262,256,255,173,263],"class_list":{"0":"post-1599","1":"product","2":"type-product","3":"status-publish","4":"has-post-thumbnail","6":"product_cat-classic-poduszki-antyzmarszczkowe","7":"product_cat-poduszki-antyzmarszczkowe","8":"product_tag-byebyewrinkles","9":"product_tag-likwidowanie-zmarszczek","10":"product_tag-pielegnacja-skory","11":"product_tag-pielegnacja-twarzy","12":"product_tag-poduszka-antyzmarszczkowa","13":"product_tag-zdrowy-sen","14":"desktop-align-left","15":"tablet-align-left","16":"mobile-align-left","18":"first","19":"instock","20":"taxable","21":"shipping-taxable","22":"purchasable","23":"product-type-variable"},"acf":[],"yoast_head":"<!-- This site is optimized with the Yoast SEO plugin v27.1.1 - https:\/\/yoast.com\/product\/yoast-seo-wordpress\/ -->\n<title>Poduszka antyzmarszczkowa CLASSIC z jedwabn\u0105 poszewk\u0105 Joga Pi\u0119kna<\/title>\n<meta name=\"description\" content=\"Pi\u0119kna sk\u00f3ra zaczyna si\u0119 noc\u0105. \u015apij bez zagniece\u0144 i napi\u0119\u0107 z poduszk\u0105 Joga Pi\u0119kna. Naturalna forma piel\u0119gnacji bez wysi\u0142ku, kt\u00f3ra dzia\u0142a, gdy Ty \u015bpisz.\" \/>\n<meta name=\"robots\" content=\"index, follow, max-snippet:-1, max-image-preview:large, max-video-preview:-1\" \/>\n<link rel=\"canonical\" href=\"https:\/\/dev1.jogapiekna.com\/en\/product\/poduszka-antyzmarszczkowa-z-poszewka-jedwabna\/\" \/>\n<meta property=\"og:locale\" content=\"en_GB\" \/>\n<meta property=\"og:type\" content=\"article\" \/>\n<meta property=\"og:title\" content=\"Poduszka antyzmarszczkowa CLASSIC z jedwabn\u0105 poszewk\u0105 Joga Pi\u0119kna\" \/>\n<meta property=\"og:description\" content=\"Pi\u0119kna sk\u00f3ra zaczyna si\u0119 noc\u0105. \u015apij bez zagniece\u0144 i napi\u0119\u0107 z poduszk\u0105 Joga Pi\u0119kna. Naturalna forma piel\u0119gnacji bez wysi\u0142ku, kt\u00f3ra dzia\u0142a, gdy Ty \u015bpisz.\" \/>\n<meta property=\"og:url\" content=\"https:\/\/dev1.jogapiekna.com\/en\/product\/poduszka-antyzmarszczkowa-z-poszewka-jedwabna\/\" \/>\n<meta property=\"og:site_name\" content=\"JOGA PI\u0118KNA | Joga Twarzy\" \/>\n<meta property=\"article:publisher\" content=\"https:\/\/www.facebook.com\/JogaPieknaCom\/\" \/>\n<meta property=\"article:modified_time\" content=\"2026-03-19T12:09:57+00:00\" \/>\n<meta property=\"og:image\" content=\"https:\/\/dev1.jogapiekna.com\/wp-content\/uploads\/2019\/04\/Poduszka-antyzmarszczkowa-CLASSIC-wypelnienie-kulki-jedwab-kolory-nowe_2025.jpg\" \/>\n\t<meta property=\"og:image:width\" content=\"1000\" \/>\n\t<meta property=\"og:image:height\" content=\"1000\" \/>\n\t<meta property=\"og:image:type\" content=\"image\/jpeg\" \/>\n<meta name=\"twitter:card\" content=\"summary_large_image\" \/>\n<meta name=\"twitter:label1\" content=\"Estimated reading time\" \/>\n\t<meta name=\"twitter:data1\" content=\"7 minutes\" \/>\n<script type=\"application\/ld+json\" class=\"yoast-schema-graph\">{\"@context\":\"https:\/\/schema.org\",\"@graph\":[{\"@type\":\"WebPage\",\"@id\":\"https:\/\/dev1.jogapiekna.com\/produkt\/poduszka-antyzmarszczkowa-z-poszewka-jedwabna\/\",\"url\":\"https:\/\/dev1.jogapiekna.com\/produkt\/poduszka-antyzmarszczkowa-z-poszewka-jedwabna\/\",\"name\":\"Poduszka antyzmarszczkowa CLASSIC z jedwabn\u0105 poszewk\u0105 Joga Pi\u0119kna\",\"isPartOf\":{\"@id\":\"https:\/\/dev1.jogapiekna.com\/#website\"},\"primaryImageOfPage\":{\"@id\":\"https:\/\/dev1.jogapiekna.com\/produkt\/poduszka-antyzmarszczkowa-z-poszewka-jedwabna\/#primaryimage\"},\"image\":{\"@id\":\"https:\/\/dev1.jogapiekna.com\/produkt\/poduszka-antyzmarszczkowa-z-poszewka-jedwabna\/#primaryimage\"},\"thumbnailUrl\":\"https:\/\/dev1.jogapiekna.com\/wp-content\/uploads\/2019\/04\/Poduszka-antyzmarszczkowa-CLASSIC-wypelnienie-kulki-jedwab-kolory-nowe_2025.jpg\",\"datePublished\":\"2019-04-07T20:37:30+00:00\",\"dateModified\":\"2026-03-19T12:09:57+00:00\",\"description\":\"Pi\u0119kna sk\u00f3ra zaczyna si\u0119 noc\u0105. \u015apij bez zagniece\u0144 i napi\u0119\u0107 z poduszk\u0105 Joga Pi\u0119kna. Naturalna forma piel\u0119gnacji bez wysi\u0142ku, kt\u00f3ra dzia\u0142a, gdy Ty \u015bpisz.\",\"breadcrumb\":{\"@id\":\"https:\/\/dev1.jogapiekna.com\/produkt\/poduszka-antyzmarszczkowa-z-poszewka-jedwabna\/#breadcrumb\"},\"inLanguage\":\"en-GB\",\"potentialAction\":[{\"@type\":\"ReadAction\",\"target\":[\"https:\/\/dev1.jogapiekna.com\/produkt\/poduszka-antyzmarszczkowa-z-poszewka-jedwabna\/\"]}]},{\"@type\":\"ImageObject\",\"inLanguage\":\"en-GB\",\"@id\":\"https:\/\/dev1.jogapiekna.com\/produkt\/poduszka-antyzmarszczkowa-z-poszewka-jedwabna\/#primaryimage\",\"url\":\"https:\/\/dev1.jogapiekna.com\/wp-content\/uploads\/2019\/04\/Poduszka-antyzmarszczkowa-CLASSIC-wypelnienie-kulki-jedwab-kolory-nowe_2025.jpg\",\"contentUrl\":\"https:\/\/dev1.jogapiekna.com\/wp-content\/uploads\/2019\/04\/Poduszka-antyzmarszczkowa-CLASSIC-wypelnienie-kulki-jedwab-kolory-nowe_2025.jpg\",\"width\":1000,\"height\":1000,\"caption\":\"Poduszka antyzmarszczkowa CLASSIC z jedwabn\u0105 poszewk\u0105 \u2022 na zmarszczki senne\"},{\"@type\":\"BreadcrumbList\",\"@id\":\"https:\/\/dev1.jogapiekna.com\/produkt\/poduszka-antyzmarszczkowa-z-poszewka-jedwabna\/#breadcrumb\",\"itemListElement\":[{\"@type\":\"ListItem\",\"position\":1,\"name\":\"Strona g\u0142\u00f3wna\",\"item\":\"https:\/\/dev1.jogapiekna.com\/\"},{\"@type\":\"ListItem\",\"position\":2,\"name\":\"Sklep\",\"item\":\"https:\/\/dev1.jogapiekna.com\/sklep\/\"},{\"@type\":\"ListItem\",\"position\":3,\"name\":\"Poduszka antyzmarszczkowa CLASSIC z jedwabn\u0105 poszewk\u0105 \u2022 na zmarszczki senne\"}]},{\"@type\":\"WebSite\",\"@id\":\"https:\/\/dev1.jogapiekna.com\/#website\",\"url\":\"https:\/\/dev1.jogapiekna.com\/\",\"name\":\"Joga Pi\u0119kna Marta Kuci\u0144ska\",\"description\":\"Joga Pi\u0119kna pomaga kobietom zachowa\u0107 urod\u0119, cofn\u0105\u0107 oznaki up\u0142ywaj\u0105cego czasu i zm\u0119czenia, odzyska\u0107 promienny wygl\u0105d, naturalny u\u015bmiech i popraw\u0119 w\u0142asnej samooceny.\",\"publisher\":{\"@id\":\"https:\/\/dev1.jogapiekna.com\/#organization\"},\"potentialAction\":[{\"@type\":\"SearchAction\",\"target\":{\"@type\":\"EntryPoint\",\"urlTemplate\":\"https:\/\/dev1.jogapiekna.com\/?s={search_term_string}\"},\"query-input\":{\"@type\":\"PropertyValueSpecification\",\"valueRequired\":true,\"valueName\":\"search_term_string\"}}],\"inLanguage\":\"en-GB\"},{\"@type\":\"Organization\",\"@id\":\"https:\/\/dev1.jogapiekna.com\/#organization\",\"name\":\"Joga Pi\u0119kna Marta Kuci\u0144ska\",\"url\":\"https:\/\/dev1.jogapiekna.com\/\",\"logo\":{\"@type\":\"ImageObject\",\"inLanguage\":\"en-GB\",\"@id\":\"https:\/\/dev1.jogapiekna.com\/#\/schema\/logo\/image\/\",\"url\":\"https:\/\/dev1.jogapiekna.com\/wp-content\/uploads\/2022\/09\/joga-piekna-logo_Rka.png\",\"contentUrl\":\"https:\/\/dev1.jogapiekna.com\/wp-content\/uploads\/2022\/09\/joga-piekna-logo_Rka.png\",\"width\":231,\"height\":124,\"caption\":\"Joga Pi\u0119kna Marta Kuci\u0144ska\"},\"image\":{\"@id\":\"https:\/\/dev1.jogapiekna.com\/#\/schema\/logo\/image\/\"},\"sameAs\":[\"https:\/\/www.facebook.com\/JogaPieknaCom\/\",\"https:\/\/www.instagram.com\/jogapieknacom\/\"]}]}<\/script>\n<!-- \/ Yoast SEO plugin. -->","yoast_head_json":{"title":"Poduszka antyzmarszczkowa CLASSIC z jedwabn\u0105 poszewk\u0105 Joga Pi\u0119kna","description":"Pi\u0119kna sk\u00f3ra zaczyna si\u0119 noc\u0105. \u015apij bez zagniece\u0144 i napi\u0119\u0107 z poduszk\u0105 Joga Pi\u0119kna. Naturalna forma piel\u0119gnacji bez wysi\u0142ku, kt\u00f3ra dzia\u0142a, gdy Ty \u015bpisz.","robots":{"index":"index","follow":"follow","max-snippet":"max-snippet:-1","max-image-preview":"max-image-preview:large","max-video-preview":"max-video-preview:-1"},"canonical":"https:\/\/dev1.jogapiekna.com\/en\/product\/poduszka-antyzmarszczkowa-z-poszewka-jedwabna\/","og_locale":"en_GB","og_type":"article","og_title":"Poduszka antyzmarszczkowa CLASSIC z jedwabn\u0105 poszewk\u0105 Joga Pi\u0119kna","og_description":"Pi\u0119kna sk\u00f3ra zaczyna si\u0119 noc\u0105. \u015apij bez zagniece\u0144 i napi\u0119\u0107 z poduszk\u0105 Joga Pi\u0119kna. Naturalna forma piel\u0119gnacji bez wysi\u0142ku, kt\u00f3ra dzia\u0142a, gdy Ty \u015bpisz.","og_url":"https:\/\/dev1.jogapiekna.com\/en\/product\/poduszka-antyzmarszczkowa-z-poszewka-jedwabna\/","og_site_name":"JOGA PI\u0118KNA | Joga Twarzy","article_publisher":"https:\/\/www.facebook.com\/JogaPieknaCom\/","article_modified_time":"2026-03-19T12:09:57+00:00","og_image":[{"width":1000,"height":1000,"url":"https:\/\/dev1.jogapiekna.com\/wp-content\/uploads\/2019\/04\/Poduszka-antyzmarszczkowa-CLASSIC-wypelnienie-kulki-jedwab-kolory-nowe_2025.jpg","type":"image\/jpeg"}],"twitter_card":"summary_large_image","twitter_misc":{"Estimated reading time":"7 minutes"},"schema":{"@context":"https:\/\/schema.org","@graph":[{"@type":"WebPage","@id":"https:\/\/dev1.jogapiekna.com\/produkt\/poduszka-antyzmarszczkowa-z-poszewka-jedwabna\/","url":"https:\/\/dev1.jogapiekna.com\/produkt\/poduszka-antyzmarszczkowa-z-poszewka-jedwabna\/","name":"Poduszka antyzmarszczkowa CLASSIC z jedwabn\u0105 poszewk\u0105 Joga Pi\u0119kna","isPartOf":{"@id":"https:\/\/dev1.jogapiekna.com\/#website"},"primaryImageOfPage":{"@id":"https:\/\/dev1.jogapiekna.com\/produkt\/poduszka-antyzmarszczkowa-z-poszewka-jedwabna\/#primaryimage"},"image":{"@id":"https:\/\/dev1.jogapiekna.com\/produkt\/poduszka-antyzmarszczkowa-z-poszewka-jedwabna\/#primaryimage"},"thumbnailUrl":"https:\/\/dev1.jogapiekna.com\/wp-content\/uploads\/2019\/04\/Poduszka-antyzmarszczkowa-CLASSIC-wypelnienie-kulki-jedwab-kolory-nowe_2025.jpg","datePublished":"2019-04-07T20:37:30+00:00","dateModified":"2026-03-19T12:09:57+00:00","description":"Pi\u0119kna sk\u00f3ra zaczyna si\u0119 noc\u0105. \u015apij bez zagniece\u0144 i napi\u0119\u0107 z poduszk\u0105 Joga Pi\u0119kna. Naturalna forma piel\u0119gnacji bez wysi\u0142ku, kt\u00f3ra dzia\u0142a, gdy Ty \u015bpisz.","breadcrumb":{"@id":"https:\/\/dev1.jogapiekna.com\/produkt\/poduszka-antyzmarszczkowa-z-poszewka-jedwabna\/#breadcrumb"},"inLanguage":"en-GB","potentialAction":[{"@type":"ReadAction","target":["https:\/\/dev1.jogapiekna.com\/produkt\/poduszka-antyzmarszczkowa-z-poszewka-jedwabna\/"]}]},{"@type":"ImageObject","inLanguage":"en-GB","@id":"https:\/\/dev1.jogapiekna.com\/produkt\/poduszka-antyzmarszczkowa-z-poszewka-jedwabna\/#primaryimage","url":"https:\/\/dev1.jogapiekna.com\/wp-content\/uploads\/2019\/04\/Poduszka-antyzmarszczkowa-CLASSIC-wypelnienie-kulki-jedwab-kolory-nowe_2025.jpg","contentUrl":"https:\/\/dev1.jogapiekna.com\/wp-content\/uploads\/2019\/04\/Poduszka-antyzmarszczkowa-CLASSIC-wypelnienie-kulki-jedwab-kolory-nowe_2025.jpg","width":1000,"height":1000,"caption":"Poduszka antyzmarszczkowa CLASSIC z jedwabn\u0105 poszewk\u0105 \u2022 na zmarszczki senne"},{"@type":"BreadcrumbList","@id":"https:\/\/dev1.jogapiekna.com\/produkt\/poduszka-antyzmarszczkowa-z-poszewka-jedwabna\/#breadcrumb","itemListElement":[{"@type":"ListItem","position":1,"name":"Strona g\u0142\u00f3wna","item":"https:\/\/dev1.jogapiekna.com\/"},{"@type":"ListItem","position":2,"name":"Sklep","item":"https:\/\/dev1.jogapiekna.com\/sklep\/"},{"@type":"ListItem","position":3,"name":"Poduszka antyzmarszczkowa CLASSIC z jedwabn\u0105 poszewk\u0105 \u2022 na zmarszczki senne"}]},{"@type":"WebSite","@id":"https:\/\/dev1.jogapiekna.com\/#website","url":"https:\/\/dev1.jogapiekna.com\/","name":"Yoga Beauty Marta Kuci\u0144ska","description":"Beauty Yoga helps women to maintain their beauty, reverse the signs of passing time and fatigue, regain a radiant appearance, natural smile and improve their self-esteem.","publisher":{"@id":"https:\/\/dev1.jogapiekna.com\/#organization"},"potentialAction":[{"@type":"SearchAction","target":{"@type":"EntryPoint","urlTemplate":"https:\/\/dev1.jogapiekna.com\/?s={search_term_string}"},"query-input":{"@type":"PropertyValueSpecification","valueRequired":true,"valueName":"search_term_string"}}],"inLanguage":"en-GB"},{"@type":"Organization","@id":"https:\/\/dev1.jogapiekna.com\/#organization","name":"Yoga Beauty Marta Kuci\u0144ska","url":"https:\/\/dev1.jogapiekna.com\/","logo":{"@type":"ImageObject","inLanguage":"en-GB","@id":"https:\/\/dev1.jogapiekna.com\/#\/schema\/logo\/image\/","url":"https:\/\/dev1.jogapiekna.com\/wp-content\/uploads\/2022\/09\/joga-piekna-logo_Rka.png","contentUrl":"https:\/\/dev1.jogapiekna.com\/wp-content\/uploads\/2022\/09\/joga-piekna-logo_Rka.png","width":231,"height":124,"caption":"Joga Pi\u0119kna Marta Kuci\u0144ska"},"image":{"@id":"https:\/\/dev1.jogapiekna.com\/#\/schema\/logo\/image\/"},"sameAs":["https:\/\/www.facebook.com\/JogaPieknaCom\/","https:\/\/www.instagram.com\/jogapieknacom\/"]}]}},"_links":{"self":[{"href":"https:\/\/dev1.jogapiekna.com\/en\/wp-json\/wp\/v2\/product\/1599","targetHints":{"allow":["GET"]}}],"collection":[{"href":"https:\/\/dev1.jogapiekna.com\/en\/wp-json\/wp\/v2\/product"}],"about":[{"href":"https:\/\/dev1.jogapiekna.com\/en\/wp-json\/wp\/v2\/types\/product"}],"replies":[{"embeddable":true,"href":"https:\/\/dev1.jogapiekna.com\/en\/wp-json\/wp\/v2\/comments?post=1599"}],"version-history":[{"count":7,"href":"https:\/\/dev1.jogapiekna.com\/en\/wp-json\/wp\/v2\/product\/1599\/revisions"}],"predecessor-version":[{"id":125319,"href":"https:\/\/dev1.jogapiekna.com\/en\/wp-json\/wp\/v2\/product\/1599\/revisions\/125319"}],"wp:featuredmedia":[{"embeddable":true,"href":"https:\/\/dev1.jogapiekna.com\/en\/wp-json\/wp\/v2\/media\/202128"}],"wp:attachment":[{"href":"https:\/\/dev1.jogapiekna.com\/en\/wp-json\/wp\/v2\/media?parent=1599"}],"wp:term":[{"taxonomy":"product_brand","embeddable":true,"href":"https:\/\/dev1.jogapiekna.com\/en\/wp-json\/wp\/v2\/product_brand?post=1599"},{"taxonomy":"product_cat","embeddable":true,"href":"https:\/\/dev1.jogapiekna.com\/en\/wp-json\/wp\/v2\/product_cat?post=1599"},{"taxonomy":"product_tag","embeddable":true,"href":"https:\/\/dev1.jogapiekna.com\/en\/wp-json\/wp\/v2\/product_tag?post=1599"}],"curies":[{"name":"wp","href":"https:\/\/api.w.org\/{rel}","templated":true}]}}