{"id":159069,"date":"2024-02-28T11:10:55","date_gmt":"2024-02-28T10:10:55","guid":{"rendered":"https:\/\/dev1.jogapiekna.com?post_type=product&#038;p=159069"},"modified":"2026-03-11T14:18:10","modified_gmt":"2026-03-11T13:18:10","slug":"serum-wzmacniajace-slavia-cosmetics-30-ml","status":"publish","type":"product","link":"https:\/\/dev1.jogapiekna.com\/en\/product\/serum-wzmacniajace-slavia-cosmetics-30-ml\/","title":{"rendered":"Oil Power of Beautification - Strengthening Serum - Slavia Cosmetics - 30 ml"},"content":{"rendered":"<h2>Firming Oil Serum<\/h2>\n<p>Mature, sensitive facial skin with many skin problems requires <strong>comprehensive care<\/strong>. Do you think your makeup bag should be bursting at the seams to fix them all? Nothing more wrong! Actually, one is enough, but <strong>effective cosmetic product<\/strong>which will holistically take care of the healthy and radiant appearance of your skin.<\/p>\n<p>Include it in your evening care routine <strong>Slavia Cosmetics Serum<\/strong>and you will quickly see how your skin becomes nourished, hydrated and radiant. A gentle serum made from vegetable oils will take care of its healthy appearance-it smoothes, strengthens and adds shine, providing you with <strong>evening rest<\/strong> just like in a spa.<\/p>\n<p>&nbsp;<\/p>\n<h3>Main Ingredients of Oil Firming Serum<\/h3>\n<p>Natural extracts and <strong>high-quality vegetable oils<\/strong> contained in a firming facial serum, they are great for <strong>fighting many skin problems<\/strong>. In combination, they take care of your skin, penetrating its structure, providing a healthy and radiant appearance.<\/p>\n<p><strong>Bakuchiol <\/strong>Recognized as a natural alternative to retinol, it demonstrates powerful anti-aging properties. <strong>anti-aging effect<\/strong>without irritating the skin. It&#039;s great for people who can&#039;t use acids. Stimulates the production of collagen, which makes the skin look bigger <strong>hard and smooth<\/strong>. Regular use of bakuchiol can significantly reduce the appearance of fine lines and wrinkles, improving skin texture and overall appearance.<\/p>\n<p><strong>Squalane<\/strong> it is an absolute hero for skin hydration. Provides <strong>deep hydration<\/strong>while creating a gentle, breathable film on the surface of the skin that protects the skin from moisture loss. <strong>light and non-greasy texture<\/strong> it makes the skin soft, supple and radiant without feeling stressed.<\/p>\n<p>Saffron is known not only as one of the most expensive spices in the world, but also as an ingredient with unique properties <strong>anti-inflammatory and antioxidant properties<\/strong>. <strong>Saffron Extract<\/strong> helps fight free radicals, reduces redness, slows down the aging process of the skin and improves its tone, giving a healthy and radiant appearance.<\/p>\n<p><strong>Hemp oil<\/strong> rich in unsaturated fatty acids, vitamins and minerals, it has strong <strong>moisturizing and regenerating effect<\/strong>. Great for relieving irritation, reducing redness and <strong>facilitating the healing process<\/strong>. Its anti-inflammatory properties make it ideal for the care of problem skin, including acne.<\/p>\n<p>Exotic <strong>baobab oil<\/strong> this is a real treasure for the skin. Intensively nourishes and regenerates. Contains <strong>vitamins A, D, E and F<\/strong>that nourish the skin and also help fight the signs of aging. Works great in <strong>increased flexibility<\/strong> skin and its elasticity.<\/p>\n<p><strong>Raspberry oil<\/strong> It&#039;s a valuable source of antioxidants and vitamin E, which makes it great for fighting the signs of aging. It has an anti-inflammatory and regenerating effect, and thanks to <strong>natural sunscreen<\/strong> helps protect the skin from the harmful effects of UV rays. Improves the skin&#039;s lipid barrier, providing it with adequate hydration and nutrition.<\/p>\n<p>&nbsp;<\/p>\n<h2>Who is this Oil Serum for?<\/h2>\n<ul>\n<li>For those who are looking for <strong>universal care product<\/strong> - nourishing, regenerating and restoring radiant shine.<\/li>\n<li>Suitable for mature, dry, sensitive skin in need of strengthening and with many skin problems.<\/li>\n<li>For skin exposed to negative external factors, i.e. air pollution and stress.<\/li>\n<li>For people who want to reduce the appearance of wrinkles and improve overall skin elasticity.<\/li>\n<li>If you need a highly hydrating product, <strong>regulating sebum secretion<\/strong> promotes natural skin regeneration processes.<\/li>\n<\/ul>\n<p>&nbsp;<\/p>\n<h2>What effects will you notice with regular use of the firming serum?<\/h2>\n<ul>\n<li><strong>Improvement of firmness, elasticity<\/strong> and the overall condition of the skin, which leads to a noticeably younger and healthier appearance.<\/li>\n<li>Smoothing the face and reducing wrinkles-the face will acquire youth and radiance.<\/li>\n<li>Ensure that the skin is properly hydrated and lubricated. Your complexion will be <strong>soft and smooth<\/strong> not only after applying the serum in the evening, but also immediately after waking up.<\/li>\n<li>Unification and improvement of the complexion. <strong>Reducing discoloration<\/strong> and uneven pigmentation.<\/li>\n<li>Strengthening the skin&#039;s natural protective barrier. Increasing resistance to the harmful effects of external factors.<\/li>\n<li>Serum <strong>instantly absorbed<\/strong> and it gives a feeling of freshness on the skin of the face.<\/li>\n<\/ul>\n<p>&nbsp;<\/p>\n<h2>Why do I trust Slavia Cosmetics?<\/h2>\n<p>I love that the Slavia Cosmetics brand is backed by people with a passion for nature. These are vegan cosmetics created with full confidence in their quality. <strong>positive effects on the skin and the environment<\/strong>, without animal testing and with respect for the environment.<\/p>\n<p>Slavia Cosmetics products also feature carefully formulated active ingredients that fight the signs of aging and help keep your skin healthy and radiant.<\/p>\n<p>I know that this is a brand that creates its products with people like me. On the one hand, its creators care about our planet, and on the other hand, they want to consciously and ethically use the power that natural ingredients give. I believe that at the moment this is one of the best beauty options on our market, and I am happy to share it with you.<\/p>\n<p>&nbsp;<\/p>\n<h3>Product composition<\/h3>\n<p><em>Cannabis Sativa (Hemp) Seed Oil, Ricinus Communis (Castor) Seed Oil, Adansonia Digitata (Baobab) Seed Oil, Rubus Idaeus (Raspberry) Seed Oil, Avena Sativa (Oat) Kernel Oil, Caprylic\/Capric Triglyceride, Tocopherol, Argania Spinosa (Argan) Kernel Oil, Bakuchiol, Bisabolol, Pyrus Malus (Apple) Seed Oil, Squalane, Crocus Sativus (Saffron) Flower Extract, Opuntia Ficus-Indica (Prickly Pear) Fruit Extract, Helianthus Annuus (Sunflower) Seed Oil, Parfum, Coumarin, Geraniol, Hexyl Cinnamal, Linalool<\/em><\/p>\n<p>&nbsp;<\/p>\n<h3>How to apply the serum? \u2013 installation<\/h3>\n<p>Before applying the firming serum, take care of proper preparation of the skin.<\/p>\n<ul>\n<li>Start with <strong>thorough cleaning<\/strong> clean your face to remove any debris and allow the active ingredients to penetrate deeper. To properly prepare the skin for the action of the cream, you can use <a href=\"https:\/\/dev1.jogapiekna.comprodukt\/zel-nawilzajacy-do-mycia-twarzy-150ml\/\">moisturizing gel cleanser with gluconolactone 4% from Slavia Cosmetics<\/a>.<\/li>\n<li>After cleansing, gently dry your skin and apply a toner that will restore it to its proper pH.<\/li>\n<li>Then measure<strong> 2-3 drops of serum<\/strong> and spread it evenly over the skin of the face, making a light massage. Add a few drops if you want to apply the serum to your neck and decollete.<\/li>\n<li>When the serum is absorbed, apply the cream, closing the evening care.<\/li>\n<li>Serum to use <strong>in the evening<\/strong>apply directly to cleansed face skin or mix with your favorite night cream.<\/li>\n<\/ul>\n<p>After completing the app, you can apply <strong>gentle facial massage<\/strong>which stimulates microcirculation and enhances the action of serum.<\/p>\n<p>Look <a href=\"https:\/\/www.youtube.com\/watch?v=g5bKiy08uW8\">short video about a quick facial massage<\/a>. Find out how quickly you can integrate massage techniques into your daily care routine. <strong>A minute is enough<\/strong>to maximize the potential of the serum and cream you apply!<\/p>\n<p>Regular use of the serum in combination with massage will not only increase its effectiveness, but also provide a moment of relaxation and relaxation, and this is an additional advantage of your daily care.<\/p>","protected":false},"excerpt":{"rendered":"<p>Want to wake up with a smooth, glowing complexion? Looking for one all-in-one beauty treatment that will support your skin in multiple areas at the same time? <strong>Meet the firming serum-an all-in product.<\/strong> Rich in natural nutrients and high-quality vegetable oils, it effectively addresses the signs of aging, loss of radiance, and sagging skin. It works instantly and for a long time.<\/p>\n<p>&nbsp;<\/p>\n<ul>\n<li>Intensively nourishes and regenerates<\/li>\n<li>Improves the elasticity and overall condition of the skin<\/li>\n<li>Aroma: fresh, green tea notes combined with ginger<\/li>\n<li>Capacity: 30ml<\/li>\n<li>Use: Overnight<\/li>\n<li><strong>Expiry date: 21\/08\/2026<\/strong><\/li>\n<\/ul>","protected":false},"featured_media":189762,"comment_status":"closed","ping_status":"closed","template":"","meta":{"_acf_changed":false,"site-sidebar-layout":"default","site-content-layout":"","ast-site-content-layout":"default","site-content-style":"default","site-sidebar-style":"default","ast-global-header-display":"","ast-banner-title-visibility":"","ast-main-header-display":"","ast-hfb-above-header-display":"","ast-hfb-below-header-display":"","ast-hfb-mobile-header-display":"","site-post-title":"","ast-breadcrumbs-content":"","ast-featured-img":"","footer-sml-layout":"","ast-disable-related-posts":"","theme-transparent-header-meta":"default","adv-header-id-meta":"","stick-header-meta":"","header-above-stick-meta":"","header-main-stick-meta":"","header-below-stick-meta":"","astra-migrate-meta-layouts":"set","ast-page-background-enabled":"default","ast-page-background-meta":{"desktop":{"background-color":"var(--ast-global-color-5)","background-image":"","background-repeat":"repeat","background-position":"center center","background-size":"auto","background-attachment":"scroll","background-type":"","background-media":"","overlay-type":"","overlay-color":"","overlay-opacity":"","overlay-gradient":""},"tablet":{"background-color":"","background-image":"","background-repeat":"repeat","background-position":"center center","background-size":"auto","background-attachment":"scroll","background-type":"","background-media":"","overlay-type":"","overlay-color":"","overlay-opacity":"","overlay-gradient":""},"mobile":{"background-color":"","background-image":"","background-repeat":"repeat","background-position":"center center","background-size":"auto","background-attachment":"scroll","background-type":"","background-media":"","overlay-type":"","overlay-color":"","overlay-opacity":"","overlay-gradient":""}},"ast-content-background-meta":{"desktop":{"background-color":"var(--ast-global-color-4)","background-image":"","background-repeat":"repeat","background-position":"center center","background-size":"auto","background-attachment":"scroll","background-type":"","background-media":"","overlay-type":"","overlay-color":"","overlay-opacity":"","overlay-gradient":""},"tablet":{"background-color":"var(--ast-global-color-4)","background-image":"","background-repeat":"repeat","background-position":"center center","background-size":"auto","background-attachment":"scroll","background-type":"","background-media":"","overlay-type":"","overlay-color":"","overlay-opacity":"","overlay-gradient":""},"mobile":{"background-color":"var(--ast-global-color-4)","background-image":"","background-repeat":"repeat","background-position":"center center","background-size":"auto","background-attachment":"scroll","background-type":"","background-media":"","overlay-type":"","overlay-color":"","overlay-opacity":"","overlay-gradient":""}}},"product_brand":[],"product_cat":[331,625],"product_tag":[],"class_list":{"0":"post-159069","1":"product","2":"type-product","3":"status-publish","4":"has-post-thumbnail","6":"product_cat-kosmetyki","7":"product_cat-promocje","8":"desktop-align-left","9":"tablet-align-left","10":"mobile-align-left","12":"first","13":"instock","14":"sale","15":"taxable","16":"shipping-taxable","17":"purchasable","18":"product-type-simple"},"acf":[],"yoast_head":"<!-- This site is optimized with the Yoast SEO plugin v27.1.1 - https:\/\/yoast.com\/product\/yoast-seo-wordpress\/ -->\n<title>Olejowa Moc Upi\u0119kszenia \u2022 Serum Wzmacniaj\u0105ce Slavia Cosmetics \u2022 30 ml<\/title>\n<meta name=\"description\" content=\"Chcesz budzi\u0107 si\u0119 z g\u0142adk\u0105, promienn\u0105 cer\u0105? Szukasz jednego, wszechstronnego kosmetyku, kt\u00f3ry b\u0119dzie wspiera\u0142 Twoj\u0105 sk\u00f3r\u0119 na wielu obszarach jednocze\u015bnie? Poznaj wzmacniaj\u0105ce serum to produkt all-in. Bogaty w naturalne sk\u0142adniki od\u017cywcze i wysokiej jako\u015bci oleje ro\u015blinne skutecznie radzi sobie z oznakami starzenia, utrat\u0105 blasku i zwiotczeniem sk\u00f3ry. Dzia\u0142a natychmiastowo i d\u0142ugofalowo.\" \/>\n<meta name=\"robots\" content=\"index, follow, max-snippet:-1, max-image-preview:large, max-video-preview:-1\" \/>\n<link rel=\"canonical\" href=\"https:\/\/dev1.jogapiekna.com\/en\/product\/serum-wzmacniajace-slavia-cosmetics-30-ml\/\" \/>\n<meta property=\"og:locale\" content=\"en_GB\" \/>\n<meta property=\"og:type\" content=\"article\" \/>\n<meta property=\"og:title\" content=\"Olejowa Moc Upi\u0119kszenia \u2022 Serum Wzmacniaj\u0105ce Slavia Cosmetics \u2022 30 ml\" \/>\n<meta property=\"og:description\" content=\"Chcesz budzi\u0107 si\u0119 z g\u0142adk\u0105, promienn\u0105 cer\u0105? Szukasz jednego, wszechstronnego kosmetyku, kt\u00f3ry b\u0119dzie wspiera\u0142 Twoj\u0105 sk\u00f3r\u0119 na wielu obszarach jednocze\u015bnie? Poznaj wzmacniaj\u0105ce serum to produkt all-in. Bogaty w naturalne sk\u0142adniki od\u017cywcze i wysokiej jako\u015bci oleje ro\u015blinne skutecznie radzi sobie z oznakami starzenia, utrat\u0105 blasku i zwiotczeniem sk\u00f3ry. Dzia\u0142a natychmiastowo i d\u0142ugofalowo.\" \/>\n<meta property=\"og:url\" content=\"https:\/\/dev1.jogapiekna.com\/en\/product\/serum-wzmacniajace-slavia-cosmetics-30-ml\/\" \/>\n<meta property=\"og:site_name\" content=\"JOGA PI\u0118KNA | Joga Twarzy\" \/>\n<meta property=\"article:publisher\" content=\"https:\/\/www.facebook.com\/JogaPieknaCom\/\" \/>\n<meta property=\"article:modified_time\" content=\"2026-03-11T13:18:10+00:00\" \/>\n<meta property=\"og:image\" content=\"https:\/\/dev1.jogapiekna.com\/wp-content\/uploads\/2024\/02\/Serum-wzmacniajace-olejowe-slavia-nowe-opakowanie-1.jpg\" \/>\n\t<meta property=\"og:image:width\" content=\"1000\" \/>\n\t<meta property=\"og:image:height\" content=\"1000\" \/>\n\t<meta property=\"og:image:type\" content=\"image\/jpeg\" \/>\n<meta name=\"twitter:card\" content=\"summary_large_image\" \/>\n<meta name=\"twitter:label1\" content=\"Estimated reading time\" \/>\n\t<meta name=\"twitter:data1\" content=\"6 minutes\" \/>\n<script type=\"application\/ld+json\" class=\"yoast-schema-graph\">{\"@context\":\"https:\/\/schema.org\",\"@graph\":[{\"@type\":\"WebPage\",\"@id\":\"https:\/\/dev1.jogapiekna.com\/en\/product\/serum-wzmacniajace-slavia-cosmetics-30-ml\/\",\"url\":\"https:\/\/dev1.jogapiekna.com\/en\/product\/serum-wzmacniajace-slavia-cosmetics-30-ml\/\",\"name\":\"Olejowa Moc Upi\u0119kszenia \u2022 Serum Wzmacniaj\u0105ce Slavia Cosmetics \u2022 30 ml\",\"isPartOf\":{\"@id\":\"https:\/\/dev1.jogapiekna.com\/#website\"},\"primaryImageOfPage\":{\"@id\":\"https:\/\/dev1.jogapiekna.com\/en\/product\/serum-wzmacniajace-slavia-cosmetics-30-ml\/#primaryimage\"},\"image\":{\"@id\":\"https:\/\/dev1.jogapiekna.com\/en\/product\/serum-wzmacniajace-slavia-cosmetics-30-ml\/#primaryimage\"},\"thumbnailUrl\":\"https:\/\/dev1.jogapiekna.com\/wp-content\/uploads\/2024\/02\/Serum-wzmacniajace-olejowe-slavia-nowe-opakowanie-1.jpg\",\"datePublished\":\"2024-02-28T10:10:55+00:00\",\"dateModified\":\"2026-03-11T13:18:10+00:00\",\"description\":\"Chcesz budzi\u0107 si\u0119 z g\u0142adk\u0105, promienn\u0105 cer\u0105? Szukasz jednego, wszechstronnego kosmetyku, kt\u00f3ry b\u0119dzie wspiera\u0142 Twoj\u0105 sk\u00f3r\u0119 na wielu obszarach jednocze\u015bnie? Poznaj wzmacniaj\u0105ce serum to produkt all-in. Bogaty w naturalne sk\u0142adniki od\u017cywcze i wysokiej jako\u015bci oleje ro\u015blinne skutecznie radzi sobie z oznakami starzenia, utrat\u0105 blasku i zwiotczeniem sk\u00f3ry. Dzia\u0142a natychmiastowo i d\u0142ugofalowo.\",\"breadcrumb\":{\"@id\":\"https:\/\/dev1.jogapiekna.com\/en\/product\/serum-wzmacniajace-slavia-cosmetics-30-ml\/#breadcrumb\"},\"inLanguage\":\"en-GB\",\"potentialAction\":[{\"@type\":\"ReadAction\",\"target\":[\"https:\/\/dev1.jogapiekna.com\/en\/product\/serum-wzmacniajace-slavia-cosmetics-30-ml\/\"]}]},{\"@type\":\"ImageObject\",\"inLanguage\":\"en-GB\",\"@id\":\"https:\/\/dev1.jogapiekna.com\/en\/product\/serum-wzmacniajace-slavia-cosmetics-30-ml\/#primaryimage\",\"url\":\"https:\/\/dev1.jogapiekna.com\/wp-content\/uploads\/2024\/02\/Serum-wzmacniajace-olejowe-slavia-nowe-opakowanie-1.jpg\",\"contentUrl\":\"https:\/\/dev1.jogapiekna.com\/wp-content\/uploads\/2024\/02\/Serum-wzmacniajace-olejowe-slavia-nowe-opakowanie-1.jpg\",\"width\":1000,\"height\":1000,\"caption\":\"Olejowa Moc Upi\u0119kszenia \u2022 Serum Wzmacniajace Slavia Cosmetics \u2022 30 ml\"},{\"@type\":\"BreadcrumbList\",\"@id\":\"https:\/\/dev1.jogapiekna.com\/en\/product\/serum-wzmacniajace-slavia-cosmetics-30-ml\/#breadcrumb\",\"itemListElement\":[{\"@type\":\"ListItem\",\"position\":1,\"name\":\"Strona g\u0142\u00f3wna\",\"item\":\"https:\/\/dev1.jogapiekna.com\/\"},{\"@type\":\"ListItem\",\"position\":2,\"name\":\"Sklep\",\"item\":\"https:\/\/dev1.jogapiekna.com\/sklep\/\"},{\"@type\":\"ListItem\",\"position\":3,\"name\":\"Olejowa Moc Upi\u0119kszenia \u2022 Serum Wzmacniaj\u0105ce \u2022 Slavia Cosmetics \u2022 30 ml\"}]},{\"@type\":\"WebSite\",\"@id\":\"https:\/\/dev1.jogapiekna.com\/#website\",\"url\":\"https:\/\/dev1.jogapiekna.com\/\",\"name\":\"Joga Pi\u0119kna Marta Kuci\u0144ska\",\"description\":\"Joga Pi\u0119kna pomaga kobietom zachowa\u0107 urod\u0119, cofn\u0105\u0107 oznaki up\u0142ywaj\u0105cego czasu i zm\u0119czenia, odzyska\u0107 promienny wygl\u0105d, naturalny u\u015bmiech i popraw\u0119 w\u0142asnej samooceny.\",\"publisher\":{\"@id\":\"https:\/\/dev1.jogapiekna.com\/#organization\"},\"potentialAction\":[{\"@type\":\"SearchAction\",\"target\":{\"@type\":\"EntryPoint\",\"urlTemplate\":\"https:\/\/dev1.jogapiekna.com\/?s={search_term_string}\"},\"query-input\":{\"@type\":\"PropertyValueSpecification\",\"valueRequired\":true,\"valueName\":\"search_term_string\"}}],\"inLanguage\":\"en-GB\"},{\"@type\":\"Organization\",\"@id\":\"https:\/\/dev1.jogapiekna.com\/#organization\",\"name\":\"Joga Pi\u0119kna Marta Kuci\u0144ska\",\"url\":\"https:\/\/dev1.jogapiekna.com\/\",\"logo\":{\"@type\":\"ImageObject\",\"inLanguage\":\"en-GB\",\"@id\":\"https:\/\/dev1.jogapiekna.com\/#\/schema\/logo\/image\/\",\"url\":\"https:\/\/dev1.jogapiekna.com\/wp-content\/uploads\/2022\/09\/joga-piekna-logo_Rka.png\",\"contentUrl\":\"https:\/\/dev1.jogapiekna.com\/wp-content\/uploads\/2022\/09\/joga-piekna-logo_Rka.png\",\"width\":231,\"height\":124,\"caption\":\"Joga Pi\u0119kna Marta Kuci\u0144ska\"},\"image\":{\"@id\":\"https:\/\/dev1.jogapiekna.com\/#\/schema\/logo\/image\/\"},\"sameAs\":[\"https:\/\/www.facebook.com\/JogaPieknaCom\/\",\"https:\/\/www.instagram.com\/jogapieknacom\/\"]}]}<\/script>\n<!-- \/ Yoast SEO plugin. -->","yoast_head_json":{"title":"Oil Power of Beauty * Slavia Cosmetics Serum * 30 ml","description":"Chcesz budzi\u0107 si\u0119 z g\u0142adk\u0105, promienn\u0105 cer\u0105? Szukasz jednego, wszechstronnego kosmetyku, kt\u00f3ry b\u0119dzie wspiera\u0142 Twoj\u0105 sk\u00f3r\u0119 na wielu obszarach jednocze\u015bnie? Poznaj wzmacniaj\u0105ce serum to produkt all-in. Bogaty w naturalne sk\u0142adniki od\u017cywcze i wysokiej jako\u015bci oleje ro\u015blinne skutecznie radzi sobie z oznakami starzenia, utrat\u0105 blasku i zwiotczeniem sk\u00f3ry. Dzia\u0142a natychmiastowo i d\u0142ugofalowo.","robots":{"index":"index","follow":"follow","max-snippet":"max-snippet:-1","max-image-preview":"max-image-preview:large","max-video-preview":"max-video-preview:-1"},"canonical":"https:\/\/dev1.jogapiekna.com\/en\/product\/serum-wzmacniajace-slavia-cosmetics-30-ml\/","og_locale":"en_GB","og_type":"article","og_title":"Olejowa Moc Upi\u0119kszenia \u2022 Serum Wzmacniaj\u0105ce Slavia Cosmetics \u2022 30 ml","og_description":"Chcesz budzi\u0107 si\u0119 z g\u0142adk\u0105, promienn\u0105 cer\u0105? Szukasz jednego, wszechstronnego kosmetyku, kt\u00f3ry b\u0119dzie wspiera\u0142 Twoj\u0105 sk\u00f3r\u0119 na wielu obszarach jednocze\u015bnie? Poznaj wzmacniaj\u0105ce serum to produkt all-in. Bogaty w naturalne sk\u0142adniki od\u017cywcze i wysokiej jako\u015bci oleje ro\u015blinne skutecznie radzi sobie z oznakami starzenia, utrat\u0105 blasku i zwiotczeniem sk\u00f3ry. Dzia\u0142a natychmiastowo i d\u0142ugofalowo.","og_url":"https:\/\/dev1.jogapiekna.com\/en\/product\/serum-wzmacniajace-slavia-cosmetics-30-ml\/","og_site_name":"JOGA PI\u0118KNA | Joga Twarzy","article_publisher":"https:\/\/www.facebook.com\/JogaPieknaCom\/","article_modified_time":"2026-03-11T13:18:10+00:00","og_image":[{"width":1000,"height":1000,"url":"https:\/\/dev1.jogapiekna.com\/wp-content\/uploads\/2024\/02\/Serum-wzmacniajace-olejowe-slavia-nowe-opakowanie-1.jpg","type":"image\/jpeg"}],"twitter_card":"summary_large_image","twitter_misc":{"Estimated reading time":"6 minutes"},"schema":{"@context":"https:\/\/schema.org","@graph":[{"@type":"WebPage","@id":"https:\/\/dev1.jogapiekna.com\/en\/product\/serum-wzmacniajace-slavia-cosmetics-30-ml\/","url":"https:\/\/dev1.jogapiekna.com\/en\/product\/serum-wzmacniajace-slavia-cosmetics-30-ml\/","name":"Oil Power of Beauty * Slavia Cosmetics Serum * 30 ml","isPartOf":{"@id":"https:\/\/dev1.jogapiekna.com\/#website"},"primaryImageOfPage":{"@id":"https:\/\/dev1.jogapiekna.com\/en\/product\/serum-wzmacniajace-slavia-cosmetics-30-ml\/#primaryimage"},"image":{"@id":"https:\/\/dev1.jogapiekna.com\/en\/product\/serum-wzmacniajace-slavia-cosmetics-30-ml\/#primaryimage"},"thumbnailUrl":"https:\/\/dev1.jogapiekna.com\/wp-content\/uploads\/2024\/02\/Serum-wzmacniajace-olejowe-slavia-nowe-opakowanie-1.jpg","datePublished":"2024-02-28T10:10:55+00:00","dateModified":"2026-03-11T13:18:10+00:00","description":"Chcesz budzi\u0107 si\u0119 z g\u0142adk\u0105, promienn\u0105 cer\u0105? Szukasz jednego, wszechstronnego kosmetyku, kt\u00f3ry b\u0119dzie wspiera\u0142 Twoj\u0105 sk\u00f3r\u0119 na wielu obszarach jednocze\u015bnie? Poznaj wzmacniaj\u0105ce serum to produkt all-in. Bogaty w naturalne sk\u0142adniki od\u017cywcze i wysokiej jako\u015bci oleje ro\u015blinne skutecznie radzi sobie z oznakami starzenia, utrat\u0105 blasku i zwiotczeniem sk\u00f3ry. Dzia\u0142a natychmiastowo i d\u0142ugofalowo.","breadcrumb":{"@id":"https:\/\/dev1.jogapiekna.com\/en\/product\/serum-wzmacniajace-slavia-cosmetics-30-ml\/#breadcrumb"},"inLanguage":"en-GB","potentialAction":[{"@type":"ReadAction","target":["https:\/\/dev1.jogapiekna.com\/en\/product\/serum-wzmacniajace-slavia-cosmetics-30-ml\/"]}]},{"@type":"ImageObject","inLanguage":"en-GB","@id":"https:\/\/dev1.jogapiekna.com\/en\/product\/serum-wzmacniajace-slavia-cosmetics-30-ml\/#primaryimage","url":"https:\/\/dev1.jogapiekna.com\/wp-content\/uploads\/2024\/02\/Serum-wzmacniajace-olejowe-slavia-nowe-opakowanie-1.jpg","contentUrl":"https:\/\/dev1.jogapiekna.com\/wp-content\/uploads\/2024\/02\/Serum-wzmacniajace-olejowe-slavia-nowe-opakowanie-1.jpg","width":1000,"height":1000,"caption":"Olejowa Moc Upi\u0119kszenia \u2022 Serum Wzmacniajace Slavia Cosmetics \u2022 30 ml"},{"@type":"BreadcrumbList","@id":"https:\/\/dev1.jogapiekna.com\/en\/product\/serum-wzmacniajace-slavia-cosmetics-30-ml\/#breadcrumb","itemListElement":[{"@type":"ListItem","position":1,"name":"Strona g\u0142\u00f3wna","item":"https:\/\/dev1.jogapiekna.com\/"},{"@type":"ListItem","position":2,"name":"Sklep","item":"https:\/\/dev1.jogapiekna.com\/sklep\/"},{"@type":"ListItem","position":3,"name":"Olejowa Moc Upi\u0119kszenia \u2022 Serum Wzmacniaj\u0105ce \u2022 Slavia Cosmetics \u2022 30 ml"}]},{"@type":"WebSite","@id":"https:\/\/dev1.jogapiekna.com\/#website","url":"https:\/\/dev1.jogapiekna.com\/","name":"Yoga Beauty Marta Kuci\u0144ska","description":"Beauty Yoga helps women to maintain their beauty, reverse the signs of passing time and fatigue, regain a radiant appearance, natural smile and improve their self-esteem.","publisher":{"@id":"https:\/\/dev1.jogapiekna.com\/#organization"},"potentialAction":[{"@type":"SearchAction","target":{"@type":"EntryPoint","urlTemplate":"https:\/\/dev1.jogapiekna.com\/?s={search_term_string}"},"query-input":{"@type":"PropertyValueSpecification","valueRequired":true,"valueName":"search_term_string"}}],"inLanguage":"en-GB"},{"@type":"Organization","@id":"https:\/\/dev1.jogapiekna.com\/#organization","name":"Yoga Beauty Marta Kuci\u0144ska","url":"https:\/\/dev1.jogapiekna.com\/","logo":{"@type":"ImageObject","inLanguage":"en-GB","@id":"https:\/\/dev1.jogapiekna.com\/#\/schema\/logo\/image\/","url":"https:\/\/dev1.jogapiekna.com\/wp-content\/uploads\/2022\/09\/joga-piekna-logo_Rka.png","contentUrl":"https:\/\/dev1.jogapiekna.com\/wp-content\/uploads\/2022\/09\/joga-piekna-logo_Rka.png","width":231,"height":124,"caption":"Joga Pi\u0119kna Marta Kuci\u0144ska"},"image":{"@id":"https:\/\/dev1.jogapiekna.com\/#\/schema\/logo\/image\/"},"sameAs":["https:\/\/www.facebook.com\/JogaPieknaCom\/","https:\/\/www.instagram.com\/jogapieknacom\/"]}]}},"_links":{"self":[{"href":"https:\/\/dev1.jogapiekna.com\/en\/wp-json\/wp\/v2\/product\/159069","targetHints":{"allow":["GET"]}}],"collection":[{"href":"https:\/\/dev1.jogapiekna.com\/en\/wp-json\/wp\/v2\/product"}],"about":[{"href":"https:\/\/dev1.jogapiekna.com\/en\/wp-json\/wp\/v2\/types\/product"}],"replies":[{"embeddable":true,"href":"https:\/\/dev1.jogapiekna.com\/en\/wp-json\/wp\/v2\/comments?post=159069"}],"version-history":[{"count":9,"href":"https:\/\/dev1.jogapiekna.com\/en\/wp-json\/wp\/v2\/product\/159069\/revisions"}],"predecessor-version":[{"id":214514,"href":"https:\/\/dev1.jogapiekna.com\/en\/wp-json\/wp\/v2\/product\/159069\/revisions\/214514"}],"wp:featuredmedia":[{"embeddable":true,"href":"https:\/\/dev1.jogapiekna.com\/en\/wp-json\/wp\/v2\/media\/189762"}],"wp:attachment":[{"href":"https:\/\/dev1.jogapiekna.com\/en\/wp-json\/wp\/v2\/media?parent=159069"}],"wp:term":[{"taxonomy":"product_brand","embeddable":true,"href":"https:\/\/dev1.jogapiekna.com\/en\/wp-json\/wp\/v2\/product_brand?post=159069"},{"taxonomy":"product_cat","embeddable":true,"href":"https:\/\/dev1.jogapiekna.com\/en\/wp-json\/wp\/v2\/product_cat?post=159069"},{"taxonomy":"product_tag","embeddable":true,"href":"https:\/\/dev1.jogapiekna.com\/en\/wp-json\/wp\/v2\/product_tag?post=159069"}],"curies":[{"name":"wp","href":"https:\/\/api.w.org\/{rel}","templated":true}]}}