{"id":158337,"date":"2024-02-23T12:03:56","date_gmt":"2024-02-23T11:03:56","guid":{"rendered":"https:\/\/dev1.jogapiekna.com?post_type=product&#038;p=158337"},"modified":"2026-03-16T08:27:02","modified_gmt":"2026-03-16T07:27:02","slug":"dzienny-krem-nawilzajacy-ochorna-uv-50ml","status":"publish","type":"product","link":"https:\/\/dev1.jogapiekna.com\/en\/product\/dzienny-krem-nawilzajacy-ochorna-uv-50ml\/","title":{"rendered":"Slavia Cosmetics Daily Moisturising Cream - IR Protection - 50 ml \/\/ Expiry date 02.04.2026"},"content":{"rendered":"<p>&nbsp;<\/p>\n<h2>Day moisturizer protection from IR radiation<\/h2>\n<p>If you work at a computer or often use a smartphone, you will definitely protect your eyes. But are you taking the right care of your facial skin? In the end, it is also exposed to <strong>harmful effects of blue light from screens<\/strong>especially when you spend a lot of time with them.<\/p>\n<p>Reach out to <strong>day moisturizer protection from IR radiation<\/strong>. Thanks to it, you will take care of hydration and nutrition of the skin of the face, as well as provide it with protection from penetrating, harmful blue light. Are you afraid that such a protective barrier will be heavy and noticeable on the face? No need! Cream <strong>quickly absorbed<\/strong> and it has a lightweight formula that you&#039;ll appreciate for being comfortable to wear all day long.<\/p>\n<p>&nbsp;<\/p>\n<h2>Top Ingredients Daily Face Moisturizer with IR Protection<\/h2>\n<p>On the one hand, protection from the harmful effects of external factors, on the other-facial skin care and an excellent, light base for daily makeup. And all this is thanks to the connection <strong>only natural ingredients<\/strong>. Check the performance of the most important ones.<\/p>\n<p><strong>Blueberry Extract<\/strong> is natural <strong>blue light blocker<\/strong>. Thanks to its antioxidant properties, it effectively protects the skin from the negative effects of HEV radiation, which causes m.in. earthy, discolored or sagging skin. It is rich in vitamins A, B, C, E, PP, as well as micro-and macronutrients.<\/p>\n<p><strong>Arnota Seed Extract<\/strong> this is another ingredient that works wonders in protecting the skin from harmful external factors. Thanks to it, your skin will be <strong>resistant to contamination<\/strong>and therefore-it will be in better shape and restore a healthy glow.<\/p>\n<p><strong>Niacinamide<\/strong>Also known as vitamin B3, it not only evens out skin tone, but also regulates sebum production, providing <strong>matt finish<\/strong> and reducing the visibility of pores. Regular use of niacinamide cream will make your complexion more uniform and smooth.<\/p>\n<p><strong>Hyaluronic Acid<\/strong> this is the key to deep hydration. Attracts water like a magnet, <strong>maintaining hydration in the deeper layers of the skin<\/strong> and preventing its dehydration. This will keep your skin fresh, vital and extremely smooth.<\/p>\n<p><strong>Green Tea Leaf Extract<\/strong> It has an anti-inflammatory and soothing effect, bringing relief to skin exposed to negative external factors such as IR radiation. This <strong>powerful antioxidant<\/strong>which supports the fight against free radicals, providing skin protection and a youthful appearance.<\/p>\n<p>&nbsp;<\/p>\n<h2>Who is this cream for?<\/h2>\n<ul>\n<li>Suitable for all skin types, especially for <strong>problematic complexion<\/strong> it is prone to imperfections.<\/li>\n<li>For people with combination and oily skin who are looking for a cream that provides <strong>light matte finish<\/strong> and improves the appearance of daily makeup.<\/li>\n<li>For people who are exposed to IR and blue light on a daily basis, and who need to be treated in a safe environment. <strong>specialized skin protection<\/strong>.<\/li>\n<li>For those who are looking for a product for intensive hydration and nutrition.<\/li>\n<li>For those who want to slow down the aging process and protect the skin from negative external factors.<\/li>\n<li>For those who want to secure their skin <strong>comprehensive care throughout the day<\/strong>It combines protection, hydration and antioxidant action.<\/li>\n<\/ul>\n<p>&nbsp;<\/p>\n<h3>Actions, that is, what effects will you notice when regularly applying a cream that protects against IR radiation<\/h3>\n<ul>\n<li>Intensive hydration and nutrition of the skin. Your face will be radiant and alive.<\/li>\n<li>The complexion will become soft and smooth to the touch, thanks to deep softening and smoothing.<\/li>\n<li>You&#039;ll notice <strong>increased firmness and elasticity<\/strong> skin, which will contribute to a more youthful and healthy appearance.<\/li>\n<li>Narrowing of the pores and <strong>limiting the overproduction of sebum<\/strong>this will improve the condition of the skin, especially oily and combination ones.<\/li>\n<li>You will see an improvement in skin tone, which will become smoother and fresher.<\/li>\n<li><strong>Relieving inflammation<\/strong> - you will feel relief and comfort, especially for sensitive and problematic skin.<\/li>\n<\/ul>\n<p>Hardware studies comparing the effects after 2 weeks of using a light day face cream showed m.in. maximum hydration increase of up to 49% and max <strong>reduce acne by up to 43%<\/strong>.<\/p>\n<p>&nbsp;<\/p>\n<h3>Why do I trust the brand Salvia Cosmetics?<\/h3>\n<p>I really like that the Salvia Cosmetics brand is backed by people with a passion for nature. These are vegan cosmetics created with full confidence in their quality. <strong>positive effects on the skin and the environment<\/strong>, without animal testing and with respect for the environment.<\/p>\n<p>Salvia Cosmetics products also feature carefully formulated active ingredients that fight the signs of aging and help keep your skin healthy and radiant.<\/p>\n<p>I know that this is a brand that creates its products with people like me. On the one hand, its creators care about our planet, and on the other hand, they want to consciously and ethically use the power that natural ingredients give. I believe that at the moment this is one of the best beauty options on our market, and I am happy to share it with you.<\/p>\n<p>&nbsp;<\/p>\n<h3>Product composition<\/h3>\n<p><em>Aqua, Decyl Cocoate, Propanediol, Polyglyceryl-3 Dictritate\/Stearate, Argania Spinosa Kernel Oil, Glyceryl Stearate, Simmondsia Chinensis (Jojoba) Seed Oil, Xylitylglucoside, Cetearyl Olivate, Glycerin, Anhydroxylitol, Cetearyl Alcohol, Niacinamide, Sorbitan Olivate, Sodium Hyaluronate, Prunus Avium Fruit Juice, Vaccinium Vitis-Idaes Fruit Extract, Anogeissus Leiocarpa Bark Extract, Camellia Sinensis Leaf Extract, Bixa Orellana Seed Extract, Xylitol, Maltodextrin, Glucose, Gluconolactone, Calcium Gluconate, Sodium Lactate, Helianthus Annuus (Sunflower) Seed Oil, Tocopherol, Cellulose, Xanthan Gum, Citric Acid, Sodium Benzoate, Potassium Sorbate, Benzyl Alcohol, Dehydroacetic Acid, Parfum, Citronellol, Hexyl Cinnamal, Hydroxycitronellal, Limonene, Linalool<\/em><\/p>\n<p>&nbsp;<\/p>\n<h3>How to apply the cream? \u2013 installation<\/h3>\n<p>Before applying your daily moisturizer, take care to properly prepare your skin.<\/p>\n<ul>\n<li>Start with <strong>thorough cleaning<\/strong> clean your face to remove any debris and allow the active ingredients to penetrate deeper. To properly prepare the skin for the action of the cream, you can use <a href=\"https:\/\/dev1.jogapiekna.comprodukt\/zel-nawilzajacy-do-mycia-twarzy-150ml\/\">moisturizing gel cleanser with gluconolactone 4% from Slavia Cosmetics<\/a>.<\/li>\n<li>After cleansing, gently dry your skin and apply a toner that will restore it to its proper pH.<\/li>\n<li>Then apply a small amount of the cream to the skin, spreading it evenly over the face and neck, avoiding the delicate eye area.<\/li>\n<li>The cream is intended for <strong>day care<\/strong>. Perfect as a light mattifying base for makeup.<\/li>\n<\/ul>\n<p>After completing the app, you can apply <strong>gentle facial massage<\/strong>which stimulates microcirculation and enhances the effect of the cream.<\/p>\n<p>Look <a href=\"https:\/\/www.youtube.com\/watch?v=g5bKiy08uW8\">short video about a quick facial massage<\/a>. Find out how quickly you can integrate massage techniques into your daily care routine. <strong>A minute is enough<\/strong>to maximize the potential of the cream you apply!<\/p>\n<p>Regular use of the cream in combination with massage will not only increase its effectiveness, but also provide a moment of relaxation and relaxation, and this is an additional advantage of your daily care.<\/p>","protected":false},"excerpt":{"rendered":"<p>Do you spend a lot of time in front of your computer or smartphone screen? If this is the case, your facial skin is exposed to harmful radiation from screens and needs special protection. He would provide for her <strong>light day moisturizer to protect you from IR and blue light<\/strong>. In addition to being a protective shield for your face, it hydrates and nourishes it throughout the day. It is ultra light and <strong>practically invulnerable<\/strong> on the skin.<\/p>\n<ul>\n<li>Cream that protects the skin from IR radiation and blue light from screens<\/li>\n<li>It is quickly absorbed, moisturizes and slightly mattifies.<\/li>\n<li>Aroma: fresh, green tea notes<\/li>\n<li>Capacity: 50ml<\/li>\n<li>Usage: per day<\/li>\n<\/ul>\n<p><strong>NOTE!!!! EXPIRY DATE 02\/04\/2026 !!!!!<\/strong><\/p>","protected":false},"featured_media":193588,"comment_status":"closed","ping_status":"closed","template":"","meta":{"_acf_changed":false,"site-sidebar-layout":"default","site-content-layout":"","ast-site-content-layout":"default","site-content-style":"default","site-sidebar-style":"default","ast-global-header-display":"","ast-banner-title-visibility":"","ast-main-header-display":"","ast-hfb-above-header-display":"","ast-hfb-below-header-display":"","ast-hfb-mobile-header-display":"","site-post-title":"","ast-breadcrumbs-content":"","ast-featured-img":"","footer-sml-layout":"","ast-disable-related-posts":"","theme-transparent-header-meta":"default","adv-header-id-meta":"","stick-header-meta":"","header-above-stick-meta":"","header-main-stick-meta":"","header-below-stick-meta":"","astra-migrate-meta-layouts":"set","ast-page-background-enabled":"default","ast-page-background-meta":{"desktop":{"background-color":"var(--ast-global-color-5)","background-image":"","background-repeat":"repeat","background-position":"center center","background-size":"auto","background-attachment":"scroll","background-type":"","background-media":"","overlay-type":"","overlay-color":"","overlay-opacity":"","overlay-gradient":""},"tablet":{"background-color":"","background-image":"","background-repeat":"repeat","background-position":"center center","background-size":"auto","background-attachment":"scroll","background-type":"","background-media":"","overlay-type":"","overlay-color":"","overlay-opacity":"","overlay-gradient":""},"mobile":{"background-color":"","background-image":"","background-repeat":"repeat","background-position":"center center","background-size":"auto","background-attachment":"scroll","background-type":"","background-media":"","overlay-type":"","overlay-color":"","overlay-opacity":"","overlay-gradient":""}},"ast-content-background-meta":{"desktop":{"background-color":"var(--ast-global-color-4)","background-image":"","background-repeat":"repeat","background-position":"center center","background-size":"auto","background-attachment":"scroll","background-type":"","background-media":"","overlay-type":"","overlay-color":"","overlay-opacity":"","overlay-gradient":""},"tablet":{"background-color":"var(--ast-global-color-4)","background-image":"","background-repeat":"repeat","background-position":"center center","background-size":"auto","background-attachment":"scroll","background-type":"","background-media":"","overlay-type":"","overlay-color":"","overlay-opacity":"","overlay-gradient":""},"mobile":{"background-color":"var(--ast-global-color-4)","background-image":"","background-repeat":"repeat","background-position":"center center","background-size":"auto","background-attachment":"scroll","background-type":"","background-media":"","overlay-type":"","overlay-color":"","overlay-opacity":"","overlay-gradient":""}}},"product_brand":[],"product_cat":[331,625],"product_tag":[],"class_list":{"0":"post-158337","1":"product","2":"type-product","3":"status-publish","4":"has-post-thumbnail","6":"product_cat-kosmetyki","7":"product_cat-promocje","8":"desktop-align-left","9":"tablet-align-left","10":"mobile-align-left","12":"first","13":"instock","14":"sale","15":"taxable","16":"shipping-taxable","17":"purchasable","18":"product-type-simple"},"acf":[],"yoast_head":"<!-- This site is optimized with the Yoast SEO plugin v27.1.1 - https:\/\/yoast.com\/product\/yoast-seo-wordpress\/ -->\n<title>Dzienny Krem Nawil\u017caj\u0105cy Slavia Cosmetics \u2022 Ochron\u0105 Przed Promieniowaniem IR \u2022 50 ml<\/title>\n<meta name=\"robots\" content=\"index, follow, max-snippet:-1, max-image-preview:large, max-video-preview:-1\" \/>\n<link rel=\"canonical\" href=\"https:\/\/dev1.jogapiekna.com\/en\/product\/dzienny-krem-nawilzajacy-ochorna-uv-50ml\/\" \/>\n<meta property=\"og:locale\" content=\"en_GB\" \/>\n<meta property=\"og:type\" content=\"article\" \/>\n<meta property=\"og:title\" content=\"Dzienny Krem Nawil\u017caj\u0105cy Slavia Cosmetics \u2022 Ochron\u0105 Przed Promieniowaniem IR \u2022 50 ml\" \/>\n<meta property=\"og:description\" content=\"Sp\u0119dzasz du\u017co czasu przed ekranem komputera lub smartfona? Je\u015bli tak, Twoja sk\u00f3ra twarzy jest nara\u017cona na szkodliwy wp\u0142yw promieniowania ekran\u00f3w i potrzebuje specjalistycznej ochrony. Zapewni j\u0105 lekki dzienny krem nawil\u017caj\u0105cy chroni\u0105cy przed promieniowaniem IR i niebieskim \u015bwiat\u0142em. Poza tym, \u017ce stanowi tarcz\u0119 ochronn\u0105 dla Twojej cery, nawil\u017ca j\u0105 i piel\u0119gnuje przez ca\u0142y dzie\u0144. Jest ultra lekki i praktycznie nieodczuwalny na sk\u00f3rze.   Krem, kt\u00f3ry chroni sk\u00f3r\u0119 przed promieniowaniem IR i niebieskim \u015bwiat\u0142em ekran\u00f3w  Szybko si\u0119 wch\u0142ania, nawil\u017ca i lekko matuje  Zapach: \u015bwie\u017cy, nuty zielonej herbaty  Pojemno\u015b\u0107: 50 ml  Stosowanie: na dzie\u0144  UWAGA!!!! TERMIN WA\u017bNO\u015aCI\u00a0 02\/04\/2026 !!!!!\" \/>\n<meta property=\"og:url\" content=\"https:\/\/dev1.jogapiekna.com\/en\/product\/dzienny-krem-nawilzajacy-ochorna-uv-50ml\/\" \/>\n<meta property=\"og:site_name\" content=\"JOGA PI\u0118KNA | Joga Twarzy\" \/>\n<meta property=\"article:publisher\" content=\"https:\/\/www.facebook.com\/JogaPieknaCom\/\" \/>\n<meta property=\"article:modified_time\" content=\"2026-03-16T07:27:02+00:00\" \/>\n<meta property=\"og:image\" content=\"https:\/\/dev1.jogapiekna.com\/wp-content\/uploads\/2024\/02\/Lekki-krem-do-twarzy-50-ml-slavia-nowe-opakowanie.jpg\" \/>\n\t<meta property=\"og:image:width\" content=\"1000\" \/>\n\t<meta property=\"og:image:height\" content=\"1000\" \/>\n\t<meta property=\"og:image:type\" content=\"image\/jpeg\" \/>\n<meta name=\"twitter:card\" content=\"summary_large_image\" \/>\n<meta name=\"twitter:label1\" content=\"Estimated reading time\" \/>\n\t<meta name=\"twitter:data1\" content=\"6 minutes\" \/>\n<script type=\"application\/ld+json\" class=\"yoast-schema-graph\">{\"@context\":\"https:\/\/schema.org\",\"@graph\":[{\"@type\":\"WebPage\",\"@id\":\"https:\/\/dev1.jogapiekna.com\/produkt\/dzienny-krem-nawilzajacy-ochorna-uv-50ml\/\",\"url\":\"https:\/\/dev1.jogapiekna.com\/produkt\/dzienny-krem-nawilzajacy-ochorna-uv-50ml\/\",\"name\":\"Dzienny Krem Nawil\u017caj\u0105cy Slavia Cosmetics \u2022 Ochron\u0105 Przed Promieniowaniem IR \u2022 50 ml\",\"isPartOf\":{\"@id\":\"https:\/\/dev1.jogapiekna.com\/#website\"},\"primaryImageOfPage\":{\"@id\":\"https:\/\/dev1.jogapiekna.com\/produkt\/dzienny-krem-nawilzajacy-ochorna-uv-50ml\/#primaryimage\"},\"image\":{\"@id\":\"https:\/\/dev1.jogapiekna.com\/produkt\/dzienny-krem-nawilzajacy-ochorna-uv-50ml\/#primaryimage\"},\"thumbnailUrl\":\"https:\/\/dev1.jogapiekna.com\/wp-content\/uploads\/2024\/02\/Lekki-krem-do-twarzy-50-ml-slavia-nowe-opakowanie.jpg\",\"datePublished\":\"2024-02-23T11:03:56+00:00\",\"dateModified\":\"2026-03-16T07:27:02+00:00\",\"breadcrumb\":{\"@id\":\"https:\/\/dev1.jogapiekna.com\/produkt\/dzienny-krem-nawilzajacy-ochorna-uv-50ml\/#breadcrumb\"},\"inLanguage\":\"en-GB\",\"potentialAction\":[{\"@type\":\"ReadAction\",\"target\":[\"https:\/\/dev1.jogapiekna.com\/produkt\/dzienny-krem-nawilzajacy-ochorna-uv-50ml\/\"]}]},{\"@type\":\"ImageObject\",\"inLanguage\":\"en-GB\",\"@id\":\"https:\/\/dev1.jogapiekna.com\/produkt\/dzienny-krem-nawilzajacy-ochorna-uv-50ml\/#primaryimage\",\"url\":\"https:\/\/dev1.jogapiekna.com\/wp-content\/uploads\/2024\/02\/Lekki-krem-do-twarzy-50-ml-slavia-nowe-opakowanie.jpg\",\"contentUrl\":\"https:\/\/dev1.jogapiekna.com\/wp-content\/uploads\/2024\/02\/Lekki-krem-do-twarzy-50-ml-slavia-nowe-opakowanie.jpg\",\"width\":1000,\"height\":1000,\"caption\":\"Dzienny Krem Nawil\u017caj\u0105cy Slavia Cosmetics \u2022 Ochron\u0105 Przed Promieniowaniem IR \u2022 50 ml\"},{\"@type\":\"BreadcrumbList\",\"@id\":\"https:\/\/dev1.jogapiekna.com\/produkt\/dzienny-krem-nawilzajacy-ochorna-uv-50ml\/#breadcrumb\",\"itemListElement\":[{\"@type\":\"ListItem\",\"position\":1,\"name\":\"Strona g\u0142\u00f3wna\",\"item\":\"https:\/\/dev1.jogapiekna.com\/\"},{\"@type\":\"ListItem\",\"position\":2,\"name\":\"Sklep\",\"item\":\"https:\/\/dev1.jogapiekna.com\/sklep\/\"},{\"@type\":\"ListItem\",\"position\":3,\"name\":\"Dzienny Krem Nawil\u017caj\u0105cy Slavia Cosmetics \u2022 Ochrona Przed Promieniowaniem IR \u2022 50 ml \/\/ Termin do 02.04.2026\"}]},{\"@type\":\"WebSite\",\"@id\":\"https:\/\/dev1.jogapiekna.com\/#website\",\"url\":\"https:\/\/dev1.jogapiekna.com\/\",\"name\":\"Joga Pi\u0119kna Marta Kuci\u0144ska\",\"description\":\"Joga Pi\u0119kna pomaga kobietom zachowa\u0107 urod\u0119, cofn\u0105\u0107 oznaki up\u0142ywaj\u0105cego czasu i zm\u0119czenia, odzyska\u0107 promienny wygl\u0105d, naturalny u\u015bmiech i popraw\u0119 w\u0142asnej samooceny.\",\"publisher\":{\"@id\":\"https:\/\/dev1.jogapiekna.com\/#organization\"},\"potentialAction\":[{\"@type\":\"SearchAction\",\"target\":{\"@type\":\"EntryPoint\",\"urlTemplate\":\"https:\/\/dev1.jogapiekna.com\/?s={search_term_string}\"},\"query-input\":{\"@type\":\"PropertyValueSpecification\",\"valueRequired\":true,\"valueName\":\"search_term_string\"}}],\"inLanguage\":\"en-GB\"},{\"@type\":\"Organization\",\"@id\":\"https:\/\/dev1.jogapiekna.com\/#organization\",\"name\":\"Joga Pi\u0119kna Marta Kuci\u0144ska\",\"url\":\"https:\/\/dev1.jogapiekna.com\/\",\"logo\":{\"@type\":\"ImageObject\",\"inLanguage\":\"en-GB\",\"@id\":\"https:\/\/dev1.jogapiekna.com\/#\/schema\/logo\/image\/\",\"url\":\"https:\/\/dev1.jogapiekna.com\/wp-content\/uploads\/2022\/09\/joga-piekna-logo_Rka.png\",\"contentUrl\":\"https:\/\/dev1.jogapiekna.com\/wp-content\/uploads\/2022\/09\/joga-piekna-logo_Rka.png\",\"width\":231,\"height\":124,\"caption\":\"Joga Pi\u0119kna Marta Kuci\u0144ska\"},\"image\":{\"@id\":\"https:\/\/dev1.jogapiekna.com\/#\/schema\/logo\/image\/\"},\"sameAs\":[\"https:\/\/www.facebook.com\/JogaPieknaCom\/\",\"https:\/\/www.instagram.com\/jogapieknacom\/\"]}]}<\/script>\n<!-- \/ Yoast SEO plugin. -->","yoast_head_json":{"title":"Dzienny Krem Nawil\u017caj\u0105cy Slavia Cosmetics \u2022 Ochron\u0105 Przed Promieniowaniem IR \u2022 50 ml","robots":{"index":"index","follow":"follow","max-snippet":"max-snippet:-1","max-image-preview":"max-image-preview:large","max-video-preview":"max-video-preview:-1"},"canonical":"https:\/\/dev1.jogapiekna.com\/en\/product\/dzienny-krem-nawilzajacy-ochorna-uv-50ml\/","og_locale":"en_GB","og_type":"article","og_title":"Dzienny Krem Nawil\u017caj\u0105cy Slavia Cosmetics \u2022 Ochron\u0105 Przed Promieniowaniem IR \u2022 50 ml","og_description":"Sp\u0119dzasz du\u017co czasu przed ekranem komputera lub smartfona? Je\u015bli tak, Twoja sk\u00f3ra twarzy jest nara\u017cona na szkodliwy wp\u0142yw promieniowania ekran\u00f3w i potrzebuje specjalistycznej ochrony. Zapewni j\u0105 lekki dzienny krem nawil\u017caj\u0105cy chroni\u0105cy przed promieniowaniem IR i niebieskim \u015bwiat\u0142em. Poza tym, \u017ce stanowi tarcz\u0119 ochronn\u0105 dla Twojej cery, nawil\u017ca j\u0105 i piel\u0119gnuje przez ca\u0142y dzie\u0144. Jest ultra lekki i praktycznie nieodczuwalny na sk\u00f3rze.   Krem, kt\u00f3ry chroni sk\u00f3r\u0119 przed promieniowaniem IR i niebieskim \u015bwiat\u0142em ekran\u00f3w  Szybko si\u0119 wch\u0142ania, nawil\u017ca i lekko matuje  Zapach: \u015bwie\u017cy, nuty zielonej herbaty  Pojemno\u015b\u0107: 50 ml  Stosowanie: na dzie\u0144  UWAGA!!!! TERMIN WA\u017bNO\u015aCI\u00a0 02\/04\/2026 !!!!!","og_url":"https:\/\/dev1.jogapiekna.com\/en\/product\/dzienny-krem-nawilzajacy-ochorna-uv-50ml\/","og_site_name":"JOGA PI\u0118KNA | Joga Twarzy","article_publisher":"https:\/\/www.facebook.com\/JogaPieknaCom\/","article_modified_time":"2026-03-16T07:27:02+00:00","og_image":[{"width":1000,"height":1000,"url":"https:\/\/dev1.jogapiekna.com\/wp-content\/uploads\/2024\/02\/Lekki-krem-do-twarzy-50-ml-slavia-nowe-opakowanie.jpg","type":"image\/jpeg"}],"twitter_card":"summary_large_image","twitter_misc":{"Estimated reading time":"6 minutes"},"schema":{"@context":"https:\/\/schema.org","@graph":[{"@type":"WebPage","@id":"https:\/\/dev1.jogapiekna.com\/produkt\/dzienny-krem-nawilzajacy-ochorna-uv-50ml\/","url":"https:\/\/dev1.jogapiekna.com\/produkt\/dzienny-krem-nawilzajacy-ochorna-uv-50ml\/","name":"Dzienny Krem Nawil\u017caj\u0105cy Slavia Cosmetics \u2022 Ochron\u0105 Przed Promieniowaniem IR \u2022 50 ml","isPartOf":{"@id":"https:\/\/dev1.jogapiekna.com\/#website"},"primaryImageOfPage":{"@id":"https:\/\/dev1.jogapiekna.com\/produkt\/dzienny-krem-nawilzajacy-ochorna-uv-50ml\/#primaryimage"},"image":{"@id":"https:\/\/dev1.jogapiekna.com\/produkt\/dzienny-krem-nawilzajacy-ochorna-uv-50ml\/#primaryimage"},"thumbnailUrl":"https:\/\/dev1.jogapiekna.com\/wp-content\/uploads\/2024\/02\/Lekki-krem-do-twarzy-50-ml-slavia-nowe-opakowanie.jpg","datePublished":"2024-02-23T11:03:56+00:00","dateModified":"2026-03-16T07:27:02+00:00","breadcrumb":{"@id":"https:\/\/dev1.jogapiekna.com\/produkt\/dzienny-krem-nawilzajacy-ochorna-uv-50ml\/#breadcrumb"},"inLanguage":"en-GB","potentialAction":[{"@type":"ReadAction","target":["https:\/\/dev1.jogapiekna.com\/produkt\/dzienny-krem-nawilzajacy-ochorna-uv-50ml\/"]}]},{"@type":"ImageObject","inLanguage":"en-GB","@id":"https:\/\/dev1.jogapiekna.com\/produkt\/dzienny-krem-nawilzajacy-ochorna-uv-50ml\/#primaryimage","url":"https:\/\/dev1.jogapiekna.com\/wp-content\/uploads\/2024\/02\/Lekki-krem-do-twarzy-50-ml-slavia-nowe-opakowanie.jpg","contentUrl":"https:\/\/dev1.jogapiekna.com\/wp-content\/uploads\/2024\/02\/Lekki-krem-do-twarzy-50-ml-slavia-nowe-opakowanie.jpg","width":1000,"height":1000,"caption":"Dzienny Krem Nawil\u017caj\u0105cy Slavia Cosmetics \u2022 Ochron\u0105 Przed Promieniowaniem IR \u2022 50 ml"},{"@type":"BreadcrumbList","@id":"https:\/\/dev1.jogapiekna.com\/produkt\/dzienny-krem-nawilzajacy-ochorna-uv-50ml\/#breadcrumb","itemListElement":[{"@type":"ListItem","position":1,"name":"Strona g\u0142\u00f3wna","item":"https:\/\/dev1.jogapiekna.com\/"},{"@type":"ListItem","position":2,"name":"Sklep","item":"https:\/\/dev1.jogapiekna.com\/sklep\/"},{"@type":"ListItem","position":3,"name":"Dzienny Krem Nawil\u017caj\u0105cy Slavia Cosmetics \u2022 Ochrona Przed Promieniowaniem IR \u2022 50 ml \/\/ Termin do 02.04.2026"}]},{"@type":"WebSite","@id":"https:\/\/dev1.jogapiekna.com\/#website","url":"https:\/\/dev1.jogapiekna.com\/","name":"Yoga Beauty Marta Kuci\u0144ska","description":"Beauty Yoga helps women to maintain their beauty, reverse the signs of passing time and fatigue, regain a radiant appearance, natural smile and improve their self-esteem.","publisher":{"@id":"https:\/\/dev1.jogapiekna.com\/#organization"},"potentialAction":[{"@type":"SearchAction","target":{"@type":"EntryPoint","urlTemplate":"https:\/\/dev1.jogapiekna.com\/?s={search_term_string}"},"query-input":{"@type":"PropertyValueSpecification","valueRequired":true,"valueName":"search_term_string"}}],"inLanguage":"en-GB"},{"@type":"Organization","@id":"https:\/\/dev1.jogapiekna.com\/#organization","name":"Yoga Beauty Marta Kuci\u0144ska","url":"https:\/\/dev1.jogapiekna.com\/","logo":{"@type":"ImageObject","inLanguage":"en-GB","@id":"https:\/\/dev1.jogapiekna.com\/#\/schema\/logo\/image\/","url":"https:\/\/dev1.jogapiekna.com\/wp-content\/uploads\/2022\/09\/joga-piekna-logo_Rka.png","contentUrl":"https:\/\/dev1.jogapiekna.com\/wp-content\/uploads\/2022\/09\/joga-piekna-logo_Rka.png","width":231,"height":124,"caption":"Joga Pi\u0119kna Marta Kuci\u0144ska"},"image":{"@id":"https:\/\/dev1.jogapiekna.com\/#\/schema\/logo\/image\/"},"sameAs":["https:\/\/www.facebook.com\/JogaPieknaCom\/","https:\/\/www.instagram.com\/jogapieknacom\/"]}]}},"_links":{"self":[{"href":"https:\/\/dev1.jogapiekna.com\/en\/wp-json\/wp\/v2\/product\/158337","targetHints":{"allow":["GET"]}}],"collection":[{"href":"https:\/\/dev1.jogapiekna.com\/en\/wp-json\/wp\/v2\/product"}],"about":[{"href":"https:\/\/dev1.jogapiekna.com\/en\/wp-json\/wp\/v2\/types\/product"}],"replies":[{"embeddable":true,"href":"https:\/\/dev1.jogapiekna.com\/en\/wp-json\/wp\/v2\/comments?post=158337"}],"version-history":[{"count":4,"href":"https:\/\/dev1.jogapiekna.com\/en\/wp-json\/wp\/v2\/product\/158337\/revisions"}],"predecessor-version":[{"id":215126,"href":"https:\/\/dev1.jogapiekna.com\/en\/wp-json\/wp\/v2\/product\/158337\/revisions\/215126"}],"wp:featuredmedia":[{"embeddable":true,"href":"https:\/\/dev1.jogapiekna.com\/en\/wp-json\/wp\/v2\/media\/193588"}],"wp:attachment":[{"href":"https:\/\/dev1.jogapiekna.com\/en\/wp-json\/wp\/v2\/media?parent=158337"}],"wp:term":[{"taxonomy":"product_brand","embeddable":true,"href":"https:\/\/dev1.jogapiekna.com\/en\/wp-json\/wp\/v2\/product_brand?post=158337"},{"taxonomy":"product_cat","embeddable":true,"href":"https:\/\/dev1.jogapiekna.com\/en\/wp-json\/wp\/v2\/product_cat?post=158337"},{"taxonomy":"product_tag","embeddable":true,"href":"https:\/\/dev1.jogapiekna.com\/en\/wp-json\/wp\/v2\/product_tag?post=158337"}],"curies":[{"name":"wp","href":"https:\/\/api.w.org\/{rel}","templated":true}]}}