{"id":158297,"date":"2024-02-23T08:58:50","date_gmt":"2024-02-23T07:58:50","guid":{"rendered":"https:\/\/dev1.jogapiekna.com?post_type=product&#038;p=158297"},"modified":"2026-03-11T14:13:03","modified_gmt":"2026-03-11T13:13:03","slug":"ceramidowa-moc-nawilzenia-krem-do-twarzy-50ml","status":"publish","type":"product","link":"https:\/\/dev1.jogapiekna.com\/en\/product\/ceramidowa-moc-nawilzenia-krem-do-twarzy-50ml\/","title":{"rendered":"Ceramide moisturizing power * face cream recovery and regeneration Slavia Cosmetics * 50 ml"},"content":{"rendered":"<h2>Ceramide Face Cream-recovery and regeneration<\/h2>\n<p>Every day, your facial skin is exposed to many different problems. Wind, UV radiation, exposure to low temperatures, and pollution \u2014 even for one day, you can experience each of these factors. How to protect your complexion from them? Are there any cosmetics that can handle both <strong>skin care and regeneration?<\/strong> You don&#039;t need to search for it anymore!<\/p>\n<p><strong>Ceramide Face Cream <\/strong>intensely moisturizes and regenerates the skin. It has a calming effect, so it accelerates the healing of minor irritations. It supplements the skin structure with natural lipids, which protect it from harmful external factors and help maintain a healthy and youthful appearance.<\/p>\n<p>&nbsp;<\/p>\n<h2>Main Ingredients of Ceramide Face Cream<\/h2>\n<p>What is the secret of the complex protective shield of ceramide face cream? First of all, in vegan ingredients that <strong>restores the natural lipid barrier<\/strong>. The formula of the cream prevents excessive evaporation of water from the epidermis, and your skin retains elasticity and firmness.<\/p>\n<p><strong>Vegan Ceramides<\/strong> these are natural lipids that are responsible for strengthening the skin&#039;s protective barrier. <strong>Prevent moisture loss<\/strong> and protect against harmful external factors. Regular use of ceramide cream will make your skin more hydrated, more elastic and less prone to irritation.<\/p>\n<p><strong>Squalane<\/strong>Extracted from olives, it acts as an emollient that perfectly moisturizes the skin, making it easier to get rid of sun damage. <strong>soft and smooth<\/strong> without feeling greasy or heavy. Thanks to it, your face will look healthy and radiant.<\/p>\n<p><strong>Trehalose<\/strong> (natural double sugar) helps the skin retain moisture, providing deep, long-lasting and adequate hydration of the epidermis. After applying the cream with trehalose, you will notice that your skin <strong>deeply hydrated<\/strong>. It will look fresh and full of vitality.<\/p>\n<p><strong>Asian Narrowleaf Extract<\/strong>Also known as cica, it is prized for its soothing and regenerating properties. Supports skin repair processes and supports its immunity, <strong>accelerates wound healing processes<\/strong> and reduces redness. It will soothe and soothe your skin while soothing irritation.<\/p>\n<p><strong>Burdock Root Extract<\/strong> Known for its anti-inflammatory, seborrheic, antioxidant, and antifungal properties, it helps fight free radicals and keeps the skin looking healthy. <strong>reduce redness and inflammation<\/strong>. Restores an even skin tone, minimizes signs of irritation.<\/p>\n<p><strong>Fig Extract<\/strong> It is rich in vitamins and minerals that nourish the skin, giving it a healthy and radiant appearance. Figs also have firming and moisturizing properties that help retain water in the skin cells, making it soft and supple. Cream with fig extract will help your skin maintain its natural appearance. <strong>young radiance<\/strong>, <strong>reduces the appearance of wrinkles<\/strong> and it will provide intense hydration felt throughout the day.<\/p>\n<p>&nbsp;<\/p>\n<h2>Who is this cream for?<\/h2>\n<ul>\n<li><strong>Suitable for all skin types<\/strong> - provides comprehensive care tailored to different skin needs.<\/li>\n<li>Especially for people with complexion <strong>dry<\/strong>, <strong>mature women<\/strong> and with the first signs of aging.<\/li>\n<li>For those looking for relief and reduction of inflammation and redness.<\/li>\n<li>For skin that requires regeneration and <strong>it is subject to the negative influence of external factors<\/strong> harmful effects of free radicals.<\/li>\n<\/ul>\n<p>&nbsp;<\/p>\n<h2>Action, that is, what effects will you notice with regular use of the cream with ceramides<\/h2>\n<ul>\n<li>Your skin will be <strong>intensely hydrated, nourished and regenerated<\/strong>.<\/li>\n<li>You will restore the natural hydrolipidic barrier, which will increase the skin&#039;s resistance to external factors.<\/li>\n<li>The complexion will gain firmness and elasticity.<\/li>\n<li>You will notice smoothing out existing wrinkles and slowing down the formation of new ones.<\/li>\n<li>Cream <strong>it will bring comfort<\/strong> and this will remove the irritation.<\/li>\n<li>It will even out the complexion of your face, making it healthier and more radiant.<\/li>\n<li>This will improve the overall condition and appearance of your facial skin.<\/li>\n<\/ul>\n<p>Clinical studies have shown that a regularly applied cream with ceramides enhances the protective barrier and <strong>increases the level of hydration<\/strong> skin of the face. In addition, it relieves irritation, inflammation and <strong>reduces wrinkles<\/strong> and signs of aging.<\/p>\n<p>&nbsp;<\/p>\n<h3>Why do I trust the brand Salvia Cosmetics?<\/h3>\n<p>I really like that the Salvia Cosmetics brand is backed by people with a passion for nature. These are vegan cosmetics created with full confidence in their quality. <strong>positive effects on the skin and the environment<\/strong>, without animal testing and with respect for the environment.<\/p>\n<p>Salvia Cosmetics products also feature carefully formulated active ingredients that fight the signs of aging and help keep your skin healthy and radiant.<\/p>\n<p>I know that this is a brand that creates its products with people like me. On the one hand, its creators care about our planet, and on the other hand, they want to consciously and ethically use the power that natural ingredients give. I believe that at the moment this is one of the best beauty options on our market, and I am happy to share it with you.<\/p>\n<p>&nbsp;<\/p>\n<h3>Product composition<\/h3>\n<p><em>Aqua, Squalane, Caprylic\/Capric Triglyceride, Glycerin, Oenothera Biennis (Evening Primrose) Oil, Glyceryl Stearate Citrate, Glyceryl Stearate, Cetearyl Olivate, Trehalose, Betaine, Helianthus Annuus (Sunflower) Seed Oil, Sorbitan Olivate, Cetearyl Alcohol, Theobroma Cacao Seed Butter, Butyrospermum Parkii (Shea) Butter, Helianthus Annuus (Sunflower) Seed Wax, Ficus Carica Fruit Extract, Tocopherol, Centella Asiatica Root Extract, Ceramide NP, Avena Sativa (Oat) Kernel Extract, Arctium Lappa (Burdock) Root Extract, Cellulose, Citric Acid, Xanthan Gum, Benzyl Alcohol, Dehydroacetic Acid, Potassium Sorbate, Sodium Benzoate, Parfum, Alpha-Isomethyl Ionone, Hydroxycitronellal, Linalool<\/em><\/p>\n<p>&nbsp;<\/p>\n<h3>How to apply the cream? Installation<\/h3>\n<p>Before applying a face cream with ceramides, take care of proper preparation of the skin.<\/p>\n<ul>\n<li>Start with <strong>thorough cleaning<\/strong> clean your face to remove any debris and allow the active ingredients to penetrate deeper. To properly prepare the skin for the action of the cream, you can use <a href=\"https:\/\/dev1.jogapiekna.comprodukt\/zel-nawilzajacy-do-mycia-twarzy-150ml\/\">moisturizing gel cleanser with gluconolactone 4% from Slavia Cosmetics<\/a>.<\/li>\n<li>After cleansing, gently dry your skin and apply a toner that will restore it to its proper pH.<\/li>\n<li>Then apply a small amount of the cream to the skin, spreading it evenly over the face and neck, avoiding the delicate eye area.<\/li>\n<li>The cream is intended for day care. If necessary, you can also use it overnight.<\/li>\n<\/ul>\n<p>After completing the app, you can apply <strong>gentle facial massage<\/strong>which stimulates microcirculation and enhances the effect of the cream.<\/p>\n<p>Look <a href=\"https:\/\/www.youtube.com\/watch?v=g5bKiy08uW8\">short video about a quick facial massage<\/a>. Learn how you can integrate massage techniques into your daily care routine. Remember that <strong>a minute is enough<\/strong>to maximize the potential of the cream you apply!<\/p>\n<p>Regular use of the cream in combination with massage will not only increase its effectiveness, but also provide a moment of relaxation and relaxation, and this is an additional advantage of your daily care.<\/p>","protected":false},"excerpt":{"rendered":"<p>Have you noticed that your complexion has recently become more dull, even grayish? Perhaps this is a matter of drying out and changing atmospheric conditions. Check out my offer of a cream with ceramides and cica that nourishes your skin and restores its natural barrier. It applies it itself in the form <strong>protective shield<\/strong>.<\/p>\n<ul>\n<li>Regenerate irritated and dry skin<\/li>\n<li>Protection from harmful external factors<\/li>\n<li>Aroma: fresh, figgy<\/li>\n<li>Capacity: 50ml<\/li>\n<li>Usage: per day<\/li>\n<\/ul>","protected":false},"featured_media":193586,"comment_status":"closed","ping_status":"closed","template":"","meta":{"_acf_changed":false,"site-sidebar-layout":"default","site-content-layout":"","ast-site-content-layout":"default","site-content-style":"default","site-sidebar-style":"default","ast-global-header-display":"","ast-banner-title-visibility":"","ast-main-header-display":"","ast-hfb-above-header-display":"","ast-hfb-below-header-display":"","ast-hfb-mobile-header-display":"","site-post-title":"","ast-breadcrumbs-content":"","ast-featured-img":"","footer-sml-layout":"","ast-disable-related-posts":"","theme-transparent-header-meta":"default","adv-header-id-meta":"","stick-header-meta":"","header-above-stick-meta":"","header-main-stick-meta":"","header-below-stick-meta":"","astra-migrate-meta-layouts":"set","ast-page-background-enabled":"default","ast-page-background-meta":{"desktop":{"background-color":"var(--ast-global-color-5)","background-image":"","background-repeat":"repeat","background-position":"center center","background-size":"auto","background-attachment":"scroll","background-type":"","background-media":"","overlay-type":"","overlay-color":"","overlay-opacity":"","overlay-gradient":""},"tablet":{"background-color":"","background-image":"","background-repeat":"repeat","background-position":"center center","background-size":"auto","background-attachment":"scroll","background-type":"","background-media":"","overlay-type":"","overlay-color":"","overlay-opacity":"","overlay-gradient":""},"mobile":{"background-color":"","background-image":"","background-repeat":"repeat","background-position":"center center","background-size":"auto","background-attachment":"scroll","background-type":"","background-media":"","overlay-type":"","overlay-color":"","overlay-opacity":"","overlay-gradient":""}},"ast-content-background-meta":{"desktop":{"background-color":"var(--ast-global-color-4)","background-image":"","background-repeat":"repeat","background-position":"center center","background-size":"auto","background-attachment":"scroll","background-type":"","background-media":"","overlay-type":"","overlay-color":"","overlay-opacity":"","overlay-gradient":""},"tablet":{"background-color":"var(--ast-global-color-4)","background-image":"","background-repeat":"repeat","background-position":"center center","background-size":"auto","background-attachment":"scroll","background-type":"","background-media":"","overlay-type":"","overlay-color":"","overlay-opacity":"","overlay-gradient":""},"mobile":{"background-color":"var(--ast-global-color-4)","background-image":"","background-repeat":"repeat","background-position":"center center","background-size":"auto","background-attachment":"scroll","background-type":"","background-media":"","overlay-type":"","overlay-color":"","overlay-opacity":"","overlay-gradient":""}}},"product_brand":[],"product_cat":[331],"product_tag":[],"class_list":{"0":"post-158297","1":"product","2":"type-product","3":"status-publish","4":"has-post-thumbnail","6":"product_cat-kosmetyki","7":"desktop-align-left","8":"tablet-align-left","9":"mobile-align-left","11":"first","12":"instock","13":"taxable","14":"shipping-taxable","15":"purchasable","16":"product-type-simple"},"acf":[],"yoast_head":"<!-- This site is optimized with the Yoast SEO plugin v27.1.1 - https:\/\/yoast.com\/product\/yoast-seo-wordpress\/ -->\n<title>Ceramidowa Moc Nawil\u017cenia \u2022 Krem do twarzy odbudowa i regeneracja Slavia Cosmetics \u2022 50 ml<\/title>\n<meta name=\"robots\" content=\"index, follow, max-snippet:-1, max-image-preview:large, max-video-preview:-1\" \/>\n<link rel=\"canonical\" href=\"https:\/\/dev1.jogapiekna.com\/en\/product\/ceramidowa-moc-nawilzenia-krem-do-twarzy-50ml\/\" \/>\n<meta property=\"og:locale\" content=\"en_GB\" \/>\n<meta property=\"og:type\" content=\"article\" \/>\n<meta property=\"og:title\" content=\"Ceramidowa Moc Nawil\u017cenia \u2022 Krem do twarzy odbudowa i regeneracja Slavia Cosmetics \u2022 50 ml\" \/>\n<meta property=\"og:description\" content=\"Zauwa\u017cy\u0142a\u015b, \u017ce Twoja cera ostatnio zrobi\u0142a si\u0119 bardziej matowa, wr\u0119cz szarawa? By\u0107 mo\u017ce jest to kwestia przesuszenia i zmieniaj\u0105cych si\u0119 warunkach atmosferycznych. Sprawd\u017a moj\u0105 propozycj\u0119 kremu z ceramidami i cica, kt\u00f3ry od\u017cywi Twoj\u0105 sk\u00f3r\u0119 i odbuduje jej naturaln\u0105 barier\u0119. Sama stosuj\u0119 go w formie piel\u0119gnacyjnej tarczy ochronnej.   Regeneracja podra\u017cnionej i przesuszonej sk\u00f3ry  Ochrona przed szkodliwymi czynnikami zewn\u0119trznymi  Zapach: \u015bwie\u017cy, figowy  Pojemno\u015b\u0107: 50 ml  Stosowanie: na dzie\u0144\" \/>\n<meta property=\"og:url\" content=\"https:\/\/dev1.jogapiekna.com\/en\/product\/ceramidowa-moc-nawilzenia-krem-do-twarzy-50ml\/\" \/>\n<meta property=\"og:site_name\" content=\"JOGA PI\u0118KNA | Joga Twarzy\" \/>\n<meta property=\"article:publisher\" content=\"https:\/\/www.facebook.com\/JogaPieknaCom\/\" \/>\n<meta property=\"article:modified_time\" content=\"2026-03-11T13:13:03+00:00\" \/>\n<meta property=\"og:image\" content=\"https:\/\/dev1.jogapiekna.com\/wp-content\/uploads\/2024\/02\/Ceramidowy-krem-do-twarzy-50ml-slavia-nowe-opakowanie.jpg\" \/>\n\t<meta property=\"og:image:width\" content=\"1000\" \/>\n\t<meta property=\"og:image:height\" content=\"1000\" \/>\n\t<meta property=\"og:image:type\" content=\"image\/jpeg\" \/>\n<meta name=\"twitter:card\" content=\"summary_large_image\" \/>\n<meta name=\"twitter:label1\" content=\"Estimated reading time\" \/>\n\t<meta name=\"twitter:data1\" content=\"6 minutes\" \/>\n<script type=\"application\/ld+json\" class=\"yoast-schema-graph\">{\"@context\":\"https:\/\/schema.org\",\"@graph\":[{\"@type\":\"WebPage\",\"@id\":\"https:\/\/dev1.jogapiekna.com\/en\/product\/ceramidowa-moc-nawilzenia-krem-do-twarzy-50ml\/\",\"url\":\"https:\/\/dev1.jogapiekna.com\/en\/product\/ceramidowa-moc-nawilzenia-krem-do-twarzy-50ml\/\",\"name\":\"Ceramidowa Moc Nawil\u017cenia \u2022 Krem do twarzy odbudowa i regeneracja Slavia Cosmetics \u2022 50 ml\",\"isPartOf\":{\"@id\":\"https:\/\/dev1.jogapiekna.com\/#website\"},\"primaryImageOfPage\":{\"@id\":\"https:\/\/dev1.jogapiekna.com\/en\/product\/ceramidowa-moc-nawilzenia-krem-do-twarzy-50ml\/#primaryimage\"},\"image\":{\"@id\":\"https:\/\/dev1.jogapiekna.com\/en\/product\/ceramidowa-moc-nawilzenia-krem-do-twarzy-50ml\/#primaryimage\"},\"thumbnailUrl\":\"https:\/\/dev1.jogapiekna.com\/wp-content\/uploads\/2024\/02\/Ceramidowy-krem-do-twarzy-50ml-slavia-nowe-opakowanie.jpg\",\"datePublished\":\"2024-02-23T07:58:50+00:00\",\"dateModified\":\"2026-03-11T13:13:03+00:00\",\"breadcrumb\":{\"@id\":\"https:\/\/dev1.jogapiekna.com\/en\/product\/ceramidowa-moc-nawilzenia-krem-do-twarzy-50ml\/#breadcrumb\"},\"inLanguage\":\"en-GB\",\"potentialAction\":[{\"@type\":\"ReadAction\",\"target\":[\"https:\/\/dev1.jogapiekna.com\/en\/product\/ceramidowa-moc-nawilzenia-krem-do-twarzy-50ml\/\"]}]},{\"@type\":\"ImageObject\",\"inLanguage\":\"en-GB\",\"@id\":\"https:\/\/dev1.jogapiekna.com\/en\/product\/ceramidowa-moc-nawilzenia-krem-do-twarzy-50ml\/#primaryimage\",\"url\":\"https:\/\/dev1.jogapiekna.com\/wp-content\/uploads\/2024\/02\/Ceramidowy-krem-do-twarzy-50ml-slavia-nowe-opakowanie.jpg\",\"contentUrl\":\"https:\/\/dev1.jogapiekna.com\/wp-content\/uploads\/2024\/02\/Ceramidowy-krem-do-twarzy-50ml-slavia-nowe-opakowanie.jpg\",\"width\":1000,\"height\":1000,\"caption\":\"Ceramidowa Moc Nawil\u017cenia \u2022 Krem do twarzy odbudowa i regeneracja Slavia Cosmetics \u2022 50 ml\"},{\"@type\":\"BreadcrumbList\",\"@id\":\"https:\/\/dev1.jogapiekna.com\/en\/product\/ceramidowa-moc-nawilzenia-krem-do-twarzy-50ml\/#breadcrumb\",\"itemListElement\":[{\"@type\":\"ListItem\",\"position\":1,\"name\":\"Strona g\u0142\u00f3wna\",\"item\":\"https:\/\/dev1.jogapiekna.com\/\"},{\"@type\":\"ListItem\",\"position\":2,\"name\":\"Sklep\",\"item\":\"https:\/\/dev1.jogapiekna.com\/sklep\/\"},{\"@type\":\"ListItem\",\"position\":3,\"name\":\"Ceramidowa moc nawil\u017cenia \u2022 Krem do twarzy odbudowa i regeneracja Slavia Cosmetics \u2022 50 ml\"}]},{\"@type\":\"WebSite\",\"@id\":\"https:\/\/dev1.jogapiekna.com\/#website\",\"url\":\"https:\/\/dev1.jogapiekna.com\/\",\"name\":\"Joga Pi\u0119kna Marta Kuci\u0144ska\",\"description\":\"Joga Pi\u0119kna pomaga kobietom zachowa\u0107 urod\u0119, cofn\u0105\u0107 oznaki up\u0142ywaj\u0105cego czasu i zm\u0119czenia, odzyska\u0107 promienny wygl\u0105d, naturalny u\u015bmiech i popraw\u0119 w\u0142asnej samooceny.\",\"publisher\":{\"@id\":\"https:\/\/dev1.jogapiekna.com\/#organization\"},\"potentialAction\":[{\"@type\":\"SearchAction\",\"target\":{\"@type\":\"EntryPoint\",\"urlTemplate\":\"https:\/\/dev1.jogapiekna.com\/?s={search_term_string}\"},\"query-input\":{\"@type\":\"PropertyValueSpecification\",\"valueRequired\":true,\"valueName\":\"search_term_string\"}}],\"inLanguage\":\"en-GB\"},{\"@type\":\"Organization\",\"@id\":\"https:\/\/dev1.jogapiekna.com\/#organization\",\"name\":\"Joga Pi\u0119kna Marta Kuci\u0144ska\",\"url\":\"https:\/\/dev1.jogapiekna.com\/\",\"logo\":{\"@type\":\"ImageObject\",\"inLanguage\":\"en-GB\",\"@id\":\"https:\/\/dev1.jogapiekna.com\/#\/schema\/logo\/image\/\",\"url\":\"https:\/\/dev1.jogapiekna.com\/wp-content\/uploads\/2022\/09\/joga-piekna-logo_Rka.png\",\"contentUrl\":\"https:\/\/dev1.jogapiekna.com\/wp-content\/uploads\/2022\/09\/joga-piekna-logo_Rka.png\",\"width\":231,\"height\":124,\"caption\":\"Joga Pi\u0119kna Marta Kuci\u0144ska\"},\"image\":{\"@id\":\"https:\/\/dev1.jogapiekna.com\/#\/schema\/logo\/image\/\"},\"sameAs\":[\"https:\/\/www.facebook.com\/JogaPieknaCom\/\",\"https:\/\/www.instagram.com\/jogapieknacom\/\"]}]}<\/script>\n<!-- \/ Yoast SEO plugin. -->","yoast_head_json":{"title":"Ceramidowa Moc Nawil\u017cenia \u2022 Krem do twarzy odbudowa i regeneracja Slavia Cosmetics \u2022 50 ml","robots":{"index":"index","follow":"follow","max-snippet":"max-snippet:-1","max-image-preview":"max-image-preview:large","max-video-preview":"max-video-preview:-1"},"canonical":"https:\/\/dev1.jogapiekna.com\/en\/product\/ceramidowa-moc-nawilzenia-krem-do-twarzy-50ml\/","og_locale":"en_GB","og_type":"article","og_title":"Ceramidowa Moc Nawil\u017cenia \u2022 Krem do twarzy odbudowa i regeneracja Slavia Cosmetics \u2022 50 ml","og_description":"Zauwa\u017cy\u0142a\u015b, \u017ce Twoja cera ostatnio zrobi\u0142a si\u0119 bardziej matowa, wr\u0119cz szarawa? By\u0107 mo\u017ce jest to kwestia przesuszenia i zmieniaj\u0105cych si\u0119 warunkach atmosferycznych. Sprawd\u017a moj\u0105 propozycj\u0119 kremu z ceramidami i cica, kt\u00f3ry od\u017cywi Twoj\u0105 sk\u00f3r\u0119 i odbuduje jej naturaln\u0105 barier\u0119. Sama stosuj\u0119 go w formie piel\u0119gnacyjnej tarczy ochronnej.   Regeneracja podra\u017cnionej i przesuszonej sk\u00f3ry  Ochrona przed szkodliwymi czynnikami zewn\u0119trznymi  Zapach: \u015bwie\u017cy, figowy  Pojemno\u015b\u0107: 50 ml  Stosowanie: na dzie\u0144","og_url":"https:\/\/dev1.jogapiekna.com\/en\/product\/ceramidowa-moc-nawilzenia-krem-do-twarzy-50ml\/","og_site_name":"JOGA PI\u0118KNA | Joga Twarzy","article_publisher":"https:\/\/www.facebook.com\/JogaPieknaCom\/","article_modified_time":"2026-03-11T13:13:03+00:00","og_image":[{"width":1000,"height":1000,"url":"https:\/\/dev1.jogapiekna.com\/wp-content\/uploads\/2024\/02\/Ceramidowy-krem-do-twarzy-50ml-slavia-nowe-opakowanie.jpg","type":"image\/jpeg"}],"twitter_card":"summary_large_image","twitter_misc":{"Estimated reading time":"6 minutes"},"schema":{"@context":"https:\/\/schema.org","@graph":[{"@type":"WebPage","@id":"https:\/\/dev1.jogapiekna.com\/en\/product\/ceramidowa-moc-nawilzenia-krem-do-twarzy-50ml\/","url":"https:\/\/dev1.jogapiekna.com\/en\/product\/ceramidowa-moc-nawilzenia-krem-do-twarzy-50ml\/","name":"Ceramidowa Moc Nawil\u017cenia \u2022 Krem do twarzy odbudowa i regeneracja Slavia Cosmetics \u2022 50 ml","isPartOf":{"@id":"https:\/\/dev1.jogapiekna.com\/#website"},"primaryImageOfPage":{"@id":"https:\/\/dev1.jogapiekna.com\/en\/product\/ceramidowa-moc-nawilzenia-krem-do-twarzy-50ml\/#primaryimage"},"image":{"@id":"https:\/\/dev1.jogapiekna.com\/en\/product\/ceramidowa-moc-nawilzenia-krem-do-twarzy-50ml\/#primaryimage"},"thumbnailUrl":"https:\/\/dev1.jogapiekna.com\/wp-content\/uploads\/2024\/02\/Ceramidowy-krem-do-twarzy-50ml-slavia-nowe-opakowanie.jpg","datePublished":"2024-02-23T07:58:50+00:00","dateModified":"2026-03-11T13:13:03+00:00","breadcrumb":{"@id":"https:\/\/dev1.jogapiekna.com\/en\/product\/ceramidowa-moc-nawilzenia-krem-do-twarzy-50ml\/#breadcrumb"},"inLanguage":"en-GB","potentialAction":[{"@type":"ReadAction","target":["https:\/\/dev1.jogapiekna.com\/en\/product\/ceramidowa-moc-nawilzenia-krem-do-twarzy-50ml\/"]}]},{"@type":"ImageObject","inLanguage":"en-GB","@id":"https:\/\/dev1.jogapiekna.com\/en\/product\/ceramidowa-moc-nawilzenia-krem-do-twarzy-50ml\/#primaryimage","url":"https:\/\/dev1.jogapiekna.com\/wp-content\/uploads\/2024\/02\/Ceramidowy-krem-do-twarzy-50ml-slavia-nowe-opakowanie.jpg","contentUrl":"https:\/\/dev1.jogapiekna.com\/wp-content\/uploads\/2024\/02\/Ceramidowy-krem-do-twarzy-50ml-slavia-nowe-opakowanie.jpg","width":1000,"height":1000,"caption":"Ceramidowa Moc Nawil\u017cenia \u2022 Krem do twarzy odbudowa i regeneracja Slavia Cosmetics \u2022 50 ml"},{"@type":"BreadcrumbList","@id":"https:\/\/dev1.jogapiekna.com\/en\/product\/ceramidowa-moc-nawilzenia-krem-do-twarzy-50ml\/#breadcrumb","itemListElement":[{"@type":"ListItem","position":1,"name":"Strona g\u0142\u00f3wna","item":"https:\/\/dev1.jogapiekna.com\/"},{"@type":"ListItem","position":2,"name":"Sklep","item":"https:\/\/dev1.jogapiekna.com\/sklep\/"},{"@type":"ListItem","position":3,"name":"Ceramidowa moc nawil\u017cenia \u2022 Krem do twarzy odbudowa i regeneracja Slavia Cosmetics \u2022 50 ml"}]},{"@type":"WebSite","@id":"https:\/\/dev1.jogapiekna.com\/#website","url":"https:\/\/dev1.jogapiekna.com\/","name":"Yoga Beauty Marta Kuci\u0144ska","description":"Beauty Yoga helps women to maintain their beauty, reverse the signs of passing time and fatigue, regain a radiant appearance, natural smile and improve their self-esteem.","publisher":{"@id":"https:\/\/dev1.jogapiekna.com\/#organization"},"potentialAction":[{"@type":"SearchAction","target":{"@type":"EntryPoint","urlTemplate":"https:\/\/dev1.jogapiekna.com\/?s={search_term_string}"},"query-input":{"@type":"PropertyValueSpecification","valueRequired":true,"valueName":"search_term_string"}}],"inLanguage":"en-GB"},{"@type":"Organization","@id":"https:\/\/dev1.jogapiekna.com\/#organization","name":"Yoga Beauty Marta Kuci\u0144ska","url":"https:\/\/dev1.jogapiekna.com\/","logo":{"@type":"ImageObject","inLanguage":"en-GB","@id":"https:\/\/dev1.jogapiekna.com\/#\/schema\/logo\/image\/","url":"https:\/\/dev1.jogapiekna.com\/wp-content\/uploads\/2022\/09\/joga-piekna-logo_Rka.png","contentUrl":"https:\/\/dev1.jogapiekna.com\/wp-content\/uploads\/2022\/09\/joga-piekna-logo_Rka.png","width":231,"height":124,"caption":"Joga Pi\u0119kna Marta Kuci\u0144ska"},"image":{"@id":"https:\/\/dev1.jogapiekna.com\/#\/schema\/logo\/image\/"},"sameAs":["https:\/\/www.facebook.com\/JogaPieknaCom\/","https:\/\/www.instagram.com\/jogapieknacom\/"]}]}},"_links":{"self":[{"href":"https:\/\/dev1.jogapiekna.com\/en\/wp-json\/wp\/v2\/product\/158297","targetHints":{"allow":["GET"]}}],"collection":[{"href":"https:\/\/dev1.jogapiekna.com\/en\/wp-json\/wp\/v2\/product"}],"about":[{"href":"https:\/\/dev1.jogapiekna.com\/en\/wp-json\/wp\/v2\/types\/product"}],"replies":[{"embeddable":true,"href":"https:\/\/dev1.jogapiekna.com\/en\/wp-json\/wp\/v2\/comments?post=158297"}],"version-history":[{"count":2,"href":"https:\/\/dev1.jogapiekna.com\/en\/wp-json\/wp\/v2\/product\/158297\/revisions"}],"predecessor-version":[{"id":218983,"href":"https:\/\/dev1.jogapiekna.com\/en\/wp-json\/wp\/v2\/product\/158297\/revisions\/218983"}],"wp:featuredmedia":[{"embeddable":true,"href":"https:\/\/dev1.jogapiekna.com\/en\/wp-json\/wp\/v2\/media\/193586"}],"wp:attachment":[{"href":"https:\/\/dev1.jogapiekna.com\/en\/wp-json\/wp\/v2\/media?parent=158297"}],"wp:term":[{"taxonomy":"product_brand","embeddable":true,"href":"https:\/\/dev1.jogapiekna.com\/en\/wp-json\/wp\/v2\/product_brand?post=158297"},{"taxonomy":"product_cat","embeddable":true,"href":"https:\/\/dev1.jogapiekna.com\/en\/wp-json\/wp\/v2\/product_cat?post=158297"},{"taxonomy":"product_tag","embeddable":true,"href":"https:\/\/dev1.jogapiekna.com\/en\/wp-json\/wp\/v2\/product_tag?post=158297"}],"curies":[{"name":"wp","href":"https:\/\/api.w.org\/{rel}","templated":true}]}}