{"id":126696,"date":"2023-06-10T22:40:52","date_gmt":"2023-06-10T20:40:52","guid":{"rendered":"https:\/\/dev1.jogapiekna.com?post_type=product&#038;p=126696"},"modified":"2026-03-14T14:54:37","modified_gmt":"2026-03-14T13:54:37","slug":"walek-do-masazu-z-iglami-blackroll-needleroller-stymulacja-powiezi","status":"publish","type":"product","link":"https:\/\/dev1.jogapiekna.com\/en\/product\/walek-do-masazu-z-iglami-blackroll-needleroller-stymulacja-powiezi\/","title":{"rendered":"Premium BLACKROLL\u00ae NEEDLEROLLER Needle Roller for face and body massage"},"content":{"rendered":"<p>Looking for a massage roller and acupressure that will allow you to stimulate the scalp, face, neck and whole body? <strong>The BLACKROLL \u00ae NEEDLEROLLER is a premium massager<\/strong>which impresses with its solid execution and functionality.<\/p>\n<p>It&#039;s perfect <strong>for full body massage<\/strong>including the back, shoulders, neck, head, legs, arms, and feet. It works by stimulating active points on the body, i.e. fragments of skin along with subcutaneous tissue, which are a collection of nerves, blood vessels, and connective tissue cells connected together.<\/p>\n<p>Reduces sensitivity to pain, clears nerve transmission and stimulates blood circulation, which brings huge benefits for health and aesthetics.<\/p>\n<p>You can use it for self-relaxing massage, warming up and relaxing your muscles, as well as reducing cellulite, improving the condition and elasticity of the skin, speeding up the healing of scars or eliminating the problem of edema.<\/p>\n<p>&nbsp;<\/p>\n<h2>What does regular use of a massage roller with needles do?<\/h2>\n<p>Do you want to know if you should include a regular needle roller massage in your routine? Of course, yes! He carries it with him <strong>multiple health and wellness benefits<\/strong>.<\/p>\n<p><strong>BLACKROLL\u00ae NEEDLEROLLER<\/strong> it is an effective tool for relaxing muscles, improving flexibility, blood circulation, and reducing cellulite. Effectively breaks down adhesions and muscle tension. Reduces the impact of stress and increases freedom of movement.<br \/>\nThis makes us see more than just the visual regeneration of our skin. We feel better in our body. Swelling disappears, blood circulation improves, which helps to deliver more nutrients and oxygen to the tissues.<\/p>\n<p>&nbsp;<\/p>\n<h3>Roller with needles for cellulite<\/h3>\n<p>Looking for a way to tone your thighs or buttocks? You want to smooth them out while reducing them <strong>hated cellulite<\/strong>? Roller with massage needles <strong>BLACKROLL\u00ae NEEDLEROLLER<\/strong> he is irreplaceable in this matter.<\/p>\n<p>It worked in 3 areas simultaneously:<\/p>\n<ul>\n<li><strong>Allows deep tissue massage<\/strong>by destroying accumulated adhesions and adipose tissue that contribute to the formation of cellulite.<\/li>\n<li><strong>Stimulates the lymphatic system<\/strong>which is responsible for removing toxins and excess fluid from the body.<\/li>\n<li><strong>Improves skin elasticity<\/strong>by stimulating the production of collagen and elastin, which are responsible for its elasticity.<\/li>\n<\/ul>\n<p>&nbsp;<\/p>\n<h3>Roller with needles for the scalp<\/h3>\n<p>Roller with needles <strong>BLACKROLL\u00ae NEEDLEROLLER<\/strong> it can also be used to massage the scalp. Improves blood circulation by providing <strong>more nutrients for your hair follicles and scalp<\/strong>which can promote hair growth.<\/p>\n<p>In addition, it helps to relax tense scalp muscles, which can help people suffering from stress or migraines.<\/p>\n<p>And, finally, of course, it is worth remembering that such a massage <strong>extremely relaxing and relaxing<\/strong>. This helps to improve your overall well-being.<\/p>\n<p>&nbsp;<\/p>\n<h2>Massage effect with BLACKROLL \u00ae NEEDLEROLLER needles<\/h2>\n<ul>\n<li>strengthens the skin and improves its elasticity<\/li>\n<li>production of collagen and elastin<\/li>\n<li>tissue regeneration<\/li>\n<li>headache relief, relaxation<\/li>\n<li>cellulite reduction<\/li>\n<li>accelerating scar healing<\/li>\n<li>lymphatic stimulation, elimination of edema<\/li>\n<li>reduced sensitivity to pain<\/li>\n<li>warm up your muscles before training<\/li>\n<li>thickening hair and suppressing excessive hair loss<\/li>\n<\/ul>\n<p>&nbsp;<\/p>\n<h2>Features of the BLACKROLL \u00ae NEEDLEROLLER Massager<\/h2>\n<ul>\n<li>wide range of applications<\/li>\n<li>high quality components<\/li>\n<li>ease of use<\/li>\n<li>needles made of essential metals for the body: zinc, copper, iron, nickel and silver<\/li>\n<li>guarantees high safety (thanks to the design of needles with bluntly pointed ends)<\/li>\n<\/ul>\n<p>&nbsp;<\/p>\n<h2>How to use the BLACKROLL \u00ae NEEDLEROLLER Massager?<\/h2>\n<ul>\n<li>The duration of one needle massage should be about 10-15 minutes. It should be performed daily for 2 weeks.<\/li>\n<li>The practice can be repeated every 2-4 weeks.<\/li>\n<li>When doing a massage, you have full control over the force of the press. It is best to use medium-intensity massagers.<\/li>\n<\/ul>\n<p>If your skin is very red during the massage, take a break or reduce the intensity of pressure on the skin. You can gently soften the stimulation by applying a thin cloth to the skin.<\/p>\n<p>&nbsp;<\/p>\n<h2>Contraindications to the use of Lyapko massagers<\/h2>\n<ul>\n<li>acute infectious diseases<\/li>\n<li>acute or febrile stages of chronic diseases<\/li>\n<li>acute injuries or illnesses (for example, bone fractures, blood clots, or thrombosis)<\/li>\n<li>decompensated state with cardiovascular, pulmonary, liver, kidney diseases<\/li>\n<li>acute respiratory diseases<\/li>\n<li>varicose veins, acute thrombophlebitis<\/li>\n<li>after surgery, wounds, burns, and frostbite<\/li>\n<li>decompensated diseases of the blood and blood-forming organs<\/li>\n<li>for skin diseases<\/li>\n<li>taking anticoagulants(anticoagulants)<\/li>\n<li>allergy to any metal contained in the massager needles<\/li>\n<li>violation of the integrity of the skin: wounds, burns, frostbite<\/li>\n<li>pregnancy<\/li>\n<\/ul>\n<p>&nbsp;<\/p>\n<h2>How to clean and store a massager with needles?<\/h2>\n<p>The BLACKROLL \u00ae NEEDLEROLLER massager is best cleaned with a disinfectant or soapy water. From time to time, you can additionally apply a brush that thoroughly cleans the needles.<br \/>\nThe metals used to make needles are not made of stainless steel, so it is worth remembering that after washing the massager with water, dry it with a hair dryer or blower.<br \/>\nStore the BLACKROLL \u00ae needle at a temperature of 10 to 40 degrees Celsius. Avoid direct and prolonged exposure to sunlight.<\/p>\n<hr \/>\n<p>A regular massage with elements of acupuncture is a great addition <a href=\"https:\/\/dev1.jogapiekna.comjoga-twarzy\/\">face yoga practice<\/a> classic facial massage. If you want to learn more about it-watch my video: <strong>Using a multi-needle roller for face and neck massage<\/strong><\/p>\n<p><iframe title=\"YouTube video player\" src=\"https:\/\/www.youtube.com\/embed\/B2dcAYEvUes\" width=\"560\" height=\"315\" frameborder=\"0\" allowfullscreen=\"allowfullscreen\"><\/iframe><\/p>","protected":false},"excerpt":{"rendered":"<p>High-end <strong>massage roller with needles<\/strong> The well-known brand BLACKROOL\u00ae is a multifunctional massager that allows you to stimulate the fascia, which leads to the stimulation of blood circulation, tissue nutrition and deep skin regeneration. Accelerates the healing of scars, strengthens the skin, reduces cellulite and stretch marks.<\/p>\n<p>roller dimensions: <strong>26cm x 9cm x 6.5 cm<\/strong><br \/>\nneedle composition: iron, copper, nickel, zinc, silver<\/p>","protected":false},"featured_media":126812,"comment_status":"closed","ping_status":"closed","template":"","meta":{"_acf_changed":false,"site-sidebar-layout":"default","site-content-layout":"","ast-site-content-layout":"default","site-content-style":"default","site-sidebar-style":"default","ast-global-header-display":"","ast-banner-title-visibility":"","ast-main-header-display":"","ast-hfb-above-header-display":"","ast-hfb-below-header-display":"","ast-hfb-mobile-header-display":"","site-post-title":"","ast-breadcrumbs-content":"","ast-featured-img":"","footer-sml-layout":"","ast-disable-related-posts":"","theme-transparent-header-meta":"","adv-header-id-meta":"","stick-header-meta":"","header-above-stick-meta":"","header-main-stick-meta":"","header-below-stick-meta":"","astra-migrate-meta-layouts":"default","ast-page-background-enabled":"default","ast-page-background-meta":{"desktop":{"background-color":"var(--ast-global-color-5)","background-image":"","background-repeat":"repeat","background-position":"center center","background-size":"auto","background-attachment":"scroll","background-type":"","background-media":"","overlay-type":"","overlay-color":"","overlay-opacity":"","overlay-gradient":""},"tablet":{"background-color":"","background-image":"","background-repeat":"repeat","background-position":"center center","background-size":"auto","background-attachment":"scroll","background-type":"","background-media":"","overlay-type":"","overlay-color":"","overlay-opacity":"","overlay-gradient":""},"mobile":{"background-color":"","background-image":"","background-repeat":"repeat","background-position":"center center","background-size":"auto","background-attachment":"scroll","background-type":"","background-media":"","overlay-type":"","overlay-color":"","overlay-opacity":"","overlay-gradient":""}},"ast-content-background-meta":{"desktop":{"background-color":"var(--ast-global-color-4)","background-image":"","background-repeat":"repeat","background-position":"center center","background-size":"auto","background-attachment":"scroll","background-type":"","background-media":"","overlay-type":"","overlay-color":"","overlay-opacity":"","overlay-gradient":""},"tablet":{"background-color":"var(--ast-global-color-4)","background-image":"","background-repeat":"repeat","background-position":"center center","background-size":"auto","background-attachment":"scroll","background-type":"","background-media":"","overlay-type":"","overlay-color":"","overlay-opacity":"","overlay-gradient":""},"mobile":{"background-color":"var(--ast-global-color-4)","background-image":"","background-repeat":"repeat","background-position":"center center","background-size":"auto","background-attachment":"scroll","background-type":"","background-media":"","overlay-type":"","overlay-color":"","overlay-opacity":"","overlay-gradient":""}}},"product_brand":[],"product_cat":[21,619,610,612],"product_tag":[237,41,60,236,259,256,255],"class_list":{"0":"post-126696","1":"product","2":"type-product","3":"status-publish","4":"has-post-thumbnail","6":"product_cat-akcesoria","7":"product_cat-masaz-glowy","8":"product_cat-masaz-twarzy-i-szyi","9":"product_cat-rollery","10":"product_tag-akupresura","11":"product_tag-joga-twarzy","12":"product_tag-masazer-do-twarzy","13":"product_tag-masazer-iglowy","14":"product_tag-odmladzanie","15":"product_tag-pielegnacja-skory","16":"product_tag-pielegnacja-twarzy","17":"desktop-align-left","18":"tablet-align-left","19":"mobile-align-left","21":"first","22":"instock","23":"taxable","24":"shipping-taxable","25":"purchasable","26":"product-type-simple"},"acf":[],"yoast_head":"<!-- This site is optimized with the Yoast SEO plugin v27.1.1 - https:\/\/yoast.com\/product\/yoast-seo-wordpress\/ -->\n<title>Wa\u0142ek do masa\u017cu z ig\u0142ami BLACKROLL\u00ae NEEDLEROLLER<\/title>\n<meta name=\"description\" content=\"Wa\u0142ek do masa\u017cu z ig\u0142ami poprawia kr\u0105\u017cenie krwi i limfy, redukuje opuchlizn\u0119 i cellulit, uj\u0119drnia i odm\u0142adza sk\u00f3r\u0119. Wysoka jako\u015b\u0107. Zam\u00f3w online!\" \/>\n<meta name=\"robots\" content=\"index, follow, max-snippet:-1, max-image-preview:large, max-video-preview:-1\" \/>\n<link rel=\"canonical\" href=\"https:\/\/dev1.jogapiekna.com\/en\/product\/walek-do-masazu-z-iglami-blackroll-needleroller-stymulacja-powiezi\/\" \/>\n<meta property=\"og:locale\" content=\"en_GB\" \/>\n<meta property=\"og:type\" content=\"article\" \/>\n<meta property=\"og:title\" content=\"Wa\u0142ek do masa\u017cu z ig\u0142ami BLACKROLL\u00ae NEEDLEROLLER\" \/>\n<meta property=\"og:description\" content=\"Wa\u0142ek do masa\u017cu z ig\u0142ami poprawia kr\u0105\u017cenie krwi i limfy, redukuje opuchlizn\u0119 i cellulit, uj\u0119drnia i odm\u0142adza sk\u00f3r\u0119. Wysoka jako\u015b\u0107. Zam\u00f3w online!\" \/>\n<meta property=\"og:url\" content=\"https:\/\/dev1.jogapiekna.com\/en\/product\/walek-do-masazu-z-iglami-blackroll-needleroller-stymulacja-powiezi\/\" \/>\n<meta property=\"og:site_name\" content=\"JOGA PI\u0118KNA | Joga Twarzy\" \/>\n<meta property=\"article:publisher\" content=\"https:\/\/www.facebook.com\/JogaPieknaCom\/\" \/>\n<meta property=\"article:modified_time\" content=\"2026-03-14T13:54:37+00:00\" \/>\n<meta property=\"og:image\" content=\"https:\/\/dev1.jogapiekna.com\/wp-content\/uploads\/2023\/06\/Masazer-iglowy-BLACKROLL\u00ae-NEEDLEROLLER-do-masazu-twarzy-szyi-dekoltu_joga-piekna_01.jpg\" \/>\n\t<meta property=\"og:image:width\" content=\"1000\" \/>\n\t<meta property=\"og:image:height\" content=\"1000\" \/>\n\t<meta property=\"og:image:type\" content=\"image\/jpeg\" \/>\n<meta name=\"twitter:card\" content=\"summary_large_image\" \/>\n<meta name=\"twitter:label1\" content=\"Estimated reading time\" \/>\n\t<meta name=\"twitter:data1\" content=\"5 minutes\" \/>\n<script type=\"application\/ld+json\" class=\"yoast-schema-graph\">{\"@context\":\"https:\/\/schema.org\",\"@graph\":[{\"@type\":\"WebPage\",\"@id\":\"https:\/\/dev1.jogapiekna.com\/en\/product\/walek-do-masazu-z-iglami-blackroll-needleroller-stymulacja-powiezi\/\",\"url\":\"https:\/\/dev1.jogapiekna.com\/en\/product\/walek-do-masazu-z-iglami-blackroll-needleroller-stymulacja-powiezi\/\",\"name\":\"Wa\u0142ek do masa\u017cu z ig\u0142ami BLACKROLL\u00ae NEEDLEROLLER\",\"isPartOf\":{\"@id\":\"https:\/\/dev1.jogapiekna.com\/#website\"},\"primaryImageOfPage\":{\"@id\":\"https:\/\/dev1.jogapiekna.com\/en\/product\/walek-do-masazu-z-iglami-blackroll-needleroller-stymulacja-powiezi\/#primaryimage\"},\"image\":{\"@id\":\"https:\/\/dev1.jogapiekna.com\/en\/product\/walek-do-masazu-z-iglami-blackroll-needleroller-stymulacja-powiezi\/#primaryimage\"},\"thumbnailUrl\":\"https:\/\/dev1.jogapiekna.com\/wp-content\/uploads\/2023\/06\/Masazer-iglowy-BLACKROLL\u00ae-NEEDLEROLLER-do-masazu-twarzy-szyi-dekoltu_joga-piekna_01.jpg\",\"datePublished\":\"2023-06-10T20:40:52+00:00\",\"dateModified\":\"2026-03-14T13:54:37+00:00\",\"description\":\"Wa\u0142ek do masa\u017cu z ig\u0142ami poprawia kr\u0105\u017cenie krwi i limfy, redukuje opuchlizn\u0119 i cellulit, uj\u0119drnia i odm\u0142adza sk\u00f3r\u0119. Wysoka jako\u015b\u0107. Zam\u00f3w online!\",\"breadcrumb\":{\"@id\":\"https:\/\/dev1.jogapiekna.com\/en\/product\/walek-do-masazu-z-iglami-blackroll-needleroller-stymulacja-powiezi\/#breadcrumb\"},\"inLanguage\":\"en-GB\",\"potentialAction\":[{\"@type\":\"ReadAction\",\"target\":[\"https:\/\/dev1.jogapiekna.com\/en\/product\/walek-do-masazu-z-iglami-blackroll-needleroller-stymulacja-powiezi\/\"]}]},{\"@type\":\"ImageObject\",\"inLanguage\":\"en-GB\",\"@id\":\"https:\/\/dev1.jogapiekna.com\/en\/product\/walek-do-masazu-z-iglami-blackroll-needleroller-stymulacja-powiezi\/#primaryimage\",\"url\":\"https:\/\/dev1.jogapiekna.com\/wp-content\/uploads\/2023\/06\/Masazer-iglowy-BLACKROLL\u00ae-NEEDLEROLLER-do-masazu-twarzy-szyi-dekoltu_joga-piekna_01.jpg\",\"contentUrl\":\"https:\/\/dev1.jogapiekna.com\/wp-content\/uploads\/2023\/06\/Masazer-iglowy-BLACKROLL\u00ae-NEEDLEROLLER-do-masazu-twarzy-szyi-dekoltu_joga-piekna_01.jpg\",\"width\":1000,\"height\":1000,\"caption\":\"Wa\u0142ek do masa\u017cu z ig\u0142ami BLACKROLL\u00ae NEEDLEROLLER | stymulacja powi\u0119zi\"},{\"@type\":\"BreadcrumbList\",\"@id\":\"https:\/\/dev1.jogapiekna.com\/en\/product\/walek-do-masazu-z-iglami-blackroll-needleroller-stymulacja-powiezi\/#breadcrumb\",\"itemListElement\":[{\"@type\":\"ListItem\",\"position\":1,\"name\":\"Strona g\u0142\u00f3wna\",\"item\":\"https:\/\/dev1.jogapiekna.com\/\"},{\"@type\":\"ListItem\",\"position\":2,\"name\":\"Sklep\",\"item\":\"https:\/\/dev1.jogapiekna.com\/sklep\/\"},{\"@type\":\"ListItem\",\"position\":3,\"name\":\"Wa\u0142ek wieloig\u0142owy Premium BLACKROLL\u00ae NEEDLEROLLER do masa\u017cu twarzy i cia\u0142a\"}]},{\"@type\":\"WebSite\",\"@id\":\"https:\/\/dev1.jogapiekna.com\/#website\",\"url\":\"https:\/\/dev1.jogapiekna.com\/\",\"name\":\"Joga Pi\u0119kna Marta Kuci\u0144ska\",\"description\":\"Joga Pi\u0119kna pomaga kobietom zachowa\u0107 urod\u0119, cofn\u0105\u0107 oznaki up\u0142ywaj\u0105cego czasu i zm\u0119czenia, odzyska\u0107 promienny wygl\u0105d, naturalny u\u015bmiech i popraw\u0119 w\u0142asnej samooceny.\",\"publisher\":{\"@id\":\"https:\/\/dev1.jogapiekna.com\/#organization\"},\"potentialAction\":[{\"@type\":\"SearchAction\",\"target\":{\"@type\":\"EntryPoint\",\"urlTemplate\":\"https:\/\/dev1.jogapiekna.com\/?s={search_term_string}\"},\"query-input\":{\"@type\":\"PropertyValueSpecification\",\"valueRequired\":true,\"valueName\":\"search_term_string\"}}],\"inLanguage\":\"en-GB\"},{\"@type\":\"Organization\",\"@id\":\"https:\/\/dev1.jogapiekna.com\/#organization\",\"name\":\"Joga Pi\u0119kna Marta Kuci\u0144ska\",\"url\":\"https:\/\/dev1.jogapiekna.com\/\",\"logo\":{\"@type\":\"ImageObject\",\"inLanguage\":\"en-GB\",\"@id\":\"https:\/\/dev1.jogapiekna.com\/#\/schema\/logo\/image\/\",\"url\":\"https:\/\/dev1.jogapiekna.com\/wp-content\/uploads\/2022\/09\/joga-piekna-logo_Rka.png\",\"contentUrl\":\"https:\/\/dev1.jogapiekna.com\/wp-content\/uploads\/2022\/09\/joga-piekna-logo_Rka.png\",\"width\":231,\"height\":124,\"caption\":\"Joga Pi\u0119kna Marta Kuci\u0144ska\"},\"image\":{\"@id\":\"https:\/\/dev1.jogapiekna.com\/#\/schema\/logo\/image\/\"},\"sameAs\":[\"https:\/\/www.facebook.com\/JogaPieknaCom\/\",\"https:\/\/www.instagram.com\/jogapieknacom\/\"]}]}<\/script>\n<!-- \/ Yoast SEO plugin. -->","yoast_head_json":{"title":"Wa\u0142ek do masa\u017cu z ig\u0142ami BLACKROLL\u00ae NEEDLEROLLER","description":"Wa\u0142ek do masa\u017cu z ig\u0142ami poprawia kr\u0105\u017cenie krwi i limfy, redukuje opuchlizn\u0119 i cellulit, uj\u0119drnia i odm\u0142adza sk\u00f3r\u0119. Wysoka jako\u015b\u0107. Zam\u00f3w online!","robots":{"index":"index","follow":"follow","max-snippet":"max-snippet:-1","max-image-preview":"max-image-preview:large","max-video-preview":"max-video-preview:-1"},"canonical":"https:\/\/dev1.jogapiekna.com\/en\/product\/walek-do-masazu-z-iglami-blackroll-needleroller-stymulacja-powiezi\/","og_locale":"en_GB","og_type":"article","og_title":"Wa\u0142ek do masa\u017cu z ig\u0142ami BLACKROLL\u00ae NEEDLEROLLER","og_description":"Wa\u0142ek do masa\u017cu z ig\u0142ami poprawia kr\u0105\u017cenie krwi i limfy, redukuje opuchlizn\u0119 i cellulit, uj\u0119drnia i odm\u0142adza sk\u00f3r\u0119. Wysoka jako\u015b\u0107. Zam\u00f3w online!","og_url":"https:\/\/dev1.jogapiekna.com\/en\/product\/walek-do-masazu-z-iglami-blackroll-needleroller-stymulacja-powiezi\/","og_site_name":"JOGA PI\u0118KNA | Joga Twarzy","article_publisher":"https:\/\/www.facebook.com\/JogaPieknaCom\/","article_modified_time":"2026-03-14T13:54:37+00:00","og_image":[{"width":1000,"height":1000,"url":"https:\/\/dev1.jogapiekna.com\/wp-content\/uploads\/2023\/06\/Masazer-iglowy-BLACKROLL\u00ae-NEEDLEROLLER-do-masazu-twarzy-szyi-dekoltu_joga-piekna_01.jpg","type":"image\/jpeg"}],"twitter_card":"summary_large_image","twitter_misc":{"Estimated reading time":"5 minutes"},"schema":{"@context":"https:\/\/schema.org","@graph":[{"@type":"WebPage","@id":"https:\/\/dev1.jogapiekna.com\/en\/product\/walek-do-masazu-z-iglami-blackroll-needleroller-stymulacja-powiezi\/","url":"https:\/\/dev1.jogapiekna.com\/en\/product\/walek-do-masazu-z-iglami-blackroll-needleroller-stymulacja-powiezi\/","name":"Wa\u0142ek do masa\u017cu z ig\u0142ami BLACKROLL\u00ae NEEDLEROLLER","isPartOf":{"@id":"https:\/\/dev1.jogapiekna.com\/#website"},"primaryImageOfPage":{"@id":"https:\/\/dev1.jogapiekna.com\/en\/product\/walek-do-masazu-z-iglami-blackroll-needleroller-stymulacja-powiezi\/#primaryimage"},"image":{"@id":"https:\/\/dev1.jogapiekna.com\/en\/product\/walek-do-masazu-z-iglami-blackroll-needleroller-stymulacja-powiezi\/#primaryimage"},"thumbnailUrl":"https:\/\/dev1.jogapiekna.com\/wp-content\/uploads\/2023\/06\/Masazer-iglowy-BLACKROLL\u00ae-NEEDLEROLLER-do-masazu-twarzy-szyi-dekoltu_joga-piekna_01.jpg","datePublished":"2023-06-10T20:40:52+00:00","dateModified":"2026-03-14T13:54:37+00:00","description":"Wa\u0142ek do masa\u017cu z ig\u0142ami poprawia kr\u0105\u017cenie krwi i limfy, redukuje opuchlizn\u0119 i cellulit, uj\u0119drnia i odm\u0142adza sk\u00f3r\u0119. Wysoka jako\u015b\u0107. Zam\u00f3w online!","breadcrumb":{"@id":"https:\/\/dev1.jogapiekna.com\/en\/product\/walek-do-masazu-z-iglami-blackroll-needleroller-stymulacja-powiezi\/#breadcrumb"},"inLanguage":"en-GB","potentialAction":[{"@type":"ReadAction","target":["https:\/\/dev1.jogapiekna.com\/en\/product\/walek-do-masazu-z-iglami-blackroll-needleroller-stymulacja-powiezi\/"]}]},{"@type":"ImageObject","inLanguage":"en-GB","@id":"https:\/\/dev1.jogapiekna.com\/en\/product\/walek-do-masazu-z-iglami-blackroll-needleroller-stymulacja-powiezi\/#primaryimage","url":"https:\/\/dev1.jogapiekna.com\/wp-content\/uploads\/2023\/06\/Masazer-iglowy-BLACKROLL\u00ae-NEEDLEROLLER-do-masazu-twarzy-szyi-dekoltu_joga-piekna_01.jpg","contentUrl":"https:\/\/dev1.jogapiekna.com\/wp-content\/uploads\/2023\/06\/Masazer-iglowy-BLACKROLL\u00ae-NEEDLEROLLER-do-masazu-twarzy-szyi-dekoltu_joga-piekna_01.jpg","width":1000,"height":1000,"caption":"Wa\u0142ek do masa\u017cu z ig\u0142ami BLACKROLL\u00ae NEEDLEROLLER | stymulacja powi\u0119zi"},{"@type":"BreadcrumbList","@id":"https:\/\/dev1.jogapiekna.com\/en\/product\/walek-do-masazu-z-iglami-blackroll-needleroller-stymulacja-powiezi\/#breadcrumb","itemListElement":[{"@type":"ListItem","position":1,"name":"Strona g\u0142\u00f3wna","item":"https:\/\/dev1.jogapiekna.com\/"},{"@type":"ListItem","position":2,"name":"Sklep","item":"https:\/\/dev1.jogapiekna.com\/sklep\/"},{"@type":"ListItem","position":3,"name":"Wa\u0142ek wieloig\u0142owy Premium BLACKROLL\u00ae NEEDLEROLLER do masa\u017cu twarzy i cia\u0142a"}]},{"@type":"WebSite","@id":"https:\/\/dev1.jogapiekna.com\/#website","url":"https:\/\/dev1.jogapiekna.com\/","name":"Yoga Beauty Marta Kuci\u0144ska","description":"Beauty Yoga helps women to maintain their beauty, reverse the signs of passing time and fatigue, regain a radiant appearance, natural smile and improve their self-esteem.","publisher":{"@id":"https:\/\/dev1.jogapiekna.com\/#organization"},"potentialAction":[{"@type":"SearchAction","target":{"@type":"EntryPoint","urlTemplate":"https:\/\/dev1.jogapiekna.com\/?s={search_term_string}"},"query-input":{"@type":"PropertyValueSpecification","valueRequired":true,"valueName":"search_term_string"}}],"inLanguage":"en-GB"},{"@type":"Organization","@id":"https:\/\/dev1.jogapiekna.com\/#organization","name":"Yoga Beauty Marta Kuci\u0144ska","url":"https:\/\/dev1.jogapiekna.com\/","logo":{"@type":"ImageObject","inLanguage":"en-GB","@id":"https:\/\/dev1.jogapiekna.com\/#\/schema\/logo\/image\/","url":"https:\/\/dev1.jogapiekna.com\/wp-content\/uploads\/2022\/09\/joga-piekna-logo_Rka.png","contentUrl":"https:\/\/dev1.jogapiekna.com\/wp-content\/uploads\/2022\/09\/joga-piekna-logo_Rka.png","width":231,"height":124,"caption":"Joga Pi\u0119kna Marta Kuci\u0144ska"},"image":{"@id":"https:\/\/dev1.jogapiekna.com\/#\/schema\/logo\/image\/"},"sameAs":["https:\/\/www.facebook.com\/JogaPieknaCom\/","https:\/\/www.instagram.com\/jogapieknacom\/"]}]}},"_links":{"self":[{"href":"https:\/\/dev1.jogapiekna.com\/en\/wp-json\/wp\/v2\/product\/126696","targetHints":{"allow":["GET"]}}],"collection":[{"href":"https:\/\/dev1.jogapiekna.com\/en\/wp-json\/wp\/v2\/product"}],"about":[{"href":"https:\/\/dev1.jogapiekna.com\/en\/wp-json\/wp\/v2\/types\/product"}],"replies":[{"embeddable":true,"href":"https:\/\/dev1.jogapiekna.com\/en\/wp-json\/wp\/v2\/comments?post=126696"}],"version-history":[{"count":2,"href":"https:\/\/dev1.jogapiekna.com\/en\/wp-json\/wp\/v2\/product\/126696\/revisions"}],"predecessor-version":[{"id":126697,"href":"https:\/\/dev1.jogapiekna.com\/en\/wp-json\/wp\/v2\/product\/126696\/revisions\/126697"}],"wp:featuredmedia":[{"embeddable":true,"href":"https:\/\/dev1.jogapiekna.com\/en\/wp-json\/wp\/v2\/media\/126812"}],"wp:attachment":[{"href":"https:\/\/dev1.jogapiekna.com\/en\/wp-json\/wp\/v2\/media?parent=126696"}],"wp:term":[{"taxonomy":"product_brand","embeddable":true,"href":"https:\/\/dev1.jogapiekna.com\/en\/wp-json\/wp\/v2\/product_brand?post=126696"},{"taxonomy":"product_cat","embeddable":true,"href":"https:\/\/dev1.jogapiekna.com\/en\/wp-json\/wp\/v2\/product_cat?post=126696"},{"taxonomy":"product_tag","embeddable":true,"href":"https:\/\/dev1.jogapiekna.com\/en\/wp-json\/wp\/v2\/product_tag?post=126696"}],"curies":[{"name":"wp","href":"https:\/\/api.w.org\/{rel}","templated":true}]}}