{"id":125373,"date":"2023-05-25T11:49:15","date_gmt":"2023-05-25T09:49:15","guid":{"rendered":"https:\/\/dev1.jogapiekna.com?post_type=product&#038;p=125373"},"modified":"2026-03-08T23:22:21","modified_gmt":"2026-03-08T22:22:21","slug":"masazer-3d-z-rozowym-kwarcem-zloty","status":"publish","type":"product","link":"https:\/\/dev1.jogapiekna.com\/en\/product\/masazer-3d-z-rozowym-kwarcem-zloty\/","title":{"rendered":"Rose Quartz 3D Face Lift Massager * Beauty yoga"},"content":{"rendered":"<p>Looking for a premium natural solid facial massager? Do you want to model your facial features in a natural way, reduce sagging and ensure excellent skin condition of the face, neck and decollete? 3D lifting massager with quartz heads will quickly make visible changes to the appearance of the skin. Regular massages will emphasize the line of the cheeks and jaw, eliminate the problem of puffiness on the face, reduce dark circles under the eyes and bring a number of additional benefits.<\/p>\n<h4>Luxury facial massager for the demanding<\/h4>\n<p>The 3D quartz facial massager is a truly robust, luxurious product. The handle is made of dyed, elegant stainless steel. The rotating spheres are natural pink quartz, known as the stone of love. You receive the product in an aesthetically pleasing pouch and box. It is <strong>perfect gift for demanding women<\/strong> - natural care lovers who pay great attention to detail.<\/p>\n<p>What is also important-the aesthetic, luxurious appearance of the massager is combined with its action. The rotating quartz spheres strongly stimulate the tissues, stimulating blood flow and lymphatic circulation. They make the skin radiant and oxygenated. Along with regular massages, it begins to tighten and strengthen, which, in fact, acts as anti-aging procedures that form the lines of the face.<\/p>\n<h4>Rose Quartz Rotating Heads-action<\/h4>\n<p>What are the properties of rose quartz, from which the heads are made? This is a semi-precious stone that is associated with the heart chakra. It has wonderful soothing properties. Relieves complaints related to cardiovascular and heart diseases. Improves the immune system. Improves memory and adds energy. Helps in the treatment of migraines and other headaches. It has a therapeutic effect on the psychophysical state-relieves anxiety, internal tension and nervousness, and also reduces stress.<\/p>\n<p><strong>\u2028Rose quartz is the stone for you if:<\/strong><br \/>\n* want to improve your energy aura<br \/>\n* you have a capillary complexion<br \/>\n* you have tired gray skin with no natural glow.<\/p>\n<p>Remember that rose quartz heads are a gift from nature that will not be 100% perfect (may have small defects and color deviation).<\/p>\n<p>&nbsp;<\/p>\n<h4>How does a 3D lifting massager work?<\/h4>\n<ul>\n<li>fabric lifting<\/li>\n<li>lifts drooping eyelids<\/li>\n<li>raises her cheeks<\/li>\n<li>reduces muscle tone<\/li>\n<li>stimulates collagen synthesis<\/li>\n<li>facilitates the outflow of lymph<\/li>\n<li>reduces puffiness<\/li>\n<li>strengthens the skin<\/li>\n<li>smoothes wrinkles<\/li>\n<li>improves blood circulation<\/li>\n<li>reduces dark circles under the eyes<\/li>\n<li>helps remove toxins<\/li>\n<\/ul>\n<p>Use the 3D quartz massager on your face, jaw, decollete, and neck and back. If you want to learn my massage technique, be sure to check out this video tutorial:<\/p>\n<p><iframe title=\"YouTube video player\" src=\"https:\/\/www.youtube.com\/embed\/AGXdN3fZQYA\" width=\"800\" height=\"450\" frameborder=\"0\" allowfullscreen=\"allowfullscreen\"><\/iframe><\/p>\n<h4>Preparing the skin for a facelift 3D massage<\/h4>\n<p>Before starting the massage, it is necessary to thoroughly clean the skin of the face and decollete. For a massage, you can apply a small amount of serum and wait until it is completely absorbed. <strong>Attention!<\/strong> It is not recommended to use massage oils.<\/p>\n<h4>How to use a massager with quartz heads? Get acquainted with my technique.<\/h4>\n<p>Massage using a 3D massager with quartz heads starts each time from the upper parts of the face, gradually going down in accordance with the direction of the arrows-Fig. 1<br \/>\nA very important element of massage is the consistent outflow of excess lymph to the main lymph vessels located in the clavicular region. To do this, we make a smooth movement with the 3D massager, starting from the center of the chin to the ear along the jaw line, and then draw it down to the collarbone-Fig. 2 Such a massage should last approx. 10-15 minutes.<\/p>\n<p>The massager is also suitable for small parts of the body, such as the neck or shoulders.<br \/>\n<img fetchpriority=\"high\" decoding=\"async\" class=\"alignleft size-full wp-image-10662\" src=\"https:\/\/dev1.jogapiekna.comwp-content\/uploads\/2019\/02\/masazer3D\u2013instrukcja_2.jpg\" alt=\"jak u\u017cywa\u0107 masa\u017cera 3D \u2013 instrukcja\" width=\"694\" height=\"460\" \/><\/p>\n<p>If you have additional questions or want to use <a href=\"https:\/\/dev1.jogapiekna.comkategoria-produktu\/kursy-i-konsultacje\/konsultacje-indywidualne\/\" target=\"_blank\" rel=\"noopener\">individual consultations<\/a>during which I will teach you how to perform a manual facial massage \u2013 I invite you to contact.<\/p>","protected":false},"excerpt":{"rendered":"<p>How to strongly tone the skin and shape the oval of the face without invasive procedures? <strong>3D Face Lifting Massager<\/strong> completed with two rotating quartz balls, it will allow you to perform a highly stimulating anti-aging massage. It will smooth out fine lines, reduce sagging and model the oval of the face, giving you the effect as after a series of aesthetic procedures.<\/p>\n<p>Attention! The rotating spheres are made of a natural mineral with a diverse structure. You may notice scratches inside the quartz heads, which does not mean that they are damaged. This is their natural structure, which does not affect the quality of the product in any way.<\/p>\n<p><strong>Colour:<\/strong> golden<br \/>\n<strong>Composition:<\/strong> handle-painted stainless steel,<br \/>\n<strong>Heads:<\/strong> natural stone-rose quartz<br \/>\n<strong>Massager size:<\/strong> 14.2 cm x 5.1 cm<br \/>\n<strong>Head size:<\/strong> 2 cm x 2.1 cm<br \/>\n<strong>Massager weight:<\/strong> Good. 160 g<br \/>\n<strong>Package dimensions:<\/strong> 19 x 8 x 4.5 cm<br \/>\n<strong>Weight with package:<\/strong> 280 g<\/p>\n<p>The massager comes complete with a large Yoga Beauty fabric bag and is packaged in a decorative box.<\/p>","protected":false},"featured_media":125417,"comment_status":"closed","ping_status":"closed","template":"","meta":{"_acf_changed":false,"site-sidebar-layout":"default","site-content-layout":"","ast-site-content-layout":"default","site-content-style":"default","site-sidebar-style":"default","ast-global-header-display":"","ast-banner-title-visibility":"","ast-main-header-display":"","ast-hfb-above-header-display":"","ast-hfb-below-header-display":"","ast-hfb-mobile-header-display":"","site-post-title":"","ast-breadcrumbs-content":"","ast-featured-img":"","footer-sml-layout":"","ast-disable-related-posts":"","theme-transparent-header-meta":"default","adv-header-id-meta":"","stick-header-meta":"","header-above-stick-meta":"","header-main-stick-meta":"","header-below-stick-meta":"","astra-migrate-meta-layouts":"set","ast-page-background-enabled":"default","ast-page-background-meta":{"desktop":{"background-color":"var(--ast-global-color-5)","background-image":"","background-repeat":"repeat","background-position":"center center","background-size":"auto","background-attachment":"scroll","background-type":"","background-media":"","overlay-type":"","overlay-color":"","overlay-opacity":"","overlay-gradient":""},"tablet":{"background-color":"","background-image":"","background-repeat":"repeat","background-position":"center center","background-size":"auto","background-attachment":"scroll","background-type":"","background-media":"","overlay-type":"","overlay-color":"","overlay-opacity":"","overlay-gradient":""},"mobile":{"background-color":"","background-image":"","background-repeat":"repeat","background-position":"center center","background-size":"auto","background-attachment":"scroll","background-type":"","background-media":"","overlay-type":"","overlay-color":"","overlay-opacity":"","overlay-gradient":""}},"ast-content-background-meta":{"desktop":{"background-color":"var(--ast-global-color-4)","background-image":"","background-repeat":"repeat","background-position":"center center","background-size":"auto","background-attachment":"scroll","background-type":"","background-media":"","overlay-type":"","overlay-color":"","overlay-opacity":"","overlay-gradient":""},"tablet":{"background-color":"var(--ast-global-color-4)","background-image":"","background-repeat":"repeat","background-position":"center center","background-size":"auto","background-attachment":"scroll","background-type":"","background-media":"","overlay-type":"","overlay-color":"","overlay-opacity":"","overlay-gradient":""},"mobile":{"background-color":"var(--ast-global-color-4)","background-image":"","background-repeat":"repeat","background-position":"center center","background-size":"auto","background-attachment":"scroll","background-type":"","background-media":"","overlay-type":"","overlay-color":"","overlay-opacity":"","overlay-gradient":""}}},"product_brand":[],"product_cat":[21,611,610,612],"product_tag":[41,225,61,60,259,256,255],"class_list":{"0":"post-125373","1":"product","2":"type-product","3":"status-publish","4":"has-post-thumbnail","6":"product_cat-akcesoria","7":"product_cat-gua-sha-rollery","8":"product_cat-masaz-twarzy-i-szyi","9":"product_cat-rollery","10":"product_tag-joga-twarzy","11":"product_tag-kwarc-rozowy","12":"product_tag-masazer-3d","13":"product_tag-masazer-do-twarzy","14":"product_tag-odmladzanie","15":"product_tag-pielegnacja-skory","16":"product_tag-pielegnacja-twarzy","17":"desktop-align-left","18":"tablet-align-left","19":"mobile-align-left","21":"first","22":"instock","23":"taxable","24":"shipping-taxable","25":"purchasable","26":"product-type-simple"},"acf":[],"yoast_head":"<!-- This site is optimized with the Yoast SEO plugin v27.1.1 - https:\/\/yoast.com\/product\/yoast-seo-wordpress\/ -->\n<title>Masa\u017cer liftinguj\u0105cy do twarzy 3D z kwarcem | wysoka jako\u015b\u0107<\/title>\n<meta name=\"description\" content=\"Solidny, luksusowy masa\u017cer 3D o dzia\u0142aniu liftinguj\u0105cym posiada dwie naturalne, kwarcowe g\u0142owice, kt\u00f3re umo\u017cliwiaj\u0105 siln\u0105 stymulacj\u0119 tkanek. Zam\u00f3w online.\u00a0\" \/>\n<meta name=\"robots\" content=\"index, follow, max-snippet:-1, max-image-preview:large, max-video-preview:-1\" \/>\n<link rel=\"canonical\" href=\"https:\/\/dev1.jogapiekna.com\/en\/product\/masazer-3d-z-rozowym-kwarcem-zloty\/\" \/>\n<meta property=\"og:locale\" content=\"en_GB\" \/>\n<meta property=\"og:type\" content=\"article\" \/>\n<meta property=\"og:title\" content=\"Masa\u017cer liftinguj\u0105cy do twarzy 3D z kwarcem | wysoka jako\u015b\u0107\" \/>\n<meta property=\"og:description\" content=\"Solidny, luksusowy masa\u017cer 3D o dzia\u0142aniu liftinguj\u0105cym posiada dwie naturalne, kwarcowe g\u0142owice, kt\u00f3re umo\u017cliwiaj\u0105 siln\u0105 stymulacj\u0119 tkanek. Zam\u00f3w online.\u00a0\" \/>\n<meta property=\"og:url\" content=\"https:\/\/dev1.jogapiekna.com\/en\/product\/masazer-3d-z-rozowym-kwarcem-zloty\/\" \/>\n<meta property=\"og:site_name\" content=\"JOGA PI\u0118KNA | Joga Twarzy\" \/>\n<meta property=\"article:publisher\" content=\"https:\/\/www.facebook.com\/JogaPieknaCom\/\" \/>\n<meta property=\"article:modified_time\" content=\"2026-03-08T22:22:21+00:00\" \/>\n<meta property=\"og:image\" content=\"https:\/\/dev1.jogapiekna.com\/wp-content\/uploads\/2023\/05\/Masazer-3D-z-rozowym-kwarcem-do-liftingu-twarzy-JogaPiekna-kolor-zloty_01.jpg\" \/>\n\t<meta property=\"og:image:width\" content=\"1000\" \/>\n\t<meta property=\"og:image:height\" content=\"1000\" \/>\n\t<meta property=\"og:image:type\" content=\"image\/jpeg\" \/>\n<meta name=\"twitter:card\" content=\"summary_large_image\" \/>\n<meta name=\"twitter:label1\" content=\"Estimated reading time\" \/>\n\t<meta name=\"twitter:data1\" content=\"4 minutes\" \/>\n<script type=\"application\/ld+json\" class=\"yoast-schema-graph\">{\"@context\":\"https:\/\/schema.org\",\"@graph\":[{\"@type\":\"WebPage\",\"@id\":\"https:\/\/dev1.jogapiekna.com\/produkt\/masazer-3d-z-rozowym-kwarcem-zloty\/\",\"url\":\"https:\/\/dev1.jogapiekna.com\/produkt\/masazer-3d-z-rozowym-kwarcem-zloty\/\",\"name\":\"Masa\u017cer liftinguj\u0105cy do twarzy 3D z kwarcem | wysoka jako\u015b\u0107\",\"isPartOf\":{\"@id\":\"https:\/\/dev1.jogapiekna.com\/#website\"},\"primaryImageOfPage\":{\"@id\":\"https:\/\/dev1.jogapiekna.com\/produkt\/masazer-3d-z-rozowym-kwarcem-zloty\/#primaryimage\"},\"image\":{\"@id\":\"https:\/\/dev1.jogapiekna.com\/produkt\/masazer-3d-z-rozowym-kwarcem-zloty\/#primaryimage\"},\"thumbnailUrl\":\"https:\/\/dev1.jogapiekna.com\/wp-content\/uploads\/2023\/05\/Masazer-3D-z-rozowym-kwarcem-do-liftingu-twarzy-JogaPiekna-kolor-zloty_01.jpg\",\"datePublished\":\"2023-05-25T09:49:15+00:00\",\"dateModified\":\"2026-03-08T22:22:21+00:00\",\"description\":\"Solidny, luksusowy masa\u017cer 3D o dzia\u0142aniu liftinguj\u0105cym posiada dwie naturalne, kwarcowe g\u0142owice, kt\u00f3re umo\u017cliwiaj\u0105 siln\u0105 stymulacj\u0119 tkanek. Zam\u00f3w online.\u00a0\",\"breadcrumb\":{\"@id\":\"https:\/\/dev1.jogapiekna.com\/produkt\/masazer-3d-z-rozowym-kwarcem-zloty\/#breadcrumb\"},\"inLanguage\":\"en-GB\",\"potentialAction\":[{\"@type\":\"ReadAction\",\"target\":[\"https:\/\/dev1.jogapiekna.com\/produkt\/masazer-3d-z-rozowym-kwarcem-zloty\/\"]}]},{\"@type\":\"ImageObject\",\"inLanguage\":\"en-GB\",\"@id\":\"https:\/\/dev1.jogapiekna.com\/produkt\/masazer-3d-z-rozowym-kwarcem-zloty\/#primaryimage\",\"url\":\"https:\/\/dev1.jogapiekna.com\/wp-content\/uploads\/2023\/05\/Masazer-3D-z-rozowym-kwarcem-do-liftingu-twarzy-JogaPiekna-kolor-zloty_01.jpg\",\"contentUrl\":\"https:\/\/dev1.jogapiekna.com\/wp-content\/uploads\/2023\/05\/Masazer-3D-z-rozowym-kwarcem-do-liftingu-twarzy-JogaPiekna-kolor-zloty_01.jpg\",\"width\":1000,\"height\":1000,\"caption\":\"Masa\u017cer 3D z r\u00f3\u017cowym kwarcem do liftingu twarzy - Joga Piekna\"},{\"@type\":\"BreadcrumbList\",\"@id\":\"https:\/\/dev1.jogapiekna.com\/produkt\/masazer-3d-z-rozowym-kwarcem-zloty\/#breadcrumb\",\"itemListElement\":[{\"@type\":\"ListItem\",\"position\":1,\"name\":\"Strona g\u0142\u00f3wna\",\"item\":\"https:\/\/dev1.jogapiekna.com\/\"},{\"@type\":\"ListItem\",\"position\":2,\"name\":\"Sklep\",\"item\":\"https:\/\/dev1.jogapiekna.com\/sklep\/\"},{\"@type\":\"ListItem\",\"position\":3,\"name\":\"Masa\u017cer 3D z r\u00f3\u017cowym kwarcem do liftingu twarzy \u2022 Joga Pi\u0119kna\"}]},{\"@type\":\"WebSite\",\"@id\":\"https:\/\/dev1.jogapiekna.com\/#website\",\"url\":\"https:\/\/dev1.jogapiekna.com\/\",\"name\":\"Joga Pi\u0119kna Marta Kuci\u0144ska\",\"description\":\"Joga Pi\u0119kna pomaga kobietom zachowa\u0107 urod\u0119, cofn\u0105\u0107 oznaki up\u0142ywaj\u0105cego czasu i zm\u0119czenia, odzyska\u0107 promienny wygl\u0105d, naturalny u\u015bmiech i popraw\u0119 w\u0142asnej samooceny.\",\"publisher\":{\"@id\":\"https:\/\/dev1.jogapiekna.com\/#organization\"},\"potentialAction\":[{\"@type\":\"SearchAction\",\"target\":{\"@type\":\"EntryPoint\",\"urlTemplate\":\"https:\/\/dev1.jogapiekna.com\/?s={search_term_string}\"},\"query-input\":{\"@type\":\"PropertyValueSpecification\",\"valueRequired\":true,\"valueName\":\"search_term_string\"}}],\"inLanguage\":\"en-GB\"},{\"@type\":\"Organization\",\"@id\":\"https:\/\/dev1.jogapiekna.com\/#organization\",\"name\":\"Joga Pi\u0119kna Marta Kuci\u0144ska\",\"url\":\"https:\/\/dev1.jogapiekna.com\/\",\"logo\":{\"@type\":\"ImageObject\",\"inLanguage\":\"en-GB\",\"@id\":\"https:\/\/dev1.jogapiekna.com\/#\/schema\/logo\/image\/\",\"url\":\"https:\/\/dev1.jogapiekna.com\/wp-content\/uploads\/2022\/09\/joga-piekna-logo_Rka.png\",\"contentUrl\":\"https:\/\/dev1.jogapiekna.com\/wp-content\/uploads\/2022\/09\/joga-piekna-logo_Rka.png\",\"width\":231,\"height\":124,\"caption\":\"Joga Pi\u0119kna Marta Kuci\u0144ska\"},\"image\":{\"@id\":\"https:\/\/dev1.jogapiekna.com\/#\/schema\/logo\/image\/\"},\"sameAs\":[\"https:\/\/www.facebook.com\/JogaPieknaCom\/\",\"https:\/\/www.instagram.com\/jogapieknacom\/\"]}]}<\/script>\n<!-- \/ Yoast SEO plugin. -->","yoast_head_json":{"title":"Masa\u017cer liftinguj\u0105cy do twarzy 3D z kwarcem | wysoka jako\u015b\u0107","description":"Solidny, luksusowy masa\u017cer 3D o dzia\u0142aniu liftinguj\u0105cym posiada dwie naturalne, kwarcowe g\u0142owice, kt\u00f3re umo\u017cliwiaj\u0105 siln\u0105 stymulacj\u0119 tkanek. Zam\u00f3w online.\u00a0","robots":{"index":"index","follow":"follow","max-snippet":"max-snippet:-1","max-image-preview":"max-image-preview:large","max-video-preview":"max-video-preview:-1"},"canonical":"https:\/\/dev1.jogapiekna.com\/en\/product\/masazer-3d-z-rozowym-kwarcem-zloty\/","og_locale":"en_GB","og_type":"article","og_title":"Masa\u017cer liftinguj\u0105cy do twarzy 3D z kwarcem | wysoka jako\u015b\u0107","og_description":"Solidny, luksusowy masa\u017cer 3D o dzia\u0142aniu liftinguj\u0105cym posiada dwie naturalne, kwarcowe g\u0142owice, kt\u00f3re umo\u017cliwiaj\u0105 siln\u0105 stymulacj\u0119 tkanek. Zam\u00f3w online.\u00a0","og_url":"https:\/\/dev1.jogapiekna.com\/en\/product\/masazer-3d-z-rozowym-kwarcem-zloty\/","og_site_name":"JOGA PI\u0118KNA | Joga Twarzy","article_publisher":"https:\/\/www.facebook.com\/JogaPieknaCom\/","article_modified_time":"2026-03-08T22:22:21+00:00","og_image":[{"width":1000,"height":1000,"url":"https:\/\/dev1.jogapiekna.com\/wp-content\/uploads\/2023\/05\/Masazer-3D-z-rozowym-kwarcem-do-liftingu-twarzy-JogaPiekna-kolor-zloty_01.jpg","type":"image\/jpeg"}],"twitter_card":"summary_large_image","twitter_misc":{"Estimated reading time":"4 minutes"},"schema":{"@context":"https:\/\/schema.org","@graph":[{"@type":"WebPage","@id":"https:\/\/dev1.jogapiekna.com\/produkt\/masazer-3d-z-rozowym-kwarcem-zloty\/","url":"https:\/\/dev1.jogapiekna.com\/produkt\/masazer-3d-z-rozowym-kwarcem-zloty\/","name":"Masa\u017cer liftinguj\u0105cy do twarzy 3D z kwarcem | wysoka jako\u015b\u0107","isPartOf":{"@id":"https:\/\/dev1.jogapiekna.com\/#website"},"primaryImageOfPage":{"@id":"https:\/\/dev1.jogapiekna.com\/produkt\/masazer-3d-z-rozowym-kwarcem-zloty\/#primaryimage"},"image":{"@id":"https:\/\/dev1.jogapiekna.com\/produkt\/masazer-3d-z-rozowym-kwarcem-zloty\/#primaryimage"},"thumbnailUrl":"https:\/\/dev1.jogapiekna.com\/wp-content\/uploads\/2023\/05\/Masazer-3D-z-rozowym-kwarcem-do-liftingu-twarzy-JogaPiekna-kolor-zloty_01.jpg","datePublished":"2023-05-25T09:49:15+00:00","dateModified":"2026-03-08T22:22:21+00:00","description":"Solidny, luksusowy masa\u017cer 3D o dzia\u0142aniu liftinguj\u0105cym posiada dwie naturalne, kwarcowe g\u0142owice, kt\u00f3re umo\u017cliwiaj\u0105 siln\u0105 stymulacj\u0119 tkanek. Zam\u00f3w online.\u00a0","breadcrumb":{"@id":"https:\/\/dev1.jogapiekna.com\/produkt\/masazer-3d-z-rozowym-kwarcem-zloty\/#breadcrumb"},"inLanguage":"en-GB","potentialAction":[{"@type":"ReadAction","target":["https:\/\/dev1.jogapiekna.com\/produkt\/masazer-3d-z-rozowym-kwarcem-zloty\/"]}]},{"@type":"ImageObject","inLanguage":"en-GB","@id":"https:\/\/dev1.jogapiekna.com\/produkt\/masazer-3d-z-rozowym-kwarcem-zloty\/#primaryimage","url":"https:\/\/dev1.jogapiekna.com\/wp-content\/uploads\/2023\/05\/Masazer-3D-z-rozowym-kwarcem-do-liftingu-twarzy-JogaPiekna-kolor-zloty_01.jpg","contentUrl":"https:\/\/dev1.jogapiekna.com\/wp-content\/uploads\/2023\/05\/Masazer-3D-z-rozowym-kwarcem-do-liftingu-twarzy-JogaPiekna-kolor-zloty_01.jpg","width":1000,"height":1000,"caption":"Masa\u017cer 3D z r\u00f3\u017cowym kwarcem do liftingu twarzy - Joga Piekna"},{"@type":"BreadcrumbList","@id":"https:\/\/dev1.jogapiekna.com\/produkt\/masazer-3d-z-rozowym-kwarcem-zloty\/#breadcrumb","itemListElement":[{"@type":"ListItem","position":1,"name":"Strona g\u0142\u00f3wna","item":"https:\/\/dev1.jogapiekna.com\/"},{"@type":"ListItem","position":2,"name":"Sklep","item":"https:\/\/dev1.jogapiekna.com\/sklep\/"},{"@type":"ListItem","position":3,"name":"Masa\u017cer 3D z r\u00f3\u017cowym kwarcem do liftingu twarzy \u2022 Joga Pi\u0119kna"}]},{"@type":"WebSite","@id":"https:\/\/dev1.jogapiekna.com\/#website","url":"https:\/\/dev1.jogapiekna.com\/","name":"Yoga Beauty Marta Kuci\u0144ska","description":"Beauty Yoga helps women to maintain their beauty, reverse the signs of passing time and fatigue, regain a radiant appearance, natural smile and improve their self-esteem.","publisher":{"@id":"https:\/\/dev1.jogapiekna.com\/#organization"},"potentialAction":[{"@type":"SearchAction","target":{"@type":"EntryPoint","urlTemplate":"https:\/\/dev1.jogapiekna.com\/?s={search_term_string}"},"query-input":{"@type":"PropertyValueSpecification","valueRequired":true,"valueName":"search_term_string"}}],"inLanguage":"en-GB"},{"@type":"Organization","@id":"https:\/\/dev1.jogapiekna.com\/#organization","name":"Yoga Beauty Marta Kuci\u0144ska","url":"https:\/\/dev1.jogapiekna.com\/","logo":{"@type":"ImageObject","inLanguage":"en-GB","@id":"https:\/\/dev1.jogapiekna.com\/#\/schema\/logo\/image\/","url":"https:\/\/dev1.jogapiekna.com\/wp-content\/uploads\/2022\/09\/joga-piekna-logo_Rka.png","contentUrl":"https:\/\/dev1.jogapiekna.com\/wp-content\/uploads\/2022\/09\/joga-piekna-logo_Rka.png","width":231,"height":124,"caption":"Joga Pi\u0119kna Marta Kuci\u0144ska"},"image":{"@id":"https:\/\/dev1.jogapiekna.com\/#\/schema\/logo\/image\/"},"sameAs":["https:\/\/www.facebook.com\/JogaPieknaCom\/","https:\/\/www.instagram.com\/jogapieknacom\/"]}]}},"_links":{"self":[{"href":"https:\/\/dev1.jogapiekna.com\/en\/wp-json\/wp\/v2\/product\/125373","targetHints":{"allow":["GET"]}}],"collection":[{"href":"https:\/\/dev1.jogapiekna.com\/en\/wp-json\/wp\/v2\/product"}],"about":[{"href":"https:\/\/dev1.jogapiekna.com\/en\/wp-json\/wp\/v2\/types\/product"}],"replies":[{"embeddable":true,"href":"https:\/\/dev1.jogapiekna.com\/en\/wp-json\/wp\/v2\/comments?post=125373"}],"version-history":[{"count":1,"href":"https:\/\/dev1.jogapiekna.com\/en\/wp-json\/wp\/v2\/product\/125373\/revisions"}],"predecessor-version":[{"id":210792,"href":"https:\/\/dev1.jogapiekna.com\/en\/wp-json\/wp\/v2\/product\/125373\/revisions\/210792"}],"wp:featuredmedia":[{"embeddable":true,"href":"https:\/\/dev1.jogapiekna.com\/en\/wp-json\/wp\/v2\/media\/125417"}],"wp:attachment":[{"href":"https:\/\/dev1.jogapiekna.com\/en\/wp-json\/wp\/v2\/media?parent=125373"}],"wp:term":[{"taxonomy":"product_brand","embeddable":true,"href":"https:\/\/dev1.jogapiekna.com\/en\/wp-json\/wp\/v2\/product_brand?post=125373"},{"taxonomy":"product_cat","embeddable":true,"href":"https:\/\/dev1.jogapiekna.com\/en\/wp-json\/wp\/v2\/product_cat?post=125373"},{"taxonomy":"product_tag","embeddable":true,"href":"https:\/\/dev1.jogapiekna.com\/en\/wp-json\/wp\/v2\/product_tag?post=125373"}],"curies":[{"name":"wp","href":"https:\/\/api.w.org\/{rel}","templated":true}]}}