{"id":125371,"date":"2023-05-25T11:45:52","date_gmt":"2023-05-25T09:45:52","guid":{"rendered":"https:\/\/dev1.jogapiekna.com?post_type=product&#038;p=125371"},"modified":"2026-03-18T12:05:32","modified_gmt":"2026-03-18T11:05:32","slug":"duzy-masazer-gua-sha-z-kwarcu-bialego","status":"publish","type":"product","link":"https:\/\/dev1.jogapiekna.com\/en\/product\/duzy-masazer-gua-sha-z-kwarcu-bialego\/","title":{"rendered":"Large rhinestone gua sha massager * energy stone"},"content":{"rendered":"<p>Gua sha is an ancient Chinese massage technique that involves scraping the skin with a special plate and preferably a natural stone. It is a natural method of rejuvenation that aims to improve blood circulation, reduce muscle tone, help with lymph drainage, and relieve various ailments such as muscle aches or swelling.<\/p>\n<p>Today, gua sha massage is no longer only used in traditional Chinese medicine. They are constantly included in the repertoire of natural methods of skin rejuvenation and stimulation.<\/p>\n<p>The large gua sha Stone that you can order here works <strong>when massaging large areas of the skin<\/strong> for example, the cheeks, neck, forehead, decollete, and other parts of the body, such as the shoulders, thighs, buttocks, waist, or stomach.<\/p>\n<p>This allows you to stimulate a large area of the skin at a given moment, which is significant <strong>speeds up the entire massage process<\/strong>. Large gua sha stones are most often obtained by caregivers who have less time for regular massages.<\/p>\n<p>&nbsp;<\/p>\n<h2>Natural Rhinestone Gua SHA Massager<\/h2>\n<p>Want to know which gua sha massager to choose? First of all, you should know the characteristics of this raw material. The large Gua Sha massager that you can order here is made of rock crystal, that is, white quartz.<\/p>\n<p><strong>White quartz is known for its cleansing properties<\/strong>this means that it can help remove toxins and dirt from the surface of the skin. This stone is also associated with a calming effect on the body and mind, which promotes relaxation during massage. According to beliefs, it attracts positive energy and cleanses the aura, providing protection from negative external influences.<\/p>\n<p>&nbsp;<\/p>\n<h2>Gua sha-what are the effects?<\/h2>\n<ul>\n<li>strengthens the skin<\/li>\n<li>removes toxins<\/li>\n<li>stimulates collagen synthesis<\/li>\n<li>models the body<\/li>\n<li>reduces puffiness and the effect of heavy feet<\/li>\n<li>reduces cellulite<\/li>\n<li>it strongly stimulates the circulation of blood and lymph, which contributes to better oxygen saturation and nutrition of the skin<\/li>\n<li>relaxes, builds balance and harmony<\/li>\n<li>supports faster removal of toxins<\/li>\n<\/ul>\n<p>&nbsp;<\/p>\n<h2>How to prepare your skin for a gua sha stone massage?<\/h2>\n<p>Before starting the massage, it is necessary to thoroughly clean the massaged area of the skin. To get a massage, apply a serum \/ oil or your favorite moisturizer. We can also use essential oils for massage.<\/p>\n<p>If in doubt, take a look here: <a href=\"https:\/\/dev1.jogapiekna.comjakie-kosmetyki-do-masazu-twarzy-sa-najlepsze\/\">which massage cosmetics are the best<\/a>.<\/p>\n<p>&nbsp;<\/p>\n<h2>Gua sha-contraindications<\/h2>\n<ul>\n<li>damaged skin<\/li>\n<li>damaged veins<\/li>\n<li>highly capillary skin<\/li>\n<li>moles<\/li>\n<li>cuts and bruises<\/li>\n<li>extensive acne lesions<\/li>\n<li>rosacea in the active phase<\/li>\n<li>cancer diseases<\/li>\n<\/ul>\n<p>&nbsp;<\/p>\n<h2>How to wash a large rhinestone gua sha massager?<\/h2>\n<p>The large quartz gua sha massager should be washed with warm water and soap after each use. From time to time, it is worth soaking them in salt water, first exposing the stones to sunlight. This allows you to charge them and clear them of negative energy.<\/p>\n<p>&nbsp;<\/p>\n<h2>What shape and size of gua sha should I choose? Watch the video I&#039;ve prepared for you<\/h2>\n<p><iframe title=\"YouTube video player\" src=\"https:\/\/www.youtube.com\/embed\/8x1oU3b5hB8?si=pl1V6YN9CqMIN18b\" width=\"560\" height=\"315\" frameborder=\"0\" allowfullscreen=\"allowfullscreen\"><\/iframe><\/p>\n<p>&nbsp;<\/p>\n<h2>How to do a body massage with a large gua sha plate?<\/h2>\n<ul>\n<li>Prepare your body for a gua sha massage, for example, with a few simple stretching exercises or a warm shower.<\/li>\n<li>Apply oil or cream to the skin.<\/li>\n<li>Take a gua sha plate and start gently moving it over the skin according to the direction of blood flow and lymph flow. You can start with the neck and shoulders, and then move on to the rest of the body, such as the thighs, thighs, and calves.<\/li>\n<li>Make movements from top to bottom and from the center of the body to the sides.<\/li>\n<li>Avoid pressing the plate too hard on your skin and muscles, which can cause pain or bruising.<\/li>\n<li>Do the movements for 5-10 minutes on each part of the body, depending on your needs and preferences.<\/li>\n<li>Finally, relax and let your body absorb the benefits of the massage.<\/li>\n<\/ul>\n<p>&nbsp;<\/p>\n<h2>How to massage your face with a large gua sha plate?<\/h2>\n<ul>\n<li>Gua sha facial massage with a large stone is basically not much different from a standard plate massage.<\/li>\n<li>You can even get a massage every day if you massage yourself gently and briefly (a few minutes). A stronger and longer massage (about 15-20 minutes) is recommended two, maximum three times a week.<\/li>\n<li>Plate massage <strong>each time we start with the upper part of the face.<\/strong>, gradually going down in the direction of the arrows-Fig. 1 and along the numbered steps.<\/li>\n<\/ul>\n<p>&nbsp;<br \/>\n<img decoding=\"async\" class=\"alignleft size-full wp-image-10664\" src=\"https:\/\/dev1.jogapiekna.comwp-content\/uploads\/2020\/01\/kamien-gua-sha_technika.jpg\" alt=\"\" width=\"\u201e399\u201d\" height=\"\u201e600\u201d\" \/><\/p>","protected":false},"excerpt":{"rendered":"<p>Enter in your daily routine <strong>rejuvenating and relaxing facial massage<\/strong> Gua sha, which improves blood circulation and lymph, reduces puffiness and increases skin elasticity. Rock crystal is as beautiful as diamonds. Called <strong>stone of energy and harmony<\/strong>. It has a strong cleansing effect on the body and mind.<\/p>\n<p><strong>Size:<\/strong> 11 cm x 6,5 cm x 0.5cm (+\/- 0.2 cm)<br \/>\n<strong>Group:<\/strong> natural stone-rock crystal<br \/>\n<strong>Country of origin of the stone:<\/strong> Brazil<\/p>","protected":false},"featured_media":125368,"comment_status":"closed","ping_status":"closed","template":"","meta":{"_acf_changed":false,"site-sidebar-layout":"default","site-content-layout":"","ast-site-content-layout":"default","site-content-style":"default","site-sidebar-style":"default","ast-global-header-display":"","ast-banner-title-visibility":"","ast-main-header-display":"","ast-hfb-above-header-display":"","ast-hfb-below-header-display":"","ast-hfb-mobile-header-display":"","site-post-title":"","ast-breadcrumbs-content":"","ast-featured-img":"","footer-sml-layout":"","ast-disable-related-posts":"","theme-transparent-header-meta":"default","adv-header-id-meta":"","stick-header-meta":"","header-above-stick-meta":"","header-main-stick-meta":"","header-below-stick-meta":"","astra-migrate-meta-layouts":"set","ast-page-background-enabled":"default","ast-page-background-meta":{"desktop":{"background-color":"var(--ast-global-color-5)","background-image":"","background-repeat":"repeat","background-position":"center center","background-size":"auto","background-attachment":"scroll","background-type":"","background-media":"","overlay-type":"","overlay-color":"","overlay-opacity":"","overlay-gradient":""},"tablet":{"background-color":"","background-image":"","background-repeat":"repeat","background-position":"center center","background-size":"auto","background-attachment":"scroll","background-type":"","background-media":"","overlay-type":"","overlay-color":"","overlay-opacity":"","overlay-gradient":""},"mobile":{"background-color":"","background-image":"","background-repeat":"repeat","background-position":"center center","background-size":"auto","background-attachment":"scroll","background-type":"","background-media":"","overlay-type":"","overlay-color":"","overlay-opacity":"","overlay-gradient":""}},"ast-content-background-meta":{"desktop":{"background-color":"var(--ast-global-color-4)","background-image":"","background-repeat":"repeat","background-position":"center center","background-size":"auto","background-attachment":"scroll","background-type":"","background-media":"","overlay-type":"","overlay-color":"","overlay-opacity":"","overlay-gradient":""},"tablet":{"background-color":"var(--ast-global-color-4)","background-image":"","background-repeat":"repeat","background-position":"center center","background-size":"auto","background-attachment":"scroll","background-type":"","background-media":"","overlay-type":"","overlay-color":"","overlay-opacity":"","overlay-gradient":""},"mobile":{"background-color":"var(--ast-global-color-4)","background-image":"","background-repeat":"repeat","background-position":"center center","background-size":"auto","background-attachment":"scroll","background-type":"","background-media":"","overlay-type":"","overlay-color":"","overlay-opacity":"","overlay-gradient":""}}},"product_brand":[],"product_cat":[21,611,620,610],"product_tag":[41,208,225,260,60,266,256,255],"class_list":{"0":"post-125371","1":"product","2":"type-product","3":"status-publish","4":"has-post-thumbnail","6":"product_cat-akcesoria","7":"product_cat-gua-sha-rollery","8":"product_cat-masaz-ciala","9":"product_cat-masaz-twarzy-i-szyi","10":"product_tag-joga-twarzy","11":"product_tag-kamien-gua-sha","12":"product_tag-kwarc-rozowy","13":"product_tag-masaz-twarzy","14":"product_tag-masazer-do-twarzy","15":"product_tag-obsydian","16":"product_tag-pielegnacja-skory","17":"product_tag-pielegnacja-twarzy","18":"desktop-align-left","19":"tablet-align-left","20":"mobile-align-left","22":"first","23":"instock","24":"taxable","25":"shipping-taxable","26":"purchasable","27":"product-type-simple"},"acf":[],"yoast_head":"<!-- This site is optimized with the Yoast SEO plugin v27.1.1 - https:\/\/yoast.com\/product\/yoast-seo-wordpress\/ -->\n<title>Gua Sha du\u017cy masa\u017cer z kryszta\u0142u g\u00f3rskiego Joga Pi\u0119kna<\/title>\n<meta name=\"description\" content=\"Zam\u00f3w du\u017cy masa\u017cer Gua Sha z naturalnego kryszta\u0142u g\u00f3rskiego w jasnym, kryszta\u0142owym kolorze. Jest to kamie\u0144 energii, kt\u00f3ry przywraca balans.\" \/>\n<meta name=\"robots\" content=\"index, follow, max-snippet:-1, max-image-preview:large, max-video-preview:-1\" \/>\n<link rel=\"canonical\" href=\"https:\/\/dev1.jogapiekna.com\/en\/product\/duzy-masazer-gua-sha-z-kwarcu-bialego\/\" \/>\n<meta property=\"og:locale\" content=\"en_GB\" \/>\n<meta property=\"og:type\" content=\"article\" \/>\n<meta property=\"og:title\" content=\"Gua Sha du\u017cy masa\u017cer z kryszta\u0142u g\u00f3rskiego Joga Pi\u0119kna\" \/>\n<meta property=\"og:description\" content=\"Zam\u00f3w du\u017cy masa\u017cer Gua Sha z naturalnego kryszta\u0142u g\u00f3rskiego w jasnym, kryszta\u0142owym kolorze. Jest to kamie\u0144 energii, kt\u00f3ry przywraca balans.\" \/>\n<meta property=\"og:url\" content=\"https:\/\/dev1.jogapiekna.com\/en\/product\/duzy-masazer-gua-sha-z-kwarcu-bialego\/\" \/>\n<meta property=\"og:site_name\" content=\"JOGA PI\u0118KNA | Joga Twarzy\" \/>\n<meta property=\"article:publisher\" content=\"https:\/\/www.facebook.com\/JogaPieknaCom\/\" \/>\n<meta property=\"article:modified_time\" content=\"2026-03-18T11:05:32+00:00\" \/>\n<meta property=\"og:image\" content=\"https:\/\/dev1.jogapiekna.com\/wp-content\/uploads\/2023\/05\/duzy-masazer-Gua-Sha-bialy-kwarc-jogapiekna_01.jpg\" \/>\n\t<meta property=\"og:image:width\" content=\"1000\" \/>\n\t<meta property=\"og:image:height\" content=\"1000\" \/>\n\t<meta property=\"og:image:type\" content=\"image\/jpeg\" \/>\n<meta name=\"twitter:card\" content=\"summary_large_image\" \/>\n<meta name=\"twitter:label1\" content=\"Estimated reading time\" \/>\n\t<meta name=\"twitter:data1\" content=\"5 minutes\" \/>\n<script type=\"application\/ld+json\" class=\"yoast-schema-graph\">{\"@context\":\"https:\/\/schema.org\",\"@graph\":[{\"@type\":\"WebPage\",\"@id\":\"https:\/\/dev1.jogapiekna.com\/produkt\/duzy-masazer-gua-sha-z-kwarcu-bialego\/\",\"url\":\"https:\/\/dev1.jogapiekna.com\/produkt\/duzy-masazer-gua-sha-z-kwarcu-bialego\/\",\"name\":\"Gua Sha du\u017cy masa\u017cer z kryszta\u0142u g\u00f3rskiego Joga Pi\u0119kna\",\"isPartOf\":{\"@id\":\"https:\/\/dev1.jogapiekna.com\/#website\"},\"primaryImageOfPage\":{\"@id\":\"https:\/\/dev1.jogapiekna.com\/produkt\/duzy-masazer-gua-sha-z-kwarcu-bialego\/#primaryimage\"},\"image\":{\"@id\":\"https:\/\/dev1.jogapiekna.com\/produkt\/duzy-masazer-gua-sha-z-kwarcu-bialego\/#primaryimage\"},\"thumbnailUrl\":\"https:\/\/dev1.jogapiekna.com\/wp-content\/uploads\/2023\/05\/duzy-masazer-Gua-Sha-bialy-kwarc-jogapiekna_01.jpg\",\"datePublished\":\"2023-05-25T09:45:52+00:00\",\"dateModified\":\"2026-03-18T11:05:32+00:00\",\"description\":\"Zam\u00f3w du\u017cy masa\u017cer Gua Sha z naturalnego kryszta\u0142u g\u00f3rskiego w jasnym, kryszta\u0142owym kolorze. Jest to kamie\u0144 energii, kt\u00f3ry przywraca balans.\",\"breadcrumb\":{\"@id\":\"https:\/\/dev1.jogapiekna.com\/produkt\/duzy-masazer-gua-sha-z-kwarcu-bialego\/#breadcrumb\"},\"inLanguage\":\"en-GB\",\"potentialAction\":[{\"@type\":\"ReadAction\",\"target\":[\"https:\/\/dev1.jogapiekna.com\/produkt\/duzy-masazer-gua-sha-z-kwarcu-bialego\/\"]}]},{\"@type\":\"ImageObject\",\"inLanguage\":\"en-GB\",\"@id\":\"https:\/\/dev1.jogapiekna.com\/produkt\/duzy-masazer-gua-sha-z-kwarcu-bialego\/#primaryimage\",\"url\":\"https:\/\/dev1.jogapiekna.com\/wp-content\/uploads\/2023\/05\/duzy-masazer-Gua-Sha-bialy-kwarc-jogapiekna_01.jpg\",\"contentUrl\":\"https:\/\/dev1.jogapiekna.com\/wp-content\/uploads\/2023\/05\/duzy-masazer-Gua-Sha-bialy-kwarc-jogapiekna_01.jpg\",\"width\":1000,\"height\":1000,\"caption\":\"Du\u017cy masa\u017cer Gua-Sha z kwarcu bia\u0142ego\"},{\"@type\":\"BreadcrumbList\",\"@id\":\"https:\/\/dev1.jogapiekna.com\/produkt\/duzy-masazer-gua-sha-z-kwarcu-bialego\/#breadcrumb\",\"itemListElement\":[{\"@type\":\"ListItem\",\"position\":1,\"name\":\"Strona g\u0142\u00f3wna\",\"item\":\"https:\/\/dev1.jogapiekna.com\/\"},{\"@type\":\"ListItem\",\"position\":2,\"name\":\"Sklep\",\"item\":\"https:\/\/dev1.jogapiekna.com\/sklep\/\"},{\"@type\":\"ListItem\",\"position\":3,\"name\":\"Du\u017cy masa\u017cer Gua-Sha z kryszta\u0142u g\u00f3rskiego \u2022 kamie\u0144 energii\"}]},{\"@type\":\"WebSite\",\"@id\":\"https:\/\/dev1.jogapiekna.com\/#website\",\"url\":\"https:\/\/dev1.jogapiekna.com\/\",\"name\":\"Joga Pi\u0119kna Marta Kuci\u0144ska\",\"description\":\"Joga Pi\u0119kna pomaga kobietom zachowa\u0107 urod\u0119, cofn\u0105\u0107 oznaki up\u0142ywaj\u0105cego czasu i zm\u0119czenia, odzyska\u0107 promienny wygl\u0105d, naturalny u\u015bmiech i popraw\u0119 w\u0142asnej samooceny.\",\"publisher\":{\"@id\":\"https:\/\/dev1.jogapiekna.com\/#organization\"},\"potentialAction\":[{\"@type\":\"SearchAction\",\"target\":{\"@type\":\"EntryPoint\",\"urlTemplate\":\"https:\/\/dev1.jogapiekna.com\/?s={search_term_string}\"},\"query-input\":{\"@type\":\"PropertyValueSpecification\",\"valueRequired\":true,\"valueName\":\"search_term_string\"}}],\"inLanguage\":\"en-GB\"},{\"@type\":\"Organization\",\"@id\":\"https:\/\/dev1.jogapiekna.com\/#organization\",\"name\":\"Joga Pi\u0119kna Marta Kuci\u0144ska\",\"url\":\"https:\/\/dev1.jogapiekna.com\/\",\"logo\":{\"@type\":\"ImageObject\",\"inLanguage\":\"en-GB\",\"@id\":\"https:\/\/dev1.jogapiekna.com\/#\/schema\/logo\/image\/\",\"url\":\"https:\/\/dev1.jogapiekna.com\/wp-content\/uploads\/2022\/09\/joga-piekna-logo_Rka.png\",\"contentUrl\":\"https:\/\/dev1.jogapiekna.com\/wp-content\/uploads\/2022\/09\/joga-piekna-logo_Rka.png\",\"width\":231,\"height\":124,\"caption\":\"Joga Pi\u0119kna Marta Kuci\u0144ska\"},\"image\":{\"@id\":\"https:\/\/dev1.jogapiekna.com\/#\/schema\/logo\/image\/\"},\"sameAs\":[\"https:\/\/www.facebook.com\/JogaPieknaCom\/\",\"https:\/\/www.instagram.com\/jogapieknacom\/\"]}]}<\/script>\n<!-- \/ Yoast SEO plugin. -->","yoast_head_json":{"title":"Gua Sha du\u017cy masa\u017cer z kryszta\u0142u g\u00f3rskiego Joga Pi\u0119kna","description":"Zam\u00f3w du\u017cy masa\u017cer Gua Sha z naturalnego kryszta\u0142u g\u00f3rskiego w jasnym, kryszta\u0142owym kolorze. Jest to kamie\u0144 energii, kt\u00f3ry przywraca balans.","robots":{"index":"index","follow":"follow","max-snippet":"max-snippet:-1","max-image-preview":"max-image-preview:large","max-video-preview":"max-video-preview:-1"},"canonical":"https:\/\/dev1.jogapiekna.com\/en\/product\/duzy-masazer-gua-sha-z-kwarcu-bialego\/","og_locale":"en_GB","og_type":"article","og_title":"Gua Sha du\u017cy masa\u017cer z kryszta\u0142u g\u00f3rskiego Joga Pi\u0119kna","og_description":"Zam\u00f3w du\u017cy masa\u017cer Gua Sha z naturalnego kryszta\u0142u g\u00f3rskiego w jasnym, kryszta\u0142owym kolorze. Jest to kamie\u0144 energii, kt\u00f3ry przywraca balans.","og_url":"https:\/\/dev1.jogapiekna.com\/en\/product\/duzy-masazer-gua-sha-z-kwarcu-bialego\/","og_site_name":"JOGA PI\u0118KNA | Joga Twarzy","article_publisher":"https:\/\/www.facebook.com\/JogaPieknaCom\/","article_modified_time":"2026-03-18T11:05:32+00:00","og_image":[{"width":1000,"height":1000,"url":"https:\/\/dev1.jogapiekna.com\/wp-content\/uploads\/2023\/05\/duzy-masazer-Gua-Sha-bialy-kwarc-jogapiekna_01.jpg","type":"image\/jpeg"}],"twitter_card":"summary_large_image","twitter_misc":{"Estimated reading time":"5 minutes"},"schema":{"@context":"https:\/\/schema.org","@graph":[{"@type":"WebPage","@id":"https:\/\/dev1.jogapiekna.com\/produkt\/duzy-masazer-gua-sha-z-kwarcu-bialego\/","url":"https:\/\/dev1.jogapiekna.com\/produkt\/duzy-masazer-gua-sha-z-kwarcu-bialego\/","name":"Gua Sha du\u017cy masa\u017cer z kryszta\u0142u g\u00f3rskiego Joga Pi\u0119kna","isPartOf":{"@id":"https:\/\/dev1.jogapiekna.com\/#website"},"primaryImageOfPage":{"@id":"https:\/\/dev1.jogapiekna.com\/produkt\/duzy-masazer-gua-sha-z-kwarcu-bialego\/#primaryimage"},"image":{"@id":"https:\/\/dev1.jogapiekna.com\/produkt\/duzy-masazer-gua-sha-z-kwarcu-bialego\/#primaryimage"},"thumbnailUrl":"https:\/\/dev1.jogapiekna.com\/wp-content\/uploads\/2023\/05\/duzy-masazer-Gua-Sha-bialy-kwarc-jogapiekna_01.jpg","datePublished":"2023-05-25T09:45:52+00:00","dateModified":"2026-03-18T11:05:32+00:00","description":"Zam\u00f3w du\u017cy masa\u017cer Gua Sha z naturalnego kryszta\u0142u g\u00f3rskiego w jasnym, kryszta\u0142owym kolorze. Jest to kamie\u0144 energii, kt\u00f3ry przywraca balans.","breadcrumb":{"@id":"https:\/\/dev1.jogapiekna.com\/produkt\/duzy-masazer-gua-sha-z-kwarcu-bialego\/#breadcrumb"},"inLanguage":"en-GB","potentialAction":[{"@type":"ReadAction","target":["https:\/\/dev1.jogapiekna.com\/produkt\/duzy-masazer-gua-sha-z-kwarcu-bialego\/"]}]},{"@type":"ImageObject","inLanguage":"en-GB","@id":"https:\/\/dev1.jogapiekna.com\/produkt\/duzy-masazer-gua-sha-z-kwarcu-bialego\/#primaryimage","url":"https:\/\/dev1.jogapiekna.com\/wp-content\/uploads\/2023\/05\/duzy-masazer-Gua-Sha-bialy-kwarc-jogapiekna_01.jpg","contentUrl":"https:\/\/dev1.jogapiekna.com\/wp-content\/uploads\/2023\/05\/duzy-masazer-Gua-Sha-bialy-kwarc-jogapiekna_01.jpg","width":1000,"height":1000,"caption":"Du\u017cy masa\u017cer Gua-Sha z kwarcu bia\u0142ego"},{"@type":"BreadcrumbList","@id":"https:\/\/dev1.jogapiekna.com\/produkt\/duzy-masazer-gua-sha-z-kwarcu-bialego\/#breadcrumb","itemListElement":[{"@type":"ListItem","position":1,"name":"Strona g\u0142\u00f3wna","item":"https:\/\/dev1.jogapiekna.com\/"},{"@type":"ListItem","position":2,"name":"Sklep","item":"https:\/\/dev1.jogapiekna.com\/sklep\/"},{"@type":"ListItem","position":3,"name":"Du\u017cy masa\u017cer Gua-Sha z kryszta\u0142u g\u00f3rskiego \u2022 kamie\u0144 energii"}]},{"@type":"WebSite","@id":"https:\/\/dev1.jogapiekna.com\/#website","url":"https:\/\/dev1.jogapiekna.com\/","name":"Yoga Beauty Marta Kuci\u0144ska","description":"Beauty Yoga helps women to maintain their beauty, reverse the signs of passing time and fatigue, regain a radiant appearance, natural smile and improve their self-esteem.","publisher":{"@id":"https:\/\/dev1.jogapiekna.com\/#organization"},"potentialAction":[{"@type":"SearchAction","target":{"@type":"EntryPoint","urlTemplate":"https:\/\/dev1.jogapiekna.com\/?s={search_term_string}"},"query-input":{"@type":"PropertyValueSpecification","valueRequired":true,"valueName":"search_term_string"}}],"inLanguage":"en-GB"},{"@type":"Organization","@id":"https:\/\/dev1.jogapiekna.com\/#organization","name":"Yoga Beauty Marta Kuci\u0144ska","url":"https:\/\/dev1.jogapiekna.com\/","logo":{"@type":"ImageObject","inLanguage":"en-GB","@id":"https:\/\/dev1.jogapiekna.com\/#\/schema\/logo\/image\/","url":"https:\/\/dev1.jogapiekna.com\/wp-content\/uploads\/2022\/09\/joga-piekna-logo_Rka.png","contentUrl":"https:\/\/dev1.jogapiekna.com\/wp-content\/uploads\/2022\/09\/joga-piekna-logo_Rka.png","width":231,"height":124,"caption":"Joga Pi\u0119kna Marta Kuci\u0144ska"},"image":{"@id":"https:\/\/dev1.jogapiekna.com\/#\/schema\/logo\/image\/"},"sameAs":["https:\/\/www.facebook.com\/JogaPieknaCom\/","https:\/\/www.instagram.com\/jogapieknacom\/"]}]}},"_links":{"self":[{"href":"https:\/\/dev1.jogapiekna.com\/en\/wp-json\/wp\/v2\/product\/125371","targetHints":{"allow":["GET"]}}],"collection":[{"href":"https:\/\/dev1.jogapiekna.com\/en\/wp-json\/wp\/v2\/product"}],"about":[{"href":"https:\/\/dev1.jogapiekna.com\/en\/wp-json\/wp\/v2\/types\/product"}],"replies":[{"embeddable":true,"href":"https:\/\/dev1.jogapiekna.com\/en\/wp-json\/wp\/v2\/comments?post=125371"}],"version-history":[{"count":2,"href":"https:\/\/dev1.jogapiekna.com\/en\/wp-json\/wp\/v2\/product\/125371\/revisions"}],"predecessor-version":[{"id":157642,"href":"https:\/\/dev1.jogapiekna.com\/en\/wp-json\/wp\/v2\/product\/125371\/revisions\/157642"}],"wp:featuredmedia":[{"embeddable":true,"href":"https:\/\/dev1.jogapiekna.com\/en\/wp-json\/wp\/v2\/media\/125368"}],"wp:attachment":[{"href":"https:\/\/dev1.jogapiekna.com\/en\/wp-json\/wp\/v2\/media?parent=125371"}],"wp:term":[{"taxonomy":"product_brand","embeddable":true,"href":"https:\/\/dev1.jogapiekna.com\/en\/wp-json\/wp\/v2\/product_brand?post=125371"},{"taxonomy":"product_cat","embeddable":true,"href":"https:\/\/dev1.jogapiekna.com\/en\/wp-json\/wp\/v2\/product_cat?post=125371"},{"taxonomy":"product_tag","embeddable":true,"href":"https:\/\/dev1.jogapiekna.com\/en\/wp-json\/wp\/v2\/product_tag?post=125371"}],"curies":[{"name":"wp","href":"https:\/\/api.w.org\/{rel}","templated":true}]}}